{"id":1525,"date":"2015-04-22T09:22:45","date_gmt":"2015-04-22T07:22:45","guid":{"rendered":"http:\/\/www.nyalahotel.biz\/it\/territorio-riviera\/la-riviera-dellolio\/"},"modified":"2024-06-26T11:19:01","modified_gmt":"2024-06-26T09:19:01","slug":"la-riviera-dellolio","status":"publish","type":"page","link":"https:\/\/nyala.info\/it\/escursioni-da-sanremo-la-riviera-in-sette-giorni\/la-riviera-dellolio\/","title":{"rendered":"La Riviera dell&#8217; Olio"},"content":{"rendered":"<p>L&#8217;escursione da Sanremo prevede il tour di Taggia, cittadina di produzione dell&#8217;oliva taggiasca da cui si ricava il pregiato olio evo Riviera Ligure DOP. Il tour enogastronomico di uno dei migliori prodotti tipici della Liguria, continua con visita guidata al frantoio, degustazioni e visita al museo Carli.<\/p>\n<p><strong>Escursione a Taggia e Oneglia in provincia di Imperia.<\/strong><\/p>\n<ul>\n<li>Trasferimento a Taggia lungo la via Aurelia (15 km &#8211; 20&#8242; ca.).<\/li>\n<li>Visita del centro storico medievale, del bel convento di San Domenico e della ricca pinacoteca.<\/li>\n<li>Nell&#8217;are si potr\u00e0 anche visita di uno dei molti frantoi della valle Argentina, che dalla tipica oliva taggiasca ricavano il famoso olio extra-vergine di oliva della Riviera, dove prenotare anche una degustazione di prodotti tipici.<\/li>\n<li>Pausa pranzo e trasferimento ad Imperia lungo la panoramica via Aurelia (20 km &#8211; 25&#8242; ca.).<\/li>\n<li>Ad Oneglia visita del museo dell&#8217;olivo della ditta Carli, unico nel suo genere, con un allestimento all&#8217;avanguardia offre la possibilit\u00e0 di ripercorrere la storia dell&#8217;ingrediente base della dieta mediterranea dall&#8217;antichit\u00e0 ai giorni nostri. Possibilit\u00e0 di shopping nell&#8217;adiacente negozio di prodotti alimentari, ma anche dei prodotti di bellezza derivati dall&#8217;olio.<\/li>\n<li>Rientro in autostrada (30 km &#8211; 40&#8242; ca).L\u2019ESCURSIONE COMPRENDE\n<ul>\n<li>Trasferimento in minibus con autista\/guida.<\/li>\n<\/ul>\n<p>SERVIZI A LA CARTE<\/p>\n<ul>\n<li>Degustazione di prodotti tipici per pranzo in un locale tipico della valle<\/li>\n<\/ul>\n<p>L\u2019ESCURSIONE NON COMPRENDE<\/p>\n<ul>\n<li>i biglietti d\u2019ingresso a musei e attrazioni<\/li>\n<li>i pasti<\/li>\n<li>tutto ci\u00f2 che non sia esplicitamente incluso ne \u201cl\u2019escursione comprende\u201d<\/li>\n<\/ul>\n<\/li>\n<\/ul>\n","protected":false},"excerpt":{"rendered":"<p>L&#8217;escursione da Sanremo prevede il tour di Taggia, cittadina di produzione dell&#8217;oliva taggiasca da cui si ricava il pregiato olio evo Riviera Ligure DOP. Il tour enogastronomico di uno dei migliori prodotti tipici della Liguria, continua con visita guidata al frantoio, degustazioni e visita al museo Carli. Escursione a Taggia e Oneglia in provincia di [&hellip;]<\/p>\n","protected":false},"author":3,"featured_media":1523,"parent":1473,"menu_order":0,"comment_status":"open","ping_status":"closed","template":"","meta":{"_acf_changed":false,"footnotes":""},"class_list":["post-1525","page","type-page","status-publish","has-post-thumbnail","hentry"],"acf":[],"yoast_head":"<!-- This site is optimized with the Yoast SEO plugin v25.6 - https:\/\/yoast.com\/wordpress\/plugins\/seo\/ -->\n<title>La Riviera dell&#039; Olio | Guida ai Servizi | Service Guide NYALA SUITE HOTEL Sanremo<\/title>\n<meta name=\"robots\" content=\"noindex, follow, max-snippet:-1, max-image-preview:large, max-video-preview:-1\" \/>\n<meta property=\"og:locale\" content=\"it_IT\" \/>\n<meta property=\"og:type\" content=\"article\" \/>\n<meta property=\"og:title\" content=\"La Riviera dell&#039; Olio | Guida ai Servizi | Service Guide NYALA SUITE HOTEL Sanremo\" \/>\n<meta property=\"og:description\" content=\"L&#8217;escursione da Sanremo prevede il tour di Taggia, cittadina di produzione dell&#8217;oliva taggiasca da cui si ricava il pregiato olio evo Riviera Ligure DOP. Il tour enogastronomico di uno dei migliori prodotti tipici della Liguria, continua con visita guidata al frantoio, degustazioni e visita al museo Carli. Escursione a Taggia e Oneglia in provincia di [&hellip;]\" \/>\n<meta property=\"og:url\" content=\"https:\/\/nyala.info\/it\/escursioni-da-sanremo-la-riviera-in-sette-giorni\/la-riviera-dellolio\/\" \/>\n<meta property=\"og:site_name\" content=\"Guida ai Servizi | Service Guide\" \/>\n<meta property=\"article:modified_time\" content=\"2024-06-26T09:19:01+00:00\" \/>\n<meta property=\"og:image\" content=\"http:\/\/nyala.info\/wp-content\/uploads\/2015\/04\/olio.jpg\" \/>\n\t<meta property=\"og:image:width\" content=\"1694\" \/>\n\t<meta property=\"og:image:height\" content=\"1122\" \/>\n\t<meta property=\"og:image:type\" content=\"image\/jpeg\" \/>\n<meta name=\"twitter:card\" content=\"summary_large_image\" \/>\n<meta name=\"twitter:label1\" content=\"Est. reading time\" \/>\n\t<meta name=\"twitter:data1\" content=\"2 minutes\" \/>\n<script type=\"application\/ld+json\" class=\"yoast-schema-graph\">{\"@context\":\"https:\/\/schema.org\",\"@graph\":[{\"@type\":\"WebPage\",\"@id\":\"https:\/\/nyala.info\/it\/escursioni-da-sanremo-la-riviera-in-sette-giorni\/la-riviera-dellolio\/\",\"url\":\"https:\/\/nyala.info\/it\/escursioni-da-sanremo-la-riviera-in-sette-giorni\/la-riviera-dellolio\/\",\"name\":\"La Riviera dell' Olio | Guida ai Servizi | Service Guide NYALA SUITE HOTEL Sanremo\",\"isPartOf\":{\"@id\":\"https:\/\/nyala.info\/it\/#website\"},\"primaryImageOfPage\":{\"@id\":\"https:\/\/nyala.info\/it\/escursioni-da-sanremo-la-riviera-in-sette-giorni\/la-riviera-dellolio\/#primaryimage\"},\"image\":{\"@id\":\"https:\/\/nyala.info\/it\/escursioni-da-sanremo-la-riviera-in-sette-giorni\/la-riviera-dellolio\/#primaryimage\"},\"thumbnailUrl\":\"https:\/\/nyala.info\/wp-content\/uploads\/2015\/04\/olio.jpg\",\"datePublished\":\"2015-04-22T07:22:45+00:00\",\"dateModified\":\"2024-06-26T09:19:01+00:00\",\"breadcrumb\":{\"@id\":\"https:\/\/nyala.info\/it\/escursioni-da-sanremo-la-riviera-in-sette-giorni\/la-riviera-dellolio\/#breadcrumb\"},\"inLanguage\":\"it-IT\",\"potentialAction\":[{\"@type\":\"ReadAction\",\"target\":[\"https:\/\/nyala.info\/it\/escursioni-da-sanremo-la-riviera-in-sette-giorni\/la-riviera-dellolio\/\"]}]},{\"@type\":\"ImageObject\",\"inLanguage\":\"it-IT\",\"@id\":\"https:\/\/nyala.info\/it\/escursioni-da-sanremo-la-riviera-in-sette-giorni\/la-riviera-dellolio\/#primaryimage\",\"url\":\"https:\/\/nyala.info\/wp-content\/uploads\/2015\/04\/olio.jpg\",\"contentUrl\":\"https:\/\/nyala.info\/wp-content\/uploads\/2015\/04\/olio.jpg\",\"width\":1694,\"height\":1122,\"caption\":\"olio huile \u00d6LS\"},{\"@type\":\"BreadcrumbList\",\"@id\":\"https:\/\/nyala.info\/it\/escursioni-da-sanremo-la-riviera-in-sette-giorni\/la-riviera-dellolio\/#breadcrumb\",\"itemListElement\":[{\"@type\":\"ListItem\",\"position\":1,\"name\":\"Home\",\"item\":\"https:\/\/nyala.info\/it\/\"},{\"@type\":\"ListItem\",\"position\":2,\"name\":\"Escursioni giornaliere da Sanremo\",\"item\":\"https:\/\/nyala.info\/it\/escursioni-da-sanremo-la-riviera-in-sette-giorni\/\"},{\"@type\":\"ListItem\",\"position\":3,\"name\":\"La Riviera dell&#8217; Olio\"}]},{\"@type\":\"WebSite\",\"@id\":\"https:\/\/nyala.info\/it\/#website\",\"url\":\"https:\/\/nyala.info\/it\/\",\"name\":\"Guida ai Servizi | Service Guide\",\"description\":\"NYALA SUITE HOTEL Sanremo\",\"potentialAction\":[{\"@type\":\"SearchAction\",\"target\":{\"@type\":\"EntryPoint\",\"urlTemplate\":\"https:\/\/nyala.info\/it\/?s={search_term_string}\"},\"query-input\":{\"@type\":\"PropertyValueSpecification\",\"valueRequired\":true,\"valueName\":\"search_term_string\"}}],\"inLanguage\":\"it-IT\"}]}<\/script>\n<!-- \/ Yoast SEO plugin. -->","yoast_head_json":{"title":"La Riviera dell' Olio | Guida ai Servizi | Service Guide NYALA SUITE HOTEL Sanremo","robots":{"index":"noindex","follow":"follow","max-snippet":"max-snippet:-1","max-image-preview":"max-image-preview:large","max-video-preview":"max-video-preview:-1"},"og_locale":"it_IT","og_type":"article","og_title":"La Riviera dell' Olio | Guida ai Servizi | Service Guide NYALA SUITE HOTEL Sanremo","og_description":"L&#8217;escursione da Sanremo prevede il tour di Taggia, cittadina di produzione dell&#8217;oliva taggiasca da cui si ricava il pregiato olio evo Riviera Ligure DOP. Il tour enogastronomico di uno dei migliori prodotti tipici della Liguria, continua con visita guidata al frantoio, degustazioni e visita al museo Carli. Escursione a Taggia e Oneglia in provincia di [&hellip;]","og_url":"https:\/\/nyala.info\/it\/escursioni-da-sanremo-la-riviera-in-sette-giorni\/la-riviera-dellolio\/","og_site_name":"Guida ai Servizi | Service Guide","article_modified_time":"2024-06-26T09:19:01+00:00","og_image":[{"width":1694,"height":1122,"url":"http:\/\/nyala.info\/wp-content\/uploads\/2015\/04\/olio.jpg","type":"image\/jpeg"}],"twitter_card":"summary_large_image","twitter_misc":{"Est. reading time":"2 minutes"},"schema":{"@context":"https:\/\/schema.org","@graph":[{"@type":"WebPage","@id":"https:\/\/nyala.info\/it\/escursioni-da-sanremo-la-riviera-in-sette-giorni\/la-riviera-dellolio\/","url":"https:\/\/nyala.info\/it\/escursioni-da-sanremo-la-riviera-in-sette-giorni\/la-riviera-dellolio\/","name":"La Riviera dell' Olio | Guida ai Servizi | Service Guide NYALA SUITE HOTEL Sanremo","isPartOf":{"@id":"https:\/\/nyala.info\/it\/#website"},"primaryImageOfPage":{"@id":"https:\/\/nyala.info\/it\/escursioni-da-sanremo-la-riviera-in-sette-giorni\/la-riviera-dellolio\/#primaryimage"},"image":{"@id":"https:\/\/nyala.info\/it\/escursioni-da-sanremo-la-riviera-in-sette-giorni\/la-riviera-dellolio\/#primaryimage"},"thumbnailUrl":"https:\/\/nyala.info\/wp-content\/uploads\/2015\/04\/olio.jpg","datePublished":"2015-04-22T07:22:45+00:00","dateModified":"2024-06-26T09:19:01+00:00","breadcrumb":{"@id":"https:\/\/nyala.info\/it\/escursioni-da-sanremo-la-riviera-in-sette-giorni\/la-riviera-dellolio\/#breadcrumb"},"inLanguage":"it-IT","potentialAction":[{"@type":"ReadAction","target":["https:\/\/nyala.info\/it\/escursioni-da-sanremo-la-riviera-in-sette-giorni\/la-riviera-dellolio\/"]}]},{"@type":"ImageObject","inLanguage":"it-IT","@id":"https:\/\/nyala.info\/it\/escursioni-da-sanremo-la-riviera-in-sette-giorni\/la-riviera-dellolio\/#primaryimage","url":"https:\/\/nyala.info\/wp-content\/uploads\/2015\/04\/olio.jpg","contentUrl":"https:\/\/nyala.info\/wp-content\/uploads\/2015\/04\/olio.jpg","width":1694,"height":1122,"caption":"olio huile \u00d6LS"},{"@type":"BreadcrumbList","@id":"https:\/\/nyala.info\/it\/escursioni-da-sanremo-la-riviera-in-sette-giorni\/la-riviera-dellolio\/#breadcrumb","itemListElement":[{"@type":"ListItem","position":1,"name":"Home","item":"https:\/\/nyala.info\/it\/"},{"@type":"ListItem","position":2,"name":"Escursioni giornaliere da Sanremo","item":"https:\/\/nyala.info\/it\/escursioni-da-sanremo-la-riviera-in-sette-giorni\/"},{"@type":"ListItem","position":3,"name":"La Riviera dell&#8217; Olio"}]},{"@type":"WebSite","@id":"https:\/\/nyala.info\/it\/#website","url":"https:\/\/nyala.info\/it\/","name":"Guida ai Servizi | Service Guide","description":"NYALA SUITE HOTEL Sanremo","potentialAction":[{"@type":"SearchAction","target":{"@type":"EntryPoint","urlTemplate":"https:\/\/nyala.info\/it\/?s={search_term_string}"},"query-input":{"@type":"PropertyValueSpecification","valueRequired":true,"valueName":"search_term_string"}}],"inLanguage":"it-IT"}]}},"_links":{"self":[{"href":"https:\/\/nyala.info\/it\/wp-json\/wp\/v2\/pages\/1525"}],"collection":[{"href":"https:\/\/nyala.info\/it\/wp-json\/wp\/v2\/pages"}],"about":[{"href":"https:\/\/nyala.info\/it\/wp-json\/wp\/v2\/types\/page"}],"author":[{"embeddable":true,"href":"https:\/\/nyala.info\/it\/wp-json\/wp\/v2\/users\/3"}],"replies":[{"embeddable":true,"href":"https:\/\/nyala.info\/it\/wp-json\/wp\/v2\/comments?post=1525"}],"version-history":[{"count":10,"href":"https:\/\/nyala.info\/it\/wp-json\/wp\/v2\/pages\/1525\/revisions"}],"predecessor-version":[{"id":7977,"href":"https:\/\/nyala.info\/it\/wp-json\/wp\/v2\/pages\/1525\/revisions\/7977"}],"up":[{"embeddable":true,"href":"https:\/\/nyala.info\/it\/wp-json\/wp\/v2\/pages\/1473"}],"wp:featuredmedia":[{"embeddable":true,"href":"https:\/\/nyala.info\/it\/wp-json\/wp\/v2\/media\/1523"}],"wp:attachment":[{"href":"https:\/\/nyala.info\/it\/wp-json\/wp\/v2\/media?parent=1525"}],"curies":[{"name":"wp","href":"https:\/\/api.w.org\/{rel}","templated":true}]}}