{"id":1508,"date":"2015-04-22T09:25:02","date_gmt":"2015-04-22T09:25:02","guid":{"rendered":"http:\/\/www.nyalahotel.biz\/it\/territorio-riviera\/the-belle-epoque-riviera\/"},"modified":"2024-06-26T11:20:05","modified_gmt":"2024-06-26T09:20:05","slug":"riviera-belle-epoque","status":"publish","type":"page","link":"https:\/\/nyala.info\/it\/escursioni-da-sanremo-la-riviera-in-sette-giorni\/riviera-belle-epoque\/","title":{"rendered":"La Riviera della Bella Epoque"},"content":{"rendered":"<h4>In questa giornata vi porteremo a scoprire la maestosit\u00e0 delle due localit\u00e0 pi\u00f9 rinomate della Costa Azzurra, con un\u2019escursione a Cannes e Nizza.<\/h4>\n<p><span id=\"more-238\"><\/span><br \/>\nPROGRAMMA DELL\u2019ESCURSIONE<\/p>\n<ul>\n<li>Tragitto in autostrada fino a\u00a0<strong>Cannes<\/strong>\u00a0(80 km \u2013 1h ca.).<\/li>\n<li>Sosta lungo la\u00a0<strong>Croisette<\/strong>, con visita al\u00a0<strong>Palazzo del Cinema<\/strong>\u00a0e passeggiata lungo la bellissima promenade dove si affacciano gli eleganti alberghi della belle epoque.<\/li>\n<li>Interessante la\u00a0<strong>gita in battello<\/strong>\u00a0alle isole di\u00a0<strong>Lerins<\/strong>, un parco marino protetto, che pu\u00f2 rappresentare una valida alternativa allo shopping nelle boutiques della citt\u00e0 vecchia.<\/li>\n<li>Pausa pranzo e trasferimento a\u00a0<strong>Nizza<\/strong>\u00a0lungo la costa passando per Juan les Pins e Cap d\u2019Antibes. (30 km \u2013 40\u2032 ca.)<\/li>\n<li>Entrando in citt\u00e0 passando per la Chiesa Russa, lo storico Hotel Negresco e la\u00a0<strong>Promenade des Anglais<\/strong>.<\/li>\n<li>Una sosta nei dintorni della\u00a0<strong>Place Massena<\/strong>\u00a0vi permetter\u00e0 di passeggiare nei caratteristici vicoli della citt\u00e0 vecchia, dove il marted\u00ec e sabato si tiene il mercato dei fiori marted\u00ec e sabato e il luned\u00ec quello delle pulci.<\/li>\n<li>Per gli appassionati d\u2019arte moderna una tappa obbligata \u00e8 il\u00a0<strong>museo di arte contemporanea<\/strong>\u00a0(sempre nella zona della place Massena), come la visita del\u00a0<strong>museo Matisse<\/strong>, che si trova invece a ridosso della zona archeologica di Cimiez.<\/li>\n<li>Rientro lungo la spettacolare Grand Corniche con tappa al borgo medievale di\u00a0<strong>Eze village<\/strong>\u00a0e poi in autostrada. (50 km \u2013 1h ca.)<\/li>\n<\/ul>\n<p>&nbsp;<\/p>\n<p>L\u2019ESCURSIONE COMPRENDE<\/p>\n<ul>\n<li>Trasferimento in minibus con autista\/guida.<\/li>\n<\/ul>\n<p>SERVIZI A LA CARTE<\/p>\n<ul>\n<li>Pranzo in un locale tradizionale o in un locale alla moda in Costa Azzurra<\/li>\n<\/ul>\n<p>L\u2019ESCURSIONE NON COMPRENDE<\/p>\n<ul>\n<li>i biglietti d\u2019ingresso a musei e attrazioni<\/li>\n<li>i pasti<\/li>\n<li>tutto ci\u00f2 che non sia esplicitamente incluso ne \u201cl\u2019escursione comprende\u201d<\/li>\n<\/ul>\n","protected":false},"excerpt":{"rendered":"<p>In questa giornata vi porteremo a scoprire la maestosit\u00e0 delle due localit\u00e0 pi\u00f9 rinomate della Costa Azzurra, con un\u2019escursione a Cannes e Nizza. PROGRAMMA DELL\u2019ESCURSIONE Tragitto in autostrada fino a\u00a0Cannes\u00a0(80 km \u2013 1h ca.). Sosta lungo la\u00a0Croisette, con visita al\u00a0Palazzo del Cinema\u00a0e passeggiata lungo la bellissima promenade dove si affacciano gli eleganti alberghi della belle [&hellip;]<\/p>\n","protected":false},"author":3,"featured_media":1153,"parent":1473,"menu_order":0,"comment_status":"open","ping_status":"open","template":"","meta":{"_acf_changed":false,"footnotes":""},"class_list":["post-1508","page","type-page","status-publish","has-post-thumbnail","hentry"],"acf":[],"yoast_head":"<!-- This site is optimized with the Yoast SEO plugin v25.6 - https:\/\/yoast.com\/wordpress\/plugins\/seo\/ -->\n<title>La Riviera della Bella Epoque | Guida ai Servizi | Service Guide NYALA SUITE HOTEL Sanremo<\/title>\n<meta name=\"description\" content=\"Escursioni nella Riviera italiana e francese. Visita di Cannes e Nizza, musei e villaggi, edifici Belle Epoque. Prenota le escursioni\" \/>\n<meta name=\"robots\" content=\"noindex, follow, max-snippet:-1, max-image-preview:large, max-video-preview:-1\" \/>\n<meta property=\"og:locale\" content=\"it_IT\" \/>\n<meta property=\"og:type\" content=\"article\" \/>\n<meta property=\"og:title\" content=\"La Riviera della Bella Epoque | Guida ai Servizi | Service Guide NYALA SUITE HOTEL Sanremo\" \/>\n<meta property=\"og:description\" content=\"Escursioni nella Riviera italiana e francese. Visita di Cannes e Nizza, musei e villaggi, edifici Belle Epoque. Prenota le escursioni\" \/>\n<meta property=\"og:url\" content=\"https:\/\/nyala.info\/it\/escursioni-da-sanremo-la-riviera-in-sette-giorni\/riviera-belle-epoque\/\" \/>\n<meta property=\"og:site_name\" content=\"Guida ai Servizi | Service Guide\" \/>\n<meta property=\"article:modified_time\" content=\"2024-06-26T09:20:05+00:00\" \/>\n<meta property=\"og:image\" content=\"http:\/\/nyala.info\/wp-content\/uploads\/2015\/04\/museo-oceanografico.jpg\" \/>\n\t<meta property=\"og:image:width\" content=\"900\" \/>\n\t<meta property=\"og:image:height\" content=\"600\" \/>\n\t<meta property=\"og:image:type\" content=\"image\/jpeg\" \/>\n<meta name=\"twitter:card\" content=\"summary_large_image\" \/>\n<meta name=\"twitter:label1\" content=\"Est. reading time\" \/>\n\t<meta name=\"twitter:data1\" content=\"2 minutes\" \/>\n<script type=\"application\/ld+json\" class=\"yoast-schema-graph\">{\"@context\":\"https:\/\/schema.org\",\"@graph\":[{\"@type\":\"WebPage\",\"@id\":\"https:\/\/nyala.info\/it\/escursioni-da-sanremo-la-riviera-in-sette-giorni\/riviera-belle-epoque\/\",\"url\":\"https:\/\/nyala.info\/it\/escursioni-da-sanremo-la-riviera-in-sette-giorni\/riviera-belle-epoque\/\",\"name\":\"La Riviera della Bella Epoque | Guida ai Servizi | Service Guide NYALA SUITE HOTEL Sanremo\",\"isPartOf\":{\"@id\":\"https:\/\/nyala.info\/it\/#website\"},\"primaryImageOfPage\":{\"@id\":\"https:\/\/nyala.info\/it\/escursioni-da-sanremo-la-riviera-in-sette-giorni\/riviera-belle-epoque\/#primaryimage\"},\"image\":{\"@id\":\"https:\/\/nyala.info\/it\/escursioni-da-sanremo-la-riviera-in-sette-giorni\/riviera-belle-epoque\/#primaryimage\"},\"thumbnailUrl\":\"https:\/\/nyala.info\/wp-content\/uploads\/2015\/04\/museo-oceanografico.jpg\",\"datePublished\":\"2015-04-22T09:25:02+00:00\",\"dateModified\":\"2024-06-26T09:20:05+00:00\",\"description\":\"Escursioni nella Riviera italiana e francese. Visita di Cannes e Nizza, musei e villaggi, edifici Belle Epoque. Prenota le escursioni\",\"breadcrumb\":{\"@id\":\"https:\/\/nyala.info\/it\/escursioni-da-sanremo-la-riviera-in-sette-giorni\/riviera-belle-epoque\/#breadcrumb\"},\"inLanguage\":\"it-IT\",\"potentialAction\":[{\"@type\":\"ReadAction\",\"target\":[\"https:\/\/nyala.info\/it\/escursioni-da-sanremo-la-riviera-in-sette-giorni\/riviera-belle-epoque\/\"]}]},{\"@type\":\"ImageObject\",\"inLanguage\":\"it-IT\",\"@id\":\"https:\/\/nyala.info\/it\/escursioni-da-sanremo-la-riviera-in-sette-giorni\/riviera-belle-epoque\/#primaryimage\",\"url\":\"https:\/\/nyala.info\/wp-content\/uploads\/2015\/04\/museo-oceanografico.jpg\",\"contentUrl\":\"https:\/\/nyala.info\/wp-content\/uploads\/2015\/04\/museo-oceanografico.jpg\",\"width\":900,\"height\":600,\"caption\":\"riviera belle epoque, SCH\u00d6NE EPOCHE\"},{\"@type\":\"BreadcrumbList\",\"@id\":\"https:\/\/nyala.info\/it\/escursioni-da-sanremo-la-riviera-in-sette-giorni\/riviera-belle-epoque\/#breadcrumb\",\"itemListElement\":[{\"@type\":\"ListItem\",\"position\":1,\"name\":\"Home\",\"item\":\"https:\/\/nyala.info\/it\/\"},{\"@type\":\"ListItem\",\"position\":2,\"name\":\"Escursioni giornaliere da Sanremo\",\"item\":\"https:\/\/nyala.info\/it\/escursioni-da-sanremo-la-riviera-in-sette-giorni\/\"},{\"@type\":\"ListItem\",\"position\":3,\"name\":\"La Riviera della Bella Epoque\"}]},{\"@type\":\"WebSite\",\"@id\":\"https:\/\/nyala.info\/it\/#website\",\"url\":\"https:\/\/nyala.info\/it\/\",\"name\":\"Guida ai Servizi | Service Guide\",\"description\":\"NYALA SUITE HOTEL Sanremo\",\"potentialAction\":[{\"@type\":\"SearchAction\",\"target\":{\"@type\":\"EntryPoint\",\"urlTemplate\":\"https:\/\/nyala.info\/it\/?s={search_term_string}\"},\"query-input\":{\"@type\":\"PropertyValueSpecification\",\"valueRequired\":true,\"valueName\":\"search_term_string\"}}],\"inLanguage\":\"it-IT\"}]}<\/script>\n<!-- \/ Yoast SEO plugin. -->","yoast_head_json":{"title":"La Riviera della Bella Epoque | Guida ai Servizi | Service Guide NYALA SUITE HOTEL Sanremo","description":"Escursioni nella Riviera italiana e francese. Visita di Cannes e Nizza, musei e villaggi, edifici Belle Epoque. Prenota le escursioni","robots":{"index":"noindex","follow":"follow","max-snippet":"max-snippet:-1","max-image-preview":"max-image-preview:large","max-video-preview":"max-video-preview:-1"},"og_locale":"it_IT","og_type":"article","og_title":"La Riviera della Bella Epoque | Guida ai Servizi | Service Guide NYALA SUITE HOTEL Sanremo","og_description":"Escursioni nella Riviera italiana e francese. Visita di Cannes e Nizza, musei e villaggi, edifici Belle Epoque. Prenota le escursioni","og_url":"https:\/\/nyala.info\/it\/escursioni-da-sanremo-la-riviera-in-sette-giorni\/riviera-belle-epoque\/","og_site_name":"Guida ai Servizi | Service Guide","article_modified_time":"2024-06-26T09:20:05+00:00","og_image":[{"width":900,"height":600,"url":"http:\/\/nyala.info\/wp-content\/uploads\/2015\/04\/museo-oceanografico.jpg","type":"image\/jpeg"}],"twitter_card":"summary_large_image","twitter_misc":{"Est. reading time":"2 minutes"},"schema":{"@context":"https:\/\/schema.org","@graph":[{"@type":"WebPage","@id":"https:\/\/nyala.info\/it\/escursioni-da-sanremo-la-riviera-in-sette-giorni\/riviera-belle-epoque\/","url":"https:\/\/nyala.info\/it\/escursioni-da-sanremo-la-riviera-in-sette-giorni\/riviera-belle-epoque\/","name":"La Riviera della Bella Epoque | Guida ai Servizi | Service Guide NYALA SUITE HOTEL Sanremo","isPartOf":{"@id":"https:\/\/nyala.info\/it\/#website"},"primaryImageOfPage":{"@id":"https:\/\/nyala.info\/it\/escursioni-da-sanremo-la-riviera-in-sette-giorni\/riviera-belle-epoque\/#primaryimage"},"image":{"@id":"https:\/\/nyala.info\/it\/escursioni-da-sanremo-la-riviera-in-sette-giorni\/riviera-belle-epoque\/#primaryimage"},"thumbnailUrl":"https:\/\/nyala.info\/wp-content\/uploads\/2015\/04\/museo-oceanografico.jpg","datePublished":"2015-04-22T09:25:02+00:00","dateModified":"2024-06-26T09:20:05+00:00","description":"Escursioni nella Riviera italiana e francese. Visita di Cannes e Nizza, musei e villaggi, edifici Belle Epoque. Prenota le escursioni","breadcrumb":{"@id":"https:\/\/nyala.info\/it\/escursioni-da-sanremo-la-riviera-in-sette-giorni\/riviera-belle-epoque\/#breadcrumb"},"inLanguage":"it-IT","potentialAction":[{"@type":"ReadAction","target":["https:\/\/nyala.info\/it\/escursioni-da-sanremo-la-riviera-in-sette-giorni\/riviera-belle-epoque\/"]}]},{"@type":"ImageObject","inLanguage":"it-IT","@id":"https:\/\/nyala.info\/it\/escursioni-da-sanremo-la-riviera-in-sette-giorni\/riviera-belle-epoque\/#primaryimage","url":"https:\/\/nyala.info\/wp-content\/uploads\/2015\/04\/museo-oceanografico.jpg","contentUrl":"https:\/\/nyala.info\/wp-content\/uploads\/2015\/04\/museo-oceanografico.jpg","width":900,"height":600,"caption":"riviera belle epoque, SCH\u00d6NE EPOCHE"},{"@type":"BreadcrumbList","@id":"https:\/\/nyala.info\/it\/escursioni-da-sanremo-la-riviera-in-sette-giorni\/riviera-belle-epoque\/#breadcrumb","itemListElement":[{"@type":"ListItem","position":1,"name":"Home","item":"https:\/\/nyala.info\/it\/"},{"@type":"ListItem","position":2,"name":"Escursioni giornaliere da Sanremo","item":"https:\/\/nyala.info\/it\/escursioni-da-sanremo-la-riviera-in-sette-giorni\/"},{"@type":"ListItem","position":3,"name":"La Riviera della Bella Epoque"}]},{"@type":"WebSite","@id":"https:\/\/nyala.info\/it\/#website","url":"https:\/\/nyala.info\/it\/","name":"Guida ai Servizi | Service Guide","description":"NYALA SUITE HOTEL Sanremo","potentialAction":[{"@type":"SearchAction","target":{"@type":"EntryPoint","urlTemplate":"https:\/\/nyala.info\/it\/?s={search_term_string}"},"query-input":{"@type":"PropertyValueSpecification","valueRequired":true,"valueName":"search_term_string"}}],"inLanguage":"it-IT"}]}},"_links":{"self":[{"href":"https:\/\/nyala.info\/it\/wp-json\/wp\/v2\/pages\/1508"}],"collection":[{"href":"https:\/\/nyala.info\/it\/wp-json\/wp\/v2\/pages"}],"about":[{"href":"https:\/\/nyala.info\/it\/wp-json\/wp\/v2\/types\/page"}],"author":[{"embeddable":true,"href":"https:\/\/nyala.info\/it\/wp-json\/wp\/v2\/users\/3"}],"replies":[{"embeddable":true,"href":"https:\/\/nyala.info\/it\/wp-json\/wp\/v2\/comments?post=1508"}],"version-history":[{"count":5,"href":"https:\/\/nyala.info\/it\/wp-json\/wp\/v2\/pages\/1508\/revisions"}],"predecessor-version":[{"id":7988,"href":"https:\/\/nyala.info\/it\/wp-json\/wp\/v2\/pages\/1508\/revisions\/7988"}],"up":[{"embeddable":true,"href":"https:\/\/nyala.info\/it\/wp-json\/wp\/v2\/pages\/1473"}],"wp:featuredmedia":[{"embeddable":true,"href":"https:\/\/nyala.info\/it\/wp-json\/wp\/v2\/media\/1153"}],"wp:attachment":[{"href":"https:\/\/nyala.info\/it\/wp-json\/wp\/v2\/media?parent=1508"}],"curies":[{"name":"wp","href":"https:\/\/api.w.org\/{rel}","templated":true}]}}