{"id":8467,"date":"2024-06-26T12:15:41","date_gmt":"2024-06-26T10:15:41","guid":{"rendered":"https:\/\/nyala.info\/?page_id=8467"},"modified":"2024-06-26T12:21:57","modified_gmt":"2024-06-26T10:21:57","slug":"transfer-aeroport-de-genes","status":"publish","type":"page","link":"https:\/\/nyala.info\/fr\/transferts\/transfer-aeroport-de-genes\/","title":{"rendered":"Transfer A\u00e9roport de G\u00eanes"},"content":{"rendered":"<h2>R\u00e9servez \u00e0 la r\u00e9ception le transfert depuis et vers l&#8217;a\u00e9roport de G\u00eanes, Cristoforo Colombo.<\/h2>\n<ul>\n<li>Voiture<\/li>\n<li>Minibus 8 places<\/li>\n<\/ul>\n<p>Le temps de trajet est d&#8217;environ 1 heure et 15 minutes, sous r\u00e9serve des conditions de circulation.<\/p>\n","protected":false},"excerpt":{"rendered":"<p>R\u00e9servez \u00e0 la r\u00e9ception le transfert depuis et vers l&#8217;a\u00e9roport de G\u00eanes, Cristoforo Colombo. Voiture Minibus 8 places Le temps de trajet est d&#8217;environ 1 heure et 15 minutes, sous r\u00e9serve des conditions de circulation.<\/p>\n","protected":false},"author":18,"featured_media":7810,"parent":8432,"menu_order":0,"comment_status":"closed","ping_status":"closed","template":"","meta":{"_acf_changed":false,"footnotes":""},"class_list":["post-8467","page","type-page","status-publish","has-post-thumbnail","hentry"],"acf":[],"yoast_head":"<!-- This site is optimized with the Yoast SEO plugin v25.6 - https:\/\/yoast.com\/wordpress\/plugins\/seo\/ -->\n<title>Transfer A\u00e9roport de G\u00eanes | Nyala Suite Hotel Hotel 4 \u00e9toiles \u00e0 San Remo<\/title>\n<meta name=\"robots\" content=\"noindex, follow, max-snippet:-1, max-image-preview:large, max-video-preview:-1\" \/>\n<meta property=\"og:locale\" content=\"fr_FR\" \/>\n<meta property=\"og:type\" content=\"article\" \/>\n<meta property=\"og:title\" content=\"Transfer A\u00e9roport de G\u00eanes | Nyala Suite Hotel Hotel 4 \u00e9toiles \u00e0 San Remo\" \/>\n<meta property=\"og:description\" content=\"R\u00e9servez \u00e0 la r\u00e9ception le transfert depuis et vers l&#8217;a\u00e9roport de G\u00eanes, Cristoforo Colombo. Voiture Minibus 8 places Le temps de trajet est d&#8217;environ 1 heure et 15 minutes, sous r\u00e9serve des conditions de circulation.\" \/>\n<meta property=\"og:url\" content=\"https:\/\/nyala.info\/fr\/transferts\/transfer-aeroport-de-genes\/\" \/>\n<meta property=\"og:site_name\" content=\"Nyala Suite Hotel\" \/>\n<meta property=\"article:modified_time\" content=\"2024-06-26T10:21:57+00:00\" \/>\n<meta property=\"og:image\" content=\"http:\/\/nyala.info\/wp-content\/uploads\/2019\/09\/aeroporto-genova.jpg\" \/>\n\t<meta property=\"og:image:width\" content=\"1280\" \/>\n\t<meta property=\"og:image:height\" content=\"720\" \/>\n\t<meta property=\"og:image:type\" content=\"image\/jpeg\" \/>\n<meta name=\"twitter:card\" content=\"summary_large_image\" \/>\n<meta name=\"twitter:label1\" content=\"Est. reading time\" \/>\n\t<meta name=\"twitter:data1\" content=\"1 minute\" \/>\n<script type=\"application\/ld+json\" class=\"yoast-schema-graph\">{\"@context\":\"https:\/\/schema.org\",\"@graph\":[{\"@type\":\"WebPage\",\"@id\":\"https:\/\/nyala.info\/fr\/transferts\/transfer-aeroport-de-genes\/\",\"url\":\"https:\/\/nyala.info\/fr\/transferts\/transfer-aeroport-de-genes\/\",\"name\":\"Transfer A\u00e9roport de G\u00eanes | Nyala Suite Hotel Hotel 4 \u00e9toiles \u00e0 San Remo\",\"isPartOf\":{\"@id\":\"https:\/\/nyala.info\/fr\/#website\"},\"primaryImageOfPage\":{\"@id\":\"https:\/\/nyala.info\/fr\/transferts\/transfer-aeroport-de-genes\/#primaryimage\"},\"image\":{\"@id\":\"https:\/\/nyala.info\/fr\/transferts\/transfer-aeroport-de-genes\/#primaryimage\"},\"thumbnailUrl\":\"https:\/\/nyala.info\/wp-content\/uploads\/2019\/09\/aeroporto-genova.jpg\",\"datePublished\":\"2024-06-26T10:15:41+00:00\",\"dateModified\":\"2024-06-26T10:21:57+00:00\",\"breadcrumb\":{\"@id\":\"https:\/\/nyala.info\/fr\/transferts\/transfer-aeroport-de-genes\/#breadcrumb\"},\"inLanguage\":\"fr-FR\",\"potentialAction\":[{\"@type\":\"ReadAction\",\"target\":[\"https:\/\/nyala.info\/fr\/transferts\/transfer-aeroport-de-genes\/\"]}]},{\"@type\":\"ImageObject\",\"inLanguage\":\"fr-FR\",\"@id\":\"https:\/\/nyala.info\/fr\/transferts\/transfer-aeroport-de-genes\/#primaryimage\",\"url\":\"https:\/\/nyala.info\/wp-content\/uploads\/2019\/09\/aeroporto-genova.jpg\",\"contentUrl\":\"https:\/\/nyala.info\/wp-content\/uploads\/2019\/09\/aeroporto-genova.jpg\",\"width\":1280,\"height\":720,\"caption\":\"aereoporto genova airport genea A\u00e9roport de G\u00eanes Flughafen Genua\"},{\"@type\":\"BreadcrumbList\",\"@id\":\"https:\/\/nyala.info\/fr\/transferts\/transfer-aeroport-de-genes\/#breadcrumb\",\"itemListElement\":[{\"@type\":\"ListItem\",\"position\":1,\"name\":\"Home\",\"item\":\"https:\/\/nyala.info\/fr\/\"},{\"@type\":\"ListItem\",\"position\":2,\"name\":\"Transferts\",\"item\":\"https:\/\/nyala.info\/fr\/transferts\/\"},{\"@type\":\"ListItem\",\"position\":3,\"name\":\"Transfer A\u00e9roport de G\u00eanes\"}]},{\"@type\":\"WebSite\",\"@id\":\"https:\/\/nyala.info\/fr\/#website\",\"url\":\"https:\/\/nyala.info\/fr\/\",\"name\":\"Nyala Suite Hotel\",\"description\":\"Hotel 4 \u00e9toiles \u00e0 San Remo\",\"potentialAction\":[{\"@type\":\"SearchAction\",\"target\":{\"@type\":\"EntryPoint\",\"urlTemplate\":\"https:\/\/nyala.info\/fr\/?s={search_term_string}\"},\"query-input\":{\"@type\":\"PropertyValueSpecification\",\"valueRequired\":true,\"valueName\":\"search_term_string\"}}],\"inLanguage\":\"fr-FR\"}]}<\/script>\n<!-- \/ Yoast SEO plugin. -->","yoast_head_json":{"title":"Transfer A\u00e9roport de G\u00eanes | Nyala Suite Hotel Hotel 4 \u00e9toiles \u00e0 San Remo","robots":{"index":"noindex","follow":"follow","max-snippet":"max-snippet:-1","max-image-preview":"max-image-preview:large","max-video-preview":"max-video-preview:-1"},"og_locale":"fr_FR","og_type":"article","og_title":"Transfer A\u00e9roport de G\u00eanes | Nyala Suite Hotel Hotel 4 \u00e9toiles \u00e0 San Remo","og_description":"R\u00e9servez \u00e0 la r\u00e9ception le transfert depuis et vers l&#8217;a\u00e9roport de G\u00eanes, Cristoforo Colombo. Voiture Minibus 8 places Le temps de trajet est d&#8217;environ 1 heure et 15 minutes, sous r\u00e9serve des conditions de circulation.","og_url":"https:\/\/nyala.info\/fr\/transferts\/transfer-aeroport-de-genes\/","og_site_name":"Nyala Suite Hotel","article_modified_time":"2024-06-26T10:21:57+00:00","og_image":[{"width":1280,"height":720,"url":"http:\/\/nyala.info\/wp-content\/uploads\/2019\/09\/aeroporto-genova.jpg","type":"image\/jpeg"}],"twitter_card":"summary_large_image","twitter_misc":{"Est. reading time":"1 minute"},"schema":{"@context":"https:\/\/schema.org","@graph":[{"@type":"WebPage","@id":"https:\/\/nyala.info\/fr\/transferts\/transfer-aeroport-de-genes\/","url":"https:\/\/nyala.info\/fr\/transferts\/transfer-aeroport-de-genes\/","name":"Transfer A\u00e9roport de G\u00eanes | Nyala Suite Hotel Hotel 4 \u00e9toiles \u00e0 San Remo","isPartOf":{"@id":"https:\/\/nyala.info\/fr\/#website"},"primaryImageOfPage":{"@id":"https:\/\/nyala.info\/fr\/transferts\/transfer-aeroport-de-genes\/#primaryimage"},"image":{"@id":"https:\/\/nyala.info\/fr\/transferts\/transfer-aeroport-de-genes\/#primaryimage"},"thumbnailUrl":"https:\/\/nyala.info\/wp-content\/uploads\/2019\/09\/aeroporto-genova.jpg","datePublished":"2024-06-26T10:15:41+00:00","dateModified":"2024-06-26T10:21:57+00:00","breadcrumb":{"@id":"https:\/\/nyala.info\/fr\/transferts\/transfer-aeroport-de-genes\/#breadcrumb"},"inLanguage":"fr-FR","potentialAction":[{"@type":"ReadAction","target":["https:\/\/nyala.info\/fr\/transferts\/transfer-aeroport-de-genes\/"]}]},{"@type":"ImageObject","inLanguage":"fr-FR","@id":"https:\/\/nyala.info\/fr\/transferts\/transfer-aeroport-de-genes\/#primaryimage","url":"https:\/\/nyala.info\/wp-content\/uploads\/2019\/09\/aeroporto-genova.jpg","contentUrl":"https:\/\/nyala.info\/wp-content\/uploads\/2019\/09\/aeroporto-genova.jpg","width":1280,"height":720,"caption":"aereoporto genova airport genea A\u00e9roport de G\u00eanes Flughafen Genua"},{"@type":"BreadcrumbList","@id":"https:\/\/nyala.info\/fr\/transferts\/transfer-aeroport-de-genes\/#breadcrumb","itemListElement":[{"@type":"ListItem","position":1,"name":"Home","item":"https:\/\/nyala.info\/fr\/"},{"@type":"ListItem","position":2,"name":"Transferts","item":"https:\/\/nyala.info\/fr\/transferts\/"},{"@type":"ListItem","position":3,"name":"Transfer A\u00e9roport de G\u00eanes"}]},{"@type":"WebSite","@id":"https:\/\/nyala.info\/fr\/#website","url":"https:\/\/nyala.info\/fr\/","name":"Nyala Suite Hotel","description":"Hotel 4 \u00e9toiles \u00e0 San Remo","potentialAction":[{"@type":"SearchAction","target":{"@type":"EntryPoint","urlTemplate":"https:\/\/nyala.info\/fr\/?s={search_term_string}"},"query-input":{"@type":"PropertyValueSpecification","valueRequired":true,"valueName":"search_term_string"}}],"inLanguage":"fr-FR"}]}},"_links":{"self":[{"href":"https:\/\/nyala.info\/fr\/wp-json\/wp\/v2\/pages\/8467"}],"collection":[{"href":"https:\/\/nyala.info\/fr\/wp-json\/wp\/v2\/pages"}],"about":[{"href":"https:\/\/nyala.info\/fr\/wp-json\/wp\/v2\/types\/page"}],"author":[{"embeddable":true,"href":"https:\/\/nyala.info\/fr\/wp-json\/wp\/v2\/users\/18"}],"replies":[{"embeddable":true,"href":"https:\/\/nyala.info\/fr\/wp-json\/wp\/v2\/comments?post=8467"}],"version-history":[{"count":2,"href":"https:\/\/nyala.info\/fr\/wp-json\/wp\/v2\/pages\/8467\/revisions"}],"predecessor-version":[{"id":8476,"href":"https:\/\/nyala.info\/fr\/wp-json\/wp\/v2\/pages\/8467\/revisions\/8476"}],"up":[{"embeddable":true,"href":"https:\/\/nyala.info\/fr\/wp-json\/wp\/v2\/pages\/8432"}],"wp:featuredmedia":[{"embeddable":true,"href":"https:\/\/nyala.info\/fr\/wp-json\/wp\/v2\/media\/7810"}],"wp:attachment":[{"href":"https:\/\/nyala.info\/fr\/wp-json\/wp\/v2\/media?parent=8467"}],"curies":[{"name":"wp","href":"https:\/\/api.w.org\/{rel}","templated":true}]}}