{"id":8438,"date":"2024-06-26T11:53:34","date_gmt":"2024-06-26T09:53:34","guid":{"rendered":"https:\/\/nyala.info\/?page_id=8438"},"modified":"2024-06-26T12:12:14","modified_gmt":"2024-06-26T10:12:14","slug":"gare-ferroviaire","status":"publish","type":"page","link":"https:\/\/nyala.info\/fr\/transferts\/gare-ferroviaire\/","title":{"rendered":"Gare ferroviaire"},"content":{"rendered":"<p>L&#8217;h\u00f4tel propose gratuitement le transfert aller-retour depuis la gare ferroviaire de Sanremo.<\/p>\n<p>Le service doit \u00eatre r\u00e9serv\u00e9 au moins 72 heures \u00e0 l&#8217;avance.<\/p>\n","protected":false},"excerpt":{"rendered":"<p>L&#8217;h\u00f4tel propose gratuitement le transfert aller-retour depuis la gare ferroviaire de Sanremo. Le service doit \u00eatre r\u00e9serv\u00e9 au moins 72 heures \u00e0 l&#8217;avance.<\/p>\n","protected":false},"author":18,"featured_media":7796,"parent":8432,"menu_order":0,"comment_status":"closed","ping_status":"closed","template":"","meta":{"_acf_changed":false,"footnotes":""},"class_list":["post-8438","page","type-page","status-publish","has-post-thumbnail","hentry"],"acf":[],"yoast_head":"<!-- This site is optimized with the Yoast SEO plugin v25.6 - https:\/\/yoast.com\/wordpress\/plugins\/seo\/ -->\n<title>Gare ferroviaire | Nyala Suite Hotel Hotel 4 \u00e9toiles \u00e0 San Remo<\/title>\n<meta name=\"robots\" content=\"noindex, follow, max-snippet:-1, max-image-preview:large, max-video-preview:-1\" \/>\n<meta property=\"og:locale\" content=\"fr_FR\" \/>\n<meta property=\"og:type\" content=\"article\" \/>\n<meta property=\"og:title\" content=\"Gare ferroviaire | Nyala Suite Hotel Hotel 4 \u00e9toiles \u00e0 San Remo\" \/>\n<meta property=\"og:description\" content=\"L&#8217;h\u00f4tel propose gratuitement le transfert aller-retour depuis la gare ferroviaire de Sanremo. Le service doit \u00eatre r\u00e9serv\u00e9 au moins 72 heures \u00e0 l&#8217;avance.\" \/>\n<meta property=\"og:url\" content=\"https:\/\/nyala.info\/fr\/transferts\/gare-ferroviaire\/\" \/>\n<meta property=\"og:site_name\" content=\"Nyala Suite Hotel\" \/>\n<meta property=\"article:modified_time\" content=\"2024-06-26T10:12:14+00:00\" \/>\n<meta property=\"og:image\" content=\"http:\/\/nyala.info\/wp-content\/uploads\/2019\/09\/Treni.jpg\" \/>\n\t<meta property=\"og:image:width\" content=\"787\" \/>\n\t<meta property=\"og:image:height\" content=\"404\" \/>\n\t<meta property=\"og:image:type\" content=\"image\/jpeg\" \/>\n<meta name=\"twitter:card\" content=\"summary_large_image\" \/>\n<meta name=\"twitter:label1\" content=\"Est. reading time\" \/>\n\t<meta name=\"twitter:data1\" content=\"1 minute\" \/>\n<script type=\"application\/ld+json\" class=\"yoast-schema-graph\">{\"@context\":\"https:\/\/schema.org\",\"@graph\":[{\"@type\":\"WebPage\",\"@id\":\"https:\/\/nyala.info\/fr\/transferts\/gare-ferroviaire\/\",\"url\":\"https:\/\/nyala.info\/fr\/transferts\/gare-ferroviaire\/\",\"name\":\"Gare ferroviaire | Nyala Suite Hotel Hotel 4 \u00e9toiles \u00e0 San Remo\",\"isPartOf\":{\"@id\":\"https:\/\/nyala.info\/fr\/#website\"},\"primaryImageOfPage\":{\"@id\":\"https:\/\/nyala.info\/fr\/transferts\/gare-ferroviaire\/#primaryimage\"},\"image\":{\"@id\":\"https:\/\/nyala.info\/fr\/transferts\/gare-ferroviaire\/#primaryimage\"},\"thumbnailUrl\":\"https:\/\/nyala.info\/wp-content\/uploads\/2019\/09\/Treni.jpg\",\"datePublished\":\"2024-06-26T09:53:34+00:00\",\"dateModified\":\"2024-06-26T10:12:14+00:00\",\"breadcrumb\":{\"@id\":\"https:\/\/nyala.info\/fr\/transferts\/gare-ferroviaire\/#breadcrumb\"},\"inLanguage\":\"fr-FR\",\"potentialAction\":[{\"@type\":\"ReadAction\",\"target\":[\"https:\/\/nyala.info\/fr\/transferts\/gare-ferroviaire\/\"]}]},{\"@type\":\"ImageObject\",\"inLanguage\":\"fr-FR\",\"@id\":\"https:\/\/nyala.info\/fr\/transferts\/gare-ferroviaire\/#primaryimage\",\"url\":\"https:\/\/nyala.info\/wp-content\/uploads\/2019\/09\/Treni.jpg\",\"contentUrl\":\"https:\/\/nyala.info\/wp-content\/uploads\/2019\/09\/Treni.jpg\",\"width\":787,\"height\":404,\"caption\":\"station gare Bahnhof \u0416\u0435\u043b\u0435\u0437\u043d\u043e\u0434\u043e\u0440\u043e\u0436\u043d\u044b\u0439 \u0432\u043e\u043a\u0437\u0430\u043b\"},{\"@type\":\"BreadcrumbList\",\"@id\":\"https:\/\/nyala.info\/fr\/transferts\/gare-ferroviaire\/#breadcrumb\",\"itemListElement\":[{\"@type\":\"ListItem\",\"position\":1,\"name\":\"Home\",\"item\":\"https:\/\/nyala.info\/fr\/\"},{\"@type\":\"ListItem\",\"position\":2,\"name\":\"Transferts\",\"item\":\"https:\/\/nyala.info\/fr\/transferts\/\"},{\"@type\":\"ListItem\",\"position\":3,\"name\":\"Gare ferroviaire\"}]},{\"@type\":\"WebSite\",\"@id\":\"https:\/\/nyala.info\/fr\/#website\",\"url\":\"https:\/\/nyala.info\/fr\/\",\"name\":\"Nyala Suite Hotel\",\"description\":\"Hotel 4 \u00e9toiles \u00e0 San Remo\",\"potentialAction\":[{\"@type\":\"SearchAction\",\"target\":{\"@type\":\"EntryPoint\",\"urlTemplate\":\"https:\/\/nyala.info\/fr\/?s={search_term_string}\"},\"query-input\":{\"@type\":\"PropertyValueSpecification\",\"valueRequired\":true,\"valueName\":\"search_term_string\"}}],\"inLanguage\":\"fr-FR\"}]}<\/script>\n<!-- \/ Yoast SEO plugin. -->","yoast_head_json":{"title":"Gare ferroviaire | Nyala Suite Hotel Hotel 4 \u00e9toiles \u00e0 San Remo","robots":{"index":"noindex","follow":"follow","max-snippet":"max-snippet:-1","max-image-preview":"max-image-preview:large","max-video-preview":"max-video-preview:-1"},"og_locale":"fr_FR","og_type":"article","og_title":"Gare ferroviaire | Nyala Suite Hotel Hotel 4 \u00e9toiles \u00e0 San Remo","og_description":"L&#8217;h\u00f4tel propose gratuitement le transfert aller-retour depuis la gare ferroviaire de Sanremo. Le service doit \u00eatre r\u00e9serv\u00e9 au moins 72 heures \u00e0 l&#8217;avance.","og_url":"https:\/\/nyala.info\/fr\/transferts\/gare-ferroviaire\/","og_site_name":"Nyala Suite Hotel","article_modified_time":"2024-06-26T10:12:14+00:00","og_image":[{"width":787,"height":404,"url":"http:\/\/nyala.info\/wp-content\/uploads\/2019\/09\/Treni.jpg","type":"image\/jpeg"}],"twitter_card":"summary_large_image","twitter_misc":{"Est. reading time":"1 minute"},"schema":{"@context":"https:\/\/schema.org","@graph":[{"@type":"WebPage","@id":"https:\/\/nyala.info\/fr\/transferts\/gare-ferroviaire\/","url":"https:\/\/nyala.info\/fr\/transferts\/gare-ferroviaire\/","name":"Gare ferroviaire | Nyala Suite Hotel Hotel 4 \u00e9toiles \u00e0 San Remo","isPartOf":{"@id":"https:\/\/nyala.info\/fr\/#website"},"primaryImageOfPage":{"@id":"https:\/\/nyala.info\/fr\/transferts\/gare-ferroviaire\/#primaryimage"},"image":{"@id":"https:\/\/nyala.info\/fr\/transferts\/gare-ferroviaire\/#primaryimage"},"thumbnailUrl":"https:\/\/nyala.info\/wp-content\/uploads\/2019\/09\/Treni.jpg","datePublished":"2024-06-26T09:53:34+00:00","dateModified":"2024-06-26T10:12:14+00:00","breadcrumb":{"@id":"https:\/\/nyala.info\/fr\/transferts\/gare-ferroviaire\/#breadcrumb"},"inLanguage":"fr-FR","potentialAction":[{"@type":"ReadAction","target":["https:\/\/nyala.info\/fr\/transferts\/gare-ferroviaire\/"]}]},{"@type":"ImageObject","inLanguage":"fr-FR","@id":"https:\/\/nyala.info\/fr\/transferts\/gare-ferroviaire\/#primaryimage","url":"https:\/\/nyala.info\/wp-content\/uploads\/2019\/09\/Treni.jpg","contentUrl":"https:\/\/nyala.info\/wp-content\/uploads\/2019\/09\/Treni.jpg","width":787,"height":404,"caption":"station gare Bahnhof \u0416\u0435\u043b\u0435\u0437\u043d\u043e\u0434\u043e\u0440\u043e\u0436\u043d\u044b\u0439 \u0432\u043e\u043a\u0437\u0430\u043b"},{"@type":"BreadcrumbList","@id":"https:\/\/nyala.info\/fr\/transferts\/gare-ferroviaire\/#breadcrumb","itemListElement":[{"@type":"ListItem","position":1,"name":"Home","item":"https:\/\/nyala.info\/fr\/"},{"@type":"ListItem","position":2,"name":"Transferts","item":"https:\/\/nyala.info\/fr\/transferts\/"},{"@type":"ListItem","position":3,"name":"Gare ferroviaire"}]},{"@type":"WebSite","@id":"https:\/\/nyala.info\/fr\/#website","url":"https:\/\/nyala.info\/fr\/","name":"Nyala Suite Hotel","description":"Hotel 4 \u00e9toiles \u00e0 San Remo","potentialAction":[{"@type":"SearchAction","target":{"@type":"EntryPoint","urlTemplate":"https:\/\/nyala.info\/fr\/?s={search_term_string}"},"query-input":{"@type":"PropertyValueSpecification","valueRequired":true,"valueName":"search_term_string"}}],"inLanguage":"fr-FR"}]}},"_links":{"self":[{"href":"https:\/\/nyala.info\/fr\/wp-json\/wp\/v2\/pages\/8438"}],"collection":[{"href":"https:\/\/nyala.info\/fr\/wp-json\/wp\/v2\/pages"}],"about":[{"href":"https:\/\/nyala.info\/fr\/wp-json\/wp\/v2\/types\/page"}],"author":[{"embeddable":true,"href":"https:\/\/nyala.info\/fr\/wp-json\/wp\/v2\/users\/18"}],"replies":[{"embeddable":true,"href":"https:\/\/nyala.info\/fr\/wp-json\/wp\/v2\/comments?post=8438"}],"version-history":[{"count":2,"href":"https:\/\/nyala.info\/fr\/wp-json\/wp\/v2\/pages\/8438\/revisions"}],"predecessor-version":[{"id":8465,"href":"https:\/\/nyala.info\/fr\/wp-json\/wp\/v2\/pages\/8438\/revisions\/8465"}],"up":[{"embeddable":true,"href":"https:\/\/nyala.info\/fr\/wp-json\/wp\/v2\/pages\/8432"}],"wp:featuredmedia":[{"embeddable":true,"href":"https:\/\/nyala.info\/fr\/wp-json\/wp\/v2\/media\/7796"}],"wp:attachment":[{"href":"https:\/\/nyala.info\/fr\/wp-json\/wp\/v2\/media?parent=8438"}],"curies":[{"name":"wp","href":"https:\/\/api.w.org\/{rel}","templated":true}]}}