{"id":8404,"date":"2024-06-26T10:59:10","date_gmt":"2024-06-26T08:59:10","guid":{"rendered":"https:\/\/nyala.info\/?page_id=8404"},"modified":"2024-06-26T10:59:10","modified_gmt":"2024-06-26T08:59:10","slug":"excursions-quotidiennes-depuis-sanremo","status":"publish","type":"page","link":"https:\/\/nyala.info\/fr\/excursions-quotidiennes-depuis-sanremo\/","title":{"rendered":"Excursions quotidiennes depuis Sanremo"},"content":{"rendered":"<h1 style=\"text-align: center;\">R\u00e9servez une excursion depuis Sanremo pour d\u00e9couvrir les charmantes localit\u00e9s de la Riviera<\/h1>\n<p style=\"text-align: center;\">Un <strong>s\u00e9jour \u00e0 Sanremo<\/strong> vous place au c\u0153ur du plus grand et prestigieux complexe touristique du bassin m\u00e9diterran\u00e9en, entre la Riviera Ligure et la C\u00f4te d&#8217;Azur, incluant des lieux comme <strong>Portofino<\/strong>, <strong>Alassio<\/strong>, <strong>Sanremo<\/strong>, <strong>Monte-Carlo<\/strong>, <strong>Nice<\/strong>, <strong>Cannes<\/strong> et <strong>Saint-Tropez<\/strong>.<\/p>\n<p style=\"text-align: center;\">En collaboration avec notre agence de voyage, Nyala Wonder Travel, nous sommes heureux de vous proposer des <strong>excursions quotidiennes<\/strong> qui vous permettront d&#8217;appr\u00e9cier les multiples facettes de l&#8217;extraordinaire offre de divertissements et d&#8217;hospitalit\u00e9 de notre r\u00e9gion.<\/p>\n","protected":false},"excerpt":{"rendered":"<p>R\u00e9servez une excursion depuis Sanremo pour d\u00e9couvrir les charmantes localit\u00e9s de la Riviera Un s\u00e9jour \u00e0 Sanremo vous place au c\u0153ur du plus grand et prestigieux complexe touristique du bassin m\u00e9diterran\u00e9en, entre la Riviera Ligure et la C\u00f4te d&#8217;Azur, incluant des lieux comme Portofino, Alassio, Sanremo, Monte-Carlo, Nice, Cannes et Saint-Tropez. En collaboration avec notre [&hellip;]<\/p>\n","protected":false},"author":18,"featured_media":0,"parent":0,"menu_order":30,"comment_status":"closed","ping_status":"closed","template":"offer_one_column.php","meta":{"_acf_changed":false,"footnotes":""},"class_list":["post-8404","page","type-page","status-publish","hentry"],"acf":[],"yoast_head":"<!-- This site is optimized with the Yoast SEO plugin v25.6 - https:\/\/yoast.com\/wordpress\/plugins\/seo\/ -->\n<title>Excursions quotidiennes depuis Sanremo | Nyala Suite Hotel Hotel 4 \u00e9toiles \u00e0 San Remo<\/title>\n<meta name=\"robots\" content=\"noindex, follow, max-snippet:-1, max-image-preview:large, max-video-preview:-1\" \/>\n<meta property=\"og:locale\" content=\"fr_FR\" \/>\n<meta property=\"og:type\" content=\"article\" \/>\n<meta property=\"og:title\" content=\"Excursions quotidiennes depuis Sanremo | Nyala Suite Hotel Hotel 4 \u00e9toiles \u00e0 San Remo\" \/>\n<meta property=\"og:description\" content=\"R\u00e9servez une excursion depuis Sanremo pour d\u00e9couvrir les charmantes localit\u00e9s de la Riviera Un s\u00e9jour \u00e0 Sanremo vous place au c\u0153ur du plus grand et prestigieux complexe touristique du bassin m\u00e9diterran\u00e9en, entre la Riviera Ligure et la C\u00f4te d&#8217;Azur, incluant des lieux comme Portofino, Alassio, Sanremo, Monte-Carlo, Nice, Cannes et Saint-Tropez. En collaboration avec notre [&hellip;]\" \/>\n<meta property=\"og:url\" content=\"https:\/\/nyala.info\/fr\/excursions-quotidiennes-depuis-sanremo\/\" \/>\n<meta property=\"og:site_name\" content=\"Nyala Suite Hotel\" \/>\n<meta name=\"twitter:card\" content=\"summary_large_image\" \/>\n<meta name=\"twitter:label1\" content=\"Est. reading time\" \/>\n\t<meta name=\"twitter:data1\" content=\"1 minute\" \/>\n<script type=\"application\/ld+json\" class=\"yoast-schema-graph\">{\"@context\":\"https:\/\/schema.org\",\"@graph\":[{\"@type\":\"WebPage\",\"@id\":\"https:\/\/nyala.info\/fr\/excursions-quotidiennes-depuis-sanremo\/\",\"url\":\"https:\/\/nyala.info\/fr\/excursions-quotidiennes-depuis-sanremo\/\",\"name\":\"Excursions quotidiennes depuis Sanremo | Nyala Suite Hotel Hotel 4 \u00e9toiles \u00e0 San Remo\",\"isPartOf\":{\"@id\":\"https:\/\/nyala.info\/fr\/#website\"},\"datePublished\":\"2024-06-26T08:59:10+00:00\",\"breadcrumb\":{\"@id\":\"https:\/\/nyala.info\/fr\/excursions-quotidiennes-depuis-sanremo\/#breadcrumb\"},\"inLanguage\":\"fr-FR\",\"potentialAction\":[{\"@type\":\"ReadAction\",\"target\":[\"https:\/\/nyala.info\/fr\/excursions-quotidiennes-depuis-sanremo\/\"]}]},{\"@type\":\"BreadcrumbList\",\"@id\":\"https:\/\/nyala.info\/fr\/excursions-quotidiennes-depuis-sanremo\/#breadcrumb\",\"itemListElement\":[{\"@type\":\"ListItem\",\"position\":1,\"name\":\"Home\",\"item\":\"https:\/\/nyala.info\/fr\/\"},{\"@type\":\"ListItem\",\"position\":2,\"name\":\"Excursions quotidiennes depuis Sanremo\"}]},{\"@type\":\"WebSite\",\"@id\":\"https:\/\/nyala.info\/fr\/#website\",\"url\":\"https:\/\/nyala.info\/fr\/\",\"name\":\"Nyala Suite Hotel\",\"description\":\"Hotel 4 \u00e9toiles \u00e0 San Remo\",\"potentialAction\":[{\"@type\":\"SearchAction\",\"target\":{\"@type\":\"EntryPoint\",\"urlTemplate\":\"https:\/\/nyala.info\/fr\/?s={search_term_string}\"},\"query-input\":{\"@type\":\"PropertyValueSpecification\",\"valueRequired\":true,\"valueName\":\"search_term_string\"}}],\"inLanguage\":\"fr-FR\"}]}<\/script>\n<!-- \/ Yoast SEO plugin. -->","yoast_head_json":{"title":"Excursions quotidiennes depuis Sanremo | Nyala Suite Hotel Hotel 4 \u00e9toiles \u00e0 San Remo","robots":{"index":"noindex","follow":"follow","max-snippet":"max-snippet:-1","max-image-preview":"max-image-preview:large","max-video-preview":"max-video-preview:-1"},"og_locale":"fr_FR","og_type":"article","og_title":"Excursions quotidiennes depuis Sanremo | Nyala Suite Hotel Hotel 4 \u00e9toiles \u00e0 San Remo","og_description":"R\u00e9servez une excursion depuis Sanremo pour d\u00e9couvrir les charmantes localit\u00e9s de la Riviera Un s\u00e9jour \u00e0 Sanremo vous place au c\u0153ur du plus grand et prestigieux complexe touristique du bassin m\u00e9diterran\u00e9en, entre la Riviera Ligure et la C\u00f4te d&#8217;Azur, incluant des lieux comme Portofino, Alassio, Sanremo, Monte-Carlo, Nice, Cannes et Saint-Tropez. En collaboration avec notre [&hellip;]","og_url":"https:\/\/nyala.info\/fr\/excursions-quotidiennes-depuis-sanremo\/","og_site_name":"Nyala Suite Hotel","twitter_card":"summary_large_image","twitter_misc":{"Est. reading time":"1 minute"},"schema":{"@context":"https:\/\/schema.org","@graph":[{"@type":"WebPage","@id":"https:\/\/nyala.info\/fr\/excursions-quotidiennes-depuis-sanremo\/","url":"https:\/\/nyala.info\/fr\/excursions-quotidiennes-depuis-sanremo\/","name":"Excursions quotidiennes depuis Sanremo | Nyala Suite Hotel Hotel 4 \u00e9toiles \u00e0 San Remo","isPartOf":{"@id":"https:\/\/nyala.info\/fr\/#website"},"datePublished":"2024-06-26T08:59:10+00:00","breadcrumb":{"@id":"https:\/\/nyala.info\/fr\/excursions-quotidiennes-depuis-sanremo\/#breadcrumb"},"inLanguage":"fr-FR","potentialAction":[{"@type":"ReadAction","target":["https:\/\/nyala.info\/fr\/excursions-quotidiennes-depuis-sanremo\/"]}]},{"@type":"BreadcrumbList","@id":"https:\/\/nyala.info\/fr\/excursions-quotidiennes-depuis-sanremo\/#breadcrumb","itemListElement":[{"@type":"ListItem","position":1,"name":"Home","item":"https:\/\/nyala.info\/fr\/"},{"@type":"ListItem","position":2,"name":"Excursions quotidiennes depuis Sanremo"}]},{"@type":"WebSite","@id":"https:\/\/nyala.info\/fr\/#website","url":"https:\/\/nyala.info\/fr\/","name":"Nyala Suite Hotel","description":"Hotel 4 \u00e9toiles \u00e0 San Remo","potentialAction":[{"@type":"SearchAction","target":{"@type":"EntryPoint","urlTemplate":"https:\/\/nyala.info\/fr\/?s={search_term_string}"},"query-input":{"@type":"PropertyValueSpecification","valueRequired":true,"valueName":"search_term_string"}}],"inLanguage":"fr-FR"}]}},"_links":{"self":[{"href":"https:\/\/nyala.info\/fr\/wp-json\/wp\/v2\/pages\/8404"}],"collection":[{"href":"https:\/\/nyala.info\/fr\/wp-json\/wp\/v2\/pages"}],"about":[{"href":"https:\/\/nyala.info\/fr\/wp-json\/wp\/v2\/types\/page"}],"author":[{"embeddable":true,"href":"https:\/\/nyala.info\/fr\/wp-json\/wp\/v2\/users\/18"}],"replies":[{"embeddable":true,"href":"https:\/\/nyala.info\/fr\/wp-json\/wp\/v2\/comments?post=8404"}],"version-history":[{"count":1,"href":"https:\/\/nyala.info\/fr\/wp-json\/wp\/v2\/pages\/8404\/revisions"}],"predecessor-version":[{"id":8405,"href":"https:\/\/nyala.info\/fr\/wp-json\/wp\/v2\/pages\/8404\/revisions\/8405"}],"wp:attachment":[{"href":"https:\/\/nyala.info\/fr\/wp-json\/wp\/v2\/media?parent=8404"}],"curies":[{"name":"wp","href":"https:\/\/api.w.org\/{rel}","templated":true}]}}