{"id":8392,"date":"2024-06-26T10:49:20","date_gmt":"2024-06-26T08:49:20","guid":{"rendered":"https:\/\/nyala.info\/?page_id=8392"},"modified":"2024-06-26T10:49:20","modified_gmt":"2024-06-26T08:49:20","slug":"seance-de-spa","status":"publish","type":"page","link":"https:\/\/nyala.info\/fr\/calins\/seance-de-spa\/","title":{"rendered":"S\u00e9ance de spa"},"content":{"rendered":"<h1><\/h1>\n<h3 style=\"text-align: center;\">Offrez-vous une s\u00e9ance pour \u00e9quilibrer le corps et l&#8217;esprit dans un environnement intime, tranquille et relaxant. Profitez d&#8217;une s\u00e9ance de spa \u00e0 Sanremo, vous le m\u00e9ritez ! Situ\u00e9 \u00e0 15 minutes de l&#8217;H\u00f4tel Nyala.<\/h3>\n","protected":false},"excerpt":{"rendered":"<p>Offrez-vous une s\u00e9ance pour \u00e9quilibrer le corps et l&#8217;esprit dans un environnement intime, tranquille et relaxant. Profitez d&#8217;une s\u00e9ance de spa \u00e0 Sanremo, vous le m\u00e9ritez ! Situ\u00e9 \u00e0 15 minutes de l&#8217;H\u00f4tel Nyala.<\/p>\n","protected":false},"author":18,"featured_media":7775,"parent":8075,"menu_order":6,"comment_status":"closed","ping_status":"closed","template":"page_second_level.php","meta":{"_acf_changed":false,"footnotes":""},"class_list":["post-8392","page","type-page","status-publish","has-post-thumbnail","hentry"],"acf":[],"yoast_head":"<!-- This site is optimized with the Yoast SEO plugin v25.6 - https:\/\/yoast.com\/wordpress\/plugins\/seo\/ -->\n<title>S\u00e9ance de spa | Nyala Suite Hotel Hotel 4 \u00e9toiles \u00e0 San Remo<\/title>\n<meta name=\"robots\" content=\"noindex, follow, max-snippet:-1, max-image-preview:large, max-video-preview:-1\" \/>\n<meta property=\"og:locale\" content=\"fr_FR\" \/>\n<meta property=\"og:type\" content=\"article\" \/>\n<meta property=\"og:title\" content=\"S\u00e9ance de spa | Nyala Suite Hotel Hotel 4 \u00e9toiles \u00e0 San Remo\" \/>\n<meta property=\"og:description\" content=\"Offrez-vous une s\u00e9ance pour \u00e9quilibrer le corps et l&#8217;esprit dans un environnement intime, tranquille et relaxant. Profitez d&#8217;une s\u00e9ance de spa \u00e0 Sanremo, vous le m\u00e9ritez ! Situ\u00e9 \u00e0 15 minutes de l&#8217;H\u00f4tel Nyala.\" \/>\n<meta property=\"og:url\" content=\"https:\/\/nyala.info\/fr\/calins\/seance-de-spa\/\" \/>\n<meta property=\"og:site_name\" content=\"Nyala Suite Hotel\" \/>\n<meta property=\"og:image\" content=\"http:\/\/nyala.info\/wp-content\/uploads\/2019\/09\/massage-therapy-1612308_1920.jpg\" \/>\n\t<meta property=\"og:image:width\" content=\"1920\" \/>\n\t<meta property=\"og:image:height\" content=\"1280\" \/>\n\t<meta property=\"og:image:type\" content=\"image\/jpeg\" \/>\n<meta name=\"twitter:card\" content=\"summary_large_image\" \/>\n<meta name=\"twitter:label1\" content=\"Est. reading time\" \/>\n\t<meta name=\"twitter:data1\" content=\"1 minute\" \/>\n<script type=\"application\/ld+json\" class=\"yoast-schema-graph\">{\"@context\":\"https:\/\/schema.org\",\"@graph\":[{\"@type\":\"WebPage\",\"@id\":\"https:\/\/nyala.info\/fr\/calins\/seance-de-spa\/\",\"url\":\"https:\/\/nyala.info\/fr\/calins\/seance-de-spa\/\",\"name\":\"S\u00e9ance de spa | Nyala Suite Hotel Hotel 4 \u00e9toiles \u00e0 San Remo\",\"isPartOf\":{\"@id\":\"https:\/\/nyala.info\/fr\/#website\"},\"primaryImageOfPage\":{\"@id\":\"https:\/\/nyala.info\/fr\/calins\/seance-de-spa\/#primaryimage\"},\"image\":{\"@id\":\"https:\/\/nyala.info\/fr\/calins\/seance-de-spa\/#primaryimage\"},\"thumbnailUrl\":\"https:\/\/nyala.info\/wp-content\/uploads\/2019\/09\/massage-therapy-1612308_1920.jpg\",\"datePublished\":\"2024-06-26T08:49:20+00:00\",\"breadcrumb\":{\"@id\":\"https:\/\/nyala.info\/fr\/calins\/seance-de-spa\/#breadcrumb\"},\"inLanguage\":\"fr-FR\",\"potentialAction\":[{\"@type\":\"ReadAction\",\"target\":[\"https:\/\/nyala.info\/fr\/calins\/seance-de-spa\/\"]}]},{\"@type\":\"ImageObject\",\"inLanguage\":\"fr-FR\",\"@id\":\"https:\/\/nyala.info\/fr\/calins\/seance-de-spa\/#primaryimage\",\"url\":\"https:\/\/nyala.info\/wp-content\/uploads\/2019\/09\/massage-therapy-1612308_1920.jpg\",\"contentUrl\":\"https:\/\/nyala.info\/wp-content\/uploads\/2019\/09\/massage-therapy-1612308_1920.jpg\",\"width\":1920,\"height\":1280},{\"@type\":\"BreadcrumbList\",\"@id\":\"https:\/\/nyala.info\/fr\/calins\/seance-de-spa\/#breadcrumb\",\"itemListElement\":[{\"@type\":\"ListItem\",\"position\":1,\"name\":\"Home\",\"item\":\"https:\/\/nyala.info\/fr\/\"},{\"@type\":\"ListItem\",\"position\":2,\"name\":\"C\u00e2lins\",\"item\":\"https:\/\/nyala.info\/fr\/calins\/\"},{\"@type\":\"ListItem\",\"position\":3,\"name\":\"S\u00e9ance de spa\"}]},{\"@type\":\"WebSite\",\"@id\":\"https:\/\/nyala.info\/fr\/#website\",\"url\":\"https:\/\/nyala.info\/fr\/\",\"name\":\"Nyala Suite Hotel\",\"description\":\"Hotel 4 \u00e9toiles \u00e0 San Remo\",\"potentialAction\":[{\"@type\":\"SearchAction\",\"target\":{\"@type\":\"EntryPoint\",\"urlTemplate\":\"https:\/\/nyala.info\/fr\/?s={search_term_string}\"},\"query-input\":{\"@type\":\"PropertyValueSpecification\",\"valueRequired\":true,\"valueName\":\"search_term_string\"}}],\"inLanguage\":\"fr-FR\"}]}<\/script>\n<!-- \/ Yoast SEO plugin. -->","yoast_head_json":{"title":"S\u00e9ance de spa | Nyala Suite Hotel Hotel 4 \u00e9toiles \u00e0 San Remo","robots":{"index":"noindex","follow":"follow","max-snippet":"max-snippet:-1","max-image-preview":"max-image-preview:large","max-video-preview":"max-video-preview:-1"},"og_locale":"fr_FR","og_type":"article","og_title":"S\u00e9ance de spa | Nyala Suite Hotel Hotel 4 \u00e9toiles \u00e0 San Remo","og_description":"Offrez-vous une s\u00e9ance pour \u00e9quilibrer le corps et l&#8217;esprit dans un environnement intime, tranquille et relaxant. Profitez d&#8217;une s\u00e9ance de spa \u00e0 Sanremo, vous le m\u00e9ritez ! Situ\u00e9 \u00e0 15 minutes de l&#8217;H\u00f4tel Nyala.","og_url":"https:\/\/nyala.info\/fr\/calins\/seance-de-spa\/","og_site_name":"Nyala Suite Hotel","og_image":[{"width":1920,"height":1280,"url":"http:\/\/nyala.info\/wp-content\/uploads\/2019\/09\/massage-therapy-1612308_1920.jpg","type":"image\/jpeg"}],"twitter_card":"summary_large_image","twitter_misc":{"Est. reading time":"1 minute"},"schema":{"@context":"https:\/\/schema.org","@graph":[{"@type":"WebPage","@id":"https:\/\/nyala.info\/fr\/calins\/seance-de-spa\/","url":"https:\/\/nyala.info\/fr\/calins\/seance-de-spa\/","name":"S\u00e9ance de spa | Nyala Suite Hotel Hotel 4 \u00e9toiles \u00e0 San Remo","isPartOf":{"@id":"https:\/\/nyala.info\/fr\/#website"},"primaryImageOfPage":{"@id":"https:\/\/nyala.info\/fr\/calins\/seance-de-spa\/#primaryimage"},"image":{"@id":"https:\/\/nyala.info\/fr\/calins\/seance-de-spa\/#primaryimage"},"thumbnailUrl":"https:\/\/nyala.info\/wp-content\/uploads\/2019\/09\/massage-therapy-1612308_1920.jpg","datePublished":"2024-06-26T08:49:20+00:00","breadcrumb":{"@id":"https:\/\/nyala.info\/fr\/calins\/seance-de-spa\/#breadcrumb"},"inLanguage":"fr-FR","potentialAction":[{"@type":"ReadAction","target":["https:\/\/nyala.info\/fr\/calins\/seance-de-spa\/"]}]},{"@type":"ImageObject","inLanguage":"fr-FR","@id":"https:\/\/nyala.info\/fr\/calins\/seance-de-spa\/#primaryimage","url":"https:\/\/nyala.info\/wp-content\/uploads\/2019\/09\/massage-therapy-1612308_1920.jpg","contentUrl":"https:\/\/nyala.info\/wp-content\/uploads\/2019\/09\/massage-therapy-1612308_1920.jpg","width":1920,"height":1280},{"@type":"BreadcrumbList","@id":"https:\/\/nyala.info\/fr\/calins\/seance-de-spa\/#breadcrumb","itemListElement":[{"@type":"ListItem","position":1,"name":"Home","item":"https:\/\/nyala.info\/fr\/"},{"@type":"ListItem","position":2,"name":"C\u00e2lins","item":"https:\/\/nyala.info\/fr\/calins\/"},{"@type":"ListItem","position":3,"name":"S\u00e9ance de spa"}]},{"@type":"WebSite","@id":"https:\/\/nyala.info\/fr\/#website","url":"https:\/\/nyala.info\/fr\/","name":"Nyala Suite Hotel","description":"Hotel 4 \u00e9toiles \u00e0 San Remo","potentialAction":[{"@type":"SearchAction","target":{"@type":"EntryPoint","urlTemplate":"https:\/\/nyala.info\/fr\/?s={search_term_string}"},"query-input":{"@type":"PropertyValueSpecification","valueRequired":true,"valueName":"search_term_string"}}],"inLanguage":"fr-FR"}]}},"_links":{"self":[{"href":"https:\/\/nyala.info\/fr\/wp-json\/wp\/v2\/pages\/8392"}],"collection":[{"href":"https:\/\/nyala.info\/fr\/wp-json\/wp\/v2\/pages"}],"about":[{"href":"https:\/\/nyala.info\/fr\/wp-json\/wp\/v2\/types\/page"}],"author":[{"embeddable":true,"href":"https:\/\/nyala.info\/fr\/wp-json\/wp\/v2\/users\/18"}],"replies":[{"embeddable":true,"href":"https:\/\/nyala.info\/fr\/wp-json\/wp\/v2\/comments?post=8392"}],"version-history":[{"count":1,"href":"https:\/\/nyala.info\/fr\/wp-json\/wp\/v2\/pages\/8392\/revisions"}],"predecessor-version":[{"id":8393,"href":"https:\/\/nyala.info\/fr\/wp-json\/wp\/v2\/pages\/8392\/revisions\/8393"}],"up":[{"embeddable":true,"href":"https:\/\/nyala.info\/fr\/wp-json\/wp\/v2\/pages\/8075"}],"wp:featuredmedia":[{"embeddable":true,"href":"https:\/\/nyala.info\/fr\/wp-json\/wp\/v2\/media\/7775"}],"wp:attachment":[{"href":"https:\/\/nyala.info\/fr\/wp-json\/wp\/v2\/media?parent=8392"}],"curies":[{"name":"wp","href":"https:\/\/api.w.org\/{rel}","templated":true}]}}