{"id":4841,"date":"2017-05-26T10:17:40","date_gmt":"2017-05-26T08:17:40","guid":{"rendered":"http:\/\/www.nyalahotel.biz\/?page_id=4841\/"},"modified":"2018-01-04T11:05:22","modified_gmt":"2018-01-04T10:05:22","slug":"vacances-et-festivites","status":"publish","type":"page","link":"https:\/\/nyala.info\/fr\/offres-speciales-pour-vos-vacances\/vacances-et-festivites\/","title":{"rendered":"Vacances et festivit\u00e9s 2018"},"content":{"rendered":"<h1 style=\"text-align: center;\">Vacances et festivit\u00e9s 2018<\/h1>\n<h2 style=\"text-align: center;\">Reservez vos vacances \u00e0 Sanremo<\/h2>\n<p style=\"text-align: center;\">R\u00e9servez vos vacances \u00e0 Sanremo, dans notre h\u00f4tel, en choisissant<\/p>\n<p style=\"text-align: center;\">les offres sp\u00e9ciales \u00e0 l&#8217;occasion des principales festivit\u00e9s 2018 et de l&#8217;\u00e9t\u00e9.<\/p>\n<p style=\"text-align: center;\">Sanremo est une destination id\u00e9ale pour des vacances, avec une offre vaste d\u2019activit\u00e9s<\/p>\n<p style=\"text-align: center;\">telles que des <a href=\"http:\/\/www.nyalahotel.com\/fr\/offres-speciales-pour-vos-vacances\/grands-evenements\/\" target=\"_blank\" rel=\"noopener\">\u00e9v\u00e9nements<\/a> vari\u00e9s, du shopping, en allant de la culture aux loisirs.<\/p>\n<div class=\"col-md-6\">\n<h3 style=\"text-align: center;\">Passez les f\u00eates \u00e0 Sanremo<\/h3>\n<p style=\"text-align: center;\">Les f\u00eates de fin d&#8217;ann\u00e9e sont un moment id\u00e9al pour choisir de s\u00e9journer dans la Riviera. Gr\u00e2ce aux offres sp\u00e9ciales de notre h\u00f4tel nous souhaitons vous offrir une occasion suppl\u00e9mentaire de choisir Sanremo et la Ligurie:<\/p>\n<ul>\n<li style=\"text-align: center;\">A <strong>No\u00ebl<\/strong>, Sanremo vous offre un climat doux pour vous promener le long de la mer et pour partir \u00e0 la d\u00e9couverte des bourgs romantiques de la Ligurie<\/li>\n<li style=\"text-align: center;\">A l&#8217;occasion du <strong>Nouvel An<\/strong>, Sanremo vous propose un vaste programme de manifestations et notre h\u00f4tel vous propose le traditionnel R\u00e9veillon de la <strong><a href=\"http:\/\/www.nyalahotel.com\/fr\/offres-speciales-pour-vos-vacances\/vacances-et-festivites\/nouvel-an-a-sanremo\/\">Saint Sylvestre<\/a><\/strong><\/li>\n<li style=\"text-align: center;\">Pour f\u00eater l&#8217;<strong>Epiphanie<\/strong>, Sanremo vous propose le lancement des soldes d&#8217;hivers et toutes les f\u00eates de fins d&#8217;ann\u00e9es pour les grands et les petits<\/li>\n<li style=\"text-align: center;\">A P\u00e2ques, Sanremo vous propose d&#8217;anticiper l&#8217;arriv\u00e9e du Printemps<\/li>\n<\/ul>\n<p>&nbsp;<\/p>\n<\/div>\n<div class=\"col-md-6\">\n<h3 style=\"text-align: center;\">Vacances de la mer en Ligurie<\/h3>\n<p style=\"text-align: center;\">La mer Ligure est une destination traditionnelle pour les vacances d\u2019\u00e9t\u00e9.<\/p>\n<p style=\"text-align: center;\">\u00c0 Sanremo, en \u00e9t\u00e9, vous pourrez profiter de la <a href=\"http:\/\/www.nyalahotel.com\/fr\/hotel\/hotel-avec-piscine\/\">piscine de notre h\u00f4tel<\/a>, des plages de la Ligurie, mais aussi de nombreux<a href=\"http:\/\/www.nyalahotel.com\/fr\/les-evenements-a-sanremo\/\"> \u00e9v\u00e9nements<\/a> et de nombreux de magasins et bars-restaurants-discoth\u00e8ques qui rendent la ville tr\u00e8s vivante.<\/p>\n<\/div>\n<p>&nbsp;<\/p>\n<p style=\"text-align: center;\"><strong>De l&#8217;inspiration pour vos vacances:<br \/>\n<\/strong><\/p>\n<p style=\"text-align: center;\">Trouvez le coffret id\u00e9al pour vous dans notre section sp\u00e9ciale <a href=\"http:\/\/www.nyalahotel.com\/fr\/offres-speciales-pour-vos-vacances\/weekend-a-sanremo\/\">Weekend<\/a>.<\/p>\n<p>&nbsp;<\/p>\n<p style=\"text-align: center;\"><a class=\"maxbutton-3 maxbutton maxbutton-reserver\" target=\"_blank\" rel=\"noopener\" href=\"http:\/\/www.nyalahotel.com\/fr\/reserver\/\"><span class='mb-text'>Reserver<\/span><\/a><\/p>\n","protected":false},"excerpt":{"rendered":"<p>Vacances et festivit\u00e9s 2018 Reservez vos vacances \u00e0 Sanremo R\u00e9servez vos vacances \u00e0 Sanremo, dans notre h\u00f4tel, en choisissant les offres sp\u00e9ciales \u00e0 l&#8217;occasion des principales festivit\u00e9s 2018 et de l&#8217;\u00e9t\u00e9. Sanremo est une destination id\u00e9ale pour des vacances, avec une offre vaste d\u2019activit\u00e9s telles que des \u00e9v\u00e9nements vari\u00e9s, du shopping, en allant de la [&hellip;]<\/p>\n","protected":false},"author":3,"featured_media":0,"parent":3303,"menu_order":10,"comment_status":"open","ping_status":"closed","template":"offer_one_column.php","meta":{"_acf_changed":false,"footnotes":""},"class_list":["post-4841","page","type-page","status-publish","hentry"],"acf":[],"yoast_head":"<!-- This site is optimized with the Yoast SEO plugin v25.6 - https:\/\/yoast.com\/wordpress\/plugins\/seo\/ -->\n<title>Vacances et festivit\u00e9s 2018 | Nyala Suite Hotel Hotel 4 \u00e9toiles \u00e0 San Remo<\/title>\n<meta name=\"robots\" content=\"noindex, follow, max-snippet:-1, max-image-preview:large, max-video-preview:-1\" \/>\n<meta property=\"og:locale\" content=\"fr_FR\" \/>\n<meta property=\"og:type\" content=\"article\" \/>\n<meta property=\"og:title\" content=\"Vacances et festivit\u00e9s 2018 | Nyala Suite Hotel Hotel 4 \u00e9toiles \u00e0 San Remo\" \/>\n<meta property=\"og:description\" content=\"Vacances et festivit\u00e9s 2018 Reservez vos vacances \u00e0 Sanremo R\u00e9servez vos vacances \u00e0 Sanremo, dans notre h\u00f4tel, en choisissant les offres sp\u00e9ciales \u00e0 l&#8217;occasion des principales festivit\u00e9s 2018 et de l&#8217;\u00e9t\u00e9. Sanremo est une destination id\u00e9ale pour des vacances, avec une offre vaste d\u2019activit\u00e9s telles que des \u00e9v\u00e9nements vari\u00e9s, du shopping, en allant de la [&hellip;]\" \/>\n<meta property=\"og:url\" content=\"https:\/\/nyala.info\/fr\/offres-speciales-pour-vos-vacances\/vacances-et-festivites\/\" \/>\n<meta property=\"og:site_name\" content=\"Nyala Suite Hotel\" \/>\n<meta property=\"article:modified_time\" content=\"2018-01-04T10:05:22+00:00\" \/>\n<meta name=\"twitter:card\" content=\"summary_large_image\" \/>\n<meta name=\"twitter:label1\" content=\"Est. reading time\" \/>\n\t<meta name=\"twitter:data1\" content=\"1 minute\" \/>\n<script type=\"application\/ld+json\" class=\"yoast-schema-graph\">{\"@context\":\"https:\/\/schema.org\",\"@graph\":[{\"@type\":\"WebPage\",\"@id\":\"https:\/\/nyala.info\/fr\/offres-speciales-pour-vos-vacances\/vacances-et-festivites\/\",\"url\":\"https:\/\/nyala.info\/fr\/offres-speciales-pour-vos-vacances\/vacances-et-festivites\/\",\"name\":\"Vacances et festivit\u00e9s 2018 | Nyala Suite Hotel Hotel 4 \u00e9toiles \u00e0 San Remo\",\"isPartOf\":{\"@id\":\"https:\/\/nyala.info\/fr\/#website\"},\"datePublished\":\"2017-05-26T08:17:40+00:00\",\"dateModified\":\"2018-01-04T10:05:22+00:00\",\"breadcrumb\":{\"@id\":\"https:\/\/nyala.info\/fr\/offres-speciales-pour-vos-vacances\/vacances-et-festivites\/#breadcrumb\"},\"inLanguage\":\"fr-FR\",\"potentialAction\":[{\"@type\":\"ReadAction\",\"target\":[\"https:\/\/nyala.info\/fr\/offres-speciales-pour-vos-vacances\/vacances-et-festivites\/\"]}]},{\"@type\":\"BreadcrumbList\",\"@id\":\"https:\/\/nyala.info\/fr\/offres-speciales-pour-vos-vacances\/vacances-et-festivites\/#breadcrumb\",\"itemListElement\":[{\"@type\":\"ListItem\",\"position\":1,\"name\":\"Home\",\"item\":\"https:\/\/nyala.info\/fr\/\"},{\"@type\":\"ListItem\",\"position\":2,\"name\":\"Offres sp\u00e9ciales pour vos vacances\",\"item\":\"https:\/\/nyala.info\/fr\/offres-speciales-pour-vos-vacances\/\"},{\"@type\":\"ListItem\",\"position\":3,\"name\":\"Vacances et festivit\u00e9s 2018\"}]},{\"@type\":\"WebSite\",\"@id\":\"https:\/\/nyala.info\/fr\/#website\",\"url\":\"https:\/\/nyala.info\/fr\/\",\"name\":\"Nyala Suite Hotel\",\"description\":\"Hotel 4 \u00e9toiles \u00e0 San Remo\",\"potentialAction\":[{\"@type\":\"SearchAction\",\"target\":{\"@type\":\"EntryPoint\",\"urlTemplate\":\"https:\/\/nyala.info\/fr\/?s={search_term_string}\"},\"query-input\":{\"@type\":\"PropertyValueSpecification\",\"valueRequired\":true,\"valueName\":\"search_term_string\"}}],\"inLanguage\":\"fr-FR\"}]}<\/script>\n<!-- \/ Yoast SEO plugin. -->","yoast_head_json":{"title":"Vacances et festivit\u00e9s 2018 | Nyala Suite Hotel Hotel 4 \u00e9toiles \u00e0 San Remo","robots":{"index":"noindex","follow":"follow","max-snippet":"max-snippet:-1","max-image-preview":"max-image-preview:large","max-video-preview":"max-video-preview:-1"},"og_locale":"fr_FR","og_type":"article","og_title":"Vacances et festivit\u00e9s 2018 | Nyala Suite Hotel Hotel 4 \u00e9toiles \u00e0 San Remo","og_description":"Vacances et festivit\u00e9s 2018 Reservez vos vacances \u00e0 Sanremo R\u00e9servez vos vacances \u00e0 Sanremo, dans notre h\u00f4tel, en choisissant les offres sp\u00e9ciales \u00e0 l&#8217;occasion des principales festivit\u00e9s 2018 et de l&#8217;\u00e9t\u00e9. Sanremo est une destination id\u00e9ale pour des vacances, avec une offre vaste d\u2019activit\u00e9s telles que des \u00e9v\u00e9nements vari\u00e9s, du shopping, en allant de la [&hellip;]","og_url":"https:\/\/nyala.info\/fr\/offres-speciales-pour-vos-vacances\/vacances-et-festivites\/","og_site_name":"Nyala Suite Hotel","article_modified_time":"2018-01-04T10:05:22+00:00","twitter_card":"summary_large_image","twitter_misc":{"Est. reading time":"1 minute"},"schema":{"@context":"https:\/\/schema.org","@graph":[{"@type":"WebPage","@id":"https:\/\/nyala.info\/fr\/offres-speciales-pour-vos-vacances\/vacances-et-festivites\/","url":"https:\/\/nyala.info\/fr\/offres-speciales-pour-vos-vacances\/vacances-et-festivites\/","name":"Vacances et festivit\u00e9s 2018 | Nyala Suite Hotel Hotel 4 \u00e9toiles \u00e0 San Remo","isPartOf":{"@id":"https:\/\/nyala.info\/fr\/#website"},"datePublished":"2017-05-26T08:17:40+00:00","dateModified":"2018-01-04T10:05:22+00:00","breadcrumb":{"@id":"https:\/\/nyala.info\/fr\/offres-speciales-pour-vos-vacances\/vacances-et-festivites\/#breadcrumb"},"inLanguage":"fr-FR","potentialAction":[{"@type":"ReadAction","target":["https:\/\/nyala.info\/fr\/offres-speciales-pour-vos-vacances\/vacances-et-festivites\/"]}]},{"@type":"BreadcrumbList","@id":"https:\/\/nyala.info\/fr\/offres-speciales-pour-vos-vacances\/vacances-et-festivites\/#breadcrumb","itemListElement":[{"@type":"ListItem","position":1,"name":"Home","item":"https:\/\/nyala.info\/fr\/"},{"@type":"ListItem","position":2,"name":"Offres sp\u00e9ciales pour vos vacances","item":"https:\/\/nyala.info\/fr\/offres-speciales-pour-vos-vacances\/"},{"@type":"ListItem","position":3,"name":"Vacances et festivit\u00e9s 2018"}]},{"@type":"WebSite","@id":"https:\/\/nyala.info\/fr\/#website","url":"https:\/\/nyala.info\/fr\/","name":"Nyala Suite Hotel","description":"Hotel 4 \u00e9toiles \u00e0 San Remo","potentialAction":[{"@type":"SearchAction","target":{"@type":"EntryPoint","urlTemplate":"https:\/\/nyala.info\/fr\/?s={search_term_string}"},"query-input":{"@type":"PropertyValueSpecification","valueRequired":true,"valueName":"search_term_string"}}],"inLanguage":"fr-FR"}]}},"_links":{"self":[{"href":"https:\/\/nyala.info\/fr\/wp-json\/wp\/v2\/pages\/4841"}],"collection":[{"href":"https:\/\/nyala.info\/fr\/wp-json\/wp\/v2\/pages"}],"about":[{"href":"https:\/\/nyala.info\/fr\/wp-json\/wp\/v2\/types\/page"}],"author":[{"embeddable":true,"href":"https:\/\/nyala.info\/fr\/wp-json\/wp\/v2\/users\/3"}],"replies":[{"embeddable":true,"href":"https:\/\/nyala.info\/fr\/wp-json\/wp\/v2\/comments?post=4841"}],"version-history":[{"count":14,"href":"https:\/\/nyala.info\/fr\/wp-json\/wp\/v2\/pages\/4841\/revisions"}],"predecessor-version":[{"id":7012,"href":"https:\/\/nyala.info\/fr\/wp-json\/wp\/v2\/pages\/4841\/revisions\/7012"}],"up":[{"embeddable":true,"href":"https:\/\/nyala.info\/fr\/wp-json\/wp\/v2\/pages\/3303"}],"wp:attachment":[{"href":"https:\/\/nyala.info\/fr\/wp-json\/wp\/v2\/media?parent=4841"}],"curies":[{"name":"wp","href":"https:\/\/api.w.org\/{rel}","templated":true}]}}