{"id":4811,"date":"2017-05-25T12:10:23","date_gmt":"2017-05-25T10:10:23","guid":{"rendered":"http:\/\/www.nyalahotel.biz\/?page_id=4811\/"},"modified":"2018-12-27T18:58:45","modified_gmt":"2018-12-27T17:58:45","slug":"san-valentino-sanremo","status":"publish","type":"page","link":"https:\/\/nyala.info\/fr\/offres-speciales-pour-vos-vacances\/weekend-a-sanremo\/san-valentino-sanremo\/","title":{"rendered":"Saint Valentin \u00e0 Sanremo"},"content":{"rendered":"<h2 style=\"text-align: center;\">R\u00e9servez tout de suite votre week-end de la Saint Valentin dans notre h\u00f4tel 4 \u00e9toiles<br \/>\net vous serez envo\u00fbt\u00e9 par la magie de Sanremo et des bourgs de la Riviera des Fleurs.<\/h2>\n<ul class=\"tabs\">\n<li class=\"tab-link current\" data-tab=\"tab-1\">Info et r\u00e9servations<\/li>\n<li class=\"tab-link\" data-tab=\"tab-2\">Notre offre comprend<\/li>\n<li class=\"tab-link\" data-tab=\"tab-3\">Conditions de r\u00e9servation<\/li>\n<\/ul>\n<div id=\"tab-1\" class=\"tab-content current\">\n<p>Le charme des fleurs de Sanremo et le romantisme des bourgs de la Riviera pour un week-end magique. Le romantisme de la Riviera et des Alpes-Maritimes s&#8217;unit \u00e0 la mer Ligure pour un bref, mais magique, s\u00e9jour.<\/p>\n<p style=\"text-align: center;\"><a class=\"maxbutton-3 maxbutton maxbutton-reserver\" target=\"_blank\" rel=\"noopener\" href=\"http:\/\/www.nyalahotel.com\/fr\/reserver\/\"><span class='mb-text'>Reserver<\/span><\/a><\/p>\n<\/div>\n<div id=\"tab-2\" class=\"tab-content\">Notre offre comprend :<br \/>\nFormule 4&#215;3 = restez 4 nuits et payez-en 3 seulement !<br \/>\nVos animaux de compagnie sont les bienvenus et s\u00e9journent gratuitement !S\u00e9jour en chambre et petit-d\u00e9jeuner sous forme de buffet<br \/>\nLe Gala de la Saint Valentin : le samedi soir nous vous offrons un d\u00eener d&#8217;exception avec un menu<br \/>\ninspir\u00e9 de la cuisine des fleurs de Sanremo et en musique<br \/>\nUn d\u00e9jeuner typique dans un des d\u00e9licieux et charmants bourgs m\u00e9di\u00e9vaux de l&#8217;arri\u00e8re-pays<br \/>\nPour votre moiti\u00e9, un bouquet compos\u00e9 de splendides fleurs de SanremoL&#8217;offre comprend aussi :<br \/>\nLe transfert depuis et vers la gare ferroviaire, \u00e0 l&#8217;arriv\u00e9e comme au d\u00e9part<br \/>\nLe parking priv\u00e9, en fonction des disponibilit\u00e9s<br \/>\nUn bon \u00e0 transformer en fiches pour tenter votre chance au Casino de Sanremo.<\/div>\n<div id=\"tab-3\" class=\"tab-content\">\n<p>CONDITIONS DE R\u00c9SERVATION.<br \/>\nDur\u00e9e minimale du s\u00e9jour : 1 nuit.<br \/>\nDur\u00e9e maximale du s\u00e9jour : 7 nuits.<br \/>\nCette offre est disponible uniquement pour les r\u00e9servations en ligne et pour un nombre limit\u00e9 de places.<br \/>\nL\u2019offre est valable uniquement pendant la manifestation.<br \/>\nToutes les r\u00e9ductions propos\u00e9es sont calcul\u00e9es automatiquement par notre logiciel de r\u00e9servation.<br \/>\nL&#8217;offre peut subir quelques modifications au cours de l\u2019ann\u00e9e et ce sans pr\u00e9avis.<br \/>\nEn cas de r\u00e9clamation, les tarifs propos\u00e9s par notre logiciel de r\u00e9servation feront foi.<br \/>\nCaution : 25% (min. 1 nuit).<br \/>\nAnnulation gratuite jusqu\u2019\u00e0 3 jours avant votre arriv\u00e9e.<br \/>\nP\u00e9nalit\u00e9 en cas d\u2019annulation tardive, de non-pr\u00e9sentation ou de d\u00e9part anticip\u00e9 : 100%.<\/p>\n<\/div>\n<p><!-- container --><br \/>\n<script type=\"text\/javascript\">\n\tjQuery(document).ready(function(){\t\n\tjQuery('ul.tabs li').click(function(){\n\t\tvar tab_id = jQuery(this).attr('data-tab');\n\t\tjQuery('ul.tabs li').removeClass('current');\n\t\tjQuery('.tab-content').removeClass('current');\n\t\tjQuery(this).addClass('current');\n\t\tjQuery(\"#\"+tab_id).addClass('current');\n\t})\n})\n<\/script><\/p>\n","protected":false},"excerpt":{"rendered":"<p>R\u00e9servez tout de suite votre week-end de la Saint Valentin dans notre h\u00f4tel 4 \u00e9toiles et vous serez envo\u00fbt\u00e9 par la magie de Sanremo et des bourgs de la Riviera des Fleurs. Info et r\u00e9servations Notre offre comprend Conditions de r\u00e9servation Le charme des fleurs de Sanremo et le romantisme des bourgs de la Riviera [&hellip;]<\/p>\n","protected":false},"author":3,"featured_media":7408,"parent":4799,"menu_order":0,"comment_status":"closed","ping_status":"closed","template":"","meta":{"_acf_changed":false,"footnotes":""},"class_list":["post-4811","page","type-page","status-publish","has-post-thumbnail","hentry"],"acf":[],"yoast_head":"<!-- This site is optimized with the Yoast SEO plugin v25.6 - https:\/\/yoast.com\/wordpress\/plugins\/seo\/ -->\n<title>Saint Valentin \u00e0 Sanremo | Nyala Suite Hotel Hotel 4 \u00e9toiles \u00e0 San Remo<\/title>\n<meta name=\"robots\" content=\"noindex, follow, max-snippet:-1, max-image-preview:large, max-video-preview:-1\" \/>\n<meta property=\"og:locale\" content=\"fr_FR\" \/>\n<meta property=\"og:type\" content=\"article\" \/>\n<meta property=\"og:title\" content=\"Saint Valentin \u00e0 Sanremo | Nyala Suite Hotel Hotel 4 \u00e9toiles \u00e0 San Remo\" \/>\n<meta property=\"og:description\" content=\"R\u00e9servez tout de suite votre week-end de la Saint Valentin dans notre h\u00f4tel 4 \u00e9toiles et vous serez envo\u00fbt\u00e9 par la magie de Sanremo et des bourgs de la Riviera des Fleurs. Info et r\u00e9servations Notre offre comprend Conditions de r\u00e9servation Le charme des fleurs de Sanremo et le romantisme des bourgs de la Riviera [&hellip;]\" \/>\n<meta property=\"og:url\" content=\"https:\/\/nyala.info\/fr\/offres-speciales-pour-vos-vacances\/weekend-a-sanremo\/san-valentino-sanremo\/\" \/>\n<meta property=\"og:site_name\" content=\"Nyala Suite Hotel\" \/>\n<meta property=\"article:modified_time\" content=\"2018-12-27T17:58:45+00:00\" \/>\n<meta property=\"og:image\" content=\"https:\/\/nyala.info\/wp-content\/uploads\/2018\/12\/vacanze-san-valentino.jpg\" \/>\n\t<meta property=\"og:image:width\" content=\"400\" \/>\n\t<meta property=\"og:image:height\" content=\"240\" \/>\n\t<meta property=\"og:image:type\" content=\"image\/jpeg\" \/>\n<meta name=\"twitter:card\" content=\"summary_large_image\" \/>\n<meta name=\"twitter:label1\" content=\"Est. reading time\" \/>\n\t<meta name=\"twitter:data1\" content=\"2 minutes\" \/>\n<script type=\"application\/ld+json\" class=\"yoast-schema-graph\">{\"@context\":\"https:\/\/schema.org\",\"@graph\":[{\"@type\":\"WebPage\",\"@id\":\"https:\/\/nyala.info\/fr\/offres-speciales-pour-vos-vacances\/weekend-a-sanremo\/san-valentino-sanremo\/\",\"url\":\"https:\/\/nyala.info\/fr\/offres-speciales-pour-vos-vacances\/weekend-a-sanremo\/san-valentino-sanremo\/\",\"name\":\"Saint Valentin \u00e0 Sanremo | Nyala Suite Hotel Hotel 4 \u00e9toiles \u00e0 San Remo\",\"isPartOf\":{\"@id\":\"https:\/\/nyala.info\/fr\/#website\"},\"primaryImageOfPage\":{\"@id\":\"https:\/\/nyala.info\/fr\/offres-speciales-pour-vos-vacances\/weekend-a-sanremo\/san-valentino-sanremo\/#primaryimage\"},\"image\":{\"@id\":\"https:\/\/nyala.info\/fr\/offres-speciales-pour-vos-vacances\/weekend-a-sanremo\/san-valentino-sanremo\/#primaryimage\"},\"thumbnailUrl\":\"https:\/\/nyala.info\/wp-content\/uploads\/2018\/12\/vacanze-san-valentino.jpg\",\"datePublished\":\"2017-05-25T10:10:23+00:00\",\"dateModified\":\"2018-12-27T17:58:45+00:00\",\"breadcrumb\":{\"@id\":\"https:\/\/nyala.info\/fr\/offres-speciales-pour-vos-vacances\/weekend-a-sanremo\/san-valentino-sanremo\/#breadcrumb\"},\"inLanguage\":\"fr-FR\",\"potentialAction\":[{\"@type\":\"ReadAction\",\"target\":[\"https:\/\/nyala.info\/fr\/offres-speciales-pour-vos-vacances\/weekend-a-sanremo\/san-valentino-sanremo\/\"]}]},{\"@type\":\"ImageObject\",\"inLanguage\":\"fr-FR\",\"@id\":\"https:\/\/nyala.info\/fr\/offres-speciales-pour-vos-vacances\/weekend-a-sanremo\/san-valentino-sanremo\/#primaryimage\",\"url\":\"https:\/\/nyala.info\/wp-content\/uploads\/2018\/12\/vacanze-san-valentino.jpg\",\"contentUrl\":\"https:\/\/nyala.info\/wp-content\/uploads\/2018\/12\/vacanze-san-valentino.jpg\",\"width\":400,\"height\":240},{\"@type\":\"BreadcrumbList\",\"@id\":\"https:\/\/nyala.info\/fr\/offres-speciales-pour-vos-vacances\/weekend-a-sanremo\/san-valentino-sanremo\/#breadcrumb\",\"itemListElement\":[{\"@type\":\"ListItem\",\"position\":1,\"name\":\"Home\",\"item\":\"https:\/\/nyala.info\/fr\/\"},{\"@type\":\"ListItem\",\"position\":2,\"name\":\"Offres sp\u00e9ciales pour vos vacances\",\"item\":\"https:\/\/nyala.info\/fr\/offres-speciales-pour-vos-vacances\/\"},{\"@type\":\"ListItem\",\"position\":3,\"name\":\"Weekend \u00e0 Sanremo\",\"item\":\"https:\/\/nyala.info\/fr\/offres-speciales-pour-vos-vacances\/weekend-a-sanremo\/\"},{\"@type\":\"ListItem\",\"position\":4,\"name\":\"Saint Valentin \u00e0 Sanremo\"}]},{\"@type\":\"WebSite\",\"@id\":\"https:\/\/nyala.info\/fr\/#website\",\"url\":\"https:\/\/nyala.info\/fr\/\",\"name\":\"Nyala Suite Hotel\",\"description\":\"Hotel 4 \u00e9toiles \u00e0 San Remo\",\"potentialAction\":[{\"@type\":\"SearchAction\",\"target\":{\"@type\":\"EntryPoint\",\"urlTemplate\":\"https:\/\/nyala.info\/fr\/?s={search_term_string}\"},\"query-input\":{\"@type\":\"PropertyValueSpecification\",\"valueRequired\":true,\"valueName\":\"search_term_string\"}}],\"inLanguage\":\"fr-FR\"}]}<\/script>\n<!-- \/ Yoast SEO plugin. -->","yoast_head_json":{"title":"Saint Valentin \u00e0 Sanremo | Nyala Suite Hotel Hotel 4 \u00e9toiles \u00e0 San Remo","robots":{"index":"noindex","follow":"follow","max-snippet":"max-snippet:-1","max-image-preview":"max-image-preview:large","max-video-preview":"max-video-preview:-1"},"og_locale":"fr_FR","og_type":"article","og_title":"Saint Valentin \u00e0 Sanremo | Nyala Suite Hotel Hotel 4 \u00e9toiles \u00e0 San Remo","og_description":"R\u00e9servez tout de suite votre week-end de la Saint Valentin dans notre h\u00f4tel 4 \u00e9toiles et vous serez envo\u00fbt\u00e9 par la magie de Sanremo et des bourgs de la Riviera des Fleurs. Info et r\u00e9servations Notre offre comprend Conditions de r\u00e9servation Le charme des fleurs de Sanremo et le romantisme des bourgs de la Riviera [&hellip;]","og_url":"https:\/\/nyala.info\/fr\/offres-speciales-pour-vos-vacances\/weekend-a-sanremo\/san-valentino-sanremo\/","og_site_name":"Nyala Suite Hotel","article_modified_time":"2018-12-27T17:58:45+00:00","og_image":[{"width":400,"height":240,"url":"https:\/\/nyala.info\/wp-content\/uploads\/2018\/12\/vacanze-san-valentino.jpg","type":"image\/jpeg"}],"twitter_card":"summary_large_image","twitter_misc":{"Est. reading time":"2 minutes"},"schema":{"@context":"https:\/\/schema.org","@graph":[{"@type":"WebPage","@id":"https:\/\/nyala.info\/fr\/offres-speciales-pour-vos-vacances\/weekend-a-sanremo\/san-valentino-sanremo\/","url":"https:\/\/nyala.info\/fr\/offres-speciales-pour-vos-vacances\/weekend-a-sanremo\/san-valentino-sanremo\/","name":"Saint Valentin \u00e0 Sanremo | Nyala Suite Hotel Hotel 4 \u00e9toiles \u00e0 San Remo","isPartOf":{"@id":"https:\/\/nyala.info\/fr\/#website"},"primaryImageOfPage":{"@id":"https:\/\/nyala.info\/fr\/offres-speciales-pour-vos-vacances\/weekend-a-sanremo\/san-valentino-sanremo\/#primaryimage"},"image":{"@id":"https:\/\/nyala.info\/fr\/offres-speciales-pour-vos-vacances\/weekend-a-sanremo\/san-valentino-sanremo\/#primaryimage"},"thumbnailUrl":"https:\/\/nyala.info\/wp-content\/uploads\/2018\/12\/vacanze-san-valentino.jpg","datePublished":"2017-05-25T10:10:23+00:00","dateModified":"2018-12-27T17:58:45+00:00","breadcrumb":{"@id":"https:\/\/nyala.info\/fr\/offres-speciales-pour-vos-vacances\/weekend-a-sanremo\/san-valentino-sanremo\/#breadcrumb"},"inLanguage":"fr-FR","potentialAction":[{"@type":"ReadAction","target":["https:\/\/nyala.info\/fr\/offres-speciales-pour-vos-vacances\/weekend-a-sanremo\/san-valentino-sanremo\/"]}]},{"@type":"ImageObject","inLanguage":"fr-FR","@id":"https:\/\/nyala.info\/fr\/offres-speciales-pour-vos-vacances\/weekend-a-sanremo\/san-valentino-sanremo\/#primaryimage","url":"https:\/\/nyala.info\/wp-content\/uploads\/2018\/12\/vacanze-san-valentino.jpg","contentUrl":"https:\/\/nyala.info\/wp-content\/uploads\/2018\/12\/vacanze-san-valentino.jpg","width":400,"height":240},{"@type":"BreadcrumbList","@id":"https:\/\/nyala.info\/fr\/offres-speciales-pour-vos-vacances\/weekend-a-sanremo\/san-valentino-sanremo\/#breadcrumb","itemListElement":[{"@type":"ListItem","position":1,"name":"Home","item":"https:\/\/nyala.info\/fr\/"},{"@type":"ListItem","position":2,"name":"Offres sp\u00e9ciales pour vos vacances","item":"https:\/\/nyala.info\/fr\/offres-speciales-pour-vos-vacances\/"},{"@type":"ListItem","position":3,"name":"Weekend \u00e0 Sanremo","item":"https:\/\/nyala.info\/fr\/offres-speciales-pour-vos-vacances\/weekend-a-sanremo\/"},{"@type":"ListItem","position":4,"name":"Saint Valentin \u00e0 Sanremo"}]},{"@type":"WebSite","@id":"https:\/\/nyala.info\/fr\/#website","url":"https:\/\/nyala.info\/fr\/","name":"Nyala Suite Hotel","description":"Hotel 4 \u00e9toiles \u00e0 San Remo","potentialAction":[{"@type":"SearchAction","target":{"@type":"EntryPoint","urlTemplate":"https:\/\/nyala.info\/fr\/?s={search_term_string}"},"query-input":{"@type":"PropertyValueSpecification","valueRequired":true,"valueName":"search_term_string"}}],"inLanguage":"fr-FR"}]}},"_links":{"self":[{"href":"https:\/\/nyala.info\/fr\/wp-json\/wp\/v2\/pages\/4811"}],"collection":[{"href":"https:\/\/nyala.info\/fr\/wp-json\/wp\/v2\/pages"}],"about":[{"href":"https:\/\/nyala.info\/fr\/wp-json\/wp\/v2\/types\/page"}],"author":[{"embeddable":true,"href":"https:\/\/nyala.info\/fr\/wp-json\/wp\/v2\/users\/3"}],"replies":[{"embeddable":true,"href":"https:\/\/nyala.info\/fr\/wp-json\/wp\/v2\/comments?post=4811"}],"version-history":[{"count":9,"href":"https:\/\/nyala.info\/fr\/wp-json\/wp\/v2\/pages\/4811\/revisions"}],"predecessor-version":[{"id":7439,"href":"https:\/\/nyala.info\/fr\/wp-json\/wp\/v2\/pages\/4811\/revisions\/7439"}],"up":[{"embeddable":true,"href":"https:\/\/nyala.info\/fr\/wp-json\/wp\/v2\/pages\/4799"}],"wp:featuredmedia":[{"embeddable":true,"href":"https:\/\/nyala.info\/fr\/wp-json\/wp\/v2\/media\/7408"}],"wp:attachment":[{"href":"https:\/\/nyala.info\/fr\/wp-json\/wp\/v2\/media?parent=4811"}],"curies":[{"name":"wp","href":"https:\/\/api.w.org\/{rel}","templated":true}]}}