{"id":4809,"date":"2017-05-25T12:18:53","date_gmt":"2017-05-25T10:18:53","guid":{"rendered":"http:\/\/www.nyalahotel.biz\/?page_id=4809\/"},"modified":"2018-12-27T18:37:06","modified_gmt":"2018-12-27T17:37:06","slug":"journee-de-la-femme-san-remo","status":"publish","type":"page","link":"https:\/\/nyala.info\/fr\/offres-speciales-pour-vos-vacances\/weekend-a-sanremo\/journee-de-la-femme-san-remo\/","title":{"rendered":"Journ\u00e9e de la Femme \u00e0 San Remo"},"content":{"rendered":"<h2 style=\"text-align: center;\">A l&#8217;occasion de la Journ\u00e9e de la Femme le 8 mars,<br \/>\nr\u00e9servez tout de suite votre week-end \u00e0 Sanremo dans notre h\u00f4tel 4 \u00e9toiles et<br \/>\nlaissez-vous charmer par la magie des bourgs de la Riviera des Fleurs.<\/h2>\n<p>&nbsp;<\/p>\n<ul class=\"tabs\">\n<li class=\"tab-link current\" data-tab=\"tab-1\">Info et r\u00e9servations<\/li>\n<li class=\"tab-link\" data-tab=\"tab-2\">Notre offre comprend<\/li>\n<li class=\"tab-link\" data-tab=\"tab-3\">Conditions de r\u00e9servation<\/li>\n<\/ul>\n<div id=\"tab-1\" class=\"tab-content current\">\n<p>Le charme des fleurs de San Remo et le romantisme des bourgs de la Riviera pour un weekend magique.<\/p>\n<p>Le mimosa est la production typique de la Riviera des fleurs. Quel autre lieu pourrait donc honorer les femmes \u00e0 l&#8217;occasion de la Journ\u00e9e de la Femme ?<\/p>\n<p style=\"text-align: center;\"><a class=\"maxbutton-3 maxbutton maxbutton-reserver\" target=\"_blank\" rel=\"noopener\" href=\"http:\/\/www.nyalahotel.com\/fr\/reserver\/\"><span class='mb-text'>Reserver<\/span><\/a><\/p>\n<\/div>\n<div id=\"tab-2\" class=\"tab-content\">\n<p>Notre offre sp\u00e9ciale comprend\u00a0:<\/p>\n<ul>\n<li>Formule 4&#215;3 = restez 4 nuits et payez-en 3 seulement\u00a0!<\/li>\n<li>Vos animaux de compagnie sont les bienvenus et s\u00e9journent gratuitement\u00a0!<\/li>\n<li>S\u00e9jour en chambre et petit-d\u00e9jeuner sous forme de buffet<\/li>\n<li><strong>Le Gala des Mimosas <\/strong>: le samedi soir nous vous offrirons un d\u00eener d&#8217;exception avec un menu inspir\u00e9 de la cuisine des fleurs de Sanremo avec un accompagnement musical<\/li>\n<li>Un d\u00e9jeuner typique dans un des d\u00e9licieux et romantiques bourgs m\u00e9di\u00e9vaux de l&#8217;arri\u00e8re-pays de Sanremo<\/li>\n<li>Un bouquet de mimosas de Sanremo<\/li>\n<\/ul>\n<p>L&#8217;offre comprend aussi :<\/p>\n<ul>\n<li>Le transfert depuis et vers la gare ferroviaire, \u00e0 l&#8217;arriv\u00e9e comme au d\u00e9part<\/li>\n<li>Le parking priv\u00e9, en fonction des disponibilit\u00e9s<\/li>\n<li>Un bon \u00e0 transformer en fiches pour tenter votre chance au Casino de Sanremo.<\/li>\n<\/ul>\n<\/div>\n<div id=\"tab-3\" class=\"tab-content\">CONDITIONS DE RESERVATION.<br \/>\nDur\u00e9e minimale du s\u00e9jour : 1 nuit.<br \/>\nrt anticip\u00e9ment par notre logiciel de r\u00e9serv.<br \/>\nDur\u00e9e maximale du s\u00e9jour : 7 nuits.<br \/>\nCette offre est disponible uniquement pour les r\u00e9servations en ligne et pour un nombre limit\u00e9 de places.<br \/>\nL\u2019offre est valable uniquement pendant la manifestation.<br \/>\nToutes les r\u00e9ductions propos\u00e9es sont calcul\u00e9es automatiquement par notre logiciel de r\u00e9servation.<br \/>\nL&#8217;offre peut subir quelques modifications au cours de l\u2019ann\u00e9e et ce sans pr\u00e9avis.<br \/>\nEn cas de r\u00e9clamation, les tarifs propos\u00e9s par notre logiciel de r\u00e9servation feront foi.<br \/>\nCaution : 25% (min. 1 nuit).<br \/>\nAnnulation gratuite jusqu\u2019\u00e0 3 jours avant votre arriv\u00e9e.<br \/>\nP\u00e9nalit\u00e9 en cas d\u2019annulation tardive, de non-pr\u00e9sentation ou de d\u00e9part anticip\u00e9: 100%.<\/div>\n<p><!-- container --><br \/>\n<script type=\"text\/javascript\">\n\tjQuery(document).ready(function(){\t\n\tjQuery('ul.tabs li').click(function(){\n\t\tvar tab_id = jQuery(this).attr('data-tab');\n\t\tjQuery('ul.tabs li').removeClass('current');\n\t\tjQuery('.tab-content').removeClass('current');\n\t\tjQuery(this).addClass('current');\n\t\tjQuery(\"#\"+tab_id).addClass('current');\n\t})\n})\n<\/script><\/p>\n","protected":false},"excerpt":{"rendered":"<p>A l&#8217;occasion de la Journ\u00e9e de la Femme le 8 mars, r\u00e9servez tout de suite votre week-end \u00e0 Sanremo dans notre h\u00f4tel 4 \u00e9toiles et laissez-vous charmer par la magie des bourgs de la Riviera des Fleurs. &nbsp; Info et r\u00e9servations Notre offre comprend Conditions de r\u00e9servation Le charme des fleurs de San Remo et [&hellip;]<\/p>\n","protected":false},"author":3,"featured_media":4515,"parent":4799,"menu_order":0,"comment_status":"closed","ping_status":"closed","template":"","meta":{"_acf_changed":false,"footnotes":""},"class_list":["post-4809","page","type-page","status-publish","has-post-thumbnail","hentry"],"acf":[],"yoast_head":"<!-- This site is optimized with the Yoast SEO plugin v25.6 - https:\/\/yoast.com\/wordpress\/plugins\/seo\/ -->\n<title>Journ\u00e9e de la Femme \u00e0 San Remo | Nyala Suite Hotel Hotel 4 \u00e9toiles \u00e0 San Remo<\/title>\n<meta name=\"robots\" content=\"noindex, follow, max-snippet:-1, max-image-preview:large, max-video-preview:-1\" \/>\n<meta property=\"og:locale\" content=\"fr_FR\" \/>\n<meta property=\"og:type\" content=\"article\" \/>\n<meta property=\"og:title\" content=\"Journ\u00e9e de la Femme \u00e0 San Remo | Nyala Suite Hotel Hotel 4 \u00e9toiles \u00e0 San Remo\" \/>\n<meta property=\"og:description\" content=\"A l&#8217;occasion de la Journ\u00e9e de la Femme le 8 mars, r\u00e9servez tout de suite votre week-end \u00e0 Sanremo dans notre h\u00f4tel 4 \u00e9toiles et laissez-vous charmer par la magie des bourgs de la Riviera des Fleurs. &nbsp; Info et r\u00e9servations Notre offre comprend Conditions de r\u00e9servation Le charme des fleurs de San Remo et [&hellip;]\" \/>\n<meta property=\"og:url\" content=\"https:\/\/nyala.info\/fr\/offres-speciales-pour-vos-vacances\/weekend-a-sanremo\/journee-de-la-femme-san-remo\/\" \/>\n<meta property=\"og:site_name\" content=\"Nyala Suite Hotel\" \/>\n<meta property=\"article:modified_time\" content=\"2018-12-27T17:37:06+00:00\" \/>\n<meta property=\"og:image\" content=\"https:\/\/nyala.info\/wp-content\/uploads\/2017\/04\/8marzo.jpg\" \/>\n\t<meta property=\"og:image:width\" content=\"400\" \/>\n\t<meta property=\"og:image:height\" content=\"240\" \/>\n\t<meta property=\"og:image:type\" content=\"image\/jpeg\" \/>\n<meta name=\"twitter:card\" content=\"summary_large_image\" \/>\n<meta name=\"twitter:label1\" content=\"Est. reading time\" \/>\n\t<meta name=\"twitter:data1\" content=\"2 minutes\" \/>\n<script type=\"application\/ld+json\" class=\"yoast-schema-graph\">{\"@context\":\"https:\/\/schema.org\",\"@graph\":[{\"@type\":\"WebPage\",\"@id\":\"https:\/\/nyala.info\/fr\/offres-speciales-pour-vos-vacances\/weekend-a-sanremo\/journee-de-la-femme-san-remo\/\",\"url\":\"https:\/\/nyala.info\/fr\/offres-speciales-pour-vos-vacances\/weekend-a-sanremo\/journee-de-la-femme-san-remo\/\",\"name\":\"Journ\u00e9e de la Femme \u00e0 San Remo | Nyala Suite Hotel Hotel 4 \u00e9toiles \u00e0 San Remo\",\"isPartOf\":{\"@id\":\"https:\/\/nyala.info\/fr\/#website\"},\"primaryImageOfPage\":{\"@id\":\"https:\/\/nyala.info\/fr\/offres-speciales-pour-vos-vacances\/weekend-a-sanremo\/journee-de-la-femme-san-remo\/#primaryimage\"},\"image\":{\"@id\":\"https:\/\/nyala.info\/fr\/offres-speciales-pour-vos-vacances\/weekend-a-sanremo\/journee-de-la-femme-san-remo\/#primaryimage\"},\"thumbnailUrl\":\"https:\/\/nyala.info\/wp-content\/uploads\/2017\/04\/8marzo.jpg\",\"datePublished\":\"2017-05-25T10:18:53+00:00\",\"dateModified\":\"2018-12-27T17:37:06+00:00\",\"breadcrumb\":{\"@id\":\"https:\/\/nyala.info\/fr\/offres-speciales-pour-vos-vacances\/weekend-a-sanremo\/journee-de-la-femme-san-remo\/#breadcrumb\"},\"inLanguage\":\"fr-FR\",\"potentialAction\":[{\"@type\":\"ReadAction\",\"target\":[\"https:\/\/nyala.info\/fr\/offres-speciales-pour-vos-vacances\/weekend-a-sanremo\/journee-de-la-femme-san-remo\/\"]}]},{\"@type\":\"ImageObject\",\"inLanguage\":\"fr-FR\",\"@id\":\"https:\/\/nyala.info\/fr\/offres-speciales-pour-vos-vacances\/weekend-a-sanremo\/journee-de-la-femme-san-remo\/#primaryimage\",\"url\":\"https:\/\/nyala.info\/wp-content\/uploads\/2017\/04\/8marzo.jpg\",\"contentUrl\":\"https:\/\/nyala.info\/wp-content\/uploads\/2017\/04\/8marzo.jpg\",\"width\":400,\"height\":240},{\"@type\":\"BreadcrumbList\",\"@id\":\"https:\/\/nyala.info\/fr\/offres-speciales-pour-vos-vacances\/weekend-a-sanremo\/journee-de-la-femme-san-remo\/#breadcrumb\",\"itemListElement\":[{\"@type\":\"ListItem\",\"position\":1,\"name\":\"Home\",\"item\":\"https:\/\/nyala.info\/fr\/\"},{\"@type\":\"ListItem\",\"position\":2,\"name\":\"Offres sp\u00e9ciales pour vos vacances\",\"item\":\"https:\/\/nyala.info\/fr\/offres-speciales-pour-vos-vacances\/\"},{\"@type\":\"ListItem\",\"position\":3,\"name\":\"Weekend \u00e0 Sanremo\",\"item\":\"https:\/\/nyala.info\/fr\/offres-speciales-pour-vos-vacances\/weekend-a-sanremo\/\"},{\"@type\":\"ListItem\",\"position\":4,\"name\":\"Journ\u00e9e de la Femme \u00e0 San Remo\"}]},{\"@type\":\"WebSite\",\"@id\":\"https:\/\/nyala.info\/fr\/#website\",\"url\":\"https:\/\/nyala.info\/fr\/\",\"name\":\"Nyala Suite Hotel\",\"description\":\"Hotel 4 \u00e9toiles \u00e0 San Remo\",\"potentialAction\":[{\"@type\":\"SearchAction\",\"target\":{\"@type\":\"EntryPoint\",\"urlTemplate\":\"https:\/\/nyala.info\/fr\/?s={search_term_string}\"},\"query-input\":{\"@type\":\"PropertyValueSpecification\",\"valueRequired\":true,\"valueName\":\"search_term_string\"}}],\"inLanguage\":\"fr-FR\"}]}<\/script>\n<!-- \/ Yoast SEO plugin. -->","yoast_head_json":{"title":"Journ\u00e9e de la Femme \u00e0 San Remo | Nyala Suite Hotel Hotel 4 \u00e9toiles \u00e0 San Remo","robots":{"index":"noindex","follow":"follow","max-snippet":"max-snippet:-1","max-image-preview":"max-image-preview:large","max-video-preview":"max-video-preview:-1"},"og_locale":"fr_FR","og_type":"article","og_title":"Journ\u00e9e de la Femme \u00e0 San Remo | Nyala Suite Hotel Hotel 4 \u00e9toiles \u00e0 San Remo","og_description":"A l&#8217;occasion de la Journ\u00e9e de la Femme le 8 mars, r\u00e9servez tout de suite votre week-end \u00e0 Sanremo dans notre h\u00f4tel 4 \u00e9toiles et laissez-vous charmer par la magie des bourgs de la Riviera des Fleurs. &nbsp; Info et r\u00e9servations Notre offre comprend Conditions de r\u00e9servation Le charme des fleurs de San Remo et [&hellip;]","og_url":"https:\/\/nyala.info\/fr\/offres-speciales-pour-vos-vacances\/weekend-a-sanremo\/journee-de-la-femme-san-remo\/","og_site_name":"Nyala Suite Hotel","article_modified_time":"2018-12-27T17:37:06+00:00","og_image":[{"width":400,"height":240,"url":"https:\/\/nyala.info\/wp-content\/uploads\/2017\/04\/8marzo.jpg","type":"image\/jpeg"}],"twitter_card":"summary_large_image","twitter_misc":{"Est. reading time":"2 minutes"},"schema":{"@context":"https:\/\/schema.org","@graph":[{"@type":"WebPage","@id":"https:\/\/nyala.info\/fr\/offres-speciales-pour-vos-vacances\/weekend-a-sanremo\/journee-de-la-femme-san-remo\/","url":"https:\/\/nyala.info\/fr\/offres-speciales-pour-vos-vacances\/weekend-a-sanremo\/journee-de-la-femme-san-remo\/","name":"Journ\u00e9e de la Femme \u00e0 San Remo | Nyala Suite Hotel Hotel 4 \u00e9toiles \u00e0 San Remo","isPartOf":{"@id":"https:\/\/nyala.info\/fr\/#website"},"primaryImageOfPage":{"@id":"https:\/\/nyala.info\/fr\/offres-speciales-pour-vos-vacances\/weekend-a-sanremo\/journee-de-la-femme-san-remo\/#primaryimage"},"image":{"@id":"https:\/\/nyala.info\/fr\/offres-speciales-pour-vos-vacances\/weekend-a-sanremo\/journee-de-la-femme-san-remo\/#primaryimage"},"thumbnailUrl":"https:\/\/nyala.info\/wp-content\/uploads\/2017\/04\/8marzo.jpg","datePublished":"2017-05-25T10:18:53+00:00","dateModified":"2018-12-27T17:37:06+00:00","breadcrumb":{"@id":"https:\/\/nyala.info\/fr\/offres-speciales-pour-vos-vacances\/weekend-a-sanremo\/journee-de-la-femme-san-remo\/#breadcrumb"},"inLanguage":"fr-FR","potentialAction":[{"@type":"ReadAction","target":["https:\/\/nyala.info\/fr\/offres-speciales-pour-vos-vacances\/weekend-a-sanremo\/journee-de-la-femme-san-remo\/"]}]},{"@type":"ImageObject","inLanguage":"fr-FR","@id":"https:\/\/nyala.info\/fr\/offres-speciales-pour-vos-vacances\/weekend-a-sanremo\/journee-de-la-femme-san-remo\/#primaryimage","url":"https:\/\/nyala.info\/wp-content\/uploads\/2017\/04\/8marzo.jpg","contentUrl":"https:\/\/nyala.info\/wp-content\/uploads\/2017\/04\/8marzo.jpg","width":400,"height":240},{"@type":"BreadcrumbList","@id":"https:\/\/nyala.info\/fr\/offres-speciales-pour-vos-vacances\/weekend-a-sanremo\/journee-de-la-femme-san-remo\/#breadcrumb","itemListElement":[{"@type":"ListItem","position":1,"name":"Home","item":"https:\/\/nyala.info\/fr\/"},{"@type":"ListItem","position":2,"name":"Offres sp\u00e9ciales pour vos vacances","item":"https:\/\/nyala.info\/fr\/offres-speciales-pour-vos-vacances\/"},{"@type":"ListItem","position":3,"name":"Weekend \u00e0 Sanremo","item":"https:\/\/nyala.info\/fr\/offres-speciales-pour-vos-vacances\/weekend-a-sanremo\/"},{"@type":"ListItem","position":4,"name":"Journ\u00e9e de la Femme \u00e0 San Remo"}]},{"@type":"WebSite","@id":"https:\/\/nyala.info\/fr\/#website","url":"https:\/\/nyala.info\/fr\/","name":"Nyala Suite Hotel","description":"Hotel 4 \u00e9toiles \u00e0 San Remo","potentialAction":[{"@type":"SearchAction","target":{"@type":"EntryPoint","urlTemplate":"https:\/\/nyala.info\/fr\/?s={search_term_string}"},"query-input":{"@type":"PropertyValueSpecification","valueRequired":true,"valueName":"search_term_string"}}],"inLanguage":"fr-FR"}]}},"_links":{"self":[{"href":"https:\/\/nyala.info\/fr\/wp-json\/wp\/v2\/pages\/4809"}],"collection":[{"href":"https:\/\/nyala.info\/fr\/wp-json\/wp\/v2\/pages"}],"about":[{"href":"https:\/\/nyala.info\/fr\/wp-json\/wp\/v2\/types\/page"}],"author":[{"embeddable":true,"href":"https:\/\/nyala.info\/fr\/wp-json\/wp\/v2\/users\/3"}],"replies":[{"embeddable":true,"href":"https:\/\/nyala.info\/fr\/wp-json\/wp\/v2\/comments?post=4809"}],"version-history":[{"count":3,"href":"https:\/\/nyala.info\/fr\/wp-json\/wp\/v2\/pages\/4809\/revisions"}],"predecessor-version":[{"id":7424,"href":"https:\/\/nyala.info\/fr\/wp-json\/wp\/v2\/pages\/4809\/revisions\/7424"}],"up":[{"embeddable":true,"href":"https:\/\/nyala.info\/fr\/wp-json\/wp\/v2\/pages\/4799"}],"wp:featuredmedia":[{"embeddable":true,"href":"https:\/\/nyala.info\/fr\/wp-json\/wp\/v2\/media\/4515"}],"wp:attachment":[{"href":"https:\/\/nyala.info\/fr\/wp-json\/wp\/v2\/media?parent=4809"}],"curies":[{"name":"wp","href":"https:\/\/api.w.org\/{rel}","templated":true}]}}