{"id":4799,"date":"2017-05-24T15:33:34","date_gmt":"2017-05-24T13:33:34","guid":{"rendered":"http:\/\/www.nyalahotel.biz\/?page_id=4799\/"},"modified":"2018-12-27T18:08:45","modified_gmt":"2018-12-27T17:08:45","slug":"weekend-a-sanremo","status":"publish","type":"page","link":"https:\/\/nyala.info\/fr\/offres-speciales-pour-vos-vacances\/weekend-a-sanremo\/","title":{"rendered":"Weekend \u00e0 Sanremo"},"content":{"rendered":"<h2 style=\"text-align: center;\">R\u00e9servez un Weekend \u00e0 San Remo<\/h2>\n<p style=\"text-align: center;\">R\u00e9servez votre week-end \u00e0 Sanremo et en Ligurie, en choisissant parmi les nombreuses offres sp\u00e9ciales de notre h\u00f4tel 4 \u00e9toiles moderne !<\/p>\n<p style=\"text-align: center;\">Un week-end \u00e0 Sanremo, c&#8217;est une exp\u00e9rience nouvelle \u00e0 chaque fois : avec nos forfaits et offres sp\u00e9ciales, nous vous invitons \u00e0 d\u00e9couvrir les mille facettes d&#8217;un court s\u00e9jour dans notre h\u00f4tel.<\/p>\n<p style=\"text-align: center;\"><a class=\"maxbutton-3 maxbutton maxbutton-reserver\" target=\"_blank\" rel=\"noopener\" href=\"http:\/\/www.nyalahotel.com\/fr\/reserver\/\"><span class='mb-text'>Reserver<\/span><\/a><\/p>\n<p>&nbsp;<\/p>\n<p style=\"text-align: center;\"><strong>D&#8217;autres offres interessantes:<\/strong><\/p>\n<p style=\"text-align: left;\"><div class=\"col-md-6\"><a href=\"http:\/\/www.nyalahotel.com\/fr\/offres-speciales-pour-vos-vacances\/vacances-et-festivites\/\" target=\"_blank\" rel=\"noopener\">Vacances et Festivit\u00e9s<\/a><\/p>\n<p style=\"text-align: left;\"><\/div>\n<p style=\"text-align: left;\"><div class=\"col-md-6\"><a href=\"http:\/\/www.nyalahotel.com\/fr\/offres-speciales-pour-vos-vacances\/grands-evenements\/\" target=\"_blank\" rel=\"noopener\">Weekends de Grands \u00e9v\u00e8nements<\/a><\/p>\n<p>&nbsp;<\/p>\n<p style=\"text-align: left;\"><\/div>\n","protected":false},"excerpt":{"rendered":"<p>R\u00e9servez un Weekend \u00e0 San Remo R\u00e9servez votre week-end \u00e0 Sanremo et en Ligurie, en choisissant parmi les nombreuses offres sp\u00e9ciales de notre h\u00f4tel 4 \u00e9toiles moderne ! Un week-end \u00e0 Sanremo, c&#8217;est une exp\u00e9rience nouvelle \u00e0 chaque fois : avec nos forfaits et offres sp\u00e9ciales, nous vous invitons \u00e0 d\u00e9couvrir les mille facettes d&#8217;un [&hellip;]<\/p>\n","protected":false},"author":3,"featured_media":1066,"parent":3303,"menu_order":3,"comment_status":"open","ping_status":"closed","template":"page_territory.php","meta":{"_acf_changed":false,"footnotes":""},"class_list":["post-4799","page","type-page","status-publish","has-post-thumbnail","hentry"],"acf":[],"yoast_head":"<!-- This site is optimized with the Yoast SEO plugin v25.6 - https:\/\/yoast.com\/wordpress\/plugins\/seo\/ -->\n<title>Weekend \u00e0 Sanremo | Nyala Suite Hotel Hotel 4 \u00e9toiles \u00e0 San Remo<\/title>\n<meta name=\"robots\" content=\"noindex, follow, max-snippet:-1, max-image-preview:large, max-video-preview:-1\" \/>\n<meta property=\"og:locale\" content=\"fr_FR\" \/>\n<meta property=\"og:type\" content=\"article\" \/>\n<meta property=\"og:title\" content=\"Weekend \u00e0 Sanremo | Nyala Suite Hotel Hotel 4 \u00e9toiles \u00e0 San Remo\" \/>\n<meta property=\"og:description\" content=\"R\u00e9servez un Weekend \u00e0 San Remo R\u00e9servez votre week-end \u00e0 Sanremo et en Ligurie, en choisissant parmi les nombreuses offres sp\u00e9ciales de notre h\u00f4tel 4 \u00e9toiles moderne ! Un week-end \u00e0 Sanremo, c&#8217;est une exp\u00e9rience nouvelle \u00e0 chaque fois : avec nos forfaits et offres sp\u00e9ciales, nous vous invitons \u00e0 d\u00e9couvrir les mille facettes d&#8217;un [&hellip;]\" \/>\n<meta property=\"og:url\" content=\"https:\/\/nyala.info\/fr\/offres-speciales-pour-vos-vacances\/weekend-a-sanremo\/\" \/>\n<meta property=\"og:site_name\" content=\"Nyala Suite Hotel\" \/>\n<meta property=\"article:modified_time\" content=\"2018-12-27T17:08:45+00:00\" \/>\n<meta property=\"og:image\" content=\"https:\/\/nyala.info\/wp-content\/uploads\/2015\/04\/sanremoholiday.jpg\" \/>\n\t<meta property=\"og:image:width\" content=\"912\" \/>\n\t<meta property=\"og:image:height\" content=\"608\" \/>\n\t<meta property=\"og:image:type\" content=\"image\/jpeg\" \/>\n<meta name=\"twitter:card\" content=\"summary_large_image\" \/>\n<script type=\"application\/ld+json\" class=\"yoast-schema-graph\">{\"@context\":\"https:\/\/schema.org\",\"@graph\":[{\"@type\":\"WebPage\",\"@id\":\"https:\/\/nyala.info\/fr\/offres-speciales-pour-vos-vacances\/weekend-a-sanremo\/\",\"url\":\"https:\/\/nyala.info\/fr\/offres-speciales-pour-vos-vacances\/weekend-a-sanremo\/\",\"name\":\"Weekend \u00e0 Sanremo | Nyala Suite Hotel Hotel 4 \u00e9toiles \u00e0 San Remo\",\"isPartOf\":{\"@id\":\"https:\/\/nyala.info\/fr\/#website\"},\"primaryImageOfPage\":{\"@id\":\"https:\/\/nyala.info\/fr\/offres-speciales-pour-vos-vacances\/weekend-a-sanremo\/#primaryimage\"},\"image\":{\"@id\":\"https:\/\/nyala.info\/fr\/offres-speciales-pour-vos-vacances\/weekend-a-sanremo\/#primaryimage\"},\"thumbnailUrl\":\"https:\/\/nyala.info\/wp-content\/uploads\/2015\/04\/sanremoholiday.jpg\",\"datePublished\":\"2017-05-24T13:33:34+00:00\",\"dateModified\":\"2018-12-27T17:08:45+00:00\",\"breadcrumb\":{\"@id\":\"https:\/\/nyala.info\/fr\/offres-speciales-pour-vos-vacances\/weekend-a-sanremo\/#breadcrumb\"},\"inLanguage\":\"fr-FR\",\"potentialAction\":[{\"@type\":\"ReadAction\",\"target\":[\"https:\/\/nyala.info\/fr\/offres-speciales-pour-vos-vacances\/weekend-a-sanremo\/\"]}]},{\"@type\":\"ImageObject\",\"inLanguage\":\"fr-FR\",\"@id\":\"https:\/\/nyala.info\/fr\/offres-speciales-pour-vos-vacances\/weekend-a-sanremo\/#primaryimage\",\"url\":\"https:\/\/nyala.info\/wp-content\/uploads\/2015\/04\/sanremoholiday.jpg\",\"contentUrl\":\"https:\/\/nyala.info\/wp-content\/uploads\/2015\/04\/sanremoholiday.jpg\",\"width\":912,\"height\":608,\"caption\":\"sanremo, Fahrradrouten\"},{\"@type\":\"BreadcrumbList\",\"@id\":\"https:\/\/nyala.info\/fr\/offres-speciales-pour-vos-vacances\/weekend-a-sanremo\/#breadcrumb\",\"itemListElement\":[{\"@type\":\"ListItem\",\"position\":1,\"name\":\"Home\",\"item\":\"https:\/\/nyala.info\/fr\/\"},{\"@type\":\"ListItem\",\"position\":2,\"name\":\"Offres sp\u00e9ciales pour vos vacances\",\"item\":\"https:\/\/nyala.info\/fr\/offres-speciales-pour-vos-vacances\/\"},{\"@type\":\"ListItem\",\"position\":3,\"name\":\"Weekend \u00e0 Sanremo\"}]},{\"@type\":\"WebSite\",\"@id\":\"https:\/\/nyala.info\/fr\/#website\",\"url\":\"https:\/\/nyala.info\/fr\/\",\"name\":\"Nyala Suite Hotel\",\"description\":\"Hotel 4 \u00e9toiles \u00e0 San Remo\",\"potentialAction\":[{\"@type\":\"SearchAction\",\"target\":{\"@type\":\"EntryPoint\",\"urlTemplate\":\"https:\/\/nyala.info\/fr\/?s={search_term_string}\"},\"query-input\":{\"@type\":\"PropertyValueSpecification\",\"valueRequired\":true,\"valueName\":\"search_term_string\"}}],\"inLanguage\":\"fr-FR\"}]}<\/script>\n<!-- \/ Yoast SEO plugin. -->","yoast_head_json":{"title":"Weekend \u00e0 Sanremo | Nyala Suite Hotel Hotel 4 \u00e9toiles \u00e0 San Remo","robots":{"index":"noindex","follow":"follow","max-snippet":"max-snippet:-1","max-image-preview":"max-image-preview:large","max-video-preview":"max-video-preview:-1"},"og_locale":"fr_FR","og_type":"article","og_title":"Weekend \u00e0 Sanremo | Nyala Suite Hotel Hotel 4 \u00e9toiles \u00e0 San Remo","og_description":"R\u00e9servez un Weekend \u00e0 San Remo R\u00e9servez votre week-end \u00e0 Sanremo et en Ligurie, en choisissant parmi les nombreuses offres sp\u00e9ciales de notre h\u00f4tel 4 \u00e9toiles moderne ! Un week-end \u00e0 Sanremo, c&#8217;est une exp\u00e9rience nouvelle \u00e0 chaque fois : avec nos forfaits et offres sp\u00e9ciales, nous vous invitons \u00e0 d\u00e9couvrir les mille facettes d&#8217;un [&hellip;]","og_url":"https:\/\/nyala.info\/fr\/offres-speciales-pour-vos-vacances\/weekend-a-sanremo\/","og_site_name":"Nyala Suite Hotel","article_modified_time":"2018-12-27T17:08:45+00:00","og_image":[{"width":912,"height":608,"url":"https:\/\/nyala.info\/wp-content\/uploads\/2015\/04\/sanremoholiday.jpg","type":"image\/jpeg"}],"twitter_card":"summary_large_image","schema":{"@context":"https:\/\/schema.org","@graph":[{"@type":"WebPage","@id":"https:\/\/nyala.info\/fr\/offres-speciales-pour-vos-vacances\/weekend-a-sanremo\/","url":"https:\/\/nyala.info\/fr\/offres-speciales-pour-vos-vacances\/weekend-a-sanremo\/","name":"Weekend \u00e0 Sanremo | Nyala Suite Hotel Hotel 4 \u00e9toiles \u00e0 San Remo","isPartOf":{"@id":"https:\/\/nyala.info\/fr\/#website"},"primaryImageOfPage":{"@id":"https:\/\/nyala.info\/fr\/offres-speciales-pour-vos-vacances\/weekend-a-sanremo\/#primaryimage"},"image":{"@id":"https:\/\/nyala.info\/fr\/offres-speciales-pour-vos-vacances\/weekend-a-sanremo\/#primaryimage"},"thumbnailUrl":"https:\/\/nyala.info\/wp-content\/uploads\/2015\/04\/sanremoholiday.jpg","datePublished":"2017-05-24T13:33:34+00:00","dateModified":"2018-12-27T17:08:45+00:00","breadcrumb":{"@id":"https:\/\/nyala.info\/fr\/offres-speciales-pour-vos-vacances\/weekend-a-sanremo\/#breadcrumb"},"inLanguage":"fr-FR","potentialAction":[{"@type":"ReadAction","target":["https:\/\/nyala.info\/fr\/offres-speciales-pour-vos-vacances\/weekend-a-sanremo\/"]}]},{"@type":"ImageObject","inLanguage":"fr-FR","@id":"https:\/\/nyala.info\/fr\/offres-speciales-pour-vos-vacances\/weekend-a-sanremo\/#primaryimage","url":"https:\/\/nyala.info\/wp-content\/uploads\/2015\/04\/sanremoholiday.jpg","contentUrl":"https:\/\/nyala.info\/wp-content\/uploads\/2015\/04\/sanremoholiday.jpg","width":912,"height":608,"caption":"sanremo, Fahrradrouten"},{"@type":"BreadcrumbList","@id":"https:\/\/nyala.info\/fr\/offres-speciales-pour-vos-vacances\/weekend-a-sanremo\/#breadcrumb","itemListElement":[{"@type":"ListItem","position":1,"name":"Home","item":"https:\/\/nyala.info\/fr\/"},{"@type":"ListItem","position":2,"name":"Offres sp\u00e9ciales pour vos vacances","item":"https:\/\/nyala.info\/fr\/offres-speciales-pour-vos-vacances\/"},{"@type":"ListItem","position":3,"name":"Weekend \u00e0 Sanremo"}]},{"@type":"WebSite","@id":"https:\/\/nyala.info\/fr\/#website","url":"https:\/\/nyala.info\/fr\/","name":"Nyala Suite Hotel","description":"Hotel 4 \u00e9toiles \u00e0 San Remo","potentialAction":[{"@type":"SearchAction","target":{"@type":"EntryPoint","urlTemplate":"https:\/\/nyala.info\/fr\/?s={search_term_string}"},"query-input":{"@type":"PropertyValueSpecification","valueRequired":true,"valueName":"search_term_string"}}],"inLanguage":"fr-FR"}]}},"_links":{"self":[{"href":"https:\/\/nyala.info\/fr\/wp-json\/wp\/v2\/pages\/4799"}],"collection":[{"href":"https:\/\/nyala.info\/fr\/wp-json\/wp\/v2\/pages"}],"about":[{"href":"https:\/\/nyala.info\/fr\/wp-json\/wp\/v2\/types\/page"}],"author":[{"embeddable":true,"href":"https:\/\/nyala.info\/fr\/wp-json\/wp\/v2\/users\/3"}],"replies":[{"embeddable":true,"href":"https:\/\/nyala.info\/fr\/wp-json\/wp\/v2\/comments?post=4799"}],"version-history":[{"count":5,"href":"https:\/\/nyala.info\/fr\/wp-json\/wp\/v2\/pages\/4799\/revisions"}],"predecessor-version":[{"id":7404,"href":"https:\/\/nyala.info\/fr\/wp-json\/wp\/v2\/pages\/4799\/revisions\/7404"}],"up":[{"embeddable":true,"href":"https:\/\/nyala.info\/fr\/wp-json\/wp\/v2\/pages\/3303"}],"wp:featuredmedia":[{"embeddable":true,"href":"https:\/\/nyala.info\/fr\/wp-json\/wp\/v2\/media\/1066"}],"wp:attachment":[{"href":"https:\/\/nyala.info\/fr\/wp-json\/wp\/v2\/media?parent=4799"}],"curies":[{"name":"wp","href":"https:\/\/api.w.org\/{rel}","templated":true}]}}