{"id":4794,"date":"2017-05-24T15:20:29","date_gmt":"2017-05-24T13:20:29","guid":{"rendered":"http:\/\/www.nyalahotel.biz\/?page_id=4794\/"},"modified":"2017-10-05T18:09:47","modified_gmt":"2017-10-05T16:09:47","slug":"vacances-senior","status":"publish","type":"page","link":"https:\/\/nyala.info\/fr\/vacances-senior\/","title":{"rendered":"Vacances senior"},"content":{"rendered":"<h2 style=\"text-align: center;\">Vacances Senior<\/h2>\n<h3 style=\"text-align: center;\">R\u00e9servez votre s\u00e9jour climatique \u00e0 Sanremo dans notre h\u00f4tel 4 \u00e9toiles et passez des vacances superbes, tout \u00e0 fait adapt\u00e9es aux s\u00e9niors, en profitant du climat doux de la Riviera des Fleurs<\/h3>\n<p>[huge_it_slider id=&#8221;10&#8243;]<br \/>\n<div class=\"col-md-6\">\nLa Riviera des Fleurs et Sanremo se trouvent dans une zone au climat subtropical avec 2900 heures de soleil par an: un printemps continu qui garantit un climat doux en hiver et frais en \u00e9t\u00e9 gr\u00e2ce \u00e0 l&#8217;action de la mer.<\/p>\n<p>La cons\u00e9quence la plus \u00e9vidente de ce climat est la luxuriante flore qui sublime les jardins et les parcs de la c\u00f4te. Non seulement les plantes locales s&#8217;y plaisent mais certaines esp\u00e8ces exotiques, orientales et africaines, r\u00e9ussissent \u00e0 pousser sans difficult\u00e9s sous notre soleil.<\/div>\n<div class=\"col-md-6\">\nSanremo est donc le lieu id\u00e9al pour se d\u00e9tendre et s&#8217;oxyg\u00e9ner pendant quelques jours ou pendant une plus longue p\u00e9riode tout au long de l&#8217;ann\u00e9e.<\/p>\n<p>La ville offre aussi milles et une activit\u00e9s: du shopping lors du chaleureux march\u00e9 ou dans les plus belles boutiques, les concerts de l&#8217;Orchestre Symphonique, les \u00e9v\u00e9nements cin\u00e9matographiques, la saison th\u00e9\u00e2trale, de nombreux rencontre litt\u00e9raires et culturelles&#8230;<\/div>\n<ul class=\"tabs\">\n<li class=\"tab-link current\" data-tab=\"tab-1\">Reservez<\/li>\n<li class=\"tab-link\" data-tab=\"tab-2\">Notre Offre comprends<\/li>\n<li class=\"tab-link\" data-tab=\"tab-3\">Conditions de reservation<\/li>\n<\/ul>\n<div id=\"tab-1\" class=\"tab-content current\" style=\"text-align: left;\">Le climat doux de San Remo pour passer des vacances sereine et divertissantes.La Riviera des Fleurs, prot\u00e9g\u00e9e par les Alpes Maritimes, offre un climat doux toute l\u2019ann\u00e9e : agr\u00e9able en hiver et jamais \u00e9touffant en \u00e9t\u00e9. C\u2019est le lieu id\u00e9al pour se reposer pendant quelques temps ou m\u00eame pendant une longue p\u00e9riode de repos.<\/div>\n<div class=\"tab-content current\" style=\"text-align: center;\"><a class=\"maxbutton-3 maxbutton maxbutton-reserver\" target=\"_blank\" rel=\"noopener\" href=\"http:\/\/www.nyalahotel.com\/fr\/reserver\/\"><span class='mb-text'>Reserver<\/span><\/a><\/div>\n<div id=\"tab-2\" class=\"tab-content\">\n<p>Notre offre comprend:Formule 7&#215;5 = vous restez 7 nuits et vous n&#8217;en payer que 5!<\/p>\n<p>La pension compl\u00e8te dans notre restaurant l\u2019Asmara, selon le menu du jour avec boissons comprises (1\/2 bouteille d\u2019eau min\u00e9rale et \u00bc de vin)<\/p>\n<p>Si vous souhaitez venir avec vos petits-enfants : jusqu\u2019\u00e0 12 ans, ils peuvent s\u00e9journer gratuitement en partageant une suite junior familiale.<\/p>\n<p>M\u00eame vos animaux de compagnie sont les bienvenus et leur s\u00e9jour est offert !<\/p>\n<p>L&#8217;offre comprend aussi:<\/p>\n<p>Le transfert depuis et jusqu\u2019\u00e0 la gare ferroviaire ou la gare routi\u00e8re, \u00e0 l\u2019arriv\u00e9e et au d\u00e9part.<\/p>\n<p>Le service de navette quotidien pour le centre-ville (de jour uniquement)<\/p>\n<p>Un bon \u00e0 \u00e9changer et \u00e0 transformer en fiches afin de tenter votre chance au Casino de Sanremo<\/p>\n<p>Caract\u00e9ristique de l&#8217;offre<\/p>\n<p>Offre r\u00e9serv\u00e9e aux plus de 60 ans<\/p>\n<\/div>\n<div id=\"tab-3\" class=\"tab-content\">Conditions de reservation<br \/>\nDur\u00e9e minimale du s\u00e9jour: 3 nuits.<br \/>\nDur\u00e9e maximale du s\u00e9jour: indiff\u00e9rent.<br \/>\nCette offre est disponible uniquement pour les r\u00e9servations en ligne et pour un nombre limit\u00e9 de place.<br \/>\nL&#8217;offre est valable toute l&#8217;ann\u00e9e \u00e0 l&#8217;exception de p\u00e9riodes de haute affluence.<br \/>\nToutes les r\u00e9ductions propos\u00e9es sont calcul\u00e9es automatiquement par notre logiciel de r\u00e9servation.<br \/>\nL&#8217;offre peut subir des variations au cours de l&#8217;ann\u00e9e et ce sans pr\u00e9avis.<br \/>\nEn cas de r\u00e9clamation, les tarifs propos\u00e9s par notre logiciel de r\u00e9servation feront foi.<br \/>\nCaution: 25% (min. 1 nuit).<br \/>\nAnnulation gratuite jusqu&#8217;\u00e0 7 jours avant votre arriv\u00e9e.<br \/>\nP\u00e9nalit\u00e9 en cas d&#8217;annulation tardive, de non-pr\u00e9sentation ou de d\u00e9part anticip\u00e9: 100%.<\/div>\n<p><!-- container --><br \/>\n<script type=\"text\/javascript\">\n\tjQuery(document).ready(function(){\t\n\tjQuery('ul.tabs li').click(function(){\n\t\tvar tab_id = jQuery(this).attr('data-tab');\n\t\tjQuery('ul.tabs li').removeClass('current');\n\t\tjQuery('.tab-content').removeClass('current');\n\t\tjQuery(this).addClass('current');\n\t\tjQuery(\"#\"+tab_id).addClass('current');\n\t})\n})\n<\/script><\/p>\n","protected":false},"excerpt":{"rendered":"<p>Vacances Senior R\u00e9servez votre s\u00e9jour climatique \u00e0 Sanremo dans notre h\u00f4tel 4 \u00e9toiles et passez des vacances superbes, tout \u00e0 fait adapt\u00e9es aux s\u00e9niors, en profitant du climat doux de la Riviera des Fleurs [huge_it_slider id=&#8221;10&#8243;] Reservez Notre Offre comprends Conditions de reservation Le climat doux de San Remo pour passer des vacances sereine et [&hellip;]<\/p>\n","protected":false},"author":3,"featured_media":0,"parent":0,"menu_order":7,"comment_status":"open","ping_status":"open","template":"","meta":{"_acf_changed":false,"footnotes":""},"class_list":["post-4794","page","type-page","status-publish","hentry"],"acf":[],"yoast_head":"<!-- This site is optimized with the Yoast SEO plugin v25.6 - https:\/\/yoast.com\/wordpress\/plugins\/seo\/ -->\n<title>Vacances senior | Nyala Suite Hotel Hotel 4 \u00e9toiles \u00e0 San Remo<\/title>\n<meta name=\"description\" content=\"De vacances senior dans la Riviera des Fleurs au climat doux. Reservez votre sejour au Nyala hotel 4 \u00e9toiles avec vue sur la mer.\" \/>\n<meta name=\"robots\" content=\"noindex, follow, max-snippet:-1, max-image-preview:large, max-video-preview:-1\" \/>\n<meta property=\"og:locale\" content=\"fr_FR\" \/>\n<meta property=\"og:type\" content=\"article\" \/>\n<meta property=\"og:title\" content=\"Vacances senior | Nyala Suite Hotel Hotel 4 \u00e9toiles \u00e0 San Remo\" \/>\n<meta property=\"og:description\" content=\"De vacances senior dans la Riviera des Fleurs au climat doux. Reservez votre sejour au Nyala hotel 4 \u00e9toiles avec vue sur la mer.\" \/>\n<meta property=\"og:url\" content=\"https:\/\/nyala.info\/fr\/vacances-senior\/\" \/>\n<meta property=\"og:site_name\" content=\"Nyala Suite Hotel\" \/>\n<meta property=\"article:modified_time\" content=\"2017-10-05T16:09:47+00:00\" \/>\n<meta name=\"twitter:card\" content=\"summary_large_image\" \/>\n<meta name=\"twitter:label1\" content=\"Est. reading time\" \/>\n\t<meta name=\"twitter:data1\" content=\"3 minutes\" \/>\n<script type=\"application\/ld+json\" class=\"yoast-schema-graph\">{\"@context\":\"https:\/\/schema.org\",\"@graph\":[{\"@type\":\"WebPage\",\"@id\":\"https:\/\/nyala.info\/fr\/vacances-senior\/\",\"url\":\"https:\/\/nyala.info\/fr\/vacances-senior\/\",\"name\":\"Vacances senior | Nyala Suite Hotel Hotel 4 \u00e9toiles \u00e0 San Remo\",\"isPartOf\":{\"@id\":\"https:\/\/nyala.info\/fr\/#website\"},\"datePublished\":\"2017-05-24T13:20:29+00:00\",\"dateModified\":\"2017-10-05T16:09:47+00:00\",\"description\":\"De vacances senior dans la Riviera des Fleurs au climat doux. Reservez votre sejour au Nyala hotel 4 \u00e9toiles avec vue sur la mer.\",\"breadcrumb\":{\"@id\":\"https:\/\/nyala.info\/fr\/vacances-senior\/#breadcrumb\"},\"inLanguage\":\"fr-FR\",\"potentialAction\":[{\"@type\":\"ReadAction\",\"target\":[\"https:\/\/nyala.info\/fr\/vacances-senior\/\"]}]},{\"@type\":\"BreadcrumbList\",\"@id\":\"https:\/\/nyala.info\/fr\/vacances-senior\/#breadcrumb\",\"itemListElement\":[{\"@type\":\"ListItem\",\"position\":1,\"name\":\"Home\",\"item\":\"https:\/\/nyala.info\/fr\/\"},{\"@type\":\"ListItem\",\"position\":2,\"name\":\"Vacances senior\"}]},{\"@type\":\"WebSite\",\"@id\":\"https:\/\/nyala.info\/fr\/#website\",\"url\":\"https:\/\/nyala.info\/fr\/\",\"name\":\"Nyala Suite Hotel\",\"description\":\"Hotel 4 \u00e9toiles \u00e0 San Remo\",\"potentialAction\":[{\"@type\":\"SearchAction\",\"target\":{\"@type\":\"EntryPoint\",\"urlTemplate\":\"https:\/\/nyala.info\/fr\/?s={search_term_string}\"},\"query-input\":{\"@type\":\"PropertyValueSpecification\",\"valueRequired\":true,\"valueName\":\"search_term_string\"}}],\"inLanguage\":\"fr-FR\"}]}<\/script>\n<!-- \/ Yoast SEO plugin. -->","yoast_head_json":{"title":"Vacances senior | Nyala Suite Hotel Hotel 4 \u00e9toiles \u00e0 San Remo","description":"De vacances senior dans la Riviera des Fleurs au climat doux. Reservez votre sejour au Nyala hotel 4 \u00e9toiles avec vue sur la mer.","robots":{"index":"noindex","follow":"follow","max-snippet":"max-snippet:-1","max-image-preview":"max-image-preview:large","max-video-preview":"max-video-preview:-1"},"og_locale":"fr_FR","og_type":"article","og_title":"Vacances senior | Nyala Suite Hotel Hotel 4 \u00e9toiles \u00e0 San Remo","og_description":"De vacances senior dans la Riviera des Fleurs au climat doux. Reservez votre sejour au Nyala hotel 4 \u00e9toiles avec vue sur la mer.","og_url":"https:\/\/nyala.info\/fr\/vacances-senior\/","og_site_name":"Nyala Suite Hotel","article_modified_time":"2017-10-05T16:09:47+00:00","twitter_card":"summary_large_image","twitter_misc":{"Est. reading time":"3 minutes"},"schema":{"@context":"https:\/\/schema.org","@graph":[{"@type":"WebPage","@id":"https:\/\/nyala.info\/fr\/vacances-senior\/","url":"https:\/\/nyala.info\/fr\/vacances-senior\/","name":"Vacances senior | Nyala Suite Hotel Hotel 4 \u00e9toiles \u00e0 San Remo","isPartOf":{"@id":"https:\/\/nyala.info\/fr\/#website"},"datePublished":"2017-05-24T13:20:29+00:00","dateModified":"2017-10-05T16:09:47+00:00","description":"De vacances senior dans la Riviera des Fleurs au climat doux. Reservez votre sejour au Nyala hotel 4 \u00e9toiles avec vue sur la mer.","breadcrumb":{"@id":"https:\/\/nyala.info\/fr\/vacances-senior\/#breadcrumb"},"inLanguage":"fr-FR","potentialAction":[{"@type":"ReadAction","target":["https:\/\/nyala.info\/fr\/vacances-senior\/"]}]},{"@type":"BreadcrumbList","@id":"https:\/\/nyala.info\/fr\/vacances-senior\/#breadcrumb","itemListElement":[{"@type":"ListItem","position":1,"name":"Home","item":"https:\/\/nyala.info\/fr\/"},{"@type":"ListItem","position":2,"name":"Vacances senior"}]},{"@type":"WebSite","@id":"https:\/\/nyala.info\/fr\/#website","url":"https:\/\/nyala.info\/fr\/","name":"Nyala Suite Hotel","description":"Hotel 4 \u00e9toiles \u00e0 San Remo","potentialAction":[{"@type":"SearchAction","target":{"@type":"EntryPoint","urlTemplate":"https:\/\/nyala.info\/fr\/?s={search_term_string}"},"query-input":{"@type":"PropertyValueSpecification","valueRequired":true,"valueName":"search_term_string"}}],"inLanguage":"fr-FR"}]}},"_links":{"self":[{"href":"https:\/\/nyala.info\/fr\/wp-json\/wp\/v2\/pages\/4794"}],"collection":[{"href":"https:\/\/nyala.info\/fr\/wp-json\/wp\/v2\/pages"}],"about":[{"href":"https:\/\/nyala.info\/fr\/wp-json\/wp\/v2\/types\/page"}],"author":[{"embeddable":true,"href":"https:\/\/nyala.info\/fr\/wp-json\/wp\/v2\/users\/3"}],"replies":[{"embeddable":true,"href":"https:\/\/nyala.info\/fr\/wp-json\/wp\/v2\/comments?post=4794"}],"version-history":[{"count":6,"href":"https:\/\/nyala.info\/fr\/wp-json\/wp\/v2\/pages\/4794\/revisions"}],"predecessor-version":[{"id":6272,"href":"https:\/\/nyala.info\/fr\/wp-json\/wp\/v2\/pages\/4794\/revisions\/6272"}],"wp:attachment":[{"href":"https:\/\/nyala.info\/fr\/wp-json\/wp\/v2\/media?parent=4794"}],"curies":[{"name":"wp","href":"https:\/\/api.w.org\/{rel}","templated":true}]}}