{"id":4772,"date":"2017-05-24T14:49:40","date_gmt":"2017-05-24T12:49:40","guid":{"rendered":"http:\/\/www.nyalahotel.biz\/?page_id=4772\/"},"modified":"2018-01-03T12:42:48","modified_gmt":"2018-01-03T11:42:48","slug":"vacances-couples","status":"publish","type":"page","link":"https:\/\/nyala.info\/fr\/offres-speciales-pour-vos-vacances\/vacances-couples\/","title":{"rendered":"Vacances pour couples"},"content":{"rendered":"<h2 style=\"text-align: center;\">R\u00e9servez vos vacances pour couples dans notre h\u00f4tel \u00e0 Sanremo<\/h2>\n<p style=\"text-align: center; font-size: 18px;\">R\u00e9servez vos vacances \u00e0 Sanremo en choisissant nos offres sp\u00e9ciales r\u00e9serv\u00e9es aux couples!<br \/>\nDurant toute l\u2019ann\u00e9e, Sanremo est une destination qui propose une vaste gamme d\u2019animations, qui ne se limite pas \u00e0 des vacances \u00e0 la mer : \u00e9v\u00e9nements, shopping et culture constituent des attractions exceptionnelles durant toute l\u2019ann\u00e9e.<br \/>\nUne fugue romantique \u00e0 Sanremo est toujours une opportunit\u00e9 pour un s\u00e9jour de d\u00e9tente et de divertissement. C\u2019est pour cela que nous avons pr\u00e9par\u00e9 une s\u00e9rie d\u2019offres sp\u00e9ciales d\u00e9di\u00e9es aux couples.<\/p>\n<p><!-- avec la Promotion 2x1, que nous proposons souvent, nous vous offrons l\u2019opportunit\u00e9 de s\u00e9journer dans notre h\u00f4tel en couple, en ne payant que pour une personne --><\/p>\n","protected":false},"excerpt":{"rendered":"<p>R\u00e9servez vos vacances pour couples dans notre h\u00f4tel \u00e0 Sanremo R\u00e9servez vos vacances \u00e0 Sanremo en choisissant nos offres sp\u00e9ciales r\u00e9serv\u00e9es aux couples! Durant toute l\u2019ann\u00e9e, Sanremo est une destination qui propose une vaste gamme d\u2019animations, qui ne se limite pas \u00e0 des vacances \u00e0 la mer : \u00e9v\u00e9nements, shopping et culture constituent des attractions [&hellip;]<\/p>\n","protected":false},"author":3,"featured_media":0,"parent":3303,"menu_order":10,"comment_status":"open","ping_status":"closed","template":"offer_one_column.php","meta":{"_acf_changed":false,"footnotes":""},"class_list":["post-4772","page","type-page","status-publish","hentry"],"acf":[],"yoast_head":"<!-- This site is optimized with the Yoast SEO plugin v25.6 - https:\/\/yoast.com\/wordpress\/plugins\/seo\/ -->\n<title>Vacances pour couples | Nyala Suite Hotel Hotel 4 \u00e9toiles \u00e0 San Remo<\/title>\n<meta name=\"description\" content=\"R\u00e9servez vos vacances pour couples dans notre h\u00f4tel \u00e0 Sanremo. Decouvrez nos forfaits pour couples, voyages de noces, weekend romantiques en amoureux\" \/>\n<meta name=\"robots\" content=\"noindex, follow, max-snippet:-1, max-image-preview:large, max-video-preview:-1\" \/>\n<meta property=\"og:locale\" content=\"fr_FR\" \/>\n<meta property=\"og:type\" content=\"article\" \/>\n<meta property=\"og:title\" content=\"Vacances pour couples | Nyala Suite Hotel Hotel 4 \u00e9toiles \u00e0 San Remo\" \/>\n<meta property=\"og:description\" content=\"R\u00e9servez vos vacances pour couples dans notre h\u00f4tel \u00e0 Sanremo. Decouvrez nos forfaits pour couples, voyages de noces, weekend romantiques en amoureux\" \/>\n<meta property=\"og:url\" content=\"https:\/\/nyala.info\/fr\/offres-speciales-pour-vos-vacances\/vacances-couples\/\" \/>\n<meta property=\"og:site_name\" content=\"Nyala Suite Hotel\" \/>\n<meta property=\"article:modified_time\" content=\"2018-01-03T11:42:48+00:00\" \/>\n<meta name=\"twitter:card\" content=\"summary_large_image\" \/>\n<meta name=\"twitter:label1\" content=\"Est. reading time\" \/>\n\t<meta name=\"twitter:data1\" content=\"1 minute\" \/>\n<script type=\"application\/ld+json\" class=\"yoast-schema-graph\">{\"@context\":\"https:\/\/schema.org\",\"@graph\":[{\"@type\":\"WebPage\",\"@id\":\"https:\/\/nyala.info\/fr\/offres-speciales-pour-vos-vacances\/vacances-couples\/\",\"url\":\"https:\/\/nyala.info\/fr\/offres-speciales-pour-vos-vacances\/vacances-couples\/\",\"name\":\"Vacances pour couples | Nyala Suite Hotel Hotel 4 \u00e9toiles \u00e0 San Remo\",\"isPartOf\":{\"@id\":\"https:\/\/nyala.info\/fr\/#website\"},\"datePublished\":\"2017-05-24T12:49:40+00:00\",\"dateModified\":\"2018-01-03T11:42:48+00:00\",\"description\":\"R\u00e9servez vos vacances pour couples dans notre h\u00f4tel \u00e0 Sanremo. Decouvrez nos forfaits pour couples, voyages de noces, weekend romantiques en amoureux\",\"breadcrumb\":{\"@id\":\"https:\/\/nyala.info\/fr\/offres-speciales-pour-vos-vacances\/vacances-couples\/#breadcrumb\"},\"inLanguage\":\"fr-FR\",\"potentialAction\":[{\"@type\":\"ReadAction\",\"target\":[\"https:\/\/nyala.info\/fr\/offres-speciales-pour-vos-vacances\/vacances-couples\/\"]}]},{\"@type\":\"BreadcrumbList\",\"@id\":\"https:\/\/nyala.info\/fr\/offres-speciales-pour-vos-vacances\/vacances-couples\/#breadcrumb\",\"itemListElement\":[{\"@type\":\"ListItem\",\"position\":1,\"name\":\"Home\",\"item\":\"https:\/\/nyala.info\/fr\/\"},{\"@type\":\"ListItem\",\"position\":2,\"name\":\"Offres sp\u00e9ciales pour vos vacances\",\"item\":\"https:\/\/nyala.info\/fr\/offres-speciales-pour-vos-vacances\/\"},{\"@type\":\"ListItem\",\"position\":3,\"name\":\"Vacances pour couples\"}]},{\"@type\":\"WebSite\",\"@id\":\"https:\/\/nyala.info\/fr\/#website\",\"url\":\"https:\/\/nyala.info\/fr\/\",\"name\":\"Nyala Suite Hotel\",\"description\":\"Hotel 4 \u00e9toiles \u00e0 San Remo\",\"potentialAction\":[{\"@type\":\"SearchAction\",\"target\":{\"@type\":\"EntryPoint\",\"urlTemplate\":\"https:\/\/nyala.info\/fr\/?s={search_term_string}\"},\"query-input\":{\"@type\":\"PropertyValueSpecification\",\"valueRequired\":true,\"valueName\":\"search_term_string\"}}],\"inLanguage\":\"fr-FR\"}]}<\/script>\n<!-- \/ Yoast SEO plugin. -->","yoast_head_json":{"title":"Vacances pour couples | Nyala Suite Hotel Hotel 4 \u00e9toiles \u00e0 San Remo","description":"R\u00e9servez vos vacances pour couples dans notre h\u00f4tel \u00e0 Sanremo. Decouvrez nos forfaits pour couples, voyages de noces, weekend romantiques en amoureux","robots":{"index":"noindex","follow":"follow","max-snippet":"max-snippet:-1","max-image-preview":"max-image-preview:large","max-video-preview":"max-video-preview:-1"},"og_locale":"fr_FR","og_type":"article","og_title":"Vacances pour couples | Nyala Suite Hotel Hotel 4 \u00e9toiles \u00e0 San Remo","og_description":"R\u00e9servez vos vacances pour couples dans notre h\u00f4tel \u00e0 Sanremo. Decouvrez nos forfaits pour couples, voyages de noces, weekend romantiques en amoureux","og_url":"https:\/\/nyala.info\/fr\/offres-speciales-pour-vos-vacances\/vacances-couples\/","og_site_name":"Nyala Suite Hotel","article_modified_time":"2018-01-03T11:42:48+00:00","twitter_card":"summary_large_image","twitter_misc":{"Est. reading time":"1 minute"},"schema":{"@context":"https:\/\/schema.org","@graph":[{"@type":"WebPage","@id":"https:\/\/nyala.info\/fr\/offres-speciales-pour-vos-vacances\/vacances-couples\/","url":"https:\/\/nyala.info\/fr\/offres-speciales-pour-vos-vacances\/vacances-couples\/","name":"Vacances pour couples | Nyala Suite Hotel Hotel 4 \u00e9toiles \u00e0 San Remo","isPartOf":{"@id":"https:\/\/nyala.info\/fr\/#website"},"datePublished":"2017-05-24T12:49:40+00:00","dateModified":"2018-01-03T11:42:48+00:00","description":"R\u00e9servez vos vacances pour couples dans notre h\u00f4tel \u00e0 Sanremo. Decouvrez nos forfaits pour couples, voyages de noces, weekend romantiques en amoureux","breadcrumb":{"@id":"https:\/\/nyala.info\/fr\/offres-speciales-pour-vos-vacances\/vacances-couples\/#breadcrumb"},"inLanguage":"fr-FR","potentialAction":[{"@type":"ReadAction","target":["https:\/\/nyala.info\/fr\/offres-speciales-pour-vos-vacances\/vacances-couples\/"]}]},{"@type":"BreadcrumbList","@id":"https:\/\/nyala.info\/fr\/offres-speciales-pour-vos-vacances\/vacances-couples\/#breadcrumb","itemListElement":[{"@type":"ListItem","position":1,"name":"Home","item":"https:\/\/nyala.info\/fr\/"},{"@type":"ListItem","position":2,"name":"Offres sp\u00e9ciales pour vos vacances","item":"https:\/\/nyala.info\/fr\/offres-speciales-pour-vos-vacances\/"},{"@type":"ListItem","position":3,"name":"Vacances pour couples"}]},{"@type":"WebSite","@id":"https:\/\/nyala.info\/fr\/#website","url":"https:\/\/nyala.info\/fr\/","name":"Nyala Suite Hotel","description":"Hotel 4 \u00e9toiles \u00e0 San Remo","potentialAction":[{"@type":"SearchAction","target":{"@type":"EntryPoint","urlTemplate":"https:\/\/nyala.info\/fr\/?s={search_term_string}"},"query-input":{"@type":"PropertyValueSpecification","valueRequired":true,"valueName":"search_term_string"}}],"inLanguage":"fr-FR"}]}},"_links":{"self":[{"href":"https:\/\/nyala.info\/fr\/wp-json\/wp\/v2\/pages\/4772"}],"collection":[{"href":"https:\/\/nyala.info\/fr\/wp-json\/wp\/v2\/pages"}],"about":[{"href":"https:\/\/nyala.info\/fr\/wp-json\/wp\/v2\/types\/page"}],"author":[{"embeddable":true,"href":"https:\/\/nyala.info\/fr\/wp-json\/wp\/v2\/users\/3"}],"replies":[{"embeddable":true,"href":"https:\/\/nyala.info\/fr\/wp-json\/wp\/v2\/comments?post=4772"}],"version-history":[{"count":5,"href":"https:\/\/nyala.info\/fr\/wp-json\/wp\/v2\/pages\/4772\/revisions"}],"predecessor-version":[{"id":6997,"href":"https:\/\/nyala.info\/fr\/wp-json\/wp\/v2\/pages\/4772\/revisions\/6997"}],"up":[{"embeddable":true,"href":"https:\/\/nyala.info\/fr\/wp-json\/wp\/v2\/pages\/3303"}],"wp:attachment":[{"href":"https:\/\/nyala.info\/fr\/wp-json\/wp\/v2\/media?parent=4772"}],"curies":[{"name":"wp","href":"https:\/\/api.w.org\/{rel}","templated":true}]}}