{"id":4756,"date":"2017-05-24T12:36:22","date_gmt":"2017-05-24T10:36:22","guid":{"rendered":"http:\/\/www.nyalahotel.biz\/?page_id=4756\/"},"modified":"2017-06-19T11:15:40","modified_gmt":"2017-06-19T09:15:40","slug":"vacances-en-velo","status":"publish","type":"page","link":"https:\/\/nyala.info\/fr\/offres-speciales-pour-vos-vacances\/sport-in-riviera\/vacances-en-velo\/","title":{"rendered":"Vacances \u00e0 v\u00e9lo"},"content":{"rendered":"<h2 style=\"text-align: center;\">Vacances\u00a0\u00e0\u00a0v\u00e9lo<\/h2>\n<p style=\"text-align: center;\">Le Nyala Suite Hotel est\u00a0l&#8217;h\u00f4tel pr\u00e9f\u00e8re des\u00a0adeptes du deux roues,\u00a0proposant\u00a0plusieurs\u00a0<strong>services aux cyclistes et fans de cyclotourisme<\/strong>. De plus, la c\u00f4te ligurienne offre une vari\u00e9t\u00e9 de paysages qui s\u00e9duiront les sportifs.<\/p>\n<p style=\"text-align: center;\">Nous pouvons trouver ensemble la meilleure offre pour votre s\u00e9jour, combinant cyclisme et autres\u00a0<strong>\u00e9v\u00e8nements sportifs<\/strong>. Nous vous invitons \u00e9galement \u00e0 profiter de nos\u00a0<strong>coffrets vacances<\/strong>\u00a0personnalis\u00e9s.<\/p>\n<p style=\"text-align: center;\">\n","protected":false},"excerpt":{"rendered":"<p>Vacances\u00a0\u00e0\u00a0v\u00e9lo Le Nyala Suite Hotel est\u00a0l&#8217;h\u00f4tel pr\u00e9f\u00e8re des\u00a0adeptes du deux roues,\u00a0proposant\u00a0plusieurs\u00a0services aux cyclistes et fans de cyclotourisme. De plus, la c\u00f4te ligurienne offre une vari\u00e9t\u00e9 de paysages qui s\u00e9duiront les sportifs. Nous pouvons trouver ensemble la meilleure offre pour votre s\u00e9jour, combinant cyclisme et autres\u00a0\u00e9v\u00e8nements sportifs. Nous vous invitons \u00e9galement \u00e0 profiter de nos\u00a0coffrets vacances\u00a0personnalis\u00e9s.<\/p>\n","protected":false},"author":3,"featured_media":0,"parent":4743,"menu_order":0,"comment_status":"open","ping_status":"closed","template":"page_territory.php","meta":{"_acf_changed":false,"footnotes":""},"class_list":["post-4756","page","type-page","status-publish","hentry"],"acf":[],"yoast_head":"<!-- This site is optimized with the Yoast SEO plugin v25.6 - https:\/\/yoast.com\/wordpress\/plugins\/seo\/ -->\n<title>Vacances \u00e0 v\u00e9lo | Nyala Suite Hotel Hotel 4 \u00e9toiles \u00e0 San Remo<\/title>\n<meta name=\"robots\" content=\"noindex, follow, max-snippet:-1, max-image-preview:large, max-video-preview:-1\" \/>\n<meta property=\"og:locale\" content=\"fr_FR\" \/>\n<meta property=\"og:type\" content=\"article\" \/>\n<meta property=\"og:title\" content=\"Vacances \u00e0 v\u00e9lo | Nyala Suite Hotel Hotel 4 \u00e9toiles \u00e0 San Remo\" \/>\n<meta property=\"og:description\" content=\"Vacances\u00a0\u00e0\u00a0v\u00e9lo Le Nyala Suite Hotel est\u00a0l&#8217;h\u00f4tel pr\u00e9f\u00e8re des\u00a0adeptes du deux roues,\u00a0proposant\u00a0plusieurs\u00a0services aux cyclistes et fans de cyclotourisme. De plus, la c\u00f4te ligurienne offre une vari\u00e9t\u00e9 de paysages qui s\u00e9duiront les sportifs. Nous pouvons trouver ensemble la meilleure offre pour votre s\u00e9jour, combinant cyclisme et autres\u00a0\u00e9v\u00e8nements sportifs. Nous vous invitons \u00e9galement \u00e0 profiter de nos\u00a0coffrets vacances\u00a0personnalis\u00e9s.\" \/>\n<meta property=\"og:url\" content=\"https:\/\/nyala.info\/fr\/offres-speciales-pour-vos-vacances\/sport-in-riviera\/vacances-en-velo\/\" \/>\n<meta property=\"og:site_name\" content=\"Nyala Suite Hotel\" \/>\n<meta property=\"article:modified_time\" content=\"2017-06-19T09:15:40+00:00\" \/>\n<meta name=\"twitter:card\" content=\"summary_large_image\" \/>\n<script type=\"application\/ld+json\" class=\"yoast-schema-graph\">{\"@context\":\"https:\/\/schema.org\",\"@graph\":[{\"@type\":\"WebPage\",\"@id\":\"https:\/\/nyala.info\/fr\/offres-speciales-pour-vos-vacances\/sport-in-riviera\/vacances-en-velo\/\",\"url\":\"https:\/\/nyala.info\/fr\/offres-speciales-pour-vos-vacances\/sport-in-riviera\/vacances-en-velo\/\",\"name\":\"Vacances \u00e0 v\u00e9lo | Nyala Suite Hotel Hotel 4 \u00e9toiles \u00e0 San Remo\",\"isPartOf\":{\"@id\":\"https:\/\/nyala.info\/fr\/#website\"},\"datePublished\":\"2017-05-24T10:36:22+00:00\",\"dateModified\":\"2017-06-19T09:15:40+00:00\",\"breadcrumb\":{\"@id\":\"https:\/\/nyala.info\/fr\/offres-speciales-pour-vos-vacances\/sport-in-riviera\/vacances-en-velo\/#breadcrumb\"},\"inLanguage\":\"fr-FR\",\"potentialAction\":[{\"@type\":\"ReadAction\",\"target\":[\"https:\/\/nyala.info\/fr\/offres-speciales-pour-vos-vacances\/sport-in-riviera\/vacances-en-velo\/\"]}]},{\"@type\":\"BreadcrumbList\",\"@id\":\"https:\/\/nyala.info\/fr\/offres-speciales-pour-vos-vacances\/sport-in-riviera\/vacances-en-velo\/#breadcrumb\",\"itemListElement\":[{\"@type\":\"ListItem\",\"position\":1,\"name\":\"Home\",\"item\":\"https:\/\/nyala.info\/fr\/\"},{\"@type\":\"ListItem\",\"position\":2,\"name\":\"Offres sp\u00e9ciales pour vos vacances\",\"item\":\"https:\/\/nyala.info\/fr\/offres-speciales-pour-vos-vacances\/\"},{\"@type\":\"ListItem\",\"position\":3,\"name\":\"Sport in Riviera\",\"item\":\"https:\/\/nyala.info\/fr\/offres-speciales-pour-vos-vacances\/sport-in-riviera\/\"},{\"@type\":\"ListItem\",\"position\":4,\"name\":\"Vacances \u00e0 v\u00e9lo\"}]},{\"@type\":\"WebSite\",\"@id\":\"https:\/\/nyala.info\/fr\/#website\",\"url\":\"https:\/\/nyala.info\/fr\/\",\"name\":\"Nyala Suite Hotel\",\"description\":\"Hotel 4 \u00e9toiles \u00e0 San Remo\",\"potentialAction\":[{\"@type\":\"SearchAction\",\"target\":{\"@type\":\"EntryPoint\",\"urlTemplate\":\"https:\/\/nyala.info\/fr\/?s={search_term_string}\"},\"query-input\":{\"@type\":\"PropertyValueSpecification\",\"valueRequired\":true,\"valueName\":\"search_term_string\"}}],\"inLanguage\":\"fr-FR\"}]}<\/script>\n<!-- \/ Yoast SEO plugin. -->","yoast_head_json":{"title":"Vacances \u00e0 v\u00e9lo | Nyala Suite Hotel Hotel 4 \u00e9toiles \u00e0 San Remo","robots":{"index":"noindex","follow":"follow","max-snippet":"max-snippet:-1","max-image-preview":"max-image-preview:large","max-video-preview":"max-video-preview:-1"},"og_locale":"fr_FR","og_type":"article","og_title":"Vacances \u00e0 v\u00e9lo | Nyala Suite Hotel Hotel 4 \u00e9toiles \u00e0 San Remo","og_description":"Vacances\u00a0\u00e0\u00a0v\u00e9lo Le Nyala Suite Hotel est\u00a0l&#8217;h\u00f4tel pr\u00e9f\u00e8re des\u00a0adeptes du deux roues,\u00a0proposant\u00a0plusieurs\u00a0services aux cyclistes et fans de cyclotourisme. De plus, la c\u00f4te ligurienne offre une vari\u00e9t\u00e9 de paysages qui s\u00e9duiront les sportifs. Nous pouvons trouver ensemble la meilleure offre pour votre s\u00e9jour, combinant cyclisme et autres\u00a0\u00e9v\u00e8nements sportifs. Nous vous invitons \u00e9galement \u00e0 profiter de nos\u00a0coffrets vacances\u00a0personnalis\u00e9s.","og_url":"https:\/\/nyala.info\/fr\/offres-speciales-pour-vos-vacances\/sport-in-riviera\/vacances-en-velo\/","og_site_name":"Nyala Suite Hotel","article_modified_time":"2017-06-19T09:15:40+00:00","twitter_card":"summary_large_image","schema":{"@context":"https:\/\/schema.org","@graph":[{"@type":"WebPage","@id":"https:\/\/nyala.info\/fr\/offres-speciales-pour-vos-vacances\/sport-in-riviera\/vacances-en-velo\/","url":"https:\/\/nyala.info\/fr\/offres-speciales-pour-vos-vacances\/sport-in-riviera\/vacances-en-velo\/","name":"Vacances \u00e0 v\u00e9lo | Nyala Suite Hotel Hotel 4 \u00e9toiles \u00e0 San Remo","isPartOf":{"@id":"https:\/\/nyala.info\/fr\/#website"},"datePublished":"2017-05-24T10:36:22+00:00","dateModified":"2017-06-19T09:15:40+00:00","breadcrumb":{"@id":"https:\/\/nyala.info\/fr\/offres-speciales-pour-vos-vacances\/sport-in-riviera\/vacances-en-velo\/#breadcrumb"},"inLanguage":"fr-FR","potentialAction":[{"@type":"ReadAction","target":["https:\/\/nyala.info\/fr\/offres-speciales-pour-vos-vacances\/sport-in-riviera\/vacances-en-velo\/"]}]},{"@type":"BreadcrumbList","@id":"https:\/\/nyala.info\/fr\/offres-speciales-pour-vos-vacances\/sport-in-riviera\/vacances-en-velo\/#breadcrumb","itemListElement":[{"@type":"ListItem","position":1,"name":"Home","item":"https:\/\/nyala.info\/fr\/"},{"@type":"ListItem","position":2,"name":"Offres sp\u00e9ciales pour vos vacances","item":"https:\/\/nyala.info\/fr\/offres-speciales-pour-vos-vacances\/"},{"@type":"ListItem","position":3,"name":"Sport in Riviera","item":"https:\/\/nyala.info\/fr\/offres-speciales-pour-vos-vacances\/sport-in-riviera\/"},{"@type":"ListItem","position":4,"name":"Vacances \u00e0 v\u00e9lo"}]},{"@type":"WebSite","@id":"https:\/\/nyala.info\/fr\/#website","url":"https:\/\/nyala.info\/fr\/","name":"Nyala Suite Hotel","description":"Hotel 4 \u00e9toiles \u00e0 San Remo","potentialAction":[{"@type":"SearchAction","target":{"@type":"EntryPoint","urlTemplate":"https:\/\/nyala.info\/fr\/?s={search_term_string}"},"query-input":{"@type":"PropertyValueSpecification","valueRequired":true,"valueName":"search_term_string"}}],"inLanguage":"fr-FR"}]}},"_links":{"self":[{"href":"https:\/\/nyala.info\/fr\/wp-json\/wp\/v2\/pages\/4756"}],"collection":[{"href":"https:\/\/nyala.info\/fr\/wp-json\/wp\/v2\/pages"}],"about":[{"href":"https:\/\/nyala.info\/fr\/wp-json\/wp\/v2\/types\/page"}],"author":[{"embeddable":true,"href":"https:\/\/nyala.info\/fr\/wp-json\/wp\/v2\/users\/3"}],"replies":[{"embeddable":true,"href":"https:\/\/nyala.info\/fr\/wp-json\/wp\/v2\/comments?post=4756"}],"version-history":[{"count":2,"href":"https:\/\/nyala.info\/fr\/wp-json\/wp\/v2\/pages\/4756\/revisions"}],"predecessor-version":[{"id":5033,"href":"https:\/\/nyala.info\/fr\/wp-json\/wp\/v2\/pages\/4756\/revisions\/5033"}],"up":[{"embeddable":true,"href":"https:\/\/nyala.info\/fr\/wp-json\/wp\/v2\/pages\/4743"}],"wp:attachment":[{"href":"https:\/\/nyala.info\/fr\/wp-json\/wp\/v2\/media?parent=4756"}],"curies":[{"name":"wp","href":"https:\/\/api.w.org\/{rel}","templated":true}]}}