{"id":4181,"date":"2017-03-29T16:24:54","date_gmt":"2017-03-29T14:24:54","guid":{"rendered":"http:\/\/www.nyalahotel.biz\/?page_id=4181\/"},"modified":"2018-01-05T12:11:38","modified_gmt":"2018-01-05T11:11:38","slug":"last-minute","status":"publish","type":"page","link":"https:\/\/nyala.info\/fr\/reserver\/last-minute\/","title":{"rendered":"Derni\u00e8re minute"},"content":{"rendered":"<h2 style=\"text-align: center;\">\u00c0 quelques pas des principales villes italiennes du centre-nord et facilement rejoignable depuis l\u2019a\u00e9roport international de Nice, Sanremo est une destination id\u00e9ale m\u00eame pour des vacances de derni\u00e8re minute.<\/h2>\n<h2 style=\"text-align: center;\">Cherchez la meilleure solution pour vous au tarif de DERNI\u00c8RE\u00a0MINUTE<\/h2>\n<p style=\"text-align: center;\"><a class=\"maxbutton-3 maxbutton maxbutton-reserver\" target=\"_blank\" rel=\"noopener\" href=\"http:\/\/www.nyalahotel.com\/fr\/reserver\/\"><span class='mb-text'>Reserver<\/span><\/a><\/p>\n<div class=\"col-md-6\"><strong>Notre offre sp\u00e9ciale comprend<\/strong><\/p>\n<ul>\n<li>S\u00e9jour en chambre et petit-d\u00e9jeuner<\/li>\n<li>Le s\u00e9jour en demi-pension (la pension compl\u00e8te est disponible en option)<\/li>\n<li>Les enfants profiteront de tarifs sp\u00e9ciaux en partageant la chambre avec leurs parents<\/li>\n<li>Vos animaux de compagnie sont les bienvenus (l\u00e9ger suppl\u00e9ment)<\/li>\n<\/ul>\n<\/div>\n<div class=\"col-md-6\">\n<p><strong>Condition de reservation<\/strong><\/p>\n<ul>\n<li>Dur\u00e9e minimale du s\u00e9jour : 2 nuits.<\/li>\n<li>Dur\u00e9e maximale du s\u00e9jour : 7 nuits.<\/li>\n<li>Temps de r\u00e9servation \u00e0 l\u2019avance : 7 jours.<\/li>\n<li>Cette offre est disponible uniquement pour les r\u00e9servations en ligne et pour un nombre de chambres limit\u00e9.<\/li>\n<li>L\u2019offre est valable seulement quelques p\u00e9riodes de l\u2019ann\u00e9e.<\/li>\n<li>Toutes les r\u00e9ductions propos\u00e9es sont calcul\u00e9es automatiquement par notre logiciel de r\u00e9servation.<\/li>\n<li>L&#8217;offre peut subir quelques variations au cours de l\u2019ann\u00e9e et ce sans pr\u00e9avis.<\/li>\n<li>En cas de r\u00e9clamation, les tarifs propos\u00e9s par notre logiciel de r\u00e9servation feront foi.<\/li>\n<li>R\u00e9servation non remboursable, le montant pay\u00e9 comprend l\u2019acte de r\u00e9servation et ne pourra en aucun cas \u00eatre rembours\u00e9, que la r\u00e9servation soit utilis\u00e9e ou non pour quelque raison que ce soit.<\/li>\n<\/ul>\n<\/div>\n<p>&nbsp;<\/p>\n<p style=\"text-align: center;\"><a class=\"maxbutton-3 maxbutton maxbutton-reserver\" target=\"_blank\" rel=\"noopener\" href=\"http:\/\/www.nyalahotel.com\/fr\/reserver\/\"><span class='mb-text'>Reserver<\/span><\/a><\/p>\n","protected":false},"excerpt":{"rendered":"<p>\u00c0 quelques pas des principales villes italiennes du centre-nord et facilement rejoignable depuis l\u2019a\u00e9roport international de Nice, Sanremo est une destination id\u00e9ale m\u00eame pour des vacances de derni\u00e8re minute. Cherchez la meilleure solution pour vous au tarif de DERNI\u00c8RE\u00a0MINUTE &nbsp;<\/p>\n","protected":false},"author":3,"featured_media":4179,"parent":3300,"menu_order":0,"comment_status":"closed","ping_status":"closed","template":"","meta":{"_acf_changed":false,"footnotes":""},"class_list":["post-4181","page","type-page","status-publish","has-post-thumbnail","hentry"],"acf":[],"yoast_head":"<!-- This site is optimized with the Yoast SEO plugin v25.6 - https:\/\/yoast.com\/wordpress\/plugins\/seo\/ -->\n<title>Derni\u00e8re minute | Nyala Suite Hotel Hotel 4 \u00e9toiles \u00e0 San Remo<\/title>\n<meta name=\"description\" content=\"San Remo est la destination id\u00e9ale pour des vacances de derni\u00e8re minute. Consultez les meilleures offres du Nyala Suite Hotel, 4 Etoiles avec piscine.\" \/>\n<meta name=\"robots\" content=\"noindex, follow, max-snippet:-1, max-image-preview:large, max-video-preview:-1\" \/>\n<meta property=\"og:locale\" content=\"fr_FR\" \/>\n<meta property=\"og:type\" content=\"article\" \/>\n<meta property=\"og:title\" content=\"Derni\u00e8re minute | Nyala Suite Hotel Hotel 4 \u00e9toiles \u00e0 San Remo\" \/>\n<meta property=\"og:description\" content=\"San Remo est la destination id\u00e9ale pour des vacances de derni\u00e8re minute. Consultez les meilleures offres du Nyala Suite Hotel, 4 Etoiles avec piscine.\" \/>\n<meta property=\"og:url\" content=\"https:\/\/nyala.info\/fr\/reserver\/last-minute\/\" \/>\n<meta property=\"og:site_name\" content=\"Nyala Suite Hotel\" \/>\n<meta property=\"article:modified_time\" content=\"2018-01-05T11:11:38+00:00\" \/>\n<meta property=\"og:image\" content=\"https:\/\/nyala.info\/wp-content\/uploads\/2017\/03\/last-minute.png\" \/>\n\t<meta property=\"og:image:width\" content=\"320\" \/>\n\t<meta property=\"og:image:height\" content=\"214\" \/>\n\t<meta property=\"og:image:type\" content=\"image\/png\" \/>\n<meta name=\"twitter:card\" content=\"summary_large_image\" \/>\n<meta name=\"twitter:label1\" content=\"Est. reading time\" \/>\n\t<meta name=\"twitter:data1\" content=\"1 minute\" \/>\n<script type=\"application\/ld+json\" class=\"yoast-schema-graph\">{\"@context\":\"https:\/\/schema.org\",\"@graph\":[{\"@type\":\"WebPage\",\"@id\":\"https:\/\/nyala.info\/fr\/reserver\/last-minute\/\",\"url\":\"https:\/\/nyala.info\/fr\/reserver\/last-minute\/\",\"name\":\"Derni\u00e8re minute | Nyala Suite Hotel Hotel 4 \u00e9toiles \u00e0 San Remo\",\"isPartOf\":{\"@id\":\"https:\/\/nyala.info\/fr\/#website\"},\"primaryImageOfPage\":{\"@id\":\"https:\/\/nyala.info\/fr\/reserver\/last-minute\/#primaryimage\"},\"image\":{\"@id\":\"https:\/\/nyala.info\/fr\/reserver\/last-minute\/#primaryimage\"},\"thumbnailUrl\":\"https:\/\/nyala.info\/wp-content\/uploads\/2017\/03\/last-minute.png\",\"datePublished\":\"2017-03-29T14:24:54+00:00\",\"dateModified\":\"2018-01-05T11:11:38+00:00\",\"description\":\"San Remo est la destination id\u00e9ale pour des vacances de derni\u00e8re minute. Consultez les meilleures offres du Nyala Suite Hotel, 4 Etoiles avec piscine.\",\"breadcrumb\":{\"@id\":\"https:\/\/nyala.info\/fr\/reserver\/last-minute\/#breadcrumb\"},\"inLanguage\":\"fr-FR\",\"potentialAction\":[{\"@type\":\"ReadAction\",\"target\":[\"https:\/\/nyala.info\/fr\/reserver\/last-minute\/\"]}]},{\"@type\":\"ImageObject\",\"inLanguage\":\"fr-FR\",\"@id\":\"https:\/\/nyala.info\/fr\/reserver\/last-minute\/#primaryimage\",\"url\":\"https:\/\/nyala.info\/wp-content\/uploads\/2017\/03\/last-minute.png\",\"contentUrl\":\"https:\/\/nyala.info\/wp-content\/uploads\/2017\/03\/last-minute.png\",\"width\":320,\"height\":214,\"caption\":\"last minute\"},{\"@type\":\"BreadcrumbList\",\"@id\":\"https:\/\/nyala.info\/fr\/reserver\/last-minute\/#breadcrumb\",\"itemListElement\":[{\"@type\":\"ListItem\",\"position\":1,\"name\":\"Home\",\"item\":\"https:\/\/nyala.info\/fr\/\"},{\"@type\":\"ListItem\",\"position\":2,\"name\":\"R\u00e9servation H\u00f4teli\u00e8res\",\"item\":\"https:\/\/nyala.info\/fr\/reserver\/\"},{\"@type\":\"ListItem\",\"position\":3,\"name\":\"Derni\u00e8re minute\"}]},{\"@type\":\"WebSite\",\"@id\":\"https:\/\/nyala.info\/fr\/#website\",\"url\":\"https:\/\/nyala.info\/fr\/\",\"name\":\"Nyala Suite Hotel\",\"description\":\"Hotel 4 \u00e9toiles \u00e0 San Remo\",\"potentialAction\":[{\"@type\":\"SearchAction\",\"target\":{\"@type\":\"EntryPoint\",\"urlTemplate\":\"https:\/\/nyala.info\/fr\/?s={search_term_string}\"},\"query-input\":{\"@type\":\"PropertyValueSpecification\",\"valueRequired\":true,\"valueName\":\"search_term_string\"}}],\"inLanguage\":\"fr-FR\"}]}<\/script>\n<!-- \/ Yoast SEO plugin. -->","yoast_head_json":{"title":"Derni\u00e8re minute | Nyala Suite Hotel Hotel 4 \u00e9toiles \u00e0 San Remo","description":"San Remo est la destination id\u00e9ale pour des vacances de derni\u00e8re minute. Consultez les meilleures offres du Nyala Suite Hotel, 4 Etoiles avec piscine.","robots":{"index":"noindex","follow":"follow","max-snippet":"max-snippet:-1","max-image-preview":"max-image-preview:large","max-video-preview":"max-video-preview:-1"},"og_locale":"fr_FR","og_type":"article","og_title":"Derni\u00e8re minute | Nyala Suite Hotel Hotel 4 \u00e9toiles \u00e0 San Remo","og_description":"San Remo est la destination id\u00e9ale pour des vacances de derni\u00e8re minute. Consultez les meilleures offres du Nyala Suite Hotel, 4 Etoiles avec piscine.","og_url":"https:\/\/nyala.info\/fr\/reserver\/last-minute\/","og_site_name":"Nyala Suite Hotel","article_modified_time":"2018-01-05T11:11:38+00:00","og_image":[{"width":320,"height":214,"url":"https:\/\/nyala.info\/wp-content\/uploads\/2017\/03\/last-minute.png","type":"image\/png"}],"twitter_card":"summary_large_image","twitter_misc":{"Est. reading time":"1 minute"},"schema":{"@context":"https:\/\/schema.org","@graph":[{"@type":"WebPage","@id":"https:\/\/nyala.info\/fr\/reserver\/last-minute\/","url":"https:\/\/nyala.info\/fr\/reserver\/last-minute\/","name":"Derni\u00e8re minute | Nyala Suite Hotel Hotel 4 \u00e9toiles \u00e0 San Remo","isPartOf":{"@id":"https:\/\/nyala.info\/fr\/#website"},"primaryImageOfPage":{"@id":"https:\/\/nyala.info\/fr\/reserver\/last-minute\/#primaryimage"},"image":{"@id":"https:\/\/nyala.info\/fr\/reserver\/last-minute\/#primaryimage"},"thumbnailUrl":"https:\/\/nyala.info\/wp-content\/uploads\/2017\/03\/last-minute.png","datePublished":"2017-03-29T14:24:54+00:00","dateModified":"2018-01-05T11:11:38+00:00","description":"San Remo est la destination id\u00e9ale pour des vacances de derni\u00e8re minute. Consultez les meilleures offres du Nyala Suite Hotel, 4 Etoiles avec piscine.","breadcrumb":{"@id":"https:\/\/nyala.info\/fr\/reserver\/last-minute\/#breadcrumb"},"inLanguage":"fr-FR","potentialAction":[{"@type":"ReadAction","target":["https:\/\/nyala.info\/fr\/reserver\/last-minute\/"]}]},{"@type":"ImageObject","inLanguage":"fr-FR","@id":"https:\/\/nyala.info\/fr\/reserver\/last-minute\/#primaryimage","url":"https:\/\/nyala.info\/wp-content\/uploads\/2017\/03\/last-minute.png","contentUrl":"https:\/\/nyala.info\/wp-content\/uploads\/2017\/03\/last-minute.png","width":320,"height":214,"caption":"last minute"},{"@type":"BreadcrumbList","@id":"https:\/\/nyala.info\/fr\/reserver\/last-minute\/#breadcrumb","itemListElement":[{"@type":"ListItem","position":1,"name":"Home","item":"https:\/\/nyala.info\/fr\/"},{"@type":"ListItem","position":2,"name":"R\u00e9servation H\u00f4teli\u00e8res","item":"https:\/\/nyala.info\/fr\/reserver\/"},{"@type":"ListItem","position":3,"name":"Derni\u00e8re minute"}]},{"@type":"WebSite","@id":"https:\/\/nyala.info\/fr\/#website","url":"https:\/\/nyala.info\/fr\/","name":"Nyala Suite Hotel","description":"Hotel 4 \u00e9toiles \u00e0 San Remo","potentialAction":[{"@type":"SearchAction","target":{"@type":"EntryPoint","urlTemplate":"https:\/\/nyala.info\/fr\/?s={search_term_string}"},"query-input":{"@type":"PropertyValueSpecification","valueRequired":true,"valueName":"search_term_string"}}],"inLanguage":"fr-FR"}]}},"_links":{"self":[{"href":"https:\/\/nyala.info\/fr\/wp-json\/wp\/v2\/pages\/4181"}],"collection":[{"href":"https:\/\/nyala.info\/fr\/wp-json\/wp\/v2\/pages"}],"about":[{"href":"https:\/\/nyala.info\/fr\/wp-json\/wp\/v2\/types\/page"}],"author":[{"embeddable":true,"href":"https:\/\/nyala.info\/fr\/wp-json\/wp\/v2\/users\/3"}],"replies":[{"embeddable":true,"href":"https:\/\/nyala.info\/fr\/wp-json\/wp\/v2\/comments?post=4181"}],"version-history":[{"count":9,"href":"https:\/\/nyala.info\/fr\/wp-json\/wp\/v2\/pages\/4181\/revisions"}],"predecessor-version":[{"id":7032,"href":"https:\/\/nyala.info\/fr\/wp-json\/wp\/v2\/pages\/4181\/revisions\/7032"}],"up":[{"embeddable":true,"href":"https:\/\/nyala.info\/fr\/wp-json\/wp\/v2\/pages\/3300"}],"wp:featuredmedia":[{"embeddable":true,"href":"https:\/\/nyala.info\/fr\/wp-json\/wp\/v2\/media\/4179"}],"wp:attachment":[{"href":"https:\/\/nyala.info\/fr\/wp-json\/wp\/v2\/media?parent=4181"}],"curies":[{"name":"wp","href":"https:\/\/api.w.org\/{rel}","templated":true}]}}