{"id":4175,"date":"2017-03-29T16:16:49","date_gmt":"2017-03-29T14:16:49","guid":{"rendered":"http:\/\/www.nyalahotel.biz\/?page_id=4175\/"},"modified":"2018-01-05T11:54:30","modified_gmt":"2018-01-05T10:54:30","slug":"offre-reservez-vite","status":"publish","type":"page","link":"https:\/\/nyala.info\/fr\/reserver\/offre-reservez-vite\/","title":{"rendered":"Offre Premiere minute"},"content":{"rendered":"<h2 style=\"text-align: center;\">Sanremo et la Riviera des Fleurs m\u00e9ritent une r\u00e9servation Premi\u00e8re Minute de vos vacances car ce n\u2019est qu\u2019avec calme que vous pourrez programmer un voyage avec les meilleures activit\u00e9s de la Ligurie et de la C\u00f4te d\u2019Azur.<\/h2>\n<ul class=\"tabs\">\n<li class=\"tab-link current\" data-tab=\"tab-1\">Info et r\u00e9servation<\/li>\n<li class=\"tab-link\" data-tab=\"tab-2\">Notre offre sp\u00e9ciale comprend<\/li>\n<li class=\"tab-link\" data-tab=\"tab-3\">conditions de r\u00e9servation<\/li>\n<\/ul>\n<div id=\"tab-1\" class=\"tab-content current\">R\u00e9servez votre s\u00e9jour \u00e0 San Remo directement sur notre site<br \/>\nafin d&#8217;\u00eatre s\u00fbr de trouver la meilleure solution pour vous, \u00e0 un prix \u00e9conomique.<br \/>\nChoisissez le prix de PREMIERE MINUTE, comparez les offres, et r\u00e9servez !<a class=\"maxbutton-3 maxbutton maxbutton-reserver\" target=\"_blank\" rel=\"noopener\" href=\"http:\/\/www.nyalahotel.com\/fr\/reserver\/\"><span class='mb-text'>Reserver<\/span><\/a><\/p>\n<\/div>\n<div id=\"tab-2\" class=\"tab-content\">\n<ul>\n<li>R\u00e9servation possible jusqu\u2019\u00e0 90 jours avant l\u2019arriv\u00e9e<\/li>\n<li>Tarif tr\u00e8s avantageux, dans la limite des chambres disponibles<\/li>\n<li>S\u00e9jour en chambre et petit-d\u00e9jeuner<\/li>\n<li>S\u00e9jour en demi-pension et pension compl\u00e8te disponible en option<\/li>\n<li>Les enfants pourront profiter de tarifs sp\u00e9ciaux en partageant la chambre avec leurs parents<\/li>\n<li>Vos animaux de compagnie sont les bienvenus (l\u00e9ger suppl\u00e9ment)<\/li>\n<\/ul>\n<\/div>\n<div id=\"tab-3\" class=\"tab-content\">\n<ul>\n<li>Dur\u00e9e minimale du s\u00e9jour : 2 nuits.<\/li>\n<li>Dur\u00e9e maximale du s\u00e9jour : indiff\u00e9rente.<\/li>\n<li>Temps limite de r\u00e9servation : 90 jours avant l\u2019arriv\u00e9e.<\/li>\n<li>Cette offre est uniquement disponible pour les r\u00e9servations en ligne et pour un nombre de chambres limit\u00e9.<\/li>\n<li>L&#8217;offre est valable tout l\u2019ann\u00e9e, \u00e0 l&#8217;exception de certaines p\u00e9riodes de grande affluence.<\/li>\n<li>Toutes les r\u00e9ductions propos\u00e9es sont calcul\u00e9es automatiquement par notre logiciel de r\u00e9servation.<\/li>\n<li>L&#8217;offre peut subir quelques variations au cours de l\u2019ann\u00e9e et ce sans pr\u00e9avis.<\/li>\n<li>En cas de r\u00e9clamation, les tarifs propos\u00e9s par notre logiciel de r\u00e9servation feront foi.<\/li>\n<li>La r\u00e9servation ne sera en aucun cas rembours\u00e9e,le montant pay\u00e9 est d\u00fb \u00e0 la r\u00e9servation et ne pourra donc pas \u00eatre rembours\u00e9, qu\u2019il soit utilis\u00e9 ou non pour toute autre raison.<\/li>\n<\/ul>\n<\/div>\n<p><!-- container --><br \/>\n<script type=\"text\/javascript\">\n\tjQuery(document).ready(function(){\t\n\tjQuery('ul.tabs li').click(function(){\n\t\tvar tab_id = jQuery(this).attr('data-tab');\n\t\tjQuery('ul.tabs li').removeClass('current');\n\t\tjQuery('.tab-content').removeClass('current');\n\t\tjQuery(this).addClass('current');\n\t\tjQuery(\"#\"+tab_id).addClass('current');\n\t})\n})\n<\/script><\/p>\n","protected":false},"excerpt":{"rendered":"<p>Sanremo et la Riviera des Fleurs m\u00e9ritent une r\u00e9servation Premi\u00e8re Minute de vos vacances car ce n\u2019est qu\u2019avec calme que vous pourrez programmer un voyage avec les meilleures activit\u00e9s de la Ligurie et de la C\u00f4te d\u2019Azur. Info et r\u00e9servation Notre offre sp\u00e9ciale comprend conditions de r\u00e9servation R\u00e9servez votre s\u00e9jour \u00e0 San Remo directement sur [&hellip;]<\/p>\n","protected":false},"author":3,"featured_media":4172,"parent":3300,"menu_order":0,"comment_status":"closed","ping_status":"closed","template":"","meta":{"_acf_changed":false,"footnotes":""},"class_list":["post-4175","page","type-page","status-publish","has-post-thumbnail","hentry"],"acf":[],"yoast_head":"<!-- This site is optimized with the Yoast SEO plugin v25.6 - https:\/\/yoast.com\/wordpress\/plugins\/seo\/ -->\n<title>Offre Premiere minute, reservez votre chambre hotel<\/title>\n<meta name=\"description\" content=\"R\u00e9servez premiere minute, votre s\u00e9jour \u00e0 San Remo sur notre site afin d&#039;\u00eatre s\u00fbr de trouver la meilleure solution pour vous, \u00e0 un prix \u00e9conomique.\" \/>\n<meta name=\"robots\" content=\"noindex, follow, max-snippet:-1, max-image-preview:large, max-video-preview:-1\" \/>\n<meta property=\"og:locale\" content=\"fr_FR\" \/>\n<meta property=\"og:type\" content=\"article\" \/>\n<meta property=\"og:title\" content=\"Offre Premiere minute, reservez votre chambre hotel\" \/>\n<meta property=\"og:description\" content=\"R\u00e9servez premiere minute, votre s\u00e9jour \u00e0 San Remo sur notre site afin d&#039;\u00eatre s\u00fbr de trouver la meilleure solution pour vous, \u00e0 un prix \u00e9conomique.\" \/>\n<meta property=\"og:url\" content=\"https:\/\/nyala.info\/fr\/reserver\/offre-reservez-vite\/\" \/>\n<meta property=\"og:site_name\" content=\"Nyala Suite Hotel\" \/>\n<meta property=\"article:modified_time\" content=\"2018-01-05T10:54:30+00:00\" \/>\n<meta property=\"og:image\" content=\"https:\/\/nyala.info\/wp-content\/uploads\/2017\/03\/first-minute.png\" \/>\n\t<meta property=\"og:image:width\" content=\"320\" \/>\n\t<meta property=\"og:image:height\" content=\"214\" \/>\n\t<meta property=\"og:image:type\" content=\"image\/png\" \/>\n<meta name=\"twitter:card\" content=\"summary_large_image\" \/>\n<meta name=\"twitter:label1\" content=\"Est. reading time\" \/>\n\t<meta name=\"twitter:data1\" content=\"2 minutes\" \/>\n<script type=\"application\/ld+json\" class=\"yoast-schema-graph\">{\"@context\":\"https:\/\/schema.org\",\"@graph\":[{\"@type\":\"WebPage\",\"@id\":\"https:\/\/nyala.info\/fr\/reserver\/offre-reservez-vite\/\",\"url\":\"https:\/\/nyala.info\/fr\/reserver\/offre-reservez-vite\/\",\"name\":\"Offre Premiere minute, reservez votre chambre hotel\",\"isPartOf\":{\"@id\":\"https:\/\/nyala.info\/fr\/#website\"},\"primaryImageOfPage\":{\"@id\":\"https:\/\/nyala.info\/fr\/reserver\/offre-reservez-vite\/#primaryimage\"},\"image\":{\"@id\":\"https:\/\/nyala.info\/fr\/reserver\/offre-reservez-vite\/#primaryimage\"},\"thumbnailUrl\":\"https:\/\/nyala.info\/wp-content\/uploads\/2017\/03\/first-minute.png\",\"datePublished\":\"2017-03-29T14:16:49+00:00\",\"dateModified\":\"2018-01-05T10:54:30+00:00\",\"description\":\"R\u00e9servez premiere minute, votre s\u00e9jour \u00e0 San Remo sur notre site afin d'\u00eatre s\u00fbr de trouver la meilleure solution pour vous, \u00e0 un prix \u00e9conomique.\",\"breadcrumb\":{\"@id\":\"https:\/\/nyala.info\/fr\/reserver\/offre-reservez-vite\/#breadcrumb\"},\"inLanguage\":\"fr-FR\",\"potentialAction\":[{\"@type\":\"ReadAction\",\"target\":[\"https:\/\/nyala.info\/fr\/reserver\/offre-reservez-vite\/\"]}]},{\"@type\":\"ImageObject\",\"inLanguage\":\"fr-FR\",\"@id\":\"https:\/\/nyala.info\/fr\/reserver\/offre-reservez-vite\/#primaryimage\",\"url\":\"https:\/\/nyala.info\/wp-content\/uploads\/2017\/03\/first-minute.png\",\"contentUrl\":\"https:\/\/nyala.info\/wp-content\/uploads\/2017\/03\/first-minute.png\",\"width\":320,\"height\":214,\"caption\":\"first-minute\"},{\"@type\":\"BreadcrumbList\",\"@id\":\"https:\/\/nyala.info\/fr\/reserver\/offre-reservez-vite\/#breadcrumb\",\"itemListElement\":[{\"@type\":\"ListItem\",\"position\":1,\"name\":\"Home\",\"item\":\"https:\/\/nyala.info\/fr\/\"},{\"@type\":\"ListItem\",\"position\":2,\"name\":\"R\u00e9servation H\u00f4teli\u00e8res\",\"item\":\"https:\/\/nyala.info\/fr\/reserver\/\"},{\"@type\":\"ListItem\",\"position\":3,\"name\":\"Offre Premiere minute\"}]},{\"@type\":\"WebSite\",\"@id\":\"https:\/\/nyala.info\/fr\/#website\",\"url\":\"https:\/\/nyala.info\/fr\/\",\"name\":\"Nyala Suite Hotel\",\"description\":\"Hotel 4 \u00e9toiles \u00e0 San Remo\",\"potentialAction\":[{\"@type\":\"SearchAction\",\"target\":{\"@type\":\"EntryPoint\",\"urlTemplate\":\"https:\/\/nyala.info\/fr\/?s={search_term_string}\"},\"query-input\":{\"@type\":\"PropertyValueSpecification\",\"valueRequired\":true,\"valueName\":\"search_term_string\"}}],\"inLanguage\":\"fr-FR\"}]}<\/script>\n<!-- \/ Yoast SEO plugin. -->","yoast_head_json":{"title":"Offre Premiere minute, reservez votre chambre hotel","description":"R\u00e9servez premiere minute, votre s\u00e9jour \u00e0 San Remo sur notre site afin d'\u00eatre s\u00fbr de trouver la meilleure solution pour vous, \u00e0 un prix \u00e9conomique.","robots":{"index":"noindex","follow":"follow","max-snippet":"max-snippet:-1","max-image-preview":"max-image-preview:large","max-video-preview":"max-video-preview:-1"},"og_locale":"fr_FR","og_type":"article","og_title":"Offre Premiere minute, reservez votre chambre hotel","og_description":"R\u00e9servez premiere minute, votre s\u00e9jour \u00e0 San Remo sur notre site afin d'\u00eatre s\u00fbr de trouver la meilleure solution pour vous, \u00e0 un prix \u00e9conomique.","og_url":"https:\/\/nyala.info\/fr\/reserver\/offre-reservez-vite\/","og_site_name":"Nyala Suite Hotel","article_modified_time":"2018-01-05T10:54:30+00:00","og_image":[{"width":320,"height":214,"url":"https:\/\/nyala.info\/wp-content\/uploads\/2017\/03\/first-minute.png","type":"image\/png"}],"twitter_card":"summary_large_image","twitter_misc":{"Est. reading time":"2 minutes"},"schema":{"@context":"https:\/\/schema.org","@graph":[{"@type":"WebPage","@id":"https:\/\/nyala.info\/fr\/reserver\/offre-reservez-vite\/","url":"https:\/\/nyala.info\/fr\/reserver\/offre-reservez-vite\/","name":"Offre Premiere minute, reservez votre chambre hotel","isPartOf":{"@id":"https:\/\/nyala.info\/fr\/#website"},"primaryImageOfPage":{"@id":"https:\/\/nyala.info\/fr\/reserver\/offre-reservez-vite\/#primaryimage"},"image":{"@id":"https:\/\/nyala.info\/fr\/reserver\/offre-reservez-vite\/#primaryimage"},"thumbnailUrl":"https:\/\/nyala.info\/wp-content\/uploads\/2017\/03\/first-minute.png","datePublished":"2017-03-29T14:16:49+00:00","dateModified":"2018-01-05T10:54:30+00:00","description":"R\u00e9servez premiere minute, votre s\u00e9jour \u00e0 San Remo sur notre site afin d'\u00eatre s\u00fbr de trouver la meilleure solution pour vous, \u00e0 un prix \u00e9conomique.","breadcrumb":{"@id":"https:\/\/nyala.info\/fr\/reserver\/offre-reservez-vite\/#breadcrumb"},"inLanguage":"fr-FR","potentialAction":[{"@type":"ReadAction","target":["https:\/\/nyala.info\/fr\/reserver\/offre-reservez-vite\/"]}]},{"@type":"ImageObject","inLanguage":"fr-FR","@id":"https:\/\/nyala.info\/fr\/reserver\/offre-reservez-vite\/#primaryimage","url":"https:\/\/nyala.info\/wp-content\/uploads\/2017\/03\/first-minute.png","contentUrl":"https:\/\/nyala.info\/wp-content\/uploads\/2017\/03\/first-minute.png","width":320,"height":214,"caption":"first-minute"},{"@type":"BreadcrumbList","@id":"https:\/\/nyala.info\/fr\/reserver\/offre-reservez-vite\/#breadcrumb","itemListElement":[{"@type":"ListItem","position":1,"name":"Home","item":"https:\/\/nyala.info\/fr\/"},{"@type":"ListItem","position":2,"name":"R\u00e9servation H\u00f4teli\u00e8res","item":"https:\/\/nyala.info\/fr\/reserver\/"},{"@type":"ListItem","position":3,"name":"Offre Premiere minute"}]},{"@type":"WebSite","@id":"https:\/\/nyala.info\/fr\/#website","url":"https:\/\/nyala.info\/fr\/","name":"Nyala Suite Hotel","description":"Hotel 4 \u00e9toiles \u00e0 San Remo","potentialAction":[{"@type":"SearchAction","target":{"@type":"EntryPoint","urlTemplate":"https:\/\/nyala.info\/fr\/?s={search_term_string}"},"query-input":{"@type":"PropertyValueSpecification","valueRequired":true,"valueName":"search_term_string"}}],"inLanguage":"fr-FR"}]}},"_links":{"self":[{"href":"https:\/\/nyala.info\/fr\/wp-json\/wp\/v2\/pages\/4175"}],"collection":[{"href":"https:\/\/nyala.info\/fr\/wp-json\/wp\/v2\/pages"}],"about":[{"href":"https:\/\/nyala.info\/fr\/wp-json\/wp\/v2\/types\/page"}],"author":[{"embeddable":true,"href":"https:\/\/nyala.info\/fr\/wp-json\/wp\/v2\/users\/3"}],"replies":[{"embeddable":true,"href":"https:\/\/nyala.info\/fr\/wp-json\/wp\/v2\/comments?post=4175"}],"version-history":[{"count":10,"href":"https:\/\/nyala.info\/fr\/wp-json\/wp\/v2\/pages\/4175\/revisions"}],"predecessor-version":[{"id":7029,"href":"https:\/\/nyala.info\/fr\/wp-json\/wp\/v2\/pages\/4175\/revisions\/7029"}],"up":[{"embeddable":true,"href":"https:\/\/nyala.info\/fr\/wp-json\/wp\/v2\/pages\/3300"}],"wp:featuredmedia":[{"embeddable":true,"href":"https:\/\/nyala.info\/fr\/wp-json\/wp\/v2\/media\/4172"}],"wp:attachment":[{"href":"https:\/\/nyala.info\/fr\/wp-json\/wp\/v2\/media?parent=4175"}],"curies":[{"name":"wp","href":"https:\/\/api.w.org\/{rel}","templated":true}]}}