{"id":3523,"date":"2017-02-21T11:07:03","date_gmt":"2017-02-21T10:07:03","guid":{"rendered":"http:\/\/www.nyalahotel.biz\/?page_id=3523\/"},"modified":"2017-07-04T17:16:47","modified_gmt":"2017-07-04T15:16:47","slug":"demander-un-devis","status":"publish","type":"page","link":"https:\/\/nyala.info\/fr\/reserver\/demander-un-devis\/","title":{"rendered":"Demander un devis pour votre s\u00e9jour \u00e0 San Remo"},"content":{"rendered":"<h2>Demander un devis<\/h2>\n<div class=\"col-md-8\"><\/p>\n<p>Merci de bien fournir les informations demand\u00e9es, nous nous ferons un plaisir de vous proposer la meilleure offre.<\/p>\n<p>\n<div class=\"wpcf7 no-js\" id=\"wpcf7-f3524-o1\" lang=\"en-US\" dir=\"ltr\" data-wpcf7-id=\"3524\">\n<div class=\"screen-reader-response\"><p role=\"status\" aria-live=\"polite\" aria-atomic=\"true\"><\/p> <ul><\/ul><\/div>\n<form action=\"\/fr\/wp-json\/wp\/v2\/pages\/3523#wpcf7-f3524-o1\" method=\"post\" class=\"wpcf7-form init\" aria-label=\"Contact form\" novalidate=\"novalidate\" data-status=\"init\">\n<div style=\"display: none;\">\n<input type=\"hidden\" name=\"_wpcf7\" value=\"3524\" \/>\n<input type=\"hidden\" name=\"_wpcf7_version\" value=\"6.0.6\" \/>\n<input type=\"hidden\" name=\"_wpcf7_locale\" value=\"en_US\" \/>\n<input type=\"hidden\" name=\"_wpcf7_unit_tag\" value=\"wpcf7-f3524-o1\" \/>\n<input type=\"hidden\" name=\"_wpcf7_container_post\" value=\"0\" \/>\n<input type=\"hidden\" name=\"_wpcf7_posted_data_hash\" value=\"\" \/>\n<input type=\"hidden\" name=\"_wpcf7_recaptcha_response\" value=\"\" \/>\n<\/div>\n<p><strong>Renseignements personnels<\/strong>\n<\/p>\n<p>Nom et Pr\u00e9nom (obligatoire)<br \/>\n<span class=\"wpcf7-form-control-wrap\" data-name=\"your-name\"><input size=\"40\" maxlength=\"400\" class=\"wpcf7-form-control wpcf7-text wpcf7-validates-as-required\" aria-required=\"true\" aria-invalid=\"false\" value=\"\" type=\"text\" name=\"your-name\" \/><\/span>\n<\/p>\n<p>Address (obligatoire)<br \/>\n<span class=\"wpcf7-form-control-wrap\" data-name=\"your-address\"><input size=\"40\" maxlength=\"400\" class=\"wpcf7-form-control wpcf7-text wpcf7-validates-as-required\" aria-required=\"true\" aria-invalid=\"false\" value=\"\" type=\"text\" name=\"your-address\" \/><\/span>\n<\/p>\n<p>Ville (obligatoire)<br \/>\n<span class=\"wpcf7-form-control-wrap\" data-name=\"your-city\"><input size=\"40\" maxlength=\"400\" class=\"wpcf7-form-control wpcf7-text wpcf7-validates-as-required\" aria-required=\"true\" aria-invalid=\"false\" value=\"\" type=\"text\" name=\"your-city\" \/><\/span>\n<\/p>\n<p>Code postal\u00a0(obligatoire)<br \/>\n<span class=\"wpcf7-form-control-wrap\" data-name=\"your-postcode\"><input size=\"40\" maxlength=\"400\" class=\"wpcf7-form-control wpcf7-text wpcf7-validates-as-required\" aria-required=\"true\" aria-invalid=\"false\" value=\"\" type=\"text\" name=\"your-postcode\" \/><\/span>\n<\/p>\n<p>Nation\u00a0(obligatoire)<br \/>\n<span class=\"wpcf7-form-control-wrap\" data-name=\"your-country\"><input size=\"40\" maxlength=\"400\" class=\"wpcf7-form-control wpcf7-text wpcf7-validates-as-required\" aria-required=\"true\" aria-invalid=\"false\" value=\"\" type=\"text\" name=\"your-country\" \/><\/span>\n<\/p>\n<p>Email\u00a0(obligatoire)<br \/>\n<span class=\"wpcf7-form-control-wrap\" data-name=\"your-email\"><input size=\"40\" maxlength=\"400\" class=\"wpcf7-form-control wpcf7-email wpcf7-validates-as-required wpcf7-text wpcf7-validates-as-email\" aria-required=\"true\" aria-invalid=\"false\" value=\"\" type=\"email\" name=\"your-email\" \/><\/span>\n<\/p>\n<p>T\u00e9l\u00e9phone \/ Mobile, inclus le pr\u00e9fixe\u00a0(obligatoire)<br \/>\n<span class=\"wpcf7-form-control-wrap\" data-name=\"your-number\"><input size=\"40\" maxlength=\"400\" class=\"wpcf7-form-control wpcf7-text wpcf7-validates-as-required\" aria-required=\"true\" aria-invalid=\"false\" value=\"\" type=\"text\" name=\"your-number\" \/><\/span>\n<\/p>\n<p>&nbsp;\n<\/p>\n<p><strong>Donn\u00e9es de votre r\u00e9servation<\/strong>\n<\/p>\n<p>Date d'arriv\u00e9e\u00a0(obbligatoire)<br \/>\n<span class=\"wpcf7-form-control-wrap date-arrival\"><input size=\"40\" class=\"wpcf7-form-control wpcf7-date wpcf7-validates-as-required\" type=\"text\" aria-required=\"true\" value=\"\" name=\"date-arrival\" \/> <\/span>\n<\/p>\n<p>Data de d\u00e9part (obligatoire)<br \/>\n<span class=\"wpcf7-form-control-wrap date-departure\"><input size=\"40\" class=\"wpcf7-form-control wpcf7-date wpcf7-validates-as-required\" type=\"text\" aria-required=\"true\" value=\"\" name=\"date-departure\" \/> <\/span>\n<\/p>\n<p>Nombre d'adultes de plus de 16 ans\u00a0(obligatoire)<br \/>\n<span class=\"wpcf7-form-control-wrap\" data-name=\"number-adults\"><input class=\"wpcf7-form-control wpcf7-number wpcf7-validates-as-required wpcf7-validates-as-number\" min=\"1\" max=\"6\" aria-required=\"true\" aria-invalid=\"false\" value=\"\" type=\"number\" name=\"number-adults\" \/><\/span>\n<\/p>\n<p>Nombre d'enfants de moins de 15 ans\u00a0(obligatoire)<br \/>\n<span class=\"wpcf7-form-control-wrap\" data-name=\"number-kids\"><input class=\"wpcf7-form-control wpcf7-number wpcf7-validates-as-required wpcf7-validates-as-number\" min=\"0\" max=\"6\" aria-required=\"true\" aria-invalid=\"false\" value=\"0\" type=\"number\" name=\"number-kids\" \/><\/span>\n<\/p>\n<p>Nombre d'enfants de moins de 6 ans\u00a0(obligatoire)<br \/>\n<span class=\"wpcf7-form-control-wrap\" data-name=\"number-children\"><input class=\"wpcf7-form-control wpcf7-number wpcf7-validates-as-required wpcf7-validates-as-number\" min=\"0\" max=\"6\" aria-required=\"true\" aria-invalid=\"false\" value=\"0\" type=\"number\" name=\"number-children\" \/><\/span>\n<\/p>\n<p>Message<br \/>\n<span class=\"wpcf7-form-control-wrap\" data-name=\"your-message\"><textarea cols=\"60\" rows=\"5\" maxlength=\"2000\" class=\"wpcf7-form-control wpcf7-textarea\" aria-invalid=\"false\" name=\"your-message\"><\/textarea><\/span>\n<\/p>\n<span class=\"wpcf7-form-control-wrap recaptcha\" data-name=\"recaptcha\"><span data-sitekey=\"6LckrcMUAAAAALGfM-fu_QqkFbrup26Om7DwFfBd\" class=\"wpcf7-form-control wpcf7-recaptcha g-recaptcha\"><\/span>\r\n<noscript>\r\n\t<div class=\"grecaptcha-noscript\">\r\n\t\t<iframe loading=\"lazy\" src=\"https:\/\/www.google.com\/recaptcha\/api\/fallback?k=6LckrcMUAAAAALGfM-fu_QqkFbrup26Om7DwFfBd\" frameborder=\"0\" scrolling=\"no\" width=\"310\" height=\"430\">\r\n\t\t<\/iframe>\r\n\t\t<textarea name=\"g-recaptcha-response\" rows=\"3\" cols=\"40\" placeholder=\"reCaptcha Response Here\">\r\n\t\t<\/textarea>\r\n\t<\/div>\r\n<\/noscript>\r\n<\/span>\n<p>&nbsp;\n<\/p>\n<p><span class=\"wpcf7-form-control-wrap\" data-name=\"acceptance-345\"><span class=\"wpcf7-form-control wpcf7-acceptance\"><span class=\"wpcf7-list-item\"><input type=\"checkbox\" name=\"acceptance-345\" value=\"1\" aria-invalid=\"false\" \/><\/span><\/span><\/span> Je d\u00e9clare que j'ai lu et j'accepte la Politique de confidentialit\u00e9 de Nyala Suite Hotel \u00e0 <a href=\"http:\/\/www.nyalahotel.com\/fr\/information-sur-les-donnees-personnelles\/\" target=\"_blank\" rel=\"noopener\">cette page<\/a>.\n<\/p>\n<p><input class=\"wpcf7-form-control wpcf7-submit has-spinner\" type=\"submit\" value=\"Envoyer\" \/>\n<\/p>\n<p>&lt;blockquote\n<\/p>\n<p>&nbsp;\n<\/p><p style=\"display: none !important;\" class=\"akismet-fields-container\" data-prefix=\"_wpcf7_ak_\"><label>&#916;<textarea name=\"_wpcf7_ak_hp_textarea\" cols=\"45\" rows=\"8\" maxlength=\"100\"><\/textarea><\/label><input type=\"hidden\" id=\"ak_js_1\" name=\"_wpcf7_ak_js\" value=\"7\"\/><script>document.getElementById( \"ak_js_1\" ).setAttribute( \"value\", ( new Date() ).getTime() );<\/script><\/p><div class=\"wpcf7-response-output\" aria-hidden=\"true\"><\/div>\n<\/form>\n<\/div>\n<\/p>\n<p><\/div>\n<div class=\"col-md-4\">\n<p><a href=\"http:\/\/www.nyalahotel.com\/wp-content\/uploads\/2015\/04\/mail-e-telefono-300x300.jpg\"><img loading=\"lazy\" decoding=\"async\" class=\"alignnone wp-image-1251\" src=\"http:\/\/www.nyalahotel.com\/wp-content\/uploads\/2015\/04\/mail-e-telefono-300x300.jpg\" alt=\"preventivo\" width=\"193\" height=\"193\" srcset=\"https:\/\/nyala.info\/wp-content\/uploads\/2015\/04\/mail-e-telefono-300x300.jpg 300w, https:\/\/nyala.info\/wp-content\/uploads\/2015\/04\/mail-e-telefono-300x300-150x150.jpg 150w, https:\/\/nyala.info\/wp-content\/uploads\/2015\/04\/mail-e-telefono-300x300-1x1.jpg 1w, https:\/\/nyala.info\/wp-content\/uploads\/2015\/04\/mail-e-telefono-300x300-200x200.jpg 200w\" sizes=\"(max-width: 193px) 100vw, 193px\" \/><\/a><\/p>\n<p><strong>NYALA SUITE HOTEL<\/strong><br \/>\nvia Solaro 134<br \/>\n18038 Sanremo<br \/>\nItalie<br \/>\n<strong>Tel: +39 0184 667 668<\/strong><br \/>\nFax: +39 0184 666 059<br \/>\nE-mail: info@nyalahotel.com<\/p>\n<\/div>\n","protected":false},"excerpt":{"rendered":"<p>Demander un devis<\/p>\n","protected":false},"author":3,"featured_media":1163,"parent":3300,"menu_order":5,"comment_status":"closed","ping_status":"closed","template":"","meta":{"_acf_changed":false,"footnotes":""},"class_list":["post-3523","page","type-page","status-publish","has-post-thumbnail","hentry"],"acf":[],"yoast_head":"<!-- This site is optimized with the Yoast SEO plugin v25.6 - https:\/\/yoast.com\/wordpress\/plugins\/seo\/ -->\n<title>Demander un devis pour votre s\u00e9jour \u00e0 San Remo | Nyala Suite Hotel Hotel 4 \u00e9toiles \u00e0 San Remo<\/title>\n<meta name=\"robots\" content=\"noindex, follow, max-snippet:-1, max-image-preview:large, max-video-preview:-1\" \/>\n<meta property=\"og:locale\" content=\"fr_FR\" \/>\n<meta property=\"og:type\" content=\"article\" \/>\n<meta property=\"og:title\" content=\"Demander un devis pour votre s\u00e9jour \u00e0 San Remo | Nyala Suite Hotel Hotel 4 \u00e9toiles \u00e0 San Remo\" \/>\n<meta property=\"og:description\" content=\"Demander un devis\" \/>\n<meta property=\"og:url\" content=\"https:\/\/nyala.info\/fr\/reserver\/demander-un-devis\/\" \/>\n<meta property=\"og:site_name\" content=\"Nyala Suite Hotel\" \/>\n<meta property=\"article:modified_time\" content=\"2017-07-04T15:16:47+00:00\" \/>\n<meta property=\"og:image\" content=\"https:\/\/nyala.info\/wp-content\/uploads\/2015\/04\/nyala-19.jpg\" \/>\n\t<meta property=\"og:image:width\" content=\"1620\" \/>\n\t<meta property=\"og:image:height\" content=\"1080\" \/>\n\t<meta property=\"og:image:type\" content=\"image\/jpeg\" \/>\n<meta name=\"twitter:card\" content=\"summary_large_image\" \/>\n<script type=\"application\/ld+json\" class=\"yoast-schema-graph\">{\"@context\":\"https:\/\/schema.org\",\"@graph\":[{\"@type\":\"WebPage\",\"@id\":\"https:\/\/nyala.info\/fr\/reserver\/demander-un-devis\/\",\"url\":\"https:\/\/nyala.info\/fr\/reserver\/demander-un-devis\/\",\"name\":\"Demander un devis pour votre s\u00e9jour \u00e0 San Remo | Nyala Suite Hotel Hotel 4 \u00e9toiles \u00e0 San Remo\",\"isPartOf\":{\"@id\":\"https:\/\/nyala.info\/fr\/#website\"},\"primaryImageOfPage\":{\"@id\":\"https:\/\/nyala.info\/fr\/reserver\/demander-un-devis\/#primaryimage\"},\"image\":{\"@id\":\"https:\/\/nyala.info\/fr\/reserver\/demander-un-devis\/#primaryimage\"},\"thumbnailUrl\":\"https:\/\/nyala.info\/wp-content\/uploads\/2015\/04\/nyala-19.jpg\",\"datePublished\":\"2017-02-21T10:07:03+00:00\",\"dateModified\":\"2017-07-04T15:16:47+00:00\",\"breadcrumb\":{\"@id\":\"https:\/\/nyala.info\/fr\/reserver\/demander-un-devis\/#breadcrumb\"},\"inLanguage\":\"fr-FR\",\"potentialAction\":[{\"@type\":\"ReadAction\",\"target\":[\"https:\/\/nyala.info\/fr\/reserver\/demander-un-devis\/\"]}]},{\"@type\":\"ImageObject\",\"inLanguage\":\"fr-FR\",\"@id\":\"https:\/\/nyala.info\/fr\/reserver\/demander-un-devis\/#primaryimage\",\"url\":\"https:\/\/nyala.info\/wp-content\/uploads\/2015\/04\/nyala-19.jpg\",\"contentUrl\":\"https:\/\/nyala.info\/wp-content\/uploads\/2015\/04\/nyala-19.jpg\",\"width\":1620,\"height\":1080,\"caption\":\"Suite Junior, famiglie, familien\"},{\"@type\":\"BreadcrumbList\",\"@id\":\"https:\/\/nyala.info\/fr\/reserver\/demander-un-devis\/#breadcrumb\",\"itemListElement\":[{\"@type\":\"ListItem\",\"position\":1,\"name\":\"Home\",\"item\":\"https:\/\/nyala.info\/fr\/\"},{\"@type\":\"ListItem\",\"position\":2,\"name\":\"R\u00e9servation H\u00f4teli\u00e8res\",\"item\":\"https:\/\/nyala.info\/fr\/reserver\/\"},{\"@type\":\"ListItem\",\"position\":3,\"name\":\"Demander un devis pour votre s\u00e9jour \u00e0 San Remo\"}]},{\"@type\":\"WebSite\",\"@id\":\"https:\/\/nyala.info\/fr\/#website\",\"url\":\"https:\/\/nyala.info\/fr\/\",\"name\":\"Nyala Suite Hotel\",\"description\":\"Hotel 4 \u00e9toiles \u00e0 San Remo\",\"potentialAction\":[{\"@type\":\"SearchAction\",\"target\":{\"@type\":\"EntryPoint\",\"urlTemplate\":\"https:\/\/nyala.info\/fr\/?s={search_term_string}\"},\"query-input\":{\"@type\":\"PropertyValueSpecification\",\"valueRequired\":true,\"valueName\":\"search_term_string\"}}],\"inLanguage\":\"fr-FR\"}]}<\/script>\n<!-- \/ Yoast SEO plugin. -->","yoast_head_json":{"title":"Demander un devis pour votre s\u00e9jour \u00e0 San Remo | Nyala Suite Hotel Hotel 4 \u00e9toiles \u00e0 San Remo","robots":{"index":"noindex","follow":"follow","max-snippet":"max-snippet:-1","max-image-preview":"max-image-preview:large","max-video-preview":"max-video-preview:-1"},"og_locale":"fr_FR","og_type":"article","og_title":"Demander un devis pour votre s\u00e9jour \u00e0 San Remo | Nyala Suite Hotel Hotel 4 \u00e9toiles \u00e0 San Remo","og_description":"Demander un devis","og_url":"https:\/\/nyala.info\/fr\/reserver\/demander-un-devis\/","og_site_name":"Nyala Suite Hotel","article_modified_time":"2017-07-04T15:16:47+00:00","og_image":[{"width":1620,"height":1080,"url":"https:\/\/nyala.info\/wp-content\/uploads\/2015\/04\/nyala-19.jpg","type":"image\/jpeg"}],"twitter_card":"summary_large_image","schema":{"@context":"https:\/\/schema.org","@graph":[{"@type":"WebPage","@id":"https:\/\/nyala.info\/fr\/reserver\/demander-un-devis\/","url":"https:\/\/nyala.info\/fr\/reserver\/demander-un-devis\/","name":"Demander un devis pour votre s\u00e9jour \u00e0 San Remo | Nyala Suite Hotel Hotel 4 \u00e9toiles \u00e0 San Remo","isPartOf":{"@id":"https:\/\/nyala.info\/fr\/#website"},"primaryImageOfPage":{"@id":"https:\/\/nyala.info\/fr\/reserver\/demander-un-devis\/#primaryimage"},"image":{"@id":"https:\/\/nyala.info\/fr\/reserver\/demander-un-devis\/#primaryimage"},"thumbnailUrl":"https:\/\/nyala.info\/wp-content\/uploads\/2015\/04\/nyala-19.jpg","datePublished":"2017-02-21T10:07:03+00:00","dateModified":"2017-07-04T15:16:47+00:00","breadcrumb":{"@id":"https:\/\/nyala.info\/fr\/reserver\/demander-un-devis\/#breadcrumb"},"inLanguage":"fr-FR","potentialAction":[{"@type":"ReadAction","target":["https:\/\/nyala.info\/fr\/reserver\/demander-un-devis\/"]}]},{"@type":"ImageObject","inLanguage":"fr-FR","@id":"https:\/\/nyala.info\/fr\/reserver\/demander-un-devis\/#primaryimage","url":"https:\/\/nyala.info\/wp-content\/uploads\/2015\/04\/nyala-19.jpg","contentUrl":"https:\/\/nyala.info\/wp-content\/uploads\/2015\/04\/nyala-19.jpg","width":1620,"height":1080,"caption":"Suite Junior, famiglie, familien"},{"@type":"BreadcrumbList","@id":"https:\/\/nyala.info\/fr\/reserver\/demander-un-devis\/#breadcrumb","itemListElement":[{"@type":"ListItem","position":1,"name":"Home","item":"https:\/\/nyala.info\/fr\/"},{"@type":"ListItem","position":2,"name":"R\u00e9servation H\u00f4teli\u00e8res","item":"https:\/\/nyala.info\/fr\/reserver\/"},{"@type":"ListItem","position":3,"name":"Demander un devis pour votre s\u00e9jour \u00e0 San Remo"}]},{"@type":"WebSite","@id":"https:\/\/nyala.info\/fr\/#website","url":"https:\/\/nyala.info\/fr\/","name":"Nyala Suite Hotel","description":"Hotel 4 \u00e9toiles \u00e0 San Remo","potentialAction":[{"@type":"SearchAction","target":{"@type":"EntryPoint","urlTemplate":"https:\/\/nyala.info\/fr\/?s={search_term_string}"},"query-input":{"@type":"PropertyValueSpecification","valueRequired":true,"valueName":"search_term_string"}}],"inLanguage":"fr-FR"}]}},"_links":{"self":[{"href":"https:\/\/nyala.info\/fr\/wp-json\/wp\/v2\/pages\/3523"}],"collection":[{"href":"https:\/\/nyala.info\/fr\/wp-json\/wp\/v2\/pages"}],"about":[{"href":"https:\/\/nyala.info\/fr\/wp-json\/wp\/v2\/types\/page"}],"author":[{"embeddable":true,"href":"https:\/\/nyala.info\/fr\/wp-json\/wp\/v2\/users\/3"}],"replies":[{"embeddable":true,"href":"https:\/\/nyala.info\/fr\/wp-json\/wp\/v2\/comments?post=3523"}],"version-history":[{"count":5,"href":"https:\/\/nyala.info\/fr\/wp-json\/wp\/v2\/pages\/3523\/revisions"}],"predecessor-version":[{"id":5417,"href":"https:\/\/nyala.info\/fr\/wp-json\/wp\/v2\/pages\/3523\/revisions\/5417"}],"up":[{"embeddable":true,"href":"https:\/\/nyala.info\/fr\/wp-json\/wp\/v2\/pages\/3300"}],"wp:featuredmedia":[{"embeddable":true,"href":"https:\/\/nyala.info\/fr\/wp-json\/wp\/v2\/media\/1163"}],"wp:attachment":[{"href":"https:\/\/nyala.info\/fr\/wp-json\/wp\/v2\/media?parent=3523"}],"curies":[{"name":"wp","href":"https:\/\/api.w.org\/{rel}","templated":true}]}}