{"id":3474,"date":"2017-02-16T11:50:44","date_gmt":"2017-02-16T10:50:44","guid":{"rendered":"http:\/\/www.nyalahotel.biz\/?page_id=3474\/"},"modified":"2017-03-14T13:34:42","modified_gmt":"2017-03-14T12:34:42","slug":"activites-san-remo","status":"publish","type":"page","link":"https:\/\/nyala.info\/fr\/activites-san-remo\/","title":{"rendered":"Activit\u00e9s \u00e0 San Remo"},"content":{"rendered":"<h1 style=\"text-align: center;\">Activit\u00e9s disponibles pour les partecipants aux conventions et pour les accompagnateurs<\/h1>\n<p style=\"text-align: justify;\"><div class=\"col-md-3\"><div class=\"featured\"><h4 class=\"f_title\">Decouvrir la Riviera<\/h4><img loading=\"lazy\" decoding=\"async\" class=\"aligncenter size-full wp-image-3070 img-responsive\" src=\"http:\/\/www.nyalahotel.com\/wp-content\/uploads\/2015\/04\/riviera-dei-fiori.jpg\" alt=\"riviera dei fiori\" width=\"500\" height=\"400\" srcset=\"https:\/\/nyala.info\/wp-content\/uploads\/2015\/04\/riviera-dei-fiori.jpg 500w, https:\/\/nyala.info\/wp-content\/uploads\/2015\/04\/riviera-dei-fiori-300x240.jpg 300w, https:\/\/nyala.info\/wp-content\/uploads\/2015\/04\/riviera-dei-fiori-1x1.jpg 1w\" sizes=\"(max-width: 500px) 100vw, 500px\" \/><div>En collaboration avec les associations naturalistes et le club de photographie sanr\u00e9masque, nous pouvons organiser une excursion avec une projection de diapositives et une pr\u00e9sentation des merveilles de la Riviera et des Alpes Maritimes qui marquent notre territoire.<\/div><\/div><\/div>\n<p style=\"text-align: justify;\"><div class=\"col-md-3\"><div class=\"featured\"><h4 class=\"f_title\">Activit\u00e9s sportives<\/h4><img loading=\"lazy\" decoding=\"async\" class=\"aligncenter size-full wp-image-3068 img-responsive\" src=\"http:\/\/www.nyalahotel.com\/wp-content\/uploads\/2015\/04\/attivit\u00e0-sportivve.jpg\" alt=\"attivit\u00e0 sportivve\" width=\"500\" height=\"400\" srcset=\"https:\/\/nyala.info\/wp-content\/uploads\/2015\/04\/attivit\u00e0-sportivve.jpg 500w, https:\/\/nyala.info\/wp-content\/uploads\/2015\/04\/attivit\u00e0-sportivve-300x240.jpg 300w, https:\/\/nyala.info\/wp-content\/uploads\/2015\/04\/attivit\u00e0-sportivve-1x1.jpg 1w\" sizes=\"(max-width: 500px) 100vw, 500px\" \/><div>Le climat doux de la Riviera est un formidable cadre pour les incentives avec des activit\u00e9s en ext\u00e9rieur: p\u00e9daler sur la nouvelle et spectaculaire piste cyclable, avec la possibilit\u00e9 de louer des v\u00e9los; r\u00e9aliser des excursions \u00e0 pieds ou en VTT dans le proche arri\u00e8re-pays, avec nos guides naturalistes; jouer au golf, au tennis, monter \u00e0 cheval dans les \u00e9tablissements situ\u00e9s dans les environs imm\u00e9diats de l&#8217;h\u00f4tel;donner vie \u00e0 une course de karting sur le circuit d&#8217;Oleandri, o\u00f9 Michael Schumacher est venu conduire.<\/p>\n<p><\/div><\/div><\/div>\n<p style=\"text-align: justify;\"><div class=\"col-md-3\"><div class=\"featured\"><h4 class=\"f_title\">Demonstration de composition florale<\/h4><img loading=\"lazy\" decoding=\"async\" class=\"aligncenter size-full wp-image-3060 img-responsive\" src=\"http:\/\/www.nyalahotel.com\/wp-content\/uploads\/2015\/04\/composizione-floreale.jpg\" alt=\"composizione floreale\" width=\"350\" height=\"350\" srcset=\"https:\/\/nyala.info\/wp-content\/uploads\/2015\/04\/composizione-floreale.jpg 350w, https:\/\/nyala.info\/wp-content\/uploads\/2015\/04\/composizione-floreale-150x150.jpg 150w, https:\/\/nyala.info\/wp-content\/uploads\/2015\/04\/composizione-floreale-300x300.jpg 300w, https:\/\/nyala.info\/wp-content\/uploads\/2015\/04\/composizione-floreale-1x1.jpg 1w, https:\/\/nyala.info\/wp-content\/uploads\/2015\/04\/composizione-floreale-200x200.jpg 200w\" sizes=\"(max-width: 350px) 100vw, 350px\" \/><div>Sanremo est la Ville des Fleurs par excellence, mais aussi le si\u00e8ge du club \u00ab Sanremo Italian Style \u00bb qui propose aux fleuristes de toute l&#8217;Europe le style italien du design des compositions florales. Nous pouvons organiser de simples d\u00e9monstrations d&#8217;une heure ou des stages d\u00e9di\u00e9s aux fleurs, avec un flower designer sanr\u00e9masque, qui vous montrera comment valoriser la mise en sc\u00e8ne de la production floricole de la Riviera.<\/div><\/div><\/div>\n<div class=\"col-md-3\"><div class=\"featured\"><h4 class=\"f_title\">Laboratoire de creation de parfums<\/h4><img loading=\"lazy\" decoding=\"async\" class=\"aligncenter size-full wp-image-3061 img-responsive\" src=\"http:\/\/www.nyalahotel.com\/wp-content\/uploads\/2015\/04\/laboratorio-profumi.jpg\" alt=\"laboratorio profumi\" width=\"350\" height=\"350\" srcset=\"https:\/\/nyala.info\/wp-content\/uploads\/2015\/04\/laboratorio-profumi.jpg 350w, https:\/\/nyala.info\/wp-content\/uploads\/2015\/04\/laboratorio-profumi-150x150.jpg 150w, https:\/\/nyala.info\/wp-content\/uploads\/2015\/04\/laboratorio-profumi-300x300.jpg 300w, https:\/\/nyala.info\/wp-content\/uploads\/2015\/04\/laboratorio-profumi-1x1.jpg 1w, https:\/\/nyala.info\/wp-content\/uploads\/2015\/04\/laboratorio-profumi-200x200.jpg 200w\" sizes=\"(max-width: 350px) 100vw, 350px\" \/><div>Les fleurs de la Riviera et des grandes parfumeries de Grasse, pour un bin\u00f4me d&#8217;exception avec le laboratoire de cr\u00e9ation de parfums dirig\u00e9 par un ma\u00eetre parfumeur d&#8217;une des prestigieuses maisons fran\u00e7aises.<\/p>\n<p><\/div><\/div><\/div>\n<div class=\"clearfix\"><\/div>\n<div class=\"col-md-3\"><div class=\"featured\"><h4 class=\"f_title\">Demonstration du travail de l&#8217;ardoise<\/h4><img loading=\"lazy\" decoding=\"async\" class=\"aligncenter size-full wp-image-3064 img-responsive\" src=\"http:\/\/www.nyalahotel.com\/wp-content\/uploads\/2015\/04\/ardesia.jpg\" alt=\"ardesia\" width=\"350\" height=\"350\" srcset=\"https:\/\/nyala.info\/wp-content\/uploads\/2015\/04\/ardesia.jpg 350w, https:\/\/nyala.info\/wp-content\/uploads\/2015\/04\/ardesia-150x150.jpg 150w, https:\/\/nyala.info\/wp-content\/uploads\/2015\/04\/ardesia-300x300.jpg 300w, https:\/\/nyala.info\/wp-content\/uploads\/2015\/04\/ardesia-1x1.jpg 1w, https:\/\/nyala.info\/wp-content\/uploads\/2015\/04\/ardesia-200x200.jpg 200w\" sizes=\"(max-width: 350px) 100vw, 350px\" \/><div>Un mat\u00e9riel noble typique de la Ligurie, dont un des lieux d&#8217;excellence de l&#8217;extraction et de travail de cette pierre se trouve dans la Vall\u00e9e Argentina. Nous pouvons organiser de simples d\u00e9monstrations de taille de l&#8217;ardoise ou des stages anim\u00e9s par un artiste local.<\/div><\/div><\/div>\n<div class=\"col-md-3\"><div class=\"featured\"><h4 class=\"f_title\">Carte Shopping<\/h4><img loading=\"lazy\" decoding=\"async\" class=\"img-responsive aligncenter size-full wp-image-3071\" src=\"http:\/\/www.nyalahotel.com\/wp-content\/uploads\/2015\/04\/shopping.jpg img-responsive\" alt=\"shopping\" width=\"350\" height=\"350\" srcset=\"https:\/\/nyala.info\/wp-content\/uploads\/2015\/04\/shopping.jpg 350w, https:\/\/nyala.info\/wp-content\/uploads\/2015\/04\/shopping-150x150.jpg 150w, https:\/\/nyala.info\/wp-content\/uploads\/2015\/04\/shopping-300x300.jpg 300w, https:\/\/nyala.info\/wp-content\/uploads\/2015\/04\/shopping-1x1.jpg 1w, https:\/\/nyala.info\/wp-content\/uploads\/2015\/04\/shopping-200x200.jpg 200w\" sizes=\"(max-width: 350px) 100vw, 350px\" \/><div>Le shopping est depuis toujours une attraction irr\u00e9sistible : sur la route Matteotti de Sanremo et ses traverses, vous trouverez toutes les marques de la mode italienne et de la haute joaillerie. Il y a aussi de nombreux magasins de produits typiques de l&#8217;agriculture ligure. Un service de personal shopper est \u00e9galement disponible<\/p>\n<p><\/div><\/div><\/div>\n<div class=\"col-md-3\"><div class=\"featured\"><h4 class=\"f_title\">Cours de Cuisine Ligure<\/h4><img loading=\"lazy\" decoding=\"async\" class=\"aligncenter size-full wp-image-3073 img-responsive\" src=\"http:\/\/www.nyalahotel.com\/wp-content\/uploads\/2015\/04\/atelier-cucina-ligure.jpg\" alt=\"atelier cucina ligure\" width=\"350\" height=\"350\" srcset=\"https:\/\/nyala.info\/wp-content\/uploads\/2015\/04\/atelier-cucina-ligure.jpg 350w, https:\/\/nyala.info\/wp-content\/uploads\/2015\/04\/atelier-cucina-ligure-150x150.jpg 150w, https:\/\/nyala.info\/wp-content\/uploads\/2015\/04\/atelier-cucina-ligure-300x300.jpg 300w, https:\/\/nyala.info\/wp-content\/uploads\/2015\/04\/atelier-cucina-ligure-1x1.jpg 1w, https:\/\/nyala.info\/wp-content\/uploads\/2015\/04\/atelier-cucina-ligure-200x200.jpg 200w\" sizes=\"(max-width: 350px) 100vw, 350px\" \/><div>Avec les chefs de l&#8217;Union Italienne des Chefs, nous pouvons organiser de simples d\u00e9monstrations ou des cours autour de la cuisine ligure la plus typique.<\/p>\n<p><\/div><\/div><\/div>\n<div class=\"col-md-3\"><div class=\"featured\"><h4 class=\"f_title\">Degustation de produits typiques<\/h4><img loading=\"lazy\" decoding=\"async\" class=\"aligncenter size-full wp-image-3072 img-responsive\" src=\"http:\/\/www.nyalahotel.com\/wp-content\/uploads\/2015\/04\/degustazione-prodotti-tipici.jpg\" alt=\"degustazione prodotti tipici\" width=\"350\" height=\"350\" srcset=\"https:\/\/nyala.info\/wp-content\/uploads\/2015\/04\/degustazione-prodotti-tipici.jpg 350w, https:\/\/nyala.info\/wp-content\/uploads\/2015\/04\/degustazione-prodotti-tipici-150x150.jpg 150w, https:\/\/nyala.info\/wp-content\/uploads\/2015\/04\/degustazione-prodotti-tipici-300x300.jpg 300w, https:\/\/nyala.info\/wp-content\/uploads\/2015\/04\/degustazione-prodotti-tipici-1x1.jpg 1w, https:\/\/nyala.info\/wp-content\/uploads\/2015\/04\/degustazione-prodotti-tipici-200x200.jpg 200w\" sizes=\"(max-width: 350px) 100vw, 350px\" \/><div>Le produit symbole de la Riviera des Fleurs est l&#8217;huile d&#8217;olive extra-vierge Taggiasca : nous pouvons organiser de simples d\u00e9gustations ou de r\u00e9els cours dans un pressoir traditionnel ou dans notre h\u00f4tel.<\/p>\n<p>Il est aussi possible de d\u00e9guster des vins AOC de la Riviera de l&#8217;Ouest : Rossese de Dolceacqua, Vermentino, Pigato et Ormeasco, avec un ma\u00eetre sommelier, en choisissant une cave d&#8217;un producteur local ou une des salles de l&#8217;h\u00f4tel.<\/div><\/div><\/div>\n<div class=\"clearfix\"><\/div>\n","protected":false},"excerpt":{"rendered":"<p>Activit\u00e9s disponibles pour les partecipants aux conventions et pour les accompagnateurs<\/p>\n","protected":false},"author":3,"featured_media":1043,"parent":0,"menu_order":0,"comment_status":"open","ping_status":"closed","template":"offer_one_column.php","meta":{"_acf_changed":false,"footnotes":""},"class_list":["post-3474","page","type-page","status-publish","has-post-thumbnail","hentry"],"acf":[],"yoast_head":"<!-- This site is optimized with the Yoast SEO plugin v25.6 - https:\/\/yoast.com\/wordpress\/plugins\/seo\/ -->\n<title>Activit\u00e9s \u00e0 San Remo | Nyala Suite Hotel Hotel 4 \u00e9toiles \u00e0 San Remo<\/title>\n<meta name=\"robots\" content=\"noindex, follow, max-snippet:-1, max-image-preview:large, max-video-preview:-1\" \/>\n<meta property=\"og:locale\" content=\"fr_FR\" \/>\n<meta property=\"og:type\" content=\"article\" \/>\n<meta property=\"og:title\" content=\"Activit\u00e9s \u00e0 San Remo | Nyala Suite Hotel Hotel 4 \u00e9toiles \u00e0 San Remo\" \/>\n<meta property=\"og:description\" content=\"Activit\u00e9s disponibles pour les partecipants aux conventions et pour les accompagnateurs\" \/>\n<meta property=\"og:url\" content=\"https:\/\/nyala.info\/fr\/activites-san-remo\/\" \/>\n<meta property=\"og:site_name\" content=\"Nyala Suite Hotel\" \/>\n<meta property=\"article:modified_time\" content=\"2017-03-14T12:34:42+00:00\" \/>\n<meta property=\"og:image\" content=\"https:\/\/nyala.info\/wp-content\/uploads\/2015\/04\/biking.jpg\" \/>\n\t<meta property=\"og:image:width\" content=\"1620\" \/>\n\t<meta property=\"og:image:height\" content=\"1080\" \/>\n\t<meta property=\"og:image:type\" content=\"image\/jpeg\" \/>\n<meta name=\"twitter:card\" content=\"summary_large_image\" \/>\n<meta name=\"twitter:label1\" content=\"Est. reading time\" \/>\n\t<meta name=\"twitter:data1\" content=\"3 minutes\" \/>\n<script type=\"application\/ld+json\" class=\"yoast-schema-graph\">{\"@context\":\"https:\/\/schema.org\",\"@graph\":[{\"@type\":\"WebPage\",\"@id\":\"https:\/\/nyala.info\/fr\/activites-san-remo\/\",\"url\":\"https:\/\/nyala.info\/fr\/activites-san-remo\/\",\"name\":\"Activit\u00e9s \u00e0 San Remo | Nyala Suite Hotel Hotel 4 \u00e9toiles \u00e0 San Remo\",\"isPartOf\":{\"@id\":\"https:\/\/nyala.info\/fr\/#website\"},\"primaryImageOfPage\":{\"@id\":\"https:\/\/nyala.info\/fr\/activites-san-remo\/#primaryimage\"},\"image\":{\"@id\":\"https:\/\/nyala.info\/fr\/activites-san-remo\/#primaryimage\"},\"thumbnailUrl\":\"https:\/\/nyala.info\/wp-content\/uploads\/2015\/04\/biking.jpg\",\"datePublished\":\"2017-02-16T10:50:44+00:00\",\"dateModified\":\"2017-03-14T12:34:42+00:00\",\"breadcrumb\":{\"@id\":\"https:\/\/nyala.info\/fr\/activites-san-remo\/#breadcrumb\"},\"inLanguage\":\"fr-FR\",\"potentialAction\":[{\"@type\":\"ReadAction\",\"target\":[\"https:\/\/nyala.info\/fr\/activites-san-remo\/\"]}]},{\"@type\":\"ImageObject\",\"inLanguage\":\"fr-FR\",\"@id\":\"https:\/\/nyala.info\/fr\/activites-san-remo\/#primaryimage\",\"url\":\"https:\/\/nyala.info\/wp-content\/uploads\/2015\/04\/biking.jpg\",\"contentUrl\":\"https:\/\/nyala.info\/wp-content\/uploads\/2015\/04\/biking.jpg\",\"width\":1620,\"height\":1080,\"caption\":\"attivit\u00e0 sportive\"},{\"@type\":\"BreadcrumbList\",\"@id\":\"https:\/\/nyala.info\/fr\/activites-san-remo\/#breadcrumb\",\"itemListElement\":[{\"@type\":\"ListItem\",\"position\":1,\"name\":\"Home\",\"item\":\"https:\/\/nyala.info\/fr\/\"},{\"@type\":\"ListItem\",\"position\":2,\"name\":\"Activit\u00e9s \u00e0 San Remo\"}]},{\"@type\":\"WebSite\",\"@id\":\"https:\/\/nyala.info\/fr\/#website\",\"url\":\"https:\/\/nyala.info\/fr\/\",\"name\":\"Nyala Suite Hotel\",\"description\":\"Hotel 4 \u00e9toiles \u00e0 San Remo\",\"potentialAction\":[{\"@type\":\"SearchAction\",\"target\":{\"@type\":\"EntryPoint\",\"urlTemplate\":\"https:\/\/nyala.info\/fr\/?s={search_term_string}\"},\"query-input\":{\"@type\":\"PropertyValueSpecification\",\"valueRequired\":true,\"valueName\":\"search_term_string\"}}],\"inLanguage\":\"fr-FR\"}]}<\/script>\n<!-- \/ Yoast SEO plugin. -->","yoast_head_json":{"title":"Activit\u00e9s \u00e0 San Remo | Nyala Suite Hotel Hotel 4 \u00e9toiles \u00e0 San Remo","robots":{"index":"noindex","follow":"follow","max-snippet":"max-snippet:-1","max-image-preview":"max-image-preview:large","max-video-preview":"max-video-preview:-1"},"og_locale":"fr_FR","og_type":"article","og_title":"Activit\u00e9s \u00e0 San Remo | Nyala Suite Hotel Hotel 4 \u00e9toiles \u00e0 San Remo","og_description":"Activit\u00e9s disponibles pour les partecipants aux conventions et pour les accompagnateurs","og_url":"https:\/\/nyala.info\/fr\/activites-san-remo\/","og_site_name":"Nyala Suite Hotel","article_modified_time":"2017-03-14T12:34:42+00:00","og_image":[{"width":1620,"height":1080,"url":"https:\/\/nyala.info\/wp-content\/uploads\/2015\/04\/biking.jpg","type":"image\/jpeg"}],"twitter_card":"summary_large_image","twitter_misc":{"Est. reading time":"3 minutes"},"schema":{"@context":"https:\/\/schema.org","@graph":[{"@type":"WebPage","@id":"https:\/\/nyala.info\/fr\/activites-san-remo\/","url":"https:\/\/nyala.info\/fr\/activites-san-remo\/","name":"Activit\u00e9s \u00e0 San Remo | Nyala Suite Hotel Hotel 4 \u00e9toiles \u00e0 San Remo","isPartOf":{"@id":"https:\/\/nyala.info\/fr\/#website"},"primaryImageOfPage":{"@id":"https:\/\/nyala.info\/fr\/activites-san-remo\/#primaryimage"},"image":{"@id":"https:\/\/nyala.info\/fr\/activites-san-remo\/#primaryimage"},"thumbnailUrl":"https:\/\/nyala.info\/wp-content\/uploads\/2015\/04\/biking.jpg","datePublished":"2017-02-16T10:50:44+00:00","dateModified":"2017-03-14T12:34:42+00:00","breadcrumb":{"@id":"https:\/\/nyala.info\/fr\/activites-san-remo\/#breadcrumb"},"inLanguage":"fr-FR","potentialAction":[{"@type":"ReadAction","target":["https:\/\/nyala.info\/fr\/activites-san-remo\/"]}]},{"@type":"ImageObject","inLanguage":"fr-FR","@id":"https:\/\/nyala.info\/fr\/activites-san-remo\/#primaryimage","url":"https:\/\/nyala.info\/wp-content\/uploads\/2015\/04\/biking.jpg","contentUrl":"https:\/\/nyala.info\/wp-content\/uploads\/2015\/04\/biking.jpg","width":1620,"height":1080,"caption":"attivit\u00e0 sportive"},{"@type":"BreadcrumbList","@id":"https:\/\/nyala.info\/fr\/activites-san-remo\/#breadcrumb","itemListElement":[{"@type":"ListItem","position":1,"name":"Home","item":"https:\/\/nyala.info\/fr\/"},{"@type":"ListItem","position":2,"name":"Activit\u00e9s \u00e0 San Remo"}]},{"@type":"WebSite","@id":"https:\/\/nyala.info\/fr\/#website","url":"https:\/\/nyala.info\/fr\/","name":"Nyala Suite Hotel","description":"Hotel 4 \u00e9toiles \u00e0 San Remo","potentialAction":[{"@type":"SearchAction","target":{"@type":"EntryPoint","urlTemplate":"https:\/\/nyala.info\/fr\/?s={search_term_string}"},"query-input":{"@type":"PropertyValueSpecification","valueRequired":true,"valueName":"search_term_string"}}],"inLanguage":"fr-FR"}]}},"_links":{"self":[{"href":"https:\/\/nyala.info\/fr\/wp-json\/wp\/v2\/pages\/3474"}],"collection":[{"href":"https:\/\/nyala.info\/fr\/wp-json\/wp\/v2\/pages"}],"about":[{"href":"https:\/\/nyala.info\/fr\/wp-json\/wp\/v2\/types\/page"}],"author":[{"embeddable":true,"href":"https:\/\/nyala.info\/fr\/wp-json\/wp\/v2\/users\/3"}],"replies":[{"embeddable":true,"href":"https:\/\/nyala.info\/fr\/wp-json\/wp\/v2\/comments?post=3474"}],"version-history":[{"count":12,"href":"https:\/\/nyala.info\/fr\/wp-json\/wp\/v2\/pages\/3474\/revisions"}],"predecessor-version":[{"id":3992,"href":"https:\/\/nyala.info\/fr\/wp-json\/wp\/v2\/pages\/3474\/revisions\/3992"}],"wp:featuredmedia":[{"embeddable":true,"href":"https:\/\/nyala.info\/fr\/wp-json\/wp\/v2\/media\/1043"}],"wp:attachment":[{"href":"https:\/\/nyala.info\/fr\/wp-json\/wp\/v2\/media?parent=3474"}],"curies":[{"name":"wp","href":"https:\/\/api.w.org\/{rel}","templated":true}]}}