{"id":3465,"date":"2017-02-16T11:18:57","date_gmt":"2017-02-16T10:18:57","guid":{"rendered":"http:\/\/www.nyalahotel.biz\/?page_id=3465\/"},"modified":"2017-07-25T12:35:24","modified_gmt":"2017-07-25T10:35:24","slug":"salles-pour-conventions-et-reunions","status":"publish","type":"page","link":"https:\/\/nyala.info\/fr\/conventions-san-remo\/salles-pour-conventions-et-reunions\/","title":{"rendered":"Salles pour conventions et r\u00e9unions"},"content":{"rendered":"<h2>Salles pour conventions et r\u00e9unions<\/h2>\n<p>Le Nyala Suite Hotel Sanremo dispose de quatre salles de r\u00e9union \u00e9l\u00e9gantes et \u00e9quip\u00e9es, pouvant accueillir 40 \u00e0 150 personnes, avec des espaces d&#8217;exposition d&#8217;environ 100 m\u00b2, outre un service de secr\u00e9tariat \u00e9quip\u00e9.<\/p>\n<p>Nos salles ont \u00e9t\u00e9 int\u00e9gralement r\u00e9nov\u00e9es \u00e0 l&#8217;automne 2009, avec de nouveaux sols en parquet, de nouveaux \u00e9clairages et nouvelles dispositions.<\/p>\n","protected":false},"excerpt":{"rendered":"<p>Salles pour conventions et r\u00e9unions Le Nyala Suite Hotel Sanremo dispose de quatre salles de r\u00e9union \u00e9l\u00e9gantes et \u00e9quip\u00e9es, pouvant accueillir 40 \u00e0 150 personnes, avec des espaces d&#8217;exposition d&#8217;environ 100 m\u00b2, outre un service de secr\u00e9tariat \u00e9quip\u00e9. Nos salles ont \u00e9t\u00e9 int\u00e9gralement r\u00e9nov\u00e9es \u00e0 l&#8217;automne 2009, avec de nouveaux sols en parquet, de nouveaux [&hellip;]<\/p>\n","protected":false},"author":3,"featured_media":1056,"parent":3463,"menu_order":0,"comment_status":"closed","ping_status":"closed","template":"offer_one_column.php","meta":{"_acf_changed":false,"footnotes":""},"class_list":["post-3465","page","type-page","status-publish","has-post-thumbnail","hentry"],"acf":[],"yoast_head":"<!-- This site is optimized with the Yoast SEO plugin v25.6 - https:\/\/yoast.com\/wordpress\/plugins\/seo\/ -->\n<title>Salles pour conventions et r\u00e9unions | Nyala Suite Hotel Hotel 4 \u00e9toiles \u00e0 San Remo<\/title>\n<meta name=\"robots\" content=\"noindex, follow, max-snippet:-1, max-image-preview:large, max-video-preview:-1\" \/>\n<meta property=\"og:locale\" content=\"fr_FR\" \/>\n<meta property=\"og:type\" content=\"article\" \/>\n<meta property=\"og:title\" content=\"Salles pour conventions et r\u00e9unions | Nyala Suite Hotel Hotel 4 \u00e9toiles \u00e0 San Remo\" \/>\n<meta property=\"og:description\" content=\"Salles pour conventions et r\u00e9unions Le Nyala Suite Hotel Sanremo dispose de quatre salles de r\u00e9union \u00e9l\u00e9gantes et \u00e9quip\u00e9es, pouvant accueillir 40 \u00e0 150 personnes, avec des espaces d&#8217;exposition d&#8217;environ 100 m\u00b2, outre un service de secr\u00e9tariat \u00e9quip\u00e9. Nos salles ont \u00e9t\u00e9 int\u00e9gralement r\u00e9nov\u00e9es \u00e0 l&#8217;automne 2009, avec de nouveaux sols en parquet, de nouveaux [&hellip;]\" \/>\n<meta property=\"og:url\" content=\"https:\/\/nyala.info\/fr\/conventions-san-remo\/salles-pour-conventions-et-reunions\/\" \/>\n<meta property=\"og:site_name\" content=\"Nyala Suite Hotel\" \/>\n<meta property=\"article:modified_time\" content=\"2017-07-25T10:35:24+00:00\" \/>\n<meta property=\"og:image\" content=\"https:\/\/nyala.info\/wp-content\/uploads\/2015\/04\/conferenze.jpg\" \/>\n\t<meta property=\"og:image:width\" content=\"1620\" \/>\n\t<meta property=\"og:image:height\" content=\"1080\" \/>\n\t<meta property=\"og:image:type\" content=\"image\/jpeg\" \/>\n<meta name=\"twitter:card\" content=\"summary_large_image\" \/>\n<script type=\"application\/ld+json\" class=\"yoast-schema-graph\">{\"@context\":\"https:\/\/schema.org\",\"@graph\":[{\"@type\":\"WebPage\",\"@id\":\"https:\/\/nyala.info\/fr\/conventions-san-remo\/salles-pour-conventions-et-reunions\/\",\"url\":\"https:\/\/nyala.info\/fr\/conventions-san-remo\/salles-pour-conventions-et-reunions\/\",\"name\":\"Salles pour conventions et r\u00e9unions | Nyala Suite Hotel Hotel 4 \u00e9toiles \u00e0 San Remo\",\"isPartOf\":{\"@id\":\"https:\/\/nyala.info\/fr\/#website\"},\"primaryImageOfPage\":{\"@id\":\"https:\/\/nyala.info\/fr\/conventions-san-remo\/salles-pour-conventions-et-reunions\/#primaryimage\"},\"image\":{\"@id\":\"https:\/\/nyala.info\/fr\/conventions-san-remo\/salles-pour-conventions-et-reunions\/#primaryimage\"},\"thumbnailUrl\":\"https:\/\/nyala.info\/wp-content\/uploads\/2015\/04\/conferenze.jpg\",\"datePublished\":\"2017-02-16T10:18:57+00:00\",\"dateModified\":\"2017-07-25T10:35:24+00:00\",\"breadcrumb\":{\"@id\":\"https:\/\/nyala.info\/fr\/conventions-san-remo\/salles-pour-conventions-et-reunions\/#breadcrumb\"},\"inLanguage\":\"fr-FR\",\"potentialAction\":[{\"@type\":\"ReadAction\",\"target\":[\"https:\/\/nyala.info\/fr\/conventions-san-remo\/salles-pour-conventions-et-reunions\/\"]}]},{\"@type\":\"ImageObject\",\"inLanguage\":\"fr-FR\",\"@id\":\"https:\/\/nyala.info\/fr\/conventions-san-remo\/salles-pour-conventions-et-reunions\/#primaryimage\",\"url\":\"https:\/\/nyala.info\/wp-content\/uploads\/2015\/04\/conferenze.jpg\",\"contentUrl\":\"https:\/\/nyala.info\/wp-content\/uploads\/2015\/04\/conferenze.jpg\",\"width\":1620,\"height\":1080,\"caption\":\"conference, Konferenzen, azimuth\"},{\"@type\":\"BreadcrumbList\",\"@id\":\"https:\/\/nyala.info\/fr\/conventions-san-remo\/salles-pour-conventions-et-reunions\/#breadcrumb\",\"itemListElement\":[{\"@type\":\"ListItem\",\"position\":1,\"name\":\"Home\",\"item\":\"https:\/\/nyala.info\/fr\/\"},{\"@type\":\"ListItem\",\"position\":2,\"name\":\"Conventions \u00e0 San Remo\",\"item\":\"https:\/\/nyala.info\/fr\/conventions-san-remo\/\"},{\"@type\":\"ListItem\",\"position\":3,\"name\":\"Salles pour conventions et r\u00e9unions\"}]},{\"@type\":\"WebSite\",\"@id\":\"https:\/\/nyala.info\/fr\/#website\",\"url\":\"https:\/\/nyala.info\/fr\/\",\"name\":\"Nyala Suite Hotel\",\"description\":\"Hotel 4 \u00e9toiles \u00e0 San Remo\",\"potentialAction\":[{\"@type\":\"SearchAction\",\"target\":{\"@type\":\"EntryPoint\",\"urlTemplate\":\"https:\/\/nyala.info\/fr\/?s={search_term_string}\"},\"query-input\":{\"@type\":\"PropertyValueSpecification\",\"valueRequired\":true,\"valueName\":\"search_term_string\"}}],\"inLanguage\":\"fr-FR\"}]}<\/script>\n<!-- \/ Yoast SEO plugin. -->","yoast_head_json":{"title":"Salles pour conventions et r\u00e9unions | Nyala Suite Hotel Hotel 4 \u00e9toiles \u00e0 San Remo","robots":{"index":"noindex","follow":"follow","max-snippet":"max-snippet:-1","max-image-preview":"max-image-preview:large","max-video-preview":"max-video-preview:-1"},"og_locale":"fr_FR","og_type":"article","og_title":"Salles pour conventions et r\u00e9unions | Nyala Suite Hotel Hotel 4 \u00e9toiles \u00e0 San Remo","og_description":"Salles pour conventions et r\u00e9unions Le Nyala Suite Hotel Sanremo dispose de quatre salles de r\u00e9union \u00e9l\u00e9gantes et \u00e9quip\u00e9es, pouvant accueillir 40 \u00e0 150 personnes, avec des espaces d&#8217;exposition d&#8217;environ 100 m\u00b2, outre un service de secr\u00e9tariat \u00e9quip\u00e9. Nos salles ont \u00e9t\u00e9 int\u00e9gralement r\u00e9nov\u00e9es \u00e0 l&#8217;automne 2009, avec de nouveaux sols en parquet, de nouveaux [&hellip;]","og_url":"https:\/\/nyala.info\/fr\/conventions-san-remo\/salles-pour-conventions-et-reunions\/","og_site_name":"Nyala Suite Hotel","article_modified_time":"2017-07-25T10:35:24+00:00","og_image":[{"width":1620,"height":1080,"url":"https:\/\/nyala.info\/wp-content\/uploads\/2015\/04\/conferenze.jpg","type":"image\/jpeg"}],"twitter_card":"summary_large_image","schema":{"@context":"https:\/\/schema.org","@graph":[{"@type":"WebPage","@id":"https:\/\/nyala.info\/fr\/conventions-san-remo\/salles-pour-conventions-et-reunions\/","url":"https:\/\/nyala.info\/fr\/conventions-san-remo\/salles-pour-conventions-et-reunions\/","name":"Salles pour conventions et r\u00e9unions | Nyala Suite Hotel Hotel 4 \u00e9toiles \u00e0 San Remo","isPartOf":{"@id":"https:\/\/nyala.info\/fr\/#website"},"primaryImageOfPage":{"@id":"https:\/\/nyala.info\/fr\/conventions-san-remo\/salles-pour-conventions-et-reunions\/#primaryimage"},"image":{"@id":"https:\/\/nyala.info\/fr\/conventions-san-remo\/salles-pour-conventions-et-reunions\/#primaryimage"},"thumbnailUrl":"https:\/\/nyala.info\/wp-content\/uploads\/2015\/04\/conferenze.jpg","datePublished":"2017-02-16T10:18:57+00:00","dateModified":"2017-07-25T10:35:24+00:00","breadcrumb":{"@id":"https:\/\/nyala.info\/fr\/conventions-san-remo\/salles-pour-conventions-et-reunions\/#breadcrumb"},"inLanguage":"fr-FR","potentialAction":[{"@type":"ReadAction","target":["https:\/\/nyala.info\/fr\/conventions-san-remo\/salles-pour-conventions-et-reunions\/"]}]},{"@type":"ImageObject","inLanguage":"fr-FR","@id":"https:\/\/nyala.info\/fr\/conventions-san-remo\/salles-pour-conventions-et-reunions\/#primaryimage","url":"https:\/\/nyala.info\/wp-content\/uploads\/2015\/04\/conferenze.jpg","contentUrl":"https:\/\/nyala.info\/wp-content\/uploads\/2015\/04\/conferenze.jpg","width":1620,"height":1080,"caption":"conference, Konferenzen, azimuth"},{"@type":"BreadcrumbList","@id":"https:\/\/nyala.info\/fr\/conventions-san-remo\/salles-pour-conventions-et-reunions\/#breadcrumb","itemListElement":[{"@type":"ListItem","position":1,"name":"Home","item":"https:\/\/nyala.info\/fr\/"},{"@type":"ListItem","position":2,"name":"Conventions \u00e0 San Remo","item":"https:\/\/nyala.info\/fr\/conventions-san-remo\/"},{"@type":"ListItem","position":3,"name":"Salles pour conventions et r\u00e9unions"}]},{"@type":"WebSite","@id":"https:\/\/nyala.info\/fr\/#website","url":"https:\/\/nyala.info\/fr\/","name":"Nyala Suite Hotel","description":"Hotel 4 \u00e9toiles \u00e0 San Remo","potentialAction":[{"@type":"SearchAction","target":{"@type":"EntryPoint","urlTemplate":"https:\/\/nyala.info\/fr\/?s={search_term_string}"},"query-input":{"@type":"PropertyValueSpecification","valueRequired":true,"valueName":"search_term_string"}}],"inLanguage":"fr-FR"}]}},"_links":{"self":[{"href":"https:\/\/nyala.info\/fr\/wp-json\/wp\/v2\/pages\/3465"}],"collection":[{"href":"https:\/\/nyala.info\/fr\/wp-json\/wp\/v2\/pages"}],"about":[{"href":"https:\/\/nyala.info\/fr\/wp-json\/wp\/v2\/types\/page"}],"author":[{"embeddable":true,"href":"https:\/\/nyala.info\/fr\/wp-json\/wp\/v2\/users\/3"}],"replies":[{"embeddable":true,"href":"https:\/\/nyala.info\/fr\/wp-json\/wp\/v2\/comments?post=3465"}],"version-history":[{"count":2,"href":"https:\/\/nyala.info\/fr\/wp-json\/wp\/v2\/pages\/3465\/revisions"}],"predecessor-version":[{"id":3469,"href":"https:\/\/nyala.info\/fr\/wp-json\/wp\/v2\/pages\/3465\/revisions\/3469"}],"up":[{"embeddable":true,"href":"https:\/\/nyala.info\/fr\/wp-json\/wp\/v2\/pages\/3463"}],"wp:featuredmedia":[{"embeddable":true,"href":"https:\/\/nyala.info\/fr\/wp-json\/wp\/v2\/media\/1056"}],"wp:attachment":[{"href":"https:\/\/nyala.info\/fr\/wp-json\/wp\/v2\/media?parent=3465"}],"curies":[{"name":"wp","href":"https:\/\/api.w.org\/{rel}","templated":true}]}}