{"id":3463,"date":"2017-02-16T11:15:32","date_gmt":"2017-02-16T10:15:32","guid":{"rendered":"http:\/\/www.nyalahotel.biz\/?page_id=3463\/"},"modified":"2017-07-25T12:34:34","modified_gmt":"2017-07-25T10:34:34","slug":"conventions-san-remo","status":"publish","type":"page","link":"https:\/\/nyala.info\/fr\/conventions-san-remo\/","title":{"rendered":"Conventions \u00e0 San Remo"},"content":{"rendered":"<h2>Nyala Suite Hotel: Conventions et Meetings \u00e0 San Remo<\/h2>\n<p>Notre h\u00f4tel et notre \u00e9quipe sont \u00e0 votre disposition pour concilier de la meilleure mani\u00e8re le plaisir de la Riviera et vos imp\u00e9ratifs professionnels.<\/p>\n<div class=\"col-md-4\">\n<h3>Services pour conventions et r\u00e9unions<\/h3>\n<p>Notre h\u00f4tel peut mettre \u00e0 disposition ou organiser :<\/p>\n<ul>\n<li>Centre d&#8217;affaires avec ordinateur, fax, photocopieur, scanner, imprimante, connexion ADSL 20Mbit et WI-FI.<\/li>\n<li>Services d&#8217;h\u00f4tesses, d&#8217;interpr\u00e9tation et bureau de poste.<\/li>\n<li>Services de transfert depuis et jusqu&#8217;\u00e0 la gare ferroviaire et la gare routi\u00e8re de Sanremo.<\/li>\n<li>Services de transfert pour les a\u00e9roports de Nice et G\u00eanes.<\/div><div class=\"col-md-4\"><\/li>\n<\/ul>\n<h3>Services pour les soir\u00e9es de gala<\/h3>\n<p>Notre restaurant L&#8217;Asmara d&#8217;une capacit\u00e9 de plus de 200 couverts et dot\u00e9 d&#8217;une sc\u00e8ne pour un orchestre, est disponible pour des d\u00e9jeuners d&#8217;affaires, des cocktails et des soir\u00e9es de gala.<\/p>\n<p>Durant la belle saison, il est possible d&#8217;organiser des \u00e9v\u00e9nements absolument fascinants gr\u00e2ce \u00e0 notre splendide terrasse panoramique, avec vue \u00e0 360 degr\u00e9s sur la mer, la ville et les hauteurs des environs, et gr\u00e2ce \u00e0 notre piscine situ\u00e9e au milieu des palmiers s\u00e9culaires de notre jardin.<\/div>\n<div class=\"col-md-4\">\n<h3>Services post-congres et services pour les accompagnateurs<\/h3>\n<p>Notre h\u00f4tel, unique en Ligurie, peut compter sur l&#8217;exp\u00e9rience de sa propre agence r\u00e9ceptive \u00e0 Sanremo, NYALA WONDER TRAVEL, pour l&#8217;organisation d&#8217;excursions, de visites, de loisirs et d&#8217;activit\u00e9s sportives.<\/div>\n","protected":false},"excerpt":{"rendered":"<p>Nyala Suite Hotel: Conventions et Meetings \u00e0 San Remo Notre h\u00f4tel et notre \u00e9quipe sont \u00e0 votre disposition pour concilier de la meilleure mani\u00e8re le plaisir de la Riviera et vos imp\u00e9ratifs professionnels.<\/p>\n","protected":false},"author":3,"featured_media":0,"parent":0,"menu_order":30,"comment_status":"open","ping_status":"open","template":"page_territory.php","meta":{"_acf_changed":false,"footnotes":""},"class_list":["post-3463","page","type-page","status-publish","hentry"],"acf":[],"yoast_head":"<!-- This site is optimized with the Yoast SEO plugin v25.6 - https:\/\/yoast.com\/wordpress\/plugins\/seo\/ -->\n<title>Conventions \u00e0 San Remo | Nyala Suite Hotel Hotel 4 \u00e9toiles \u00e0 San Remo<\/title>\n<meta name=\"description\" content=\"organizer conventions \u00e0 Sanremo dans nos Salles pour conventions et r\u00e9unions. Nous offrons tous les services pour meeting et congr\u00e8s\" \/>\n<meta name=\"robots\" content=\"noindex, follow, max-snippet:-1, max-image-preview:large, max-video-preview:-1\" \/>\n<meta property=\"og:locale\" content=\"fr_FR\" \/>\n<meta property=\"og:type\" content=\"article\" \/>\n<meta property=\"og:title\" content=\"Conventions \u00e0 San Remo | Nyala Suite Hotel Hotel 4 \u00e9toiles \u00e0 San Remo\" \/>\n<meta property=\"og:description\" content=\"organizer conventions \u00e0 Sanremo dans nos Salles pour conventions et r\u00e9unions. Nous offrons tous les services pour meeting et congr\u00e8s\" \/>\n<meta property=\"og:url\" content=\"https:\/\/nyala.info\/fr\/conventions-san-remo\/\" \/>\n<meta property=\"og:site_name\" content=\"Nyala Suite Hotel\" \/>\n<meta property=\"article:modified_time\" content=\"2017-07-25T10:34:34+00:00\" \/>\n<meta name=\"twitter:card\" content=\"summary_large_image\" \/>\n<meta name=\"twitter:label1\" content=\"Est. reading time\" \/>\n\t<meta name=\"twitter:data1\" content=\"1 minute\" \/>\n<script type=\"application\/ld+json\" class=\"yoast-schema-graph\">{\"@context\":\"https:\/\/schema.org\",\"@graph\":[{\"@type\":\"WebPage\",\"@id\":\"https:\/\/nyala.info\/fr\/conventions-san-remo\/\",\"url\":\"https:\/\/nyala.info\/fr\/conventions-san-remo\/\",\"name\":\"Conventions \u00e0 San Remo | Nyala Suite Hotel Hotel 4 \u00e9toiles \u00e0 San Remo\",\"isPartOf\":{\"@id\":\"https:\/\/nyala.info\/fr\/#website\"},\"datePublished\":\"2017-02-16T10:15:32+00:00\",\"dateModified\":\"2017-07-25T10:34:34+00:00\",\"description\":\"organizer conventions \u00e0 Sanremo dans nos Salles pour conventions et r\u00e9unions. Nous offrons tous les services pour meeting et congr\u00e8s\",\"breadcrumb\":{\"@id\":\"https:\/\/nyala.info\/fr\/conventions-san-remo\/#breadcrumb\"},\"inLanguage\":\"fr-FR\",\"potentialAction\":[{\"@type\":\"ReadAction\",\"target\":[\"https:\/\/nyala.info\/fr\/conventions-san-remo\/\"]}]},{\"@type\":\"BreadcrumbList\",\"@id\":\"https:\/\/nyala.info\/fr\/conventions-san-remo\/#breadcrumb\",\"itemListElement\":[{\"@type\":\"ListItem\",\"position\":1,\"name\":\"Home\",\"item\":\"https:\/\/nyala.info\/fr\/\"},{\"@type\":\"ListItem\",\"position\":2,\"name\":\"Conventions \u00e0 San Remo\"}]},{\"@type\":\"WebSite\",\"@id\":\"https:\/\/nyala.info\/fr\/#website\",\"url\":\"https:\/\/nyala.info\/fr\/\",\"name\":\"Nyala Suite Hotel\",\"description\":\"Hotel 4 \u00e9toiles \u00e0 San Remo\",\"potentialAction\":[{\"@type\":\"SearchAction\",\"target\":{\"@type\":\"EntryPoint\",\"urlTemplate\":\"https:\/\/nyala.info\/fr\/?s={search_term_string}\"},\"query-input\":{\"@type\":\"PropertyValueSpecification\",\"valueRequired\":true,\"valueName\":\"search_term_string\"}}],\"inLanguage\":\"fr-FR\"}]}<\/script>\n<!-- \/ Yoast SEO plugin. -->","yoast_head_json":{"title":"Conventions \u00e0 San Remo | Nyala Suite Hotel Hotel 4 \u00e9toiles \u00e0 San Remo","description":"organizer conventions \u00e0 Sanremo dans nos Salles pour conventions et r\u00e9unions. Nous offrons tous les services pour meeting et congr\u00e8s","robots":{"index":"noindex","follow":"follow","max-snippet":"max-snippet:-1","max-image-preview":"max-image-preview:large","max-video-preview":"max-video-preview:-1"},"og_locale":"fr_FR","og_type":"article","og_title":"Conventions \u00e0 San Remo | Nyala Suite Hotel Hotel 4 \u00e9toiles \u00e0 San Remo","og_description":"organizer conventions \u00e0 Sanremo dans nos Salles pour conventions et r\u00e9unions. Nous offrons tous les services pour meeting et congr\u00e8s","og_url":"https:\/\/nyala.info\/fr\/conventions-san-remo\/","og_site_name":"Nyala Suite Hotel","article_modified_time":"2017-07-25T10:34:34+00:00","twitter_card":"summary_large_image","twitter_misc":{"Est. reading time":"1 minute"},"schema":{"@context":"https:\/\/schema.org","@graph":[{"@type":"WebPage","@id":"https:\/\/nyala.info\/fr\/conventions-san-remo\/","url":"https:\/\/nyala.info\/fr\/conventions-san-remo\/","name":"Conventions \u00e0 San Remo | Nyala Suite Hotel Hotel 4 \u00e9toiles \u00e0 San Remo","isPartOf":{"@id":"https:\/\/nyala.info\/fr\/#website"},"datePublished":"2017-02-16T10:15:32+00:00","dateModified":"2017-07-25T10:34:34+00:00","description":"organizer conventions \u00e0 Sanremo dans nos Salles pour conventions et r\u00e9unions. Nous offrons tous les services pour meeting et congr\u00e8s","breadcrumb":{"@id":"https:\/\/nyala.info\/fr\/conventions-san-remo\/#breadcrumb"},"inLanguage":"fr-FR","potentialAction":[{"@type":"ReadAction","target":["https:\/\/nyala.info\/fr\/conventions-san-remo\/"]}]},{"@type":"BreadcrumbList","@id":"https:\/\/nyala.info\/fr\/conventions-san-remo\/#breadcrumb","itemListElement":[{"@type":"ListItem","position":1,"name":"Home","item":"https:\/\/nyala.info\/fr\/"},{"@type":"ListItem","position":2,"name":"Conventions \u00e0 San Remo"}]},{"@type":"WebSite","@id":"https:\/\/nyala.info\/fr\/#website","url":"https:\/\/nyala.info\/fr\/","name":"Nyala Suite Hotel","description":"Hotel 4 \u00e9toiles \u00e0 San Remo","potentialAction":[{"@type":"SearchAction","target":{"@type":"EntryPoint","urlTemplate":"https:\/\/nyala.info\/fr\/?s={search_term_string}"},"query-input":{"@type":"PropertyValueSpecification","valueRequired":true,"valueName":"search_term_string"}}],"inLanguage":"fr-FR"}]}},"_links":{"self":[{"href":"https:\/\/nyala.info\/fr\/wp-json\/wp\/v2\/pages\/3463"}],"collection":[{"href":"https:\/\/nyala.info\/fr\/wp-json\/wp\/v2\/pages"}],"about":[{"href":"https:\/\/nyala.info\/fr\/wp-json\/wp\/v2\/types\/page"}],"author":[{"embeddable":true,"href":"https:\/\/nyala.info\/fr\/wp-json\/wp\/v2\/users\/3"}],"replies":[{"embeddable":true,"href":"https:\/\/nyala.info\/fr\/wp-json\/wp\/v2\/comments?post=3463"}],"version-history":[{"count":2,"href":"https:\/\/nyala.info\/fr\/wp-json\/wp\/v2\/pages\/3463\/revisions"}],"predecessor-version":[{"id":3466,"href":"https:\/\/nyala.info\/fr\/wp-json\/wp\/v2\/pages\/3463\/revisions\/3466"}],"wp:attachment":[{"href":"https:\/\/nyala.info\/fr\/wp-json\/wp\/v2\/media?parent=3463"}],"curies":[{"name":"wp","href":"https:\/\/api.w.org\/{rel}","templated":true}]}}