{"id":3303,"date":"2017-02-10T11:22:34","date_gmt":"2017-02-10T10:22:34","guid":{"rendered":"http:\/\/www.nyalahotel.biz\/?page_id=3303\/"},"modified":"2017-09-28T15:05:10","modified_gmt":"2017-09-28T13:05:10","slug":"offres-speciales-pour-vos-vacances","status":"publish","type":"page","link":"https:\/\/nyala.info\/fr\/offres-speciales-pour-vos-vacances\/","title":{"rendered":"Offres sp\u00e9ciales pour vos vacances"},"content":{"rendered":"<h2 style=\"text-align: center;\">D\u00e9couvrez nos offres sp\u00e9ciales et services pour vos prochaines vacances \u00e0 San Remo !<\/h2>\n<p style=\"text-align: center;\"><div class=\"col-md-12\"><div class=\"de_divider div-single\"><span><\/span><\/div><\/div><\/p>\n<h2 style=\"text-align: center;\">Dites-moi quel type de voyageur vous \u00eates, et je vous dirai les vacances qui vous attendent !<\/h2>\n<p style=\"text-align: center;\"><div class=\"col-md-4\"><div class=\"featured\"><h4 class=\"f_title\">Couple<\/h4><img loading=\"lazy\" decoding=\"async\" class=\"aligncenter size-full wp-image-4520\" src=\"http:\/\/www.nyalahotel.com\/wp-content\/uploads\/2017\/04\/vacanza-coppia-sanremo.jpg\" alt=\"vacanze a sanremo pacchetto per coppie\" width=\"350\" height=\"300\" srcset=\"https:\/\/nyala.info\/wp-content\/uploads\/2017\/04\/vacanza-coppia-sanremo.jpg 350w, https:\/\/nyala.info\/wp-content\/uploads\/2017\/04\/vacanza-coppia-sanremo-300x257.jpg 300w, https:\/\/nyala.info\/wp-content\/uploads\/2017\/04\/vacanza-coppia-sanremo-1x1.jpg 1w\" sizes=\"(max-width: 350px) 100vw, 350px\" \/><div>Que vous soyez en lune de miel, en train de c\u00e9l\u00e9brer votre anniversaire, ou simplement en profitant de vos cong\u00e9s sur la Riviera des Fleurs, toutes les occasions sont bonnes pour profiter de l&#8217;atmosph\u00e8re relaxante du Nyala Suite Hotel.<\/p>\n<p style=\"text-align: center;\"><a href=\"http:\/\/www.nyalahotel.com\/fr\/offres-speciales-pour-vos-vacances\/vacances-couples\/\" class=\"btn btn-success default\" target=\"blank\">Voir nos Offres<\/a><\/div><\/div><\/div>\n<p style=\"text-align: center;\"><div class=\"col-md-4\"><div class=\"featured\"><h4 class=\"f_title\">Famille<\/h4><img loading=\"lazy\" decoding=\"async\" class=\"aligncenter size-full wp-image-4523\" src=\"http:\/\/www.nyalahotel.com\/wp-content\/uploads\/2017\/04\/vacanze-famiglia-sanremo.jpg\" alt=\"vacanze famiglia sanremo\" width=\"350\" height=\"300\" srcset=\"https:\/\/nyala.info\/wp-content\/uploads\/2017\/04\/vacanze-famiglia-sanremo.jpg 350w, https:\/\/nyala.info\/wp-content\/uploads\/2017\/04\/vacanze-famiglia-sanremo-300x257.jpg 300w, https:\/\/nyala.info\/wp-content\/uploads\/2017\/04\/vacanze-famiglia-sanremo-1x1.jpg 1w\" sizes=\"(max-width: 350px) 100vw, 350px\" \/><\/p>\n<p style=\"text-align: center;\"><div>A San Remo, vous trouverez le cadre id\u00e9al pour des vacances avec vos enfants dans un Hotel Famille. Tout pour combler vos petits, sans oublier les parents.<\/p>\n<p style=\"text-align: center;\"><a href=\"http:\/\/www.nyalahotel.com\/fr\/offres-speciales-pour-vos-vacances\/vacances-pour-familles\/\" class=\"btn btn-success default\" target=\"blank\">Voir nos Offres<\/a><\/div><\/div><\/div>\n<p style=\"text-align: center;\"><div class=\"col-md-4\"><div class=\"featured\"><h4 class=\"f_title\">Seniors<\/h4><\/p>\n<p style=\"text-align: center;\"><img loading=\"lazy\" decoding=\"async\" class=\"aligncenter size-full wp-image-4524\" src=\"http:\/\/www.nyalahotel.com\/wp-content\/uploads\/2017\/04\/vacanze-senior-liguria-sanremo.jpg\" alt=\"vacanze senior liguria sanremo\" width=\"350\" height=\"300\" srcset=\"https:\/\/nyala.info\/wp-content\/uploads\/2017\/04\/vacanze-senior-liguria-sanremo.jpg 350w, https:\/\/nyala.info\/wp-content\/uploads\/2017\/04\/vacanze-senior-liguria-sanremo-300x257.jpg 300w, https:\/\/nyala.info\/wp-content\/uploads\/2017\/04\/vacanze-senior-liguria-sanremo-1x1.jpg 1w\" sizes=\"(max-width: 350px) 100vw, 350px\" \/><div>R\u00e9servez votre s\u00e9jour \u00e0 San Remo dans notre h\u00f4tel 4 \u00e9toiles et savourez de merveilleuses vacances \u00e0 profiter du doux climat de la Riviera des Fleurs !<\/p>\n<p style=\"text-align: center;\"><a href=\"http:\/\/www.nyalahotel.com\/fr\/vacances-senior\/\" class=\"btn btn-success default\" target=\"blank\">Voir nos Offres<\/a><\/div><\/div><\/div>\n<p style=\"text-align: center;\"><div class=\"col-md-12\"><div class=\"de_divider div-single\"><span><\/span><\/div><\/div><\/p>\n<p>&nbsp;<\/p>\n<p style=\"text-align: center;\"><strong>Moments de pure relaxation<\/strong><\/p>\n<p style=\"text-align: center;\"><div class=\"col-md-6\"><img loading=\"lazy\" decoding=\"async\" class=\"alignright size-full wp-image-4698\" src=\"http:\/\/www.nyalahotel.com\/wp-content\/uploads\/2017\/04\/happy-weekend-nyala-suite-hotel-sanremo.png\" alt=\"happy weekend nyala suite hotel sanremo\" width=\"236\" height=\"276\" srcset=\"https:\/\/nyala.info\/wp-content\/uploads\/2017\/04\/happy-weekend-nyala-suite-hotel-sanremo.png 236w, https:\/\/nyala.info\/wp-content\/uploads\/2017\/04\/happy-weekend-nyala-suite-hotel-sanremo-1x1.png 1w\" sizes=\"(max-width: 236px) 100vw, 236px\" \/><\/div>\n<div class=\"col-md-6\">\n<p style=\"text-align: left;\">D\u00e9connectez de tout, et rejoignez notre h\u00f4tel sur la Riviera des Fleurs.<\/p>\n<p style=\"text-align: left;\">Transformez votre week-end en un moment de bien-\u00eatre, afin d&#8217;en repartir plein d&#8217;\u00e9nergie !<\/p>\n<p style=\"text-align: left;\">Trouvez le coffret id\u00e9al pour vous dans notre section sp\u00e9ciale \u00e0 th\u00e8mes.<\/p>\n<p style=\"text-align: left;\"><a href=\"http:\/\/www.nyalahotel.com\/fr\/offres-speciales-pour-vos-vacances\/weekend-a-sanremo\/\" class=\"btn btn-warning default\" target=\"_blank\">Voir nos Offres<\/a><\/p>\n<p style=\"text-align: left;\"><\/div>\n<p>&nbsp;<\/p>\n<p style=\"text-align: center;\"><div class=\"col-md-12\"><div class=\"de_divider div-single\"><span><\/span><\/div><\/div><\/p>\n<p>&nbsp;<\/p>\n<h2 style=\"text-align: center;\">Quand voulez-vous venir \u00e0 San Remo ?<\/h2>\n<p><img loading=\"lazy\" decoding=\"async\" class=\"aligncenter size-full wp-image-4596\" src=\"http:\/\/www.nyalahotel.com\/wp-content\/uploads\/2017\/04\/pacchetti-vacanze-sanremo.jpg\" alt=\"pacchetti vacanze sanremo\" width=\"920\" height=\"350\" srcset=\"https:\/\/nyala.info\/wp-content\/uploads\/2017\/04\/pacchetti-vacanze-sanremo.jpg 920w, https:\/\/nyala.info\/wp-content\/uploads\/2017\/04\/pacchetti-vacanze-sanremo-300x114.jpg 300w, https:\/\/nyala.info\/wp-content\/uploads\/2017\/04\/pacchetti-vacanze-sanremo-768x292.jpg 768w, https:\/\/nyala.info\/wp-content\/uploads\/2017\/04\/pacchetti-vacanze-sanremo-3x1.jpg 3w\" sizes=\"(max-width: 920px) 100vw, 920px\" \/><\/p>\n<p style=\"text-align: center;\">F\u00eatez No\u00ebl, P\u00e2ques ou les vacances d&#8217;\u00e9t\u00e9 sur la Riviera des Fleurs.<br \/>\nEchappez-vous pour un week-end, un petit s\u00e9jour, ou des longues vacances.<br \/>\nTrouvez les options qui vous conviennent le plus parmi nos nombreux coffrets vacances.<\/p>\n<p style=\"text-align: center;\"><a href=\"http:\/\/www.nyalahotel.com\/fr\/offres-speciales-pour-vos-vacances\/vacances-et-festivites\/\" class=\"btn btn-warning btn-lg\" target=\"blank\">Voir nos Offres<\/a><\/p>\n<p style=\"text-align: center;\"><div class=\"col-md-12\"><div class=\"de_divider div-single\"><span><\/span><\/div><\/div><\/p>\n<h2 style=\"text-align: center;\">Que souhaitez-vous faire \u00e0 San Remo ?<\/h2>\n<p style=\"text-align: center;\"><strong>Rejoignez-nous sur la c\u00f4te lors des grands \u00e9v\u00e8nements<\/strong><\/p>\n<p style=\"text-align: center;\">Vous pouvez r\u00e9server un h\u00f4tel aupr\u00e8s de nous, ainsi que l&#8217;entr\u00e9e \u00e0 vos \u00e9v\u00e8nements pr\u00e9f\u00e9r\u00e9s.<br \/>\nJetez un \u0153il \u00e0 nos offres et coffrets personnalis\u00e9s pour les grands \u00e9v\u00e8nements.<\/p>\n<p style=\"text-align: center;\"><img loading=\"lazy\" decoding=\"async\" class=\"aligncenter size-full wp-image-4506\" src=\"http:\/\/www.nyalahotel.com\/wp-content\/uploads\/2017\/04\/grandi-eventi-liguria.png\" alt=\"prenota pacchetto grandi eventi liguria e costa azzurra\" width=\"800\" height=\"241\" srcset=\"https:\/\/nyala.info\/wp-content\/uploads\/2017\/04\/grandi-eventi-liguria.png 800w, https:\/\/nyala.info\/wp-content\/uploads\/2017\/04\/grandi-eventi-liguria-300x90.png 300w, https:\/\/nyala.info\/wp-content\/uploads\/2017\/04\/grandi-eventi-liguria-768x231.png 768w, https:\/\/nyala.info\/wp-content\/uploads\/2017\/04\/grandi-eventi-liguria-3x1.png 3w\" sizes=\"(max-width: 800px) 100vw, 800px\" \/><\/p>\n<p style=\"text-align: center;\"><a href=\"http:\/\/www.nyalahotel.com\/fr\/offres-speciales-pour-vos-vacances\/grands-evenements\/\" class=\"btn btn-warning btn-lg\" target=\"blank\">Voir nos Offres<\/a><\/p>\n<p style=\"text-align: center;\"><div class=\"col-md-12\"><div class=\"de_divider div-single\"><span><\/span><\/div><\/div><\/p>\n<h2 style=\"text-align: center;\">Sport sur la Riviera<\/h2>\n<p style=\"text-align: center;\"><strong>Du trek \u00e0 la voile, en passant par le v\u00e9lo sur la piste cyclable du parc c\u00f4tier de la Riviera des Fleurs<\/strong><\/p>\n<p style=\"text-align: center;\">Le doux climat de la Riviera permet \u00e0 nos invites de pratiquer leurs sports pr\u00e9f\u00e9r\u00e9s en ext\u00e9rieur tout au long de l&#8217;ann\u00e9e,<br \/>\ntout en profitant d&#8217;une vari\u00e9t\u00e9 d&#8217;infrastructures de qualit\u00e9, sans oublier les paysages naturels incomparables.<\/p>\n<p><img loading=\"lazy\" decoding=\"async\" class=\"aligncenter size-full wp-image-4544\" src=\"http:\/\/www.nyalahotel.com\/wp-content\/uploads\/2017\/04\/coppia-trekking-liguria-sanremo.jpg\" alt=\"coppia trekking liguria sanremo\" width=\"800\" height=\"240\" srcset=\"https:\/\/nyala.info\/wp-content\/uploads\/2017\/04\/coppia-trekking-liguria-sanremo.jpg 800w, https:\/\/nyala.info\/wp-content\/uploads\/2017\/04\/coppia-trekking-liguria-sanremo-300x90.jpg 300w, https:\/\/nyala.info\/wp-content\/uploads\/2017\/04\/coppia-trekking-liguria-sanremo-768x230.jpg 768w, https:\/\/nyala.info\/wp-content\/uploads\/2017\/04\/coppia-trekking-liguria-sanremo-3x1.jpg 3w\" sizes=\"(max-width: 800px) 100vw, 800px\" \/><\/p>\n<p style=\"text-align: center;\"><a href=\"http:\/\/www.nyalahotel.com\/fr\/offres-speciales-pour-vos-vacances\/sport-in-riviera\/\" class=\"btn btn-warning btn-lg\" target=\"blank\">Voir nos Offres<\/a><\/p>\n<p style=\"text-align: center;\"><div class=\"col-md-12\"><div class=\"de_divider div-single\"><span><\/span><\/div><\/div><\/p>\n<h2 style=\"text-align: center;\">Chambres<\/h2>\n<p style=\"text-align: center;\"><strong>Notre h\u00f4tel offre 36 Suites Junior et 40 Chambres Traditionnelles avec balcon et patio. <\/strong><\/p>\n<p style=\"text-align: center;\"><div class=\"col-md-6\">[huge_it_slider id=&#8221;13&#8243;]<\/div><div class=\"col-md-6\">\n<p style=\"text-align: left; font-size: 18px;\">La remarquable vari\u00e9t\u00e9 de solutions que peut offrir<br \/>\nnotre h\u00f4tel nous assure de trouver<br \/>\nl&#8217;offre la plus adapt\u00e9e a vos besoins.<\/p>\n<p style=\"text-align: left;\"><a href=\"http:\/\/www.nyalahotel.com\/fr\/chambres\/\" class=\"btn btn-success default\" target=\"blank\">Voir nos Chambres<\/a><\/p>\n<p style=\"text-align: center;\"><\/div>\n<p style=\"text-align: center;\"><div class=\"col-md-12\"><div class=\"de_divider div-single\"><span><\/span><\/div><\/div><\/p>\n<p style=\"text-align: center;\"><div class=\"col-md-4\">\n<p style=\"text-align: left;\"><strong>Vos animaux sont les bienvenus<\/strong><\/p>\n<p style=\"text-align: left;\">Chiens et chats sont les bienvenus dans notre h\u00f4tel. Le Nyala Suite Hotel prend soin de vos animaux durant votre s\u00e9jour sur la Riviera.<\/p>\n<p style=\"text-align: left;\"><a href=\"http:\/\/www.nyalahotel.com\/fr\/offres-speciales-pour-vos-vacances\/accueil-pour-les-animaux\/\" class=\"btn btn-info btn-sm\" target=\"blank\">Decouvrez<\/a><\/div>\n<p style=\"text-align: left;\"><div class=\"col-md-4\"><strong>Agence r\u00e9ceptive<\/strong><\/p>\n<p style=\"text-align: left;\">En plus de mettre \u00e0 votre disposition des salles \u00e9quip\u00e9es pour y organiser vos conf\u00e9rences et r\u00e9unions d&#8217;affaires \u00e0 San Remo, nous vous proposons \u00e9galement d&#8217;int\u00e9ressants ateliers et activit\u00e9s pour toute votre \u00e9quipe.<\/p>\n<p style=\"text-align: left;\"><a href=\"http:\/\/www.nyalahotel.com\/fr\/conventions-san-remo\/activites-san-remo\/\" class=\"btn btn-info btn-sm\" target=\"blank\">Decouvrez<\/a><\/div>\n<p style=\"text-align: left;\"><div class=\"col-md-4\"><strong>R\u00e9servation directe<\/strong><\/p>\n<p style=\"text-align: left;\">Nous vous proposons une large gamme d&#8217;offres individuelles, pour groupes et agences de voyage. Vous pouvez r\u00e9server directement via notre plateforme et ainsi \u00e9conomiser.<\/p>\n<p style=\"text-align: left;\"><a href=\"http:\/\/www.nyalahotel.com\/fr\/reserver\/\" class=\"btn btn-info btn-sm\" target=\"blank\">Decouvrez<\/a><\/div>\n<p>&nbsp;<\/p>\n","protected":false},"excerpt":{"rendered":"<p>D\u00e9couvrez nos offres sp\u00e9ciales et services pour vos prochaines vacances \u00e0 San Remo ! Dites-moi quel type de voyageur vous \u00eates, et je vous dirai les vacances qui vous attendent ! &nbsp; Moments de pure relaxation &nbsp; &nbsp; Quand voulez-vous venir \u00e0 San Remo ? F\u00eatez No\u00ebl, P\u00e2ques ou les vacances d&#8217;\u00e9t\u00e9 sur la Riviera [&hellip;]<\/p>\n","protected":false},"author":3,"featured_media":0,"parent":0,"menu_order":30,"comment_status":"open","ping_status":"open","template":"page_slider_extended.php","meta":{"_acf_changed":false,"footnotes":""},"class_list":["post-3303","page","type-page","status-publish","hentry"],"acf":[],"yoast_head":"<!-- This site is optimized with the Yoast SEO plugin v25.6 - https:\/\/yoast.com\/wordpress\/plugins\/seo\/ -->\n<title>Offres sp\u00e9ciales pour vos vacances | Nyala Suite Hotel Hotel 4 \u00e9toiles \u00e0 San Remo<\/title>\n<meta name=\"robots\" content=\"noindex, follow, max-snippet:-1, max-image-preview:large, max-video-preview:-1\" \/>\n<meta property=\"og:locale\" content=\"fr_FR\" \/>\n<meta property=\"og:type\" content=\"article\" \/>\n<meta property=\"og:title\" content=\"Offres sp\u00e9ciales pour vos vacances | Nyala Suite Hotel Hotel 4 \u00e9toiles \u00e0 San Remo\" \/>\n<meta property=\"og:description\" content=\"D\u00e9couvrez nos offres sp\u00e9ciales et services pour vos prochaines vacances \u00e0 San Remo ! Dites-moi quel type de voyageur vous \u00eates, et je vous dirai les vacances qui vous attendent ! &nbsp; Moments de pure relaxation &nbsp; &nbsp; Quand voulez-vous venir \u00e0 San Remo ? F\u00eatez No\u00ebl, P\u00e2ques ou les vacances d&#8217;\u00e9t\u00e9 sur la Riviera [&hellip;]\" \/>\n<meta property=\"og:url\" content=\"https:\/\/nyala.info\/fr\/offres-speciales-pour-vos-vacances\/\" \/>\n<meta property=\"og:site_name\" content=\"Nyala Suite Hotel\" \/>\n<meta property=\"article:modified_time\" content=\"2017-09-28T13:05:10+00:00\" \/>\n<meta property=\"og:image\" content=\"http:\/\/www.nyalahotel.com\/wp-content\/uploads\/2017\/04\/vacanza-coppia-sanremo.jpg\" \/>\n<meta name=\"twitter:card\" content=\"summary_large_image\" \/>\n<meta name=\"twitter:label1\" content=\"Est. reading time\" \/>\n\t<meta name=\"twitter:data1\" content=\"4 minutes\" \/>\n<script type=\"application\/ld+json\" class=\"yoast-schema-graph\">{\"@context\":\"https:\/\/schema.org\",\"@graph\":[{\"@type\":\"WebPage\",\"@id\":\"https:\/\/nyala.info\/fr\/offres-speciales-pour-vos-vacances\/\",\"url\":\"https:\/\/nyala.info\/fr\/offres-speciales-pour-vos-vacances\/\",\"name\":\"Offres sp\u00e9ciales pour vos vacances | Nyala Suite Hotel Hotel 4 \u00e9toiles \u00e0 San Remo\",\"isPartOf\":{\"@id\":\"https:\/\/nyala.info\/fr\/#website\"},\"primaryImageOfPage\":{\"@id\":\"https:\/\/nyala.info\/fr\/offres-speciales-pour-vos-vacances\/#primaryimage\"},\"image\":{\"@id\":\"https:\/\/nyala.info\/fr\/offres-speciales-pour-vos-vacances\/#primaryimage\"},\"thumbnailUrl\":\"http:\/\/www.nyalahotel.com\/wp-content\/uploads\/2017\/04\/vacanza-coppia-sanremo.jpg\",\"datePublished\":\"2017-02-10T10:22:34+00:00\",\"dateModified\":\"2017-09-28T13:05:10+00:00\",\"breadcrumb\":{\"@id\":\"https:\/\/nyala.info\/fr\/offres-speciales-pour-vos-vacances\/#breadcrumb\"},\"inLanguage\":\"fr-FR\",\"potentialAction\":[{\"@type\":\"ReadAction\",\"target\":[\"https:\/\/nyala.info\/fr\/offres-speciales-pour-vos-vacances\/\"]}]},{\"@type\":\"ImageObject\",\"inLanguage\":\"fr-FR\",\"@id\":\"https:\/\/nyala.info\/fr\/offres-speciales-pour-vos-vacances\/#primaryimage\",\"url\":\"http:\/\/www.nyalahotel.com\/wp-content\/uploads\/2017\/04\/vacanza-coppia-sanremo.jpg\",\"contentUrl\":\"http:\/\/www.nyalahotel.com\/wp-content\/uploads\/2017\/04\/vacanza-coppia-sanremo.jpg\"},{\"@type\":\"BreadcrumbList\",\"@id\":\"https:\/\/nyala.info\/fr\/offres-speciales-pour-vos-vacances\/#breadcrumb\",\"itemListElement\":[{\"@type\":\"ListItem\",\"position\":1,\"name\":\"Home\",\"item\":\"https:\/\/nyala.info\/fr\/\"},{\"@type\":\"ListItem\",\"position\":2,\"name\":\"Offres sp\u00e9ciales pour vos vacances\"}]},{\"@type\":\"WebSite\",\"@id\":\"https:\/\/nyala.info\/fr\/#website\",\"url\":\"https:\/\/nyala.info\/fr\/\",\"name\":\"Nyala Suite Hotel\",\"description\":\"Hotel 4 \u00e9toiles \u00e0 San Remo\",\"potentialAction\":[{\"@type\":\"SearchAction\",\"target\":{\"@type\":\"EntryPoint\",\"urlTemplate\":\"https:\/\/nyala.info\/fr\/?s={search_term_string}\"},\"query-input\":{\"@type\":\"PropertyValueSpecification\",\"valueRequired\":true,\"valueName\":\"search_term_string\"}}],\"inLanguage\":\"fr-FR\"}]}<\/script>\n<!-- \/ Yoast SEO plugin. -->","yoast_head_json":{"title":"Offres sp\u00e9ciales pour vos vacances | Nyala Suite Hotel Hotel 4 \u00e9toiles \u00e0 San Remo","robots":{"index":"noindex","follow":"follow","max-snippet":"max-snippet:-1","max-image-preview":"max-image-preview:large","max-video-preview":"max-video-preview:-1"},"og_locale":"fr_FR","og_type":"article","og_title":"Offres sp\u00e9ciales pour vos vacances | Nyala Suite Hotel Hotel 4 \u00e9toiles \u00e0 San Remo","og_description":"D\u00e9couvrez nos offres sp\u00e9ciales et services pour vos prochaines vacances \u00e0 San Remo ! Dites-moi quel type de voyageur vous \u00eates, et je vous dirai les vacances qui vous attendent ! &nbsp; Moments de pure relaxation &nbsp; &nbsp; Quand voulez-vous venir \u00e0 San Remo ? F\u00eatez No\u00ebl, P\u00e2ques ou les vacances d&#8217;\u00e9t\u00e9 sur la Riviera [&hellip;]","og_url":"https:\/\/nyala.info\/fr\/offres-speciales-pour-vos-vacances\/","og_site_name":"Nyala Suite Hotel","article_modified_time":"2017-09-28T13:05:10+00:00","og_image":[{"url":"http:\/\/www.nyalahotel.com\/wp-content\/uploads\/2017\/04\/vacanza-coppia-sanremo.jpg","type":"","width":"","height":""}],"twitter_card":"summary_large_image","twitter_misc":{"Est. reading time":"4 minutes"},"schema":{"@context":"https:\/\/schema.org","@graph":[{"@type":"WebPage","@id":"https:\/\/nyala.info\/fr\/offres-speciales-pour-vos-vacances\/","url":"https:\/\/nyala.info\/fr\/offres-speciales-pour-vos-vacances\/","name":"Offres sp\u00e9ciales pour vos vacances | Nyala Suite Hotel Hotel 4 \u00e9toiles \u00e0 San Remo","isPartOf":{"@id":"https:\/\/nyala.info\/fr\/#website"},"primaryImageOfPage":{"@id":"https:\/\/nyala.info\/fr\/offres-speciales-pour-vos-vacances\/#primaryimage"},"image":{"@id":"https:\/\/nyala.info\/fr\/offres-speciales-pour-vos-vacances\/#primaryimage"},"thumbnailUrl":"http:\/\/www.nyalahotel.com\/wp-content\/uploads\/2017\/04\/vacanza-coppia-sanremo.jpg","datePublished":"2017-02-10T10:22:34+00:00","dateModified":"2017-09-28T13:05:10+00:00","breadcrumb":{"@id":"https:\/\/nyala.info\/fr\/offres-speciales-pour-vos-vacances\/#breadcrumb"},"inLanguage":"fr-FR","potentialAction":[{"@type":"ReadAction","target":["https:\/\/nyala.info\/fr\/offres-speciales-pour-vos-vacances\/"]}]},{"@type":"ImageObject","inLanguage":"fr-FR","@id":"https:\/\/nyala.info\/fr\/offres-speciales-pour-vos-vacances\/#primaryimage","url":"http:\/\/www.nyalahotel.com\/wp-content\/uploads\/2017\/04\/vacanza-coppia-sanremo.jpg","contentUrl":"http:\/\/www.nyalahotel.com\/wp-content\/uploads\/2017\/04\/vacanza-coppia-sanremo.jpg"},{"@type":"BreadcrumbList","@id":"https:\/\/nyala.info\/fr\/offres-speciales-pour-vos-vacances\/#breadcrumb","itemListElement":[{"@type":"ListItem","position":1,"name":"Home","item":"https:\/\/nyala.info\/fr\/"},{"@type":"ListItem","position":2,"name":"Offres sp\u00e9ciales pour vos vacances"}]},{"@type":"WebSite","@id":"https:\/\/nyala.info\/fr\/#website","url":"https:\/\/nyala.info\/fr\/","name":"Nyala Suite Hotel","description":"Hotel 4 \u00e9toiles \u00e0 San Remo","potentialAction":[{"@type":"SearchAction","target":{"@type":"EntryPoint","urlTemplate":"https:\/\/nyala.info\/fr\/?s={search_term_string}"},"query-input":{"@type":"PropertyValueSpecification","valueRequired":true,"valueName":"search_term_string"}}],"inLanguage":"fr-FR"}]}},"_links":{"self":[{"href":"https:\/\/nyala.info\/fr\/wp-json\/wp\/v2\/pages\/3303"}],"collection":[{"href":"https:\/\/nyala.info\/fr\/wp-json\/wp\/v2\/pages"}],"about":[{"href":"https:\/\/nyala.info\/fr\/wp-json\/wp\/v2\/types\/page"}],"author":[{"embeddable":true,"href":"https:\/\/nyala.info\/fr\/wp-json\/wp\/v2\/users\/3"}],"replies":[{"embeddable":true,"href":"https:\/\/nyala.info\/fr\/wp-json\/wp\/v2\/comments?post=3303"}],"version-history":[{"count":5,"href":"https:\/\/nyala.info\/fr\/wp-json\/wp\/v2\/pages\/3303\/revisions"}],"predecessor-version":[{"id":6073,"href":"https:\/\/nyala.info\/fr\/wp-json\/wp\/v2\/pages\/3303\/revisions\/6073"}],"wp:attachment":[{"href":"https:\/\/nyala.info\/fr\/wp-json\/wp\/v2\/media?parent=3303"}],"curies":[{"name":"wp","href":"https:\/\/api.w.org\/{rel}","templated":true}]}}