{"id":3295,"date":"2017-02-10T11:03:12","date_gmt":"2017-02-10T10:03:12","guid":{"rendered":"http:\/\/www.nyalahotel.biz\/?page_id=3295\/"},"modified":"2017-07-25T11:08:27","modified_gmt":"2017-07-25T09:08:27","slug":"le-restaurant","status":"publish","type":"page","link":"https:\/\/nyala.info\/fr\/restaurant\/le-restaurant\/","title":{"rendered":"Le restaurant"},"content":{"rendered":"<p style=\"text-align: center;\"><strong>Le Restaurant de L&#8217;h\u00f4tel: Asmara<br \/>\n<\/strong><\/p>\n<p style=\"text-align: center;\">Vous \u00eates les bienvenus dans ce cadre \u00e9l\u00e9gant, vous offrant le meilleur de la cuisine italienne et les plats typiques de la Ligurie, sans oublier une s\u00e9lection des meilleurs vins.<\/p>\n<p style=\"text-align: center;\">[huge_it_slider id=&#8221;7&#8243;]<\/p>\n<p>&nbsp;<\/p>\n<div class=\"col-md-3\">Notre restaurant \u00e0 Sanremo peut accueillir:<\/p>\n<ul>\n<li>40 personnes dans son \u00e9l\u00e9gante salle L\u2019Asmara<\/li>\n<li>120 personnes dans la lumineuse salle Jardin d\u2019Hiver<\/li>\n<li>80 personnes dans la V\u00e9randa avec ses grandes vitres donnant sur le jardin tropical de l\u2019h\u00f4tel.<\/div><\/li>\n<\/ul>\n<div class=\"col-md-3\">Le restaurant accueille aussi tous les \u00e9v\u00e9nements importants qui rythment l\u2019ann\u00e9e. En particulier, en p\u00e9riode de grandes festivit\u00e9s ou \u00e0 l\u2019occasion de mariages, banquets et c\u00e9r\u00e9monies.<\/div>\n<div class=\"col-md-3\">De par son nom, le restaurant rend hommage \u00e0 la capitale de l\u2019Erythr\u00e9e o\u00f9 notre famille a v\u00e9cu pendant trois g\u00e9n\u00e9rations. C\u2019est pour cette raison qu\u2019en plus d\u2019un style italien contemporain, nous avons rendu hommage \u00e0 notre deuxi\u00e8me maison en ornant les murs d\u2019objets appartenant \u00e0 l\u2019art traditionnel copte.<\/div>\n<div class=\"col-md-3\">Nous esp\u00e9rons que ce choix vous plaira et vous invitera \u00e0 go\u00fbter notre cuisine..<em><\/div><\/em><\/p>\n<p><em>La Famille Varnero<\/em><\/p>\n","protected":false},"excerpt":{"rendered":"<p>Le Restaurant de L&#8217;h\u00f4tel: Asmara Vous \u00eates les bienvenus dans ce cadre \u00e9l\u00e9gant, vous offrant le meilleur de la cuisine italienne et les plats typiques de la Ligurie, sans oublier une s\u00e9lection des meilleurs vins. [huge_it_slider id=&#8221;7&#8243;] &nbsp; La Famille Varnero<\/p>\n","protected":false},"author":3,"featured_media":2928,"parent":3292,"menu_order":0,"comment_status":"closed","ping_status":"closed","template":"","meta":{"_acf_changed":false,"footnotes":""},"class_list":["post-3295","page","type-page","status-publish","has-post-thumbnail","hentry"],"acf":[],"yoast_head":"<!-- This site is optimized with the Yoast SEO plugin v25.6 - https:\/\/yoast.com\/wordpress\/plugins\/seo\/ -->\n<title>Le restaurant | Nyala Suite Hotel Hotel 4 \u00e9toiles \u00e0 San Remo<\/title>\n<meta name=\"description\" content=\"Recherchez an hotel restaurant Sanremo? Reservez votre sejour au Nyala Hotel, avec un elegant restaurant, vue sur le jardin.\" \/>\n<meta name=\"robots\" content=\"noindex, follow, max-snippet:-1, max-image-preview:large, max-video-preview:-1\" \/>\n<meta property=\"og:locale\" content=\"fr_FR\" \/>\n<meta property=\"og:type\" content=\"article\" \/>\n<meta property=\"og:title\" content=\"Le restaurant | Nyala Suite Hotel Hotel 4 \u00e9toiles \u00e0 San Remo\" \/>\n<meta property=\"og:description\" content=\"Recherchez an hotel restaurant Sanremo? Reservez votre sejour au Nyala Hotel, avec un elegant restaurant, vue sur le jardin.\" \/>\n<meta property=\"og:url\" content=\"https:\/\/nyala.info\/fr\/restaurant\/le-restaurant\/\" \/>\n<meta property=\"og:site_name\" content=\"Nyala Suite Hotel\" \/>\n<meta property=\"article:modified_time\" content=\"2017-07-25T09:08:27+00:00\" \/>\n<meta property=\"og:image\" content=\"https:\/\/nyala.info\/wp-content\/uploads\/2017\/01\/ristorante-asmara-sanremo.jpeg\" \/>\n\t<meta property=\"og:image:width\" content=\"1280\" \/>\n\t<meta property=\"og:image:height\" content=\"853\" \/>\n\t<meta property=\"og:image:type\" content=\"image\/jpeg\" \/>\n<meta name=\"twitter:card\" content=\"summary_large_image\" \/>\n<meta name=\"twitter:label1\" content=\"Est. reading time\" \/>\n\t<meta name=\"twitter:data1\" content=\"1 minute\" \/>\n<script type=\"application\/ld+json\" class=\"yoast-schema-graph\">{\"@context\":\"https:\/\/schema.org\",\"@graph\":[{\"@type\":\"WebPage\",\"@id\":\"https:\/\/nyala.info\/fr\/restaurant\/le-restaurant\/\",\"url\":\"https:\/\/nyala.info\/fr\/restaurant\/le-restaurant\/\",\"name\":\"Le restaurant | Nyala Suite Hotel Hotel 4 \u00e9toiles \u00e0 San Remo\",\"isPartOf\":{\"@id\":\"https:\/\/nyala.info\/fr\/#website\"},\"primaryImageOfPage\":{\"@id\":\"https:\/\/nyala.info\/fr\/restaurant\/le-restaurant\/#primaryimage\"},\"image\":{\"@id\":\"https:\/\/nyala.info\/fr\/restaurant\/le-restaurant\/#primaryimage\"},\"thumbnailUrl\":\"https:\/\/nyala.info\/wp-content\/uploads\/2017\/01\/ristorante-asmara-sanremo.jpeg\",\"datePublished\":\"2017-02-10T10:03:12+00:00\",\"dateModified\":\"2017-07-25T09:08:27+00:00\",\"description\":\"Recherchez an hotel restaurant Sanremo? Reservez votre sejour au Nyala Hotel, avec un elegant restaurant, vue sur le jardin.\",\"breadcrumb\":{\"@id\":\"https:\/\/nyala.info\/fr\/restaurant\/le-restaurant\/#breadcrumb\"},\"inLanguage\":\"fr-FR\",\"potentialAction\":[{\"@type\":\"ReadAction\",\"target\":[\"https:\/\/nyala.info\/fr\/restaurant\/le-restaurant\/\"]}]},{\"@type\":\"ImageObject\",\"inLanguage\":\"fr-FR\",\"@id\":\"https:\/\/nyala.info\/fr\/restaurant\/le-restaurant\/#primaryimage\",\"url\":\"https:\/\/nyala.info\/wp-content\/uploads\/2017\/01\/ristorante-asmara-sanremo.jpeg\",\"contentUrl\":\"https:\/\/nyala.info\/wp-content\/uploads\/2017\/01\/ristorante-asmara-sanremo.jpeg\",\"width\":1280,\"height\":853,\"caption\":\"ristorante a sanremo cucina ligure\"},{\"@type\":\"BreadcrumbList\",\"@id\":\"https:\/\/nyala.info\/fr\/restaurant\/le-restaurant\/#breadcrumb\",\"itemListElement\":[{\"@type\":\"ListItem\",\"position\":1,\"name\":\"Home\",\"item\":\"https:\/\/nyala.info\/fr\/\"},{\"@type\":\"ListItem\",\"position\":2,\"name\":\"Restaurant\",\"item\":\"https:\/\/nyala.info\/fr\/restaurant\/\"},{\"@type\":\"ListItem\",\"position\":3,\"name\":\"Le restaurant\"}]},{\"@type\":\"WebSite\",\"@id\":\"https:\/\/nyala.info\/fr\/#website\",\"url\":\"https:\/\/nyala.info\/fr\/\",\"name\":\"Nyala Suite Hotel\",\"description\":\"Hotel 4 \u00e9toiles \u00e0 San Remo\",\"potentialAction\":[{\"@type\":\"SearchAction\",\"target\":{\"@type\":\"EntryPoint\",\"urlTemplate\":\"https:\/\/nyala.info\/fr\/?s={search_term_string}\"},\"query-input\":{\"@type\":\"PropertyValueSpecification\",\"valueRequired\":true,\"valueName\":\"search_term_string\"}}],\"inLanguage\":\"fr-FR\"}]}<\/script>\n<!-- \/ Yoast SEO plugin. -->","yoast_head_json":{"title":"Le restaurant | Nyala Suite Hotel Hotel 4 \u00e9toiles \u00e0 San Remo","description":"Recherchez an hotel restaurant Sanremo? Reservez votre sejour au Nyala Hotel, avec un elegant restaurant, vue sur le jardin.","robots":{"index":"noindex","follow":"follow","max-snippet":"max-snippet:-1","max-image-preview":"max-image-preview:large","max-video-preview":"max-video-preview:-1"},"og_locale":"fr_FR","og_type":"article","og_title":"Le restaurant | Nyala Suite Hotel Hotel 4 \u00e9toiles \u00e0 San Remo","og_description":"Recherchez an hotel restaurant Sanremo? Reservez votre sejour au Nyala Hotel, avec un elegant restaurant, vue sur le jardin.","og_url":"https:\/\/nyala.info\/fr\/restaurant\/le-restaurant\/","og_site_name":"Nyala Suite Hotel","article_modified_time":"2017-07-25T09:08:27+00:00","og_image":[{"width":1280,"height":853,"url":"https:\/\/nyala.info\/wp-content\/uploads\/2017\/01\/ristorante-asmara-sanremo.jpeg","type":"image\/jpeg"}],"twitter_card":"summary_large_image","twitter_misc":{"Est. reading time":"1 minute"},"schema":{"@context":"https:\/\/schema.org","@graph":[{"@type":"WebPage","@id":"https:\/\/nyala.info\/fr\/restaurant\/le-restaurant\/","url":"https:\/\/nyala.info\/fr\/restaurant\/le-restaurant\/","name":"Le restaurant | Nyala Suite Hotel Hotel 4 \u00e9toiles \u00e0 San Remo","isPartOf":{"@id":"https:\/\/nyala.info\/fr\/#website"},"primaryImageOfPage":{"@id":"https:\/\/nyala.info\/fr\/restaurant\/le-restaurant\/#primaryimage"},"image":{"@id":"https:\/\/nyala.info\/fr\/restaurant\/le-restaurant\/#primaryimage"},"thumbnailUrl":"https:\/\/nyala.info\/wp-content\/uploads\/2017\/01\/ristorante-asmara-sanremo.jpeg","datePublished":"2017-02-10T10:03:12+00:00","dateModified":"2017-07-25T09:08:27+00:00","description":"Recherchez an hotel restaurant Sanremo? Reservez votre sejour au Nyala Hotel, avec un elegant restaurant, vue sur le jardin.","breadcrumb":{"@id":"https:\/\/nyala.info\/fr\/restaurant\/le-restaurant\/#breadcrumb"},"inLanguage":"fr-FR","potentialAction":[{"@type":"ReadAction","target":["https:\/\/nyala.info\/fr\/restaurant\/le-restaurant\/"]}]},{"@type":"ImageObject","inLanguage":"fr-FR","@id":"https:\/\/nyala.info\/fr\/restaurant\/le-restaurant\/#primaryimage","url":"https:\/\/nyala.info\/wp-content\/uploads\/2017\/01\/ristorante-asmara-sanremo.jpeg","contentUrl":"https:\/\/nyala.info\/wp-content\/uploads\/2017\/01\/ristorante-asmara-sanremo.jpeg","width":1280,"height":853,"caption":"ristorante a sanremo cucina ligure"},{"@type":"BreadcrumbList","@id":"https:\/\/nyala.info\/fr\/restaurant\/le-restaurant\/#breadcrumb","itemListElement":[{"@type":"ListItem","position":1,"name":"Home","item":"https:\/\/nyala.info\/fr\/"},{"@type":"ListItem","position":2,"name":"Restaurant","item":"https:\/\/nyala.info\/fr\/restaurant\/"},{"@type":"ListItem","position":3,"name":"Le restaurant"}]},{"@type":"WebSite","@id":"https:\/\/nyala.info\/fr\/#website","url":"https:\/\/nyala.info\/fr\/","name":"Nyala Suite Hotel","description":"Hotel 4 \u00e9toiles \u00e0 San Remo","potentialAction":[{"@type":"SearchAction","target":{"@type":"EntryPoint","urlTemplate":"https:\/\/nyala.info\/fr\/?s={search_term_string}"},"query-input":{"@type":"PropertyValueSpecification","valueRequired":true,"valueName":"search_term_string"}}],"inLanguage":"fr-FR"}]}},"_links":{"self":[{"href":"https:\/\/nyala.info\/fr\/wp-json\/wp\/v2\/pages\/3295"}],"collection":[{"href":"https:\/\/nyala.info\/fr\/wp-json\/wp\/v2\/pages"}],"about":[{"href":"https:\/\/nyala.info\/fr\/wp-json\/wp\/v2\/types\/page"}],"author":[{"embeddable":true,"href":"https:\/\/nyala.info\/fr\/wp-json\/wp\/v2\/users\/3"}],"replies":[{"embeddable":true,"href":"https:\/\/nyala.info\/fr\/wp-json\/wp\/v2\/comments?post=3295"}],"version-history":[{"count":5,"href":"https:\/\/nyala.info\/fr\/wp-json\/wp\/v2\/pages\/3295\/revisions"}],"predecessor-version":[{"id":5696,"href":"https:\/\/nyala.info\/fr\/wp-json\/wp\/v2\/pages\/3295\/revisions\/5696"}],"up":[{"embeddable":true,"href":"https:\/\/nyala.info\/fr\/wp-json\/wp\/v2\/pages\/3292"}],"wp:featuredmedia":[{"embeddable":true,"href":"https:\/\/nyala.info\/fr\/wp-json\/wp\/v2\/media\/2928"}],"wp:attachment":[{"href":"https:\/\/nyala.info\/fr\/wp-json\/wp\/v2\/media?parent=3295"}],"curies":[{"name":"wp","href":"https:\/\/api.w.org\/{rel}","templated":true}]}}