{"id":3292,"date":"2017-02-10T10:59:07","date_gmt":"2017-02-10T09:59:07","guid":{"rendered":"http:\/\/www.nyalahotel.biz\/?page_id=3292\/"},"modified":"2017-07-25T11:22:02","modified_gmt":"2017-07-25T09:22:02","slug":"restaurant","status":"publish","type":"page","link":"https:\/\/nyala.info\/fr\/restaurant\/","title":{"rendered":"Restaurant"},"content":{"rendered":"<h2>Restaurant L&#8217;Asmara<\/h2>\n<p>Nous avons le plaisir de vous proposer dans notre restaurant, en plus d\u2019un menu du jour traditionnel, un grand choix de plats \u00e0 la carte \u00e0 forte conotation r\u00e9gionale et qui se refl\u00e8te \u00e9galement dans le choix de notre carte des vins et dans l\u2019utilisation quotidienne de l\u2019huile d\u2019olive extra-vierge de cultivar taggiasca.<\/p>\n<p>C\u2019est le t\u00e9moignage de notre fort attachement \u00e0 ce merveilleux territoire qui nous accueille, connu dans le monde comme la Riviera des Fleurs mais aussi connu comme la patrie de l\u2019authentique r\u00e9gime m\u00e9diterran\u00e9en.<\/p>\n","protected":false},"excerpt":{"rendered":"<p>Restaurant L&#8217;Asmara Nous avons le plaisir de vous proposer dans notre restaurant, en plus d\u2019un menu du jour traditionnel, un grand choix de plats \u00e0 la carte \u00e0 forte conotation r\u00e9gionale et qui se refl\u00e8te \u00e9galement dans le choix de notre carte des vins et dans l\u2019utilisation quotidienne de l\u2019huile d\u2019olive extra-vierge de cultivar taggiasca. [&hellip;]<\/p>\n","protected":false},"author":3,"featured_media":0,"parent":0,"menu_order":30,"comment_status":"open","ping_status":"open","template":"page_territory.php","meta":{"_acf_changed":false,"footnotes":""},"class_list":["post-3292","page","type-page","status-publish","hentry"],"acf":[],"yoast_head":"<!-- This site is optimized with the Yoast SEO plugin v25.6 - https:\/\/yoast.com\/wordpress\/plugins\/seo\/ -->\n<title>Restaurant | Nyala Suite Hotel Hotel 4 \u00e9toiles \u00e0 San Remo<\/title>\n<meta name=\"description\" content=\"L&#039;un des meilleurs restaurants Sanremo, cuisine r\u00e9gionale et vins de qualit\u00e9. Ouvert pour \u00e9v\u00e8nements, receptions, Noel et Nouvel An, Reveillon\" \/>\n<meta name=\"robots\" content=\"noindex, follow, max-snippet:-1, max-image-preview:large, max-video-preview:-1\" \/>\n<meta property=\"og:locale\" content=\"fr_FR\" \/>\n<meta property=\"og:type\" content=\"article\" \/>\n<meta property=\"og:title\" content=\"Restaurant | Nyala Suite Hotel Hotel 4 \u00e9toiles \u00e0 San Remo\" \/>\n<meta property=\"og:description\" content=\"L&#039;un des meilleurs restaurants Sanremo, cuisine r\u00e9gionale et vins de qualit\u00e9. Ouvert pour \u00e9v\u00e8nements, receptions, Noel et Nouvel An, Reveillon\" \/>\n<meta property=\"og:url\" content=\"https:\/\/nyala.info\/fr\/restaurant\/\" \/>\n<meta property=\"og:site_name\" content=\"Nyala Suite Hotel\" \/>\n<meta property=\"article:modified_time\" content=\"2017-07-25T09:22:02+00:00\" \/>\n<meta name=\"twitter:card\" content=\"summary_large_image\" \/>\n<script type=\"application\/ld+json\" class=\"yoast-schema-graph\">{\"@context\":\"https:\/\/schema.org\",\"@graph\":[{\"@type\":\"WebPage\",\"@id\":\"https:\/\/nyala.info\/fr\/restaurant\/\",\"url\":\"https:\/\/nyala.info\/fr\/restaurant\/\",\"name\":\"Restaurant | Nyala Suite Hotel Hotel 4 \u00e9toiles \u00e0 San Remo\",\"isPartOf\":{\"@id\":\"https:\/\/nyala.info\/fr\/#website\"},\"datePublished\":\"2017-02-10T09:59:07+00:00\",\"dateModified\":\"2017-07-25T09:22:02+00:00\",\"description\":\"L'un des meilleurs restaurants Sanremo, cuisine r\u00e9gionale et vins de qualit\u00e9. Ouvert pour \u00e9v\u00e8nements, receptions, Noel et Nouvel An, Reveillon\",\"breadcrumb\":{\"@id\":\"https:\/\/nyala.info\/fr\/restaurant\/#breadcrumb\"},\"inLanguage\":\"fr-FR\",\"potentialAction\":[{\"@type\":\"ReadAction\",\"target\":[\"https:\/\/nyala.info\/fr\/restaurant\/\"]}]},{\"@type\":\"BreadcrumbList\",\"@id\":\"https:\/\/nyala.info\/fr\/restaurant\/#breadcrumb\",\"itemListElement\":[{\"@type\":\"ListItem\",\"position\":1,\"name\":\"Home\",\"item\":\"https:\/\/nyala.info\/fr\/\"},{\"@type\":\"ListItem\",\"position\":2,\"name\":\"Restaurant\"}]},{\"@type\":\"WebSite\",\"@id\":\"https:\/\/nyala.info\/fr\/#website\",\"url\":\"https:\/\/nyala.info\/fr\/\",\"name\":\"Nyala Suite Hotel\",\"description\":\"Hotel 4 \u00e9toiles \u00e0 San Remo\",\"potentialAction\":[{\"@type\":\"SearchAction\",\"target\":{\"@type\":\"EntryPoint\",\"urlTemplate\":\"https:\/\/nyala.info\/fr\/?s={search_term_string}\"},\"query-input\":{\"@type\":\"PropertyValueSpecification\",\"valueRequired\":true,\"valueName\":\"search_term_string\"}}],\"inLanguage\":\"fr-FR\"}]}<\/script>\n<!-- \/ Yoast SEO plugin. -->","yoast_head_json":{"title":"Restaurant | Nyala Suite Hotel Hotel 4 \u00e9toiles \u00e0 San Remo","description":"L'un des meilleurs restaurants Sanremo, cuisine r\u00e9gionale et vins de qualit\u00e9. Ouvert pour \u00e9v\u00e8nements, receptions, Noel et Nouvel An, Reveillon","robots":{"index":"noindex","follow":"follow","max-snippet":"max-snippet:-1","max-image-preview":"max-image-preview:large","max-video-preview":"max-video-preview:-1"},"og_locale":"fr_FR","og_type":"article","og_title":"Restaurant | Nyala Suite Hotel Hotel 4 \u00e9toiles \u00e0 San Remo","og_description":"L'un des meilleurs restaurants Sanremo, cuisine r\u00e9gionale et vins de qualit\u00e9. Ouvert pour \u00e9v\u00e8nements, receptions, Noel et Nouvel An, Reveillon","og_url":"https:\/\/nyala.info\/fr\/restaurant\/","og_site_name":"Nyala Suite Hotel","article_modified_time":"2017-07-25T09:22:02+00:00","twitter_card":"summary_large_image","schema":{"@context":"https:\/\/schema.org","@graph":[{"@type":"WebPage","@id":"https:\/\/nyala.info\/fr\/restaurant\/","url":"https:\/\/nyala.info\/fr\/restaurant\/","name":"Restaurant | Nyala Suite Hotel Hotel 4 \u00e9toiles \u00e0 San Remo","isPartOf":{"@id":"https:\/\/nyala.info\/fr\/#website"},"datePublished":"2017-02-10T09:59:07+00:00","dateModified":"2017-07-25T09:22:02+00:00","description":"L'un des meilleurs restaurants Sanremo, cuisine r\u00e9gionale et vins de qualit\u00e9. Ouvert pour \u00e9v\u00e8nements, receptions, Noel et Nouvel An, Reveillon","breadcrumb":{"@id":"https:\/\/nyala.info\/fr\/restaurant\/#breadcrumb"},"inLanguage":"fr-FR","potentialAction":[{"@type":"ReadAction","target":["https:\/\/nyala.info\/fr\/restaurant\/"]}]},{"@type":"BreadcrumbList","@id":"https:\/\/nyala.info\/fr\/restaurant\/#breadcrumb","itemListElement":[{"@type":"ListItem","position":1,"name":"Home","item":"https:\/\/nyala.info\/fr\/"},{"@type":"ListItem","position":2,"name":"Restaurant"}]},{"@type":"WebSite","@id":"https:\/\/nyala.info\/fr\/#website","url":"https:\/\/nyala.info\/fr\/","name":"Nyala Suite Hotel","description":"Hotel 4 \u00e9toiles \u00e0 San Remo","potentialAction":[{"@type":"SearchAction","target":{"@type":"EntryPoint","urlTemplate":"https:\/\/nyala.info\/fr\/?s={search_term_string}"},"query-input":{"@type":"PropertyValueSpecification","valueRequired":true,"valueName":"search_term_string"}}],"inLanguage":"fr-FR"}]}},"_links":{"self":[{"href":"https:\/\/nyala.info\/fr\/wp-json\/wp\/v2\/pages\/3292"}],"collection":[{"href":"https:\/\/nyala.info\/fr\/wp-json\/wp\/v2\/pages"}],"about":[{"href":"https:\/\/nyala.info\/fr\/wp-json\/wp\/v2\/types\/page"}],"author":[{"embeddable":true,"href":"https:\/\/nyala.info\/fr\/wp-json\/wp\/v2\/users\/3"}],"replies":[{"embeddable":true,"href":"https:\/\/nyala.info\/fr\/wp-json\/wp\/v2\/comments?post=3292"}],"version-history":[{"count":1,"href":"https:\/\/nyala.info\/fr\/wp-json\/wp\/v2\/pages\/3292\/revisions"}],"predecessor-version":[{"id":3293,"href":"https:\/\/nyala.info\/fr\/wp-json\/wp\/v2\/pages\/3292\/revisions\/3293"}],"wp:attachment":[{"href":"https:\/\/nyala.info\/fr\/wp-json\/wp\/v2\/media?parent=3292"}],"curies":[{"name":"wp","href":"https:\/\/api.w.org\/{rel}","templated":true}]}}