{"id":3287,"date":"2017-02-10T10:52:54","date_gmt":"2017-02-10T09:52:54","guid":{"rendered":"http:\/\/www.nyalahotel.biz\/?page_id=3287\/"},"modified":"2018-01-05T12:58:10","modified_gmt":"2018-01-05T11:58:10","slug":"chambres","status":"publish","type":"page","link":"https:\/\/nyala.info\/fr\/chambres\/","title":{"rendered":"Chambres d&#8217;h\u00f4tel"},"content":{"rendered":"<h1>Choisissez votre chambre d&#8217;h\u00f4tel prefer\u00e9e et reservez en ligne.<\/h1>\n<p style=\"text-align: justify;\"><strong>Que vous choisissiez de s\u00e9journer dans nos chambres d&#8217;h\u00f4tel traditionnelles ou dans un v\u00e9ritable appartement comme nos suites junior, vous pourrez profiter de notre service de qualit\u00e9 et de tous les conforts.<\/strong><\/p>\n<p>La large gamme de possibilit\u00e9s que peut offrir notre h\u00f4tel vous permettra de trouver la solution la plus adapt\u00e9e \u00e0 vos exigences, que ce soit pour un simple week-end, pour de v\u00e9ritables vacances ou pour un voyage d&#8217;affaires.<\/p>\n<p>Dans le cas o\u00f9 la solution choisie ne s&#8217;adapterait pas parfaitement \u00e0 vos attentes, nous nous tiendrons \u00e0 votre disposition pour vous proposer toutes les autres options alternatives, en fonction des disponibilit\u00e9s de la p\u00e9riode.<\/p>\n<p>Notre h\u00f4tel offre <strong>36 Suites Junior et 40 chambres d&#8217;h\u00f4tel<\/strong> dot\u00e9es de Air conditionn\u00e9, Coffre-fort pour ordinateur portable, TV LCD 32&#8243; full HD avec les cha\u00eenes du cable, S\u00e8che-cheveux, T\u00e9l\u00e9phone direct, Minibar, Wi-fi gratuit<\/p>\n<p>L&#8217;h\u00f4tel dispose de 4 chambres accessible en fauteuil roulant.<\/p>\n<p>Check-in: 15h<br \/>\nCheck-out: 12h<\/p>\n","protected":false},"excerpt":{"rendered":"<p>Choisissez votre chambre d&#8217;h\u00f4tel prefer\u00e9e et reservez en ligne. Que vous choisissiez de s\u00e9journer dans nos chambres d&#8217;h\u00f4tel traditionnelles ou dans un v\u00e9ritable appartement comme nos suites junior, vous pourrez profiter de notre service de qualit\u00e9 et de tous les conforts. La large gamme de possibilit\u00e9s que peut offrir notre h\u00f4tel vous permettra de trouver [&hellip;]<\/p>\n","protected":false},"author":3,"featured_media":0,"parent":0,"menu_order":30,"comment_status":"open","ping_status":"open","template":"page_rooms.php","meta":{"_acf_changed":false,"footnotes":""},"class_list":["post-3287","page","type-page","status-publish","hentry"],"acf":[],"yoast_head":"<!-- This site is optimized with the Yoast SEO plugin v25.6 - https:\/\/yoast.com\/wordpress\/plugins\/seo\/ -->\n<title>Chambres d&#039;h\u00f4tel avec vue sur la mer de la Riviera des Fleurs<\/title>\n<meta name=\"description\" content=\"Chambres d&#039;h\u00f4tel avec vue sur la mer de la Riviera des Fleurs. Rservez en ligne sur notre site Nyala Hotel pour \u00e0 la meilleur tarif\" \/>\n<meta name=\"robots\" content=\"noindex, follow, max-snippet:-1, max-image-preview:large, max-video-preview:-1\" \/>\n<meta property=\"og:locale\" content=\"fr_FR\" \/>\n<meta property=\"og:type\" content=\"article\" \/>\n<meta property=\"og:title\" content=\"Chambres d&#039;h\u00f4tel avec vue sur la mer de la Riviera des Fleurs\" \/>\n<meta property=\"og:description\" content=\"Chambres d&#039;h\u00f4tel avec vue sur la mer de la Riviera des Fleurs. Rservez en ligne sur notre site Nyala Hotel pour \u00e0 la meilleur tarif\" \/>\n<meta property=\"og:url\" content=\"https:\/\/nyala.info\/fr\/chambres\/\" \/>\n<meta property=\"og:site_name\" content=\"Nyala Suite Hotel\" \/>\n<meta property=\"article:modified_time\" content=\"2018-01-05T11:58:10+00:00\" \/>\n<meta name=\"twitter:card\" content=\"summary_large_image\" \/>\n<meta name=\"twitter:label1\" content=\"Est. reading time\" \/>\n\t<meta name=\"twitter:data1\" content=\"1 minute\" \/>\n<script type=\"application\/ld+json\" class=\"yoast-schema-graph\">{\"@context\":\"https:\/\/schema.org\",\"@graph\":[{\"@type\":\"WebPage\",\"@id\":\"https:\/\/nyala.info\/fr\/chambres\/\",\"url\":\"https:\/\/nyala.info\/fr\/chambres\/\",\"name\":\"Chambres d'h\u00f4tel avec vue sur la mer de la Riviera des Fleurs\",\"isPartOf\":{\"@id\":\"https:\/\/nyala.info\/fr\/#website\"},\"datePublished\":\"2017-02-10T09:52:54+00:00\",\"dateModified\":\"2018-01-05T11:58:10+00:00\",\"description\":\"Chambres d'h\u00f4tel avec vue sur la mer de la Riviera des Fleurs. Rservez en ligne sur notre site Nyala Hotel pour \u00e0 la meilleur tarif\",\"breadcrumb\":{\"@id\":\"https:\/\/nyala.info\/fr\/chambres\/#breadcrumb\"},\"inLanguage\":\"fr-FR\",\"potentialAction\":[{\"@type\":\"ReadAction\",\"target\":[\"https:\/\/nyala.info\/fr\/chambres\/\"]}]},{\"@type\":\"BreadcrumbList\",\"@id\":\"https:\/\/nyala.info\/fr\/chambres\/#breadcrumb\",\"itemListElement\":[{\"@type\":\"ListItem\",\"position\":1,\"name\":\"Home\",\"item\":\"https:\/\/nyala.info\/fr\/\"},{\"@type\":\"ListItem\",\"position\":2,\"name\":\"Chambres d&#8217;h\u00f4tel\"}]},{\"@type\":\"WebSite\",\"@id\":\"https:\/\/nyala.info\/fr\/#website\",\"url\":\"https:\/\/nyala.info\/fr\/\",\"name\":\"Nyala Suite Hotel\",\"description\":\"Hotel 4 \u00e9toiles \u00e0 San Remo\",\"potentialAction\":[{\"@type\":\"SearchAction\",\"target\":{\"@type\":\"EntryPoint\",\"urlTemplate\":\"https:\/\/nyala.info\/fr\/?s={search_term_string}\"},\"query-input\":{\"@type\":\"PropertyValueSpecification\",\"valueRequired\":true,\"valueName\":\"search_term_string\"}}],\"inLanguage\":\"fr-FR\"}]}<\/script>\n<!-- \/ Yoast SEO plugin. -->","yoast_head_json":{"title":"Chambres d'h\u00f4tel avec vue sur la mer de la Riviera des Fleurs","description":"Chambres d'h\u00f4tel avec vue sur la mer de la Riviera des Fleurs. Rservez en ligne sur notre site Nyala Hotel pour \u00e0 la meilleur tarif","robots":{"index":"noindex","follow":"follow","max-snippet":"max-snippet:-1","max-image-preview":"max-image-preview:large","max-video-preview":"max-video-preview:-1"},"og_locale":"fr_FR","og_type":"article","og_title":"Chambres d'h\u00f4tel avec vue sur la mer de la Riviera des Fleurs","og_description":"Chambres d'h\u00f4tel avec vue sur la mer de la Riviera des Fleurs. Rservez en ligne sur notre site Nyala Hotel pour \u00e0 la meilleur tarif","og_url":"https:\/\/nyala.info\/fr\/chambres\/","og_site_name":"Nyala Suite Hotel","article_modified_time":"2018-01-05T11:58:10+00:00","twitter_card":"summary_large_image","twitter_misc":{"Est. reading time":"1 minute"},"schema":{"@context":"https:\/\/schema.org","@graph":[{"@type":"WebPage","@id":"https:\/\/nyala.info\/fr\/chambres\/","url":"https:\/\/nyala.info\/fr\/chambres\/","name":"Chambres d'h\u00f4tel avec vue sur la mer de la Riviera des Fleurs","isPartOf":{"@id":"https:\/\/nyala.info\/fr\/#website"},"datePublished":"2017-02-10T09:52:54+00:00","dateModified":"2018-01-05T11:58:10+00:00","description":"Chambres d'h\u00f4tel avec vue sur la mer de la Riviera des Fleurs. Rservez en ligne sur notre site Nyala Hotel pour \u00e0 la meilleur tarif","breadcrumb":{"@id":"https:\/\/nyala.info\/fr\/chambres\/#breadcrumb"},"inLanguage":"fr-FR","potentialAction":[{"@type":"ReadAction","target":["https:\/\/nyala.info\/fr\/chambres\/"]}]},{"@type":"BreadcrumbList","@id":"https:\/\/nyala.info\/fr\/chambres\/#breadcrumb","itemListElement":[{"@type":"ListItem","position":1,"name":"Home","item":"https:\/\/nyala.info\/fr\/"},{"@type":"ListItem","position":2,"name":"Chambres d&#8217;h\u00f4tel"}]},{"@type":"WebSite","@id":"https:\/\/nyala.info\/fr\/#website","url":"https:\/\/nyala.info\/fr\/","name":"Nyala Suite Hotel","description":"Hotel 4 \u00e9toiles \u00e0 San Remo","potentialAction":[{"@type":"SearchAction","target":{"@type":"EntryPoint","urlTemplate":"https:\/\/nyala.info\/fr\/?s={search_term_string}"},"query-input":{"@type":"PropertyValueSpecification","valueRequired":true,"valueName":"search_term_string"}}],"inLanguage":"fr-FR"}]}},"_links":{"self":[{"href":"https:\/\/nyala.info\/fr\/wp-json\/wp\/v2\/pages\/3287"}],"collection":[{"href":"https:\/\/nyala.info\/fr\/wp-json\/wp\/v2\/pages"}],"about":[{"href":"https:\/\/nyala.info\/fr\/wp-json\/wp\/v2\/types\/page"}],"author":[{"embeddable":true,"href":"https:\/\/nyala.info\/fr\/wp-json\/wp\/v2\/users\/3"}],"replies":[{"embeddable":true,"href":"https:\/\/nyala.info\/fr\/wp-json\/wp\/v2\/comments?post=3287"}],"version-history":[{"count":4,"href":"https:\/\/nyala.info\/fr\/wp-json\/wp\/v2\/pages\/3287\/revisions"}],"predecessor-version":[{"id":7048,"href":"https:\/\/nyala.info\/fr\/wp-json\/wp\/v2\/pages\/3287\/revisions\/7048"}],"wp:attachment":[{"href":"https:\/\/nyala.info\/fr\/wp-json\/wp\/v2\/media?parent=3287"}],"curies":[{"name":"wp","href":"https:\/\/api.w.org\/{rel}","templated":true}]}}