{"id":3284,"date":"2017-02-10T10:20:18","date_gmt":"2017-02-10T09:20:18","guid":{"rendered":"http:\/\/www.nyalahotel.biz\/?page_id=3284\/"},"modified":"2017-02-10T10:48:33","modified_gmt":"2017-02-10T09:48:33","slug":"hotel-avec-piscine","status":"publish","type":"page","link":"https:\/\/nyala.info\/fr\/hotel\/hotel-avec-piscine\/","title":{"rendered":"Hotel avec piscine"},"content":{"rendered":"<h1 style=\"text-align: center;\">Hotel avec piscine<\/h1>\n<p style=\"text-align: center;\">Construite aux pieds des hauts palmiers centenaires, la grande piscine de l&#8217;h\u00f4tel est un lieu parfait pour la relaxation o\u00f9, avec toute votre famille, vous pourrez passer vos journ\u00e9es dans une grande tranquillit\u00e9.<\/p>\n<p>[huge_it_slider id=&#8221;4&#8243;]<\/p>\n<div class=\"col-md-4\">\n<h3>La Piscine<\/h3>\n<ul>\n<li>Ouverture de la piscine : de P\u00e2ques \u00e0 octobre &#8211; le solarium est install\u00e9 toute l&#8217;ann\u00e9e<\/li>\n<li>Horaires\u00a0: tous les jours de 10h \u00e0 19h<\/li>\n<li>Profondeur\u00a0: 160 cm et zone enfants \u00e0 70 cm<\/li>\n<li>Acc\u00e8s r\u00e9serv\u00e9 aux clients de l&#8217;h\u00f4tel.<\/li>\n<\/ul>\n<p>En raison de la taille de la piscine et du volume d&#8217;eau important, la piscine n&#8217;est pas chauff\u00e9e\u00a0; toutefois, de par sa position, elle b\u00e9n\u00e9ficie d&#8217;un fort ensoleillement.<\/div>\n<p>[one_tihrd]<\/p>\n<h3>Le<strong> Solarium<\/strong><\/h3>\n<p>La zone du solarium est install\u00e9e toute l&#8217;ann\u00e9e et permet de profiter du soleil lors des douces journ\u00e9es d&#8217;hiver de la Riviera\u00a0; la piscine devient le centre de la vie de l&#8217;h\u00f4tel lors de la belle saison.[\/one_third]\n<div class=\"col-md-4\">\n<h3>Le<strong> Grill-bar Dalak<\/strong><\/h3>\n<p>Situ\u00e9 au bord de la piscine, le Grill-bar Dalak est ouvert durant la p\u00e9riode estivale et offre un service de bar de 10h \u00e0 19h, avec un choix de paninis et de glaces, ainsi qu&#8217;un service de restauration rapide de 12h30 \u00e0 15h.<\/p>\n<p>Un service de bar est aussi possible toute l&#8217;ann\u00e9e dans la zone du solarium (sur demande).<\/p>\n<\/div>\n","protected":false},"excerpt":{"rendered":"<p>Hotel avec piscine Construite aux pieds des hauts palmiers centenaires, la grande piscine de l&#8217;h\u00f4tel est un lieu parfait pour la relaxation o\u00f9, avec toute votre famille, vous pourrez passer vos journ\u00e9es dans une grande tranquillit\u00e9. [huge_it_slider id=&#8221;4&#8243;] [one_tihrd] Le Solarium La zone du solarium est install\u00e9e toute l&#8217;ann\u00e9e et permet de profiter du soleil [&hellip;]<\/p>\n","protected":false},"author":3,"featured_media":1026,"parent":3266,"menu_order":0,"comment_status":"open","ping_status":"open","template":"","meta":{"_acf_changed":false,"footnotes":""},"class_list":["post-3284","page","type-page","status-publish","has-post-thumbnail","hentry"],"acf":[],"yoast_head":"<!-- This site is optimized with the Yoast SEO plugin v25.6 - https:\/\/yoast.com\/wordpress\/plugins\/seo\/ -->\n<title>Hotel avec piscine | Nyala Suite Hotel Hotel 4 \u00e9toiles \u00e0 San Remo<\/title>\n<meta name=\"robots\" content=\"noindex, follow, max-snippet:-1, max-image-preview:large, max-video-preview:-1\" \/>\n<meta property=\"og:locale\" content=\"fr_FR\" \/>\n<meta property=\"og:type\" content=\"article\" \/>\n<meta property=\"og:title\" content=\"Hotel avec piscine | Nyala Suite Hotel Hotel 4 \u00e9toiles \u00e0 San Remo\" \/>\n<meta property=\"og:description\" content=\"Hotel avec piscine Construite aux pieds des hauts palmiers centenaires, la grande piscine de l&#8217;h\u00f4tel est un lieu parfait pour la relaxation o\u00f9, avec toute votre famille, vous pourrez passer vos journ\u00e9es dans une grande tranquillit\u00e9. [huge_it_slider id=&#8221;4&#8243;] [one_tihrd] Le Solarium La zone du solarium est install\u00e9e toute l&#8217;ann\u00e9e et permet de profiter du soleil [&hellip;]\" \/>\n<meta property=\"og:url\" content=\"https:\/\/nyala.info\/fr\/hotel\/hotel-avec-piscine\/\" \/>\n<meta property=\"og:site_name\" content=\"Nyala Suite Hotel\" \/>\n<meta property=\"article:modified_time\" content=\"2017-02-10T09:48:33+00:00\" \/>\n<meta property=\"og:image\" content=\"https:\/\/nyala.info\/wp-content\/uploads\/2015\/04\/IMG_3681.jpg\" \/>\n\t<meta property=\"og:image:width\" content=\"1620\" \/>\n\t<meta property=\"og:image:height\" content=\"1080\" \/>\n\t<meta property=\"og:image:type\" content=\"image\/jpeg\" \/>\n<meta name=\"twitter:card\" content=\"summary_large_image\" \/>\n<meta name=\"twitter:label1\" content=\"Est. reading time\" \/>\n\t<meta name=\"twitter:data1\" content=\"1 minute\" \/>\n<script type=\"application\/ld+json\" class=\"yoast-schema-graph\">{\"@context\":\"https:\/\/schema.org\",\"@graph\":[{\"@type\":\"WebPage\",\"@id\":\"https:\/\/nyala.info\/fr\/hotel\/hotel-avec-piscine\/\",\"url\":\"https:\/\/nyala.info\/fr\/hotel\/hotel-avec-piscine\/\",\"name\":\"Hotel avec piscine | Nyala Suite Hotel Hotel 4 \u00e9toiles \u00e0 San Remo\",\"isPartOf\":{\"@id\":\"https:\/\/nyala.info\/fr\/#website\"},\"primaryImageOfPage\":{\"@id\":\"https:\/\/nyala.info\/fr\/hotel\/hotel-avec-piscine\/#primaryimage\"},\"image\":{\"@id\":\"https:\/\/nyala.info\/fr\/hotel\/hotel-avec-piscine\/#primaryimage\"},\"thumbnailUrl\":\"https:\/\/nyala.info\/wp-content\/uploads\/2015\/04\/IMG_3681.jpg\",\"datePublished\":\"2017-02-10T09:20:18+00:00\",\"dateModified\":\"2017-02-10T09:48:33+00:00\",\"breadcrumb\":{\"@id\":\"https:\/\/nyala.info\/fr\/hotel\/hotel-avec-piscine\/#breadcrumb\"},\"inLanguage\":\"fr-FR\",\"potentialAction\":[{\"@type\":\"ReadAction\",\"target\":[\"https:\/\/nyala.info\/fr\/hotel\/hotel-avec-piscine\/\"]}]},{\"@type\":\"ImageObject\",\"inLanguage\":\"fr-FR\",\"@id\":\"https:\/\/nyala.info\/fr\/hotel\/hotel-avec-piscine\/#primaryimage\",\"url\":\"https:\/\/nyala.info\/wp-content\/uploads\/2015\/04\/IMG_3681.jpg\",\"contentUrl\":\"https:\/\/nyala.info\/wp-content\/uploads\/2015\/04\/IMG_3681.jpg\",\"width\":1620,\"height\":1080,\"caption\":\"piscina\"},{\"@type\":\"BreadcrumbList\",\"@id\":\"https:\/\/nyala.info\/fr\/hotel\/hotel-avec-piscine\/#breadcrumb\",\"itemListElement\":[{\"@type\":\"ListItem\",\"position\":1,\"name\":\"Home\",\"item\":\"https:\/\/nyala.info\/fr\/\"},{\"@type\":\"ListItem\",\"position\":2,\"name\":\"Hotel\",\"item\":\"https:\/\/nyala.info\/fr\/hotel\/\"},{\"@type\":\"ListItem\",\"position\":3,\"name\":\"Hotel avec piscine\"}]},{\"@type\":\"WebSite\",\"@id\":\"https:\/\/nyala.info\/fr\/#website\",\"url\":\"https:\/\/nyala.info\/fr\/\",\"name\":\"Nyala Suite Hotel\",\"description\":\"Hotel 4 \u00e9toiles \u00e0 San Remo\",\"potentialAction\":[{\"@type\":\"SearchAction\",\"target\":{\"@type\":\"EntryPoint\",\"urlTemplate\":\"https:\/\/nyala.info\/fr\/?s={search_term_string}\"},\"query-input\":{\"@type\":\"PropertyValueSpecification\",\"valueRequired\":true,\"valueName\":\"search_term_string\"}}],\"inLanguage\":\"fr-FR\"}]}<\/script>\n<!-- \/ Yoast SEO plugin. -->","yoast_head_json":{"title":"Hotel avec piscine | Nyala Suite Hotel Hotel 4 \u00e9toiles \u00e0 San Remo","robots":{"index":"noindex","follow":"follow","max-snippet":"max-snippet:-1","max-image-preview":"max-image-preview:large","max-video-preview":"max-video-preview:-1"},"og_locale":"fr_FR","og_type":"article","og_title":"Hotel avec piscine | Nyala Suite Hotel Hotel 4 \u00e9toiles \u00e0 San Remo","og_description":"Hotel avec piscine Construite aux pieds des hauts palmiers centenaires, la grande piscine de l&#8217;h\u00f4tel est un lieu parfait pour la relaxation o\u00f9, avec toute votre famille, vous pourrez passer vos journ\u00e9es dans une grande tranquillit\u00e9. [huge_it_slider id=&#8221;4&#8243;] [one_tihrd] Le Solarium La zone du solarium est install\u00e9e toute l&#8217;ann\u00e9e et permet de profiter du soleil [&hellip;]","og_url":"https:\/\/nyala.info\/fr\/hotel\/hotel-avec-piscine\/","og_site_name":"Nyala Suite Hotel","article_modified_time":"2017-02-10T09:48:33+00:00","og_image":[{"width":1620,"height":1080,"url":"https:\/\/nyala.info\/wp-content\/uploads\/2015\/04\/IMG_3681.jpg","type":"image\/jpeg"}],"twitter_card":"summary_large_image","twitter_misc":{"Est. reading time":"1 minute"},"schema":{"@context":"https:\/\/schema.org","@graph":[{"@type":"WebPage","@id":"https:\/\/nyala.info\/fr\/hotel\/hotel-avec-piscine\/","url":"https:\/\/nyala.info\/fr\/hotel\/hotel-avec-piscine\/","name":"Hotel avec piscine | Nyala Suite Hotel Hotel 4 \u00e9toiles \u00e0 San Remo","isPartOf":{"@id":"https:\/\/nyala.info\/fr\/#website"},"primaryImageOfPage":{"@id":"https:\/\/nyala.info\/fr\/hotel\/hotel-avec-piscine\/#primaryimage"},"image":{"@id":"https:\/\/nyala.info\/fr\/hotel\/hotel-avec-piscine\/#primaryimage"},"thumbnailUrl":"https:\/\/nyala.info\/wp-content\/uploads\/2015\/04\/IMG_3681.jpg","datePublished":"2017-02-10T09:20:18+00:00","dateModified":"2017-02-10T09:48:33+00:00","breadcrumb":{"@id":"https:\/\/nyala.info\/fr\/hotel\/hotel-avec-piscine\/#breadcrumb"},"inLanguage":"fr-FR","potentialAction":[{"@type":"ReadAction","target":["https:\/\/nyala.info\/fr\/hotel\/hotel-avec-piscine\/"]}]},{"@type":"ImageObject","inLanguage":"fr-FR","@id":"https:\/\/nyala.info\/fr\/hotel\/hotel-avec-piscine\/#primaryimage","url":"https:\/\/nyala.info\/wp-content\/uploads\/2015\/04\/IMG_3681.jpg","contentUrl":"https:\/\/nyala.info\/wp-content\/uploads\/2015\/04\/IMG_3681.jpg","width":1620,"height":1080,"caption":"piscina"},{"@type":"BreadcrumbList","@id":"https:\/\/nyala.info\/fr\/hotel\/hotel-avec-piscine\/#breadcrumb","itemListElement":[{"@type":"ListItem","position":1,"name":"Home","item":"https:\/\/nyala.info\/fr\/"},{"@type":"ListItem","position":2,"name":"Hotel","item":"https:\/\/nyala.info\/fr\/hotel\/"},{"@type":"ListItem","position":3,"name":"Hotel avec piscine"}]},{"@type":"WebSite","@id":"https:\/\/nyala.info\/fr\/#website","url":"https:\/\/nyala.info\/fr\/","name":"Nyala Suite Hotel","description":"Hotel 4 \u00e9toiles \u00e0 San Remo","potentialAction":[{"@type":"SearchAction","target":{"@type":"EntryPoint","urlTemplate":"https:\/\/nyala.info\/fr\/?s={search_term_string}"},"query-input":{"@type":"PropertyValueSpecification","valueRequired":true,"valueName":"search_term_string"}}],"inLanguage":"fr-FR"}]}},"_links":{"self":[{"href":"https:\/\/nyala.info\/fr\/wp-json\/wp\/v2\/pages\/3284"}],"collection":[{"href":"https:\/\/nyala.info\/fr\/wp-json\/wp\/v2\/pages"}],"about":[{"href":"https:\/\/nyala.info\/fr\/wp-json\/wp\/v2\/types\/page"}],"author":[{"embeddable":true,"href":"https:\/\/nyala.info\/fr\/wp-json\/wp\/v2\/users\/3"}],"replies":[{"embeddable":true,"href":"https:\/\/nyala.info\/fr\/wp-json\/wp\/v2\/comments?post=3284"}],"version-history":[{"count":1,"href":"https:\/\/nyala.info\/fr\/wp-json\/wp\/v2\/pages\/3284\/revisions"}],"predecessor-version":[{"id":3285,"href":"https:\/\/nyala.info\/fr\/wp-json\/wp\/v2\/pages\/3284\/revisions\/3285"}],"up":[{"embeddable":true,"href":"https:\/\/nyala.info\/fr\/wp-json\/wp\/v2\/pages\/3266"}],"wp:featuredmedia":[{"embeddable":true,"href":"https:\/\/nyala.info\/fr\/wp-json\/wp\/v2\/media\/1026"}],"wp:attachment":[{"href":"https:\/\/nyala.info\/fr\/wp-json\/wp\/v2\/media?parent=3284"}],"curies":[{"name":"wp","href":"https:\/\/api.w.org\/{rel}","templated":true}]}}