{"id":3266,"date":"2017-02-10T09:54:49","date_gmt":"2017-02-10T08:54:49","guid":{"rendered":"http:\/\/www.nyalahotel.biz\/?page_id=3266\/"},"modified":"2017-07-21T12:05:36","modified_gmt":"2017-07-21T10:05:36","slug":"hotel","status":"publish","type":"page","link":"https:\/\/nyala.info\/fr\/hotel\/","title":{"rendered":"Hotel"},"content":{"rendered":"<h1>Nyala Suite Hotel San Remo: un H\u00f4tel 4 \u00e9toiles moderne<\/h1>\n<h2>Une structure h\u00f4teli\u00e8re contemporaine avec une splendide piscine situ\u00e9e au coeur d&#8217;un jardin de palmiers centenaires.<\/h2>\n<p>En choisissant notre h\u00f4tel, vous pourrez profiter de toute la tranquillit\u00e9 et de toute l\u2019intimit\u00e9 n\u00e9cessaires pour jouir d&#8217;une d\u00e9tente totale tr\u00e8s appr\u00e9ciable , mais aussi d\u2019un \u00e9quilibre parfait entre la technologie et la valorisation de l&#8217;incomparable patrimoine naturel de la Riviera des Fleurs.<\/p>\n<p>Que vous choisissiez de s\u00e9journer dans une des <strong>40 chambres traditionnelles ou dans une des 36 suites junior<\/strong> (v\u00e9ritables appartements), vous b\u00e9n\u00e9ficierez de notre service de qualit\u00e9 et profiterez de tous les conforts\u00a0: air conditionn\u00e9, radio, t\u00e9l\u00e9vision satellite, Internet wi-fi, minibar, t\u00e9l\u00e9phone direct, s\u00e8che-cheveux, et jacuzzi dans certaines suites.<\/p>\n<p>L\u2019\u00e9quipe de l\u2019\u00e9l\u00e9gant <strong>restaurant L&#8217;Asmara<\/strong> saura vous conseiller les meilleurs vins et les sp\u00e9cialit\u00e9s de la cuisine ligure et nationale, ou encore vous organiser un banquet \u00e0 la hauteur des occasions qui marquent la vie.<\/p>\n<p>Une splendide piscine entour\u00e9e par notre <strong>jardin tropical<\/strong>, o\u00f9 se trouvent le bar d\u2019\u00e9t\u00e9 Dalak, le parc de jeux pour enfants, et d\u2019autres prestations sp\u00e9cifiques aux familles avec enfants, ainsi qu\u2019un ensemble de services pour les cyclistes les plus exigeants compl\u00e8tent notre offre pour vos vacances.<\/p>\n<p>Les <strong>salles de conf\u00e9rence de l\u2019h\u00f4tel<\/strong>, qui peuvent accueillir jusqu\u2019\u00e0 150 personnes, et notre \u00e9quipe sp\u00e9cialis\u00e9e feront de vos rencontres d\u2019affaires un r\u00e9el succ\u00e8s.<\/p>\n","protected":false},"excerpt":{"rendered":"<p>Nyala Suite Hotel San Remo: un H\u00f4tel 4 \u00e9toiles moderne Une structure h\u00f4teli\u00e8re contemporaine avec une splendide piscine situ\u00e9e au coeur d&#8217;un jardin de palmiers centenaires. En choisissant notre h\u00f4tel, vous pourrez profiter de toute la tranquillit\u00e9 et de toute l\u2019intimit\u00e9 n\u00e9cessaires pour jouir d&#8217;une d\u00e9tente totale tr\u00e8s appr\u00e9ciable , mais aussi d\u2019un \u00e9quilibre parfait [&hellip;]<\/p>\n","protected":false},"author":3,"featured_media":0,"parent":0,"menu_order":30,"comment_status":"open","ping_status":"open","template":"page_territory.php","meta":{"_acf_changed":false,"footnotes":""},"class_list":["post-3266","page","type-page","status-publish","hentry"],"acf":[],"yoast_head":"<!-- This site is optimized with the Yoast SEO plugin v25.6 - https:\/\/yoast.com\/wordpress\/plugins\/seo\/ -->\n<title>Hotel | Nyala Suite Hotel Hotel 4 \u00e9toiles \u00e0 San Remo<\/title>\n<meta name=\"description\" content=\"Hotel Sanremo Nyala Suite, hotel 4 \u00e9toiles avec piscine, jardin, restaurant. Vue panoramique sur la mer. Reservez en ligne sur notre site pour sauver\" \/>\n<meta name=\"robots\" content=\"noindex, follow, max-snippet:-1, max-image-preview:large, max-video-preview:-1\" \/>\n<meta property=\"og:locale\" content=\"fr_FR\" \/>\n<meta property=\"og:type\" content=\"article\" \/>\n<meta property=\"og:title\" content=\"Hotel | Nyala Suite Hotel Hotel 4 \u00e9toiles \u00e0 San Remo\" \/>\n<meta property=\"og:description\" content=\"Hotel Sanremo Nyala Suite, hotel 4 \u00e9toiles avec piscine, jardin, restaurant. Vue panoramique sur la mer. Reservez en ligne sur notre site pour sauver\" \/>\n<meta property=\"og:url\" content=\"https:\/\/nyala.info\/fr\/hotel\/\" \/>\n<meta property=\"og:site_name\" content=\"Nyala Suite Hotel\" \/>\n<meta property=\"article:modified_time\" content=\"2017-07-21T10:05:36+00:00\" \/>\n<meta name=\"twitter:card\" content=\"summary_large_image\" \/>\n<meta name=\"twitter:label1\" content=\"Est. reading time\" \/>\n\t<meta name=\"twitter:data1\" content=\"1 minute\" \/>\n<script type=\"application\/ld+json\" class=\"yoast-schema-graph\">{\"@context\":\"https:\/\/schema.org\",\"@graph\":[{\"@type\":\"WebPage\",\"@id\":\"https:\/\/nyala.info\/fr\/hotel\/\",\"url\":\"https:\/\/nyala.info\/fr\/hotel\/\",\"name\":\"Hotel | Nyala Suite Hotel Hotel 4 \u00e9toiles \u00e0 San Remo\",\"isPartOf\":{\"@id\":\"https:\/\/nyala.info\/fr\/#website\"},\"datePublished\":\"2017-02-10T08:54:49+00:00\",\"dateModified\":\"2017-07-21T10:05:36+00:00\",\"description\":\"Hotel Sanremo Nyala Suite, hotel 4 \u00e9toiles avec piscine, jardin, restaurant. Vue panoramique sur la mer. Reservez en ligne sur notre site pour sauver\",\"breadcrumb\":{\"@id\":\"https:\/\/nyala.info\/fr\/hotel\/#breadcrumb\"},\"inLanguage\":\"fr-FR\",\"potentialAction\":[{\"@type\":\"ReadAction\",\"target\":[\"https:\/\/nyala.info\/fr\/hotel\/\"]}]},{\"@type\":\"BreadcrumbList\",\"@id\":\"https:\/\/nyala.info\/fr\/hotel\/#breadcrumb\",\"itemListElement\":[{\"@type\":\"ListItem\",\"position\":1,\"name\":\"Home\",\"item\":\"https:\/\/nyala.info\/fr\/\"},{\"@type\":\"ListItem\",\"position\":2,\"name\":\"Hotel\"}]},{\"@type\":\"WebSite\",\"@id\":\"https:\/\/nyala.info\/fr\/#website\",\"url\":\"https:\/\/nyala.info\/fr\/\",\"name\":\"Nyala Suite Hotel\",\"description\":\"Hotel 4 \u00e9toiles \u00e0 San Remo\",\"potentialAction\":[{\"@type\":\"SearchAction\",\"target\":{\"@type\":\"EntryPoint\",\"urlTemplate\":\"https:\/\/nyala.info\/fr\/?s={search_term_string}\"},\"query-input\":{\"@type\":\"PropertyValueSpecification\",\"valueRequired\":true,\"valueName\":\"search_term_string\"}}],\"inLanguage\":\"fr-FR\"}]}<\/script>\n<!-- \/ Yoast SEO plugin. -->","yoast_head_json":{"title":"Hotel | Nyala Suite Hotel Hotel 4 \u00e9toiles \u00e0 San Remo","description":"Hotel Sanremo Nyala Suite, hotel 4 \u00e9toiles avec piscine, jardin, restaurant. Vue panoramique sur la mer. Reservez en ligne sur notre site pour sauver","robots":{"index":"noindex","follow":"follow","max-snippet":"max-snippet:-1","max-image-preview":"max-image-preview:large","max-video-preview":"max-video-preview:-1"},"og_locale":"fr_FR","og_type":"article","og_title":"Hotel | Nyala Suite Hotel Hotel 4 \u00e9toiles \u00e0 San Remo","og_description":"Hotel Sanremo Nyala Suite, hotel 4 \u00e9toiles avec piscine, jardin, restaurant. Vue panoramique sur la mer. Reservez en ligne sur notre site pour sauver","og_url":"https:\/\/nyala.info\/fr\/hotel\/","og_site_name":"Nyala Suite Hotel","article_modified_time":"2017-07-21T10:05:36+00:00","twitter_card":"summary_large_image","twitter_misc":{"Est. reading time":"1 minute"},"schema":{"@context":"https:\/\/schema.org","@graph":[{"@type":"WebPage","@id":"https:\/\/nyala.info\/fr\/hotel\/","url":"https:\/\/nyala.info\/fr\/hotel\/","name":"Hotel | Nyala Suite Hotel Hotel 4 \u00e9toiles \u00e0 San Remo","isPartOf":{"@id":"https:\/\/nyala.info\/fr\/#website"},"datePublished":"2017-02-10T08:54:49+00:00","dateModified":"2017-07-21T10:05:36+00:00","description":"Hotel Sanremo Nyala Suite, hotel 4 \u00e9toiles avec piscine, jardin, restaurant. Vue panoramique sur la mer. Reservez en ligne sur notre site pour sauver","breadcrumb":{"@id":"https:\/\/nyala.info\/fr\/hotel\/#breadcrumb"},"inLanguage":"fr-FR","potentialAction":[{"@type":"ReadAction","target":["https:\/\/nyala.info\/fr\/hotel\/"]}]},{"@type":"BreadcrumbList","@id":"https:\/\/nyala.info\/fr\/hotel\/#breadcrumb","itemListElement":[{"@type":"ListItem","position":1,"name":"Home","item":"https:\/\/nyala.info\/fr\/"},{"@type":"ListItem","position":2,"name":"Hotel"}]},{"@type":"WebSite","@id":"https:\/\/nyala.info\/fr\/#website","url":"https:\/\/nyala.info\/fr\/","name":"Nyala Suite Hotel","description":"Hotel 4 \u00e9toiles \u00e0 San Remo","potentialAction":[{"@type":"SearchAction","target":{"@type":"EntryPoint","urlTemplate":"https:\/\/nyala.info\/fr\/?s={search_term_string}"},"query-input":{"@type":"PropertyValueSpecification","valueRequired":true,"valueName":"search_term_string"}}],"inLanguage":"fr-FR"}]}},"_links":{"self":[{"href":"https:\/\/nyala.info\/fr\/wp-json\/wp\/v2\/pages\/3266"}],"collection":[{"href":"https:\/\/nyala.info\/fr\/wp-json\/wp\/v2\/pages"}],"about":[{"href":"https:\/\/nyala.info\/fr\/wp-json\/wp\/v2\/types\/page"}],"author":[{"embeddable":true,"href":"https:\/\/nyala.info\/fr\/wp-json\/wp\/v2\/users\/3"}],"replies":[{"embeddable":true,"href":"https:\/\/nyala.info\/fr\/wp-json\/wp\/v2\/comments?post=3266"}],"version-history":[{"count":4,"href":"https:\/\/nyala.info\/fr\/wp-json\/wp\/v2\/pages\/3266\/revisions"}],"predecessor-version":[{"id":3270,"href":"https:\/\/nyala.info\/fr\/wp-json\/wp\/v2\/pages\/3266\/revisions\/3270"}],"wp:attachment":[{"href":"https:\/\/nyala.info\/fr\/wp-json\/wp\/v2\/media?parent=3266"}],"curies":[{"name":"wp","href":"https:\/\/api.w.org\/{rel}","templated":true}]}}