{"id":2355,"date":"2016-11-06T13:30:18","date_gmt":"2016-11-06T12:30:18","guid":{"rendered":"http:\/\/www.nyalahotel.biz\/fr\/?page_id=2355"},"modified":"2018-12-28T14:35:52","modified_gmt":"2018-12-28T13:35:52","slug":"f1-grand-prix-de-monaco","status":"publish","type":"page","link":"https:\/\/nyala.info\/fr\/offres-speciales-pour-vos-vacances\/grands-evenements\/f1-grand-prix-de-monaco\/","title":{"rendered":"F1 &#8211; Grand Prix de Monaco"},"content":{"rendered":"<h2 style=\"text-align: center;\">F1 &#8211; Grand Prix de Monaco<\/h2>\n<p style=\"margin-bottom: 0cm; text-align: center;\">R\u00e9servez votre s\u00e9jour dans notre h\u00f4tel 4 \u00e9toiles de Sanremo pour assister au Grand Prix de Monaco : vous ne serez qu\u2019\u00e0 une petite demi-heure du circuit de Monte-Carlo<\/p>\n<p>&nbsp;<\/p>\n<ul class=\"tabs\">\n<li class=\"tab-link current\" data-tab=\"tab-1\">Reservez<\/li>\n<li class=\"tab-link\" data-tab=\"tab-2\">Notre offre comprend<\/li>\n<li class=\"tab-link\" data-tab=\"tab-3\">Conditions de r\u00e9servation<\/li>\n<\/ul>\n<div id=\"tab-1\" class=\"tab-content current\">\n<p>LE FRISSON DE LA VITESSE AVEC LES BOLIDES DE FORMULE 1 QUI S\u2019AFFRONTENT SUR LE CIRCUIT DE MONTE-CARLOLe Grand Prix de Monaco est la course urbaine classique du championnat mondial de Formule 1 dont l\u2019issue est toujours incertaine\u00a0: une excellente occasion de vous rendre pour un week-end sur la C\u00f4te-d\u2019Azur.<\/p>\n<p>En choisissant de s\u00e9journer \u00e0 Sanremo, vous serez \u00e0 une demi-heure environ de Monaco en voiture et \u00e0 environ 45 minutes en train\u00a0: c\u2019est un choix id\u00e9al pour vivre les \u00e9motions des \u00e9preuves qualificatives et de la course.<\/p>\n<p style=\"margin-bottom: 0cm;\">Notre h\u00f4tel pensera m\u00eame \u00e0 vous proposer une navette depuis et vers la gare ferroviaire.<\/p>\n<p>Les billets pour la manifestation sont g\u00e9r\u00e9s par l\u2019ACM (Automobile Club de Monaco)\u00a0: notre h\u00f4tel vous propose un service de r\u00e9servation sur demande.<\/p>\n<a class=\"maxbutton-3 maxbutton maxbutton-reserver\" target=\"_blank\" rel=\"noopener\" href=\"http:\/\/www.nyalahotel.com\/fr\/reserver\/\"><span class='mb-text'>Reserver<\/span><\/a>\n<\/div>\n<div id=\"tab-2\" class=\"tab-content\">\n<p style=\"margin-bottom: 0cm;\">Notre offre sp\u00e9ciale comprend\u00a0:<\/p>\n<ul>\n<li>\n<p style=\"margin-bottom: 0cm;\">Formule 4&#215;3 = restez 4 nuits et payez en 3 seulement !<\/p>\n<\/li>\n<li>\n<p style=\"margin-bottom: 0cm;\">Jusqu&#8217;\u00e0 2 enfants grauitement dans le m\u00eame chambre que les parents !<\/p>\n<\/li>\n<li>\n<p style=\"margin-bottom: 0cm;\">Vos animaux de compagnie sont les bienvenus et s\u00e9journent gratuitement !<\/p>\n<\/li>\n<li>\n<p style=\"margin-bottom: 0cm;\">S\u00e9jour en chambre et petit-d\u00e9jeuner sous forme de buffet<\/p>\n<\/li>\n<\/ul>\n<p style=\"margin-bottom: 0cm;\">L&#8217;offre comprend aussi :<\/p>\n<ul>\n<li><span style=\"background: none repeat scroll 0% 0% transparent;\">Le transfert depuis et vers le centre de la ville et vers la gare ferroviaire<\/span> en fonction des horaires pr\u00e9\u00e9tablis<\/li>\n<li>\n<p style=\"margin-bottom: 0cm;\"><span style=\"background: none repeat scroll 0% 0% transparent;\">Le parking priv\u00e9, en fonction des disponibilit\u00e9s<\/span><\/p>\n<\/li>\n<li>\n<p style=\"margin-bottom: 0cm;\"><span style=\"background: none repeat scroll 0% 0% transparent;\">Un bon \u00e0 transformer en fiches pour tenter votre chance au Casino de Sanremo.<\/span><\/p>\n<\/li>\n<\/ul>\n<\/div>\n<div id=\"tab-3\" class=\"tab-content\">\n<p>CONDITIONS DE R\u00c9SERVATION.<\/p>\n<p>Dur\u00e9e minimale du s\u00e9jour : 1 nuit.<br \/>\nDur\u00e9e maximale du s\u00e9jour : 7 nuits.<br \/>\nCette offre est disponible uniquement pour les r\u00e9servations en ligne et pour un nombre limit\u00e9 de places.<br \/>\nL\u2019offre est valable uniquement pendant la p\u00e9riode de la manifestation.<br \/>\nToutes les r\u00e9ductions propos\u00e9es sont calcul\u00e9es automatiquement par notre logiciel de r\u00e9servation.<br \/>\nL&#8217;offre peut subir quelques modifications au cours de l\u2019ann\u00e9e et ce sans pr\u00e9avis.<br \/>\n<span style=\"background: none repeat scroll 0% 0% transparent;\">En cas de r\u00e9clamation, les tarifs propos\u00e9s par notre logiciel de r\u00e9servation feront foi.<\/span><br \/>\nCaution : 25% (min. 1 nuit).<br \/>\nAnnulation gratuite jusqu\u2019\u00e0 3 jours avant votre arriv\u00e9e.<br \/>\nP\u00e9nalit\u00e9 en cas d\u2019annulation tardive, de non-pr\u00e9sentation ou de d\u00e9part anticip\u00e9 : 100%.<\/p>\n<p>&nbsp;<\/p>\n<\/div>\n<p><!-- container --><br \/>\n<script type=\"text\/javascript\">\n\tjQuery(document).ready(function(){\t\n\tjQuery('ul.tabs li').click(function(){\n\t\tvar tab_id = jQuery(this).attr('data-tab');\n\t\tjQuery('ul.tabs li').removeClass('current');\n\t\tjQuery('.tab-content').removeClass('current');\n\t\tjQuery(this).addClass('current');\n\t\tjQuery(\"#\"+tab_id).addClass('current');\n\t})\n})\n<\/script><\/p>\n<p style=\"text-align: center;\"><strong>Programme du GRAND PRIX DE MONACO<\/strong><\/p>\n<p style=\"text-align: center;\">Si vous voulez conna\u00eetre tous les d\u00e9tails de la manifestation, nous vous invitons \u00e0 visiter ce <a href=\"http:\/\/www.monacograndprix.it\" target=\"_blank\" rel=\"noopener\">site<\/a>.<\/p>\n","protected":false},"excerpt":{"rendered":"<p>F1 &#8211; Grand Prix de Monaco R\u00e9servez votre s\u00e9jour dans notre h\u00f4tel 4 \u00e9toiles de Sanremo pour assister au Grand Prix de Monaco : vous ne serez qu\u2019\u00e0 une petite demi-heure du circuit de Monte-Carlo &nbsp; Reservez Notre offre comprend Conditions de r\u00e9servation LE FRISSON DE LA VITESSE AVEC LES BOLIDES DE FORMULE 1 QUI [&hellip;]<\/p>\n","protected":false},"author":3,"featured_media":1090,"parent":3305,"menu_order":23,"comment_status":"open","ping_status":"closed","template":"","meta":{"_acf_changed":false,"footnotes":""},"class_list":["post-2355","page","type-page","status-publish","has-post-thumbnail","hentry"],"acf":[],"yoast_head":"<!-- This site is optimized with the Yoast SEO plugin v25.6 - https:\/\/yoast.com\/wordpress\/plugins\/seo\/ -->\n<title>F1 - Grand Prix de Monaco | Nyala Suite Hotel Hotel 4 \u00e9toiles \u00e0 San Remo<\/title>\n<meta name=\"description\" content=\"R\u00e9servez votre s\u00e9jour dans notre h\u00f4tel 4 \u00e9toiles de Sanremo pour assister au Grand Prix de Monaco et voir le circuit de Monte-Carlo\" \/>\n<meta name=\"robots\" content=\"noindex, follow, max-snippet:-1, max-image-preview:large, max-video-preview:-1\" \/>\n<meta property=\"og:locale\" content=\"fr_FR\" \/>\n<meta property=\"og:type\" content=\"article\" \/>\n<meta property=\"og:title\" content=\"F1 - Grand Prix de Monaco | Nyala Suite Hotel Hotel 4 \u00e9toiles \u00e0 San Remo\" \/>\n<meta property=\"og:description\" content=\"R\u00e9servez votre s\u00e9jour dans notre h\u00f4tel 4 \u00e9toiles de Sanremo pour assister au Grand Prix de Monaco et voir le circuit de Monte-Carlo\" \/>\n<meta property=\"og:url\" content=\"https:\/\/nyala.info\/fr\/offres-speciales-pour-vos-vacances\/grands-evenements\/f1-grand-prix-de-monaco\/\" \/>\n<meta property=\"og:site_name\" content=\"Nyala Suite Hotel\" \/>\n<meta property=\"article:modified_time\" content=\"2018-12-28T13:35:52+00:00\" \/>\n<meta property=\"og:image\" content=\"https:\/\/nyala.info\/wp-content\/uploads\/2015\/04\/monacogp.jpg\" \/>\n\t<meta property=\"og:image:width\" content=\"1620\" \/>\n\t<meta property=\"og:image:height\" content=\"1080\" \/>\n\t<meta property=\"og:image:type\" content=\"image\/jpeg\" \/>\n<meta name=\"twitter:card\" content=\"summary_large_image\" \/>\n<meta name=\"twitter:label1\" content=\"Est. reading time\" \/>\n\t<meta name=\"twitter:data1\" content=\"2 minutes\" \/>\n<script type=\"application\/ld+json\" class=\"yoast-schema-graph\">{\"@context\":\"https:\/\/schema.org\",\"@graph\":[{\"@type\":\"WebPage\",\"@id\":\"https:\/\/nyala.info\/fr\/offres-speciales-pour-vos-vacances\/grands-evenements\/f1-grand-prix-de-monaco\/\",\"url\":\"https:\/\/nyala.info\/fr\/offres-speciales-pour-vos-vacances\/grands-evenements\/f1-grand-prix-de-monaco\/\",\"name\":\"F1 - Grand Prix de Monaco | Nyala Suite Hotel Hotel 4 \u00e9toiles \u00e0 San Remo\",\"isPartOf\":{\"@id\":\"https:\/\/nyala.info\/fr\/#website\"},\"primaryImageOfPage\":{\"@id\":\"https:\/\/nyala.info\/fr\/offres-speciales-pour-vos-vacances\/grands-evenements\/f1-grand-prix-de-monaco\/#primaryimage\"},\"image\":{\"@id\":\"https:\/\/nyala.info\/fr\/offres-speciales-pour-vos-vacances\/grands-evenements\/f1-grand-prix-de-monaco\/#primaryimage\"},\"thumbnailUrl\":\"https:\/\/nyala.info\/wp-content\/uploads\/2015\/04\/monacogp.jpg\",\"datePublished\":\"2016-11-06T12:30:18+00:00\",\"dateModified\":\"2018-12-28T13:35:52+00:00\",\"description\":\"R\u00e9servez votre s\u00e9jour dans notre h\u00f4tel 4 \u00e9toiles de Sanremo pour assister au Grand Prix de Monaco et voir le circuit de Monte-Carlo\",\"breadcrumb\":{\"@id\":\"https:\/\/nyala.info\/fr\/offres-speciales-pour-vos-vacances\/grands-evenements\/f1-grand-prix-de-monaco\/#breadcrumb\"},\"inLanguage\":\"fr-FR\",\"potentialAction\":[{\"@type\":\"ReadAction\",\"target\":[\"https:\/\/nyala.info\/fr\/offres-speciales-pour-vos-vacances\/grands-evenements\/f1-grand-prix-de-monaco\/\"]}]},{\"@type\":\"ImageObject\",\"inLanguage\":\"fr-FR\",\"@id\":\"https:\/\/nyala.info\/fr\/offres-speciales-pour-vos-vacances\/grands-evenements\/f1-grand-prix-de-monaco\/#primaryimage\",\"url\":\"https:\/\/nyala.info\/wp-content\/uploads\/2015\/04\/monacogp.jpg\",\"contentUrl\":\"https:\/\/nyala.info\/wp-content\/uploads\/2015\/04\/monacogp.jpg\",\"width\":1620,\"height\":1080,\"caption\":\"monaco gran premio formula 1\"},{\"@type\":\"BreadcrumbList\",\"@id\":\"https:\/\/nyala.info\/fr\/offres-speciales-pour-vos-vacances\/grands-evenements\/f1-grand-prix-de-monaco\/#breadcrumb\",\"itemListElement\":[{\"@type\":\"ListItem\",\"position\":1,\"name\":\"Home\",\"item\":\"https:\/\/nyala.info\/fr\/\"},{\"@type\":\"ListItem\",\"position\":2,\"name\":\"Offres sp\u00e9ciales pour vos vacances\",\"item\":\"https:\/\/nyala.info\/fr\/offres-speciales-pour-vos-vacances\/\"},{\"@type\":\"ListItem\",\"position\":3,\"name\":\"Grands \u00e9v\u00e8nements\",\"item\":\"https:\/\/nyala.info\/fr\/offres-speciales-pour-vos-vacances\/grands-evenements\/\"},{\"@type\":\"ListItem\",\"position\":4,\"name\":\"F1 &#8211; Grand Prix de Monaco\"}]},{\"@type\":\"WebSite\",\"@id\":\"https:\/\/nyala.info\/fr\/#website\",\"url\":\"https:\/\/nyala.info\/fr\/\",\"name\":\"Nyala Suite Hotel\",\"description\":\"Hotel 4 \u00e9toiles \u00e0 San Remo\",\"potentialAction\":[{\"@type\":\"SearchAction\",\"target\":{\"@type\":\"EntryPoint\",\"urlTemplate\":\"https:\/\/nyala.info\/fr\/?s={search_term_string}\"},\"query-input\":{\"@type\":\"PropertyValueSpecification\",\"valueRequired\":true,\"valueName\":\"search_term_string\"}}],\"inLanguage\":\"fr-FR\"}]}<\/script>\n<!-- \/ Yoast SEO plugin. -->","yoast_head_json":{"title":"F1 - Grand Prix de Monaco | Nyala Suite Hotel Hotel 4 \u00e9toiles \u00e0 San Remo","description":"R\u00e9servez votre s\u00e9jour dans notre h\u00f4tel 4 \u00e9toiles de Sanremo pour assister au Grand Prix de Monaco et voir le circuit de Monte-Carlo","robots":{"index":"noindex","follow":"follow","max-snippet":"max-snippet:-1","max-image-preview":"max-image-preview:large","max-video-preview":"max-video-preview:-1"},"og_locale":"fr_FR","og_type":"article","og_title":"F1 - Grand Prix de Monaco | Nyala Suite Hotel Hotel 4 \u00e9toiles \u00e0 San Remo","og_description":"R\u00e9servez votre s\u00e9jour dans notre h\u00f4tel 4 \u00e9toiles de Sanremo pour assister au Grand Prix de Monaco et voir le circuit de Monte-Carlo","og_url":"https:\/\/nyala.info\/fr\/offres-speciales-pour-vos-vacances\/grands-evenements\/f1-grand-prix-de-monaco\/","og_site_name":"Nyala Suite Hotel","article_modified_time":"2018-12-28T13:35:52+00:00","og_image":[{"width":1620,"height":1080,"url":"https:\/\/nyala.info\/wp-content\/uploads\/2015\/04\/monacogp.jpg","type":"image\/jpeg"}],"twitter_card":"summary_large_image","twitter_misc":{"Est. reading time":"2 minutes"},"schema":{"@context":"https:\/\/schema.org","@graph":[{"@type":"WebPage","@id":"https:\/\/nyala.info\/fr\/offres-speciales-pour-vos-vacances\/grands-evenements\/f1-grand-prix-de-monaco\/","url":"https:\/\/nyala.info\/fr\/offres-speciales-pour-vos-vacances\/grands-evenements\/f1-grand-prix-de-monaco\/","name":"F1 - Grand Prix de Monaco | Nyala Suite Hotel Hotel 4 \u00e9toiles \u00e0 San Remo","isPartOf":{"@id":"https:\/\/nyala.info\/fr\/#website"},"primaryImageOfPage":{"@id":"https:\/\/nyala.info\/fr\/offres-speciales-pour-vos-vacances\/grands-evenements\/f1-grand-prix-de-monaco\/#primaryimage"},"image":{"@id":"https:\/\/nyala.info\/fr\/offres-speciales-pour-vos-vacances\/grands-evenements\/f1-grand-prix-de-monaco\/#primaryimage"},"thumbnailUrl":"https:\/\/nyala.info\/wp-content\/uploads\/2015\/04\/monacogp.jpg","datePublished":"2016-11-06T12:30:18+00:00","dateModified":"2018-12-28T13:35:52+00:00","description":"R\u00e9servez votre s\u00e9jour dans notre h\u00f4tel 4 \u00e9toiles de Sanremo pour assister au Grand Prix de Monaco et voir le circuit de Monte-Carlo","breadcrumb":{"@id":"https:\/\/nyala.info\/fr\/offres-speciales-pour-vos-vacances\/grands-evenements\/f1-grand-prix-de-monaco\/#breadcrumb"},"inLanguage":"fr-FR","potentialAction":[{"@type":"ReadAction","target":["https:\/\/nyala.info\/fr\/offres-speciales-pour-vos-vacances\/grands-evenements\/f1-grand-prix-de-monaco\/"]}]},{"@type":"ImageObject","inLanguage":"fr-FR","@id":"https:\/\/nyala.info\/fr\/offres-speciales-pour-vos-vacances\/grands-evenements\/f1-grand-prix-de-monaco\/#primaryimage","url":"https:\/\/nyala.info\/wp-content\/uploads\/2015\/04\/monacogp.jpg","contentUrl":"https:\/\/nyala.info\/wp-content\/uploads\/2015\/04\/monacogp.jpg","width":1620,"height":1080,"caption":"monaco gran premio formula 1"},{"@type":"BreadcrumbList","@id":"https:\/\/nyala.info\/fr\/offres-speciales-pour-vos-vacances\/grands-evenements\/f1-grand-prix-de-monaco\/#breadcrumb","itemListElement":[{"@type":"ListItem","position":1,"name":"Home","item":"https:\/\/nyala.info\/fr\/"},{"@type":"ListItem","position":2,"name":"Offres sp\u00e9ciales pour vos vacances","item":"https:\/\/nyala.info\/fr\/offres-speciales-pour-vos-vacances\/"},{"@type":"ListItem","position":3,"name":"Grands \u00e9v\u00e8nements","item":"https:\/\/nyala.info\/fr\/offres-speciales-pour-vos-vacances\/grands-evenements\/"},{"@type":"ListItem","position":4,"name":"F1 &#8211; Grand Prix de Monaco"}]},{"@type":"WebSite","@id":"https:\/\/nyala.info\/fr\/#website","url":"https:\/\/nyala.info\/fr\/","name":"Nyala Suite Hotel","description":"Hotel 4 \u00e9toiles \u00e0 San Remo","potentialAction":[{"@type":"SearchAction","target":{"@type":"EntryPoint","urlTemplate":"https:\/\/nyala.info\/fr\/?s={search_term_string}"},"query-input":{"@type":"PropertyValueSpecification","valueRequired":true,"valueName":"search_term_string"}}],"inLanguage":"fr-FR"}]}},"_links":{"self":[{"href":"https:\/\/nyala.info\/fr\/wp-json\/wp\/v2\/pages\/2355"}],"collection":[{"href":"https:\/\/nyala.info\/fr\/wp-json\/wp\/v2\/pages"}],"about":[{"href":"https:\/\/nyala.info\/fr\/wp-json\/wp\/v2\/types\/page"}],"author":[{"embeddable":true,"href":"https:\/\/nyala.info\/fr\/wp-json\/wp\/v2\/users\/3"}],"replies":[{"embeddable":true,"href":"https:\/\/nyala.info\/fr\/wp-json\/wp\/v2\/comments?post=2355"}],"version-history":[{"count":7,"href":"https:\/\/nyala.info\/fr\/wp-json\/wp\/v2\/pages\/2355\/revisions"}],"predecessor-version":[{"id":7466,"href":"https:\/\/nyala.info\/fr\/wp-json\/wp\/v2\/pages\/2355\/revisions\/7466"}],"up":[{"embeddable":true,"href":"https:\/\/nyala.info\/fr\/wp-json\/wp\/v2\/pages\/3305"}],"wp:featuredmedia":[{"embeddable":true,"href":"https:\/\/nyala.info\/fr\/wp-json\/wp\/v2\/media\/1090"}],"wp:attachment":[{"href":"https:\/\/nyala.info\/fr\/wp-json\/wp\/v2\/media?parent=2355"}],"curies":[{"name":"wp","href":"https:\/\/api.w.org\/{rel}","templated":true}]}}