{"id":2062,"date":"2016-10-04T21:27:29","date_gmt":"2016-10-04T19:27:29","guid":{"rendered":"http:\/\/www.nyalahotel.biz\/fr\/?page_id=2062"},"modified":"2017-07-25T12:52:57","modified_gmt":"2017-07-25T10:52:57","slug":"salle-zenith-detail-technique","status":"publish","type":"page","link":"https:\/\/nyala.info\/fr\/conventions-san-remo\/salles-pour-conventions-et-reunions\/salle-zenith-detail-technique\/","title":{"rendered":"SALLE &#8216;ZENITH&#8217; &#8211; Detail Technique"},"content":{"rendered":"<h2 style=\"text-align: center;\">Hotel conventions \u00e0 San Remo ?<\/h2>\n<p style=\"text-align: center;\"><b>L\u2019h\u00f4tel Nyala Suite vous propose plusieurs salles de r\u00e9union et ses services pour vos convention et rendez-vous \u00e0 San Remo en Ligurie.<\/b><\/p>\n<p style=\"text-align: center;\">La <strong>salle Zenith<\/strong> est une salle priv\u00e9e de taille modeste.<br \/>\nId\u00e9ale pour vos r\u00e9unions d\u2019affaires, rendez-vous et autres rencontres professionnelles, cette salle peut \u00eatre utilis\u00e9e de diverses mani\u00e8res. L\u2019espace offre tous les services commun\u00e9ment solicit\u00e9s, comme un vid\u00e9oprojecteur et une connexion internet. Il est aussi possible d\u2019y faire venir des traducteurs et services de secr\u00e9tariat.<\/p>\n<div class=\"col-md-6\"><img loading=\"lazy\" decoding=\"async\" class=\"aligncenter size-full wp-image-3007\" src=\"http:\/\/www.nyalahotel.com\/wp-content\/uploads\/2015\/04\/sala-rinioni-e-convegni-zenith.jpeg\" alt=\"sala rinioni e convegni zenith\" width=\"600\" height=\"380\" srcset=\"https:\/\/nyala.info\/wp-content\/uploads\/2015\/04\/sala-rinioni-e-convegni-zenith.jpeg 600w, https:\/\/nyala.info\/wp-content\/uploads\/2015\/04\/sala-rinioni-e-convegni-zenith-300x190.jpeg 300w, https:\/\/nyala.info\/wp-content\/uploads\/2015\/04\/sala-rinioni-e-convegni-zenith-2x1.jpeg 2w\" sizes=\"(max-width: 600px) 100vw, 600px\" \/><\/div>\n<div class=\"col-md-6\"><img loading=\"lazy\" decoding=\"async\" class=\"aligncenter size-full wp-image-3008\" src=\"http:\/\/www.nyalahotel.com\/wp-content\/uploads\/2015\/04\/sala-zenith-tavola-rotonda-e-convegni.jpeg\" alt=\"sala zenith tavola rotonda e convegni\" width=\"600\" height=\"380\" srcset=\"https:\/\/nyala.info\/wp-content\/uploads\/2015\/04\/sala-zenith-tavola-rotonda-e-convegni.jpeg 600w, https:\/\/nyala.info\/wp-content\/uploads\/2015\/04\/sala-zenith-tavola-rotonda-e-convegni-300x190.jpeg 300w, https:\/\/nyala.info\/wp-content\/uploads\/2015\/04\/sala-zenith-tavola-rotonda-e-convegni-2x1.jpeg 2w\" sizes=\"(max-width: 600px) 100vw, 600px\" \/><\/div>\n<p>Plusieurs \u00e9quipements sont disponibles. Tout autre service suppl\u00e9mentaire peut vous \u00eatre mis \u00e0 disposition sur demande.<\/p>\n<p><a href=\"http:\/\/www.nyalahotel.com\/fr\/reserver\/contactez-nous\/\">Contactez-nous<\/a> pour plus d\u2019informations.<\/p>\n<p>&nbsp;<\/p>\n<h2>SALLE &#8216;ZENITH&#8217; &#8211; Detail Technique<\/h2>\n<table border=\"0\" width=\"100%\" cellspacing=\"0\" cellpadding=\"0\">\n<tbody>\n<tr>\n<td valign=\"top\" width=\"50%\">\n<table border=\"0\" width=\"100%\" cellspacing=\"1\" cellpadding=\"5\">\n<tbody>\n<tr>\n<td style=\"padding: 5px; background: none repeat scroll 0% 0% #cbe3ee;\" colspan=\"3\">\n<div align=\"center\">Generalite<\/div>\n<\/td>\n<\/tr>\n<tr>\n<td style=\"padding: 5px; background: none repeat scroll 0% 0% #ffffff;\" width=\"42\"><img loading=\"lazy\" decoding=\"async\" src=\"img\/icone_meeting\/meetin1.gif\" alt=\"Meeting\" width=\"41\" height=\"35\" \/><\/td>\n<td style=\"padding: 5px; background: none repeat scroll 0% 0% #bfc4dc;\">Lumi\u00e8re Naturelle<\/td>\n<td style=\"padding: 5px; background: none repeat scroll 0% 0% #e1e4eb;\">No<\/td>\n<\/tr>\n<tr>\n<td style=\"padding: 5px; background: none repeat scroll 0% 0% #ffffff;\"><img loading=\"lazy\" decoding=\"async\" src=\"img\/icone_meeting\/meetin2.gif\" alt=\"Meeting\" width=\"42\" height=\"35\" \/><\/td>\n<td style=\"padding: 5px; background: none repeat scroll 0% 0% #bfc4dc;\">Surface m\u00b2<\/td>\n<td style=\"padding: 5px; background: none repeat scroll 0% 0% #e1e4eb;\">42<\/td>\n<\/tr>\n<tr>\n<td style=\"padding: 5px; background: none repeat scroll 0% 0% #ffffff;\"><img loading=\"lazy\" decoding=\"async\" src=\"img\/icone_meeting\/meetin3.gif\" alt=\"Meeting\" width=\"42\" height=\"35\" \/><\/td>\n<td style=\"padding: 5px; background: none repeat scroll 0% 0% #bfc4dc;\">Dimensions m.<\/td>\n<td style=\"padding: 5px; background: none repeat scroll 0% 0% #e1e4eb;\">7,3 x 5,8<\/td>\n<\/tr>\n<tr>\n<td style=\"padding: 5px; background: none repeat scroll 0% 0% #ffffff;\"><img loading=\"lazy\" decoding=\"async\" src=\"img\/icone_meeting\/meetin4.gif\" alt=\"Meeting\" width=\"42\" height=\"35\" \/><\/td>\n<td style=\"padding: 5px; background: none repeat scroll 0% 0% #bfc4dc;\">Hauteu m.<\/td>\n<td style=\"padding: 5px; background: none repeat scroll 0% 0% #e1e4eb;\">2,7<\/td>\n<\/tr>\n<tr>\n<td style=\"padding: 5px; background: none repeat scroll 0% 0% #ffffff;\"><img loading=\"lazy\" decoding=\"async\" src=\"img\/icone_meeting\/meetin5.gif\" alt=\"Meeting\" width=\"42\" height=\"35\" \/><\/td>\n<td style=\"padding: 5px; background: none repeat scroll 0% 0% #bfc4dc;\">Capacit\u00e8 Theatre<\/td>\n<td style=\"padding: 5px; background: none repeat scroll 0% 0% #e1e4eb;\">50<\/td>\n<\/tr>\n<tr>\n<td style=\"padding: 5px; background: none repeat scroll 0% 0% #ffffff;\"><img loading=\"lazy\" decoding=\"async\" src=\"img\/icone_meeting\/meetin6.gif\" alt=\"Meeting\" width=\"41\" height=\"35\" \/><\/td>\n<td style=\"padding: 5px; background: none repeat scroll 0% 0% #bfc4dc;\">Classe<\/td>\n<td style=\"padding: 5px; background: none repeat scroll 0% 0% #e1e4eb;\">25<\/td>\n<\/tr>\n<tr>\n<td style=\"padding: 5px; background: none repeat scroll 0% 0% #ffffff;\"><img loading=\"lazy\" decoding=\"async\" src=\"img\/icone_meeting\/meetin7.gif\" alt=\"Meeting\" width=\"42\" height=\"35\" \/><\/td>\n<td style=\"padding: 5px; background: none repeat scroll 0% 0% #bfc4dc;\">Table rectangolaire<\/td>\n<td style=\"padding: 5px; background: none repeat scroll 0% 0% #e1e4eb;\">20<\/td>\n<\/tr>\n<tr>\n<td style=\"padding: 5px; background: none repeat scroll 0% 0% #ffffff;\"><img loading=\"lazy\" decoding=\"async\" src=\"img\/icone_meeting\/meetin8.gif\" alt=\"Meeting\" width=\"42\" height=\"35\" \/><\/td>\n<td style=\"padding: 5px; background: none repeat scroll 0% 0% #bfc4dc;\">Table ad U<\/td>\n<td style=\"padding: 5px; background: none repeat scroll 0% 0% #e1e4eb;\">25<\/td>\n<\/tr>\n<tr>\n<td style=\"padding: 5px; background: none repeat scroll 0% 0% #ffffff;\"><img loading=\"lazy\" decoding=\"async\" src=\"img\/icone_meeting\/meetin9.gif\" alt=\"Meeting\" width=\"42\" height=\"35\" \/><\/td>\n<td style=\"padding: 5px; background: none repeat scroll 0% 0% #bfc4dc;\">Table ronde<\/td>\n<td style=\"padding: 5px; background: none repeat scroll 0% 0% #e1e4eb;\">30<\/td>\n<\/tr>\n<tr>\n<td style=\"padding: 5px; background: none repeat scroll 0% 0% #ffffff;\"><img loading=\"lazy\" decoding=\"async\" src=\"img\/icone_meeting\/meetin10.gif\" alt=\"Meeting\" width=\"42\" height=\"35\" \/><\/td>\n<td style=\"padding: 5px; background: none repeat scroll 0% 0% #bfc4dc;\">Expo:\u00a0 stand 2,5 x 3<\/td>\n<td style=\"padding: 5px; background: none repeat scroll 0% 0% #e1e4eb;\">&#8212;<\/td>\n<\/tr>\n<tr>\n<td style=\"padding: 5px; background: none repeat scroll 0% 0% #ffffff;\"><img loading=\"lazy\" decoding=\"async\" src=\"img\/icone_meeting\/meetin11.gif\" alt=\"Meeting\" width=\"42\" height=\"35\" \/><\/td>\n<td style=\"padding: 5px; background: none repeat scroll 0% 0% #bfc4dc;\">Banquet<\/td>\n<td style=\"padding: 5px; background: none repeat scroll 0% 0% #e1e4eb;\">&#8212;<\/td>\n<\/tr>\n<tr>\n<td style=\"padding: 5px; background: none repeat scroll 0% 0% #ffffff;\"><img loading=\"lazy\" decoding=\"async\" src=\"img\/icone_meeting\/meetin12.gif\" alt=\"Meeting\" width=\"42\" height=\"35\" \/><\/td>\n<td style=\"padding: 5px; background: none repeat scroll 0% 0% #bfc4dc;\">Riceptions<\/td>\n<td style=\"padding: 5px; background: none repeat scroll 0% 0% #e1e4eb;\">&#8212;<\/td>\n<\/tr>\n<\/tbody>\n<\/table>\n<\/td>\n<td valign=\"top\" width=\"50%\">\n<table border=\"0\" width=\"100%\" cellspacing=\"1\" cellpadding=\"5\">\n<tbody>\n<tr>\n<td style=\"padding: 5px; background: none repeat scroll 0% 0% #cbe3ee;\" colspan=\"2\">\n<div align=\"center\">Services<\/div>\n<\/td>\n<\/tr>\n<tr>\n<td style=\"padding: 5px; background: none repeat scroll 0% 0% #bfc4dc;\">Climatization<\/td>\n<td style=\"padding: 5px; background: none repeat scroll 0% 0% #e1e4eb;\">Oui<\/td>\n<\/tr>\n<tr>\n<td style=\"padding: 5px; background: none repeat scroll 0% 0% #bfc4dc;\">TV + Magn\u00e9toscope<\/td>\n<td style=\"padding: 5px; background: none repeat scroll 0% 0% #e1e4eb;\">Oui<\/td>\n<\/tr>\n<tr>\n<td style=\"padding: 5px; background: none repeat scroll 0% 0% #bfc4dc;\">Projecteur de Diapositive<\/td>\n<td style=\"padding: 5px; background: none repeat scroll 0% 0% #e1e4eb;\">Oui<\/td>\n<\/tr>\n<tr>\n<td style=\"padding: 5px; background: none repeat scroll 0% 0% #bfc4dc;\">Video Proiettore<\/td>\n<td style=\"padding: 5px; background: none repeat scroll 0% 0% #e1e4eb;\">Oui<\/td>\n<\/tr>\n<tr>\n<td style=\"padding: 5px; background: none repeat scroll 0% 0% #bfc4dc;\">Microphones<\/td>\n<td style=\"padding: 5px; background: none repeat scroll 0% 0% #e1e4eb;\">Oui<\/td>\n<\/tr>\n<tr>\n<td style=\"padding: 5px; background: none repeat scroll 0% 0% #bfc4dc;\">ADSL 20Mbit &#8211; 256Kbit<\/td>\n<td style=\"padding: 5px; background: none repeat scroll 0% 0% #e1e4eb;\">Oui<\/td>\n<\/tr>\n<tr>\n<td style=\"padding: 5px; background: none repeat scroll 0% 0% #bfc4dc;\">WI-FI<\/td>\n<td style=\"padding: 5px; background: none repeat scroll 0% 0% #e1e4eb;\">Oui<\/td>\n<\/tr>\n<tr>\n<td style=\"padding: 5px; background: none repeat scroll 0% 0% #cbe3ee;\" colspan=\"2\">\n<div align=\"center\">Business Services<\/div>\n<\/td>\n<\/tr>\n<tr>\n<td style=\"padding: 5px; background: none repeat scroll 0% 0% #bfc4dc;\">Telefax<\/td>\n<td style=\"padding: 5px; background: none repeat scroll 0% 0% #e1e4eb;\" width=\"10%\">Oui<\/td>\n<\/tr>\n<tr>\n<td style=\"padding: 5px; background: none repeat scroll 0% 0% #bfc4dc;\">Fotocopie<\/td>\n<td style=\"padding: 5px; background: none repeat scroll 0% 0% #e1e4eb;\">Oui<\/td>\n<\/tr>\n<tr>\n<td style=\"padding: 5px; background: none repeat scroll 0% 0% #bfc4dc;\">Word Processing<\/td>\n<td style=\"padding: 5px; background: none repeat scroll 0% 0% #e1e4eb;\">Oui<\/td>\n<\/tr>\n<tr>\n<td style=\"padding: 5px; background: none repeat scroll 0% 0% #bfc4dc;\">Services des Secretariat<\/td>\n<td style=\"padding: 5px; background: none repeat scroll 0% 0% #e1e4eb;\">Sur demande<\/td>\n<\/tr>\n<tr>\n<td style=\"padding: 5px; background: none repeat scroll 0% 0% #bfc4dc;\">Traduction Simultan\u00e9e<\/td>\n<td style=\"padding: 5px; background: none repeat scroll 0% 0% #e1e4eb;\">Sur demande<\/td>\n<\/tr>\n<\/tbody>\n<\/table>\n<\/td>\n<\/tr>\n<\/tbody>\n<\/table>\n","protected":false},"excerpt":{"rendered":"<p>Hotel conventions \u00e0 San Remo ? L\u2019h\u00f4tel Nyala Suite vous propose plusieurs salles de r\u00e9union et ses services pour vos convention et rendez-vous \u00e0 San Remo en Ligurie. La salle Zenith est une salle priv\u00e9e de taille modeste. Id\u00e9ale pour vos r\u00e9unions d\u2019affaires, rendez-vous et autres rencontres professionnelles, cette salle peut \u00eatre utilis\u00e9e de diverses [&hellip;]<\/p>\n","protected":false},"author":3,"featured_media":1058,"parent":3465,"menu_order":23,"comment_status":"open","ping_status":"closed","template":"","meta":{"_acf_changed":false,"footnotes":""},"class_list":["post-2062","page","type-page","status-publish","has-post-thumbnail","hentry"],"acf":[],"yoast_head":"<!-- This site is optimized with the Yoast SEO plugin v25.6 - https:\/\/yoast.com\/wordpress\/plugins\/seo\/ -->\n<title>SALLE &#039;ZENITH&#039; - Detail Technique | Nyala Suite Hotel Hotel 4 \u00e9toiles \u00e0 San Remo<\/title>\n<meta name=\"robots\" content=\"noindex, follow, max-snippet:-1, max-image-preview:large, max-video-preview:-1\" \/>\n<meta property=\"og:locale\" content=\"fr_FR\" \/>\n<meta property=\"og:type\" content=\"article\" \/>\n<meta property=\"og:title\" content=\"SALLE &#039;ZENITH&#039; - Detail Technique | Nyala Suite Hotel Hotel 4 \u00e9toiles \u00e0 San Remo\" \/>\n<meta property=\"og:description\" content=\"Hotel conventions \u00e0 San Remo ? L\u2019h\u00f4tel Nyala Suite vous propose plusieurs salles de r\u00e9union et ses services pour vos convention et rendez-vous \u00e0 San Remo en Ligurie. La salle Zenith est une salle priv\u00e9e de taille modeste. Id\u00e9ale pour vos r\u00e9unions d\u2019affaires, rendez-vous et autres rencontres professionnelles, cette salle peut \u00eatre utilis\u00e9e de diverses [&hellip;]\" \/>\n<meta property=\"og:url\" content=\"https:\/\/nyala.info\/fr\/conventions-san-remo\/salles-pour-conventions-et-reunions\/salle-zenith-detail-technique\/\" \/>\n<meta property=\"og:site_name\" content=\"Nyala Suite Hotel\" \/>\n<meta property=\"article:modified_time\" content=\"2017-07-25T10:52:57+00:00\" \/>\n<meta property=\"og:image\" content=\"https:\/\/nyala.info\/wp-content\/uploads\/2015\/04\/conferenze2.jpg\" \/>\n\t<meta property=\"og:image:width\" content=\"1620\" \/>\n\t<meta property=\"og:image:height\" content=\"1080\" \/>\n\t<meta property=\"og:image:type\" content=\"image\/jpeg\" \/>\n<meta name=\"twitter:card\" content=\"summary_large_image\" \/>\n<meta name=\"twitter:label1\" content=\"Est. reading time\" \/>\n\t<meta name=\"twitter:data1\" content=\"1 minute\" \/>\n<script type=\"application\/ld+json\" class=\"yoast-schema-graph\">{\"@context\":\"https:\/\/schema.org\",\"@graph\":[{\"@type\":\"WebPage\",\"@id\":\"https:\/\/nyala.info\/fr\/conventions-san-remo\/salles-pour-conventions-et-reunions\/salle-zenith-detail-technique\/\",\"url\":\"https:\/\/nyala.info\/fr\/conventions-san-remo\/salles-pour-conventions-et-reunions\/salle-zenith-detail-technique\/\",\"name\":\"SALLE 'ZENITH' - Detail Technique | Nyala Suite Hotel Hotel 4 \u00e9toiles \u00e0 San Remo\",\"isPartOf\":{\"@id\":\"https:\/\/nyala.info\/fr\/#website\"},\"primaryImageOfPage\":{\"@id\":\"https:\/\/nyala.info\/fr\/conventions-san-remo\/salles-pour-conventions-et-reunions\/salle-zenith-detail-technique\/#primaryimage\"},\"image\":{\"@id\":\"https:\/\/nyala.info\/fr\/conventions-san-remo\/salles-pour-conventions-et-reunions\/salle-zenith-detail-technique\/#primaryimage\"},\"thumbnailUrl\":\"https:\/\/nyala.info\/wp-content\/uploads\/2015\/04\/conferenze2.jpg\",\"datePublished\":\"2016-10-04T19:27:29+00:00\",\"dateModified\":\"2017-07-25T10:52:57+00:00\",\"breadcrumb\":{\"@id\":\"https:\/\/nyala.info\/fr\/conventions-san-remo\/salles-pour-conventions-et-reunions\/salle-zenith-detail-technique\/#breadcrumb\"},\"inLanguage\":\"fr-FR\",\"potentialAction\":[{\"@type\":\"ReadAction\",\"target\":[\"https:\/\/nyala.info\/fr\/conventions-san-remo\/salles-pour-conventions-et-reunions\/salle-zenith-detail-technique\/\"]}]},{\"@type\":\"ImageObject\",\"inLanguage\":\"fr-FR\",\"@id\":\"https:\/\/nyala.info\/fr\/conventions-san-remo\/salles-pour-conventions-et-reunions\/salle-zenith-detail-technique\/#primaryimage\",\"url\":\"https:\/\/nyala.info\/wp-content\/uploads\/2015\/04\/conferenze2.jpg\",\"contentUrl\":\"https:\/\/nyala.info\/wp-content\/uploads\/2015\/04\/conferenze2.jpg\",\"width\":1620,\"height\":1080,\"caption\":\"hotel congressi\"},{\"@type\":\"BreadcrumbList\",\"@id\":\"https:\/\/nyala.info\/fr\/conventions-san-remo\/salles-pour-conventions-et-reunions\/salle-zenith-detail-technique\/#breadcrumb\",\"itemListElement\":[{\"@type\":\"ListItem\",\"position\":1,\"name\":\"Home\",\"item\":\"https:\/\/nyala.info\/fr\/\"},{\"@type\":\"ListItem\",\"position\":2,\"name\":\"Conventions \u00e0 San Remo\",\"item\":\"https:\/\/nyala.info\/fr\/conventions-san-remo\/\"},{\"@type\":\"ListItem\",\"position\":3,\"name\":\"Salles pour conventions et r\u00e9unions\",\"item\":\"https:\/\/nyala.info\/fr\/conventions-san-remo\/salles-pour-conventions-et-reunions\/\"},{\"@type\":\"ListItem\",\"position\":4,\"name\":\"SALLE &#8216;ZENITH&#8217; &#8211; Detail Technique\"}]},{\"@type\":\"WebSite\",\"@id\":\"https:\/\/nyala.info\/fr\/#website\",\"url\":\"https:\/\/nyala.info\/fr\/\",\"name\":\"Nyala Suite Hotel\",\"description\":\"Hotel 4 \u00e9toiles \u00e0 San Remo\",\"potentialAction\":[{\"@type\":\"SearchAction\",\"target\":{\"@type\":\"EntryPoint\",\"urlTemplate\":\"https:\/\/nyala.info\/fr\/?s={search_term_string}\"},\"query-input\":{\"@type\":\"PropertyValueSpecification\",\"valueRequired\":true,\"valueName\":\"search_term_string\"}}],\"inLanguage\":\"fr-FR\"}]}<\/script>\n<!-- \/ Yoast SEO plugin. -->","yoast_head_json":{"title":"SALLE 'ZENITH' - Detail Technique | Nyala Suite Hotel Hotel 4 \u00e9toiles \u00e0 San Remo","robots":{"index":"noindex","follow":"follow","max-snippet":"max-snippet:-1","max-image-preview":"max-image-preview:large","max-video-preview":"max-video-preview:-1"},"og_locale":"fr_FR","og_type":"article","og_title":"SALLE 'ZENITH' - Detail Technique | Nyala Suite Hotel Hotel 4 \u00e9toiles \u00e0 San Remo","og_description":"Hotel conventions \u00e0 San Remo ? L\u2019h\u00f4tel Nyala Suite vous propose plusieurs salles de r\u00e9union et ses services pour vos convention et rendez-vous \u00e0 San Remo en Ligurie. La salle Zenith est une salle priv\u00e9e de taille modeste. Id\u00e9ale pour vos r\u00e9unions d\u2019affaires, rendez-vous et autres rencontres professionnelles, cette salle peut \u00eatre utilis\u00e9e de diverses [&hellip;]","og_url":"https:\/\/nyala.info\/fr\/conventions-san-remo\/salles-pour-conventions-et-reunions\/salle-zenith-detail-technique\/","og_site_name":"Nyala Suite Hotel","article_modified_time":"2017-07-25T10:52:57+00:00","og_image":[{"width":1620,"height":1080,"url":"https:\/\/nyala.info\/wp-content\/uploads\/2015\/04\/conferenze2.jpg","type":"image\/jpeg"}],"twitter_card":"summary_large_image","twitter_misc":{"Est. reading time":"1 minute"},"schema":{"@context":"https:\/\/schema.org","@graph":[{"@type":"WebPage","@id":"https:\/\/nyala.info\/fr\/conventions-san-remo\/salles-pour-conventions-et-reunions\/salle-zenith-detail-technique\/","url":"https:\/\/nyala.info\/fr\/conventions-san-remo\/salles-pour-conventions-et-reunions\/salle-zenith-detail-technique\/","name":"SALLE 'ZENITH' - Detail Technique | Nyala Suite Hotel Hotel 4 \u00e9toiles \u00e0 San Remo","isPartOf":{"@id":"https:\/\/nyala.info\/fr\/#website"},"primaryImageOfPage":{"@id":"https:\/\/nyala.info\/fr\/conventions-san-remo\/salles-pour-conventions-et-reunions\/salle-zenith-detail-technique\/#primaryimage"},"image":{"@id":"https:\/\/nyala.info\/fr\/conventions-san-remo\/salles-pour-conventions-et-reunions\/salle-zenith-detail-technique\/#primaryimage"},"thumbnailUrl":"https:\/\/nyala.info\/wp-content\/uploads\/2015\/04\/conferenze2.jpg","datePublished":"2016-10-04T19:27:29+00:00","dateModified":"2017-07-25T10:52:57+00:00","breadcrumb":{"@id":"https:\/\/nyala.info\/fr\/conventions-san-remo\/salles-pour-conventions-et-reunions\/salle-zenith-detail-technique\/#breadcrumb"},"inLanguage":"fr-FR","potentialAction":[{"@type":"ReadAction","target":["https:\/\/nyala.info\/fr\/conventions-san-remo\/salles-pour-conventions-et-reunions\/salle-zenith-detail-technique\/"]}]},{"@type":"ImageObject","inLanguage":"fr-FR","@id":"https:\/\/nyala.info\/fr\/conventions-san-remo\/salles-pour-conventions-et-reunions\/salle-zenith-detail-technique\/#primaryimage","url":"https:\/\/nyala.info\/wp-content\/uploads\/2015\/04\/conferenze2.jpg","contentUrl":"https:\/\/nyala.info\/wp-content\/uploads\/2015\/04\/conferenze2.jpg","width":1620,"height":1080,"caption":"hotel congressi"},{"@type":"BreadcrumbList","@id":"https:\/\/nyala.info\/fr\/conventions-san-remo\/salles-pour-conventions-et-reunions\/salle-zenith-detail-technique\/#breadcrumb","itemListElement":[{"@type":"ListItem","position":1,"name":"Home","item":"https:\/\/nyala.info\/fr\/"},{"@type":"ListItem","position":2,"name":"Conventions \u00e0 San Remo","item":"https:\/\/nyala.info\/fr\/conventions-san-remo\/"},{"@type":"ListItem","position":3,"name":"Salles pour conventions et r\u00e9unions","item":"https:\/\/nyala.info\/fr\/conventions-san-remo\/salles-pour-conventions-et-reunions\/"},{"@type":"ListItem","position":4,"name":"SALLE &#8216;ZENITH&#8217; &#8211; Detail Technique"}]},{"@type":"WebSite","@id":"https:\/\/nyala.info\/fr\/#website","url":"https:\/\/nyala.info\/fr\/","name":"Nyala Suite Hotel","description":"Hotel 4 \u00e9toiles \u00e0 San Remo","potentialAction":[{"@type":"SearchAction","target":{"@type":"EntryPoint","urlTemplate":"https:\/\/nyala.info\/fr\/?s={search_term_string}"},"query-input":{"@type":"PropertyValueSpecification","valueRequired":true,"valueName":"search_term_string"}}],"inLanguage":"fr-FR"}]}},"_links":{"self":[{"href":"https:\/\/nyala.info\/fr\/wp-json\/wp\/v2\/pages\/2062"}],"collection":[{"href":"https:\/\/nyala.info\/fr\/wp-json\/wp\/v2\/pages"}],"about":[{"href":"https:\/\/nyala.info\/fr\/wp-json\/wp\/v2\/types\/page"}],"author":[{"embeddable":true,"href":"https:\/\/nyala.info\/fr\/wp-json\/wp\/v2\/users\/3"}],"replies":[{"embeddable":true,"href":"https:\/\/nyala.info\/fr\/wp-json\/wp\/v2\/comments?post=2062"}],"version-history":[{"count":7,"href":"https:\/\/nyala.info\/fr\/wp-json\/wp\/v2\/pages\/2062\/revisions"}],"predecessor-version":[{"id":5726,"href":"https:\/\/nyala.info\/fr\/wp-json\/wp\/v2\/pages\/2062\/revisions\/5726"}],"up":[{"embeddable":true,"href":"https:\/\/nyala.info\/fr\/wp-json\/wp\/v2\/pages\/3465"}],"wp:featuredmedia":[{"embeddable":true,"href":"https:\/\/nyala.info\/fr\/wp-json\/wp\/v2\/media\/1058"}],"wp:attachment":[{"href":"https:\/\/nyala.info\/fr\/wp-json\/wp\/v2\/media?parent=2062"}],"curies":[{"name":"wp","href":"https:\/\/api.w.org\/{rel}","templated":true}]}}