{"id":2056,"date":"2016-10-04T21:18:29","date_gmt":"2016-10-04T19:18:29","guid":{"rendered":"http:\/\/www.nyalahotel.biz\/fr\/?page_id=2056"},"modified":"2017-10-03T18:15:18","modified_gmt":"2017-10-03T16:15:18","slug":"voyage-de-noces-en-ligurie","status":"publish","type":"page","link":"https:\/\/nyala.info\/fr\/offres-speciales-pour-vos-vacances\/vacances-couples\/voyage-de-noces-en-ligurie\/","title":{"rendered":"Voyage de Noces en Ligurie"},"content":{"rendered":"<h2 style=\"text-align: center;\">Voyage de Noces en Ligurie<\/h2>\n<h4><\/h4>\n<p style=\"text-align: center;\">R\u00e9servez votre voyage de noces \u00e0 Sanremo dans notre h\u00f4tel 4 \u00e9toiles et passez une lune de miel entre Ligurie et C\u00f4te d&#8217;Azur<\/p>\n<p style=\"text-align: center;\">Existe-t&#8217;il un choix plus romantique que de passer des moments magiques dans la Riviera, l\u00e0 o\u00f9 les Alpes se jettent dans la M\u00e9diterran\u00e9e?<\/p>\n<p>&nbsp;<\/p>\n<ul class=\"tabs\">\n<li class=\"tab-link current\" data-tab=\"tab-1\">Notre offre<\/li>\n<li class=\"tab-link\" data-tab=\"tab-2\">L&#8217;offre comprend<\/li>\n<li class=\"tab-link\" data-tab=\"tab-3\">Conditions de reservation<\/li>\n<\/ul>\n<p>&nbsp;<\/p>\n<div id=\"tab-1\" class=\"tab-content current\">\n<p style=\"text-align: justify;\">Notre offre sp\u00e9ciale comprend:<\/p>\n<ul>\n<li>Un upgrade gratuite en <strong>suite junior<\/strong> avec une magnifique vue sur la mer et avec jacuzzi.<\/li>\n<li>Un cadeau de bienvenu exclusif: \u00e0 votre arriv\u00e9e une bouteille de <strong>Champagne et un bouquet<\/strong> compos\u00e9 des magnifiques fleurs de Sanremo vous attendront dans votre chambre.<\/li>\n<li>Un <strong>d\u00eener romantique<\/strong> dans un c\u00e9l\u00e8bre restaurant de la ville, selon le menu d\u00e9gustation propos\u00e9 par le chef.<\/li>\n<li>Un <strong>d\u00eener aux chandelles<\/strong> dans notre restaurant l&#8217;Asmara, selon le menu \u00e0 la carte.<\/li>\n<\/ul>\n<p style=\"text-align: center;\"><a class=\"maxbutton-3 maxbutton maxbutton-reserver\" target=\"_blank\" rel=\"noopener\" href=\"http:\/\/www.nyalahotel.com\/fr\/reserver\/\"><span class='mb-text'>Reserver<\/span><\/a><\/p>\n<\/div>\n<div id=\"tab-2\" class=\"tab-content\">\n<p>L&#8217;offre comprend:<\/p>\n<ul>\n<li>le parking priv\u00e9.<\/li>\n<li>le transfert de et en direction la gare, que ce soit \u00e0 l&#8217;arriv\u00e9e comme au d\u00e9part.<\/li>\n<li>un bon \u00e0 transformer en fiches pour tenter votre chance au Casino de Sanremo<\/li>\n<\/ul>\n<\/div>\n<div id=\"tab-3\" class=\"tab-content\">\n<p><strong>CONDITIONS DE RESERVATION.<\/strong><\/p>\n<p>Dur\u00e9e minimale du s\u00e9jour: 3 nuits.<br \/>\nDur\u00e9e maximale du s\u00e9jour: indiff\u00e9rent.<br \/>\nCette offre est disponible pour les r\u00e9servations en ligne uniquement et pour un nombre limit\u00e9 de places.<br \/>\nL&#8217;offre est valable toute l&#8217;ann\u00e9e \u00e0 l&#8217;exception des p\u00e9riodes de grande affluence.<br \/>\nToutes les r\u00e9ductions propos\u00e9es sont calcul\u00e9es automatiquement par notre logiciel de r\u00e9servation.<br \/>\nL&#8217;offre peut subir quelques modifications au cours de l&#8217;ann\u00e9e et ce sans pr\u00e9avis.<br \/>\nEn cas de r\u00e9clamation, les tarifs propos\u00e9s par notre logiciel de r\u00e9servation feront foi.<br \/>\nCaution: 25% (min. 1 nuit).<br \/>\nAnnulation gratuite jusqu&#8217;\u00e0 7 jours avant votre arriv\u00e9e.<br \/>\nP\u00e9nalit\u00e9 en cas d&#8217;annulation tardive, de non-pr\u00e9sentation ou de d\u00e9part anticip\u00e9: 100%.<\/p>\n<\/div>\n<p><!-- container --><br \/>\n<script type=\"text\/javascript\">\n\tjQuery(document).ready(function(){\t\n\tjQuery('ul.tabs li').click(function(){\n\t\tvar tab_id = jQuery(this).attr('data-tab');\n\t\tjQuery('ul.tabs li').removeClass('current');\n\t\tjQuery('.tab-content').removeClass('current');\n\t\tjQuery(this).addClass('current');\n\t\tjQuery(\"#\"+tab_id).addClass('current');\n\t})\n})\n<\/script><\/p>\n","protected":false},"excerpt":{"rendered":"<p>Voyage de Noces en Ligurie R\u00e9servez votre voyage de noces \u00e0 Sanremo dans notre h\u00f4tel 4 \u00e9toiles et passez une lune de miel entre Ligurie et C\u00f4te d&#8217;Azur Existe-t&#8217;il un choix plus romantique que de passer des moments magiques dans la Riviera, l\u00e0 o\u00f9 les Alpes se jettent dans la M\u00e9diterran\u00e9e? &nbsp; Notre offre L&#8217;offre [&hellip;]<\/p>\n","protected":false},"author":3,"featured_media":1167,"parent":4772,"menu_order":23,"comment_status":"open","ping_status":"open","template":"","meta":{"_acf_changed":false,"footnotes":""},"class_list":["post-2056","page","type-page","status-publish","has-post-thumbnail","hentry"],"acf":[],"yoast_head":"<!-- This site is optimized with the Yoast SEO plugin v25.6 - https:\/\/yoast.com\/wordpress\/plugins\/seo\/ -->\n<title>Voyage de Noces en Ligurie | Nyala Suite Hotel Hotel 4 \u00e9toiles \u00e0 San Remo<\/title>\n<meta name=\"robots\" content=\"noindex, follow, max-snippet:-1, max-image-preview:large, max-video-preview:-1\" \/>\n<meta property=\"og:locale\" content=\"fr_FR\" \/>\n<meta property=\"og:type\" content=\"article\" \/>\n<meta property=\"og:title\" content=\"Voyage de Noces en Ligurie | Nyala Suite Hotel Hotel 4 \u00e9toiles \u00e0 San Remo\" \/>\n<meta property=\"og:description\" content=\"Voyage de Noces en Ligurie R\u00e9servez votre voyage de noces \u00e0 Sanremo dans notre h\u00f4tel 4 \u00e9toiles et passez une lune de miel entre Ligurie et C\u00f4te d&#8217;Azur Existe-t&#8217;il un choix plus romantique que de passer des moments magiques dans la Riviera, l\u00e0 o\u00f9 les Alpes se jettent dans la M\u00e9diterran\u00e9e? &nbsp; Notre offre L&#8217;offre [&hellip;]\" \/>\n<meta property=\"og:url\" content=\"https:\/\/nyala.info\/fr\/offres-speciales-pour-vos-vacances\/vacances-couples\/voyage-de-noces-en-ligurie\/\" \/>\n<meta property=\"og:site_name\" content=\"Nyala Suite Hotel\" \/>\n<meta property=\"article:modified_time\" content=\"2017-10-03T16:15:18+00:00\" \/>\n<meta property=\"og:image\" content=\"https:\/\/nyala.info\/wp-content\/uploads\/2015\/04\/honeymoon.jpg\" \/>\n\t<meta property=\"og:image:width\" content=\"1284\" \/>\n\t<meta property=\"og:image:height\" content=\"856\" \/>\n\t<meta property=\"og:image:type\" content=\"image\/jpeg\" \/>\n<meta name=\"twitter:card\" content=\"summary_large_image\" \/>\n<meta name=\"twitter:label1\" content=\"Est. reading time\" \/>\n\t<meta name=\"twitter:data1\" content=\"2 minutes\" \/>\n<script type=\"application\/ld+json\" class=\"yoast-schema-graph\">{\"@context\":\"https:\/\/schema.org\",\"@graph\":[{\"@type\":\"WebPage\",\"@id\":\"https:\/\/nyala.info\/fr\/offres-speciales-pour-vos-vacances\/vacances-couples\/voyage-de-noces-en-ligurie\/\",\"url\":\"https:\/\/nyala.info\/fr\/offres-speciales-pour-vos-vacances\/vacances-couples\/voyage-de-noces-en-ligurie\/\",\"name\":\"Voyage de Noces en Ligurie | Nyala Suite Hotel Hotel 4 \u00e9toiles \u00e0 San Remo\",\"isPartOf\":{\"@id\":\"https:\/\/nyala.info\/fr\/#website\"},\"primaryImageOfPage\":{\"@id\":\"https:\/\/nyala.info\/fr\/offres-speciales-pour-vos-vacances\/vacances-couples\/voyage-de-noces-en-ligurie\/#primaryimage\"},\"image\":{\"@id\":\"https:\/\/nyala.info\/fr\/offres-speciales-pour-vos-vacances\/vacances-couples\/voyage-de-noces-en-ligurie\/#primaryimage\"},\"thumbnailUrl\":\"https:\/\/nyala.info\/wp-content\/uploads\/2015\/04\/honeymoon.jpg\",\"datePublished\":\"2016-10-04T19:18:29+00:00\",\"dateModified\":\"2017-10-03T16:15:18+00:00\",\"breadcrumb\":{\"@id\":\"https:\/\/nyala.info\/fr\/offres-speciales-pour-vos-vacances\/vacances-couples\/voyage-de-noces-en-ligurie\/#breadcrumb\"},\"inLanguage\":\"fr-FR\",\"potentialAction\":[{\"@type\":\"ReadAction\",\"target\":[\"https:\/\/nyala.info\/fr\/offres-speciales-pour-vos-vacances\/vacances-couples\/voyage-de-noces-en-ligurie\/\"]}]},{\"@type\":\"ImageObject\",\"inLanguage\":\"fr-FR\",\"@id\":\"https:\/\/nyala.info\/fr\/offres-speciales-pour-vos-vacances\/vacances-couples\/voyage-de-noces-en-ligurie\/#primaryimage\",\"url\":\"https:\/\/nyala.info\/wp-content\/uploads\/2015\/04\/honeymoon.jpg\",\"contentUrl\":\"https:\/\/nyala.info\/wp-content\/uploads\/2015\/04\/honeymoon.jpg\",\"width\":1284,\"height\":856,\"caption\":\"Luna di miele, voyage de noces, Hochzeitsreise, \u0413\u043e\u0434\u043e\u0432\u0449\u0438\u043d\u0430 \u0441\u0432\u0430\u0434\u044c\u0431\u044b\"},{\"@type\":\"BreadcrumbList\",\"@id\":\"https:\/\/nyala.info\/fr\/offres-speciales-pour-vos-vacances\/vacances-couples\/voyage-de-noces-en-ligurie\/#breadcrumb\",\"itemListElement\":[{\"@type\":\"ListItem\",\"position\":1,\"name\":\"Home\",\"item\":\"https:\/\/nyala.info\/fr\/\"},{\"@type\":\"ListItem\",\"position\":2,\"name\":\"Offres sp\u00e9ciales pour vos vacances\",\"item\":\"https:\/\/nyala.info\/fr\/offres-speciales-pour-vos-vacances\/\"},{\"@type\":\"ListItem\",\"position\":3,\"name\":\"Vacances pour couples\",\"item\":\"https:\/\/nyala.info\/fr\/offres-speciales-pour-vos-vacances\/vacances-couples\/\"},{\"@type\":\"ListItem\",\"position\":4,\"name\":\"Voyage de Noces en Ligurie\"}]},{\"@type\":\"WebSite\",\"@id\":\"https:\/\/nyala.info\/fr\/#website\",\"url\":\"https:\/\/nyala.info\/fr\/\",\"name\":\"Nyala Suite Hotel\",\"description\":\"Hotel 4 \u00e9toiles \u00e0 San Remo\",\"potentialAction\":[{\"@type\":\"SearchAction\",\"target\":{\"@type\":\"EntryPoint\",\"urlTemplate\":\"https:\/\/nyala.info\/fr\/?s={search_term_string}\"},\"query-input\":{\"@type\":\"PropertyValueSpecification\",\"valueRequired\":true,\"valueName\":\"search_term_string\"}}],\"inLanguage\":\"fr-FR\"}]}<\/script>\n<!-- \/ Yoast SEO plugin. -->","yoast_head_json":{"title":"Voyage de Noces en Ligurie | Nyala Suite Hotel Hotel 4 \u00e9toiles \u00e0 San Remo","robots":{"index":"noindex","follow":"follow","max-snippet":"max-snippet:-1","max-image-preview":"max-image-preview:large","max-video-preview":"max-video-preview:-1"},"og_locale":"fr_FR","og_type":"article","og_title":"Voyage de Noces en Ligurie | Nyala Suite Hotel Hotel 4 \u00e9toiles \u00e0 San Remo","og_description":"Voyage de Noces en Ligurie R\u00e9servez votre voyage de noces \u00e0 Sanremo dans notre h\u00f4tel 4 \u00e9toiles et passez une lune de miel entre Ligurie et C\u00f4te d&#8217;Azur Existe-t&#8217;il un choix plus romantique que de passer des moments magiques dans la Riviera, l\u00e0 o\u00f9 les Alpes se jettent dans la M\u00e9diterran\u00e9e? &nbsp; Notre offre L&#8217;offre [&hellip;]","og_url":"https:\/\/nyala.info\/fr\/offres-speciales-pour-vos-vacances\/vacances-couples\/voyage-de-noces-en-ligurie\/","og_site_name":"Nyala Suite Hotel","article_modified_time":"2017-10-03T16:15:18+00:00","og_image":[{"width":1284,"height":856,"url":"https:\/\/nyala.info\/wp-content\/uploads\/2015\/04\/honeymoon.jpg","type":"image\/jpeg"}],"twitter_card":"summary_large_image","twitter_misc":{"Est. reading time":"2 minutes"},"schema":{"@context":"https:\/\/schema.org","@graph":[{"@type":"WebPage","@id":"https:\/\/nyala.info\/fr\/offres-speciales-pour-vos-vacances\/vacances-couples\/voyage-de-noces-en-ligurie\/","url":"https:\/\/nyala.info\/fr\/offres-speciales-pour-vos-vacances\/vacances-couples\/voyage-de-noces-en-ligurie\/","name":"Voyage de Noces en Ligurie | Nyala Suite Hotel Hotel 4 \u00e9toiles \u00e0 San Remo","isPartOf":{"@id":"https:\/\/nyala.info\/fr\/#website"},"primaryImageOfPage":{"@id":"https:\/\/nyala.info\/fr\/offres-speciales-pour-vos-vacances\/vacances-couples\/voyage-de-noces-en-ligurie\/#primaryimage"},"image":{"@id":"https:\/\/nyala.info\/fr\/offres-speciales-pour-vos-vacances\/vacances-couples\/voyage-de-noces-en-ligurie\/#primaryimage"},"thumbnailUrl":"https:\/\/nyala.info\/wp-content\/uploads\/2015\/04\/honeymoon.jpg","datePublished":"2016-10-04T19:18:29+00:00","dateModified":"2017-10-03T16:15:18+00:00","breadcrumb":{"@id":"https:\/\/nyala.info\/fr\/offres-speciales-pour-vos-vacances\/vacances-couples\/voyage-de-noces-en-ligurie\/#breadcrumb"},"inLanguage":"fr-FR","potentialAction":[{"@type":"ReadAction","target":["https:\/\/nyala.info\/fr\/offres-speciales-pour-vos-vacances\/vacances-couples\/voyage-de-noces-en-ligurie\/"]}]},{"@type":"ImageObject","inLanguage":"fr-FR","@id":"https:\/\/nyala.info\/fr\/offres-speciales-pour-vos-vacances\/vacances-couples\/voyage-de-noces-en-ligurie\/#primaryimage","url":"https:\/\/nyala.info\/wp-content\/uploads\/2015\/04\/honeymoon.jpg","contentUrl":"https:\/\/nyala.info\/wp-content\/uploads\/2015\/04\/honeymoon.jpg","width":1284,"height":856,"caption":"Luna di miele, voyage de noces, Hochzeitsreise, \u0413\u043e\u0434\u043e\u0432\u0449\u0438\u043d\u0430 \u0441\u0432\u0430\u0434\u044c\u0431\u044b"},{"@type":"BreadcrumbList","@id":"https:\/\/nyala.info\/fr\/offres-speciales-pour-vos-vacances\/vacances-couples\/voyage-de-noces-en-ligurie\/#breadcrumb","itemListElement":[{"@type":"ListItem","position":1,"name":"Home","item":"https:\/\/nyala.info\/fr\/"},{"@type":"ListItem","position":2,"name":"Offres sp\u00e9ciales pour vos vacances","item":"https:\/\/nyala.info\/fr\/offres-speciales-pour-vos-vacances\/"},{"@type":"ListItem","position":3,"name":"Vacances pour couples","item":"https:\/\/nyala.info\/fr\/offres-speciales-pour-vos-vacances\/vacances-couples\/"},{"@type":"ListItem","position":4,"name":"Voyage de Noces en Ligurie"}]},{"@type":"WebSite","@id":"https:\/\/nyala.info\/fr\/#website","url":"https:\/\/nyala.info\/fr\/","name":"Nyala Suite Hotel","description":"Hotel 4 \u00e9toiles \u00e0 San Remo","potentialAction":[{"@type":"SearchAction","target":{"@type":"EntryPoint","urlTemplate":"https:\/\/nyala.info\/fr\/?s={search_term_string}"},"query-input":{"@type":"PropertyValueSpecification","valueRequired":true,"valueName":"search_term_string"}}],"inLanguage":"fr-FR"}]}},"_links":{"self":[{"href":"https:\/\/nyala.info\/fr\/wp-json\/wp\/v2\/pages\/2056"}],"collection":[{"href":"https:\/\/nyala.info\/fr\/wp-json\/wp\/v2\/pages"}],"about":[{"href":"https:\/\/nyala.info\/fr\/wp-json\/wp\/v2\/types\/page"}],"author":[{"embeddable":true,"href":"https:\/\/nyala.info\/fr\/wp-json\/wp\/v2\/users\/3"}],"replies":[{"embeddable":true,"href":"https:\/\/nyala.info\/fr\/wp-json\/wp\/v2\/comments?post=2056"}],"version-history":[{"count":8,"href":"https:\/\/nyala.info\/fr\/wp-json\/wp\/v2\/pages\/2056\/revisions"}],"predecessor-version":[{"id":6223,"href":"https:\/\/nyala.info\/fr\/wp-json\/wp\/v2\/pages\/2056\/revisions\/6223"}],"up":[{"embeddable":true,"href":"https:\/\/nyala.info\/fr\/wp-json\/wp\/v2\/pages\/4772"}],"wp:featuredmedia":[{"embeddable":true,"href":"https:\/\/nyala.info\/fr\/wp-json\/wp\/v2\/media\/1167"}],"wp:attachment":[{"href":"https:\/\/nyala.info\/fr\/wp-json\/wp\/v2\/media?parent=2056"}],"curies":[{"name":"wp","href":"https:\/\/api.w.org\/{rel}","templated":true}]}}