{"id":2052,"date":"2016-10-04T21:16:55","date_gmt":"2016-10-04T19:16:55","guid":{"rendered":"http:\/\/www.nyalahotel.biz\/fr\/?page_id=2052"},"modified":"2016-10-07T17:09:35","modified_gmt":"2016-10-07T15:09:35","slug":"voile-et-aviron-de-mer","status":"publish","type":"page","link":"https:\/\/nyala.info\/fr\/offres-speciales-pour-vos-vacances\/sport-in-riviera\/voile-et-aviron-de-mer\/","title":{"rendered":"Voile et Aviron de mer"},"content":{"rendered":"<h2>Voile et Aviron de mer<\/h2>\n<h4>Voile et Navigation de plaisance<\/h4>\n<p>&nbsp;<\/p>\n<p><strong>Yacht Club Sanremo e Societ\u00e0 Canottieri Sanremo<\/strong><\/p>\n<p>Ecole de voile et de navigation pour les jeunes et pour les adultes. Il est aussi possible de louer un bateau \u00e0 voile et \u00e0 moteur, et des barques pour la navigation de plaisance.<\/p>\n<p><strong>Distance de l&#8217;h\u00f4tel:<\/strong>\u00a02.5 km<\/p>\n<p><strong>Disponibles sur place:<\/strong>\u00a0Voile, Planche \u00e0 voile, Aviron et Kayak<\/p>\n<h1><\/h1>\n","protected":false},"excerpt":{"rendered":"<p>Voile et Aviron de mer Voile et Navigation de plaisance &nbsp; Yacht Club Sanremo e Societ\u00e0 Canottieri Sanremo Ecole de voile et de navigation pour les jeunes et pour les adultes. Il est aussi possible de louer un bateau \u00e0 voile et \u00e0 moteur, et des barques pour la navigation de plaisance. Distance de l&#8217;h\u00f4tel:\u00a02.5 [&hellip;]<\/p>\n","protected":false},"author":3,"featured_media":1132,"parent":4743,"menu_order":23,"comment_status":"open","ping_status":"closed","template":"","meta":{"_acf_changed":false,"footnotes":""},"class_list":["post-2052","page","type-page","status-publish","has-post-thumbnail","hentry"],"acf":[],"yoast_head":"<!-- This site is optimized with the Yoast SEO plugin v25.6 - https:\/\/yoast.com\/wordpress\/plugins\/seo\/ -->\n<title>Voile et Aviron de mer | Nyala Suite Hotel Hotel 4 \u00e9toiles \u00e0 San Remo<\/title>\n<meta name=\"robots\" content=\"noindex, follow, max-snippet:-1, max-image-preview:large, max-video-preview:-1\" \/>\n<meta property=\"og:locale\" content=\"fr_FR\" \/>\n<meta property=\"og:type\" content=\"article\" \/>\n<meta property=\"og:title\" content=\"Voile et Aviron de mer | Nyala Suite Hotel Hotel 4 \u00e9toiles \u00e0 San Remo\" \/>\n<meta property=\"og:description\" content=\"Voile et Aviron de mer Voile et Navigation de plaisance &nbsp; Yacht Club Sanremo e Societ\u00e0 Canottieri Sanremo Ecole de voile et de navigation pour les jeunes et pour les adultes. Il est aussi possible de louer un bateau \u00e0 voile et \u00e0 moteur, et des barques pour la navigation de plaisance. Distance de l&#8217;h\u00f4tel:\u00a02.5 [&hellip;]\" \/>\n<meta property=\"og:url\" content=\"https:\/\/nyala.info\/fr\/offres-speciales-pour-vos-vacances\/sport-in-riviera\/voile-et-aviron-de-mer\/\" \/>\n<meta property=\"og:site_name\" content=\"Nyala Suite Hotel\" \/>\n<meta property=\"article:modified_time\" content=\"2016-10-07T15:09:35+00:00\" \/>\n<meta property=\"og:image\" content=\"https:\/\/nyala.info\/wp-content\/uploads\/2015\/04\/yachtsanremo.jpg\" \/>\n\t<meta property=\"og:image:width\" content=\"1620\" \/>\n\t<meta property=\"og:image:height\" content=\"1080\" \/>\n\t<meta property=\"og:image:type\" content=\"image\/jpeg\" \/>\n<meta name=\"twitter:card\" content=\"summary_large_image\" \/>\n<script type=\"application\/ld+json\" class=\"yoast-schema-graph\">{\"@context\":\"https:\/\/schema.org\",\"@graph\":[{\"@type\":\"WebPage\",\"@id\":\"https:\/\/nyala.info\/fr\/offres-speciales-pour-vos-vacances\/sport-in-riviera\/voile-et-aviron-de-mer\/\",\"url\":\"https:\/\/nyala.info\/fr\/offres-speciales-pour-vos-vacances\/sport-in-riviera\/voile-et-aviron-de-mer\/\",\"name\":\"Voile et Aviron de mer | Nyala Suite Hotel Hotel 4 \u00e9toiles \u00e0 San Remo\",\"isPartOf\":{\"@id\":\"https:\/\/nyala.info\/fr\/#website\"},\"primaryImageOfPage\":{\"@id\":\"https:\/\/nyala.info\/fr\/offres-speciales-pour-vos-vacances\/sport-in-riviera\/voile-et-aviron-de-mer\/#primaryimage\"},\"image\":{\"@id\":\"https:\/\/nyala.info\/fr\/offres-speciales-pour-vos-vacances\/sport-in-riviera\/voile-et-aviron-de-mer\/#primaryimage\"},\"thumbnailUrl\":\"https:\/\/nyala.info\/wp-content\/uploads\/2015\/04\/yachtsanremo.jpg\",\"datePublished\":\"2016-10-04T19:16:55+00:00\",\"dateModified\":\"2016-10-07T15:09:35+00:00\",\"breadcrumb\":{\"@id\":\"https:\/\/nyala.info\/fr\/offres-speciales-pour-vos-vacances\/sport-in-riviera\/voile-et-aviron-de-mer\/#breadcrumb\"},\"inLanguage\":\"fr-FR\",\"potentialAction\":[{\"@type\":\"ReadAction\",\"target\":[\"https:\/\/nyala.info\/fr\/offres-speciales-pour-vos-vacances\/sport-in-riviera\/voile-et-aviron-de-mer\/\"]}]},{\"@type\":\"ImageObject\",\"inLanguage\":\"fr-FR\",\"@id\":\"https:\/\/nyala.info\/fr\/offres-speciales-pour-vos-vacances\/sport-in-riviera\/voile-et-aviron-de-mer\/#primaryimage\",\"url\":\"https:\/\/nyala.info\/wp-content\/uploads\/2015\/04\/yachtsanremo.jpg\",\"contentUrl\":\"https:\/\/nyala.info\/wp-content\/uploads\/2015\/04\/yachtsanremo.jpg\",\"width\":1620,\"height\":1080,\"caption\":\"yacht club sanremo, segelschule, \u041f\u0430\u0440\u0443\u0441\u043d\u044b\u0439\"},{\"@type\":\"BreadcrumbList\",\"@id\":\"https:\/\/nyala.info\/fr\/offres-speciales-pour-vos-vacances\/sport-in-riviera\/voile-et-aviron-de-mer\/#breadcrumb\",\"itemListElement\":[{\"@type\":\"ListItem\",\"position\":1,\"name\":\"Home\",\"item\":\"https:\/\/nyala.info\/fr\/\"},{\"@type\":\"ListItem\",\"position\":2,\"name\":\"Offres sp\u00e9ciales pour vos vacances\",\"item\":\"https:\/\/nyala.info\/fr\/offres-speciales-pour-vos-vacances\/\"},{\"@type\":\"ListItem\",\"position\":3,\"name\":\"Sport in Riviera\",\"item\":\"https:\/\/nyala.info\/fr\/offres-speciales-pour-vos-vacances\/sport-in-riviera\/\"},{\"@type\":\"ListItem\",\"position\":4,\"name\":\"Voile et Aviron de mer\"}]},{\"@type\":\"WebSite\",\"@id\":\"https:\/\/nyala.info\/fr\/#website\",\"url\":\"https:\/\/nyala.info\/fr\/\",\"name\":\"Nyala Suite Hotel\",\"description\":\"Hotel 4 \u00e9toiles \u00e0 San Remo\",\"potentialAction\":[{\"@type\":\"SearchAction\",\"target\":{\"@type\":\"EntryPoint\",\"urlTemplate\":\"https:\/\/nyala.info\/fr\/?s={search_term_string}\"},\"query-input\":{\"@type\":\"PropertyValueSpecification\",\"valueRequired\":true,\"valueName\":\"search_term_string\"}}],\"inLanguage\":\"fr-FR\"}]}<\/script>\n<!-- \/ Yoast SEO plugin. -->","yoast_head_json":{"title":"Voile et Aviron de mer | Nyala Suite Hotel Hotel 4 \u00e9toiles \u00e0 San Remo","robots":{"index":"noindex","follow":"follow","max-snippet":"max-snippet:-1","max-image-preview":"max-image-preview:large","max-video-preview":"max-video-preview:-1"},"og_locale":"fr_FR","og_type":"article","og_title":"Voile et Aviron de mer | Nyala Suite Hotel Hotel 4 \u00e9toiles \u00e0 San Remo","og_description":"Voile et Aviron de mer Voile et Navigation de plaisance &nbsp; Yacht Club Sanremo e Societ\u00e0 Canottieri Sanremo Ecole de voile et de navigation pour les jeunes et pour les adultes. Il est aussi possible de louer un bateau \u00e0 voile et \u00e0 moteur, et des barques pour la navigation de plaisance. Distance de l&#8217;h\u00f4tel:\u00a02.5 [&hellip;]","og_url":"https:\/\/nyala.info\/fr\/offres-speciales-pour-vos-vacances\/sport-in-riviera\/voile-et-aviron-de-mer\/","og_site_name":"Nyala Suite Hotel","article_modified_time":"2016-10-07T15:09:35+00:00","og_image":[{"width":1620,"height":1080,"url":"https:\/\/nyala.info\/wp-content\/uploads\/2015\/04\/yachtsanremo.jpg","type":"image\/jpeg"}],"twitter_card":"summary_large_image","schema":{"@context":"https:\/\/schema.org","@graph":[{"@type":"WebPage","@id":"https:\/\/nyala.info\/fr\/offres-speciales-pour-vos-vacances\/sport-in-riviera\/voile-et-aviron-de-mer\/","url":"https:\/\/nyala.info\/fr\/offres-speciales-pour-vos-vacances\/sport-in-riviera\/voile-et-aviron-de-mer\/","name":"Voile et Aviron de mer | Nyala Suite Hotel Hotel 4 \u00e9toiles \u00e0 San Remo","isPartOf":{"@id":"https:\/\/nyala.info\/fr\/#website"},"primaryImageOfPage":{"@id":"https:\/\/nyala.info\/fr\/offres-speciales-pour-vos-vacances\/sport-in-riviera\/voile-et-aviron-de-mer\/#primaryimage"},"image":{"@id":"https:\/\/nyala.info\/fr\/offres-speciales-pour-vos-vacances\/sport-in-riviera\/voile-et-aviron-de-mer\/#primaryimage"},"thumbnailUrl":"https:\/\/nyala.info\/wp-content\/uploads\/2015\/04\/yachtsanremo.jpg","datePublished":"2016-10-04T19:16:55+00:00","dateModified":"2016-10-07T15:09:35+00:00","breadcrumb":{"@id":"https:\/\/nyala.info\/fr\/offres-speciales-pour-vos-vacances\/sport-in-riviera\/voile-et-aviron-de-mer\/#breadcrumb"},"inLanguage":"fr-FR","potentialAction":[{"@type":"ReadAction","target":["https:\/\/nyala.info\/fr\/offres-speciales-pour-vos-vacances\/sport-in-riviera\/voile-et-aviron-de-mer\/"]}]},{"@type":"ImageObject","inLanguage":"fr-FR","@id":"https:\/\/nyala.info\/fr\/offres-speciales-pour-vos-vacances\/sport-in-riviera\/voile-et-aviron-de-mer\/#primaryimage","url":"https:\/\/nyala.info\/wp-content\/uploads\/2015\/04\/yachtsanremo.jpg","contentUrl":"https:\/\/nyala.info\/wp-content\/uploads\/2015\/04\/yachtsanremo.jpg","width":1620,"height":1080,"caption":"yacht club sanremo, segelschule, \u041f\u0430\u0440\u0443\u0441\u043d\u044b\u0439"},{"@type":"BreadcrumbList","@id":"https:\/\/nyala.info\/fr\/offres-speciales-pour-vos-vacances\/sport-in-riviera\/voile-et-aviron-de-mer\/#breadcrumb","itemListElement":[{"@type":"ListItem","position":1,"name":"Home","item":"https:\/\/nyala.info\/fr\/"},{"@type":"ListItem","position":2,"name":"Offres sp\u00e9ciales pour vos vacances","item":"https:\/\/nyala.info\/fr\/offres-speciales-pour-vos-vacances\/"},{"@type":"ListItem","position":3,"name":"Sport in Riviera","item":"https:\/\/nyala.info\/fr\/offres-speciales-pour-vos-vacances\/sport-in-riviera\/"},{"@type":"ListItem","position":4,"name":"Voile et Aviron de mer"}]},{"@type":"WebSite","@id":"https:\/\/nyala.info\/fr\/#website","url":"https:\/\/nyala.info\/fr\/","name":"Nyala Suite Hotel","description":"Hotel 4 \u00e9toiles \u00e0 San Remo","potentialAction":[{"@type":"SearchAction","target":{"@type":"EntryPoint","urlTemplate":"https:\/\/nyala.info\/fr\/?s={search_term_string}"},"query-input":{"@type":"PropertyValueSpecification","valueRequired":true,"valueName":"search_term_string"}}],"inLanguage":"fr-FR"}]}},"_links":{"self":[{"href":"https:\/\/nyala.info\/fr\/wp-json\/wp\/v2\/pages\/2052"}],"collection":[{"href":"https:\/\/nyala.info\/fr\/wp-json\/wp\/v2\/pages"}],"about":[{"href":"https:\/\/nyala.info\/fr\/wp-json\/wp\/v2\/types\/page"}],"author":[{"embeddable":true,"href":"https:\/\/nyala.info\/fr\/wp-json\/wp\/v2\/users\/3"}],"replies":[{"embeddable":true,"href":"https:\/\/nyala.info\/fr\/wp-json\/wp\/v2\/comments?post=2052"}],"version-history":[{"count":3,"href":"https:\/\/nyala.info\/fr\/wp-json\/wp\/v2\/pages\/2052\/revisions"}],"predecessor-version":[{"id":2139,"href":"https:\/\/nyala.info\/fr\/wp-json\/wp\/v2\/pages\/2052\/revisions\/2139"}],"up":[{"embeddable":true,"href":"https:\/\/nyala.info\/fr\/wp-json\/wp\/v2\/pages\/4743"}],"wp:featuredmedia":[{"embeddable":true,"href":"https:\/\/nyala.info\/fr\/wp-json\/wp\/v2\/media\/1132"}],"wp:attachment":[{"href":"https:\/\/nyala.info\/fr\/wp-json\/wp\/v2\/media?parent=2052"}],"curies":[{"name":"wp","href":"https:\/\/api.w.org\/{rel}","templated":true}]}}