{"id":2047,"date":"2016-10-04T21:15:09","date_gmt":"2016-10-04T19:15:09","guid":{"rendered":"http:\/\/www.nyalahotel.biz\/fr\/?page_id=2047"},"modified":"2017-10-03T18:42:03","modified_gmt":"2017-10-03T16:42:03","slug":"vacances-parmi-les-fleurs-de-sanremo","status":"publish","type":"page","link":"https:\/\/nyala.info\/fr\/offres-speciales-pour-vos-vacances\/vacances-couples\/vacances-parmi-les-fleurs-de-sanremo\/","title":{"rendered":"Vacances parmi les fleurs de Sanremo"},"content":{"rendered":"<h2 style=\"text-align: center;\"><\/h2>\n<p style=\"text-align: center; font-size: 18px;\">Vacances parmi les fleurs de Sanremo<br \/>\nLe charme de la Riviera des fleurs pour des vacances en couple en toute detente!<br \/>\nQu&#8217;il s&#8217;agisse d&#8217;une petite pause de deux jours seulement ou de v\u00e9ritables vacances, une \u00e9chapp\u00e9e dans la Riviera sera toujours une occasion de venir vous ressourcer, loin de la routine quotidienne.<\/p>\n<p style=\"text-align: center;\"><a class=\"maxbutton-3 maxbutton maxbutton-reserver\" target=\"_blank\" rel=\"noopener\" href=\"http:\/\/www.nyalahotel.com\/fr\/reserver\/\"><span class='mb-text'>Reserver<\/span><\/a><\/p>\n<ul class=\"tabs\">\n<li class=\"tab-link current\" data-tab=\"tab-1\">Notre offre<\/li>\n<li class=\"tab-link\" data-tab=\"tab-2\">L&#8217;offre comprend<\/li>\n<li class=\"tab-link\" data-tab=\"tab-3\">Conditions de reservation<\/li>\n<\/ul>\n<p>&nbsp;<\/p>\n<div id=\"tab-1\" class=\"tab-content current\">\n<p style=\"text-align: justify;\">Notre offre sp\u00e9ciale comprend:<\/p>\n<ul>\n<li><b>une formule 4&#215;3 = s\u00e9journez 4 nuits pour le prix de 3!<\/b><\/li>\n<li>vos animaux de compagnie sont les bienvenus et s\u00e9journeront gratuitement!<\/li>\n<\/ul>\n<ul>\n<li>S\u00e9jour en <b>demi-pension<\/b><\/li>\n<li>un cadeau de <b>bienvenu VIP<\/b>: une bouteille de p\u00e9tillant et un bouquet compos\u00e9 des fleurs particuli\u00e8rement parfum\u00e9es de Sanremo.<\/li>\n<\/ul>\n<p style=\"text-align: center;\"><a class=\"maxbutton-3 maxbutton maxbutton-reserver\" target=\"_blank\" rel=\"noopener\" href=\"http:\/\/www.nyalahotel.com\/fr\/reserver\/\"><span class='mb-text'>Reserver<\/span><\/a><\/p>\n<\/div>\n<div id=\"tab-2\" class=\"tab-content\">\n<p>L&#8217;offre comprend:<\/p>\n<ul>\n<li>le parking priv\u00e9, en fonction des disponibilit\u00e9s.<\/li>\n<li>Un bon \u00e0 transformer en fiches pour tenter votre chance au Casino de Sanremo.<\/li>\n<\/ul>\n<\/div>\n<div id=\"tab-3\" class=\"tab-content\">\n<p><strong>CONDITIONS DE RESERVATION<\/strong><\/p>\n<p>Dur\u00e9e minimale du s\u00e9jour: 2 nuits.<br \/>\nDur\u00e9e maximale du s\u00e9jour: indiff\u00e9rent.<br \/>\nCette offre est uniquement disponible pour les r\u00e9servations en ligne et pour un nombre de places limit\u00e9.<br \/>\nL&#8217;offre est valable toute l&#8217;ann\u00e9e sauf pendant les p\u00e9riodes de grandes affluences.<br \/>\nToutes les r\u00e9ductions propos\u00e9es sont calcul\u00e9es automatiquement par notre logiciel de r\u00e9servation.<br \/>\nL&#8217;offre peut subir quelques variations au cours de l&#8217;ann\u00e9e et ce sans pr\u00e9avis.<br \/>\nEn cas de r\u00e9clamation, les tarifs propos\u00e9s par notre logiciel de r\u00e9servation feront foi.<br \/>\nCaution: 25% (min. 1 nuit).<br \/>\nAnnulation gratuite jusqu&#8217;\u00e0 7 jours avant votre arriv\u00e9e.<br \/>\nP\u00e9nalit\u00e9s en cas d&#8217;annulation tardive, de non-pr\u00e9sentation ou de d\u00e9part anticip\u00e9: 100%.<\/p>\n<\/div>\n<p><!-- container --><br \/>\n<script type=\"text\/javascript\">\n\tjQuery(document).ready(function(){\t\n\tjQuery('ul.tabs li').click(function(){\n\t\tvar tab_id = jQuery(this).attr('data-tab');\n\t\tjQuery('ul.tabs li').removeClass('current');\n\t\tjQuery('.tab-content').removeClass('current');\n\t\tjQuery(this).addClass('current');\n\t\tjQuery(\"#\"+tab_id).addClass('current');\n\t})\n})\n<\/script><\/p>\n","protected":false},"excerpt":{"rendered":"<p>Vacances parmi les fleurs de Sanremo Le charme de la Riviera des fleurs pour des vacances en couple en toute detente! Qu&#8217;il s&#8217;agisse d&#8217;une petite pause de deux jours seulement ou de v\u00e9ritables vacances, une \u00e9chapp\u00e9e dans la Riviera sera toujours une occasion de venir vous ressourcer, loin de la routine quotidienne. Notre offre L&#8217;offre [&hellip;]<\/p>\n","protected":false},"author":3,"featured_media":1168,"parent":4772,"menu_order":23,"comment_status":"open","ping_status":"open","template":"","meta":{"_acf_changed":false,"footnotes":""},"class_list":["post-2047","page","type-page","status-publish","has-post-thumbnail","hentry"],"acf":[],"yoast_head":"<!-- This site is optimized with the Yoast SEO plugin v25.6 - https:\/\/yoast.com\/wordpress\/plugins\/seo\/ -->\n<title>Vacances parmi les fleurs de Sanremo | Nyala Suite Hotel Hotel 4 \u00e9toiles \u00e0 San Remo<\/title>\n<meta name=\"robots\" content=\"noindex, follow, max-snippet:-1, max-image-preview:large, max-video-preview:-1\" \/>\n<meta property=\"og:locale\" content=\"fr_FR\" \/>\n<meta property=\"og:type\" content=\"article\" \/>\n<meta property=\"og:title\" content=\"Vacances parmi les fleurs de Sanremo | Nyala Suite Hotel Hotel 4 \u00e9toiles \u00e0 San Remo\" \/>\n<meta property=\"og:description\" content=\"Vacances parmi les fleurs de Sanremo Le charme de la Riviera des fleurs pour des vacances en couple en toute detente! Qu&#8217;il s&#8217;agisse d&#8217;une petite pause de deux jours seulement ou de v\u00e9ritables vacances, une \u00e9chapp\u00e9e dans la Riviera sera toujours une occasion de venir vous ressourcer, loin de la routine quotidienne. Notre offre L&#8217;offre [&hellip;]\" \/>\n<meta property=\"og:url\" content=\"https:\/\/nyala.info\/fr\/offres-speciales-pour-vos-vacances\/vacances-couples\/vacances-parmi-les-fleurs-de-sanremo\/\" \/>\n<meta property=\"og:site_name\" content=\"Nyala Suite Hotel\" \/>\n<meta property=\"article:modified_time\" content=\"2017-10-03T16:42:03+00:00\" \/>\n<meta property=\"og:image\" content=\"https:\/\/nyala.info\/wp-content\/uploads\/2015\/04\/fiorisanremo.jpg\" \/>\n\t<meta property=\"og:image:width\" content=\"996\" \/>\n\t<meta property=\"og:image:height\" content=\"664\" \/>\n\t<meta property=\"og:image:type\" content=\"image\/jpeg\" \/>\n<meta name=\"twitter:card\" content=\"summary_large_image\" \/>\n<meta name=\"twitter:label1\" content=\"Est. reading time\" \/>\n\t<meta name=\"twitter:data1\" content=\"1 minute\" \/>\n<script type=\"application\/ld+json\" class=\"yoast-schema-graph\">{\"@context\":\"https:\/\/schema.org\",\"@graph\":[{\"@type\":\"WebPage\",\"@id\":\"https:\/\/nyala.info\/fr\/offres-speciales-pour-vos-vacances\/vacances-couples\/vacances-parmi-les-fleurs-de-sanremo\/\",\"url\":\"https:\/\/nyala.info\/fr\/offres-speciales-pour-vos-vacances\/vacances-couples\/vacances-parmi-les-fleurs-de-sanremo\/\",\"name\":\"Vacances parmi les fleurs de Sanremo | Nyala Suite Hotel Hotel 4 \u00e9toiles \u00e0 San Remo\",\"isPartOf\":{\"@id\":\"https:\/\/nyala.info\/fr\/#website\"},\"primaryImageOfPage\":{\"@id\":\"https:\/\/nyala.info\/fr\/offres-speciales-pour-vos-vacances\/vacances-couples\/vacances-parmi-les-fleurs-de-sanremo\/#primaryimage\"},\"image\":{\"@id\":\"https:\/\/nyala.info\/fr\/offres-speciales-pour-vos-vacances\/vacances-couples\/vacances-parmi-les-fleurs-de-sanremo\/#primaryimage\"},\"thumbnailUrl\":\"https:\/\/nyala.info\/wp-content\/uploads\/2015\/04\/fiorisanremo.jpg\",\"datePublished\":\"2016-10-04T19:15:09+00:00\",\"dateModified\":\"2017-10-03T16:42:03+00:00\",\"breadcrumb\":{\"@id\":\"https:\/\/nyala.info\/fr\/offres-speciales-pour-vos-vacances\/vacances-couples\/vacances-parmi-les-fleurs-de-sanremo\/#breadcrumb\"},\"inLanguage\":\"fr-FR\",\"potentialAction\":[{\"@type\":\"ReadAction\",\"target\":[\"https:\/\/nyala.info\/fr\/offres-speciales-pour-vos-vacances\/vacances-couples\/vacances-parmi-les-fleurs-de-sanremo\/\"]}]},{\"@type\":\"ImageObject\",\"inLanguage\":\"fr-FR\",\"@id\":\"https:\/\/nyala.info\/fr\/offres-speciales-pour-vos-vacances\/vacances-couples\/vacances-parmi-les-fleurs-de-sanremo\/#primaryimage\",\"url\":\"https:\/\/nyala.info\/wp-content\/uploads\/2015\/04\/fiorisanremo.jpg\",\"contentUrl\":\"https:\/\/nyala.info\/wp-content\/uploads\/2015\/04\/fiorisanremo.jpg\",\"width\":996,\"height\":664,\"caption\":\"Riviera dei fiori, blumenparade, \u041e\u0442\u043f\u0443\u0441\u043a \u0441\u0440\u0435\u0434\u0438 \u0446\u0432\u0435\u0442\u043e\u0432\"},{\"@type\":\"BreadcrumbList\",\"@id\":\"https:\/\/nyala.info\/fr\/offres-speciales-pour-vos-vacances\/vacances-couples\/vacances-parmi-les-fleurs-de-sanremo\/#breadcrumb\",\"itemListElement\":[{\"@type\":\"ListItem\",\"position\":1,\"name\":\"Home\",\"item\":\"https:\/\/nyala.info\/fr\/\"},{\"@type\":\"ListItem\",\"position\":2,\"name\":\"Offres sp\u00e9ciales pour vos vacances\",\"item\":\"https:\/\/nyala.info\/fr\/offres-speciales-pour-vos-vacances\/\"},{\"@type\":\"ListItem\",\"position\":3,\"name\":\"Vacances pour couples\",\"item\":\"https:\/\/nyala.info\/fr\/offres-speciales-pour-vos-vacances\/vacances-couples\/\"},{\"@type\":\"ListItem\",\"position\":4,\"name\":\"Vacances parmi les fleurs de Sanremo\"}]},{\"@type\":\"WebSite\",\"@id\":\"https:\/\/nyala.info\/fr\/#website\",\"url\":\"https:\/\/nyala.info\/fr\/\",\"name\":\"Nyala Suite Hotel\",\"description\":\"Hotel 4 \u00e9toiles \u00e0 San Remo\",\"potentialAction\":[{\"@type\":\"SearchAction\",\"target\":{\"@type\":\"EntryPoint\",\"urlTemplate\":\"https:\/\/nyala.info\/fr\/?s={search_term_string}\"},\"query-input\":{\"@type\":\"PropertyValueSpecification\",\"valueRequired\":true,\"valueName\":\"search_term_string\"}}],\"inLanguage\":\"fr-FR\"}]}<\/script>\n<!-- \/ Yoast SEO plugin. -->","yoast_head_json":{"title":"Vacances parmi les fleurs de Sanremo | Nyala Suite Hotel Hotel 4 \u00e9toiles \u00e0 San Remo","robots":{"index":"noindex","follow":"follow","max-snippet":"max-snippet:-1","max-image-preview":"max-image-preview:large","max-video-preview":"max-video-preview:-1"},"og_locale":"fr_FR","og_type":"article","og_title":"Vacances parmi les fleurs de Sanremo | Nyala Suite Hotel Hotel 4 \u00e9toiles \u00e0 San Remo","og_description":"Vacances parmi les fleurs de Sanremo Le charme de la Riviera des fleurs pour des vacances en couple en toute detente! Qu&#8217;il s&#8217;agisse d&#8217;une petite pause de deux jours seulement ou de v\u00e9ritables vacances, une \u00e9chapp\u00e9e dans la Riviera sera toujours une occasion de venir vous ressourcer, loin de la routine quotidienne. Notre offre L&#8217;offre [&hellip;]","og_url":"https:\/\/nyala.info\/fr\/offres-speciales-pour-vos-vacances\/vacances-couples\/vacances-parmi-les-fleurs-de-sanremo\/","og_site_name":"Nyala Suite Hotel","article_modified_time":"2017-10-03T16:42:03+00:00","og_image":[{"width":996,"height":664,"url":"https:\/\/nyala.info\/wp-content\/uploads\/2015\/04\/fiorisanremo.jpg","type":"image\/jpeg"}],"twitter_card":"summary_large_image","twitter_misc":{"Est. reading time":"1 minute"},"schema":{"@context":"https:\/\/schema.org","@graph":[{"@type":"WebPage","@id":"https:\/\/nyala.info\/fr\/offres-speciales-pour-vos-vacances\/vacances-couples\/vacances-parmi-les-fleurs-de-sanremo\/","url":"https:\/\/nyala.info\/fr\/offres-speciales-pour-vos-vacances\/vacances-couples\/vacances-parmi-les-fleurs-de-sanremo\/","name":"Vacances parmi les fleurs de Sanremo | Nyala Suite Hotel Hotel 4 \u00e9toiles \u00e0 San Remo","isPartOf":{"@id":"https:\/\/nyala.info\/fr\/#website"},"primaryImageOfPage":{"@id":"https:\/\/nyala.info\/fr\/offres-speciales-pour-vos-vacances\/vacances-couples\/vacances-parmi-les-fleurs-de-sanremo\/#primaryimage"},"image":{"@id":"https:\/\/nyala.info\/fr\/offres-speciales-pour-vos-vacances\/vacances-couples\/vacances-parmi-les-fleurs-de-sanremo\/#primaryimage"},"thumbnailUrl":"https:\/\/nyala.info\/wp-content\/uploads\/2015\/04\/fiorisanremo.jpg","datePublished":"2016-10-04T19:15:09+00:00","dateModified":"2017-10-03T16:42:03+00:00","breadcrumb":{"@id":"https:\/\/nyala.info\/fr\/offres-speciales-pour-vos-vacances\/vacances-couples\/vacances-parmi-les-fleurs-de-sanremo\/#breadcrumb"},"inLanguage":"fr-FR","potentialAction":[{"@type":"ReadAction","target":["https:\/\/nyala.info\/fr\/offres-speciales-pour-vos-vacances\/vacances-couples\/vacances-parmi-les-fleurs-de-sanremo\/"]}]},{"@type":"ImageObject","inLanguage":"fr-FR","@id":"https:\/\/nyala.info\/fr\/offres-speciales-pour-vos-vacances\/vacances-couples\/vacances-parmi-les-fleurs-de-sanremo\/#primaryimage","url":"https:\/\/nyala.info\/wp-content\/uploads\/2015\/04\/fiorisanremo.jpg","contentUrl":"https:\/\/nyala.info\/wp-content\/uploads\/2015\/04\/fiorisanremo.jpg","width":996,"height":664,"caption":"Riviera dei fiori, blumenparade, \u041e\u0442\u043f\u0443\u0441\u043a \u0441\u0440\u0435\u0434\u0438 \u0446\u0432\u0435\u0442\u043e\u0432"},{"@type":"BreadcrumbList","@id":"https:\/\/nyala.info\/fr\/offres-speciales-pour-vos-vacances\/vacances-couples\/vacances-parmi-les-fleurs-de-sanremo\/#breadcrumb","itemListElement":[{"@type":"ListItem","position":1,"name":"Home","item":"https:\/\/nyala.info\/fr\/"},{"@type":"ListItem","position":2,"name":"Offres sp\u00e9ciales pour vos vacances","item":"https:\/\/nyala.info\/fr\/offres-speciales-pour-vos-vacances\/"},{"@type":"ListItem","position":3,"name":"Vacances pour couples","item":"https:\/\/nyala.info\/fr\/offres-speciales-pour-vos-vacances\/vacances-couples\/"},{"@type":"ListItem","position":4,"name":"Vacances parmi les fleurs de Sanremo"}]},{"@type":"WebSite","@id":"https:\/\/nyala.info\/fr\/#website","url":"https:\/\/nyala.info\/fr\/","name":"Nyala Suite Hotel","description":"Hotel 4 \u00e9toiles \u00e0 San Remo","potentialAction":[{"@type":"SearchAction","target":{"@type":"EntryPoint","urlTemplate":"https:\/\/nyala.info\/fr\/?s={search_term_string}"},"query-input":{"@type":"PropertyValueSpecification","valueRequired":true,"valueName":"search_term_string"}}],"inLanguage":"fr-FR"}]}},"_links":{"self":[{"href":"https:\/\/nyala.info\/fr\/wp-json\/wp\/v2\/pages\/2047"}],"collection":[{"href":"https:\/\/nyala.info\/fr\/wp-json\/wp\/v2\/pages"}],"about":[{"href":"https:\/\/nyala.info\/fr\/wp-json\/wp\/v2\/types\/page"}],"author":[{"embeddable":true,"href":"https:\/\/nyala.info\/fr\/wp-json\/wp\/v2\/users\/3"}],"replies":[{"embeddable":true,"href":"https:\/\/nyala.info\/fr\/wp-json\/wp\/v2\/comments?post=2047"}],"version-history":[{"count":7,"href":"https:\/\/nyala.info\/fr\/wp-json\/wp\/v2\/pages\/2047\/revisions"}],"predecessor-version":[{"id":6227,"href":"https:\/\/nyala.info\/fr\/wp-json\/wp\/v2\/pages\/2047\/revisions\/6227"}],"up":[{"embeddable":true,"href":"https:\/\/nyala.info\/fr\/wp-json\/wp\/v2\/pages\/4772"}],"wp:featuredmedia":[{"embeddable":true,"href":"https:\/\/nyala.info\/fr\/wp-json\/wp\/v2\/media\/1168"}],"wp:attachment":[{"href":"https:\/\/nyala.info\/fr\/wp-json\/wp\/v2\/media?parent=2047"}],"curies":[{"name":"wp","href":"https:\/\/api.w.org\/{rel}","templated":true}]}}