{"id":2045,"date":"2016-10-04T18:14:14","date_gmt":"2016-10-04T16:14:14","guid":{"rendered":"http:\/\/www.nyalahotel.biz\/fr\/?page_id=2045"},"modified":"2017-10-05T18:05:43","modified_gmt":"2017-10-05T16:05:43","slug":"une-cote-explorer","status":"publish","type":"page","link":"https:\/\/nyala.info\/fr\/offres-speciales-pour-vos-vacances\/vacances-pour-familles\/une-cote-explorer\/","title":{"rendered":"Une Cote a Explorer"},"content":{"rendered":"<h3 style=\"text-align: center;\">Vacances en famille a Sanremo, entre la Ligurie et la cote d&#8217;Azur<\/h3>\n<p style=\"text-align: center; font-size: 18px;\">La Riviera des Fleurs est une invitation aux familles avec enfants \u00e0 tout moment de l\u2019ann\u00e9e, pour des vacances \u00e0 la d\u00e9couverte des merveilles de la c\u00f4te et de l&#8217;arri\u00e8re-pays.<br \/>\n<strong>Itin\u00e9raires entra\u00eenants, excursions passionnantes dans la nature, attractions folkloriques plaisantes<\/strong>, expositions culturelles int\u00e9ressantes et grands parcs de divertissement vous attendent pour des vacances vraiment tr\u00e9pidantes pour votre famille et vos enfants<\/p>\n<p style=\"text-align: justify;\"><div class=\"col-md-4\"><div class=\"featured\"><h4 class=\"f_title\">Whale Watching<\/h4><img loading=\"lazy\" decoding=\"async\" class=\"aligncenter size-full wp-image-4452\" src=\"http:\/\/www.nyalahotel.com\/wp-content\/uploads\/2015\/04\/liguria-whale-watching-balene.jpg\" alt=\"liguria whale watching balene\" width=\"300\" height=\"200\" srcset=\"https:\/\/nyala.info\/wp-content\/uploads\/2015\/04\/liguria-whale-watching-balene.jpg 300w, https:\/\/nyala.info\/wp-content\/uploads\/2015\/04\/liguria-whale-watching-balene-2x1.jpg 2w\" sizes=\"(max-width: 300px) 100vw, 300px\" \/><div><strong>Observation des baleines au sanctuaire des cetaces<\/strong><br \/>\n<strong>D\u00e9parts quotidien du Vieux Port de Sanremo<\/strong><br \/>\n<strong>P\u00e9riode Juin Octobre<\/strong><\/p>\n<p style=\"text-align: justify;\">Une journ\u00e9e extraordinaire \u00e0 la recherche des grands c\u00e9tac\u00e9s qui peuplent la M\u00e9diterran\u00e9e et, qui en p\u00e9riode estivale, transitent devant notre Riviera d\u00e9j\u00e0 surnomm\u00e9e \u00ab\u00a0C\u00f4te des Baleines\u00a0\u00bb par les Romains.<br \/>\nCe voyage \u00e9mouvant de 6 heures environ \u00e0 la recherche de baleines, de cachalots et de dauphins, a comme destination le \u00ab\u00a0Sanctuaire des C\u00e9tac\u00e9s\u00a0\u00bb\u00a0: celui-ci couvre le banc de mer qui s\u2019\u00e9tend de la Ligurie \u00e0 l\u2019\u00eele d\u2019Elbe et la Corse\u00a0et qui a \u00e9t\u00e9 d\u00e9clar\u00e9, en 1993, lieu de t\u00e9moignage par l\u2019Italie, la France et la Principaut\u00e9 de Monaco afin de prot\u00e9ger les 2000 c\u00e9tac\u00e9s qui appartiennent \u00e0 huit esp\u00e8ces diff\u00e9rentes et qui peuplent la Mer Ligure pendant la saison estivale. Le ph\u00e9nom\u00e8ne a pris une telle ampleur qu\u2019il a d\u00e9sormais une r\u00e9elle port\u00e9e internationale et une mission de pr\u00e9servation.<\/p>\n<p style=\"text-align: justify;\"><\/div><\/div><\/p>\n<p style=\"text-align: justify;\"><\/div>\n<p style=\"text-align: justify;\"><div class=\"col-md-4\"><div class=\"featured\"><h4 class=\"f_title\">Musee Oceanographique de Monte-Carlo<\/h4><img loading=\"lazy\" decoding=\"async\" class=\"size-medium wp-image-1153 aligncenter\" src=\"http:\/\/www.nyalahotel.com\/wp-content\/uploads\/2015\/04\/museo-oceanografico-300x200.jpg\" alt=\"Musee Oceanographique de Monte-Carlo\" width=\"300\" height=\"200\" srcset=\"https:\/\/nyala.info\/wp-content\/uploads\/2015\/04\/museo-oceanografico-300x200.jpg 300w, https:\/\/nyala.info\/wp-content\/uploads\/2015\/04\/museo-oceanografico-768x512.jpg 768w, https:\/\/nyala.info\/wp-content\/uploads\/2015\/04\/museo-oceanografico-600x400.jpg 600w, https:\/\/nyala.info\/wp-content\/uploads\/2015\/04\/museo-oceanografico-2x1.jpg 2w, https:\/\/nyala.info\/wp-content\/uploads\/2015\/04\/museo-oceanografico.jpg 900w\" sizes=\"(max-width: 300px) 100vw, 300px\" \/><div><strong>Lieu : Principaut\u00e9 de Monaco (MC)<br \/>\nDistance depuis Sanremo\u00a0: 41km &#8211; 45 min en voiture<\/strong><br \/>\n<strong>Informations\u00a0:\u00a0<a href=\"http:\/\/www.oceano.mc\" target=\"_blank\">www.oceano.mc<\/a><\/strong><\/p>\n<p style=\"text-align: justify;\">Inaugur\u00e9 en 1910 par son fondateur, le Prince Albert I<sup>er<\/sup>, ce mus\u00e9e exceptionnel, d\u00e9di\u00e9 \u00e0 toutes les sciences de la mer, h\u00e9berge de nombreuses esp\u00e8ces d\u2019animaux marins prot\u00e9g\u00e9s, des mod\u00e8les de bateaux et des \u00e9quipements utilis\u00e9s par les pionniers de l\u2019exploration des oc\u00e9ans.<br \/>\nDans les niveaux inf\u00e9rieurs, l\u2019Aquarium offre au visiteur le spectacle fascinant d\u2019une faune et d\u2019une flore marines diversifi\u00e9es. Les esp\u00e8ces de poissons les plus rares, aux mille couleurs, qui proviennent des mers les plus \u00e9loign\u00e9es, fr\u00e9tillent dans 90 vasques d\u2019eaux marines.<\/p>\n<p style=\"text-align: justify;\"><\/div><\/div><\/div>\n<div class=\"col-md-4\"><div class=\"featured\"><h4 class=\"f_title\">Parc Aquatique &#8220;Le Caravelle&#8221;<\/h4><img loading=\"lazy\" decoding=\"async\" class=\"size-full wp-image-4448 aligncenter\" src=\"http:\/\/www.nyalahotel.com\/wp-content\/uploads\/2015\/04\/vacanze-famiglia-parco-acquatico-le-caravelle.jpeg\" alt=\"Vacances famille parc aquatique le Caravelle\" width=\"300\" height=\"200\" srcset=\"https:\/\/nyala.info\/wp-content\/uploads\/2015\/04\/vacanze-famiglia-parco-acquatico-le-caravelle.jpeg 300w, https:\/\/nyala.info\/wp-content\/uploads\/2015\/04\/vacanze-famiglia-parco-acquatico-le-caravelle-2x1.jpeg 2w\" sizes=\"(max-width: 300px) 100vw, 300px\" \/><div><strong>Lieu : Ceriale<\/strong><br \/>\n<strong>Distance de Sanremo : 71 km &#8211; 52 min. en voiture<\/strong><br \/>\n<strong> Informations: <a href=\"http:\/\/www.lecaravelle.com\" target=\"_blank\">www.lecaravelle.com<\/a><\/strong><\/p>\n<p style=\"text-align: justify;\">Explorez les grands rapides, surfez dans les vagues de la grande piscine, vivez des descentes fantastiques en toboggan, reposez-vous dans la fra\u00eecheur des oasis verts, immergez-vous dans les bulles des jacuzzis, relaxez-vous sur les confortables chaises longues pour un bain de soleil\u00a0!<\/p>\n<p><\/div><\/div><\/div>\n<div class=\"col-md-4\"><div class=\"featured\"><h4 class=\"f_title\">Marineland<\/h4><img loading=\"lazy\" decoding=\"async\" class=\"aligncenter size-full wp-image-4454\" src=\"http:\/\/www.nyalahotel.com\/wp-content\/uploads\/2015\/04\/marineland-delfini-costa-azzurra-sanremo-vacanza-famiglia.jpg\" alt=\"marineland delfini costa azzurra sanremo vacanza famiglia\" width=\"300\" height=\"200\" srcset=\"https:\/\/nyala.info\/wp-content\/uploads\/2015\/04\/marineland-delfini-costa-azzurra-sanremo-vacanza-famiglia.jpg 300w, https:\/\/nyala.info\/wp-content\/uploads\/2015\/04\/marineland-delfini-costa-azzurra-sanremo-vacanza-famiglia-2x1.jpg 2w\" sizes=\"(max-width: 300px) 100vw, 300px\" \/><div><br \/>\n<strong>Lieu : Antibes (F)<\/strong><br \/>\n<strong>Distance de Sanremo: 73 km &#8211; 55 min. en voiture<\/strong><br \/>\n<strong> Informations: <a href=\"http:\/\/www.zoo-frejus.com\" target=\"_blank\">www.zoo-frejus.com<\/a><\/strong><\/p>\n<p style=\"text-align: justify;\">Exceptionnel le jour, magique la nuit&#8230; Marineland vous fait vivre un oc\u00e9an d\u2019Emotions. Merveilleux : les orques, les dauphins, les otaries vous invitent chaque jour pour des spectacles \u00e0 la d\u00e9couverte de leurs incroyables talents, riches en surprises\u00a0! Impressionnant\u00a0: les requins vous accueillent dans le myst\u00e8re qui les entoure. Fascinant\u00a0: les poissons tropicaux se parent de leurs multiples couleurs. Tout pour vivre une aventure unique au c\u0153ur du monde marin\u00a0!<\/div><\/div><\/div>\n<div class=\"col-md-4\"><div class=\"featured\"><h4 class=\"f_title\">Zoo Frejus<\/h4><img loading=\"lazy\" decoding=\"async\" class=\"aligncenter size-full wp-image-4457\" src=\"http:\/\/www.nyalahotel.com\/wp-content\/uploads\/2015\/04\/zoo-frejus-vacanze-bambini-liguria-costa-azzurra.jpg\" alt=\"zoo frejus vacanze bambini liguria costa azzurra\" width=\"300\" height=\"200\" srcset=\"https:\/\/nyala.info\/wp-content\/uploads\/2015\/04\/zoo-frejus-vacanze-bambini-liguria-costa-azzurra.jpg 300w, https:\/\/nyala.info\/wp-content\/uploads\/2015\/04\/zoo-frejus-vacanze-bambini-liguria-costa-azzurra-2x1.jpg 2w\" sizes=\"(max-width: 300px) 100vw, 300px\" \/><div><strong>Lieu: Fr\u00e9jus (F)<\/strong><br \/>\n<strong>Distance depuis Sanremo : 113 km &#8211; 1h15 en voiture<\/strong><br \/>\n<strong> Informations: <a href=\"http:\/\/www.zoo-frejus.com\" target=\"_blank\">www.zoo-frejus.com<\/a><\/strong><\/p>\n<p style=\"text-align: justify;\">Cr\u00e9\u00e9 en 1971 dans un environnement naturellement bois\u00e9 et typiquement m\u00e9diterran\u00e9en, le parc b\u00e9n\u00e9ficie du climat privil\u00e9gi\u00e9 de la Riviera. Durant votre promenade (\u00e0 pieds ou en voiture) dans le parc de 20 hectares, vous d\u00e9couvrirez plus de 130 esp\u00e8ces animales originaires des cinq continents\u00a0: du plus petit, le Tamarin Pinch\u00e8 (Saguinus oedipus) au plus grand, l\u2019El\u00e9phant d\u2019Asie (Elephas maximus).<\/p>\n<p><\/div><\/div><\/div>\n<div class=\"col-md-4\"><div class=\"featured\"><h4 class=\"f_title\">Acquarium de Genes<\/h4><img loading=\"lazy\" decoding=\"async\" class=\"aligncenter size-full wp-image-4459\" src=\"http:\/\/www.nyalahotel.com\/wp-content\/uploads\/2015\/04\/acquario-genova-esperienze-bambini-famiglie.jpg\" alt=\"acquario genova esperienze bambini famiglie\" width=\"300\" height=\"200\" srcset=\"https:\/\/nyala.info\/wp-content\/uploads\/2015\/04\/acquario-genova-esperienze-bambini-famiglie.jpg 300w, https:\/\/nyala.info\/wp-content\/uploads\/2015\/04\/acquario-genova-esperienze-bambini-famiglie-2x1.jpg 2w\" sizes=\"(max-width: 300px) 100vw, 300px\" \/><div><strong>Lieu: G\u00eanes<\/strong><br \/>\n<strong>Distance depuis Sanremo : 148 km &#8211; 1h50 en voiture<\/strong><br \/>\n<strong> Informations: <a href=\"http:\/\/www.acquariodigenova.it\" target=\"_blank\">www.acquariodigenova.it<\/a><\/strong><\/p>\n<p style=\"text-align: justify;\">59 vasques avec 4 millions de litres d\u2019eau qui reproduisent de mani\u00e8re spectaculaire l\u2019habitat de la M\u00e9diterran\u00e9e et des oc\u00e9ans, du p\u00f4le et des tropiques, pour permettre la vie et la reproduction de plus de 500 esp\u00e8ces de poissons, c\u00e9tac\u00e9s et amphibiens.<br \/>\nUne passerelle suspendue au-dessus d\u2019un paysage d\u2019eau vous transportera dans le monde fantastique des phoques\u00a0; puis, dans un autre d\u00e9cor, il sera possible d\u2019approcher et de caresser les \u00e9l\u00e9gantes raies.<\/div><\/div><\/div>\n","protected":false},"excerpt":{"rendered":"<p>Vacances en famille a Sanremo, entre la Ligurie et la cote d&#8217;Azur La Riviera des Fleurs est une invitation aux familles avec enfants \u00e0 tout moment de l\u2019ann\u00e9e, pour des vacances \u00e0 la d\u00e9couverte des merveilles de la c\u00f4te et de l&#8217;arri\u00e8re-pays. Itin\u00e9raires entra\u00eenants, excursions passionnantes dans la nature, attractions folkloriques plaisantes, expositions culturelles int\u00e9ressantes [&hellip;]<\/p>\n","protected":false},"author":3,"featured_media":1152,"parent":4775,"menu_order":23,"comment_status":"open","ping_status":"open","template":"","meta":{"_acf_changed":false,"footnotes":""},"class_list":["post-2045","page","type-page","status-publish","has-post-thumbnail","hentry"],"acf":[],"yoast_head":"<!-- This site is optimized with the Yoast SEO plugin v25.6 - https:\/\/yoast.com\/wordpress\/plugins\/seo\/ -->\n<title>Une Cote a Explorer | Nyala Suite Hotel Hotel 4 \u00e9toiles \u00e0 San Remo<\/title>\n<meta name=\"robots\" content=\"noindex, follow, max-snippet:-1, max-image-preview:large, max-video-preview:-1\" \/>\n<meta property=\"og:locale\" content=\"fr_FR\" \/>\n<meta property=\"og:type\" content=\"article\" \/>\n<meta property=\"og:title\" content=\"Une Cote a Explorer | Nyala Suite Hotel Hotel 4 \u00e9toiles \u00e0 San Remo\" \/>\n<meta property=\"og:description\" content=\"Vacances en famille a Sanremo, entre la Ligurie et la cote d&#8217;Azur La Riviera des Fleurs est une invitation aux familles avec enfants \u00e0 tout moment de l\u2019ann\u00e9e, pour des vacances \u00e0 la d\u00e9couverte des merveilles de la c\u00f4te et de l&#8217;arri\u00e8re-pays. Itin\u00e9raires entra\u00eenants, excursions passionnantes dans la nature, attractions folkloriques plaisantes, expositions culturelles int\u00e9ressantes [&hellip;]\" \/>\n<meta property=\"og:url\" content=\"https:\/\/nyala.info\/fr\/offres-speciales-pour-vos-vacances\/vacances-pour-familles\/une-cote-explorer\/\" \/>\n<meta property=\"og:site_name\" content=\"Nyala Suite Hotel\" \/>\n<meta property=\"article:modified_time\" content=\"2017-10-05T16:05:43+00:00\" \/>\n<meta property=\"og:image\" content=\"https:\/\/nyala.info\/wp-content\/uploads\/2015\/04\/whalewatching.jpg\" \/>\n\t<meta property=\"og:image:width\" content=\"825\" \/>\n\t<meta property=\"og:image:height\" content=\"550\" \/>\n\t<meta property=\"og:image:type\" content=\"image\/jpeg\" \/>\n<meta name=\"twitter:card\" content=\"summary_large_image\" \/>\n<meta name=\"twitter:label1\" content=\"Est. reading time\" \/>\n\t<meta name=\"twitter:data1\" content=\"4 minutes\" \/>\n<script type=\"application\/ld+json\" class=\"yoast-schema-graph\">{\"@context\":\"https:\/\/schema.org\",\"@graph\":[{\"@type\":\"WebPage\",\"@id\":\"https:\/\/nyala.info\/fr\/offres-speciales-pour-vos-vacances\/vacances-pour-familles\/une-cote-explorer\/\",\"url\":\"https:\/\/nyala.info\/fr\/offres-speciales-pour-vos-vacances\/vacances-pour-familles\/une-cote-explorer\/\",\"name\":\"Une Cote a Explorer | Nyala Suite Hotel Hotel 4 \u00e9toiles \u00e0 San Remo\",\"isPartOf\":{\"@id\":\"https:\/\/nyala.info\/fr\/#website\"},\"primaryImageOfPage\":{\"@id\":\"https:\/\/nyala.info\/fr\/offres-speciales-pour-vos-vacances\/vacances-pour-familles\/une-cote-explorer\/#primaryimage\"},\"image\":{\"@id\":\"https:\/\/nyala.info\/fr\/offres-speciales-pour-vos-vacances\/vacances-pour-familles\/une-cote-explorer\/#primaryimage\"},\"thumbnailUrl\":\"https:\/\/nyala.info\/wp-content\/uploads\/2015\/04\/whalewatching.jpg\",\"datePublished\":\"2016-10-04T16:14:14+00:00\",\"dateModified\":\"2017-10-05T16:05:43+00:00\",\"breadcrumb\":{\"@id\":\"https:\/\/nyala.info\/fr\/offres-speciales-pour-vos-vacances\/vacances-pour-familles\/une-cote-explorer\/#breadcrumb\"},\"inLanguage\":\"fr-FR\",\"potentialAction\":[{\"@type\":\"ReadAction\",\"target\":[\"https:\/\/nyala.info\/fr\/offres-speciales-pour-vos-vacances\/vacances-pour-familles\/une-cote-explorer\/\"]}]},{\"@type\":\"ImageObject\",\"inLanguage\":\"fr-FR\",\"@id\":\"https:\/\/nyala.info\/fr\/offres-speciales-pour-vos-vacances\/vacances-pour-familles\/une-cote-explorer\/#primaryimage\",\"url\":\"https:\/\/nyala.info\/wp-content\/uploads\/2015\/04\/whalewatching.jpg\",\"contentUrl\":\"https:\/\/nyala.info\/wp-content\/uploads\/2015\/04\/whalewatching.jpg\",\"width\":825,\"height\":550,\"caption\":\"balene, baleines, cote, riviera, \u0420\u0418\u0412\u042c\u0415\u0420\u0423\"},{\"@type\":\"BreadcrumbList\",\"@id\":\"https:\/\/nyala.info\/fr\/offres-speciales-pour-vos-vacances\/vacances-pour-familles\/une-cote-explorer\/#breadcrumb\",\"itemListElement\":[{\"@type\":\"ListItem\",\"position\":1,\"name\":\"Home\",\"item\":\"https:\/\/nyala.info\/fr\/\"},{\"@type\":\"ListItem\",\"position\":2,\"name\":\"Offres sp\u00e9ciales pour vos vacances\",\"item\":\"https:\/\/nyala.info\/fr\/offres-speciales-pour-vos-vacances\/\"},{\"@type\":\"ListItem\",\"position\":3,\"name\":\"Vacances avec les enfants dans notre Family Hotel\",\"item\":\"https:\/\/nyala.info\/fr\/offres-speciales-pour-vos-vacances\/vacances-pour-familles\/\"},{\"@type\":\"ListItem\",\"position\":4,\"name\":\"Une Cote a Explorer\"}]},{\"@type\":\"WebSite\",\"@id\":\"https:\/\/nyala.info\/fr\/#website\",\"url\":\"https:\/\/nyala.info\/fr\/\",\"name\":\"Nyala Suite Hotel\",\"description\":\"Hotel 4 \u00e9toiles \u00e0 San Remo\",\"potentialAction\":[{\"@type\":\"SearchAction\",\"target\":{\"@type\":\"EntryPoint\",\"urlTemplate\":\"https:\/\/nyala.info\/fr\/?s={search_term_string}\"},\"query-input\":{\"@type\":\"PropertyValueSpecification\",\"valueRequired\":true,\"valueName\":\"search_term_string\"}}],\"inLanguage\":\"fr-FR\"}]}<\/script>\n<!-- \/ Yoast SEO plugin. -->","yoast_head_json":{"title":"Une Cote a Explorer | Nyala Suite Hotel Hotel 4 \u00e9toiles \u00e0 San Remo","robots":{"index":"noindex","follow":"follow","max-snippet":"max-snippet:-1","max-image-preview":"max-image-preview:large","max-video-preview":"max-video-preview:-1"},"og_locale":"fr_FR","og_type":"article","og_title":"Une Cote a Explorer | Nyala Suite Hotel Hotel 4 \u00e9toiles \u00e0 San Remo","og_description":"Vacances en famille a Sanremo, entre la Ligurie et la cote d&#8217;Azur La Riviera des Fleurs est une invitation aux familles avec enfants \u00e0 tout moment de l\u2019ann\u00e9e, pour des vacances \u00e0 la d\u00e9couverte des merveilles de la c\u00f4te et de l&#8217;arri\u00e8re-pays. Itin\u00e9raires entra\u00eenants, excursions passionnantes dans la nature, attractions folkloriques plaisantes, expositions culturelles int\u00e9ressantes [&hellip;]","og_url":"https:\/\/nyala.info\/fr\/offres-speciales-pour-vos-vacances\/vacances-pour-familles\/une-cote-explorer\/","og_site_name":"Nyala Suite Hotel","article_modified_time":"2017-10-05T16:05:43+00:00","og_image":[{"width":825,"height":550,"url":"https:\/\/nyala.info\/wp-content\/uploads\/2015\/04\/whalewatching.jpg","type":"image\/jpeg"}],"twitter_card":"summary_large_image","twitter_misc":{"Est. reading time":"4 minutes"},"schema":{"@context":"https:\/\/schema.org","@graph":[{"@type":"WebPage","@id":"https:\/\/nyala.info\/fr\/offres-speciales-pour-vos-vacances\/vacances-pour-familles\/une-cote-explorer\/","url":"https:\/\/nyala.info\/fr\/offres-speciales-pour-vos-vacances\/vacances-pour-familles\/une-cote-explorer\/","name":"Une Cote a Explorer | Nyala Suite Hotel Hotel 4 \u00e9toiles \u00e0 San Remo","isPartOf":{"@id":"https:\/\/nyala.info\/fr\/#website"},"primaryImageOfPage":{"@id":"https:\/\/nyala.info\/fr\/offres-speciales-pour-vos-vacances\/vacances-pour-familles\/une-cote-explorer\/#primaryimage"},"image":{"@id":"https:\/\/nyala.info\/fr\/offres-speciales-pour-vos-vacances\/vacances-pour-familles\/une-cote-explorer\/#primaryimage"},"thumbnailUrl":"https:\/\/nyala.info\/wp-content\/uploads\/2015\/04\/whalewatching.jpg","datePublished":"2016-10-04T16:14:14+00:00","dateModified":"2017-10-05T16:05:43+00:00","breadcrumb":{"@id":"https:\/\/nyala.info\/fr\/offres-speciales-pour-vos-vacances\/vacances-pour-familles\/une-cote-explorer\/#breadcrumb"},"inLanguage":"fr-FR","potentialAction":[{"@type":"ReadAction","target":["https:\/\/nyala.info\/fr\/offres-speciales-pour-vos-vacances\/vacances-pour-familles\/une-cote-explorer\/"]}]},{"@type":"ImageObject","inLanguage":"fr-FR","@id":"https:\/\/nyala.info\/fr\/offres-speciales-pour-vos-vacances\/vacances-pour-familles\/une-cote-explorer\/#primaryimage","url":"https:\/\/nyala.info\/wp-content\/uploads\/2015\/04\/whalewatching.jpg","contentUrl":"https:\/\/nyala.info\/wp-content\/uploads\/2015\/04\/whalewatching.jpg","width":825,"height":550,"caption":"balene, baleines, cote, riviera, \u0420\u0418\u0412\u042c\u0415\u0420\u0423"},{"@type":"BreadcrumbList","@id":"https:\/\/nyala.info\/fr\/offres-speciales-pour-vos-vacances\/vacances-pour-familles\/une-cote-explorer\/#breadcrumb","itemListElement":[{"@type":"ListItem","position":1,"name":"Home","item":"https:\/\/nyala.info\/fr\/"},{"@type":"ListItem","position":2,"name":"Offres sp\u00e9ciales pour vos vacances","item":"https:\/\/nyala.info\/fr\/offres-speciales-pour-vos-vacances\/"},{"@type":"ListItem","position":3,"name":"Vacances avec les enfants dans notre Family Hotel","item":"https:\/\/nyala.info\/fr\/offres-speciales-pour-vos-vacances\/vacances-pour-familles\/"},{"@type":"ListItem","position":4,"name":"Une Cote a Explorer"}]},{"@type":"WebSite","@id":"https:\/\/nyala.info\/fr\/#website","url":"https:\/\/nyala.info\/fr\/","name":"Nyala Suite Hotel","description":"Hotel 4 \u00e9toiles \u00e0 San Remo","potentialAction":[{"@type":"SearchAction","target":{"@type":"EntryPoint","urlTemplate":"https:\/\/nyala.info\/fr\/?s={search_term_string}"},"query-input":{"@type":"PropertyValueSpecification","valueRequired":true,"valueName":"search_term_string"}}],"inLanguage":"fr-FR"}]}},"_links":{"self":[{"href":"https:\/\/nyala.info\/fr\/wp-json\/wp\/v2\/pages\/2045"}],"collection":[{"href":"https:\/\/nyala.info\/fr\/wp-json\/wp\/v2\/pages"}],"about":[{"href":"https:\/\/nyala.info\/fr\/wp-json\/wp\/v2\/types\/page"}],"author":[{"embeddable":true,"href":"https:\/\/nyala.info\/fr\/wp-json\/wp\/v2\/users\/3"}],"replies":[{"embeddable":true,"href":"https:\/\/nyala.info\/fr\/wp-json\/wp\/v2\/comments?post=2045"}],"version-history":[{"count":10,"href":"https:\/\/nyala.info\/fr\/wp-json\/wp\/v2\/pages\/2045\/revisions"}],"predecessor-version":[{"id":6271,"href":"https:\/\/nyala.info\/fr\/wp-json\/wp\/v2\/pages\/2045\/revisions\/6271"}],"up":[{"embeddable":true,"href":"https:\/\/nyala.info\/fr\/wp-json\/wp\/v2\/pages\/4775"}],"wp:featuredmedia":[{"embeddable":true,"href":"https:\/\/nyala.info\/fr\/wp-json\/wp\/v2\/media\/1152"}],"wp:attachment":[{"href":"https:\/\/nyala.info\/fr\/wp-json\/wp\/v2\/media?parent=2045"}],"curies":[{"name":"wp","href":"https:\/\/api.w.org\/{rel}","templated":true}]}}