{"id":2043,"date":"2016-10-04T21:13:20","date_gmt":"2016-10-04T19:13:20","guid":{"rendered":"http:\/\/www.nyalahotel.biz\/fr\/?page_id=2043"},"modified":"2017-10-05T16:10:04","modified_gmt":"2017-10-05T14:10:04","slug":"un-excellent-choix-pour-les-familles-avec-enfants","status":"publish","type":"page","link":"https:\/\/nyala.info\/fr\/offres-speciales-pour-vos-vacances\/vacances-pour-familles\/un-excellent-choix-pour-les-familles-avec-enfants\/","title":{"rendered":"Un excellent choix pour les familles avec enfants"},"content":{"rendered":"<h2 style=\"text-align: center;\">Un excellent choix pour les familles avec enfants<\/h2>\n<p style=\"font-size: 18px; text-align: center;\">Notre h\u00f4tel est un \u00e9tablissement 4 \u00e9toiles moderne, situ\u00e9 dans une zone panoramique et calme de Sanremo. Il offre tous les services adapt\u00e9s aux familles en vacances, et \u00e0 leurs enfants.<br \/>\nNotre \u00e9quipe, attentive aux exigences des plus petits, est toujours pr\u00eate \u00e0 comprendre vos besoins pour rendre vos vacances en Ligurie les plus plaisantes possible.<\/p>\n<p>&nbsp;<\/p>\n<div class=\"col-md-6\"><div class=\"featured\"><h4 class=\"f_title\">Chambres traditionnelles et suites junior<\/h4><div><strong> Un amenagement confortable pour le familles<\/strong><\/p>\n<p style=\"text-align: justify;\">Que vous choisissiez de s\u00e9journer dans une\u00a0de nos\u00a0chambres traditionnelles ou dans des suites Junior, v\u00e9ritables appartements, vous pourrez profiter d\u2019espaces plus grands que la moyenne dans notre zone et de tous les conforts.<\/p>\n<p>Nos chambres sont particuli\u00e8rement grandes et lumineuses, et peuvent accueillir facilement un berceau et un lit suppl\u00e9mentaire, alors que nos suites Junior, avec vue sur la colline ou sur la mer, permettent d\u2019ajouter deux lits standards ou, alternativement, deux berceaux,\u00a0en plus de\u00a0la commodit\u00e9 de vivre dans deux ambiances s\u00e9par\u00e9es.<br \/>\n<\/div><\/div><\/div>\n<div class=\"col-md-6\"><div class=\"featured\"><h4 class=\"f_title\">Restaurant l&#8217;Asmara et le Jardin d&#8217;hiver<\/h4><div><strong> Restaurant et services adaptes aux besoins des enfants<\/strong><\/p>\n<p style=\"text-align: justify;\">En ce qui concerne le service de restauration,\u00a0un\u00a0\u00ab\u00a0Menu Enfants\u00a0\u00bb est toujours disponible\u00a0: il est servi au d\u00e9jeuner et au d\u00eener, avec une rotation quotidienne des plats propos\u00e9s, pour une di\u00e8te \u00e9quilibr\u00e9e. Si vous le d\u00e9sirez, il sera possible de faire des menus sp\u00e9cifiques selon les besoins de vos enfants et de leur pr\u00e9parer leurs plats pr\u00e9f\u00e9r\u00e9s. Pour les petits les plus exigeants, nous mettons \u00e0 disposition des parents un coin cuisine \u00e9quip\u00e9 pour la pr\u00e9paration de bouillies, pur\u00e9es et\u00a0autres\u00a0aliments comme \u00e0 la maison.<br \/>\nPendant les mois de juillet et ao\u00fbt, pour le d\u00eener, nous proposons la possibilit\u00e9 de choisir le service traditionnel dans la salle Asmara, ou un buffet dans la salle Jardin d\u2019Hiver, sans suppl\u00e9ment.<\/p>\n<p><\/div><\/div><\/div>\n<h4>La grande piscine d&#8217;ete<\/h4>\n<p style=\"text-align: justify;\">Construite aux pieds des palmiers s\u00e9culaires, notre piscine d\u2019eau douce est ouverte d\u2019avril \u00e0 octobre\u00a0; sa superficie est d\u2019environ 250 m\u00e8tres carr\u00e9s, avec un grand solarium. Une zone s\u00fbre et peu profonde (60-70 cm) est d\u00e9di\u00e9e \u00e0 nos jeunes h\u00f4tes.<\/p>\n<h4>Le parc pour enfants<\/h4>\n<p style=\"text-align: justify;\">A l&#8217;ombre des palmiers centenaires de notre jardin subtropical se trouve une zone interdite aux adultes avec toboggan, balan\u00e7oire, cordes pour grimper et jeux \u00e0 ressorts. Tous ces jeux sont conformes au normes fix\u00e9es par l&#8217;Union Europ\u00e9enne et garantissent le divertissement total de vos enfants. Et pour jouer en famille, vous trouverez aussi des tables de ping-pong, un baby-foot, des jeux de dames et d&#8217;\u00e9checs g\u00e9ants.<\/p>\n<h4>La salle de jeux et le miniclub<\/h4>\n<p style=\"text-align: justify;\">\nUne salle de jeux de 15 m\u00b2 est disponible en permanence\u00a0; elle est \u00e9quip\u00e9e de jeux en bois, d\u2019un tableau, de crayons de couleurs, d\u2019une t\u00e9l\u00e9vision avec des dessins anim\u00e9s et d\u2019une petite biblioth\u00e8que.<br \/>\nLe service de mini-club avec animateurs multilingues est disponible tous les jours de 17h \u00e0 21h pendant les p\u00e9riodes de forte fr\u00e9quentation\u00a0: vacances de No\u00ebl et de P\u00e2ques, et pendant les mois de juillet et ao\u00fbt.<\/p>\n<p style=\"text-align: center; font-size: 18px;\">Regardez les autres <a href=\"http:\/\/www.nyalahotel.com\/fr\/offres-speciales-pour-vos-vacances\/vacances-pour-familles\/nos-services-pour-les-familles-avec-bebe\/\" target=\"_blank\">services de notre hotel <\/a>.<\/p>\n","protected":false},"excerpt":{"rendered":"<p>Un excellent choix pour les familles avec enfants Notre h\u00f4tel est un \u00e9tablissement 4 \u00e9toiles moderne, situ\u00e9 dans une zone panoramique et calme de Sanremo. Il offre tous les services adapt\u00e9s aux familles en vacances, et \u00e0 leurs enfants. Notre \u00e9quipe, attentive aux exigences des plus petits, est toujours pr\u00eate \u00e0 comprendre vos besoins pour [&hellip;]<\/p>\n","protected":false},"author":3,"featured_media":1163,"parent":4775,"menu_order":23,"comment_status":"open","ping_status":"open","template":"","meta":{"_acf_changed":false,"footnotes":""},"class_list":["post-2043","page","type-page","status-publish","has-post-thumbnail","hentry"],"acf":[],"yoast_head":"<!-- This site is optimized with the Yoast SEO plugin v25.6 - https:\/\/yoast.com\/wordpress\/plugins\/seo\/ -->\n<title>Un excellent choix pour les familles avec enfants | Nyala Suite Hotel Hotel 4 \u00e9toiles \u00e0 San Remo<\/title>\n<meta name=\"robots\" content=\"noindex, follow, max-snippet:-1, max-image-preview:large, max-video-preview:-1\" \/>\n<meta property=\"og:locale\" content=\"fr_FR\" \/>\n<meta property=\"og:type\" content=\"article\" \/>\n<meta property=\"og:title\" content=\"Un excellent choix pour les familles avec enfants | Nyala Suite Hotel Hotel 4 \u00e9toiles \u00e0 San Remo\" \/>\n<meta property=\"og:description\" content=\"Un excellent choix pour les familles avec enfants Notre h\u00f4tel est un \u00e9tablissement 4 \u00e9toiles moderne, situ\u00e9 dans une zone panoramique et calme de Sanremo. Il offre tous les services adapt\u00e9s aux familles en vacances, et \u00e0 leurs enfants. Notre \u00e9quipe, attentive aux exigences des plus petits, est toujours pr\u00eate \u00e0 comprendre vos besoins pour [&hellip;]\" \/>\n<meta property=\"og:url\" content=\"https:\/\/nyala.info\/fr\/offres-speciales-pour-vos-vacances\/vacances-pour-familles\/un-excellent-choix-pour-les-familles-avec-enfants\/\" \/>\n<meta property=\"og:site_name\" content=\"Nyala Suite Hotel\" \/>\n<meta property=\"article:modified_time\" content=\"2017-10-05T14:10:04+00:00\" \/>\n<meta property=\"og:image\" content=\"https:\/\/nyala.info\/wp-content\/uploads\/2015\/04\/nyala-19.jpg\" \/>\n\t<meta property=\"og:image:width\" content=\"1620\" \/>\n\t<meta property=\"og:image:height\" content=\"1080\" \/>\n\t<meta property=\"og:image:type\" content=\"image\/jpeg\" \/>\n<meta name=\"twitter:card\" content=\"summary_large_image\" \/>\n<meta name=\"twitter:label1\" content=\"Est. reading time\" \/>\n\t<meta name=\"twitter:data1\" content=\"3 minutes\" \/>\n<script type=\"application\/ld+json\" class=\"yoast-schema-graph\">{\"@context\":\"https:\/\/schema.org\",\"@graph\":[{\"@type\":\"WebPage\",\"@id\":\"https:\/\/nyala.info\/fr\/offres-speciales-pour-vos-vacances\/vacances-pour-familles\/un-excellent-choix-pour-les-familles-avec-enfants\/\",\"url\":\"https:\/\/nyala.info\/fr\/offres-speciales-pour-vos-vacances\/vacances-pour-familles\/un-excellent-choix-pour-les-familles-avec-enfants\/\",\"name\":\"Un excellent choix pour les familles avec enfants | Nyala Suite Hotel Hotel 4 \u00e9toiles \u00e0 San Remo\",\"isPartOf\":{\"@id\":\"https:\/\/nyala.info\/fr\/#website\"},\"primaryImageOfPage\":{\"@id\":\"https:\/\/nyala.info\/fr\/offres-speciales-pour-vos-vacances\/vacances-pour-familles\/un-excellent-choix-pour-les-familles-avec-enfants\/#primaryimage\"},\"image\":{\"@id\":\"https:\/\/nyala.info\/fr\/offres-speciales-pour-vos-vacances\/vacances-pour-familles\/un-excellent-choix-pour-les-familles-avec-enfants\/#primaryimage\"},\"thumbnailUrl\":\"https:\/\/nyala.info\/wp-content\/uploads\/2015\/04\/nyala-19.jpg\",\"datePublished\":\"2016-10-04T19:13:20+00:00\",\"dateModified\":\"2017-10-05T14:10:04+00:00\",\"breadcrumb\":{\"@id\":\"https:\/\/nyala.info\/fr\/offres-speciales-pour-vos-vacances\/vacances-pour-familles\/un-excellent-choix-pour-les-familles-avec-enfants\/#breadcrumb\"},\"inLanguage\":\"fr-FR\",\"potentialAction\":[{\"@type\":\"ReadAction\",\"target\":[\"https:\/\/nyala.info\/fr\/offres-speciales-pour-vos-vacances\/vacances-pour-familles\/un-excellent-choix-pour-les-familles-avec-enfants\/\"]}]},{\"@type\":\"ImageObject\",\"inLanguage\":\"fr-FR\",\"@id\":\"https:\/\/nyala.info\/fr\/offres-speciales-pour-vos-vacances\/vacances-pour-familles\/un-excellent-choix-pour-les-familles-avec-enfants\/#primaryimage\",\"url\":\"https:\/\/nyala.info\/wp-content\/uploads\/2015\/04\/nyala-19.jpg\",\"contentUrl\":\"https:\/\/nyala.info\/wp-content\/uploads\/2015\/04\/nyala-19.jpg\",\"width\":1620,\"height\":1080,\"caption\":\"Suite Junior, famiglie, familien\"},{\"@type\":\"BreadcrumbList\",\"@id\":\"https:\/\/nyala.info\/fr\/offres-speciales-pour-vos-vacances\/vacances-pour-familles\/un-excellent-choix-pour-les-familles-avec-enfants\/#breadcrumb\",\"itemListElement\":[{\"@type\":\"ListItem\",\"position\":1,\"name\":\"Home\",\"item\":\"https:\/\/nyala.info\/fr\/\"},{\"@type\":\"ListItem\",\"position\":2,\"name\":\"Offres sp\u00e9ciales pour vos vacances\",\"item\":\"https:\/\/nyala.info\/fr\/offres-speciales-pour-vos-vacances\/\"},{\"@type\":\"ListItem\",\"position\":3,\"name\":\"Vacances avec les enfants dans notre Family Hotel\",\"item\":\"https:\/\/nyala.info\/fr\/offres-speciales-pour-vos-vacances\/vacances-pour-familles\/\"},{\"@type\":\"ListItem\",\"position\":4,\"name\":\"Un excellent choix pour les familles avec enfants\"}]},{\"@type\":\"WebSite\",\"@id\":\"https:\/\/nyala.info\/fr\/#website\",\"url\":\"https:\/\/nyala.info\/fr\/\",\"name\":\"Nyala Suite Hotel\",\"description\":\"Hotel 4 \u00e9toiles \u00e0 San Remo\",\"potentialAction\":[{\"@type\":\"SearchAction\",\"target\":{\"@type\":\"EntryPoint\",\"urlTemplate\":\"https:\/\/nyala.info\/fr\/?s={search_term_string}\"},\"query-input\":{\"@type\":\"PropertyValueSpecification\",\"valueRequired\":true,\"valueName\":\"search_term_string\"}}],\"inLanguage\":\"fr-FR\"}]}<\/script>\n<!-- \/ Yoast SEO plugin. -->","yoast_head_json":{"title":"Un excellent choix pour les familles avec enfants | Nyala Suite Hotel Hotel 4 \u00e9toiles \u00e0 San Remo","robots":{"index":"noindex","follow":"follow","max-snippet":"max-snippet:-1","max-image-preview":"max-image-preview:large","max-video-preview":"max-video-preview:-1"},"og_locale":"fr_FR","og_type":"article","og_title":"Un excellent choix pour les familles avec enfants | Nyala Suite Hotel Hotel 4 \u00e9toiles \u00e0 San Remo","og_description":"Un excellent choix pour les familles avec enfants Notre h\u00f4tel est un \u00e9tablissement 4 \u00e9toiles moderne, situ\u00e9 dans une zone panoramique et calme de Sanremo. Il offre tous les services adapt\u00e9s aux familles en vacances, et \u00e0 leurs enfants. Notre \u00e9quipe, attentive aux exigences des plus petits, est toujours pr\u00eate \u00e0 comprendre vos besoins pour [&hellip;]","og_url":"https:\/\/nyala.info\/fr\/offres-speciales-pour-vos-vacances\/vacances-pour-familles\/un-excellent-choix-pour-les-familles-avec-enfants\/","og_site_name":"Nyala Suite Hotel","article_modified_time":"2017-10-05T14:10:04+00:00","og_image":[{"width":1620,"height":1080,"url":"https:\/\/nyala.info\/wp-content\/uploads\/2015\/04\/nyala-19.jpg","type":"image\/jpeg"}],"twitter_card":"summary_large_image","twitter_misc":{"Est. reading time":"3 minutes"},"schema":{"@context":"https:\/\/schema.org","@graph":[{"@type":"WebPage","@id":"https:\/\/nyala.info\/fr\/offres-speciales-pour-vos-vacances\/vacances-pour-familles\/un-excellent-choix-pour-les-familles-avec-enfants\/","url":"https:\/\/nyala.info\/fr\/offres-speciales-pour-vos-vacances\/vacances-pour-familles\/un-excellent-choix-pour-les-familles-avec-enfants\/","name":"Un excellent choix pour les familles avec enfants | Nyala Suite Hotel Hotel 4 \u00e9toiles \u00e0 San Remo","isPartOf":{"@id":"https:\/\/nyala.info\/fr\/#website"},"primaryImageOfPage":{"@id":"https:\/\/nyala.info\/fr\/offres-speciales-pour-vos-vacances\/vacances-pour-familles\/un-excellent-choix-pour-les-familles-avec-enfants\/#primaryimage"},"image":{"@id":"https:\/\/nyala.info\/fr\/offres-speciales-pour-vos-vacances\/vacances-pour-familles\/un-excellent-choix-pour-les-familles-avec-enfants\/#primaryimage"},"thumbnailUrl":"https:\/\/nyala.info\/wp-content\/uploads\/2015\/04\/nyala-19.jpg","datePublished":"2016-10-04T19:13:20+00:00","dateModified":"2017-10-05T14:10:04+00:00","breadcrumb":{"@id":"https:\/\/nyala.info\/fr\/offres-speciales-pour-vos-vacances\/vacances-pour-familles\/un-excellent-choix-pour-les-familles-avec-enfants\/#breadcrumb"},"inLanguage":"fr-FR","potentialAction":[{"@type":"ReadAction","target":["https:\/\/nyala.info\/fr\/offres-speciales-pour-vos-vacances\/vacances-pour-familles\/un-excellent-choix-pour-les-familles-avec-enfants\/"]}]},{"@type":"ImageObject","inLanguage":"fr-FR","@id":"https:\/\/nyala.info\/fr\/offres-speciales-pour-vos-vacances\/vacances-pour-familles\/un-excellent-choix-pour-les-familles-avec-enfants\/#primaryimage","url":"https:\/\/nyala.info\/wp-content\/uploads\/2015\/04\/nyala-19.jpg","contentUrl":"https:\/\/nyala.info\/wp-content\/uploads\/2015\/04\/nyala-19.jpg","width":1620,"height":1080,"caption":"Suite Junior, famiglie, familien"},{"@type":"BreadcrumbList","@id":"https:\/\/nyala.info\/fr\/offres-speciales-pour-vos-vacances\/vacances-pour-familles\/un-excellent-choix-pour-les-familles-avec-enfants\/#breadcrumb","itemListElement":[{"@type":"ListItem","position":1,"name":"Home","item":"https:\/\/nyala.info\/fr\/"},{"@type":"ListItem","position":2,"name":"Offres sp\u00e9ciales pour vos vacances","item":"https:\/\/nyala.info\/fr\/offres-speciales-pour-vos-vacances\/"},{"@type":"ListItem","position":3,"name":"Vacances avec les enfants dans notre Family Hotel","item":"https:\/\/nyala.info\/fr\/offres-speciales-pour-vos-vacances\/vacances-pour-familles\/"},{"@type":"ListItem","position":4,"name":"Un excellent choix pour les familles avec enfants"}]},{"@type":"WebSite","@id":"https:\/\/nyala.info\/fr\/#website","url":"https:\/\/nyala.info\/fr\/","name":"Nyala Suite Hotel","description":"Hotel 4 \u00e9toiles \u00e0 San Remo","potentialAction":[{"@type":"SearchAction","target":{"@type":"EntryPoint","urlTemplate":"https:\/\/nyala.info\/fr\/?s={search_term_string}"},"query-input":{"@type":"PropertyValueSpecification","valueRequired":true,"valueName":"search_term_string"}}],"inLanguage":"fr-FR"}]}},"_links":{"self":[{"href":"https:\/\/nyala.info\/fr\/wp-json\/wp\/v2\/pages\/2043"}],"collection":[{"href":"https:\/\/nyala.info\/fr\/wp-json\/wp\/v2\/pages"}],"about":[{"href":"https:\/\/nyala.info\/fr\/wp-json\/wp\/v2\/types\/page"}],"author":[{"embeddable":true,"href":"https:\/\/nyala.info\/fr\/wp-json\/wp\/v2\/users\/3"}],"replies":[{"embeddable":true,"href":"https:\/\/nyala.info\/fr\/wp-json\/wp\/v2\/comments?post=2043"}],"version-history":[{"count":6,"href":"https:\/\/nyala.info\/fr\/wp-json\/wp\/v2\/pages\/2043\/revisions"}],"predecessor-version":[{"id":6261,"href":"https:\/\/nyala.info\/fr\/wp-json\/wp\/v2\/pages\/2043\/revisions\/6261"}],"up":[{"embeddable":true,"href":"https:\/\/nyala.info\/fr\/wp-json\/wp\/v2\/pages\/4775"}],"wp:featuredmedia":[{"embeddable":true,"href":"https:\/\/nyala.info\/fr\/wp-json\/wp\/v2\/media\/1163"}],"wp:attachment":[{"href":"https:\/\/nyala.info\/fr\/wp-json\/wp\/v2\/media?parent=2043"}],"curies":[{"name":"wp","href":"https:\/\/api.w.org\/{rel}","templated":true}]}}