{"id":2041,"date":"2016-10-04T21:11:39","date_gmt":"2016-10-04T19:11:39","guid":{"rendered":"http:\/\/www.nyalahotel.biz\/fr\/?page_id=2041"},"modified":"2016-10-10T13:10:39","modified_gmt":"2016-10-10T11:10:39","slug":"tennis-a-sanremo","status":"publish","type":"page","link":"https:\/\/nyala.info\/fr\/offres-speciales-pour-vos-vacances\/sport-in-riviera\/tennis-a-sanremo\/","title":{"rendered":"Tennis \u00e0 Sanremo"},"content":{"rendered":"<h2>Tennis<\/h2>\n<p>&nbsp;<\/p>\n<h4>Des vacances sous le signe du tennis \u00e0 Sanremo en jouant dans les clubs et les structures de Sanremo: Tennis Club Solaro et Circolo Tennis Sanremo<\/h4>\n<h2>Sporting Club Solaro<\/h2>\n<p>Une superbe installation dans un style m\u00e9diterran\u00e9en, r\u00e9alis\u00e9 dans les ann\u00e9es 70, qui a accueilli l&#8217;\u00e9quipe d&#8217;Italie dans un match \u00e0 domicile de la Coupe Davis, les champions europ\u00e9ens de moins de 14 ans et l&#8217;\u00e9quipe australienne de Coupe Davis en 1999 qui s&#8217;y entra\u00een\u00e2t, avant de gagner la finale contre la France, \u00e0 Nice.<\/p>\n<p><strong>Equipements\u00a0:<\/strong>\u00a012 terrains de tennis (6 en terre &#8211; 6 en ciment), 3 terrains de football \u00e0 5, sauna, salle de sport avec machines pour le body-building, l&#8217;a\u00e9robic et la gymnastique cardio-vasculaire.<\/p>\n<p><strong>Distance depuis l&#8217;h\u00f4tel\u00a0:<\/strong>\u00a0400 m<\/p>\n","protected":false},"excerpt":{"rendered":"<p>Tennis &nbsp; Des vacances sous le signe du tennis \u00e0 Sanremo en jouant dans les clubs et les structures de Sanremo: Tennis Club Solaro et Circolo Tennis Sanremo Sporting Club Solaro Une superbe installation dans un style m\u00e9diterran\u00e9en, r\u00e9alis\u00e9 dans les ann\u00e9es 70, qui a accueilli l&#8217;\u00e9quipe d&#8217;Italie dans un match \u00e0 domicile de la [&hellip;]<\/p>\n","protected":false},"author":3,"featured_media":1134,"parent":4743,"menu_order":23,"comment_status":"open","ping_status":"closed","template":"","meta":{"_acf_changed":false,"footnotes":""},"class_list":["post-2041","page","type-page","status-publish","has-post-thumbnail","hentry"],"acf":[],"yoast_head":"<!-- This site is optimized with the Yoast SEO plugin v25.6 - https:\/\/yoast.com\/wordpress\/plugins\/seo\/ -->\n<title>Tennis \u00e0 Sanremo | Nyala Suite Hotel Hotel 4 \u00e9toiles \u00e0 San Remo<\/title>\n<meta name=\"description\" content=\"Des vacances sous le signe du tennis \u00e0 Sanremo en jouant dans les clubs et les structures de Sanremo: Tennis Club Solaro et Circolo Tennis Sanremo\" \/>\n<meta name=\"robots\" content=\"noindex, follow, max-snippet:-1, max-image-preview:large, max-video-preview:-1\" \/>\n<meta property=\"og:locale\" content=\"fr_FR\" \/>\n<meta property=\"og:type\" content=\"article\" \/>\n<meta property=\"og:title\" content=\"Tennis \u00e0 Sanremo | Nyala Suite Hotel Hotel 4 \u00e9toiles \u00e0 San Remo\" \/>\n<meta property=\"og:description\" content=\"Des vacances sous le signe du tennis \u00e0 Sanremo en jouant dans les clubs et les structures de Sanremo: Tennis Club Solaro et Circolo Tennis Sanremo\" \/>\n<meta property=\"og:url\" content=\"https:\/\/nyala.info\/fr\/offres-speciales-pour-vos-vacances\/sport-in-riviera\/tennis-a-sanremo\/\" \/>\n<meta property=\"og:site_name\" content=\"Nyala Suite Hotel\" \/>\n<meta property=\"article:modified_time\" content=\"2016-10-10T11:10:39+00:00\" \/>\n<meta property=\"og:image\" content=\"https:\/\/nyala.info\/wp-content\/uploads\/2015\/04\/tennissanremo.jpg\" \/>\n\t<meta property=\"og:image:width\" content=\"1620\" \/>\n\t<meta property=\"og:image:height\" content=\"1080\" \/>\n\t<meta property=\"og:image:type\" content=\"image\/jpeg\" \/>\n<meta name=\"twitter:card\" content=\"summary_large_image\" \/>\n<meta name=\"twitter:label1\" content=\"Est. reading time\" \/>\n\t<meta name=\"twitter:data1\" content=\"1 minute\" \/>\n<script type=\"application\/ld+json\" class=\"yoast-schema-graph\">{\"@context\":\"https:\/\/schema.org\",\"@graph\":[{\"@type\":\"WebPage\",\"@id\":\"https:\/\/nyala.info\/fr\/offres-speciales-pour-vos-vacances\/sport-in-riviera\/tennis-a-sanremo\/\",\"url\":\"https:\/\/nyala.info\/fr\/offres-speciales-pour-vos-vacances\/sport-in-riviera\/tennis-a-sanremo\/\",\"name\":\"Tennis \u00e0 Sanremo | Nyala Suite Hotel Hotel 4 \u00e9toiles \u00e0 San Remo\",\"isPartOf\":{\"@id\":\"https:\/\/nyala.info\/fr\/#website\"},\"primaryImageOfPage\":{\"@id\":\"https:\/\/nyala.info\/fr\/offres-speciales-pour-vos-vacances\/sport-in-riviera\/tennis-a-sanremo\/#primaryimage\"},\"image\":{\"@id\":\"https:\/\/nyala.info\/fr\/offres-speciales-pour-vos-vacances\/sport-in-riviera\/tennis-a-sanremo\/#primaryimage\"},\"thumbnailUrl\":\"https:\/\/nyala.info\/wp-content\/uploads\/2015\/04\/tennissanremo.jpg\",\"datePublished\":\"2016-10-04T19:11:39+00:00\",\"dateModified\":\"2016-10-10T11:10:39+00:00\",\"description\":\"Des vacances sous le signe du tennis \u00e0 Sanremo en jouant dans les clubs et les structures de Sanremo: Tennis Club Solaro et Circolo Tennis Sanremo\",\"breadcrumb\":{\"@id\":\"https:\/\/nyala.info\/fr\/offres-speciales-pour-vos-vacances\/sport-in-riviera\/tennis-a-sanremo\/#breadcrumb\"},\"inLanguage\":\"fr-FR\",\"potentialAction\":[{\"@type\":\"ReadAction\",\"target\":[\"https:\/\/nyala.info\/fr\/offres-speciales-pour-vos-vacances\/sport-in-riviera\/tennis-a-sanremo\/\"]}]},{\"@type\":\"ImageObject\",\"inLanguage\":\"fr-FR\",\"@id\":\"https:\/\/nyala.info\/fr\/offres-speciales-pour-vos-vacances\/sport-in-riviera\/tennis-a-sanremo\/#primaryimage\",\"url\":\"https:\/\/nyala.info\/wp-content\/uploads\/2015\/04\/tennissanremo.jpg\",\"contentUrl\":\"https:\/\/nyala.info\/wp-content\/uploads\/2015\/04\/tennissanremo.jpg\",\"width\":1620,\"height\":1080,\"caption\":\"Tennis a Sanremo, T\u0435\u043d\u043d\u0438\u0441\"},{\"@type\":\"BreadcrumbList\",\"@id\":\"https:\/\/nyala.info\/fr\/offres-speciales-pour-vos-vacances\/sport-in-riviera\/tennis-a-sanremo\/#breadcrumb\",\"itemListElement\":[{\"@type\":\"ListItem\",\"position\":1,\"name\":\"Home\",\"item\":\"https:\/\/nyala.info\/fr\/\"},{\"@type\":\"ListItem\",\"position\":2,\"name\":\"Offres sp\u00e9ciales pour vos vacances\",\"item\":\"https:\/\/nyala.info\/fr\/offres-speciales-pour-vos-vacances\/\"},{\"@type\":\"ListItem\",\"position\":3,\"name\":\"Sport in Riviera\",\"item\":\"https:\/\/nyala.info\/fr\/offres-speciales-pour-vos-vacances\/sport-in-riviera\/\"},{\"@type\":\"ListItem\",\"position\":4,\"name\":\"Tennis \u00e0 Sanremo\"}]},{\"@type\":\"WebSite\",\"@id\":\"https:\/\/nyala.info\/fr\/#website\",\"url\":\"https:\/\/nyala.info\/fr\/\",\"name\":\"Nyala Suite Hotel\",\"description\":\"Hotel 4 \u00e9toiles \u00e0 San Remo\",\"potentialAction\":[{\"@type\":\"SearchAction\",\"target\":{\"@type\":\"EntryPoint\",\"urlTemplate\":\"https:\/\/nyala.info\/fr\/?s={search_term_string}\"},\"query-input\":{\"@type\":\"PropertyValueSpecification\",\"valueRequired\":true,\"valueName\":\"search_term_string\"}}],\"inLanguage\":\"fr-FR\"}]}<\/script>\n<!-- \/ Yoast SEO plugin. -->","yoast_head_json":{"title":"Tennis \u00e0 Sanremo | Nyala Suite Hotel Hotel 4 \u00e9toiles \u00e0 San Remo","description":"Des vacances sous le signe du tennis \u00e0 Sanremo en jouant dans les clubs et les structures de Sanremo: Tennis Club Solaro et Circolo Tennis Sanremo","robots":{"index":"noindex","follow":"follow","max-snippet":"max-snippet:-1","max-image-preview":"max-image-preview:large","max-video-preview":"max-video-preview:-1"},"og_locale":"fr_FR","og_type":"article","og_title":"Tennis \u00e0 Sanremo | Nyala Suite Hotel Hotel 4 \u00e9toiles \u00e0 San Remo","og_description":"Des vacances sous le signe du tennis \u00e0 Sanremo en jouant dans les clubs et les structures de Sanremo: Tennis Club Solaro et Circolo Tennis Sanremo","og_url":"https:\/\/nyala.info\/fr\/offres-speciales-pour-vos-vacances\/sport-in-riviera\/tennis-a-sanremo\/","og_site_name":"Nyala Suite Hotel","article_modified_time":"2016-10-10T11:10:39+00:00","og_image":[{"width":1620,"height":1080,"url":"https:\/\/nyala.info\/wp-content\/uploads\/2015\/04\/tennissanremo.jpg","type":"image\/jpeg"}],"twitter_card":"summary_large_image","twitter_misc":{"Est. reading time":"1 minute"},"schema":{"@context":"https:\/\/schema.org","@graph":[{"@type":"WebPage","@id":"https:\/\/nyala.info\/fr\/offres-speciales-pour-vos-vacances\/sport-in-riviera\/tennis-a-sanremo\/","url":"https:\/\/nyala.info\/fr\/offres-speciales-pour-vos-vacances\/sport-in-riviera\/tennis-a-sanremo\/","name":"Tennis \u00e0 Sanremo | Nyala Suite Hotel Hotel 4 \u00e9toiles \u00e0 San Remo","isPartOf":{"@id":"https:\/\/nyala.info\/fr\/#website"},"primaryImageOfPage":{"@id":"https:\/\/nyala.info\/fr\/offres-speciales-pour-vos-vacances\/sport-in-riviera\/tennis-a-sanremo\/#primaryimage"},"image":{"@id":"https:\/\/nyala.info\/fr\/offres-speciales-pour-vos-vacances\/sport-in-riviera\/tennis-a-sanremo\/#primaryimage"},"thumbnailUrl":"https:\/\/nyala.info\/wp-content\/uploads\/2015\/04\/tennissanremo.jpg","datePublished":"2016-10-04T19:11:39+00:00","dateModified":"2016-10-10T11:10:39+00:00","description":"Des vacances sous le signe du tennis \u00e0 Sanremo en jouant dans les clubs et les structures de Sanremo: Tennis Club Solaro et Circolo Tennis Sanremo","breadcrumb":{"@id":"https:\/\/nyala.info\/fr\/offres-speciales-pour-vos-vacances\/sport-in-riviera\/tennis-a-sanremo\/#breadcrumb"},"inLanguage":"fr-FR","potentialAction":[{"@type":"ReadAction","target":["https:\/\/nyala.info\/fr\/offres-speciales-pour-vos-vacances\/sport-in-riviera\/tennis-a-sanremo\/"]}]},{"@type":"ImageObject","inLanguage":"fr-FR","@id":"https:\/\/nyala.info\/fr\/offres-speciales-pour-vos-vacances\/sport-in-riviera\/tennis-a-sanremo\/#primaryimage","url":"https:\/\/nyala.info\/wp-content\/uploads\/2015\/04\/tennissanremo.jpg","contentUrl":"https:\/\/nyala.info\/wp-content\/uploads\/2015\/04\/tennissanremo.jpg","width":1620,"height":1080,"caption":"Tennis a Sanremo, T\u0435\u043d\u043d\u0438\u0441"},{"@type":"BreadcrumbList","@id":"https:\/\/nyala.info\/fr\/offres-speciales-pour-vos-vacances\/sport-in-riviera\/tennis-a-sanremo\/#breadcrumb","itemListElement":[{"@type":"ListItem","position":1,"name":"Home","item":"https:\/\/nyala.info\/fr\/"},{"@type":"ListItem","position":2,"name":"Offres sp\u00e9ciales pour vos vacances","item":"https:\/\/nyala.info\/fr\/offres-speciales-pour-vos-vacances\/"},{"@type":"ListItem","position":3,"name":"Sport in Riviera","item":"https:\/\/nyala.info\/fr\/offres-speciales-pour-vos-vacances\/sport-in-riviera\/"},{"@type":"ListItem","position":4,"name":"Tennis \u00e0 Sanremo"}]},{"@type":"WebSite","@id":"https:\/\/nyala.info\/fr\/#website","url":"https:\/\/nyala.info\/fr\/","name":"Nyala Suite Hotel","description":"Hotel 4 \u00e9toiles \u00e0 San Remo","potentialAction":[{"@type":"SearchAction","target":{"@type":"EntryPoint","urlTemplate":"https:\/\/nyala.info\/fr\/?s={search_term_string}"},"query-input":{"@type":"PropertyValueSpecification","valueRequired":true,"valueName":"search_term_string"}}],"inLanguage":"fr-FR"}]}},"_links":{"self":[{"href":"https:\/\/nyala.info\/fr\/wp-json\/wp\/v2\/pages\/2041"}],"collection":[{"href":"https:\/\/nyala.info\/fr\/wp-json\/wp\/v2\/pages"}],"about":[{"href":"https:\/\/nyala.info\/fr\/wp-json\/wp\/v2\/types\/page"}],"author":[{"embeddable":true,"href":"https:\/\/nyala.info\/fr\/wp-json\/wp\/v2\/users\/3"}],"replies":[{"embeddable":true,"href":"https:\/\/nyala.info\/fr\/wp-json\/wp\/v2\/comments?post=2041"}],"version-history":[{"count":4,"href":"https:\/\/nyala.info\/fr\/wp-json\/wp\/v2\/pages\/2041\/revisions"}],"predecessor-version":[{"id":2126,"href":"https:\/\/nyala.info\/fr\/wp-json\/wp\/v2\/pages\/2041\/revisions\/2126"}],"up":[{"embeddable":true,"href":"https:\/\/nyala.info\/fr\/wp-json\/wp\/v2\/pages\/4743"}],"wp:featuredmedia":[{"embeddable":true,"href":"https:\/\/nyala.info\/fr\/wp-json\/wp\/v2\/media\/1134"}],"wp:attachment":[{"href":"https:\/\/nyala.info\/fr\/wp-json\/wp\/v2\/media?parent=2041"}],"curies":[{"name":"wp","href":"https:\/\/api.w.org\/{rel}","templated":true}]}}