{"id":2033,"date":"2016-10-04T21:01:56","date_gmt":"2016-10-04T19:01:56","guid":{"rendered":"http:\/\/www.nyalahotel.biz\/fr\/?page_id=2033"},"modified":"2017-07-25T12:40:20","modified_gmt":"2017-07-25T10:40:20","slug":"salle-odeon-detail-technique","status":"publish","type":"page","link":"https:\/\/nyala.info\/fr\/conventions-san-remo\/salles-pour-conventions-et-reunions\/salle-odeon-detail-technique\/","title":{"rendered":"SALLE &#8220;ODEON&#8221; &#8211; Detail Technique"},"content":{"rendered":"<h2>Centre conventions \u00e0 San Remo ?<\/h2>\n<p><b>L\u2019h\u00f4tel Nyala Suite vous propose plusieurs salles de r\u00e9union et ses services pour vos convention et rendez-vous \u00e0 San Remo en Ligurie.<\/b><\/p>\n<p>La <b>salle Odeon<\/b> b\u00e9n\u00e9ficie d\u2019un large espace de plus de 100m\u00b2 o\u00f9 vous pourrez organiser n\u2019importe quel \u00e9v\u00e9nement que vous souhaiteriez partager avec les \u00e9quipes de votre entreprise. Lors de vos r\u00e9unions d\u2019affaires, un buffet peut \u00eatre install\u00e9 durant l\u2019\u00e9v\u00e9nement, ou \u00e0 son issue \u2013 ces services de traiteur durant vos r\u00e9unions se tiennent dans un cadre qui se veut moderne et sans pr\u00e9tention. Parfait \u00e9galement pour accueillir des spectacles et expositions.<\/p>\n<p>Plusieurs \u00e9quipements sont disponibles. Tout autre service suppl\u00e9mentaire peut vous \u00eatre mis \u00e0 disposition sur demande.<\/p>\n<p><a href=\"http:\/\/www.nyalahotel.com\/fr\/?page_id=3495\/\">Contactez-nous<\/a> pour plus d\u2019informations.<\/p>\n<h2>SALLE &#8220;ODEON&#8221; &#8211; Detail Technique<\/h2>\n<table border=\"0\" width=\"100%\" cellspacing=\"0\" cellpadding=\"0\">\n<tbody>\n<tr>\n<td valign=\"top\" width=\"50%\">\n<table border=\"0\" width=\"100%\" cellspacing=\"1\" cellpadding=\"5\">\n<tbody>\n<tr>\n<td style=\"padding: 5px; background: #CBE3EE;\" colspan=\"3\">\n<div align=\"center\">Generalite<\/div>\n<\/td>\n<\/tr>\n<tr>\n<td style=\"padding: 5px; background: #FFFFFF;\" width=\"42\"><img loading=\"lazy\" decoding=\"async\" src=\"img\/icone_meeting\/meetin1.gif\" alt=\"Meeting\" width=\"41\" height=\"35\" \/><\/td>\n<td style=\"padding: 5px; background: #BFC4DC;\">Lumi\u00e8re Naturelle<\/td>\n<td style=\"padding: 5px; background: #E1E4EB;\">No<\/td>\n<\/tr>\n<tr>\n<td style=\"padding: 5px; background: #FFFFFF;\"><img loading=\"lazy\" decoding=\"async\" src=\"img\/icone_meeting\/meetin2.gif\" alt=\"Meeting\" width=\"42\" height=\"35\" \/><\/td>\n<td style=\"padding: 5px; background: #BFC4DC;\">Surface m\u00b2<\/td>\n<td style=\"padding: 5px; background: #E1E4EB;\">126<\/td>\n<\/tr>\n<tr>\n<td style=\"padding: 5px; background: #FFFFFF;\"><img loading=\"lazy\" decoding=\"async\" src=\"img\/icone_meeting\/meetin3.gif\" alt=\"Meeting\" width=\"42\" height=\"35\" \/><\/td>\n<td style=\"padding: 5px; background: #BFC4DC;\">Dimensions m.<\/td>\n<td style=\"padding: 5px; background: #E1E4EB;\">18 x 7<\/td>\n<\/tr>\n<tr>\n<td style=\"padding: 5px; background: #FFFFFF;\"><img loading=\"lazy\" decoding=\"async\" src=\"img\/icone_meeting\/meetin4.gif\" alt=\"Meeting\" width=\"42\" height=\"35\" \/><\/td>\n<td style=\"padding: 5px; background: #BFC4DC;\">Hauteu m.<\/td>\n<td style=\"padding: 5px; background: #E1E4EB;\">2,5<\/td>\n<\/tr>\n<tr>\n<td style=\"padding: 5px; background: #FFFFFF;\"><img loading=\"lazy\" decoding=\"async\" src=\"img\/icone_meeting\/meetin5.gif\" alt=\"Meeting\" width=\"42\" height=\"35\" \/><\/td>\n<td style=\"padding: 5px; background: #BFC4DC;\">Capacit\u00e8 Theatre<\/td>\n<td style=\"padding: 5px; background: #E1E4EB;\">150<\/td>\n<\/tr>\n<tr>\n<td style=\"padding: 5px; background: #FFFFFF;\"><img loading=\"lazy\" decoding=\"async\" src=\"img\/icone_meeting\/meetin6.gif\" alt=\"Meeting\" width=\"41\" height=\"35\" \/><\/td>\n<td style=\"padding: 5px; background: #BFC4DC;\">Classe<\/td>\n<td style=\"padding: 5px; background: #E1E4EB;\">70<\/td>\n<\/tr>\n<tr>\n<td style=\"padding: 5px; background: #FFFFFF;\"><img loading=\"lazy\" decoding=\"async\" src=\"img\/icone_meeting\/meetin7.gif\" alt=\"Meeting\" width=\"42\" height=\"35\" \/><\/td>\n<td style=\"padding: 5px; background: #BFC4DC;\">Table rectangolaire<\/td>\n<td style=\"padding: 5px; background: #E1E4EB;\">70<\/td>\n<\/tr>\n<tr>\n<td style=\"padding: 5px; background: #FFFFFF;\"><img loading=\"lazy\" decoding=\"async\" src=\"img\/icone_meeting\/meetin8.gif\" alt=\"Meeting\" width=\"42\" height=\"35\" \/><\/td>\n<td style=\"padding: 5px; background: #BFC4DC;\">Table ad U<\/td>\n<td style=\"padding: 5px; background: #E1E4EB;\">80<\/td>\n<\/tr>\n<tr>\n<td style=\"padding: 5px; background: #FFFFFF;\"><img loading=\"lazy\" decoding=\"async\" src=\"img\/icone_meeting\/meetin9.gif\" alt=\"Meeting\" width=\"42\" height=\"35\" \/><\/td>\n<td style=\"padding: 5px; background: #BFC4DC;\">Table ronde<\/td>\n<td style=\"padding: 5px; background: #E1E4EB;\">80<\/td>\n<\/tr>\n<tr>\n<td style=\"padding: 5px; background: #FFFFFF;\"><img loading=\"lazy\" decoding=\"async\" src=\"img\/icone_meeting\/meetin10.gif\" alt=\"Meeting\" width=\"42\" height=\"35\" \/><\/td>\n<td style=\"padding: 5px; background: #BFC4DC;\">Expo:\u00a0 stand 2,5 x 3<\/td>\n<td style=\"padding: 5px; background: #E1E4EB;\">10<\/td>\n<\/tr>\n<tr>\n<td style=\"padding: 5px; background: #FFFFFF;\"><img loading=\"lazy\" decoding=\"async\" src=\"img\/icone_meeting\/meetin11.gif\" alt=\"Meeting\" width=\"42\" height=\"35\" \/><\/td>\n<td style=\"padding: 5px; background: #BFC4DC;\">Banquet<\/td>\n<td style=\"padding: 5px; background: #E1E4EB;\">120<\/td>\n<\/tr>\n<tr>\n<td style=\"padding: 5px; background: #FFFFFF;\"><img loading=\"lazy\" decoding=\"async\" src=\"img\/icone_meeting\/meetin12.gif\" alt=\"Meeting\" width=\"42\" height=\"35\" \/><\/td>\n<td style=\"padding: 5px; background: #BFC4DC;\">Riceptions<\/td>\n<td style=\"padding: 5px; background: #E1E4EB;\">150<\/td>\n<\/tr>\n<\/tbody>\n<\/table>\n<\/td>\n<td valign=\"top\" width=\"50%\">\n<table border=\"0\" width=\"100%\" cellspacing=\"1\" cellpadding=\"5\">\n<tbody>\n<tr>\n<td style=\"padding: 5px; background: #CBE3EE;\" colspan=\"2\">\n<div align=\"center\">Services<\/div>\n<\/td>\n<\/tr>\n<tr>\n<td style=\"padding: 5px; background: #BFC4DC;\">Climatization<\/td>\n<td style=\"padding: 5px; background: #E1E4EB;\">Oui<\/td>\n<\/tr>\n<tr>\n<td style=\"padding: 5px; background: #BFC4DC;\">TV + Magn\u00e9toscope<\/td>\n<td style=\"padding: 5px; background: #E1E4EB;\">Oui<\/td>\n<\/tr>\n<tr>\n<td style=\"padding: 5px; background: #BFC4DC;\">Projecteur de Diapositive<\/td>\n<td style=\"padding: 5px; background: #E1E4EB;\">Oui<\/td>\n<\/tr>\n<tr>\n<td style=\"padding: 5px; background: #BFC4DC;\">Video Proiettore<\/td>\n<td style=\"padding: 5px; background: #E1E4EB;\">Oui<\/td>\n<\/tr>\n<tr>\n<td style=\"padding: 5px; background: #BFC4DC;\">Microphones<\/td>\n<td style=\"padding: 5px; background: #E1E4EB;\">Oui<\/td>\n<\/tr>\n<tr>\n<td style=\"padding: 5px; background: #BFC4DC;\">ADSL 20Mbit &#8211; 256Kbit<\/td>\n<td style=\"padding: 5px; background: #E1E4EB;\">Oui<\/td>\n<\/tr>\n<tr>\n<td style=\"padding: 5px; background: #BFC4DC;\">WI-FI<\/td>\n<td style=\"padding: 5px; background: #E1E4EB;\">Oui<\/td>\n<\/tr>\n<tr>\n<td style=\"padding: 5px; background: #CBE3EE;\" colspan=\"2\">\n<div align=\"center\">Business Services<\/div>\n<\/td>\n<\/tr>\n<tr>\n<td style=\"padding: 5px; background: #BFC4DC;\">Telefax<\/td>\n<td style=\"padding: 5px; background: #E1E4EB;\" width=\"10%\">Oui<\/td>\n<\/tr>\n<tr>\n<td style=\"padding: 5px; background: #BFC4DC;\">Fotocopie<\/td>\n<td style=\"padding: 5px; background: #E1E4EB;\">Oui<\/td>\n<\/tr>\n<tr>\n<td style=\"padding: 5px; background: #BFC4DC;\">Word Processing<\/td>\n<td style=\"padding: 5px; background: #E1E4EB;\">Oui<\/td>\n<\/tr>\n<tr>\n<td style=\"padding: 5px; background: #BFC4DC;\">Services des Secretariat<\/td>\n<td style=\"padding: 5px; background: #E1E4EB;\">Sur demande<\/td>\n<\/tr>\n<tr>\n<td style=\"padding: 5px; background: #BFC4DC;\">Traduction Simultan\u00e9e<\/td>\n<td style=\"padding: 5px; background: #E1E4EB;\">Sur demande<\/td>\n<\/tr>\n<\/tbody>\n<\/table>\n<\/td>\n<\/tr>\n<\/tbody>\n<\/table>\n<p>Tout autre service ou l&#8217;\u00e9quipement est disponible sur demande.<\/p>\n","protected":false},"excerpt":{"rendered":"<p>Centre conventions \u00e0 San Remo ? L\u2019h\u00f4tel Nyala Suite vous propose plusieurs salles de r\u00e9union et ses services pour vos convention et rendez-vous \u00e0 San Remo en Ligurie. La salle Odeon b\u00e9n\u00e9ficie d\u2019un large espace de plus de 100m\u00b2 o\u00f9 vous pourrez organiser n\u2019importe quel \u00e9v\u00e9nement que vous souhaiteriez partager avec les \u00e9quipes de votre [&hellip;]<\/p>\n","protected":false},"author":3,"featured_media":1057,"parent":3465,"menu_order":23,"comment_status":"open","ping_status":"closed","template":"","meta":{"_acf_changed":false,"footnotes":""},"class_list":["post-2033","page","type-page","status-publish","has-post-thumbnail","hentry"],"acf":[],"yoast_head":"<!-- This site is optimized with the Yoast SEO plugin v25.6 - https:\/\/yoast.com\/wordpress\/plugins\/seo\/ -->\n<title>SALLE &quot;ODEON&quot; - Detail Technique | Nyala Suite Hotel Hotel 4 \u00e9toiles \u00e0 San Remo<\/title>\n<meta name=\"robots\" content=\"noindex, follow, max-snippet:-1, max-image-preview:large, max-video-preview:-1\" \/>\n<meta property=\"og:locale\" content=\"fr_FR\" \/>\n<meta property=\"og:type\" content=\"article\" \/>\n<meta property=\"og:title\" content=\"SALLE &quot;ODEON&quot; - Detail Technique | Nyala Suite Hotel Hotel 4 \u00e9toiles \u00e0 San Remo\" \/>\n<meta property=\"og:description\" content=\"Centre conventions \u00e0 San Remo ? L\u2019h\u00f4tel Nyala Suite vous propose plusieurs salles de r\u00e9union et ses services pour vos convention et rendez-vous \u00e0 San Remo en Ligurie. La salle Odeon b\u00e9n\u00e9ficie d\u2019un large espace de plus de 100m\u00b2 o\u00f9 vous pourrez organiser n\u2019importe quel \u00e9v\u00e9nement que vous souhaiteriez partager avec les \u00e9quipes de votre [&hellip;]\" \/>\n<meta property=\"og:url\" content=\"https:\/\/nyala.info\/fr\/conventions-san-remo\/salles-pour-conventions-et-reunions\/salle-odeon-detail-technique\/\" \/>\n<meta property=\"og:site_name\" content=\"Nyala Suite Hotel\" \/>\n<meta property=\"article:modified_time\" content=\"2017-07-25T10:40:20+00:00\" \/>\n<meta property=\"og:image\" content=\"https:\/\/nyala.info\/wp-content\/uploads\/2015\/04\/conferenze3.jpg\" \/>\n\t<meta property=\"og:image:width\" content=\"815\" \/>\n\t<meta property=\"og:image:height\" content=\"543\" \/>\n\t<meta property=\"og:image:type\" content=\"image\/jpeg\" \/>\n<meta name=\"twitter:card\" content=\"summary_large_image\" \/>\n<meta name=\"twitter:label1\" content=\"Est. reading time\" \/>\n\t<meta name=\"twitter:data1\" content=\"1 minute\" \/>\n<script type=\"application\/ld+json\" class=\"yoast-schema-graph\">{\"@context\":\"https:\/\/schema.org\",\"@graph\":[{\"@type\":\"WebPage\",\"@id\":\"https:\/\/nyala.info\/fr\/conventions-san-remo\/salles-pour-conventions-et-reunions\/salle-odeon-detail-technique\/\",\"url\":\"https:\/\/nyala.info\/fr\/conventions-san-remo\/salles-pour-conventions-et-reunions\/salle-odeon-detail-technique\/\",\"name\":\"SALLE \\\"ODEON\\\" - Detail Technique | Nyala Suite Hotel Hotel 4 \u00e9toiles \u00e0 San Remo\",\"isPartOf\":{\"@id\":\"https:\/\/nyala.info\/fr\/#website\"},\"primaryImageOfPage\":{\"@id\":\"https:\/\/nyala.info\/fr\/conventions-san-remo\/salles-pour-conventions-et-reunions\/salle-odeon-detail-technique\/#primaryimage\"},\"image\":{\"@id\":\"https:\/\/nyala.info\/fr\/conventions-san-remo\/salles-pour-conventions-et-reunions\/salle-odeon-detail-technique\/#primaryimage\"},\"thumbnailUrl\":\"https:\/\/nyala.info\/wp-content\/uploads\/2015\/04\/conferenze3.jpg\",\"datePublished\":\"2016-10-04T19:01:56+00:00\",\"dateModified\":\"2017-07-25T10:40:20+00:00\",\"breadcrumb\":{\"@id\":\"https:\/\/nyala.info\/fr\/conventions-san-remo\/salles-pour-conventions-et-reunions\/salle-odeon-detail-technique\/#breadcrumb\"},\"inLanguage\":\"fr-FR\",\"potentialAction\":[{\"@type\":\"ReadAction\",\"target\":[\"https:\/\/nyala.info\/fr\/conventions-san-remo\/salles-pour-conventions-et-reunions\/salle-odeon-detail-technique\/\"]}]},{\"@type\":\"ImageObject\",\"inLanguage\":\"fr-FR\",\"@id\":\"https:\/\/nyala.info\/fr\/conventions-san-remo\/salles-pour-conventions-et-reunions\/salle-odeon-detail-technique\/#primaryimage\",\"url\":\"https:\/\/nyala.info\/wp-content\/uploads\/2015\/04\/conferenze3.jpg\",\"contentUrl\":\"https:\/\/nyala.info\/wp-content\/uploads\/2015\/04\/conferenze3.jpg\",\"width\":815,\"height\":543,\"caption\":\"odean hall, sala odeon, salle odeon, Konferenzr\u00e4ume ODEON\"},{\"@type\":\"BreadcrumbList\",\"@id\":\"https:\/\/nyala.info\/fr\/conventions-san-remo\/salles-pour-conventions-et-reunions\/salle-odeon-detail-technique\/#breadcrumb\",\"itemListElement\":[{\"@type\":\"ListItem\",\"position\":1,\"name\":\"Home\",\"item\":\"https:\/\/nyala.info\/fr\/\"},{\"@type\":\"ListItem\",\"position\":2,\"name\":\"Conventions \u00e0 San Remo\",\"item\":\"https:\/\/nyala.info\/fr\/conventions-san-remo\/\"},{\"@type\":\"ListItem\",\"position\":3,\"name\":\"Salles pour conventions et r\u00e9unions\",\"item\":\"https:\/\/nyala.info\/fr\/conventions-san-remo\/salles-pour-conventions-et-reunions\/\"},{\"@type\":\"ListItem\",\"position\":4,\"name\":\"SALLE &#8220;ODEON&#8221; &#8211; Detail Technique\"}]},{\"@type\":\"WebSite\",\"@id\":\"https:\/\/nyala.info\/fr\/#website\",\"url\":\"https:\/\/nyala.info\/fr\/\",\"name\":\"Nyala Suite Hotel\",\"description\":\"Hotel 4 \u00e9toiles \u00e0 San Remo\",\"potentialAction\":[{\"@type\":\"SearchAction\",\"target\":{\"@type\":\"EntryPoint\",\"urlTemplate\":\"https:\/\/nyala.info\/fr\/?s={search_term_string}\"},\"query-input\":{\"@type\":\"PropertyValueSpecification\",\"valueRequired\":true,\"valueName\":\"search_term_string\"}}],\"inLanguage\":\"fr-FR\"}]}<\/script>\n<!-- \/ Yoast SEO plugin. -->","yoast_head_json":{"title":"SALLE \"ODEON\" - Detail Technique | Nyala Suite Hotel Hotel 4 \u00e9toiles \u00e0 San Remo","robots":{"index":"noindex","follow":"follow","max-snippet":"max-snippet:-1","max-image-preview":"max-image-preview:large","max-video-preview":"max-video-preview:-1"},"og_locale":"fr_FR","og_type":"article","og_title":"SALLE \"ODEON\" - Detail Technique | Nyala Suite Hotel Hotel 4 \u00e9toiles \u00e0 San Remo","og_description":"Centre conventions \u00e0 San Remo ? L\u2019h\u00f4tel Nyala Suite vous propose plusieurs salles de r\u00e9union et ses services pour vos convention et rendez-vous \u00e0 San Remo en Ligurie. La salle Odeon b\u00e9n\u00e9ficie d\u2019un large espace de plus de 100m\u00b2 o\u00f9 vous pourrez organiser n\u2019importe quel \u00e9v\u00e9nement que vous souhaiteriez partager avec les \u00e9quipes de votre [&hellip;]","og_url":"https:\/\/nyala.info\/fr\/conventions-san-remo\/salles-pour-conventions-et-reunions\/salle-odeon-detail-technique\/","og_site_name":"Nyala Suite Hotel","article_modified_time":"2017-07-25T10:40:20+00:00","og_image":[{"width":815,"height":543,"url":"https:\/\/nyala.info\/wp-content\/uploads\/2015\/04\/conferenze3.jpg","type":"image\/jpeg"}],"twitter_card":"summary_large_image","twitter_misc":{"Est. reading time":"1 minute"},"schema":{"@context":"https:\/\/schema.org","@graph":[{"@type":"WebPage","@id":"https:\/\/nyala.info\/fr\/conventions-san-remo\/salles-pour-conventions-et-reunions\/salle-odeon-detail-technique\/","url":"https:\/\/nyala.info\/fr\/conventions-san-remo\/salles-pour-conventions-et-reunions\/salle-odeon-detail-technique\/","name":"SALLE \"ODEON\" - Detail Technique | Nyala Suite Hotel Hotel 4 \u00e9toiles \u00e0 San Remo","isPartOf":{"@id":"https:\/\/nyala.info\/fr\/#website"},"primaryImageOfPage":{"@id":"https:\/\/nyala.info\/fr\/conventions-san-remo\/salles-pour-conventions-et-reunions\/salle-odeon-detail-technique\/#primaryimage"},"image":{"@id":"https:\/\/nyala.info\/fr\/conventions-san-remo\/salles-pour-conventions-et-reunions\/salle-odeon-detail-technique\/#primaryimage"},"thumbnailUrl":"https:\/\/nyala.info\/wp-content\/uploads\/2015\/04\/conferenze3.jpg","datePublished":"2016-10-04T19:01:56+00:00","dateModified":"2017-07-25T10:40:20+00:00","breadcrumb":{"@id":"https:\/\/nyala.info\/fr\/conventions-san-remo\/salles-pour-conventions-et-reunions\/salle-odeon-detail-technique\/#breadcrumb"},"inLanguage":"fr-FR","potentialAction":[{"@type":"ReadAction","target":["https:\/\/nyala.info\/fr\/conventions-san-remo\/salles-pour-conventions-et-reunions\/salle-odeon-detail-technique\/"]}]},{"@type":"ImageObject","inLanguage":"fr-FR","@id":"https:\/\/nyala.info\/fr\/conventions-san-remo\/salles-pour-conventions-et-reunions\/salle-odeon-detail-technique\/#primaryimage","url":"https:\/\/nyala.info\/wp-content\/uploads\/2015\/04\/conferenze3.jpg","contentUrl":"https:\/\/nyala.info\/wp-content\/uploads\/2015\/04\/conferenze3.jpg","width":815,"height":543,"caption":"odean hall, sala odeon, salle odeon, Konferenzr\u00e4ume ODEON"},{"@type":"BreadcrumbList","@id":"https:\/\/nyala.info\/fr\/conventions-san-remo\/salles-pour-conventions-et-reunions\/salle-odeon-detail-technique\/#breadcrumb","itemListElement":[{"@type":"ListItem","position":1,"name":"Home","item":"https:\/\/nyala.info\/fr\/"},{"@type":"ListItem","position":2,"name":"Conventions \u00e0 San Remo","item":"https:\/\/nyala.info\/fr\/conventions-san-remo\/"},{"@type":"ListItem","position":3,"name":"Salles pour conventions et r\u00e9unions","item":"https:\/\/nyala.info\/fr\/conventions-san-remo\/salles-pour-conventions-et-reunions\/"},{"@type":"ListItem","position":4,"name":"SALLE &#8220;ODEON&#8221; &#8211; Detail Technique"}]},{"@type":"WebSite","@id":"https:\/\/nyala.info\/fr\/#website","url":"https:\/\/nyala.info\/fr\/","name":"Nyala Suite Hotel","description":"Hotel 4 \u00e9toiles \u00e0 San Remo","potentialAction":[{"@type":"SearchAction","target":{"@type":"EntryPoint","urlTemplate":"https:\/\/nyala.info\/fr\/?s={search_term_string}"},"query-input":{"@type":"PropertyValueSpecification","valueRequired":true,"valueName":"search_term_string"}}],"inLanguage":"fr-FR"}]}},"_links":{"self":[{"href":"https:\/\/nyala.info\/fr\/wp-json\/wp\/v2\/pages\/2033"}],"collection":[{"href":"https:\/\/nyala.info\/fr\/wp-json\/wp\/v2\/pages"}],"about":[{"href":"https:\/\/nyala.info\/fr\/wp-json\/wp\/v2\/types\/page"}],"author":[{"embeddable":true,"href":"https:\/\/nyala.info\/fr\/wp-json\/wp\/v2\/users\/3"}],"replies":[{"embeddable":true,"href":"https:\/\/nyala.info\/fr\/wp-json\/wp\/v2\/comments?post=2033"}],"version-history":[{"count":8,"href":"https:\/\/nyala.info\/fr\/wp-json\/wp\/v2\/pages\/2033\/revisions"}],"predecessor-version":[{"id":5721,"href":"https:\/\/nyala.info\/fr\/wp-json\/wp\/v2\/pages\/2033\/revisions\/5721"}],"up":[{"embeddable":true,"href":"https:\/\/nyala.info\/fr\/wp-json\/wp\/v2\/pages\/3465"}],"wp:featuredmedia":[{"embeddable":true,"href":"https:\/\/nyala.info\/fr\/wp-json\/wp\/v2\/media\/1057"}],"wp:attachment":[{"href":"https:\/\/nyala.info\/fr\/wp-json\/wp\/v2\/media?parent=2033"}],"curies":[{"name":"wp","href":"https:\/\/api.w.org\/{rel}","templated":true}]}}