{"id":2029,"date":"2016-10-04T20:57:11","date_gmt":"2016-10-04T18:57:11","guid":{"rendered":"http:\/\/www.nyalahotel.biz\/fr\/?page_id=2029"},"modified":"2017-09-14T11:37:49","modified_gmt":"2017-09-14T09:37:49","slug":"rallye-de-sanremo-10-12-octobre","status":"publish","type":"page","link":"https:\/\/nyala.info\/fr\/offres-speciales-pour-vos-vacances\/grands-evenements\/rallye-de-sanremo-10-12-octobre\/","title":{"rendered":"Rallye de Sanremo"},"content":{"rendered":"<h2>Rallye de Sanremo <\/h2>\n<p>&nbsp;<\/p>\n<h4>R\u00e9servez votre s\u00e9jour dans notre h\u00f4tel pour assister ou participer au Rallye de Sanremo<\/h4>\n<h4>VIVEZ LE D\u00c9FI DES SUPER 2000 SUR LES ROUTES DE LA MYTHIQUE COURSE SANREMO RALLYE !<\/h4>\n<p style=\"text-align: justify;\"><a href=\"http:\/\/www.nyalahotel.com\/wp-content\/uploads\/2015\/04\/sanremorally.jpg\"><img loading=\"lazy\" decoding=\"async\" class=\"alignleft size-medium wp-image-1078\" src=\"http:\/\/www.nyalahotel.com\/wp-content\/uploads\/2015\/04\/sanremorally-300x200.jpg\" alt=\"rally sanremo, rallye de sanremo\" width=\"300\" height=\"200\" srcset=\"https:\/\/nyala.info\/wp-content\/uploads\/2015\/04\/sanremorally-300x200.jpg 300w, https:\/\/nyala.info\/wp-content\/uploads\/2015\/04\/sanremorally-600x400.jpg 600w, https:\/\/nyala.info\/wp-content\/uploads\/2015\/04\/sanremorally-2x1.jpg 2w, https:\/\/nyala.info\/wp-content\/uploads\/2015\/04\/sanremorally.jpg 654w\" sizes=\"(max-width: 300px) 100vw, 300px\" \/><\/a>Le Rallye de Sanremo est une des \u00e9preuves les plus embl\u00e9matiques du circuit mondial des rallyes\u00a0: une excellente occasion pur un week-end sur la Riviera<\/p>\n<p style=\"text-align: justify;\">Notre offre sp\u00e9ciale comprend<\/p>\n<ul style=\"text-align: justify;\">\n<li>Formule 5&#215;4 = restez 5 nuits et payez-en 4 seulement\u00a0!<\/li>\n<li>S\u00e9jour en demi-pension<\/li>\n<\/ul>\n<p style=\"text-align: justify;\">L&#8217;offre comprend aussi:<\/p>\n<ul style=\"text-align: justify;\">\n<li>Le transfert depuis et vers la gare ferroviaire, \u00e0 l&#8217;arriv\u00e9e comme au d\u00e9part<\/li>\n<li>Le parking priv\u00e9, en fonction des disponibilit\u00e9s<\/li>\n<li>Un bon \u00e0 transformer en fiches pour tenter votre chance au Casino de Sanremo.<\/li>\n<\/ul>\n<p class=\"small\" style=\"text-align: justify;\">CONDITIONS DE RESERVATION.<\/p>\n<p class=\"small\" style=\"text-align: justify;\">Dur\u00e9e minimale du s\u00e9jour : 1 nuit.<br \/>\nDur\u00e9e maximale du s\u00e9jour : 9 nuits.<br \/>\nCette offre est disponible uniquement pour les r\u00e9servations en ligne et pour un nombre limit\u00e9 de places.<br \/>\nL\u2019offre est valable uniquement pendant la p\u00e9riode de la manifestation.<br \/>\nToutes les r\u00e9ductions propos\u00e9es sont calcul\u00e9es automatiquement par notre logiciel de r\u00e9servation.<br \/>\nL&#8217;offre peut subir quelques modifications au cours de l\u2019ann\u00e9e et ce sans pr\u00e9avis.<br \/>\nEn cas de r\u00e9clamation, les tarifs propos\u00e9s par notre logiciel de r\u00e9servation feront foi.<br \/>\nCaution : 25% (min. 1 nuit).<br \/>\nAnnulation gratuite jusqu\u2019\u00e0 3 jours avant votre arriv\u00e9e.<br \/>\nP\u00e9nalit\u00e9 en cas d\u2019annulation tardive, de non-pr\u00e9sentation ou de d\u00e9part anticip\u00e9: 100%.<\/p>\n","protected":false},"excerpt":{"rendered":"<p>Rallye de Sanremo &nbsp; R\u00e9servez votre s\u00e9jour dans notre h\u00f4tel pour assister ou participer au Rallye de Sanremo VIVEZ LE D\u00c9FI DES SUPER 2000 SUR LES ROUTES DE LA MYTHIQUE COURSE SANREMO RALLYE ! Le Rallye de Sanremo est une des \u00e9preuves les plus embl\u00e9matiques du circuit mondial des rallyes\u00a0: une excellente occasion pur un [&hellip;]<\/p>\n","protected":false},"author":3,"featured_media":1078,"parent":3305,"menu_order":23,"comment_status":"open","ping_status":"closed","template":"","meta":{"_acf_changed":false,"footnotes":""},"class_list":["post-2029","page","type-page","status-publish","has-post-thumbnail","hentry"],"acf":[],"yoast_head":"<!-- This site is optimized with the Yoast SEO plugin v25.6 - https:\/\/yoast.com\/wordpress\/plugins\/seo\/ -->\n<title>Rallye de Sanremo | Nyala Suite Hotel Hotel 4 \u00e9toiles \u00e0 San Remo<\/title>\n<meta name=\"robots\" content=\"noindex, follow, max-snippet:-1, max-image-preview:large, max-video-preview:-1\" \/>\n<meta property=\"og:locale\" content=\"fr_FR\" \/>\n<meta property=\"og:type\" content=\"article\" \/>\n<meta property=\"og:title\" content=\"Rallye de Sanremo | Nyala Suite Hotel Hotel 4 \u00e9toiles \u00e0 San Remo\" \/>\n<meta property=\"og:description\" content=\"Rallye de Sanremo &nbsp; R\u00e9servez votre s\u00e9jour dans notre h\u00f4tel pour assister ou participer au Rallye de Sanremo VIVEZ LE D\u00c9FI DES SUPER 2000 SUR LES ROUTES DE LA MYTHIQUE COURSE SANREMO RALLYE ! Le Rallye de Sanremo est une des \u00e9preuves les plus embl\u00e9matiques du circuit mondial des rallyes\u00a0: une excellente occasion pur un [&hellip;]\" \/>\n<meta property=\"og:url\" content=\"https:\/\/nyala.info\/fr\/offres-speciales-pour-vos-vacances\/grands-evenements\/rallye-de-sanremo-10-12-octobre\/\" \/>\n<meta property=\"og:site_name\" content=\"Nyala Suite Hotel\" \/>\n<meta property=\"article:modified_time\" content=\"2017-09-14T09:37:49+00:00\" \/>\n<meta property=\"og:image\" content=\"https:\/\/nyala.info\/wp-content\/uploads\/2015\/04\/sanremorally.jpg\" \/>\n\t<meta property=\"og:image:width\" content=\"654\" \/>\n\t<meta property=\"og:image:height\" content=\"436\" \/>\n\t<meta property=\"og:image:type\" content=\"image\/jpeg\" \/>\n<meta name=\"twitter:card\" content=\"summary_large_image\" \/>\n<meta name=\"twitter:label1\" content=\"Est. reading time\" \/>\n\t<meta name=\"twitter:data1\" content=\"1 minute\" \/>\n<script type=\"application\/ld+json\" class=\"yoast-schema-graph\">{\"@context\":\"https:\/\/schema.org\",\"@graph\":[{\"@type\":\"WebPage\",\"@id\":\"https:\/\/nyala.info\/fr\/offres-speciales-pour-vos-vacances\/grands-evenements\/rallye-de-sanremo-10-12-octobre\/\",\"url\":\"https:\/\/nyala.info\/fr\/offres-speciales-pour-vos-vacances\/grands-evenements\/rallye-de-sanremo-10-12-octobre\/\",\"name\":\"Rallye de Sanremo | Nyala Suite Hotel Hotel 4 \u00e9toiles \u00e0 San Remo\",\"isPartOf\":{\"@id\":\"https:\/\/nyala.info\/fr\/#website\"},\"primaryImageOfPage\":{\"@id\":\"https:\/\/nyala.info\/fr\/offres-speciales-pour-vos-vacances\/grands-evenements\/rallye-de-sanremo-10-12-octobre\/#primaryimage\"},\"image\":{\"@id\":\"https:\/\/nyala.info\/fr\/offres-speciales-pour-vos-vacances\/grands-evenements\/rallye-de-sanremo-10-12-octobre\/#primaryimage\"},\"thumbnailUrl\":\"https:\/\/nyala.info\/wp-content\/uploads\/2015\/04\/sanremorally.jpg\",\"datePublished\":\"2016-10-04T18:57:11+00:00\",\"dateModified\":\"2017-09-14T09:37:49+00:00\",\"breadcrumb\":{\"@id\":\"https:\/\/nyala.info\/fr\/offres-speciales-pour-vos-vacances\/grands-evenements\/rallye-de-sanremo-10-12-octobre\/#breadcrumb\"},\"inLanguage\":\"fr-FR\",\"potentialAction\":[{\"@type\":\"ReadAction\",\"target\":[\"https:\/\/nyala.info\/fr\/offres-speciales-pour-vos-vacances\/grands-evenements\/rallye-de-sanremo-10-12-octobre\/\"]}]},{\"@type\":\"ImageObject\",\"inLanguage\":\"fr-FR\",\"@id\":\"https:\/\/nyala.info\/fr\/offres-speciales-pour-vos-vacances\/grands-evenements\/rallye-de-sanremo-10-12-octobre\/#primaryimage\",\"url\":\"https:\/\/nyala.info\/wp-content\/uploads\/2015\/04\/sanremorally.jpg\",\"contentUrl\":\"https:\/\/nyala.info\/wp-content\/uploads\/2015\/04\/sanremorally.jpg\",\"width\":654,\"height\":436,\"caption\":\"rally sanremo, rallye de sanremo, \u0420\u0430\u043b\u043b\u0438 \u0421\u0430\u043d-\u0420\u0435\u043c\u043e\"},{\"@type\":\"BreadcrumbList\",\"@id\":\"https:\/\/nyala.info\/fr\/offres-speciales-pour-vos-vacances\/grands-evenements\/rallye-de-sanremo-10-12-octobre\/#breadcrumb\",\"itemListElement\":[{\"@type\":\"ListItem\",\"position\":1,\"name\":\"Home\",\"item\":\"https:\/\/nyala.info\/fr\/\"},{\"@type\":\"ListItem\",\"position\":2,\"name\":\"Offres sp\u00e9ciales pour vos vacances\",\"item\":\"https:\/\/nyala.info\/fr\/offres-speciales-pour-vos-vacances\/\"},{\"@type\":\"ListItem\",\"position\":3,\"name\":\"Grands \u00e9v\u00e8nements\",\"item\":\"https:\/\/nyala.info\/fr\/offres-speciales-pour-vos-vacances\/grands-evenements\/\"},{\"@type\":\"ListItem\",\"position\":4,\"name\":\"Rallye de Sanremo\"}]},{\"@type\":\"WebSite\",\"@id\":\"https:\/\/nyala.info\/fr\/#website\",\"url\":\"https:\/\/nyala.info\/fr\/\",\"name\":\"Nyala Suite Hotel\",\"description\":\"Hotel 4 \u00e9toiles \u00e0 San Remo\",\"potentialAction\":[{\"@type\":\"SearchAction\",\"target\":{\"@type\":\"EntryPoint\",\"urlTemplate\":\"https:\/\/nyala.info\/fr\/?s={search_term_string}\"},\"query-input\":{\"@type\":\"PropertyValueSpecification\",\"valueRequired\":true,\"valueName\":\"search_term_string\"}}],\"inLanguage\":\"fr-FR\"}]}<\/script>\n<!-- \/ Yoast SEO plugin. -->","yoast_head_json":{"title":"Rallye de Sanremo | Nyala Suite Hotel Hotel 4 \u00e9toiles \u00e0 San Remo","robots":{"index":"noindex","follow":"follow","max-snippet":"max-snippet:-1","max-image-preview":"max-image-preview:large","max-video-preview":"max-video-preview:-1"},"og_locale":"fr_FR","og_type":"article","og_title":"Rallye de Sanremo | Nyala Suite Hotel Hotel 4 \u00e9toiles \u00e0 San Remo","og_description":"Rallye de Sanremo &nbsp; R\u00e9servez votre s\u00e9jour dans notre h\u00f4tel pour assister ou participer au Rallye de Sanremo VIVEZ LE D\u00c9FI DES SUPER 2000 SUR LES ROUTES DE LA MYTHIQUE COURSE SANREMO RALLYE ! Le Rallye de Sanremo est une des \u00e9preuves les plus embl\u00e9matiques du circuit mondial des rallyes\u00a0: une excellente occasion pur un [&hellip;]","og_url":"https:\/\/nyala.info\/fr\/offres-speciales-pour-vos-vacances\/grands-evenements\/rallye-de-sanremo-10-12-octobre\/","og_site_name":"Nyala Suite Hotel","article_modified_time":"2017-09-14T09:37:49+00:00","og_image":[{"width":654,"height":436,"url":"https:\/\/nyala.info\/wp-content\/uploads\/2015\/04\/sanremorally.jpg","type":"image\/jpeg"}],"twitter_card":"summary_large_image","twitter_misc":{"Est. reading time":"1 minute"},"schema":{"@context":"https:\/\/schema.org","@graph":[{"@type":"WebPage","@id":"https:\/\/nyala.info\/fr\/offres-speciales-pour-vos-vacances\/grands-evenements\/rallye-de-sanremo-10-12-octobre\/","url":"https:\/\/nyala.info\/fr\/offres-speciales-pour-vos-vacances\/grands-evenements\/rallye-de-sanremo-10-12-octobre\/","name":"Rallye de Sanremo | Nyala Suite Hotel Hotel 4 \u00e9toiles \u00e0 San Remo","isPartOf":{"@id":"https:\/\/nyala.info\/fr\/#website"},"primaryImageOfPage":{"@id":"https:\/\/nyala.info\/fr\/offres-speciales-pour-vos-vacances\/grands-evenements\/rallye-de-sanremo-10-12-octobre\/#primaryimage"},"image":{"@id":"https:\/\/nyala.info\/fr\/offres-speciales-pour-vos-vacances\/grands-evenements\/rallye-de-sanremo-10-12-octobre\/#primaryimage"},"thumbnailUrl":"https:\/\/nyala.info\/wp-content\/uploads\/2015\/04\/sanremorally.jpg","datePublished":"2016-10-04T18:57:11+00:00","dateModified":"2017-09-14T09:37:49+00:00","breadcrumb":{"@id":"https:\/\/nyala.info\/fr\/offres-speciales-pour-vos-vacances\/grands-evenements\/rallye-de-sanremo-10-12-octobre\/#breadcrumb"},"inLanguage":"fr-FR","potentialAction":[{"@type":"ReadAction","target":["https:\/\/nyala.info\/fr\/offres-speciales-pour-vos-vacances\/grands-evenements\/rallye-de-sanremo-10-12-octobre\/"]}]},{"@type":"ImageObject","inLanguage":"fr-FR","@id":"https:\/\/nyala.info\/fr\/offres-speciales-pour-vos-vacances\/grands-evenements\/rallye-de-sanremo-10-12-octobre\/#primaryimage","url":"https:\/\/nyala.info\/wp-content\/uploads\/2015\/04\/sanremorally.jpg","contentUrl":"https:\/\/nyala.info\/wp-content\/uploads\/2015\/04\/sanremorally.jpg","width":654,"height":436,"caption":"rally sanremo, rallye de sanremo, \u0420\u0430\u043b\u043b\u0438 \u0421\u0430\u043d-\u0420\u0435\u043c\u043e"},{"@type":"BreadcrumbList","@id":"https:\/\/nyala.info\/fr\/offres-speciales-pour-vos-vacances\/grands-evenements\/rallye-de-sanremo-10-12-octobre\/#breadcrumb","itemListElement":[{"@type":"ListItem","position":1,"name":"Home","item":"https:\/\/nyala.info\/fr\/"},{"@type":"ListItem","position":2,"name":"Offres sp\u00e9ciales pour vos vacances","item":"https:\/\/nyala.info\/fr\/offres-speciales-pour-vos-vacances\/"},{"@type":"ListItem","position":3,"name":"Grands \u00e9v\u00e8nements","item":"https:\/\/nyala.info\/fr\/offres-speciales-pour-vos-vacances\/grands-evenements\/"},{"@type":"ListItem","position":4,"name":"Rallye de Sanremo"}]},{"@type":"WebSite","@id":"https:\/\/nyala.info\/fr\/#website","url":"https:\/\/nyala.info\/fr\/","name":"Nyala Suite Hotel","description":"Hotel 4 \u00e9toiles \u00e0 San Remo","potentialAction":[{"@type":"SearchAction","target":{"@type":"EntryPoint","urlTemplate":"https:\/\/nyala.info\/fr\/?s={search_term_string}"},"query-input":{"@type":"PropertyValueSpecification","valueRequired":true,"valueName":"search_term_string"}}],"inLanguage":"fr-FR"}]}},"_links":{"self":[{"href":"https:\/\/nyala.info\/fr\/wp-json\/wp\/v2\/pages\/2029"}],"collection":[{"href":"https:\/\/nyala.info\/fr\/wp-json\/wp\/v2\/pages"}],"about":[{"href":"https:\/\/nyala.info\/fr\/wp-json\/wp\/v2\/types\/page"}],"author":[{"embeddable":true,"href":"https:\/\/nyala.info\/fr\/wp-json\/wp\/v2\/users\/3"}],"replies":[{"embeddable":true,"href":"https:\/\/nyala.info\/fr\/wp-json\/wp\/v2\/comments?post=2029"}],"version-history":[{"count":4,"href":"https:\/\/nyala.info\/fr\/wp-json\/wp\/v2\/pages\/2029\/revisions"}],"predecessor-version":[{"id":5962,"href":"https:\/\/nyala.info\/fr\/wp-json\/wp\/v2\/pages\/2029\/revisions\/5962"}],"up":[{"embeddable":true,"href":"https:\/\/nyala.info\/fr\/wp-json\/wp\/v2\/pages\/3305"}],"wp:featuredmedia":[{"embeddable":true,"href":"https:\/\/nyala.info\/fr\/wp-json\/wp\/v2\/media\/1078"}],"wp:attachment":[{"href":"https:\/\/nyala.info\/fr\/wp-json\/wp\/v2\/media?parent=2029"}],"curies":[{"name":"wp","href":"https:\/\/api.w.org\/{rel}","templated":true}]}}