{"id":2027,"date":"2016-10-04T20:50:28","date_gmt":"2016-10-04T18:50:28","guid":{"rendered":"http:\/\/www.nyalahotel.biz\/fr\/?page_id=2027"},"modified":"2016-10-07T16:33:06","modified_gmt":"2016-10-07T14:33:06","slug":"piste-cyclable","status":"publish","type":"page","link":"https:\/\/nyala.info\/fr\/offres-speciales-pour-vos-vacances\/sport-in-riviera\/vacances-en-velo\/piste-cyclable\/","title":{"rendered":"Piste Cyclable"},"content":{"rendered":"<h2>LE PARC COTIER ET LA PISTE CYCLABLE DE SANREMO<\/h2>\n<h4>A Sanremo, la piste cyclable est le c\u0153ur du parc c\u00f4tier et permet de profiter du climat doux et des paysages de la Riviera des Fleurs toute l&#8217;ann\u00e9e.<\/h4>\n<p><a href=\"http:\/\/www.nyalahotel.com\/wp-content\/uploads\/2015\/04\/pistaciclabilesanremo.jpg\"><img loading=\"lazy\" decoding=\"async\" class=\"alignleft size-medium wp-image-1122\" src=\"http:\/\/www.nyalahotel.com\/wp-content\/uploads\/2015\/04\/pistaciclabilesanremo-300x200.jpg\" alt=\"pista ciclabile, Piste Cyclable\" width=\"300\" height=\"200\" srcset=\"https:\/\/nyala.info\/wp-content\/uploads\/2015\/04\/pistaciclabilesanremo-300x200.jpg 300w, https:\/\/nyala.info\/wp-content\/uploads\/2015\/04\/pistaciclabilesanremo-768x512.jpg 768w, https:\/\/nyala.info\/wp-content\/uploads\/2015\/04\/pistaciclabilesanremo-600x400.jpg 600w, https:\/\/nyala.info\/wp-content\/uploads\/2015\/04\/pistaciclabilesanremo-2x1.jpg 2w, https:\/\/nyala.info\/wp-content\/uploads\/2015\/04\/pistaciclabilesanremo.jpg 806w\" sizes=\"(max-width: 300px) 100vw, 300px\" \/><\/a>Le\u00a0<strong>parc c\u00f4tier de la Ligurie<\/strong>\u00a0a \u00e9t\u00e9 inaugur\u00e9 en 2008 et se trouve sur le trac\u00e9 du chemin de fer qui, au XIX\u00e8me si\u00e8cle, reliait la Riviera aux m\u00e9tropoles du Nord de l&#8217;Europe. La piste cyclable est aujourd&#8217;hui longue d&#8217;environ 24 km de Sanremo, jusqu&#8217;\u00e0 San Lorenzo al Mare, en passant par Arma di Taggia, Riva Ligure, Santo Stefano al Mare. Le projet pr\u00e9voit un trac\u00e9 d&#8217;environ 70 km jusqu&#8217;\u00e0 Finale Ligure, qui sera r\u00e9alis\u00e9 au fur et \u00e0 mesure que s&#8217;effectue le d\u00e9placement en amont de la ligne ferroviaire.<\/p>\n<p>La piste cyclable est ainsi ins\u00e9r\u00e9e dans un environnement unique, dont la majeure partie du trac\u00e9 est en bord de mer, entour\u00e9 par la M\u00e9diterran\u00e9e et par les jardins de la Riviera. Il s&#8217;agit ainsi d&#8217;un parcours id\u00e9al pour faire une promenade en famille le long de la c\u00f4te, mais aussi pour rejoindre les vall\u00e9es de l&#8217;arri\u00e8re-pays \u00e0 partir de Sanremo, o\u00f9 le cycliste le plus motiv\u00e9 pourra tester la qualit\u00e9 de son entra\u00eenement.<\/p>\n<p>Le\u00a0<strong>Nyala Bike Hotel<\/strong>\u00a0se situe \u00e0 environ 1 km de l&#8217;acc\u00e8s le plus proche \u00e0 cette piste cyclable : c&#8217;est ainsi un h\u00e9bergement parfait pour ceux qui aiment le sport \u00e0 deux roues, que ce soit le v\u00e9lo de course ou le VTT. Pour ceux qui le d\u00e9sirent, nous offrons aussi le transport aller-retour gratuit de l&#8217;h\u00f4tel \u00e0 la piste, avec notre minibus.<\/p>\n","protected":false},"excerpt":{"rendered":"<p>LE PARC COTIER ET LA PISTE CYCLABLE DE SANREMO A Sanremo, la piste cyclable est le c\u0153ur du parc c\u00f4tier et permet de profiter du climat doux et des paysages de la Riviera des Fleurs toute l&#8217;ann\u00e9e. Le\u00a0parc c\u00f4tier de la Ligurie\u00a0a \u00e9t\u00e9 inaugur\u00e9 en 2008 et se trouve sur le trac\u00e9 du chemin de [&hellip;]<\/p>\n","protected":false},"author":3,"featured_media":1122,"parent":4756,"menu_order":24,"comment_status":"open","ping_status":"closed","template":"","meta":{"_acf_changed":false,"footnotes":""},"class_list":["post-2027","page","type-page","status-publish","has-post-thumbnail","hentry"],"acf":[],"yoast_head":"<!-- This site is optimized with the Yoast SEO plugin v25.6 - https:\/\/yoast.com\/wordpress\/plugins\/seo\/ -->\n<title>Piste Cyclable | Nyala Suite Hotel Hotel 4 \u00e9toiles \u00e0 San Remo<\/title>\n<meta name=\"robots\" content=\"noindex, follow, max-snippet:-1, max-image-preview:large, max-video-preview:-1\" \/>\n<meta property=\"og:locale\" content=\"fr_FR\" \/>\n<meta property=\"og:type\" content=\"article\" \/>\n<meta property=\"og:title\" content=\"Piste Cyclable | Nyala Suite Hotel Hotel 4 \u00e9toiles \u00e0 San Remo\" \/>\n<meta property=\"og:description\" content=\"LE PARC COTIER ET LA PISTE CYCLABLE DE SANREMO A Sanremo, la piste cyclable est le c\u0153ur du parc c\u00f4tier et permet de profiter du climat doux et des paysages de la Riviera des Fleurs toute l&#8217;ann\u00e9e. Le\u00a0parc c\u00f4tier de la Ligurie\u00a0a \u00e9t\u00e9 inaugur\u00e9 en 2008 et se trouve sur le trac\u00e9 du chemin de [&hellip;]\" \/>\n<meta property=\"og:url\" content=\"https:\/\/nyala.info\/fr\/offres-speciales-pour-vos-vacances\/sport-in-riviera\/vacances-en-velo\/piste-cyclable\/\" \/>\n<meta property=\"og:site_name\" content=\"Nyala Suite Hotel\" \/>\n<meta property=\"article:modified_time\" content=\"2016-10-07T14:33:06+00:00\" \/>\n<meta property=\"og:image\" content=\"https:\/\/nyala.info\/wp-content\/uploads\/2015\/04\/pistaciclabilesanremo.jpg\" \/>\n\t<meta property=\"og:image:width\" content=\"806\" \/>\n\t<meta property=\"og:image:height\" content=\"537\" \/>\n\t<meta property=\"og:image:type\" content=\"image\/jpeg\" \/>\n<meta name=\"twitter:card\" content=\"summary_large_image\" \/>\n<meta name=\"twitter:label1\" content=\"Est. reading time\" \/>\n\t<meta name=\"twitter:data1\" content=\"1 minute\" \/>\n<script type=\"application\/ld+json\" class=\"yoast-schema-graph\">{\"@context\":\"https:\/\/schema.org\",\"@graph\":[{\"@type\":\"WebPage\",\"@id\":\"https:\/\/nyala.info\/fr\/offres-speciales-pour-vos-vacances\/sport-in-riviera\/vacances-en-velo\/piste-cyclable\/\",\"url\":\"https:\/\/nyala.info\/fr\/offres-speciales-pour-vos-vacances\/sport-in-riviera\/vacances-en-velo\/piste-cyclable\/\",\"name\":\"Piste Cyclable | Nyala Suite Hotel Hotel 4 \u00e9toiles \u00e0 San Remo\",\"isPartOf\":{\"@id\":\"https:\/\/nyala.info\/fr\/#website\"},\"primaryImageOfPage\":{\"@id\":\"https:\/\/nyala.info\/fr\/offres-speciales-pour-vos-vacances\/sport-in-riviera\/vacances-en-velo\/piste-cyclable\/#primaryimage\"},\"image\":{\"@id\":\"https:\/\/nyala.info\/fr\/offres-speciales-pour-vos-vacances\/sport-in-riviera\/vacances-en-velo\/piste-cyclable\/#primaryimage\"},\"thumbnailUrl\":\"https:\/\/nyala.info\/wp-content\/uploads\/2015\/04\/pistaciclabilesanremo.jpg\",\"datePublished\":\"2016-10-04T18:50:28+00:00\",\"dateModified\":\"2016-10-07T14:33:06+00:00\",\"breadcrumb\":{\"@id\":\"https:\/\/nyala.info\/fr\/offres-speciales-pour-vos-vacances\/sport-in-riviera\/vacances-en-velo\/piste-cyclable\/#breadcrumb\"},\"inLanguage\":\"fr-FR\",\"potentialAction\":[{\"@type\":\"ReadAction\",\"target\":[\"https:\/\/nyala.info\/fr\/offres-speciales-pour-vos-vacances\/sport-in-riviera\/vacances-en-velo\/piste-cyclable\/\"]}]},{\"@type\":\"ImageObject\",\"inLanguage\":\"fr-FR\",\"@id\":\"https:\/\/nyala.info\/fr\/offres-speciales-pour-vos-vacances\/sport-in-riviera\/vacances-en-velo\/piste-cyclable\/#primaryimage\",\"url\":\"https:\/\/nyala.info\/wp-content\/uploads\/2015\/04\/pistaciclabilesanremo.jpg\",\"contentUrl\":\"https:\/\/nyala.info\/wp-content\/uploads\/2015\/04\/pistaciclabilesanremo.jpg\",\"width\":806,\"height\":537,\"caption\":\"pista ciclabile, Piste Cyclable, \u0412\u0415\u041b\u041e\u0421\u0418\u041f\u0415\u0414\u041d\u0410\u042f \u0414\u041e\u0420\u041e\u0416\u041a\u0410\"},{\"@type\":\"BreadcrumbList\",\"@id\":\"https:\/\/nyala.info\/fr\/offres-speciales-pour-vos-vacances\/sport-in-riviera\/vacances-en-velo\/piste-cyclable\/#breadcrumb\",\"itemListElement\":[{\"@type\":\"ListItem\",\"position\":1,\"name\":\"Home\",\"item\":\"https:\/\/nyala.info\/fr\/\"},{\"@type\":\"ListItem\",\"position\":2,\"name\":\"Offres sp\u00e9ciales pour vos vacances\",\"item\":\"https:\/\/nyala.info\/fr\/offres-speciales-pour-vos-vacances\/\"},{\"@type\":\"ListItem\",\"position\":3,\"name\":\"Sport in Riviera\",\"item\":\"https:\/\/nyala.info\/fr\/offres-speciales-pour-vos-vacances\/sport-in-riviera\/\"},{\"@type\":\"ListItem\",\"position\":4,\"name\":\"Vacances \u00e0 v\u00e9lo\",\"item\":\"https:\/\/nyala.info\/fr\/offres-speciales-pour-vos-vacances\/sport-in-riviera\/vacances-en-velo\/\"},{\"@type\":\"ListItem\",\"position\":5,\"name\":\"Piste Cyclable\"}]},{\"@type\":\"WebSite\",\"@id\":\"https:\/\/nyala.info\/fr\/#website\",\"url\":\"https:\/\/nyala.info\/fr\/\",\"name\":\"Nyala Suite Hotel\",\"description\":\"Hotel 4 \u00e9toiles \u00e0 San Remo\",\"potentialAction\":[{\"@type\":\"SearchAction\",\"target\":{\"@type\":\"EntryPoint\",\"urlTemplate\":\"https:\/\/nyala.info\/fr\/?s={search_term_string}\"},\"query-input\":{\"@type\":\"PropertyValueSpecification\",\"valueRequired\":true,\"valueName\":\"search_term_string\"}}],\"inLanguage\":\"fr-FR\"}]}<\/script>\n<!-- \/ Yoast SEO plugin. -->","yoast_head_json":{"title":"Piste Cyclable | Nyala Suite Hotel Hotel 4 \u00e9toiles \u00e0 San Remo","robots":{"index":"noindex","follow":"follow","max-snippet":"max-snippet:-1","max-image-preview":"max-image-preview:large","max-video-preview":"max-video-preview:-1"},"og_locale":"fr_FR","og_type":"article","og_title":"Piste Cyclable | Nyala Suite Hotel Hotel 4 \u00e9toiles \u00e0 San Remo","og_description":"LE PARC COTIER ET LA PISTE CYCLABLE DE SANREMO A Sanremo, la piste cyclable est le c\u0153ur du parc c\u00f4tier et permet de profiter du climat doux et des paysages de la Riviera des Fleurs toute l&#8217;ann\u00e9e. Le\u00a0parc c\u00f4tier de la Ligurie\u00a0a \u00e9t\u00e9 inaugur\u00e9 en 2008 et se trouve sur le trac\u00e9 du chemin de [&hellip;]","og_url":"https:\/\/nyala.info\/fr\/offres-speciales-pour-vos-vacances\/sport-in-riviera\/vacances-en-velo\/piste-cyclable\/","og_site_name":"Nyala Suite Hotel","article_modified_time":"2016-10-07T14:33:06+00:00","og_image":[{"width":806,"height":537,"url":"https:\/\/nyala.info\/wp-content\/uploads\/2015\/04\/pistaciclabilesanremo.jpg","type":"image\/jpeg"}],"twitter_card":"summary_large_image","twitter_misc":{"Est. reading time":"1 minute"},"schema":{"@context":"https:\/\/schema.org","@graph":[{"@type":"WebPage","@id":"https:\/\/nyala.info\/fr\/offres-speciales-pour-vos-vacances\/sport-in-riviera\/vacances-en-velo\/piste-cyclable\/","url":"https:\/\/nyala.info\/fr\/offres-speciales-pour-vos-vacances\/sport-in-riviera\/vacances-en-velo\/piste-cyclable\/","name":"Piste Cyclable | Nyala Suite Hotel Hotel 4 \u00e9toiles \u00e0 San Remo","isPartOf":{"@id":"https:\/\/nyala.info\/fr\/#website"},"primaryImageOfPage":{"@id":"https:\/\/nyala.info\/fr\/offres-speciales-pour-vos-vacances\/sport-in-riviera\/vacances-en-velo\/piste-cyclable\/#primaryimage"},"image":{"@id":"https:\/\/nyala.info\/fr\/offres-speciales-pour-vos-vacances\/sport-in-riviera\/vacances-en-velo\/piste-cyclable\/#primaryimage"},"thumbnailUrl":"https:\/\/nyala.info\/wp-content\/uploads\/2015\/04\/pistaciclabilesanremo.jpg","datePublished":"2016-10-04T18:50:28+00:00","dateModified":"2016-10-07T14:33:06+00:00","breadcrumb":{"@id":"https:\/\/nyala.info\/fr\/offres-speciales-pour-vos-vacances\/sport-in-riviera\/vacances-en-velo\/piste-cyclable\/#breadcrumb"},"inLanguage":"fr-FR","potentialAction":[{"@type":"ReadAction","target":["https:\/\/nyala.info\/fr\/offres-speciales-pour-vos-vacances\/sport-in-riviera\/vacances-en-velo\/piste-cyclable\/"]}]},{"@type":"ImageObject","inLanguage":"fr-FR","@id":"https:\/\/nyala.info\/fr\/offres-speciales-pour-vos-vacances\/sport-in-riviera\/vacances-en-velo\/piste-cyclable\/#primaryimage","url":"https:\/\/nyala.info\/wp-content\/uploads\/2015\/04\/pistaciclabilesanremo.jpg","contentUrl":"https:\/\/nyala.info\/wp-content\/uploads\/2015\/04\/pistaciclabilesanremo.jpg","width":806,"height":537,"caption":"pista ciclabile, Piste Cyclable, \u0412\u0415\u041b\u041e\u0421\u0418\u041f\u0415\u0414\u041d\u0410\u042f \u0414\u041e\u0420\u041e\u0416\u041a\u0410"},{"@type":"BreadcrumbList","@id":"https:\/\/nyala.info\/fr\/offres-speciales-pour-vos-vacances\/sport-in-riviera\/vacances-en-velo\/piste-cyclable\/#breadcrumb","itemListElement":[{"@type":"ListItem","position":1,"name":"Home","item":"https:\/\/nyala.info\/fr\/"},{"@type":"ListItem","position":2,"name":"Offres sp\u00e9ciales pour vos vacances","item":"https:\/\/nyala.info\/fr\/offres-speciales-pour-vos-vacances\/"},{"@type":"ListItem","position":3,"name":"Sport in Riviera","item":"https:\/\/nyala.info\/fr\/offres-speciales-pour-vos-vacances\/sport-in-riviera\/"},{"@type":"ListItem","position":4,"name":"Vacances \u00e0 v\u00e9lo","item":"https:\/\/nyala.info\/fr\/offres-speciales-pour-vos-vacances\/sport-in-riviera\/vacances-en-velo\/"},{"@type":"ListItem","position":5,"name":"Piste Cyclable"}]},{"@type":"WebSite","@id":"https:\/\/nyala.info\/fr\/#website","url":"https:\/\/nyala.info\/fr\/","name":"Nyala Suite Hotel","description":"Hotel 4 \u00e9toiles \u00e0 San Remo","potentialAction":[{"@type":"SearchAction","target":{"@type":"EntryPoint","urlTemplate":"https:\/\/nyala.info\/fr\/?s={search_term_string}"},"query-input":{"@type":"PropertyValueSpecification","valueRequired":true,"valueName":"search_term_string"}}],"inLanguage":"fr-FR"}]}},"_links":{"self":[{"href":"https:\/\/nyala.info\/fr\/wp-json\/wp\/v2\/pages\/2027"}],"collection":[{"href":"https:\/\/nyala.info\/fr\/wp-json\/wp\/v2\/pages"}],"about":[{"href":"https:\/\/nyala.info\/fr\/wp-json\/wp\/v2\/types\/page"}],"author":[{"embeddable":true,"href":"https:\/\/nyala.info\/fr\/wp-json\/wp\/v2\/users\/3"}],"replies":[{"embeddable":true,"href":"https:\/\/nyala.info\/fr\/wp-json\/wp\/v2\/comments?post=2027"}],"version-history":[{"count":3,"href":"https:\/\/nyala.info\/fr\/wp-json\/wp\/v2\/pages\/2027\/revisions"}],"predecessor-version":[{"id":2109,"href":"https:\/\/nyala.info\/fr\/wp-json\/wp\/v2\/pages\/2027\/revisions\/2109"}],"up":[{"embeddable":true,"href":"https:\/\/nyala.info\/fr\/wp-json\/wp\/v2\/pages\/4756"}],"wp:featuredmedia":[{"embeddable":true,"href":"https:\/\/nyala.info\/fr\/wp-json\/wp\/v2\/media\/1122"}],"wp:attachment":[{"href":"https:\/\/nyala.info\/fr\/wp-json\/wp\/v2\/media?parent=2027"}],"curies":[{"name":"wp","href":"https:\/\/api.w.org\/{rel}","templated":true}]}}