{"id":2025,"date":"2016-10-04T20:49:49","date_gmt":"2016-10-04T18:49:49","guid":{"rendered":"http:\/\/www.nyalahotel.biz\/fr\/?page_id=2025"},"modified":"2016-10-07T15:17:29","modified_gmt":"2016-10-07T13:17:29","slug":"itineraires-sur-route","status":"publish","type":"page","link":"https:\/\/nyala.info\/fr\/offres-speciales-pour-vos-vacances\/sport-in-riviera\/vacances-en-velo\/itineraires-sur-route\/","title":{"rendered":"Itin\u00e9raires sur route"},"content":{"rendered":"<h2>CYCLISME SUR ROUTE A SANREMO ET EN LIGURIE<\/h2>\n<h4 style=\"text-align: justify;\">Sanremo est un des lieux mythiques du grand cyclisme, avec de grands champions qui s&#8217;affrontent chaque ann\u00e9e sur la Grande Classique Milan-Sanremo. Il n&#8217;y a pas de meilleur endroit pour des vacances \u00e0 v\u00e9lo en Ligurie.<\/h4>\n<p style=\"text-align: justify;\">\n<p style=\"text-align: justify;\">Si vous \u00eates\u00a0passionn\u00e9s de cyclisme sur route, profitez-vous aussi du climat doux de Sanremo pour parcourir les routes de la Grande Classique en toute saison, que ce soit en passant par Poggio et Cipressa ou en rejoignant les bourgs m\u00e9di\u00e9vaux de notre arri\u00e8re-pays, pour vous mettre au d\u00e9fi sur les cols des Alpes maritimes, grands protagonistes du Giro d\u2019Italia en 2001.<\/p>\n<p style=\"text-align: justify;\">La Riviera des Fleurs, avec sa nouvelle piste cyclable, est aussi un lieu parfait pour le cyclotouriste qui aime la nature et pr\u00e9f\u00e8re les parcours moins exigeants de la c\u00f4te, sans renoncer pour autant \u00e0 une immersion dans la nature et \u00e0 des vacances saines en Ligurie.<\/p>\n<p style=\"text-align: justify;\">Le Nyala Bike Hotel offre tous les services pour rendre vos vacances \u00e0 v\u00e9lo agr\u00e9ables et plaisantes.<\/p>\n","protected":false},"excerpt":{"rendered":"<p>CYCLISME SUR ROUTE A SANREMO ET EN LIGURIE Sanremo est un des lieux mythiques du grand cyclisme, avec de grands champions qui s&#8217;affrontent chaque ann\u00e9e sur la Grande Classique Milan-Sanremo. Il n&#8217;y a pas de meilleur endroit pour des vacances \u00e0 v\u00e9lo en Ligurie. Si vous \u00eates\u00a0passionn\u00e9s de cyclisme sur route, profitez-vous aussi du climat [&hellip;]<\/p>\n","protected":false},"author":3,"featured_media":1143,"parent":4756,"menu_order":24,"comment_status":"open","ping_status":"closed","template":"","meta":{"_acf_changed":false,"footnotes":""},"class_list":["post-2025","page","type-page","status-publish","has-post-thumbnail","hentry"],"acf":[],"yoast_head":"<!-- This site is optimized with the Yoast SEO plugin v25.6 - https:\/\/yoast.com\/wordpress\/plugins\/seo\/ -->\n<title>Itin\u00e9raires sur route | Nyala Suite Hotel Hotel 4 \u00e9toiles \u00e0 San Remo<\/title>\n<meta name=\"description\" content=\"Sanremo est un des lieux mythiques du grand cyclisme, avec de grands champions qui s&#039;affrontent chaque ann\u00e9e sur la Grande Classique Milan-Sanremo.\" \/>\n<meta name=\"robots\" content=\"noindex, follow, max-snippet:-1, max-image-preview:large, max-video-preview:-1\" \/>\n<meta property=\"og:locale\" content=\"fr_FR\" \/>\n<meta property=\"og:type\" content=\"article\" \/>\n<meta property=\"og:title\" content=\"Itin\u00e9raires sur route | Nyala Suite Hotel Hotel 4 \u00e9toiles \u00e0 San Remo\" \/>\n<meta property=\"og:description\" content=\"Sanremo est un des lieux mythiques du grand cyclisme, avec de grands champions qui s&#039;affrontent chaque ann\u00e9e sur la Grande Classique Milan-Sanremo.\" \/>\n<meta property=\"og:url\" content=\"https:\/\/nyala.info\/fr\/offres-speciales-pour-vos-vacances\/sport-in-riviera\/vacances-en-velo\/itineraires-sur-route\/\" \/>\n<meta property=\"og:site_name\" content=\"Nyala Suite Hotel\" \/>\n<meta property=\"article:modified_time\" content=\"2016-10-07T13:17:29+00:00\" \/>\n<meta property=\"og:image\" content=\"https:\/\/nyala.info\/wp-content\/uploads\/2015\/04\/streetbike.jpg\" \/>\n\t<meta property=\"og:image:width\" content=\"1149\" \/>\n\t<meta property=\"og:image:height\" content=\"766\" \/>\n\t<meta property=\"og:image:type\" content=\"image\/jpeg\" \/>\n<meta name=\"twitter:card\" content=\"summary_large_image\" \/>\n<meta name=\"twitter:label1\" content=\"Est. reading time\" \/>\n\t<meta name=\"twitter:data1\" content=\"1 minute\" \/>\n<script type=\"application\/ld+json\" class=\"yoast-schema-graph\">{\"@context\":\"https:\/\/schema.org\",\"@graph\":[{\"@type\":\"WebPage\",\"@id\":\"https:\/\/nyala.info\/fr\/offres-speciales-pour-vos-vacances\/sport-in-riviera\/vacances-en-velo\/itineraires-sur-route\/\",\"url\":\"https:\/\/nyala.info\/fr\/offres-speciales-pour-vos-vacances\/sport-in-riviera\/vacances-en-velo\/itineraires-sur-route\/\",\"name\":\"Itin\u00e9raires sur route | Nyala Suite Hotel Hotel 4 \u00e9toiles \u00e0 San Remo\",\"isPartOf\":{\"@id\":\"https:\/\/nyala.info\/fr\/#website\"},\"primaryImageOfPage\":{\"@id\":\"https:\/\/nyala.info\/fr\/offres-speciales-pour-vos-vacances\/sport-in-riviera\/vacances-en-velo\/itineraires-sur-route\/#primaryimage\"},\"image\":{\"@id\":\"https:\/\/nyala.info\/fr\/offres-speciales-pour-vos-vacances\/sport-in-riviera\/vacances-en-velo\/itineraires-sur-route\/#primaryimage\"},\"thumbnailUrl\":\"https:\/\/nyala.info\/wp-content\/uploads\/2015\/04\/streetbike.jpg\",\"datePublished\":\"2016-10-04T18:49:49+00:00\",\"dateModified\":\"2016-10-07T13:17:29+00:00\",\"description\":\"Sanremo est un des lieux mythiques du grand cyclisme, avec de grands champions qui s'affrontent chaque ann\u00e9e sur la Grande Classique Milan-Sanremo.\",\"breadcrumb\":{\"@id\":\"https:\/\/nyala.info\/fr\/offres-speciales-pour-vos-vacances\/sport-in-riviera\/vacances-en-velo\/itineraires-sur-route\/#breadcrumb\"},\"inLanguage\":\"fr-FR\",\"potentialAction\":[{\"@type\":\"ReadAction\",\"target\":[\"https:\/\/nyala.info\/fr\/offres-speciales-pour-vos-vacances\/sport-in-riviera\/vacances-en-velo\/itineraires-sur-route\/\"]}]},{\"@type\":\"ImageObject\",\"inLanguage\":\"fr-FR\",\"@id\":\"https:\/\/nyala.info\/fr\/offres-speciales-pour-vos-vacances\/sport-in-riviera\/vacances-en-velo\/itineraires-sur-route\/#primaryimage\",\"url\":\"https:\/\/nyala.info\/wp-content\/uploads\/2015\/04\/streetbike.jpg\",\"contentUrl\":\"https:\/\/nyala.info\/wp-content\/uploads\/2015\/04\/streetbike.jpg\",\"width\":1149,\"height\":766,\"caption\":\"milano sanremo, fahrradfahren, \u0428\u041e\u0421\u0421\u0415\u0419\u041d\u042b\u0419\"},{\"@type\":\"BreadcrumbList\",\"@id\":\"https:\/\/nyala.info\/fr\/offres-speciales-pour-vos-vacances\/sport-in-riviera\/vacances-en-velo\/itineraires-sur-route\/#breadcrumb\",\"itemListElement\":[{\"@type\":\"ListItem\",\"position\":1,\"name\":\"Home\",\"item\":\"https:\/\/nyala.info\/fr\/\"},{\"@type\":\"ListItem\",\"position\":2,\"name\":\"Offres sp\u00e9ciales pour vos vacances\",\"item\":\"https:\/\/nyala.info\/fr\/offres-speciales-pour-vos-vacances\/\"},{\"@type\":\"ListItem\",\"position\":3,\"name\":\"Sport in Riviera\",\"item\":\"https:\/\/nyala.info\/fr\/offres-speciales-pour-vos-vacances\/sport-in-riviera\/\"},{\"@type\":\"ListItem\",\"position\":4,\"name\":\"Vacances \u00e0 v\u00e9lo\",\"item\":\"https:\/\/nyala.info\/fr\/offres-speciales-pour-vos-vacances\/sport-in-riviera\/vacances-en-velo\/\"},{\"@type\":\"ListItem\",\"position\":5,\"name\":\"Itin\u00e9raires sur route\"}]},{\"@type\":\"WebSite\",\"@id\":\"https:\/\/nyala.info\/fr\/#website\",\"url\":\"https:\/\/nyala.info\/fr\/\",\"name\":\"Nyala Suite Hotel\",\"description\":\"Hotel 4 \u00e9toiles \u00e0 San Remo\",\"potentialAction\":[{\"@type\":\"SearchAction\",\"target\":{\"@type\":\"EntryPoint\",\"urlTemplate\":\"https:\/\/nyala.info\/fr\/?s={search_term_string}\"},\"query-input\":{\"@type\":\"PropertyValueSpecification\",\"valueRequired\":true,\"valueName\":\"search_term_string\"}}],\"inLanguage\":\"fr-FR\"}]}<\/script>\n<!-- \/ Yoast SEO plugin. -->","yoast_head_json":{"title":"Itin\u00e9raires sur route | Nyala Suite Hotel Hotel 4 \u00e9toiles \u00e0 San Remo","description":"Sanremo est un des lieux mythiques du grand cyclisme, avec de grands champions qui s'affrontent chaque ann\u00e9e sur la Grande Classique Milan-Sanremo.","robots":{"index":"noindex","follow":"follow","max-snippet":"max-snippet:-1","max-image-preview":"max-image-preview:large","max-video-preview":"max-video-preview:-1"},"og_locale":"fr_FR","og_type":"article","og_title":"Itin\u00e9raires sur route | Nyala Suite Hotel Hotel 4 \u00e9toiles \u00e0 San Remo","og_description":"Sanremo est un des lieux mythiques du grand cyclisme, avec de grands champions qui s'affrontent chaque ann\u00e9e sur la Grande Classique Milan-Sanremo.","og_url":"https:\/\/nyala.info\/fr\/offres-speciales-pour-vos-vacances\/sport-in-riviera\/vacances-en-velo\/itineraires-sur-route\/","og_site_name":"Nyala Suite Hotel","article_modified_time":"2016-10-07T13:17:29+00:00","og_image":[{"width":1149,"height":766,"url":"https:\/\/nyala.info\/wp-content\/uploads\/2015\/04\/streetbike.jpg","type":"image\/jpeg"}],"twitter_card":"summary_large_image","twitter_misc":{"Est. reading time":"1 minute"},"schema":{"@context":"https:\/\/schema.org","@graph":[{"@type":"WebPage","@id":"https:\/\/nyala.info\/fr\/offres-speciales-pour-vos-vacances\/sport-in-riviera\/vacances-en-velo\/itineraires-sur-route\/","url":"https:\/\/nyala.info\/fr\/offres-speciales-pour-vos-vacances\/sport-in-riviera\/vacances-en-velo\/itineraires-sur-route\/","name":"Itin\u00e9raires sur route | Nyala Suite Hotel Hotel 4 \u00e9toiles \u00e0 San Remo","isPartOf":{"@id":"https:\/\/nyala.info\/fr\/#website"},"primaryImageOfPage":{"@id":"https:\/\/nyala.info\/fr\/offres-speciales-pour-vos-vacances\/sport-in-riviera\/vacances-en-velo\/itineraires-sur-route\/#primaryimage"},"image":{"@id":"https:\/\/nyala.info\/fr\/offres-speciales-pour-vos-vacances\/sport-in-riviera\/vacances-en-velo\/itineraires-sur-route\/#primaryimage"},"thumbnailUrl":"https:\/\/nyala.info\/wp-content\/uploads\/2015\/04\/streetbike.jpg","datePublished":"2016-10-04T18:49:49+00:00","dateModified":"2016-10-07T13:17:29+00:00","description":"Sanremo est un des lieux mythiques du grand cyclisme, avec de grands champions qui s'affrontent chaque ann\u00e9e sur la Grande Classique Milan-Sanremo.","breadcrumb":{"@id":"https:\/\/nyala.info\/fr\/offres-speciales-pour-vos-vacances\/sport-in-riviera\/vacances-en-velo\/itineraires-sur-route\/#breadcrumb"},"inLanguage":"fr-FR","potentialAction":[{"@type":"ReadAction","target":["https:\/\/nyala.info\/fr\/offres-speciales-pour-vos-vacances\/sport-in-riviera\/vacances-en-velo\/itineraires-sur-route\/"]}]},{"@type":"ImageObject","inLanguage":"fr-FR","@id":"https:\/\/nyala.info\/fr\/offres-speciales-pour-vos-vacances\/sport-in-riviera\/vacances-en-velo\/itineraires-sur-route\/#primaryimage","url":"https:\/\/nyala.info\/wp-content\/uploads\/2015\/04\/streetbike.jpg","contentUrl":"https:\/\/nyala.info\/wp-content\/uploads\/2015\/04\/streetbike.jpg","width":1149,"height":766,"caption":"milano sanremo, fahrradfahren, \u0428\u041e\u0421\u0421\u0415\u0419\u041d\u042b\u0419"},{"@type":"BreadcrumbList","@id":"https:\/\/nyala.info\/fr\/offres-speciales-pour-vos-vacances\/sport-in-riviera\/vacances-en-velo\/itineraires-sur-route\/#breadcrumb","itemListElement":[{"@type":"ListItem","position":1,"name":"Home","item":"https:\/\/nyala.info\/fr\/"},{"@type":"ListItem","position":2,"name":"Offres sp\u00e9ciales pour vos vacances","item":"https:\/\/nyala.info\/fr\/offres-speciales-pour-vos-vacances\/"},{"@type":"ListItem","position":3,"name":"Sport in Riviera","item":"https:\/\/nyala.info\/fr\/offres-speciales-pour-vos-vacances\/sport-in-riviera\/"},{"@type":"ListItem","position":4,"name":"Vacances \u00e0 v\u00e9lo","item":"https:\/\/nyala.info\/fr\/offres-speciales-pour-vos-vacances\/sport-in-riviera\/vacances-en-velo\/"},{"@type":"ListItem","position":5,"name":"Itin\u00e9raires sur route"}]},{"@type":"WebSite","@id":"https:\/\/nyala.info\/fr\/#website","url":"https:\/\/nyala.info\/fr\/","name":"Nyala Suite Hotel","description":"Hotel 4 \u00e9toiles \u00e0 San Remo","potentialAction":[{"@type":"SearchAction","target":{"@type":"EntryPoint","urlTemplate":"https:\/\/nyala.info\/fr\/?s={search_term_string}"},"query-input":{"@type":"PropertyValueSpecification","valueRequired":true,"valueName":"search_term_string"}}],"inLanguage":"fr-FR"}]}},"_links":{"self":[{"href":"https:\/\/nyala.info\/fr\/wp-json\/wp\/v2\/pages\/2025"}],"collection":[{"href":"https:\/\/nyala.info\/fr\/wp-json\/wp\/v2\/pages"}],"about":[{"href":"https:\/\/nyala.info\/fr\/wp-json\/wp\/v2\/types\/page"}],"author":[{"embeddable":true,"href":"https:\/\/nyala.info\/fr\/wp-json\/wp\/v2\/users\/3"}],"replies":[{"embeddable":true,"href":"https:\/\/nyala.info\/fr\/wp-json\/wp\/v2\/comments?post=2025"}],"version-history":[{"count":3,"href":"https:\/\/nyala.info\/fr\/wp-json\/wp\/v2\/pages\/2025\/revisions"}],"predecessor-version":[{"id":2081,"href":"https:\/\/nyala.info\/fr\/wp-json\/wp\/v2\/pages\/2025\/revisions\/2081"}],"up":[{"embeddable":true,"href":"https:\/\/nyala.info\/fr\/wp-json\/wp\/v2\/pages\/4756"}],"wp:featuredmedia":[{"embeddable":true,"href":"https:\/\/nyala.info\/fr\/wp-json\/wp\/v2\/media\/1143"}],"wp:attachment":[{"href":"https:\/\/nyala.info\/fr\/wp-json\/wp\/v2\/media?parent=2025"}],"curies":[{"name":"wp","href":"https:\/\/api.w.org\/{rel}","templated":true}]}}