{"id":2019,"date":"2016-10-04T21:45:13","date_gmt":"2016-10-04T19:45:13","guid":{"rendered":"http:\/\/www.nyalahotel.biz\/fr\/?page_id=2019"},"modified":"2017-10-03T19:38:26","modified_gmt":"2017-10-03T17:38:26","slug":"offres-speciales-pour-les-familles","status":"publish","type":"page","link":"https:\/\/nyala.info\/fr\/offres-speciales-pour-vos-vacances\/vacances-pour-familles\/offres-speciales-pour-les-familles\/","title":{"rendered":"Offres sp\u00e9ciales pour les familles"},"content":{"rendered":"<h2 style=\"text-align: center;\">Offre vacances pour familles avec enfants \u00e0 Sanremo<\/h2>\n<p style=\"text-align: center;\">Nous vous pr\u00e9sentons les meilleures offres de notre family hotel pour des vacances en famille avec enfants \u00e0 Sanremo<\/p>\n<p style=\"text-align: center;\"><a class=\"maxbutton-3 maxbutton maxbutton-reserver\" target=\"_blank\" rel=\"noopener\" href=\"http:\/\/www.nyalahotel.com\/fr\/reserver\/\"><span class='mb-text'>Reserver<\/span><\/a><\/p>\n<ul class=\"tabs\">\n<li class=\"tab-link current\" data-tab=\"tab-1\">La vacance est un plaisir&#8230; familial!<\/li>\n<li class=\"tab-link\" data-tab=\"tab-2\">L&#8217;offre comprend<\/li>\n<li class=\"tab-link\" data-tab=\"tab-3\">Conditions de reservation<\/li>\n<\/ul>\n<p>&nbsp;<\/p>\n<div id=\"tab-1\" class=\"tab-content current\">\n<p><strong>LA VACANCE EST UN PLAISIR&#8230;FAMILIAL!<\/strong><\/p>\n<p style=\"text-align: justify;\">Repos, loisirs et sant\u00e9 pour vous et vos enfants.<br \/>\nLes vacances ne sont pas seulement une pause, un moment de d\u00e9tente et une r\u00e9compense d\u00e9di\u00e9es aux loisirs, mais c&#8217;est aussi la possibilit\u00e9 de renforcer votre sant\u00e9 et surtout celle de vos enfants en les \u00e9loignant de tous les types de pollution, en leur offrant un espace magique d\u2019air pur et parfum\u00e9, comme seul le climat doux de Sanremo et de la Riviera peuvent le permettre.<\/p>\n<p style=\"text-align: justify;\">Regard l&#8217;offre Famille Arc en ciel de la Riviera<br \/>\n<a class=\"maxbutton-1 maxbutton maxbutton-prenota prenota-button-class\" target=\"_blank\" rel=\"noopener\" href=\"http:\/\/www.nyalahotel.com\/it\/prenota\/\"><span class='mb-text'>Prenota<\/span><\/a><\/p>\n<\/div>\n<div id=\"tab-2\" class=\"tab-content\">\n<p>L&#8217;offre pr\u00e9voit:<\/p>\n<ul style=\"text-align: justify;\">\n<li>il kit b\u00e9b\u00e9 (berceau, table \u00e0 langer, petite baignoire..) mis gratuitement \u00e0 disposition (sur r\u00e9servation).<\/li>\n<li>Les enfants de moins de 13 ans dorment et mangent gratuitement en partageant la chambre avec leurs parents (2 enfants maximum)).<\/li>\n<li>Les jeunes de moins de 18 ans b\u00e9n\u00e9ficient d&#8217;une r\u00e9duction de 50% en partageant la chambre de leurs parents.<\/li>\n<li>Formule 7&#215;6 = s\u00e9journez 7 nuits pour le prix de 6.<\/li>\n<\/ul>\n<\/div>\n<div id=\"tab-3\" class=\"tab-content\">\n<p><strong>Conditions de reservation<\/strong><\/p>\n<ul style=\"text-align: justify;\">\n<li>Dur\u00e9e minimale du s\u00e9jour: 2 nuits.<\/li>\n<li>Dur\u00e9e maximale du s\u00e9jour: indiff\u00e9rent.<\/li>\n<li>Cette offre est disponible uniquement pour les r\u00e9servations en ligne et pour un nombre de places limit\u00e9.<\/li>\n<li>L&#8217;offre est valable toute l&#8217;ann\u00e9e \u00e0 l&#8217;exception des p\u00e9riodes de grandes affluence.<\/li>\n<li>Toutes les r\u00e9ductions propos\u00e9es sont calcul\u00e9es automatiquement par notre logiciel de r\u00e9servation.<\/li>\n<li>L&#8217;offre peut subir des variations au cours de l&#8217;ann\u00e9e et ce sans pr\u00e9avis.<\/li>\n<li>En cas de r\u00e9clamation, les tarifs propos\u00e9s par notre logiciel de r\u00e9servation feront foi.<\/li>\n<li>Caution: 25% (min. 1 nuit).<\/li>\n<li>Annulation gratuite jusqu&#8217;\u00e0 7 jours avant votre arriv\u00e9e.<\/li>\n<li>P\u00e9nalit\u00e9 en cas d&#8217;annulation tardive, de non-pr\u00e9sentation ou de d\u00e9part anticip\u00e9: 100%.<\/li>\n<\/ul>\n<\/div>\n<p><!-- container --><br \/>\n<script type=\"text\/javascript\">\n\tjQuery(document).ready(function(){\t\n\tjQuery('ul.tabs li').click(function(){\n\t\tvar tab_id = jQuery(this).attr('data-tab');\n\t\tjQuery('ul.tabs li').removeClass('current');\n\t\tjQuery('.tab-content').removeClass('current');\n\t\tjQuery(this).addClass('current');\n\t\tjQuery(\"#\"+tab_id).addClass('current');\n\t})\n})\n<\/script><\/p>\n","protected":false},"excerpt":{"rendered":"<p>Offre vacances pour familles avec enfants \u00e0 Sanremo Nous vous pr\u00e9sentons les meilleures offres de notre family hotel pour des vacances en famille avec enfants \u00e0 Sanremo La vacance est un plaisir&#8230; familial! L&#8217;offre comprend Conditions de reservation &nbsp; LA VACANCE EST UN PLAISIR&#8230;FAMILIAL! Repos, loisirs et sant\u00e9 pour vous et vos enfants. Les vacances [&hellip;]<\/p>\n","protected":false},"author":3,"featured_media":1159,"parent":4775,"menu_order":23,"comment_status":"open","ping_status":"open","template":"","meta":{"_acf_changed":false,"footnotes":""},"class_list":["post-2019","page","type-page","status-publish","has-post-thumbnail","hentry"],"acf":[],"yoast_head":"<!-- This site is optimized with the Yoast SEO plugin v25.6 - https:\/\/yoast.com\/wordpress\/plugins\/seo\/ -->\n<title>Offres sp\u00e9ciales pour les familles | Nyala Suite Hotel Hotel 4 \u00e9toiles \u00e0 San Remo<\/title>\n<meta name=\"description\" content=\"Offre specieales pour familles avec enfants \u00e0 Sanremo. Nous vous pr\u00e9sentons les meilleures offres de notre family hotel pour des vacances en famille.\" \/>\n<meta name=\"robots\" content=\"noindex, follow, max-snippet:-1, max-image-preview:large, max-video-preview:-1\" \/>\n<meta property=\"og:locale\" content=\"fr_FR\" \/>\n<meta property=\"og:type\" content=\"article\" \/>\n<meta property=\"og:title\" content=\"Offres sp\u00e9ciales pour les familles | Nyala Suite Hotel Hotel 4 \u00e9toiles \u00e0 San Remo\" \/>\n<meta property=\"og:description\" content=\"Offre specieales pour familles avec enfants \u00e0 Sanremo. Nous vous pr\u00e9sentons les meilleures offres de notre family hotel pour des vacances en famille.\" \/>\n<meta property=\"og:url\" content=\"https:\/\/nyala.info\/fr\/offres-speciales-pour-vos-vacances\/vacances-pour-familles\/offres-speciales-pour-les-familles\/\" \/>\n<meta property=\"og:site_name\" content=\"Nyala Suite Hotel\" \/>\n<meta property=\"article:modified_time\" content=\"2017-10-03T17:38:26+00:00\" \/>\n<meta property=\"og:image\" content=\"https:\/\/nyala.info\/wp-content\/uploads\/2015\/04\/famiglie.jpg\" \/>\n\t<meta property=\"og:image:width\" content=\"1620\" \/>\n\t<meta property=\"og:image:height\" content=\"1080\" \/>\n\t<meta property=\"og:image:type\" content=\"image\/jpeg\" \/>\n<meta name=\"twitter:card\" content=\"summary_large_image\" \/>\n<meta name=\"twitter:label1\" content=\"Est. reading time\" \/>\n\t<meta name=\"twitter:data1\" content=\"2 minutes\" \/>\n<script type=\"application\/ld+json\" class=\"yoast-schema-graph\">{\"@context\":\"https:\/\/schema.org\",\"@graph\":[{\"@type\":\"WebPage\",\"@id\":\"https:\/\/nyala.info\/fr\/offres-speciales-pour-vos-vacances\/vacances-pour-familles\/offres-speciales-pour-les-familles\/\",\"url\":\"https:\/\/nyala.info\/fr\/offres-speciales-pour-vos-vacances\/vacances-pour-familles\/offres-speciales-pour-les-familles\/\",\"name\":\"Offres sp\u00e9ciales pour les familles | Nyala Suite Hotel Hotel 4 \u00e9toiles \u00e0 San Remo\",\"isPartOf\":{\"@id\":\"https:\/\/nyala.info\/fr\/#website\"},\"primaryImageOfPage\":{\"@id\":\"https:\/\/nyala.info\/fr\/offres-speciales-pour-vos-vacances\/vacances-pour-familles\/offres-speciales-pour-les-familles\/#primaryimage\"},\"image\":{\"@id\":\"https:\/\/nyala.info\/fr\/offres-speciales-pour-vos-vacances\/vacances-pour-familles\/offres-speciales-pour-les-familles\/#primaryimage\"},\"thumbnailUrl\":\"https:\/\/nyala.info\/wp-content\/uploads\/2015\/04\/famiglie.jpg\",\"datePublished\":\"2016-10-04T19:45:13+00:00\",\"dateModified\":\"2017-10-03T17:38:26+00:00\",\"description\":\"Offre specieales pour familles avec enfants \u00e0 Sanremo. Nous vous pr\u00e9sentons les meilleures offres de notre family hotel pour des vacances en famille.\",\"breadcrumb\":{\"@id\":\"https:\/\/nyala.info\/fr\/offres-speciales-pour-vos-vacances\/vacances-pour-familles\/offres-speciales-pour-les-familles\/#breadcrumb\"},\"inLanguage\":\"fr-FR\",\"potentialAction\":[{\"@type\":\"ReadAction\",\"target\":[\"https:\/\/nyala.info\/fr\/offres-speciales-pour-vos-vacances\/vacances-pour-familles\/offres-speciales-pour-les-familles\/\"]}]},{\"@type\":\"ImageObject\",\"inLanguage\":\"fr-FR\",\"@id\":\"https:\/\/nyala.info\/fr\/offres-speciales-pour-vos-vacances\/vacances-pour-familles\/offres-speciales-pour-les-familles\/#primaryimage\",\"url\":\"https:\/\/nyala.info\/wp-content\/uploads\/2015\/04\/famiglie.jpg\",\"contentUrl\":\"https:\/\/nyala.info\/wp-content\/uploads\/2015\/04\/famiglie.jpg\",\"width\":1620,\"height\":1080,\"caption\":\"Famiglie, familles, familienrlaube, \u041e\u0442\u043f\u0443\u0441\u043a \u0441\u0435\u043c\u044c\u0435\u0439\"},{\"@type\":\"BreadcrumbList\",\"@id\":\"https:\/\/nyala.info\/fr\/offres-speciales-pour-vos-vacances\/vacances-pour-familles\/offres-speciales-pour-les-familles\/#breadcrumb\",\"itemListElement\":[{\"@type\":\"ListItem\",\"position\":1,\"name\":\"Home\",\"item\":\"https:\/\/nyala.info\/fr\/\"},{\"@type\":\"ListItem\",\"position\":2,\"name\":\"Offres sp\u00e9ciales pour vos vacances\",\"item\":\"https:\/\/nyala.info\/fr\/offres-speciales-pour-vos-vacances\/\"},{\"@type\":\"ListItem\",\"position\":3,\"name\":\"Vacances avec les enfants dans notre Family Hotel\",\"item\":\"https:\/\/nyala.info\/fr\/offres-speciales-pour-vos-vacances\/vacances-pour-familles\/\"},{\"@type\":\"ListItem\",\"position\":4,\"name\":\"Offres sp\u00e9ciales pour les familles\"}]},{\"@type\":\"WebSite\",\"@id\":\"https:\/\/nyala.info\/fr\/#website\",\"url\":\"https:\/\/nyala.info\/fr\/\",\"name\":\"Nyala Suite Hotel\",\"description\":\"Hotel 4 \u00e9toiles \u00e0 San Remo\",\"potentialAction\":[{\"@type\":\"SearchAction\",\"target\":{\"@type\":\"EntryPoint\",\"urlTemplate\":\"https:\/\/nyala.info\/fr\/?s={search_term_string}\"},\"query-input\":{\"@type\":\"PropertyValueSpecification\",\"valueRequired\":true,\"valueName\":\"search_term_string\"}}],\"inLanguage\":\"fr-FR\"}]}<\/script>\n<!-- \/ Yoast SEO plugin. -->","yoast_head_json":{"title":"Offres sp\u00e9ciales pour les familles | Nyala Suite Hotel Hotel 4 \u00e9toiles \u00e0 San Remo","description":"Offre specieales pour familles avec enfants \u00e0 Sanremo. Nous vous pr\u00e9sentons les meilleures offres de notre family hotel pour des vacances en famille.","robots":{"index":"noindex","follow":"follow","max-snippet":"max-snippet:-1","max-image-preview":"max-image-preview:large","max-video-preview":"max-video-preview:-1"},"og_locale":"fr_FR","og_type":"article","og_title":"Offres sp\u00e9ciales pour les familles | Nyala Suite Hotel Hotel 4 \u00e9toiles \u00e0 San Remo","og_description":"Offre specieales pour familles avec enfants \u00e0 Sanremo. Nous vous pr\u00e9sentons les meilleures offres de notre family hotel pour des vacances en famille.","og_url":"https:\/\/nyala.info\/fr\/offres-speciales-pour-vos-vacances\/vacances-pour-familles\/offres-speciales-pour-les-familles\/","og_site_name":"Nyala Suite Hotel","article_modified_time":"2017-10-03T17:38:26+00:00","og_image":[{"width":1620,"height":1080,"url":"https:\/\/nyala.info\/wp-content\/uploads\/2015\/04\/famiglie.jpg","type":"image\/jpeg"}],"twitter_card":"summary_large_image","twitter_misc":{"Est. reading time":"2 minutes"},"schema":{"@context":"https:\/\/schema.org","@graph":[{"@type":"WebPage","@id":"https:\/\/nyala.info\/fr\/offres-speciales-pour-vos-vacances\/vacances-pour-familles\/offres-speciales-pour-les-familles\/","url":"https:\/\/nyala.info\/fr\/offres-speciales-pour-vos-vacances\/vacances-pour-familles\/offres-speciales-pour-les-familles\/","name":"Offres sp\u00e9ciales pour les familles | Nyala Suite Hotel Hotel 4 \u00e9toiles \u00e0 San Remo","isPartOf":{"@id":"https:\/\/nyala.info\/fr\/#website"},"primaryImageOfPage":{"@id":"https:\/\/nyala.info\/fr\/offres-speciales-pour-vos-vacances\/vacances-pour-familles\/offres-speciales-pour-les-familles\/#primaryimage"},"image":{"@id":"https:\/\/nyala.info\/fr\/offres-speciales-pour-vos-vacances\/vacances-pour-familles\/offres-speciales-pour-les-familles\/#primaryimage"},"thumbnailUrl":"https:\/\/nyala.info\/wp-content\/uploads\/2015\/04\/famiglie.jpg","datePublished":"2016-10-04T19:45:13+00:00","dateModified":"2017-10-03T17:38:26+00:00","description":"Offre specieales pour familles avec enfants \u00e0 Sanremo. Nous vous pr\u00e9sentons les meilleures offres de notre family hotel pour des vacances en famille.","breadcrumb":{"@id":"https:\/\/nyala.info\/fr\/offres-speciales-pour-vos-vacances\/vacances-pour-familles\/offres-speciales-pour-les-familles\/#breadcrumb"},"inLanguage":"fr-FR","potentialAction":[{"@type":"ReadAction","target":["https:\/\/nyala.info\/fr\/offres-speciales-pour-vos-vacances\/vacances-pour-familles\/offres-speciales-pour-les-familles\/"]}]},{"@type":"ImageObject","inLanguage":"fr-FR","@id":"https:\/\/nyala.info\/fr\/offres-speciales-pour-vos-vacances\/vacances-pour-familles\/offres-speciales-pour-les-familles\/#primaryimage","url":"https:\/\/nyala.info\/wp-content\/uploads\/2015\/04\/famiglie.jpg","contentUrl":"https:\/\/nyala.info\/wp-content\/uploads\/2015\/04\/famiglie.jpg","width":1620,"height":1080,"caption":"Famiglie, familles, familienrlaube, \u041e\u0442\u043f\u0443\u0441\u043a \u0441\u0435\u043c\u044c\u0435\u0439"},{"@type":"BreadcrumbList","@id":"https:\/\/nyala.info\/fr\/offres-speciales-pour-vos-vacances\/vacances-pour-familles\/offres-speciales-pour-les-familles\/#breadcrumb","itemListElement":[{"@type":"ListItem","position":1,"name":"Home","item":"https:\/\/nyala.info\/fr\/"},{"@type":"ListItem","position":2,"name":"Offres sp\u00e9ciales pour vos vacances","item":"https:\/\/nyala.info\/fr\/offres-speciales-pour-vos-vacances\/"},{"@type":"ListItem","position":3,"name":"Vacances avec les enfants dans notre Family Hotel","item":"https:\/\/nyala.info\/fr\/offres-speciales-pour-vos-vacances\/vacances-pour-familles\/"},{"@type":"ListItem","position":4,"name":"Offres sp\u00e9ciales pour les familles"}]},{"@type":"WebSite","@id":"https:\/\/nyala.info\/fr\/#website","url":"https:\/\/nyala.info\/fr\/","name":"Nyala Suite Hotel","description":"Hotel 4 \u00e9toiles \u00e0 San Remo","potentialAction":[{"@type":"SearchAction","target":{"@type":"EntryPoint","urlTemplate":"https:\/\/nyala.info\/fr\/?s={search_term_string}"},"query-input":{"@type":"PropertyValueSpecification","valueRequired":true,"valueName":"search_term_string"}}],"inLanguage":"fr-FR"}]}},"_links":{"self":[{"href":"https:\/\/nyala.info\/fr\/wp-json\/wp\/v2\/pages\/2019"}],"collection":[{"href":"https:\/\/nyala.info\/fr\/wp-json\/wp\/v2\/pages"}],"about":[{"href":"https:\/\/nyala.info\/fr\/wp-json\/wp\/v2\/types\/page"}],"author":[{"embeddable":true,"href":"https:\/\/nyala.info\/fr\/wp-json\/wp\/v2\/users\/3"}],"replies":[{"embeddable":true,"href":"https:\/\/nyala.info\/fr\/wp-json\/wp\/v2\/comments?post=2019"}],"version-history":[{"count":7,"href":"https:\/\/nyala.info\/fr\/wp-json\/wp\/v2\/pages\/2019\/revisions"}],"predecessor-version":[{"id":6235,"href":"https:\/\/nyala.info\/fr\/wp-json\/wp\/v2\/pages\/2019\/revisions\/6235"}],"up":[{"embeddable":true,"href":"https:\/\/nyala.info\/fr\/wp-json\/wp\/v2\/pages\/4775"}],"wp:featuredmedia":[{"embeddable":true,"href":"https:\/\/nyala.info\/fr\/wp-json\/wp\/v2\/media\/1159"}],"wp:attachment":[{"href":"https:\/\/nyala.info\/fr\/wp-json\/wp\/v2\/media?parent=2019"}],"curies":[{"name":"wp","href":"https:\/\/api.w.org\/{rel}","templated":true}]}}