{"id":2004,"date":"2016-10-04T20:34:15","date_gmt":"2016-10-04T18:34:15","guid":{"rendered":"http:\/\/www.nyalahotel.biz\/fr\/?page_id=2004"},"modified":"2018-12-27T15:25:36","modified_gmt":"2018-12-27T14:25:36","slug":"noel-a-sanremo","status":"publish","type":"page","link":"https:\/\/nyala.info\/fr\/offres-speciales-pour-vos-vacances\/vacances-et-festivites\/noel-a-sanremo\/","title":{"rendered":"No\u00ebl \u00e0 Sanremo"},"content":{"rendered":"<h2 style=\"text-align: center;\">No\u00ebl \u00e0 Sanremo<\/h2>\n<p>R\u00e9servez vos vacances de No\u00ebl \u00e0 Sanremo en profitant des offres de notre h\u00f4tel 4 \u00e9toiles moderne et du climat doux de la Riviera.<\/p>\n<ul class=\"tabs\">\n<li class=\"tab-link current\" data-tab=\"tab-1\">Reserver<\/li>\n<li class=\"tab-link\" data-tab=\"tab-2\">Notre offre comprend<\/li>\n<li class=\"tab-link\" data-tab=\"tab-3\">Conditions de reservation<\/li>\n<\/ul>\n<div id=\"tab-1\" class=\"tab-content current\">\n<p>Voici le programme des F\u00eates:<\/p>\n<p>* 24 d\u00e9cembre:<br \/>\nR\u00e9veillon de No\u00ebl avec d\u00eener et musique.<br \/>\n* 25 d\u00e9cembre :<br \/>\nle traditionnel repas de No\u00ebl<\/p>\n<p>* 31 d\u00e9cembre:<\/p>\n<p>R\u00e9veillon de la Saint Sylvestre avec d\u00eener en musique.<br \/>\n* 1er janvier :<br \/>\nD\u00eener du nouvel An avec accompagnement musical.<\/p>\n<p>* 5 janvier:<br \/>\nVeill\u00e9e avec d\u00eener de gala.<br \/>\n* 6 janvier:<br \/>\nRepas traditionnel de l&#8217;Epiphanie.<\/p>\n<p style=\"text-align: center;\"><a class=\"maxbutton-3 maxbutton maxbutton-reserver\" target=\"_blank\" rel=\"noopener\" href=\"http:\/\/www.nyalahotel.com\/fr\/reserver\/\"><span class='mb-text'>Reserver<\/span><\/a><\/p>\n<\/div>\n<div id=\"tab-2\" class=\"tab-content\">\n<p>Notre offre comprend:<\/p>\n<ul>\n<li>le s\u00e9jour en demi-pension<\/li>\n<li>Formule 4&#215;3 = restez 4 nuits et payez-en 3 seulement<\/li>\n<li>Sp\u00e9cial familles: jusqu&#8217;\u00e0 2 enfants gratuits en chambre avec les parents.<\/li>\n<\/ul>\n<p>L&#8217;offre comprend aussi:<\/p>\n<ul>\n<li>un accueil VIP \u00e0 votre arriv\u00e9e en chambre : une bouteille de p\u00e9tillant et un bouquet compos\u00e9 des fleurs particuli\u00e8rement parfum\u00e9es de Sanremo.<\/li>\n<li>Le parking priv\u00e9, en fonction des disponibilit\u00e9s.<\/li>\n<li>Un bon \u00e0 transformer en fiches pour tenter votre chance au Casino de Sanremo.<\/li>\n<\/ul>\n<\/div>\n<div id=\"tab-3\" class=\"tab-content\">\n<p>CONDITIONS DE RESERVATION.<\/p>\n<ul>\n<li>Dur\u00e9e minimale du s\u00e9jour: 2 nuits.<\/li>\n<li>Dur\u00e9e maximale du s\u00e9jour:7 nuits.<\/li>\n<li>Cette offre est disponible uniquement pour les r\u00e9servations en ligne et pour un nombre limit\u00e9 de place. Toutes les r\u00e9ductions propos\u00e9es sont calcul\u00e9es automatiquement par notre logiciel de r\u00e9servation.<\/li>\n<li>L&#8217;offre est valable toute l\u2019ann\u00e9e except\u00e9 pendant les p\u00e9riodes de grande affluence.<\/li>\n<li>L&#8217;offre peut subir quelques modifications au cours de l\u2019ann\u00e9e et ce sans pr\u00e9avis.<\/li>\n<li>En cas de r\u00e9clamation, les tarifs propos\u00e9s par notre logiciel de r\u00e9servation feront foi.<\/li>\n<li>Caution: 25% (min. 1 nuit).<\/li>\n<li>Annulation gratuite jusqu\u2019\u00e0 7 jours avant votre arriv\u00e9e.<\/li>\n<li>P\u00e9nalit\u00e9 en cas d\u2019annulation tardive, de non-pr\u00e9sentation ou de d\u00e9part anticip\u00e9: 100%.<\/li>\n<\/ul>\n<\/div>\n<p><!-- container --><br \/>\n<script type=\"text\/javascript\">\n\tjQuery(document).ready(function(){\t\n\tjQuery('ul.tabs li').click(function(){\n\t\tvar tab_id = jQuery(this).attr('data-tab');\n\t\tjQuery('ul.tabs li').removeClass('current');\n\t\tjQuery('.tab-content').removeClass('current');\n\t\tjQuery(this).addClass('current');\n\t\tjQuery(\"#\"+tab_id).addClass('current');\n\t})\n})\n<\/script><\/p>\n","protected":false},"excerpt":{"rendered":"<p>No\u00ebl \u00e0 Sanremo R\u00e9servez vos vacances de No\u00ebl \u00e0 Sanremo en profitant des offres de notre h\u00f4tel 4 \u00e9toiles moderne et du climat doux de la Riviera. Reserver Notre offre comprend Conditions de reservation Voici le programme des F\u00eates: * 24 d\u00e9cembre: R\u00e9veillon de No\u00ebl avec d\u00eener et musique. * 25 d\u00e9cembre : le traditionnel [&hellip;]<\/p>\n","protected":false},"author":3,"featured_media":1120,"parent":4841,"menu_order":23,"comment_status":"open","ping_status":"open","template":"","meta":{"_acf_changed":false,"footnotes":""},"class_list":["post-2004","page","type-page","status-publish","has-post-thumbnail","hentry"],"acf":[],"yoast_head":"<!-- This site is optimized with the Yoast SEO plugin v25.6 - https:\/\/yoast.com\/wordpress\/plugins\/seo\/ -->\n<title>No\u00ebl \u00e0 Sanremo | Nyala Suite Hotel Hotel 4 \u00e9toiles \u00e0 San Remo<\/title>\n<meta name=\"robots\" content=\"noindex, follow, max-snippet:-1, max-image-preview:large, max-video-preview:-1\" \/>\n<meta property=\"og:locale\" content=\"fr_FR\" \/>\n<meta property=\"og:type\" content=\"article\" \/>\n<meta property=\"og:title\" content=\"No\u00ebl \u00e0 Sanremo | Nyala Suite Hotel Hotel 4 \u00e9toiles \u00e0 San Remo\" \/>\n<meta property=\"og:description\" content=\"No\u00ebl \u00e0 Sanremo R\u00e9servez vos vacances de No\u00ebl \u00e0 Sanremo en profitant des offres de notre h\u00f4tel 4 \u00e9toiles moderne et du climat doux de la Riviera. Reserver Notre offre comprend Conditions de reservation Voici le programme des F\u00eates: * 24 d\u00e9cembre: R\u00e9veillon de No\u00ebl avec d\u00eener et musique. * 25 d\u00e9cembre : le traditionnel [&hellip;]\" \/>\n<meta property=\"og:url\" content=\"https:\/\/nyala.info\/fr\/offres-speciales-pour-vos-vacances\/vacances-et-festivites\/noel-a-sanremo\/\" \/>\n<meta property=\"og:site_name\" content=\"Nyala Suite Hotel\" \/>\n<meta property=\"article:modified_time\" content=\"2018-12-27T14:25:36+00:00\" \/>\n<meta property=\"og:image\" content=\"https:\/\/nyala.info\/wp-content\/uploads\/2015\/04\/IMG_3623.jpg\" \/>\n\t<meta property=\"og:image:width\" content=\"1620\" \/>\n\t<meta property=\"og:image:height\" content=\"1080\" \/>\n\t<meta property=\"og:image:type\" content=\"image\/jpeg\" \/>\n<meta name=\"twitter:card\" content=\"summary_large_image\" \/>\n<meta name=\"twitter:label1\" content=\"Est. reading time\" \/>\n\t<meta name=\"twitter:data1\" content=\"2 minutes\" \/>\n<script type=\"application\/ld+json\" class=\"yoast-schema-graph\">{\"@context\":\"https:\/\/schema.org\",\"@graph\":[{\"@type\":\"WebPage\",\"@id\":\"https:\/\/nyala.info\/fr\/offres-speciales-pour-vos-vacances\/vacances-et-festivites\/noel-a-sanremo\/\",\"url\":\"https:\/\/nyala.info\/fr\/offres-speciales-pour-vos-vacances\/vacances-et-festivites\/noel-a-sanremo\/\",\"name\":\"No\u00ebl \u00e0 Sanremo | Nyala Suite Hotel Hotel 4 \u00e9toiles \u00e0 San Remo\",\"isPartOf\":{\"@id\":\"https:\/\/nyala.info\/fr\/#website\"},\"primaryImageOfPage\":{\"@id\":\"https:\/\/nyala.info\/fr\/offres-speciales-pour-vos-vacances\/vacances-et-festivites\/noel-a-sanremo\/#primaryimage\"},\"image\":{\"@id\":\"https:\/\/nyala.info\/fr\/offres-speciales-pour-vos-vacances\/vacances-et-festivites\/noel-a-sanremo\/#primaryimage\"},\"thumbnailUrl\":\"https:\/\/nyala.info\/wp-content\/uploads\/2015\/04\/IMG_3623.jpg\",\"datePublished\":\"2016-10-04T18:34:15+00:00\",\"dateModified\":\"2018-12-27T14:25:36+00:00\",\"breadcrumb\":{\"@id\":\"https:\/\/nyala.info\/fr\/offres-speciales-pour-vos-vacances\/vacances-et-festivites\/noel-a-sanremo\/#breadcrumb\"},\"inLanguage\":\"fr-FR\",\"potentialAction\":[{\"@type\":\"ReadAction\",\"target\":[\"https:\/\/nyala.info\/fr\/offres-speciales-pour-vos-vacances\/vacances-et-festivites\/noel-a-sanremo\/\"]}]},{\"@type\":\"ImageObject\",\"inLanguage\":\"fr-FR\",\"@id\":\"https:\/\/nyala.info\/fr\/offres-speciales-pour-vos-vacances\/vacances-et-festivites\/noel-a-sanremo\/#primaryimage\",\"url\":\"https:\/\/nyala.info\/wp-content\/uploads\/2015\/04\/IMG_3623.jpg\",\"contentUrl\":\"https:\/\/nyala.info\/wp-content\/uploads\/2015\/04\/IMG_3623.jpg\",\"width\":1620,\"height\":1080,\"caption\":\"Natale a Sanremo, No\u00ebl \u00e0 Sanremo, Weihnachten in San Remo, \u0420\u043e\u0436\u0434\u0435\u0441\u0442\u0432\u043e\"},{\"@type\":\"BreadcrumbList\",\"@id\":\"https:\/\/nyala.info\/fr\/offres-speciales-pour-vos-vacances\/vacances-et-festivites\/noel-a-sanremo\/#breadcrumb\",\"itemListElement\":[{\"@type\":\"ListItem\",\"position\":1,\"name\":\"Home\",\"item\":\"https:\/\/nyala.info\/fr\/\"},{\"@type\":\"ListItem\",\"position\":2,\"name\":\"Offres sp\u00e9ciales pour vos vacances\",\"item\":\"https:\/\/nyala.info\/fr\/offres-speciales-pour-vos-vacances\/\"},{\"@type\":\"ListItem\",\"position\":3,\"name\":\"Vacances et festivit\u00e9s 2018\",\"item\":\"https:\/\/nyala.info\/fr\/offres-speciales-pour-vos-vacances\/vacances-et-festivites\/\"},{\"@type\":\"ListItem\",\"position\":4,\"name\":\"No\u00ebl \u00e0 Sanremo\"}]},{\"@type\":\"WebSite\",\"@id\":\"https:\/\/nyala.info\/fr\/#website\",\"url\":\"https:\/\/nyala.info\/fr\/\",\"name\":\"Nyala Suite Hotel\",\"description\":\"Hotel 4 \u00e9toiles \u00e0 San Remo\",\"potentialAction\":[{\"@type\":\"SearchAction\",\"target\":{\"@type\":\"EntryPoint\",\"urlTemplate\":\"https:\/\/nyala.info\/fr\/?s={search_term_string}\"},\"query-input\":{\"@type\":\"PropertyValueSpecification\",\"valueRequired\":true,\"valueName\":\"search_term_string\"}}],\"inLanguage\":\"fr-FR\"}]}<\/script>\n<!-- \/ Yoast SEO plugin. -->","yoast_head_json":{"title":"No\u00ebl \u00e0 Sanremo | Nyala Suite Hotel Hotel 4 \u00e9toiles \u00e0 San Remo","robots":{"index":"noindex","follow":"follow","max-snippet":"max-snippet:-1","max-image-preview":"max-image-preview:large","max-video-preview":"max-video-preview:-1"},"og_locale":"fr_FR","og_type":"article","og_title":"No\u00ebl \u00e0 Sanremo | Nyala Suite Hotel Hotel 4 \u00e9toiles \u00e0 San Remo","og_description":"No\u00ebl \u00e0 Sanremo R\u00e9servez vos vacances de No\u00ebl \u00e0 Sanremo en profitant des offres de notre h\u00f4tel 4 \u00e9toiles moderne et du climat doux de la Riviera. Reserver Notre offre comprend Conditions de reservation Voici le programme des F\u00eates: * 24 d\u00e9cembre: R\u00e9veillon de No\u00ebl avec d\u00eener et musique. * 25 d\u00e9cembre : le traditionnel [&hellip;]","og_url":"https:\/\/nyala.info\/fr\/offres-speciales-pour-vos-vacances\/vacances-et-festivites\/noel-a-sanremo\/","og_site_name":"Nyala Suite Hotel","article_modified_time":"2018-12-27T14:25:36+00:00","og_image":[{"width":1620,"height":1080,"url":"https:\/\/nyala.info\/wp-content\/uploads\/2015\/04\/IMG_3623.jpg","type":"image\/jpeg"}],"twitter_card":"summary_large_image","twitter_misc":{"Est. reading time":"2 minutes"},"schema":{"@context":"https:\/\/schema.org","@graph":[{"@type":"WebPage","@id":"https:\/\/nyala.info\/fr\/offres-speciales-pour-vos-vacances\/vacances-et-festivites\/noel-a-sanremo\/","url":"https:\/\/nyala.info\/fr\/offres-speciales-pour-vos-vacances\/vacances-et-festivites\/noel-a-sanremo\/","name":"No\u00ebl \u00e0 Sanremo | Nyala Suite Hotel Hotel 4 \u00e9toiles \u00e0 San Remo","isPartOf":{"@id":"https:\/\/nyala.info\/fr\/#website"},"primaryImageOfPage":{"@id":"https:\/\/nyala.info\/fr\/offres-speciales-pour-vos-vacances\/vacances-et-festivites\/noel-a-sanremo\/#primaryimage"},"image":{"@id":"https:\/\/nyala.info\/fr\/offres-speciales-pour-vos-vacances\/vacances-et-festivites\/noel-a-sanremo\/#primaryimage"},"thumbnailUrl":"https:\/\/nyala.info\/wp-content\/uploads\/2015\/04\/IMG_3623.jpg","datePublished":"2016-10-04T18:34:15+00:00","dateModified":"2018-12-27T14:25:36+00:00","breadcrumb":{"@id":"https:\/\/nyala.info\/fr\/offres-speciales-pour-vos-vacances\/vacances-et-festivites\/noel-a-sanremo\/#breadcrumb"},"inLanguage":"fr-FR","potentialAction":[{"@type":"ReadAction","target":["https:\/\/nyala.info\/fr\/offres-speciales-pour-vos-vacances\/vacances-et-festivites\/noel-a-sanremo\/"]}]},{"@type":"ImageObject","inLanguage":"fr-FR","@id":"https:\/\/nyala.info\/fr\/offres-speciales-pour-vos-vacances\/vacances-et-festivites\/noel-a-sanremo\/#primaryimage","url":"https:\/\/nyala.info\/wp-content\/uploads\/2015\/04\/IMG_3623.jpg","contentUrl":"https:\/\/nyala.info\/wp-content\/uploads\/2015\/04\/IMG_3623.jpg","width":1620,"height":1080,"caption":"Natale a Sanremo, No\u00ebl \u00e0 Sanremo, Weihnachten in San Remo, \u0420\u043e\u0436\u0434\u0435\u0441\u0442\u0432\u043e"},{"@type":"BreadcrumbList","@id":"https:\/\/nyala.info\/fr\/offres-speciales-pour-vos-vacances\/vacances-et-festivites\/noel-a-sanremo\/#breadcrumb","itemListElement":[{"@type":"ListItem","position":1,"name":"Home","item":"https:\/\/nyala.info\/fr\/"},{"@type":"ListItem","position":2,"name":"Offres sp\u00e9ciales pour vos vacances","item":"https:\/\/nyala.info\/fr\/offres-speciales-pour-vos-vacances\/"},{"@type":"ListItem","position":3,"name":"Vacances et festivit\u00e9s 2018","item":"https:\/\/nyala.info\/fr\/offres-speciales-pour-vos-vacances\/vacances-et-festivites\/"},{"@type":"ListItem","position":4,"name":"No\u00ebl \u00e0 Sanremo"}]},{"@type":"WebSite","@id":"https:\/\/nyala.info\/fr\/#website","url":"https:\/\/nyala.info\/fr\/","name":"Nyala Suite Hotel","description":"Hotel 4 \u00e9toiles \u00e0 San Remo","potentialAction":[{"@type":"SearchAction","target":{"@type":"EntryPoint","urlTemplate":"https:\/\/nyala.info\/fr\/?s={search_term_string}"},"query-input":{"@type":"PropertyValueSpecification","valueRequired":true,"valueName":"search_term_string"}}],"inLanguage":"fr-FR"}]}},"_links":{"self":[{"href":"https:\/\/nyala.info\/fr\/wp-json\/wp\/v2\/pages\/2004"}],"collection":[{"href":"https:\/\/nyala.info\/fr\/wp-json\/wp\/v2\/pages"}],"about":[{"href":"https:\/\/nyala.info\/fr\/wp-json\/wp\/v2\/types\/page"}],"author":[{"embeddable":true,"href":"https:\/\/nyala.info\/fr\/wp-json\/wp\/v2\/users\/3"}],"replies":[{"embeddable":true,"href":"https:\/\/nyala.info\/fr\/wp-json\/wp\/v2\/comments?post=2004"}],"version-history":[{"count":10,"href":"https:\/\/nyala.info\/fr\/wp-json\/wp\/v2\/pages\/2004\/revisions"}],"predecessor-version":[{"id":7381,"href":"https:\/\/nyala.info\/fr\/wp-json\/wp\/v2\/pages\/2004\/revisions\/7381"}],"up":[{"embeddable":true,"href":"https:\/\/nyala.info\/fr\/wp-json\/wp\/v2\/pages\/4841"}],"wp:featuredmedia":[{"embeddable":true,"href":"https:\/\/nyala.info\/fr\/wp-json\/wp\/v2\/media\/1120"}],"wp:attachment":[{"href":"https:\/\/nyala.info\/fr\/wp-json\/wp\/v2\/media?parent=2004"}],"curies":[{"name":"wp","href":"https:\/\/api.w.org\/{rel}","templated":true}]}}