{"id":2002,"date":"2016-10-04T20:28:32","date_gmt":"2016-10-04T18:28:32","guid":{"rendered":"http:\/\/www.nyalahotel.biz\/fr\/?page_id=2002"},"modified":"2017-09-23T18:31:29","modified_gmt":"2017-09-23T16:31:29","slug":"la-montagne-en-ete","status":"publish","type":"page","link":"https:\/\/nyala.info\/fr\/offres-speciales-pour-vos-vacances\/sport-in-riviera\/la-montagne-en-ete\/","title":{"rendered":"La Montagne en \u00e9t\u00e9"},"content":{"rendered":"<h2>&nbsp;<\/h2>\n<ul>\n<li>Les\u00a0<strong>Alpes Maritimes<\/strong>\u00a0qui entourent la ville sont facilement accessibles en voiture ou en bus et offrent des paysages merveilleux.Dans un rayon de 30 km de l&#8217;h\u00f4tel, vous pouvez profiter de:\n<ul>\n<li>Deltaplane et Parapente<\/li>\n<li>Trial et Enduro<\/li>\n<li>V\u00e9lo de Montagne<\/li>\n<li>Trekking &#8211; Randonn\u00e9e &#8211; Marche nordique<\/li>\n<li>Orientation<\/li>\n<\/ul>\n<p>Les vall\u00e9es et les montagnes de l&#8217;arri\u00e8re-pays et offrent des pistes spectaculaires pour les amateurs de marche, du v\u00e9lo et de l&#8217;\u00e9quitation<\/p>\n<p>Il ya des pistes pour tous niveaux, du plus simple au plus difficile. Demandez notre guide complet.<\/li>\n<\/ul>\n","protected":false},"excerpt":{"rendered":"<p>&nbsp; Les\u00a0Alpes Maritimes\u00a0qui entourent la ville sont facilement accessibles en voiture ou en bus et offrent des paysages merveilleux.Dans un rayon de 30 km de l&#8217;h\u00f4tel, vous pouvez profiter de: Deltaplane et Parapente Trial et Enduro V\u00e9lo de Montagne Trekking &#8211; Randonn\u00e9e &#8211; Marche nordique Orientation Les vall\u00e9es et les montagnes de l&#8217;arri\u00e8re-pays et offrent [&hellip;]<\/p>\n","protected":false},"author":3,"featured_media":1128,"parent":4743,"menu_order":23,"comment_status":"open","ping_status":"closed","template":"","meta":{"_acf_changed":false,"footnotes":""},"class_list":["post-2002","page","type-page","status-publish","has-post-thumbnail","hentry"],"acf":[],"yoast_head":"<!-- This site is optimized with the Yoast SEO plugin v25.6 - https:\/\/yoast.com\/wordpress\/plugins\/seo\/ -->\n<title>La Montagne en \u00e9t\u00e9 | Nyala Suite Hotel Hotel 4 \u00e9toiles \u00e0 San Remo<\/title>\n<meta name=\"robots\" content=\"noindex, follow, max-snippet:-1, max-image-preview:large, max-video-preview:-1\" \/>\n<meta property=\"og:locale\" content=\"fr_FR\" \/>\n<meta property=\"og:type\" content=\"article\" \/>\n<meta property=\"og:title\" content=\"La Montagne en \u00e9t\u00e9 | Nyala Suite Hotel Hotel 4 \u00e9toiles \u00e0 San Remo\" \/>\n<meta property=\"og:description\" content=\"&nbsp; Les\u00a0Alpes Maritimes\u00a0qui entourent la ville sont facilement accessibles en voiture ou en bus et offrent des paysages merveilleux.Dans un rayon de 30 km de l&#8217;h\u00f4tel, vous pouvez profiter de: Deltaplane et Parapente Trial et Enduro V\u00e9lo de Montagne Trekking &#8211; Randonn\u00e9e &#8211; Marche nordique Orientation Les vall\u00e9es et les montagnes de l&#8217;arri\u00e8re-pays et offrent [&hellip;]\" \/>\n<meta property=\"og:url\" content=\"https:\/\/nyala.info\/fr\/offres-speciales-pour-vos-vacances\/sport-in-riviera\/la-montagne-en-ete\/\" \/>\n<meta property=\"og:site_name\" content=\"Nyala Suite Hotel\" \/>\n<meta property=\"article:modified_time\" content=\"2017-09-23T16:31:29+00:00\" \/>\n<meta property=\"og:image\" content=\"https:\/\/nyala.info\/wp-content\/uploads\/2015\/04\/limonepiemonteestate.jpg\" \/>\n\t<meta property=\"og:image:width\" content=\"525\" \/>\n\t<meta property=\"og:image:height\" content=\"350\" \/>\n\t<meta property=\"og:image:type\" content=\"image\/jpeg\" \/>\n<meta name=\"twitter:card\" content=\"summary_large_image\" \/>\n<script type=\"application\/ld+json\" class=\"yoast-schema-graph\">{\"@context\":\"https:\/\/schema.org\",\"@graph\":[{\"@type\":\"WebPage\",\"@id\":\"https:\/\/nyala.info\/fr\/offres-speciales-pour-vos-vacances\/sport-in-riviera\/la-montagne-en-ete\/\",\"url\":\"https:\/\/nyala.info\/fr\/offres-speciales-pour-vos-vacances\/sport-in-riviera\/la-montagne-en-ete\/\",\"name\":\"La Montagne en \u00e9t\u00e9 | Nyala Suite Hotel Hotel 4 \u00e9toiles \u00e0 San Remo\",\"isPartOf\":{\"@id\":\"https:\/\/nyala.info\/fr\/#website\"},\"primaryImageOfPage\":{\"@id\":\"https:\/\/nyala.info\/fr\/offres-speciales-pour-vos-vacances\/sport-in-riviera\/la-montagne-en-ete\/#primaryimage\"},\"image\":{\"@id\":\"https:\/\/nyala.info\/fr\/offres-speciales-pour-vos-vacances\/sport-in-riviera\/la-montagne-en-ete\/#primaryimage\"},\"thumbnailUrl\":\"https:\/\/nyala.info\/wp-content\/uploads\/2015\/04\/limonepiemonteestate.jpg\",\"datePublished\":\"2016-10-04T18:28:32+00:00\",\"dateModified\":\"2017-09-23T16:31:29+00:00\",\"breadcrumb\":{\"@id\":\"https:\/\/nyala.info\/fr\/offres-speciales-pour-vos-vacances\/sport-in-riviera\/la-montagne-en-ete\/#breadcrumb\"},\"inLanguage\":\"fr-FR\",\"potentialAction\":[{\"@type\":\"ReadAction\",\"target\":[\"https:\/\/nyala.info\/fr\/offres-speciales-pour-vos-vacances\/sport-in-riviera\/la-montagne-en-ete\/\"]}]},{\"@type\":\"ImageObject\",\"inLanguage\":\"fr-FR\",\"@id\":\"https:\/\/nyala.info\/fr\/offres-speciales-pour-vos-vacances\/sport-in-riviera\/la-montagne-en-ete\/#primaryimage\",\"url\":\"https:\/\/nyala.info\/wp-content\/uploads\/2015\/04\/limonepiemonteestate.jpg\",\"contentUrl\":\"https:\/\/nyala.info\/wp-content\/uploads\/2015\/04\/limonepiemonteestate.jpg\",\"width\":525,\"height\":350,\"caption\":\"vacanze estive in montagna, montagne \u00e8t\u00e8, die berger sommer, \u0413\u043e\u0440\u044b \u043b\u0435\u0442\u043e\u043c\"},{\"@type\":\"BreadcrumbList\",\"@id\":\"https:\/\/nyala.info\/fr\/offres-speciales-pour-vos-vacances\/sport-in-riviera\/la-montagne-en-ete\/#breadcrumb\",\"itemListElement\":[{\"@type\":\"ListItem\",\"position\":1,\"name\":\"Home\",\"item\":\"https:\/\/nyala.info\/fr\/\"},{\"@type\":\"ListItem\",\"position\":2,\"name\":\"Offres sp\u00e9ciales pour vos vacances\",\"item\":\"https:\/\/nyala.info\/fr\/offres-speciales-pour-vos-vacances\/\"},{\"@type\":\"ListItem\",\"position\":3,\"name\":\"Sport in Riviera\",\"item\":\"https:\/\/nyala.info\/fr\/offres-speciales-pour-vos-vacances\/sport-in-riviera\/\"},{\"@type\":\"ListItem\",\"position\":4,\"name\":\"La Montagne en \u00e9t\u00e9\"}]},{\"@type\":\"WebSite\",\"@id\":\"https:\/\/nyala.info\/fr\/#website\",\"url\":\"https:\/\/nyala.info\/fr\/\",\"name\":\"Nyala Suite Hotel\",\"description\":\"Hotel 4 \u00e9toiles \u00e0 San Remo\",\"potentialAction\":[{\"@type\":\"SearchAction\",\"target\":{\"@type\":\"EntryPoint\",\"urlTemplate\":\"https:\/\/nyala.info\/fr\/?s={search_term_string}\"},\"query-input\":{\"@type\":\"PropertyValueSpecification\",\"valueRequired\":true,\"valueName\":\"search_term_string\"}}],\"inLanguage\":\"fr-FR\"}]}<\/script>\n<!-- \/ Yoast SEO plugin. -->","yoast_head_json":{"title":"La Montagne en \u00e9t\u00e9 | Nyala Suite Hotel Hotel 4 \u00e9toiles \u00e0 San Remo","robots":{"index":"noindex","follow":"follow","max-snippet":"max-snippet:-1","max-image-preview":"max-image-preview:large","max-video-preview":"max-video-preview:-1"},"og_locale":"fr_FR","og_type":"article","og_title":"La Montagne en \u00e9t\u00e9 | Nyala Suite Hotel Hotel 4 \u00e9toiles \u00e0 San Remo","og_description":"&nbsp; Les\u00a0Alpes Maritimes\u00a0qui entourent la ville sont facilement accessibles en voiture ou en bus et offrent des paysages merveilleux.Dans un rayon de 30 km de l&#8217;h\u00f4tel, vous pouvez profiter de: Deltaplane et Parapente Trial et Enduro V\u00e9lo de Montagne Trekking &#8211; Randonn\u00e9e &#8211; Marche nordique Orientation Les vall\u00e9es et les montagnes de l&#8217;arri\u00e8re-pays et offrent [&hellip;]","og_url":"https:\/\/nyala.info\/fr\/offres-speciales-pour-vos-vacances\/sport-in-riviera\/la-montagne-en-ete\/","og_site_name":"Nyala Suite Hotel","article_modified_time":"2017-09-23T16:31:29+00:00","og_image":[{"width":525,"height":350,"url":"https:\/\/nyala.info\/wp-content\/uploads\/2015\/04\/limonepiemonteestate.jpg","type":"image\/jpeg"}],"twitter_card":"summary_large_image","schema":{"@context":"https:\/\/schema.org","@graph":[{"@type":"WebPage","@id":"https:\/\/nyala.info\/fr\/offres-speciales-pour-vos-vacances\/sport-in-riviera\/la-montagne-en-ete\/","url":"https:\/\/nyala.info\/fr\/offres-speciales-pour-vos-vacances\/sport-in-riviera\/la-montagne-en-ete\/","name":"La Montagne en \u00e9t\u00e9 | Nyala Suite Hotel Hotel 4 \u00e9toiles \u00e0 San Remo","isPartOf":{"@id":"https:\/\/nyala.info\/fr\/#website"},"primaryImageOfPage":{"@id":"https:\/\/nyala.info\/fr\/offres-speciales-pour-vos-vacances\/sport-in-riviera\/la-montagne-en-ete\/#primaryimage"},"image":{"@id":"https:\/\/nyala.info\/fr\/offres-speciales-pour-vos-vacances\/sport-in-riviera\/la-montagne-en-ete\/#primaryimage"},"thumbnailUrl":"https:\/\/nyala.info\/wp-content\/uploads\/2015\/04\/limonepiemonteestate.jpg","datePublished":"2016-10-04T18:28:32+00:00","dateModified":"2017-09-23T16:31:29+00:00","breadcrumb":{"@id":"https:\/\/nyala.info\/fr\/offres-speciales-pour-vos-vacances\/sport-in-riviera\/la-montagne-en-ete\/#breadcrumb"},"inLanguage":"fr-FR","potentialAction":[{"@type":"ReadAction","target":["https:\/\/nyala.info\/fr\/offres-speciales-pour-vos-vacances\/sport-in-riviera\/la-montagne-en-ete\/"]}]},{"@type":"ImageObject","inLanguage":"fr-FR","@id":"https:\/\/nyala.info\/fr\/offres-speciales-pour-vos-vacances\/sport-in-riviera\/la-montagne-en-ete\/#primaryimage","url":"https:\/\/nyala.info\/wp-content\/uploads\/2015\/04\/limonepiemonteestate.jpg","contentUrl":"https:\/\/nyala.info\/wp-content\/uploads\/2015\/04\/limonepiemonteestate.jpg","width":525,"height":350,"caption":"vacanze estive in montagna, montagne \u00e8t\u00e8, die berger sommer, \u0413\u043e\u0440\u044b \u043b\u0435\u0442\u043e\u043c"},{"@type":"BreadcrumbList","@id":"https:\/\/nyala.info\/fr\/offres-speciales-pour-vos-vacances\/sport-in-riviera\/la-montagne-en-ete\/#breadcrumb","itemListElement":[{"@type":"ListItem","position":1,"name":"Home","item":"https:\/\/nyala.info\/fr\/"},{"@type":"ListItem","position":2,"name":"Offres sp\u00e9ciales pour vos vacances","item":"https:\/\/nyala.info\/fr\/offres-speciales-pour-vos-vacances\/"},{"@type":"ListItem","position":3,"name":"Sport in Riviera","item":"https:\/\/nyala.info\/fr\/offres-speciales-pour-vos-vacances\/sport-in-riviera\/"},{"@type":"ListItem","position":4,"name":"La Montagne en \u00e9t\u00e9"}]},{"@type":"WebSite","@id":"https:\/\/nyala.info\/fr\/#website","url":"https:\/\/nyala.info\/fr\/","name":"Nyala Suite Hotel","description":"Hotel 4 \u00e9toiles \u00e0 San Remo","potentialAction":[{"@type":"SearchAction","target":{"@type":"EntryPoint","urlTemplate":"https:\/\/nyala.info\/fr\/?s={search_term_string}"},"query-input":{"@type":"PropertyValueSpecification","valueRequired":true,"valueName":"search_term_string"}}],"inLanguage":"fr-FR"}]}},"_links":{"self":[{"href":"https:\/\/nyala.info\/fr\/wp-json\/wp\/v2\/pages\/2002"}],"collection":[{"href":"https:\/\/nyala.info\/fr\/wp-json\/wp\/v2\/pages"}],"about":[{"href":"https:\/\/nyala.info\/fr\/wp-json\/wp\/v2\/types\/page"}],"author":[{"embeddable":true,"href":"https:\/\/nyala.info\/fr\/wp-json\/wp\/v2\/users\/3"}],"replies":[{"embeddable":true,"href":"https:\/\/nyala.info\/fr\/wp-json\/wp\/v2\/comments?post=2002"}],"version-history":[{"count":4,"href":"https:\/\/nyala.info\/fr\/wp-json\/wp\/v2\/pages\/2002\/revisions"}],"predecessor-version":[{"id":6030,"href":"https:\/\/nyala.info\/fr\/wp-json\/wp\/v2\/pages\/2002\/revisions\/6030"}],"up":[{"embeddable":true,"href":"https:\/\/nyala.info\/fr\/wp-json\/wp\/v2\/pages\/4743"}],"wp:featuredmedia":[{"embeddable":true,"href":"https:\/\/nyala.info\/fr\/wp-json\/wp\/v2\/media\/1128"}],"wp:attachment":[{"href":"https:\/\/nyala.info\/fr\/wp-json\/wp\/v2\/media?parent=2002"}],"curies":[{"name":"wp","href":"https:\/\/api.w.org\/{rel}","templated":true}]}}