{"id":1997,"date":"2016-10-04T20:25:11","date_gmt":"2016-10-04T18:25:11","guid":{"rendered":"http:\/\/www.nyalahotel.biz\/fr\/?page_id=1997"},"modified":"2019-09-21T15:52:40","modified_gmt":"2019-09-21T13:52:40","slug":"la-riviera-de-lhuile","status":"publish","type":"page","link":"https:\/\/nyala.info\/fr\/excursions-quotidiennes-depuis-sanremo\/la-riviera-de-lhuile\/","title":{"rendered":"LA RIVIERA DE L\u2019HUILE"},"content":{"rendered":"<h2><\/h2>\n<p>Excursion \u00e0 la d\u00e9couverte de l\u2019Huile d\u2019olive de la Riviera des Fleurs<\/p>\n<ul>\n<li>Transfert \u00e0 Taggia par la route Aurelia (15 km &#8211; 20 min. environ).<\/li>\n<li>Visite du centre historique m\u00e9di\u00e9val, du beau couvent de San Domenico et de la riche pinacoth\u00e8que.<\/li>\n<li>Dans les environs, vous pourrez \u00e9galement visiter un des nombreux pressoirs de la vall\u00e9e Argentina, desquels on obtenait l\u2019huile d\u2019olive Taggiasca, c\u00e9l\u00e8bre huile extra-vierge de la Riviera\u00a0; une d\u00e9gustation de produits typiques est disponible, sur r\u00e9servation.<\/li>\n<li>Pause d\u00e9jeuner et transfert \u00e0 Imperia par la route panoramique Aurelia (20 km &#8211; 25 min. environ)<\/li>\n<li>A Oneglia, visite du Mus\u00e9e de l\u2019Olive de l\u2019entreprise Carli, unique en son genre, avec une mise en sc\u00e8ne exceptionnelle qui permet de parcourir l\u2019histoire de cet ingr\u00e9dient de base du r\u00e9gime m\u00e9diterran\u00e9en, de l\u2019Antiquit\u00e9 \u00e0 nos jours.<br \/>\nShopping possible de produits alimentaires dans le magasin annexe, mais aussi de produits de beaut\u00e9 issus de l\u2019huile d\u2019olive.<\/li>\n<li>Retour par l\u2019autoroute (30 km &#8211; 40 min. environ)<\/li>\n<\/ul>\n","protected":false},"excerpt":{"rendered":"<p>Excursion \u00e0 la d\u00e9couverte de l\u2019Huile d\u2019olive de la Riviera des Fleurs Transfert \u00e0 Taggia par la route Aurelia (15 km &#8211; 20 min. environ). Visite du centre historique m\u00e9di\u00e9val, du beau couvent de San Domenico et de la riche pinacoth\u00e8que. Dans les environs, vous pourrez \u00e9galement visiter un des nombreux pressoirs de la vall\u00e9e [&hellip;]<\/p>\n","protected":false},"author":3,"featured_media":1523,"parent":8404,"menu_order":30,"comment_status":"open","ping_status":"closed","template":"","meta":{"_acf_changed":false,"footnotes":""},"class_list":["post-1997","page","type-page","status-publish","has-post-thumbnail","hentry"],"acf":[],"yoast_head":"<!-- This site is optimized with the Yoast SEO plugin v25.6 - https:\/\/yoast.com\/wordpress\/plugins\/seo\/ -->\n<title>LA RIVIERA DE L\u2019HUILE | Nyala Suite Hotel Hotel 4 \u00e9toiles \u00e0 San Remo<\/title>\n<meta name=\"description\" content=\"Excursion \u00e0 la d\u00e9couverte de l\u2019Huile d\u2019olive de la Riviera des Fleurs, visite des pressoirs, du mus\u00e9e de l&#039;Olive. Reservez vos tour en Ligurie\" \/>\n<meta name=\"robots\" content=\"noindex, follow, max-snippet:-1, max-image-preview:large, max-video-preview:-1\" \/>\n<meta property=\"og:locale\" content=\"fr_FR\" \/>\n<meta property=\"og:type\" content=\"article\" \/>\n<meta property=\"og:title\" content=\"LA RIVIERA DE L\u2019HUILE | Nyala Suite Hotel Hotel 4 \u00e9toiles \u00e0 San Remo\" \/>\n<meta property=\"og:description\" content=\"Excursion \u00e0 la d\u00e9couverte de l\u2019Huile d\u2019olive de la Riviera des Fleurs, visite des pressoirs, du mus\u00e9e de l&#039;Olive. Reservez vos tour en Ligurie\" \/>\n<meta property=\"og:url\" content=\"https:\/\/nyala.info\/fr\/excursions-quotidiennes-depuis-sanremo\/la-riviera-de-lhuile\/\" \/>\n<meta property=\"og:site_name\" content=\"Nyala Suite Hotel\" \/>\n<meta property=\"article:modified_time\" content=\"2019-09-21T13:52:40+00:00\" \/>\n<meta property=\"og:image\" content=\"https:\/\/nyala.info\/wp-content\/uploads\/2015\/04\/olio.jpg\" \/>\n\t<meta property=\"og:image:width\" content=\"1694\" \/>\n\t<meta property=\"og:image:height\" content=\"1122\" \/>\n\t<meta property=\"og:image:type\" content=\"image\/jpeg\" \/>\n<meta name=\"twitter:card\" content=\"summary_large_image\" \/>\n<meta name=\"twitter:label1\" content=\"Est. reading time\" \/>\n\t<meta name=\"twitter:data1\" content=\"1 minute\" \/>\n<script type=\"application\/ld+json\" class=\"yoast-schema-graph\">{\"@context\":\"https:\/\/schema.org\",\"@graph\":[{\"@type\":\"WebPage\",\"@id\":\"https:\/\/nyala.info\/fr\/excursions-quotidiennes-depuis-sanremo\/la-riviera-de-lhuile\/\",\"url\":\"https:\/\/nyala.info\/fr\/excursions-quotidiennes-depuis-sanremo\/la-riviera-de-lhuile\/\",\"name\":\"LA RIVIERA DE L\u2019HUILE | Nyala Suite Hotel Hotel 4 \u00e9toiles \u00e0 San Remo\",\"isPartOf\":{\"@id\":\"https:\/\/nyala.info\/fr\/#website\"},\"primaryImageOfPage\":{\"@id\":\"https:\/\/nyala.info\/fr\/excursions-quotidiennes-depuis-sanremo\/la-riviera-de-lhuile\/#primaryimage\"},\"image\":{\"@id\":\"https:\/\/nyala.info\/fr\/excursions-quotidiennes-depuis-sanremo\/la-riviera-de-lhuile\/#primaryimage\"},\"thumbnailUrl\":\"https:\/\/nyala.info\/wp-content\/uploads\/2015\/04\/olio.jpg\",\"datePublished\":\"2016-10-04T18:25:11+00:00\",\"dateModified\":\"2019-09-21T13:52:40+00:00\",\"description\":\"Excursion \u00e0 la d\u00e9couverte de l\u2019Huile d\u2019olive de la Riviera des Fleurs, visite des pressoirs, du mus\u00e9e de l'Olive. Reservez vos tour en Ligurie\",\"breadcrumb\":{\"@id\":\"https:\/\/nyala.info\/fr\/excursions-quotidiennes-depuis-sanremo\/la-riviera-de-lhuile\/#breadcrumb\"},\"inLanguage\":\"fr-FR\",\"potentialAction\":[{\"@type\":\"ReadAction\",\"target\":[\"https:\/\/nyala.info\/fr\/excursions-quotidiennes-depuis-sanremo\/la-riviera-de-lhuile\/\"]}]},{\"@type\":\"ImageObject\",\"inLanguage\":\"fr-FR\",\"@id\":\"https:\/\/nyala.info\/fr\/excursions-quotidiennes-depuis-sanremo\/la-riviera-de-lhuile\/#primaryimage\",\"url\":\"https:\/\/nyala.info\/wp-content\/uploads\/2015\/04\/olio.jpg\",\"contentUrl\":\"https:\/\/nyala.info\/wp-content\/uploads\/2015\/04\/olio.jpg\",\"width\":1694,\"height\":1122,\"caption\":\"olio huile \u00d6LS\"},{\"@type\":\"BreadcrumbList\",\"@id\":\"https:\/\/nyala.info\/fr\/excursions-quotidiennes-depuis-sanremo\/la-riviera-de-lhuile\/#breadcrumb\",\"itemListElement\":[{\"@type\":\"ListItem\",\"position\":1,\"name\":\"Home\",\"item\":\"https:\/\/nyala.info\/fr\/\"},{\"@type\":\"ListItem\",\"position\":2,\"name\":\"LA RIVIERA DE L\u2019HUILE\"}]},{\"@type\":\"WebSite\",\"@id\":\"https:\/\/nyala.info\/fr\/#website\",\"url\":\"https:\/\/nyala.info\/fr\/\",\"name\":\"Nyala Suite Hotel\",\"description\":\"Hotel 4 \u00e9toiles \u00e0 San Remo\",\"potentialAction\":[{\"@type\":\"SearchAction\",\"target\":{\"@type\":\"EntryPoint\",\"urlTemplate\":\"https:\/\/nyala.info\/fr\/?s={search_term_string}\"},\"query-input\":{\"@type\":\"PropertyValueSpecification\",\"valueRequired\":true,\"valueName\":\"search_term_string\"}}],\"inLanguage\":\"fr-FR\"}]}<\/script>\n<!-- \/ Yoast SEO plugin. -->","yoast_head_json":{"title":"LA RIVIERA DE L\u2019HUILE | Nyala Suite Hotel Hotel 4 \u00e9toiles \u00e0 San Remo","description":"Excursion \u00e0 la d\u00e9couverte de l\u2019Huile d\u2019olive de la Riviera des Fleurs, visite des pressoirs, du mus\u00e9e de l'Olive. Reservez vos tour en Ligurie","robots":{"index":"noindex","follow":"follow","max-snippet":"max-snippet:-1","max-image-preview":"max-image-preview:large","max-video-preview":"max-video-preview:-1"},"og_locale":"fr_FR","og_type":"article","og_title":"LA RIVIERA DE L\u2019HUILE | Nyala Suite Hotel Hotel 4 \u00e9toiles \u00e0 San Remo","og_description":"Excursion \u00e0 la d\u00e9couverte de l\u2019Huile d\u2019olive de la Riviera des Fleurs, visite des pressoirs, du mus\u00e9e de l'Olive. Reservez vos tour en Ligurie","og_url":"https:\/\/nyala.info\/fr\/excursions-quotidiennes-depuis-sanremo\/la-riviera-de-lhuile\/","og_site_name":"Nyala Suite Hotel","article_modified_time":"2019-09-21T13:52:40+00:00","og_image":[{"width":1694,"height":1122,"url":"https:\/\/nyala.info\/wp-content\/uploads\/2015\/04\/olio.jpg","type":"image\/jpeg"}],"twitter_card":"summary_large_image","twitter_misc":{"Est. reading time":"1 minute"},"schema":{"@context":"https:\/\/schema.org","@graph":[{"@type":"WebPage","@id":"https:\/\/nyala.info\/fr\/excursions-quotidiennes-depuis-sanremo\/la-riviera-de-lhuile\/","url":"https:\/\/nyala.info\/fr\/excursions-quotidiennes-depuis-sanremo\/la-riviera-de-lhuile\/","name":"LA RIVIERA DE L\u2019HUILE | Nyala Suite Hotel Hotel 4 \u00e9toiles \u00e0 San Remo","isPartOf":{"@id":"https:\/\/nyala.info\/fr\/#website"},"primaryImageOfPage":{"@id":"https:\/\/nyala.info\/fr\/excursions-quotidiennes-depuis-sanremo\/la-riviera-de-lhuile\/#primaryimage"},"image":{"@id":"https:\/\/nyala.info\/fr\/excursions-quotidiennes-depuis-sanremo\/la-riviera-de-lhuile\/#primaryimage"},"thumbnailUrl":"https:\/\/nyala.info\/wp-content\/uploads\/2015\/04\/olio.jpg","datePublished":"2016-10-04T18:25:11+00:00","dateModified":"2019-09-21T13:52:40+00:00","description":"Excursion \u00e0 la d\u00e9couverte de l\u2019Huile d\u2019olive de la Riviera des Fleurs, visite des pressoirs, du mus\u00e9e de l'Olive. Reservez vos tour en Ligurie","breadcrumb":{"@id":"https:\/\/nyala.info\/fr\/excursions-quotidiennes-depuis-sanremo\/la-riviera-de-lhuile\/#breadcrumb"},"inLanguage":"fr-FR","potentialAction":[{"@type":"ReadAction","target":["https:\/\/nyala.info\/fr\/excursions-quotidiennes-depuis-sanremo\/la-riviera-de-lhuile\/"]}]},{"@type":"ImageObject","inLanguage":"fr-FR","@id":"https:\/\/nyala.info\/fr\/excursions-quotidiennes-depuis-sanremo\/la-riviera-de-lhuile\/#primaryimage","url":"https:\/\/nyala.info\/wp-content\/uploads\/2015\/04\/olio.jpg","contentUrl":"https:\/\/nyala.info\/wp-content\/uploads\/2015\/04\/olio.jpg","width":1694,"height":1122,"caption":"olio huile \u00d6LS"},{"@type":"BreadcrumbList","@id":"https:\/\/nyala.info\/fr\/excursions-quotidiennes-depuis-sanremo\/la-riviera-de-lhuile\/#breadcrumb","itemListElement":[{"@type":"ListItem","position":1,"name":"Home","item":"https:\/\/nyala.info\/fr\/"},{"@type":"ListItem","position":2,"name":"LA RIVIERA DE L\u2019HUILE"}]},{"@type":"WebSite","@id":"https:\/\/nyala.info\/fr\/#website","url":"https:\/\/nyala.info\/fr\/","name":"Nyala Suite Hotel","description":"Hotel 4 \u00e9toiles \u00e0 San Remo","potentialAction":[{"@type":"SearchAction","target":{"@type":"EntryPoint","urlTemplate":"https:\/\/nyala.info\/fr\/?s={search_term_string}"},"query-input":{"@type":"PropertyValueSpecification","valueRequired":true,"valueName":"search_term_string"}}],"inLanguage":"fr-FR"}]}},"_links":{"self":[{"href":"https:\/\/nyala.info\/fr\/wp-json\/wp\/v2\/pages\/1997"}],"collection":[{"href":"https:\/\/nyala.info\/fr\/wp-json\/wp\/v2\/pages"}],"about":[{"href":"https:\/\/nyala.info\/fr\/wp-json\/wp\/v2\/types\/page"}],"author":[{"embeddable":true,"href":"https:\/\/nyala.info\/fr\/wp-json\/wp\/v2\/users\/3"}],"replies":[{"embeddable":true,"href":"https:\/\/nyala.info\/fr\/wp-json\/wp\/v2\/comments?post=1997"}],"version-history":[{"count":6,"href":"https:\/\/nyala.info\/fr\/wp-json\/wp\/v2\/pages\/1997\/revisions"}],"predecessor-version":[{"id":7982,"href":"https:\/\/nyala.info\/fr\/wp-json\/wp\/v2\/pages\/1997\/revisions\/7982"}],"up":[{"embeddable":true,"href":"https:\/\/nyala.info\/fr\/wp-json\/wp\/v2\/pages\/8404"}],"wp:featuredmedia":[{"embeddable":true,"href":"https:\/\/nyala.info\/fr\/wp-json\/wp\/v2\/media\/1523"}],"wp:attachment":[{"href":"https:\/\/nyala.info\/fr\/wp-json\/wp\/v2\/media?parent=1997"}],"curies":[{"name":"wp","href":"https:\/\/api.w.org\/{rel}","templated":true}]}}