{"id":1993,"date":"2016-10-04T20:22:00","date_gmt":"2016-10-04T18:22:00","guid":{"rendered":"http:\/\/www.nyalahotel.biz\/fr\/?page_id=1993"},"modified":"2017-02-10T11:08:33","modified_gmt":"2017-02-10T10:08:33","slug":"menu-traditionnel-de-ligurie","status":"publish","type":"page","link":"https:\/\/nyala.info\/fr\/restaurant\/menu-traditionnel-de-ligurie\/","title":{"rendered":"La Petite Carte des Enfants"},"content":{"rendered":"<h2>La Pettite Carte des Enfants<\/h2>\n<h4>Les Aperitfs:<\/h4>\n<p>Le frittelle di farina di ceci<br \/>\nI fiori di zucca ripieni<\/p>\n<h4>Les Pates:<\/h4>\n<p>Le trofie di Recco al pesto<br \/>\nI pansotti al sugo di noci<br \/>\nLe linguine alla genovese<br \/>\nI ravioli di borragine al burro e salvia<\/p>\n<h4>Les plats principaux:<\/h4>\n<p>Il coniglio alla ligure (con Vermentino ed olive taggiasche, piatto solo su ordinazione)<br \/>\nLa trancia di pesce spada al pesto<br \/>\nIl fritto misto del golfo<br \/>\nIl branzino al sale (piatto su ordinazione)<br \/>\nLa grigliata reale<br \/>\nL&#8217;aragosta al salmoriglio (piatto solo su ordinazione)<\/p>\n<h4>Les oeufs e les salades:<\/h4>\n<p>Le fave al salto<br \/>\nLa frittatina di carciofi alla crema di acciughe<br \/>\nLa frittatina alle erbe della Riviera<\/p>\n","protected":false},"excerpt":{"rendered":"<p>La Pettite Carte des Enfants Les Aperitfs: Le frittelle di farina di ceci I fiori di zucca ripieni Les Pates: Le trofie di Recco al pesto I pansotti al sugo di noci Le linguine alla genovese I ravioli di borragine al burro e salvia Les plats principaux: Il coniglio alla ligure (con Vermentino ed olive [&hellip;]<\/p>\n","protected":false},"author":3,"featured_media":1221,"parent":3292,"menu_order":12,"comment_status":"open","ping_status":"open","template":"","meta":{"_acf_changed":false,"footnotes":""},"class_list":["post-1993","page","type-page","status-publish","has-post-thumbnail","hentry"],"acf":[],"yoast_head":"<!-- This site is optimized with the Yoast SEO plugin v25.6 - https:\/\/yoast.com\/wordpress\/plugins\/seo\/ -->\n<title>La Petite Carte des Enfants | Nyala Suite Hotel Hotel 4 \u00e9toiles \u00e0 San Remo<\/title>\n<meta name=\"description\" content=\"Voil\u00e0 le Menu traditionnel de Ligurie\" \/>\n<meta name=\"robots\" content=\"noindex, follow, max-snippet:-1, max-image-preview:large, max-video-preview:-1\" \/>\n<meta property=\"og:locale\" content=\"fr_FR\" \/>\n<meta property=\"og:type\" content=\"article\" \/>\n<meta property=\"og:title\" content=\"La Petite Carte des Enfants | Nyala Suite Hotel Hotel 4 \u00e9toiles \u00e0 San Remo\" \/>\n<meta property=\"og:description\" content=\"Voil\u00e0 le Menu traditionnel de Ligurie\" \/>\n<meta property=\"og:url\" content=\"https:\/\/nyala.info\/fr\/restaurant\/menu-traditionnel-de-ligurie\/\" \/>\n<meta property=\"og:site_name\" content=\"Nyala Suite Hotel\" \/>\n<meta property=\"article:modified_time\" content=\"2017-02-10T10:08:33+00:00\" \/>\n<meta property=\"og:image\" content=\"https:\/\/nyala.info\/wp-content\/uploads\/2015\/04\/childrenmenu.jpg\" \/>\n\t<meta property=\"og:image:width\" content=\"1620\" \/>\n\t<meta property=\"og:image:height\" content=\"1080\" \/>\n\t<meta property=\"og:image:type\" content=\"image\/jpeg\" \/>\n<meta name=\"twitter:card\" content=\"summary_large_image\" \/>\n<meta name=\"twitter:label1\" content=\"Est. reading time\" \/>\n\t<meta name=\"twitter:data1\" content=\"1 minute\" \/>\n<script type=\"application\/ld+json\" class=\"yoast-schema-graph\">{\"@context\":\"https:\/\/schema.org\",\"@graph\":[{\"@type\":\"WebPage\",\"@id\":\"https:\/\/nyala.info\/fr\/restaurant\/menu-traditionnel-de-ligurie\/\",\"url\":\"https:\/\/nyala.info\/fr\/restaurant\/menu-traditionnel-de-ligurie\/\",\"name\":\"La Petite Carte des Enfants | Nyala Suite Hotel Hotel 4 \u00e9toiles \u00e0 San Remo\",\"isPartOf\":{\"@id\":\"https:\/\/nyala.info\/fr\/#website\"},\"primaryImageOfPage\":{\"@id\":\"https:\/\/nyala.info\/fr\/restaurant\/menu-traditionnel-de-ligurie\/#primaryimage\"},\"image\":{\"@id\":\"https:\/\/nyala.info\/fr\/restaurant\/menu-traditionnel-de-ligurie\/#primaryimage\"},\"thumbnailUrl\":\"https:\/\/nyala.info\/wp-content\/uploads\/2015\/04\/childrenmenu.jpg\",\"datePublished\":\"2016-10-04T18:22:00+00:00\",\"dateModified\":\"2017-02-10T10:08:33+00:00\",\"description\":\"Voil\u00e0 le Menu traditionnel de Ligurie\",\"breadcrumb\":{\"@id\":\"https:\/\/nyala.info\/fr\/restaurant\/menu-traditionnel-de-ligurie\/#breadcrumb\"},\"inLanguage\":\"fr-FR\",\"potentialAction\":[{\"@type\":\"ReadAction\",\"target\":[\"https:\/\/nyala.info\/fr\/restaurant\/menu-traditionnel-de-ligurie\/\"]}]},{\"@type\":\"ImageObject\",\"inLanguage\":\"fr-FR\",\"@id\":\"https:\/\/nyala.info\/fr\/restaurant\/menu-traditionnel-de-ligurie\/#primaryimage\",\"url\":\"https:\/\/nyala.info\/wp-content\/uploads\/2015\/04\/childrenmenu.jpg\",\"contentUrl\":\"https:\/\/nyala.info\/wp-content\/uploads\/2015\/04\/childrenmenu.jpg\",\"width\":1620,\"height\":1080,\"caption\":\"Children, Kindermen\u00fc\"},{\"@type\":\"BreadcrumbList\",\"@id\":\"https:\/\/nyala.info\/fr\/restaurant\/menu-traditionnel-de-ligurie\/#breadcrumb\",\"itemListElement\":[{\"@type\":\"ListItem\",\"position\":1,\"name\":\"Home\",\"item\":\"https:\/\/nyala.info\/fr\/\"},{\"@type\":\"ListItem\",\"position\":2,\"name\":\"Restaurant\",\"item\":\"https:\/\/nyala.info\/fr\/restaurant\/\"},{\"@type\":\"ListItem\",\"position\":3,\"name\":\"La Petite Carte des Enfants\"}]},{\"@type\":\"WebSite\",\"@id\":\"https:\/\/nyala.info\/fr\/#website\",\"url\":\"https:\/\/nyala.info\/fr\/\",\"name\":\"Nyala Suite Hotel\",\"description\":\"Hotel 4 \u00e9toiles \u00e0 San Remo\",\"potentialAction\":[{\"@type\":\"SearchAction\",\"target\":{\"@type\":\"EntryPoint\",\"urlTemplate\":\"https:\/\/nyala.info\/fr\/?s={search_term_string}\"},\"query-input\":{\"@type\":\"PropertyValueSpecification\",\"valueRequired\":true,\"valueName\":\"search_term_string\"}}],\"inLanguage\":\"fr-FR\"}]}<\/script>\n<!-- \/ Yoast SEO plugin. -->","yoast_head_json":{"title":"La Petite Carte des Enfants | Nyala Suite Hotel Hotel 4 \u00e9toiles \u00e0 San Remo","description":"Voil\u00e0 le Menu traditionnel de Ligurie","robots":{"index":"noindex","follow":"follow","max-snippet":"max-snippet:-1","max-image-preview":"max-image-preview:large","max-video-preview":"max-video-preview:-1"},"og_locale":"fr_FR","og_type":"article","og_title":"La Petite Carte des Enfants | Nyala Suite Hotel Hotel 4 \u00e9toiles \u00e0 San Remo","og_description":"Voil\u00e0 le Menu traditionnel de Ligurie","og_url":"https:\/\/nyala.info\/fr\/restaurant\/menu-traditionnel-de-ligurie\/","og_site_name":"Nyala Suite Hotel","article_modified_time":"2017-02-10T10:08:33+00:00","og_image":[{"width":1620,"height":1080,"url":"https:\/\/nyala.info\/wp-content\/uploads\/2015\/04\/childrenmenu.jpg","type":"image\/jpeg"}],"twitter_card":"summary_large_image","twitter_misc":{"Est. reading time":"1 minute"},"schema":{"@context":"https:\/\/schema.org","@graph":[{"@type":"WebPage","@id":"https:\/\/nyala.info\/fr\/restaurant\/menu-traditionnel-de-ligurie\/","url":"https:\/\/nyala.info\/fr\/restaurant\/menu-traditionnel-de-ligurie\/","name":"La Petite Carte des Enfants | Nyala Suite Hotel Hotel 4 \u00e9toiles \u00e0 San Remo","isPartOf":{"@id":"https:\/\/nyala.info\/fr\/#website"},"primaryImageOfPage":{"@id":"https:\/\/nyala.info\/fr\/restaurant\/menu-traditionnel-de-ligurie\/#primaryimage"},"image":{"@id":"https:\/\/nyala.info\/fr\/restaurant\/menu-traditionnel-de-ligurie\/#primaryimage"},"thumbnailUrl":"https:\/\/nyala.info\/wp-content\/uploads\/2015\/04\/childrenmenu.jpg","datePublished":"2016-10-04T18:22:00+00:00","dateModified":"2017-02-10T10:08:33+00:00","description":"Voil\u00e0 le Menu traditionnel de Ligurie","breadcrumb":{"@id":"https:\/\/nyala.info\/fr\/restaurant\/menu-traditionnel-de-ligurie\/#breadcrumb"},"inLanguage":"fr-FR","potentialAction":[{"@type":"ReadAction","target":["https:\/\/nyala.info\/fr\/restaurant\/menu-traditionnel-de-ligurie\/"]}]},{"@type":"ImageObject","inLanguage":"fr-FR","@id":"https:\/\/nyala.info\/fr\/restaurant\/menu-traditionnel-de-ligurie\/#primaryimage","url":"https:\/\/nyala.info\/wp-content\/uploads\/2015\/04\/childrenmenu.jpg","contentUrl":"https:\/\/nyala.info\/wp-content\/uploads\/2015\/04\/childrenmenu.jpg","width":1620,"height":1080,"caption":"Children, Kindermen\u00fc"},{"@type":"BreadcrumbList","@id":"https:\/\/nyala.info\/fr\/restaurant\/menu-traditionnel-de-ligurie\/#breadcrumb","itemListElement":[{"@type":"ListItem","position":1,"name":"Home","item":"https:\/\/nyala.info\/fr\/"},{"@type":"ListItem","position":2,"name":"Restaurant","item":"https:\/\/nyala.info\/fr\/restaurant\/"},{"@type":"ListItem","position":3,"name":"La Petite Carte des Enfants"}]},{"@type":"WebSite","@id":"https:\/\/nyala.info\/fr\/#website","url":"https:\/\/nyala.info\/fr\/","name":"Nyala Suite Hotel","description":"Hotel 4 \u00e9toiles \u00e0 San Remo","potentialAction":[{"@type":"SearchAction","target":{"@type":"EntryPoint","urlTemplate":"https:\/\/nyala.info\/fr\/?s={search_term_string}"},"query-input":{"@type":"PropertyValueSpecification","valueRequired":true,"valueName":"search_term_string"}}],"inLanguage":"fr-FR"}]}},"_links":{"self":[{"href":"https:\/\/nyala.info\/fr\/wp-json\/wp\/v2\/pages\/1993"}],"collection":[{"href":"https:\/\/nyala.info\/fr\/wp-json\/wp\/v2\/pages"}],"about":[{"href":"https:\/\/nyala.info\/fr\/wp-json\/wp\/v2\/types\/page"}],"author":[{"embeddable":true,"href":"https:\/\/nyala.info\/fr\/wp-json\/wp\/v2\/users\/3"}],"replies":[{"embeddable":true,"href":"https:\/\/nyala.info\/fr\/wp-json\/wp\/v2\/comments?post=1993"}],"version-history":[{"count":4,"href":"https:\/\/nyala.info\/fr\/wp-json\/wp\/v2\/pages\/1993\/revisions"}],"predecessor-version":[{"id":3297,"href":"https:\/\/nyala.info\/fr\/wp-json\/wp\/v2\/pages\/1993\/revisions\/3297"}],"up":[{"embeddable":true,"href":"https:\/\/nyala.info\/fr\/wp-json\/wp\/v2\/pages\/3292"}],"wp:featuredmedia":[{"embeddable":true,"href":"https:\/\/nyala.info\/fr\/wp-json\/wp\/v2\/media\/1221"}],"wp:attachment":[{"href":"https:\/\/nyala.info\/fr\/wp-json\/wp\/v2\/media?parent=1993"}],"curies":[{"name":"wp","href":"https:\/\/api.w.org\/{rel}","templated":true}]}}