{"id":1989,"date":"2016-10-04T20:11:46","date_gmt":"2016-10-04T18:11:46","guid":{"rendered":"http:\/\/www.nyalahotel.biz\/fr\/?page_id=1989"},"modified":"2017-11-02T11:46:47","modified_gmt":"2017-11-02T10:46:47","slug":"la-grande-carte","status":"publish","type":"page","link":"https:\/\/nyala.info\/fr\/restaurant\/la-grande-carte\/","title":{"rendered":"Menu \u00e0 la carte"},"content":{"rendered":"<h2>La Grande Carte<\/h2>\n<p>Nous vous pr\u00e9sentons les plats de notre Grand\u00a0Menu: une s\u00e9lection de plats prestigieux qui puisent dans les profondes racines des traditions culinaires de la Riviera, avec en particulier le poisson et les fruits de mer, et celles de l\u2019arri\u00e8re-pays avec la viande et les sp\u00e9cialit\u00e9s du terroir.<\/p>\n<p>[fdm-menu id=6632]<\/p>\n","protected":false},"excerpt":{"rendered":"<p>La Grande Carte Nous vous pr\u00e9sentons les plats de notre Grand\u00a0Menu: une s\u00e9lection de plats prestigieux qui puisent dans les profondes racines des traditions culinaires de la Riviera, avec en particulier le poisson et les fruits de mer, et celles de l\u2019arri\u00e8re-pays avec la viande et les sp\u00e9cialit\u00e9s du terroir. [fdm-menu id=6632]<\/p>\n","protected":false},"author":3,"featured_media":5712,"parent":3292,"menu_order":11,"comment_status":"open","ping_status":"closed","template":"","meta":{"_acf_changed":false,"footnotes":""},"class_list":["post-1989","page","type-page","status-publish","has-post-thumbnail","hentry"],"acf":[],"yoast_head":"<!-- This site is optimized with the Yoast SEO plugin v25.6 - https:\/\/yoast.com\/wordpress\/plugins\/seo\/ -->\n<title>Menu \u00e0 la carte | Nyala Suite Hotel Hotel 4 \u00e9toiles \u00e0 San Remo<\/title>\n<meta name=\"description\" content=\"O\u00f9 manger \u00e0 Sanremo plats r\u00e9gionales de la Ligurie chez le restaurant de Sanremo, Asmara, \u00e0 l&#039;int\u00e9rieur de notre auberge 4 \u00e9toiles Nyala H\u00f4tel\" \/>\n<meta name=\"robots\" content=\"noindex, follow, max-snippet:-1, max-image-preview:large, max-video-preview:-1\" \/>\n<meta property=\"og:locale\" content=\"fr_FR\" \/>\n<meta property=\"og:type\" content=\"article\" \/>\n<meta property=\"og:title\" content=\"Menu \u00e0 la carte | Nyala Suite Hotel Hotel 4 \u00e9toiles \u00e0 San Remo\" \/>\n<meta property=\"og:description\" content=\"O\u00f9 manger \u00e0 Sanremo plats r\u00e9gionales de la Ligurie chez le restaurant de Sanremo, Asmara, \u00e0 l&#039;int\u00e9rieur de notre auberge 4 \u00e9toiles Nyala H\u00f4tel\" \/>\n<meta property=\"og:url\" content=\"https:\/\/nyala.info\/fr\/restaurant\/la-grande-carte\/\" \/>\n<meta property=\"og:site_name\" content=\"Nyala Suite Hotel\" \/>\n<meta property=\"article:modified_time\" content=\"2017-11-02T10:46:47+00:00\" \/>\n<meta property=\"og:image\" content=\"https:\/\/nyala.info\/wp-content\/uploads\/2015\/04\/dove-mangiare-a-sanremo-ristorante-asmara350.jpg\" \/>\n\t<meta property=\"og:image:width\" content=\"350\" \/>\n\t<meta property=\"og:image:height\" content=\"234\" \/>\n\t<meta property=\"og:image:type\" content=\"image\/jpeg\" \/>\n<meta name=\"twitter:card\" content=\"summary_large_image\" \/>\n<script type=\"application\/ld+json\" class=\"yoast-schema-graph\">{\"@context\":\"https:\/\/schema.org\",\"@graph\":[{\"@type\":\"WebPage\",\"@id\":\"https:\/\/nyala.info\/fr\/restaurant\/la-grande-carte\/\",\"url\":\"https:\/\/nyala.info\/fr\/restaurant\/la-grande-carte\/\",\"name\":\"Menu \u00e0 la carte | Nyala Suite Hotel Hotel 4 \u00e9toiles \u00e0 San Remo\",\"isPartOf\":{\"@id\":\"https:\/\/nyala.info\/fr\/#website\"},\"primaryImageOfPage\":{\"@id\":\"https:\/\/nyala.info\/fr\/restaurant\/la-grande-carte\/#primaryimage\"},\"image\":{\"@id\":\"https:\/\/nyala.info\/fr\/restaurant\/la-grande-carte\/#primaryimage\"},\"thumbnailUrl\":\"https:\/\/nyala.info\/wp-content\/uploads\/2015\/04\/dove-mangiare-a-sanremo-ristorante-asmara350.jpg\",\"datePublished\":\"2016-10-04T18:11:46+00:00\",\"dateModified\":\"2017-11-02T10:46:47+00:00\",\"description\":\"O\u00f9 manger \u00e0 Sanremo plats r\u00e9gionales de la Ligurie chez le restaurant de Sanremo, Asmara, \u00e0 l'int\u00e9rieur de notre auberge 4 \u00e9toiles Nyala H\u00f4tel\",\"breadcrumb\":{\"@id\":\"https:\/\/nyala.info\/fr\/restaurant\/la-grande-carte\/#breadcrumb\"},\"inLanguage\":\"fr-FR\",\"potentialAction\":[{\"@type\":\"ReadAction\",\"target\":[\"https:\/\/nyala.info\/fr\/restaurant\/la-grande-carte\/\"]}]},{\"@type\":\"ImageObject\",\"inLanguage\":\"fr-FR\",\"@id\":\"https:\/\/nyala.info\/fr\/restaurant\/la-grande-carte\/#primaryimage\",\"url\":\"https:\/\/nyala.info\/wp-content\/uploads\/2015\/04\/dove-mangiare-a-sanremo-ristorante-asmara350.jpg\",\"contentUrl\":\"https:\/\/nyala.info\/wp-content\/uploads\/2015\/04\/dove-mangiare-a-sanremo-ristorante-asmara350.jpg\",\"width\":350,\"height\":234},{\"@type\":\"BreadcrumbList\",\"@id\":\"https:\/\/nyala.info\/fr\/restaurant\/la-grande-carte\/#breadcrumb\",\"itemListElement\":[{\"@type\":\"ListItem\",\"position\":1,\"name\":\"Home\",\"item\":\"https:\/\/nyala.info\/fr\/\"},{\"@type\":\"ListItem\",\"position\":2,\"name\":\"Restaurant\",\"item\":\"https:\/\/nyala.info\/fr\/restaurant\/\"},{\"@type\":\"ListItem\",\"position\":3,\"name\":\"Menu \u00e0 la carte\"}]},{\"@type\":\"WebSite\",\"@id\":\"https:\/\/nyala.info\/fr\/#website\",\"url\":\"https:\/\/nyala.info\/fr\/\",\"name\":\"Nyala Suite Hotel\",\"description\":\"Hotel 4 \u00e9toiles \u00e0 San Remo\",\"potentialAction\":[{\"@type\":\"SearchAction\",\"target\":{\"@type\":\"EntryPoint\",\"urlTemplate\":\"https:\/\/nyala.info\/fr\/?s={search_term_string}\"},\"query-input\":{\"@type\":\"PropertyValueSpecification\",\"valueRequired\":true,\"valueName\":\"search_term_string\"}}],\"inLanguage\":\"fr-FR\"}]}<\/script>\n<!-- \/ Yoast SEO plugin. -->","yoast_head_json":{"title":"Menu \u00e0 la carte | Nyala Suite Hotel Hotel 4 \u00e9toiles \u00e0 San Remo","description":"O\u00f9 manger \u00e0 Sanremo plats r\u00e9gionales de la Ligurie chez le restaurant de Sanremo, Asmara, \u00e0 l'int\u00e9rieur de notre auberge 4 \u00e9toiles Nyala H\u00f4tel","robots":{"index":"noindex","follow":"follow","max-snippet":"max-snippet:-1","max-image-preview":"max-image-preview:large","max-video-preview":"max-video-preview:-1"},"og_locale":"fr_FR","og_type":"article","og_title":"Menu \u00e0 la carte | Nyala Suite Hotel Hotel 4 \u00e9toiles \u00e0 San Remo","og_description":"O\u00f9 manger \u00e0 Sanremo plats r\u00e9gionales de la Ligurie chez le restaurant de Sanremo, Asmara, \u00e0 l'int\u00e9rieur de notre auberge 4 \u00e9toiles Nyala H\u00f4tel","og_url":"https:\/\/nyala.info\/fr\/restaurant\/la-grande-carte\/","og_site_name":"Nyala Suite Hotel","article_modified_time":"2017-11-02T10:46:47+00:00","og_image":[{"width":350,"height":234,"url":"https:\/\/nyala.info\/wp-content\/uploads\/2015\/04\/dove-mangiare-a-sanremo-ristorante-asmara350.jpg","type":"image\/jpeg"}],"twitter_card":"summary_large_image","schema":{"@context":"https:\/\/schema.org","@graph":[{"@type":"WebPage","@id":"https:\/\/nyala.info\/fr\/restaurant\/la-grande-carte\/","url":"https:\/\/nyala.info\/fr\/restaurant\/la-grande-carte\/","name":"Menu \u00e0 la carte | Nyala Suite Hotel Hotel 4 \u00e9toiles \u00e0 San Remo","isPartOf":{"@id":"https:\/\/nyala.info\/fr\/#website"},"primaryImageOfPage":{"@id":"https:\/\/nyala.info\/fr\/restaurant\/la-grande-carte\/#primaryimage"},"image":{"@id":"https:\/\/nyala.info\/fr\/restaurant\/la-grande-carte\/#primaryimage"},"thumbnailUrl":"https:\/\/nyala.info\/wp-content\/uploads\/2015\/04\/dove-mangiare-a-sanremo-ristorante-asmara350.jpg","datePublished":"2016-10-04T18:11:46+00:00","dateModified":"2017-11-02T10:46:47+00:00","description":"O\u00f9 manger \u00e0 Sanremo plats r\u00e9gionales de la Ligurie chez le restaurant de Sanremo, Asmara, \u00e0 l'int\u00e9rieur de notre auberge 4 \u00e9toiles Nyala H\u00f4tel","breadcrumb":{"@id":"https:\/\/nyala.info\/fr\/restaurant\/la-grande-carte\/#breadcrumb"},"inLanguage":"fr-FR","potentialAction":[{"@type":"ReadAction","target":["https:\/\/nyala.info\/fr\/restaurant\/la-grande-carte\/"]}]},{"@type":"ImageObject","inLanguage":"fr-FR","@id":"https:\/\/nyala.info\/fr\/restaurant\/la-grande-carte\/#primaryimage","url":"https:\/\/nyala.info\/wp-content\/uploads\/2015\/04\/dove-mangiare-a-sanremo-ristorante-asmara350.jpg","contentUrl":"https:\/\/nyala.info\/wp-content\/uploads\/2015\/04\/dove-mangiare-a-sanremo-ristorante-asmara350.jpg","width":350,"height":234},{"@type":"BreadcrumbList","@id":"https:\/\/nyala.info\/fr\/restaurant\/la-grande-carte\/#breadcrumb","itemListElement":[{"@type":"ListItem","position":1,"name":"Home","item":"https:\/\/nyala.info\/fr\/"},{"@type":"ListItem","position":2,"name":"Restaurant","item":"https:\/\/nyala.info\/fr\/restaurant\/"},{"@type":"ListItem","position":3,"name":"Menu \u00e0 la carte"}]},{"@type":"WebSite","@id":"https:\/\/nyala.info\/fr\/#website","url":"https:\/\/nyala.info\/fr\/","name":"Nyala Suite Hotel","description":"Hotel 4 \u00e9toiles \u00e0 San Remo","potentialAction":[{"@type":"SearchAction","target":{"@type":"EntryPoint","urlTemplate":"https:\/\/nyala.info\/fr\/?s={search_term_string}"},"query-input":{"@type":"PropertyValueSpecification","valueRequired":true,"valueName":"search_term_string"}}],"inLanguage":"fr-FR"}]}},"_links":{"self":[{"href":"https:\/\/nyala.info\/fr\/wp-json\/wp\/v2\/pages\/1989"}],"collection":[{"href":"https:\/\/nyala.info\/fr\/wp-json\/wp\/v2\/pages"}],"about":[{"href":"https:\/\/nyala.info\/fr\/wp-json\/wp\/v2\/types\/page"}],"author":[{"embeddable":true,"href":"https:\/\/nyala.info\/fr\/wp-json\/wp\/v2\/users\/3"}],"replies":[{"embeddable":true,"href":"https:\/\/nyala.info\/fr\/wp-json\/wp\/v2\/comments?post=1989"}],"version-history":[{"count":8,"href":"https:\/\/nyala.info\/fr\/wp-json\/wp\/v2\/pages\/1989\/revisions"}],"predecessor-version":[{"id":6760,"href":"https:\/\/nyala.info\/fr\/wp-json\/wp\/v2\/pages\/1989\/revisions\/6760"}],"up":[{"embeddable":true,"href":"https:\/\/nyala.info\/fr\/wp-json\/wp\/v2\/pages\/3292"}],"wp:featuredmedia":[{"embeddable":true,"href":"https:\/\/nyala.info\/fr\/wp-json\/wp\/v2\/media\/5712"}],"wp:attachment":[{"href":"https:\/\/nyala.info\/fr\/wp-json\/wp\/v2\/media?parent=1989"}],"curies":[{"name":"wp","href":"https:\/\/api.w.org\/{rel}","templated":true}]}}