{"id":1981,"date":"2016-10-04T20:05:24","date_gmt":"2016-10-04T18:05:24","guid":{"rendered":"http:\/\/www.nyalahotel.biz\/fr\/?page_id=1981"},"modified":"2017-06-09T12:48:44","modified_gmt":"2017-06-09T10:48:44","slug":"accueil-pour-les-animaux","status":"publish","type":"page","link":"https:\/\/nyala.info\/fr\/accueil-pour-les-animaux\/","title":{"rendered":"Accueil pour les animaux"},"content":{"rendered":"<h2 style=\"text-align: center;\">Chiens et chats sont les bienvenus dans notre h\u00f4tel<\/h2>\n<p><img loading=\"lazy\" decoding=\"async\" class=\"aligncenter size-full wp-image-1340\" src=\"http:\/\/www.nyalahotel.com\/wp-content\/uploads\/2016\/08\/Pets.jpg\" alt=\"pets, pet hospitality, in vacanza con gli animali\" width=\"614\" height=\"404\" srcset=\"https:\/\/nyala.info\/wp-content\/uploads\/2016\/08\/Pets.jpg 614w, https:\/\/nyala.info\/wp-content\/uploads\/2016\/08\/Pets-300x197.jpg 300w, https:\/\/nyala.info\/wp-content\/uploads\/2016\/08\/Pets-2x1.jpg 2w\" sizes=\"(max-width: 614px) 100vw, 614px\" \/><\/p>\n<p>L&#8217;H\u00f4tel Nyala Suite prend soin de vos animaux pendant votre s\u00e9jour \u00e0 la Riviera, les chiens et les chats sont invit\u00e9s bienvenus et leur offrira toutes les meilleures commodit\u00e9s pour se sentir \u00e0 la maison!<\/p>\n<div class=\"col-md-4\">\n<h3>Lit Pet<\/h3>\n<p>Pour assurer chaleur et confort, l&#8217;h\u00f4tel offre un confortable lit en tissu. Disponible sur demande<\/div>\n<div class=\"col-md-4\">\n<h3>Pet Kit<\/h3>\n<p>Si vous avez oubli\u00e9 quelque chose chez vous, vous n&#8217;avez pas \u00e0 vous inqui\u00e9ter. Sur demande \u00e0 la r\u00e9ception il ya un kit de beaut\u00e9 contenant de petites lingettes peigne, brosse et humide. \u00c9galement \u00e0 la r\u00e9ception toujours trouver un assortiment de produits pour le nettoyage et le soin des petits amis pour les urgences de petite taille.<\/div>\n<div class=\"col-md-4\">\n<h3>Shopping \u00e0 4 pattes<\/h3>\n<p>Dans le centre de Sanremo, nous vous indiquerons les magasins affili\u00e9s avec notre h\u00f4tel, o\u00f9 vous pouvez magasiner pour chiens et chats pour la nourriture, pour leurs soins et leur bien-\u00eatre.<\/div>\n<div class=\"col-md-12\"><div class=\"de_divider div-dotted\"><span><\/span><\/div><\/div>\n<div class=\"col-md-6\">\n<h3>Assistance m\u00e9dicale v\u00e9t\u00e9rinaires<\/h3>\n<p>Pr\u00e8s de l&#8217;h\u00f4tel est situ\u00e9 \u00e0 une \u00e9tude qui nous comptons sur le plus grand sp\u00e9cialiste v\u00e9t\u00e9rinaire si votre amis \u00e0 quatre pattes ont besoin. N&#8217;oubliez pas de toujours \u00eatre accompagn\u00e9 d&#8217;un passeport avec les dates de vaccination.<\/div>\n<div class=\"col-md-6\">\n<h3>Dog Sitter et Cat<\/h3>\n<p>Vos petits amis ne sont jamais seuls, car ils sont \u00e0 votre disposition un chien et de chat assis avec un personnel sp\u00e9cialis\u00e9, les animaux les soins et l&#8217;amour, trop petit pour vous accompagner dans une promenade agr\u00e9able et relaxant. Le service est pay\u00e9 \u00e0 la r\u00e9servation.<\/div>\n<p><div class=\"col-md-12\"><div class=\"de_divider div-dotted\"><span><\/span><\/div><\/div><br \/>\n&nbsp;<br \/>\n&nbsp;<\/p>\n<p><strong>NYALA conseils!<\/strong><\/p>\n<ul>\n<li>\u00c0 Nyala, votre ami est s\u00fbr. Toutefois, si vous \u00e9tiez le prendre pour des promenades \u00e9gar\u00e9s, nous vous recommandons d&#8217;apporter une photo r\u00e9cente de votre chien ou votre chat.<\/li>\n<li>Mettez le collier en vacances avec une m\u00e9daille, m\u00eame le chat.<\/li>\n<li>Est conseill\u00e9 de souscrire une police d&#8217;assurance pour couvrir les dommages caus\u00e9s par les animaux \u00e0 des tiers.<\/li>\n<li>Avant un voyage en voiture pour des repas l\u00e9gers, 3 heures avant le d\u00e9part,<\/li>\n<li>Pendant le transfert, n&#8217;oubliez pas de faire les arr\u00eats pour le chien de boire et de le laisser d\u00e9gourdir les jambes.<\/li>\n<li>Depuis l&#8217;h\u00f4tel est entour\u00e9 par un jardin, vous ne devrions pas oublier la nourriture ouvert dans votre chambre ou sur les balcons.<\/li>\n<\/ul>\n","protected":false},"excerpt":{"rendered":"<p>Chiens et chats sont les bienvenus dans notre h\u00f4tel L&#8217;H\u00f4tel Nyala Suite prend soin de vos animaux pendant votre s\u00e9jour \u00e0 la Riviera, les chiens et les chats sont invit\u00e9s bienvenus et leur offrira toutes les meilleures commodit\u00e9s pour se sentir \u00e0 la maison! &nbsp; &nbsp; NYALA conseils! \u00c0 Nyala, votre ami est s\u00fbr. Toutefois, [&hellip;]<\/p>\n","protected":false},"author":3,"featured_media":1340,"parent":0,"menu_order":10,"comment_status":"closed","ping_status":"closed","template":"","meta":{"_acf_changed":false,"footnotes":""},"class_list":["post-1981","page","type-page","status-publish","has-post-thumbnail","hentry"],"acf":[],"yoast_head":"<!-- This site is optimized with the Yoast SEO plugin v25.6 - https:\/\/yoast.com\/wordpress\/plugins\/seo\/ -->\n<title>Accueil pour les animaux | Nyala Suite Hotel Hotel 4 \u00e9toiles \u00e0 San Remo<\/title>\n<meta name=\"robots\" content=\"noindex, follow, max-snippet:-1, max-image-preview:large, max-video-preview:-1\" \/>\n<meta property=\"og:locale\" content=\"fr_FR\" \/>\n<meta property=\"og:type\" content=\"article\" \/>\n<meta property=\"og:title\" content=\"Accueil pour les animaux | Nyala Suite Hotel Hotel 4 \u00e9toiles \u00e0 San Remo\" \/>\n<meta property=\"og:description\" content=\"Chiens et chats sont les bienvenus dans notre h\u00f4tel L&#8217;H\u00f4tel Nyala Suite prend soin de vos animaux pendant votre s\u00e9jour \u00e0 la Riviera, les chiens et les chats sont invit\u00e9s bienvenus et leur offrira toutes les meilleures commodit\u00e9s pour se sentir \u00e0 la maison! &nbsp; &nbsp; NYALA conseils! \u00c0 Nyala, votre ami est s\u00fbr. Toutefois, [&hellip;]\" \/>\n<meta property=\"og:url\" content=\"https:\/\/nyala.info\/fr\/accueil-pour-les-animaux\/\" \/>\n<meta property=\"og:site_name\" content=\"Nyala Suite Hotel\" \/>\n<meta property=\"article:modified_time\" content=\"2017-06-09T10:48:44+00:00\" \/>\n<meta property=\"og:image\" content=\"https:\/\/nyala.info\/wp-content\/uploads\/2016\/08\/Pets.jpg\" \/>\n\t<meta property=\"og:image:width\" content=\"614\" \/>\n\t<meta property=\"og:image:height\" content=\"404\" \/>\n\t<meta property=\"og:image:type\" content=\"image\/jpeg\" \/>\n<meta name=\"twitter:card\" content=\"summary_large_image\" \/>\n<meta name=\"twitter:label1\" content=\"Est. reading time\" \/>\n\t<meta name=\"twitter:data1\" content=\"2 minutes\" \/>\n<script type=\"application\/ld+json\" class=\"yoast-schema-graph\">{\"@context\":\"https:\/\/schema.org\",\"@graph\":[{\"@type\":\"WebPage\",\"@id\":\"https:\/\/nyala.info\/fr\/accueil-pour-les-animaux\/\",\"url\":\"https:\/\/nyala.info\/fr\/accueil-pour-les-animaux\/\",\"name\":\"Accueil pour les animaux | Nyala Suite Hotel Hotel 4 \u00e9toiles \u00e0 San Remo\",\"isPartOf\":{\"@id\":\"https:\/\/nyala.info\/fr\/#website\"},\"primaryImageOfPage\":{\"@id\":\"https:\/\/nyala.info\/fr\/accueil-pour-les-animaux\/#primaryimage\"},\"image\":{\"@id\":\"https:\/\/nyala.info\/fr\/accueil-pour-les-animaux\/#primaryimage\"},\"thumbnailUrl\":\"https:\/\/nyala.info\/wp-content\/uploads\/2016\/08\/Pets.jpg\",\"datePublished\":\"2016-10-04T18:05:24+00:00\",\"dateModified\":\"2017-06-09T10:48:44+00:00\",\"breadcrumb\":{\"@id\":\"https:\/\/nyala.info\/fr\/accueil-pour-les-animaux\/#breadcrumb\"},\"inLanguage\":\"fr-FR\",\"potentialAction\":[{\"@type\":\"ReadAction\",\"target\":[\"https:\/\/nyala.info\/fr\/accueil-pour-les-animaux\/\"]}]},{\"@type\":\"ImageObject\",\"inLanguage\":\"fr-FR\",\"@id\":\"https:\/\/nyala.info\/fr\/accueil-pour-les-animaux\/#primaryimage\",\"url\":\"https:\/\/nyala.info\/wp-content\/uploads\/2016\/08\/Pets.jpg\",\"contentUrl\":\"https:\/\/nyala.info\/wp-content\/uploads\/2016\/08\/Pets.jpg\",\"width\":614,\"height\":404,\"caption\":\"pets, pet hospitality, in vacanza con gli animali\"},{\"@type\":\"BreadcrumbList\",\"@id\":\"https:\/\/nyala.info\/fr\/accueil-pour-les-animaux\/#breadcrumb\",\"itemListElement\":[{\"@type\":\"ListItem\",\"position\":1,\"name\":\"Home\",\"item\":\"https:\/\/nyala.info\/fr\/\"},{\"@type\":\"ListItem\",\"position\":2,\"name\":\"Accueil pour les animaux\"}]},{\"@type\":\"WebSite\",\"@id\":\"https:\/\/nyala.info\/fr\/#website\",\"url\":\"https:\/\/nyala.info\/fr\/\",\"name\":\"Nyala Suite Hotel\",\"description\":\"Hotel 4 \u00e9toiles \u00e0 San Remo\",\"potentialAction\":[{\"@type\":\"SearchAction\",\"target\":{\"@type\":\"EntryPoint\",\"urlTemplate\":\"https:\/\/nyala.info\/fr\/?s={search_term_string}\"},\"query-input\":{\"@type\":\"PropertyValueSpecification\",\"valueRequired\":true,\"valueName\":\"search_term_string\"}}],\"inLanguage\":\"fr-FR\"}]}<\/script>\n<!-- \/ Yoast SEO plugin. -->","yoast_head_json":{"title":"Accueil pour les animaux | Nyala Suite Hotel Hotel 4 \u00e9toiles \u00e0 San Remo","robots":{"index":"noindex","follow":"follow","max-snippet":"max-snippet:-1","max-image-preview":"max-image-preview:large","max-video-preview":"max-video-preview:-1"},"og_locale":"fr_FR","og_type":"article","og_title":"Accueil pour les animaux | Nyala Suite Hotel Hotel 4 \u00e9toiles \u00e0 San Remo","og_description":"Chiens et chats sont les bienvenus dans notre h\u00f4tel L&#8217;H\u00f4tel Nyala Suite prend soin de vos animaux pendant votre s\u00e9jour \u00e0 la Riviera, les chiens et les chats sont invit\u00e9s bienvenus et leur offrira toutes les meilleures commodit\u00e9s pour se sentir \u00e0 la maison! &nbsp; &nbsp; NYALA conseils! \u00c0 Nyala, votre ami est s\u00fbr. Toutefois, [&hellip;]","og_url":"https:\/\/nyala.info\/fr\/accueil-pour-les-animaux\/","og_site_name":"Nyala Suite Hotel","article_modified_time":"2017-06-09T10:48:44+00:00","og_image":[{"width":614,"height":404,"url":"https:\/\/nyala.info\/wp-content\/uploads\/2016\/08\/Pets.jpg","type":"image\/jpeg"}],"twitter_card":"summary_large_image","twitter_misc":{"Est. reading time":"2 minutes"},"schema":{"@context":"https:\/\/schema.org","@graph":[{"@type":"WebPage","@id":"https:\/\/nyala.info\/fr\/accueil-pour-les-animaux\/","url":"https:\/\/nyala.info\/fr\/accueil-pour-les-animaux\/","name":"Accueil pour les animaux | Nyala Suite Hotel Hotel 4 \u00e9toiles \u00e0 San Remo","isPartOf":{"@id":"https:\/\/nyala.info\/fr\/#website"},"primaryImageOfPage":{"@id":"https:\/\/nyala.info\/fr\/accueil-pour-les-animaux\/#primaryimage"},"image":{"@id":"https:\/\/nyala.info\/fr\/accueil-pour-les-animaux\/#primaryimage"},"thumbnailUrl":"https:\/\/nyala.info\/wp-content\/uploads\/2016\/08\/Pets.jpg","datePublished":"2016-10-04T18:05:24+00:00","dateModified":"2017-06-09T10:48:44+00:00","breadcrumb":{"@id":"https:\/\/nyala.info\/fr\/accueil-pour-les-animaux\/#breadcrumb"},"inLanguage":"fr-FR","potentialAction":[{"@type":"ReadAction","target":["https:\/\/nyala.info\/fr\/accueil-pour-les-animaux\/"]}]},{"@type":"ImageObject","inLanguage":"fr-FR","@id":"https:\/\/nyala.info\/fr\/accueil-pour-les-animaux\/#primaryimage","url":"https:\/\/nyala.info\/wp-content\/uploads\/2016\/08\/Pets.jpg","contentUrl":"https:\/\/nyala.info\/wp-content\/uploads\/2016\/08\/Pets.jpg","width":614,"height":404,"caption":"pets, pet hospitality, in vacanza con gli animali"},{"@type":"BreadcrumbList","@id":"https:\/\/nyala.info\/fr\/accueil-pour-les-animaux\/#breadcrumb","itemListElement":[{"@type":"ListItem","position":1,"name":"Home","item":"https:\/\/nyala.info\/fr\/"},{"@type":"ListItem","position":2,"name":"Accueil pour les animaux"}]},{"@type":"WebSite","@id":"https:\/\/nyala.info\/fr\/#website","url":"https:\/\/nyala.info\/fr\/","name":"Nyala Suite Hotel","description":"Hotel 4 \u00e9toiles \u00e0 San Remo","potentialAction":[{"@type":"SearchAction","target":{"@type":"EntryPoint","urlTemplate":"https:\/\/nyala.info\/fr\/?s={search_term_string}"},"query-input":{"@type":"PropertyValueSpecification","valueRequired":true,"valueName":"search_term_string"}}],"inLanguage":"fr-FR"}]}},"_links":{"self":[{"href":"https:\/\/nyala.info\/fr\/wp-json\/wp\/v2\/pages\/1981"}],"collection":[{"href":"https:\/\/nyala.info\/fr\/wp-json\/wp\/v2\/pages"}],"about":[{"href":"https:\/\/nyala.info\/fr\/wp-json\/wp\/v2\/types\/page"}],"author":[{"embeddable":true,"href":"https:\/\/nyala.info\/fr\/wp-json\/wp\/v2\/users\/3"}],"replies":[{"embeddable":true,"href":"https:\/\/nyala.info\/fr\/wp-json\/wp\/v2\/comments?post=1981"}],"version-history":[{"count":8,"href":"https:\/\/nyala.info\/fr\/wp-json\/wp\/v2\/pages\/1981\/revisions"}],"predecessor-version":[{"id":4962,"href":"https:\/\/nyala.info\/fr\/wp-json\/wp\/v2\/pages\/1981\/revisions\/4962"}],"wp:featuredmedia":[{"embeddable":true,"href":"https:\/\/nyala.info\/fr\/wp-json\/wp\/v2\/media\/1340"}],"wp:attachment":[{"href":"https:\/\/nyala.info\/fr\/wp-json\/wp\/v2\/media?parent=1981"}],"curies":[{"name":"wp","href":"https:\/\/api.w.org\/{rel}","templated":true}]}}