{"id":1979,"date":"2016-10-04T19:59:50","date_gmt":"2016-10-04T17:59:50","guid":{"rendered":"http:\/\/www.nyalahotel.biz\/fr\/?page_id=1979"},"modified":"2019-09-21T14:03:07","modified_gmt":"2019-09-21T12:03:07","slug":"itineraire-la-decouverte-des-grottes-et-des-bourgs-medievaux","status":"publish","type":"page","link":"https:\/\/nyala.info\/fr\/excursions-quotidiennes-depuis-sanremo\/itineraire-la-decouverte-des-grottes-et-des-bourgs-medievaux\/","title":{"rendered":"Itineraire a la decouverte des grottes et des bourgs medievaux"},"content":{"rendered":"<p>Excursions \u00e0 Toirano, Finalborgo et Cervo : bourgs historiques de la Ligurie<\/p>\n<ul>\n<li>Transfert par l\u2019autoroute \u00e0 Toirano (70 km &#8211; 50 min. environ).<\/li>\n<li>Visite des belles grottes de Toirano, riches de spectaculaires concr\u00e9tions naturelles et de traces laiss\u00e9es par des habitants pr\u00e9historiques. Poursuite par le bourg m\u00e9di\u00e9val de la ville, tr\u00e8s bien conserv\u00e9.<\/li>\n<li>Poursuite par Finale Ligure (15 km &#8211; 20 min. environ), o\u00f9 vous pourrez visiter l\u2019antique bourg m\u00e9di\u00e9val de Finalborgo, encercl\u00e9 par ses murailles, avec des opportunit\u00e9s de shopping int\u00e9ressantes.<\/li>\n<li>Sur la route du retour, halte \u00e0 Cervo (40 km &#8211; 30 min. environ)<br \/>\nVisite du bourg antique, unique dans l\u2019Ouest, qui se trouve face\u00a0\u00e0 la mer et est domin\u00e9 par la majestueuse \u00e9glise de San Giovanni Battista, un des plus beaux exemples de l\u2019architecture baroque en Ligurie. Au sommet des cols, le Ch\u00e2teau de Clavesana, ancr\u00e9 sur la roche, abrite aujourd\u2019hui le Mus\u00e9e Ethnographique de l\u2019ouest ligure.<\/li>\n<li>Retour de San Bartolomeo par l\u2019autoroute (40 km &#8211; 30 min. environ).<\/li>\n<\/ul>\n","protected":false},"excerpt":{"rendered":"<p>Excursions \u00e0 Toirano, Finalborgo et Cervo : bourgs historiques de la Ligurie Transfert par l\u2019autoroute \u00e0 Toirano (70 km &#8211; 50 min. environ). Visite des belles grottes de Toirano, riches de spectaculaires concr\u00e9tions naturelles et de traces laiss\u00e9es par des habitants pr\u00e9historiques. Poursuite par le bourg m\u00e9di\u00e9val de la ville, tr\u00e8s bien conserv\u00e9. Poursuite par [&hellip;]<\/p>\n","protected":false},"author":3,"featured_media":1052,"parent":8404,"menu_order":30,"comment_status":"open","ping_status":"open","template":"","meta":{"_acf_changed":false,"footnotes":""},"class_list":["post-1979","page","type-page","status-publish","has-post-thumbnail","hentry"],"acf":[],"yoast_head":"<!-- This site is optimized with the Yoast SEO plugin v25.6 - https:\/\/yoast.com\/wordpress\/plugins\/seo\/ -->\n<title>Itineraire a la decouverte des grottes et des bourgs medievaux<\/title>\n<meta name=\"description\" content=\"Excursions \u00e0 Toirano, Finalborgo et Cervo : bourgs historiques de la Ligurie Transfert par l\u2019autoroute \u00e0 Toirano (70 km - 50 min. environ).\" \/>\n<meta name=\"robots\" content=\"noindex, follow, max-snippet:-1, max-image-preview:large, max-video-preview:-1\" \/>\n<meta property=\"og:locale\" content=\"fr_FR\" \/>\n<meta property=\"og:type\" content=\"article\" \/>\n<meta property=\"og:title\" content=\"Itineraire a la decouverte des grottes et des bourgs medievaux\" \/>\n<meta property=\"og:description\" content=\"Excursions \u00e0 Toirano, Finalborgo et Cervo : bourgs historiques de la Ligurie Transfert par l\u2019autoroute \u00e0 Toirano (70 km - 50 min. environ).\" \/>\n<meta property=\"og:url\" content=\"https:\/\/nyala.info\/fr\/excursions-quotidiennes-depuis-sanremo\/itineraire-la-decouverte-des-grottes-et-des-bourgs-medievaux\/\" \/>\n<meta property=\"og:site_name\" content=\"Nyala Suite Hotel\" \/>\n<meta property=\"article:modified_time\" content=\"2019-09-21T12:03:07+00:00\" \/>\n<meta property=\"og:image\" content=\"https:\/\/nyala.info\/wp-content\/uploads\/2015\/04\/toirano-salotto-strega.jpg\" \/>\n\t<meta property=\"og:image:width\" content=\"600\" \/>\n\t<meta property=\"og:image:height\" content=\"350\" \/>\n\t<meta property=\"og:image:type\" content=\"image\/jpeg\" \/>\n<meta name=\"twitter:card\" content=\"summary_large_image\" \/>\n<meta name=\"twitter:label1\" content=\"Est. reading time\" \/>\n\t<meta name=\"twitter:data1\" content=\"1 minute\" \/>\n<script type=\"application\/ld+json\" class=\"yoast-schema-graph\">{\"@context\":\"https:\/\/schema.org\",\"@graph\":[{\"@type\":\"WebPage\",\"@id\":\"https:\/\/nyala.info\/fr\/excursions-quotidiennes-depuis-sanremo\/itineraire-la-decouverte-des-grottes-et-des-bourgs-medievaux\/\",\"url\":\"https:\/\/nyala.info\/fr\/excursions-quotidiennes-depuis-sanremo\/itineraire-la-decouverte-des-grottes-et-des-bourgs-medievaux\/\",\"name\":\"Itineraire a la decouverte des grottes et des bourgs medievaux\",\"isPartOf\":{\"@id\":\"https:\/\/nyala.info\/fr\/#website\"},\"primaryImageOfPage\":{\"@id\":\"https:\/\/nyala.info\/fr\/excursions-quotidiennes-depuis-sanremo\/itineraire-la-decouverte-des-grottes-et-des-bourgs-medievaux\/#primaryimage\"},\"image\":{\"@id\":\"https:\/\/nyala.info\/fr\/excursions-quotidiennes-depuis-sanremo\/itineraire-la-decouverte-des-grottes-et-des-bourgs-medievaux\/#primaryimage\"},\"thumbnailUrl\":\"https:\/\/nyala.info\/wp-content\/uploads\/2015\/04\/toirano-salotto-strega.jpg\",\"datePublished\":\"2016-10-04T17:59:50+00:00\",\"dateModified\":\"2019-09-21T12:03:07+00:00\",\"description\":\"Excursions \u00e0 Toirano, Finalborgo et Cervo : bourgs historiques de la Ligurie Transfert par l\u2019autoroute \u00e0 Toirano (70 km - 50 min. environ).\",\"breadcrumb\":{\"@id\":\"https:\/\/nyala.info\/fr\/excursions-quotidiennes-depuis-sanremo\/itineraire-la-decouverte-des-grottes-et-des-bourgs-medievaux\/#breadcrumb\"},\"inLanguage\":\"fr-FR\",\"potentialAction\":[{\"@type\":\"ReadAction\",\"target\":[\"https:\/\/nyala.info\/fr\/excursions-quotidiennes-depuis-sanremo\/itineraire-la-decouverte-des-grottes-et-des-bourgs-medievaux\/\"]}]},{\"@type\":\"ImageObject\",\"inLanguage\":\"fr-FR\",\"@id\":\"https:\/\/nyala.info\/fr\/excursions-quotidiennes-depuis-sanremo\/itineraire-la-decouverte-des-grottes-et-des-bourgs-medievaux\/#primaryimage\",\"url\":\"https:\/\/nyala.info\/wp-content\/uploads\/2015\/04\/toirano-salotto-strega.jpg\",\"contentUrl\":\"https:\/\/nyala.info\/wp-content\/uploads\/2015\/04\/toirano-salotto-strega.jpg\",\"width\":600,\"height\":350,\"caption\":\"Toirano\"},{\"@type\":\"BreadcrumbList\",\"@id\":\"https:\/\/nyala.info\/fr\/excursions-quotidiennes-depuis-sanremo\/itineraire-la-decouverte-des-grottes-et-des-bourgs-medievaux\/#breadcrumb\",\"itemListElement\":[{\"@type\":\"ListItem\",\"position\":1,\"name\":\"Home\",\"item\":\"https:\/\/nyala.info\/fr\/\"},{\"@type\":\"ListItem\",\"position\":2,\"name\":\"Itineraire a la decouverte des grottes et des bourgs medievaux\"}]},{\"@type\":\"WebSite\",\"@id\":\"https:\/\/nyala.info\/fr\/#website\",\"url\":\"https:\/\/nyala.info\/fr\/\",\"name\":\"Nyala Suite Hotel\",\"description\":\"Hotel 4 \u00e9toiles \u00e0 San Remo\",\"potentialAction\":[{\"@type\":\"SearchAction\",\"target\":{\"@type\":\"EntryPoint\",\"urlTemplate\":\"https:\/\/nyala.info\/fr\/?s={search_term_string}\"},\"query-input\":{\"@type\":\"PropertyValueSpecification\",\"valueRequired\":true,\"valueName\":\"search_term_string\"}}],\"inLanguage\":\"fr-FR\"}]}<\/script>\n<!-- \/ Yoast SEO plugin. -->","yoast_head_json":{"title":"Itineraire a la decouverte des grottes et des bourgs medievaux","description":"Excursions \u00e0 Toirano, Finalborgo et Cervo : bourgs historiques de la Ligurie Transfert par l\u2019autoroute \u00e0 Toirano (70 km - 50 min. environ).","robots":{"index":"noindex","follow":"follow","max-snippet":"max-snippet:-1","max-image-preview":"max-image-preview:large","max-video-preview":"max-video-preview:-1"},"og_locale":"fr_FR","og_type":"article","og_title":"Itineraire a la decouverte des grottes et des bourgs medievaux","og_description":"Excursions \u00e0 Toirano, Finalborgo et Cervo : bourgs historiques de la Ligurie Transfert par l\u2019autoroute \u00e0 Toirano (70 km - 50 min. environ).","og_url":"https:\/\/nyala.info\/fr\/excursions-quotidiennes-depuis-sanremo\/itineraire-la-decouverte-des-grottes-et-des-bourgs-medievaux\/","og_site_name":"Nyala Suite Hotel","article_modified_time":"2019-09-21T12:03:07+00:00","og_image":[{"width":600,"height":350,"url":"https:\/\/nyala.info\/wp-content\/uploads\/2015\/04\/toirano-salotto-strega.jpg","type":"image\/jpeg"}],"twitter_card":"summary_large_image","twitter_misc":{"Est. reading time":"1 minute"},"schema":{"@context":"https:\/\/schema.org","@graph":[{"@type":"WebPage","@id":"https:\/\/nyala.info\/fr\/excursions-quotidiennes-depuis-sanremo\/itineraire-la-decouverte-des-grottes-et-des-bourgs-medievaux\/","url":"https:\/\/nyala.info\/fr\/excursions-quotidiennes-depuis-sanremo\/itineraire-la-decouverte-des-grottes-et-des-bourgs-medievaux\/","name":"Itineraire a la decouverte des grottes et des bourgs medievaux","isPartOf":{"@id":"https:\/\/nyala.info\/fr\/#website"},"primaryImageOfPage":{"@id":"https:\/\/nyala.info\/fr\/excursions-quotidiennes-depuis-sanremo\/itineraire-la-decouverte-des-grottes-et-des-bourgs-medievaux\/#primaryimage"},"image":{"@id":"https:\/\/nyala.info\/fr\/excursions-quotidiennes-depuis-sanremo\/itineraire-la-decouverte-des-grottes-et-des-bourgs-medievaux\/#primaryimage"},"thumbnailUrl":"https:\/\/nyala.info\/wp-content\/uploads\/2015\/04\/toirano-salotto-strega.jpg","datePublished":"2016-10-04T17:59:50+00:00","dateModified":"2019-09-21T12:03:07+00:00","description":"Excursions \u00e0 Toirano, Finalborgo et Cervo : bourgs historiques de la Ligurie Transfert par l\u2019autoroute \u00e0 Toirano (70 km - 50 min. environ).","breadcrumb":{"@id":"https:\/\/nyala.info\/fr\/excursions-quotidiennes-depuis-sanremo\/itineraire-la-decouverte-des-grottes-et-des-bourgs-medievaux\/#breadcrumb"},"inLanguage":"fr-FR","potentialAction":[{"@type":"ReadAction","target":["https:\/\/nyala.info\/fr\/excursions-quotidiennes-depuis-sanremo\/itineraire-la-decouverte-des-grottes-et-des-bourgs-medievaux\/"]}]},{"@type":"ImageObject","inLanguage":"fr-FR","@id":"https:\/\/nyala.info\/fr\/excursions-quotidiennes-depuis-sanremo\/itineraire-la-decouverte-des-grottes-et-des-bourgs-medievaux\/#primaryimage","url":"https:\/\/nyala.info\/wp-content\/uploads\/2015\/04\/toirano-salotto-strega.jpg","contentUrl":"https:\/\/nyala.info\/wp-content\/uploads\/2015\/04\/toirano-salotto-strega.jpg","width":600,"height":350,"caption":"Toirano"},{"@type":"BreadcrumbList","@id":"https:\/\/nyala.info\/fr\/excursions-quotidiennes-depuis-sanremo\/itineraire-la-decouverte-des-grottes-et-des-bourgs-medievaux\/#breadcrumb","itemListElement":[{"@type":"ListItem","position":1,"name":"Home","item":"https:\/\/nyala.info\/fr\/"},{"@type":"ListItem","position":2,"name":"Itineraire a la decouverte des grottes et des bourgs medievaux"}]},{"@type":"WebSite","@id":"https:\/\/nyala.info\/fr\/#website","url":"https:\/\/nyala.info\/fr\/","name":"Nyala Suite Hotel","description":"Hotel 4 \u00e9toiles \u00e0 San Remo","potentialAction":[{"@type":"SearchAction","target":{"@type":"EntryPoint","urlTemplate":"https:\/\/nyala.info\/fr\/?s={search_term_string}"},"query-input":{"@type":"PropertyValueSpecification","valueRequired":true,"valueName":"search_term_string"}}],"inLanguage":"fr-FR"}]}},"_links":{"self":[{"href":"https:\/\/nyala.info\/fr\/wp-json\/wp\/v2\/pages\/1979"}],"collection":[{"href":"https:\/\/nyala.info\/fr\/wp-json\/wp\/v2\/pages"}],"about":[{"href":"https:\/\/nyala.info\/fr\/wp-json\/wp\/v2\/types\/page"}],"author":[{"embeddable":true,"href":"https:\/\/nyala.info\/fr\/wp-json\/wp\/v2\/users\/3"}],"replies":[{"embeddable":true,"href":"https:\/\/nyala.info\/fr\/wp-json\/wp\/v2\/comments?post=1979"}],"version-history":[{"count":5,"href":"https:\/\/nyala.info\/fr\/wp-json\/wp\/v2\/pages\/1979\/revisions"}],"predecessor-version":[{"id":7949,"href":"https:\/\/nyala.info\/fr\/wp-json\/wp\/v2\/pages\/1979\/revisions\/7949"}],"up":[{"embeddable":true,"href":"https:\/\/nyala.info\/fr\/wp-json\/wp\/v2\/pages\/8404"}],"wp:featuredmedia":[{"embeddable":true,"href":"https:\/\/nyala.info\/fr\/wp-json\/wp\/v2\/media\/1052"}],"wp:attachment":[{"href":"https:\/\/nyala.info\/fr\/wp-json\/wp\/v2\/media?parent=1979"}],"curies":[{"name":"wp","href":"https:\/\/api.w.org\/{rel}","templated":true}]}}