{"id":1959,"date":"2016-10-04T19:34:13","date_gmt":"2016-10-04T17:34:13","guid":{"rendered":"http:\/\/www.nyalahotel.biz\/fr\/?page_id=1959"},"modified":"2017-10-05T17:24:36","modified_gmt":"2017-10-05T15:24:36","slug":"nos-services-pour-les-familles-avec-bebe","status":"publish","type":"page","link":"https:\/\/nyala.info\/fr\/offres-speciales-pour-vos-vacances\/vacances-pour-familles\/nos-services-pour-les-familles-avec-bebe\/","title":{"rendered":"Nos services pour les familles avec beb\u00e8"},"content":{"rendered":"<h2 style=\"text-align: center;\"> Nyala hotel offres services pour familles avec nouveau-nes et bebes<\/h2>\n<p style=\"font-size: 18px; text-align: center;\">En tant que membres de l&#8217;association Italy Family Hotels, nous avons le plaisir d&#8217;offrir \u00e0 vos jeunes enfants et aux nouveau-n\u00e9s, une s\u00e9rie de services qui rendront vos vacances plaisantes et confortables.<\/p>\n<p style=\"text-align: center;\"><div class=\"col-md-12\"><div class=\"de_divider div-dotted\"><span><\/span><\/div><\/div><\/p>\n<p>&nbsp;<\/p>\n<h4 style=\"text-align: center;\">Services en chambres<\/h4>\n<p style=\"text-align: center;\">Durant votre s\u00e9jour, le Nyala Family Hotel met toutes les commodit\u00e9s de votre maison \u00e0 votre disposition, que ce soit les berceaux, les lits avec barreaux, les baignoires des nouveau-n\u00e9s, ou encore le chauffe-biberon.<\/p>\n<p style=\"text-align: center;\"><div class=\"col-md-12\"><div class=\"de_divider div-dotted\"><span><\/span><\/div><\/div><\/p>\n<h4 style=\"text-align: center;\">Services en salle et restauration<\/h4>\n<p style=\"text-align: center;\">Dans nos salles de restaurant, vous trouverez des si\u00e8ges-hauts, des couverts, des assiettes et des serviettes aux couleurs vives et amusants. Notre chef pr\u00e9parera des menus sp\u00e9cifiques pour vos enfants, avec un choix \u00e9tudi\u00e9 d\u2019ingr\u00e9dients pr\u00e9sent\u00e9s de mani\u00e8re sympathique et divertissante. Les horaires des repas pourront \u00eatre flexibles, afin de s\u2019adapter aux enfants et aux parents, et un coin cuisine \u00e9quip\u00e9e est \u00e0 disposition de nos h\u00f4tes 24\/24h, pour la pr\u00e9paration de plats comme \u00e0 la maison.<\/p>\n<p style=\"text-align: center;\"><div class=\"col-md-12\"><div class=\"de_divider div-dotted\"><span><\/span><\/div><\/div><\/p>\n<h4 style=\"text-align: center;\">Assistance medicale<\/strong><\/p>\n<p style=\"text-align: center;\">En cas de n\u00e9cessit\u00e9, les parents pourront compter sur les services d\u2019un p\u00e9diatre de confiance de notre family hotel.<\/p>\n<p style=\"text-align: center;\"><div class=\"col-md-12\"><div class=\"de_divider div-dotted\"><span><\/span><\/div><\/div><\/p>\n<h4 style=\"text-align: center;\">Service de blanchisserie<\/h4>\n<p style=\"text-align: center;\">L\u2019h\u00f4tel garantit un service de blanchisserie pour les v\u00eatements des enfants (sur demande).<\/p>\n<p style=\"text-align: center;\"><div class=\"col-md-12\"><div class=\"de_divider div-dotted\"><span><\/span><\/div><\/div><\/p>\n<h4 style=\"text-align: center;\">Mini club<\/h4>\n<p style=\"text-align: center;\">Notre personnel qualifi\u00e9 et multilingue sera heureux de rassembler les jeunes h\u00f4tes en organisant des activit\u00e9s de groupe divertissantes. Le mini-club est disponible tous les jours de 18h \u00e0 22h pendant les vacances de No\u00ebl, de P\u00e2ques, et durant les mois de juillet et ao\u00fbt.<\/p>\n<p style=\"text-align: center;\"><div class=\"col-md-12\"><div class=\"de_divider div-dotted\"><span><\/span><\/div><\/div><\/p>\n<h4 style=\"text-align: center;\">Baby-sitter<\/h4>\n<p style=\"text-align: center;\">Une personne de confiance prendra soin de vos enfants, les fera jouer et s\u2019amuser dans un environnement s\u00fbr et sain ce qui permettra aux parents de profiter pleinement de leurs vacances (service sur demande).<\/p>\n<p style=\"text-align: center;\"><div class=\"col-md-12\"><div class=\"de_divider div-dotted\"><span><\/span><\/div><\/div><\/p>\n<h4 style=\"text-align: center;\">Parc de jeux<\/h4>\n<p style=\"text-align: center;\">Pour leur divertissement quel que soit le moment de la journ\u00e9e, les enfants trouveront, au milieu de notre fabuleux jardin tropical, un parc de jeux \u00e9quip\u00e9 et adapt\u00e9 \u00e0 tous les \u00e2ges : toboggan, balan\u00e7oire, corde \u00e0 grimper et jeux \u00e0 ressort feront leur bonheur\u2026<\/p>\n<p style=\"text-align: center;\"><div class=\"col-md-12\"><div class=\"de_divider div-dotted\"><span><\/span><\/div><\/div><\/p>\n<h4 style=\"text-align: center;\">Salle de jeux<\/h4>\n<p style=\"text-align: center;\">Dans la petite salle de jeux de 15 m\u00b2, une biblioth\u00e8que avec des livres, des fables et des bandes-dessin\u00e9es, une vid\u00e9oth\u00e8que avec des dessins-anim\u00e9s et des films pour enfants, ainsi que de nombreux jeux en bois ont \u00e9t\u00e9 install\u00e9s pour rendre leurs journ\u00e9es toujours plus riches et plus incroyables.<\/p>\n","protected":false},"excerpt":{"rendered":"<p>Nyala hotel offres services pour familles avec nouveau-nes et bebes En tant que membres de l&#8217;association Italy Family Hotels, nous avons le plaisir d&#8217;offrir \u00e0 vos jeunes enfants et aux nouveau-n\u00e9s, une s\u00e9rie de services qui rendront vos vacances plaisantes et confortables. &nbsp; Services en chambres Durant votre s\u00e9jour, le Nyala Family Hotel met toutes [&hellip;]<\/p>\n","protected":false},"author":3,"featured_media":1156,"parent":4775,"menu_order":23,"comment_status":"open","ping_status":"open","template":"","meta":{"_acf_changed":false,"footnotes":""},"class_list":["post-1959","page","type-page","status-publish","has-post-thumbnail","hentry"],"acf":[],"yoast_head":"<!-- This site is optimized with the Yoast SEO plugin v25.6 - https:\/\/yoast.com\/wordpress\/plugins\/seo\/ -->\n<title>Nos services pour les familles avec beb\u00e8 | Nyala Suite Hotel Hotel 4 \u00e9toiles \u00e0 San Remo<\/title>\n<meta name=\"description\" content=\"En tant que membres de l&#039;association Italy Family Hotels, nous avons le plaisir d&#039;offrir \u00e0 vos jeunes enfants et aux nouveau-n\u00e9s, une s\u00e9rie de services\" \/>\n<meta name=\"robots\" content=\"noindex, follow, max-snippet:-1, max-image-preview:large, max-video-preview:-1\" \/>\n<meta property=\"og:locale\" content=\"fr_FR\" \/>\n<meta property=\"og:type\" content=\"article\" \/>\n<meta property=\"og:title\" content=\"Nos services pour les familles avec beb\u00e8 | Nyala Suite Hotel Hotel 4 \u00e9toiles \u00e0 San Remo\" \/>\n<meta property=\"og:description\" content=\"En tant que membres de l&#039;association Italy Family Hotels, nous avons le plaisir d&#039;offrir \u00e0 vos jeunes enfants et aux nouveau-n\u00e9s, une s\u00e9rie de services\" \/>\n<meta property=\"og:url\" content=\"https:\/\/nyala.info\/fr\/offres-speciales-pour-vos-vacances\/vacances-pour-familles\/nos-services-pour-les-familles-avec-bebe\/\" \/>\n<meta property=\"og:site_name\" content=\"Nyala Suite Hotel\" \/>\n<meta property=\"article:modified_time\" content=\"2017-10-05T15:24:36+00:00\" \/>\n<meta property=\"og:image\" content=\"https:\/\/nyala.info\/wp-content\/uploads\/2015\/04\/hotelbambini.jpg\" \/>\n\t<meta property=\"og:image:width\" content=\"581\" \/>\n\t<meta property=\"og:image:height\" content=\"387\" \/>\n\t<meta property=\"og:image:type\" content=\"image\/jpeg\" \/>\n<meta name=\"twitter:card\" content=\"summary_large_image\" \/>\n<meta name=\"twitter:label1\" content=\"Est. reading time\" \/>\n\t<meta name=\"twitter:data1\" content=\"2 minutes\" \/>\n<script type=\"application\/ld+json\" class=\"yoast-schema-graph\">{\"@context\":\"https:\/\/schema.org\",\"@graph\":[{\"@type\":\"WebPage\",\"@id\":\"https:\/\/nyala.info\/fr\/offres-speciales-pour-vos-vacances\/vacances-pour-familles\/nos-services-pour-les-familles-avec-bebe\/\",\"url\":\"https:\/\/nyala.info\/fr\/offres-speciales-pour-vos-vacances\/vacances-pour-familles\/nos-services-pour-les-familles-avec-bebe\/\",\"name\":\"Nos services pour les familles avec beb\u00e8 | Nyala Suite Hotel Hotel 4 \u00e9toiles \u00e0 San Remo\",\"isPartOf\":{\"@id\":\"https:\/\/nyala.info\/fr\/#website\"},\"primaryImageOfPage\":{\"@id\":\"https:\/\/nyala.info\/fr\/offres-speciales-pour-vos-vacances\/vacances-pour-familles\/nos-services-pour-les-familles-avec-bebe\/#primaryimage\"},\"image\":{\"@id\":\"https:\/\/nyala.info\/fr\/offres-speciales-pour-vos-vacances\/vacances-pour-familles\/nos-services-pour-les-familles-avec-bebe\/#primaryimage\"},\"thumbnailUrl\":\"https:\/\/nyala.info\/wp-content\/uploads\/2015\/04\/hotelbambini.jpg\",\"datePublished\":\"2016-10-04T17:34:13+00:00\",\"dateModified\":\"2017-10-05T15:24:36+00:00\",\"description\":\"En tant que membres de l'association Italy Family Hotels, nous avons le plaisir d'offrir \u00e0 vos jeunes enfants et aux nouveau-n\u00e9s, une s\u00e9rie de services\",\"breadcrumb\":{\"@id\":\"https:\/\/nyala.info\/fr\/offres-speciales-pour-vos-vacances\/vacances-pour-familles\/nos-services-pour-les-familles-avec-bebe\/#breadcrumb\"},\"inLanguage\":\"fr-FR\",\"potentialAction\":[{\"@type\":\"ReadAction\",\"target\":[\"https:\/\/nyala.info\/fr\/offres-speciales-pour-vos-vacances\/vacances-pour-familles\/nos-services-pour-les-familles-avec-bebe\/\"]}]},{\"@type\":\"ImageObject\",\"inLanguage\":\"fr-FR\",\"@id\":\"https:\/\/nyala.info\/fr\/offres-speciales-pour-vos-vacances\/vacances-pour-familles\/nos-services-pour-les-familles-avec-bebe\/#primaryimage\",\"url\":\"https:\/\/nyala.info\/wp-content\/uploads\/2015\/04\/hotelbambini.jpg\",\"contentUrl\":\"https:\/\/nyala.info\/wp-content\/uploads\/2015\/04\/hotelbambini.jpg\",\"width\":581,\"height\":387,\"caption\":\"servizi per i tuoi bambini, familles avec beb\u00e8, Unsere Leistungen f\u00fcr Familien mit kleinen Kindern\"},{\"@type\":\"BreadcrumbList\",\"@id\":\"https:\/\/nyala.info\/fr\/offres-speciales-pour-vos-vacances\/vacances-pour-familles\/nos-services-pour-les-familles-avec-bebe\/#breadcrumb\",\"itemListElement\":[{\"@type\":\"ListItem\",\"position\":1,\"name\":\"Home\",\"item\":\"https:\/\/nyala.info\/fr\/\"},{\"@type\":\"ListItem\",\"position\":2,\"name\":\"Offres sp\u00e9ciales pour vos vacances\",\"item\":\"https:\/\/nyala.info\/fr\/offres-speciales-pour-vos-vacances\/\"},{\"@type\":\"ListItem\",\"position\":3,\"name\":\"Vacances avec les enfants dans notre Family Hotel\",\"item\":\"https:\/\/nyala.info\/fr\/offres-speciales-pour-vos-vacances\/vacances-pour-familles\/\"},{\"@type\":\"ListItem\",\"position\":4,\"name\":\"Nos services pour les familles avec beb\u00e8\"}]},{\"@type\":\"WebSite\",\"@id\":\"https:\/\/nyala.info\/fr\/#website\",\"url\":\"https:\/\/nyala.info\/fr\/\",\"name\":\"Nyala Suite Hotel\",\"description\":\"Hotel 4 \u00e9toiles \u00e0 San Remo\",\"potentialAction\":[{\"@type\":\"SearchAction\",\"target\":{\"@type\":\"EntryPoint\",\"urlTemplate\":\"https:\/\/nyala.info\/fr\/?s={search_term_string}\"},\"query-input\":{\"@type\":\"PropertyValueSpecification\",\"valueRequired\":true,\"valueName\":\"search_term_string\"}}],\"inLanguage\":\"fr-FR\"}]}<\/script>\n<!-- \/ Yoast SEO plugin. -->","yoast_head_json":{"title":"Nos services pour les familles avec beb\u00e8 | Nyala Suite Hotel Hotel 4 \u00e9toiles \u00e0 San Remo","description":"En tant que membres de l'association Italy Family Hotels, nous avons le plaisir d'offrir \u00e0 vos jeunes enfants et aux nouveau-n\u00e9s, une s\u00e9rie de services","robots":{"index":"noindex","follow":"follow","max-snippet":"max-snippet:-1","max-image-preview":"max-image-preview:large","max-video-preview":"max-video-preview:-1"},"og_locale":"fr_FR","og_type":"article","og_title":"Nos services pour les familles avec beb\u00e8 | Nyala Suite Hotel Hotel 4 \u00e9toiles \u00e0 San Remo","og_description":"En tant que membres de l'association Italy Family Hotels, nous avons le plaisir d'offrir \u00e0 vos jeunes enfants et aux nouveau-n\u00e9s, une s\u00e9rie de services","og_url":"https:\/\/nyala.info\/fr\/offres-speciales-pour-vos-vacances\/vacances-pour-familles\/nos-services-pour-les-familles-avec-bebe\/","og_site_name":"Nyala Suite Hotel","article_modified_time":"2017-10-05T15:24:36+00:00","og_image":[{"width":581,"height":387,"url":"https:\/\/nyala.info\/wp-content\/uploads\/2015\/04\/hotelbambini.jpg","type":"image\/jpeg"}],"twitter_card":"summary_large_image","twitter_misc":{"Est. reading time":"2 minutes"},"schema":{"@context":"https:\/\/schema.org","@graph":[{"@type":"WebPage","@id":"https:\/\/nyala.info\/fr\/offres-speciales-pour-vos-vacances\/vacances-pour-familles\/nos-services-pour-les-familles-avec-bebe\/","url":"https:\/\/nyala.info\/fr\/offres-speciales-pour-vos-vacances\/vacances-pour-familles\/nos-services-pour-les-familles-avec-bebe\/","name":"Nos services pour les familles avec beb\u00e8 | Nyala Suite Hotel Hotel 4 \u00e9toiles \u00e0 San Remo","isPartOf":{"@id":"https:\/\/nyala.info\/fr\/#website"},"primaryImageOfPage":{"@id":"https:\/\/nyala.info\/fr\/offres-speciales-pour-vos-vacances\/vacances-pour-familles\/nos-services-pour-les-familles-avec-bebe\/#primaryimage"},"image":{"@id":"https:\/\/nyala.info\/fr\/offres-speciales-pour-vos-vacances\/vacances-pour-familles\/nos-services-pour-les-familles-avec-bebe\/#primaryimage"},"thumbnailUrl":"https:\/\/nyala.info\/wp-content\/uploads\/2015\/04\/hotelbambini.jpg","datePublished":"2016-10-04T17:34:13+00:00","dateModified":"2017-10-05T15:24:36+00:00","description":"En tant que membres de l'association Italy Family Hotels, nous avons le plaisir d'offrir \u00e0 vos jeunes enfants et aux nouveau-n\u00e9s, une s\u00e9rie de services","breadcrumb":{"@id":"https:\/\/nyala.info\/fr\/offres-speciales-pour-vos-vacances\/vacances-pour-familles\/nos-services-pour-les-familles-avec-bebe\/#breadcrumb"},"inLanguage":"fr-FR","potentialAction":[{"@type":"ReadAction","target":["https:\/\/nyala.info\/fr\/offres-speciales-pour-vos-vacances\/vacances-pour-familles\/nos-services-pour-les-familles-avec-bebe\/"]}]},{"@type":"ImageObject","inLanguage":"fr-FR","@id":"https:\/\/nyala.info\/fr\/offres-speciales-pour-vos-vacances\/vacances-pour-familles\/nos-services-pour-les-familles-avec-bebe\/#primaryimage","url":"https:\/\/nyala.info\/wp-content\/uploads\/2015\/04\/hotelbambini.jpg","contentUrl":"https:\/\/nyala.info\/wp-content\/uploads\/2015\/04\/hotelbambini.jpg","width":581,"height":387,"caption":"servizi per i tuoi bambini, familles avec beb\u00e8, Unsere Leistungen f\u00fcr Familien mit kleinen Kindern"},{"@type":"BreadcrumbList","@id":"https:\/\/nyala.info\/fr\/offres-speciales-pour-vos-vacances\/vacances-pour-familles\/nos-services-pour-les-familles-avec-bebe\/#breadcrumb","itemListElement":[{"@type":"ListItem","position":1,"name":"Home","item":"https:\/\/nyala.info\/fr\/"},{"@type":"ListItem","position":2,"name":"Offres sp\u00e9ciales pour vos vacances","item":"https:\/\/nyala.info\/fr\/offres-speciales-pour-vos-vacances\/"},{"@type":"ListItem","position":3,"name":"Vacances avec les enfants dans notre Family Hotel","item":"https:\/\/nyala.info\/fr\/offres-speciales-pour-vos-vacances\/vacances-pour-familles\/"},{"@type":"ListItem","position":4,"name":"Nos services pour les familles avec beb\u00e8"}]},{"@type":"WebSite","@id":"https:\/\/nyala.info\/fr\/#website","url":"https:\/\/nyala.info\/fr\/","name":"Nyala Suite Hotel","description":"Hotel 4 \u00e9toiles \u00e0 San Remo","potentialAction":[{"@type":"SearchAction","target":{"@type":"EntryPoint","urlTemplate":"https:\/\/nyala.info\/fr\/?s={search_term_string}"},"query-input":{"@type":"PropertyValueSpecification","valueRequired":true,"valueName":"search_term_string"}}],"inLanguage":"fr-FR"}]}},"_links":{"self":[{"href":"https:\/\/nyala.info\/fr\/wp-json\/wp\/v2\/pages\/1959"}],"collection":[{"href":"https:\/\/nyala.info\/fr\/wp-json\/wp\/v2\/pages"}],"about":[{"href":"https:\/\/nyala.info\/fr\/wp-json\/wp\/v2\/types\/page"}],"author":[{"embeddable":true,"href":"https:\/\/nyala.info\/fr\/wp-json\/wp\/v2\/users\/3"}],"replies":[{"embeddable":true,"href":"https:\/\/nyala.info\/fr\/wp-json\/wp\/v2\/comments?post=1959"}],"version-history":[{"count":6,"href":"https:\/\/nyala.info\/fr\/wp-json\/wp\/v2\/pages\/1959\/revisions"}],"predecessor-version":[{"id":6264,"href":"https:\/\/nyala.info\/fr\/wp-json\/wp\/v2\/pages\/1959\/revisions\/6264"}],"up":[{"embeddable":true,"href":"https:\/\/nyala.info\/fr\/wp-json\/wp\/v2\/pages\/4775"}],"wp:featuredmedia":[{"embeddable":true,"href":"https:\/\/nyala.info\/fr\/wp-json\/wp\/v2\/media\/1156"}],"wp:attachment":[{"href":"https:\/\/nyala.info\/fr\/wp-json\/wp\/v2\/media?parent=1959"}],"curies":[{"name":"wp","href":"https:\/\/api.w.org\/{rel}","templated":true}]}}