{"id":1921,"date":"2016-10-02T14:11:23","date_gmt":"2016-10-02T12:11:23","guid":{"rendered":"http:\/\/www.nyalahotel.biz\/fr\/?page_id=1921"},"modified":"2016-10-04T18:38:55","modified_gmt":"2016-10-04T16:38:55","slug":"golf-a-sanremo","status":"publish","type":"page","link":"https:\/\/nyala.info\/fr\/golf-a-sanremo\/","title":{"rendered":"Golf a Sanremo"},"content":{"rendered":"<h1>TOURISME GOLFIQUE A SANREMO ET EN LIGURIE<\/h1>\n<h2>Le climat doux de Sanremo en fait un des lieux pr\u00e9f\u00e9r\u00e9s des golfeurs de toute l&#8217;Europe pour pratiquer leur sport en toutes saisons<\/h2>\n<p>&nbsp;<\/p>\n<p><strong>GOLF CLUB DEGLI ULIVI SANREMO<\/strong><br \/>\nOuvert en d\u00e9cembre 1931, le\u00a0<strong>Golf Club degli Ulivi est un des parcours historiques des golfs italiens et, durant ses 75 ann\u00e9es d\u2019existence, il a \u00e9t\u00e9 le th\u00e9\u00e2tre\u00a0<\/strong><strong>de<\/strong><strong>grandes comp\u00e9titions internationales.<\/strong><\/p>\n<p><strong>Avec 18 trous, un par de 69 et 5203 m\u00e8tres, le golf de Sanremo propose un parcours technique qui privil\u00e9gie les tirs de pr\u00e9cision des golfeurs \u00e0 la force pure des coups.<\/strong><\/p>\n<p><strong>La splendide vue sur la mer et l\u2019\u00e9l\u00e9gant club-house avec bar, restaurant et boutique professionnelle en font un lieu agr\u00e9able et exclusif.<\/strong><\/p>\n<p><strong>CLUB DE GOLF AUX ALENTOURS DE SANREMO<\/strong><br \/>\nDans un rayon de 40 minutes de voiture de Sanremo, vous pourrez jouer sur les parcours de golf de Castellaro (9 trous), Garelenda (18 trous) et Monte-Carlo (18 trous). Des vacances d\u00e9di\u00e9es au golf, c\u2019est une fa\u00e7on de d\u00e9couvrir des nouveaux parcours et des nouveaux paysages chaque jour.<\/p>\n<p>En plus d&#8217;un\u00a0<a href=\"http:\/\/192.168.2.122\/offerte_speciali\/sport-sanremo\/pacchetto-golf.php\">forfait touristique pour jouer au golf<\/a>\u00a0dans des conditions tr\u00e8s avantageuses, le Nyala Suite Hotel offre tous les services n\u00e9cessaires pour que vos vacances de golf en Ligurie soient agr\u00e9ables et divertissantes,. L\u2019h\u00f4tel offre notamment le transport aller-retour gratuit avec son propre minibus pour aller au Golf Club degli Ulivi (sur r\u00e9servation).<\/p>\n","protected":false},"excerpt":{"rendered":"<p>TOURISME GOLFIQUE A SANREMO ET EN LIGURIE Le climat doux de Sanremo en fait un des lieux pr\u00e9f\u00e9r\u00e9s des golfeurs de toute l&#8217;Europe pour pratiquer leur sport en toutes saisons &nbsp; GOLF CLUB DEGLI ULIVI SANREMO Ouvert en d\u00e9cembre 1931, le\u00a0Golf Club degli Ulivi est un des parcours historiques des golfs italiens et, durant ses [&hellip;]<\/p>\n","protected":false},"author":3,"featured_media":1137,"parent":0,"menu_order":30,"comment_status":"open","ping_status":"closed","template":"","meta":{"_acf_changed":false,"footnotes":""},"class_list":["post-1921","page","type-page","status-publish","has-post-thumbnail","hentry"],"acf":[],"yoast_head":"<!-- This site is optimized with the Yoast SEO plugin v25.6 - https:\/\/yoast.com\/wordpress\/plugins\/seo\/ -->\n<title>Golf a Sanremo | Nyala Suite Hotel Hotel 4 \u00e9toiles \u00e0 San Remo<\/title>\n<meta name=\"robots\" content=\"noindex, follow, max-snippet:-1, max-image-preview:large, max-video-preview:-1\" \/>\n<meta property=\"og:locale\" content=\"fr_FR\" \/>\n<meta property=\"og:type\" content=\"article\" \/>\n<meta property=\"og:title\" content=\"Golf a Sanremo | Nyala Suite Hotel Hotel 4 \u00e9toiles \u00e0 San Remo\" \/>\n<meta property=\"og:description\" content=\"TOURISME GOLFIQUE A SANREMO ET EN LIGURIE Le climat doux de Sanremo en fait un des lieux pr\u00e9f\u00e9r\u00e9s des golfeurs de toute l&#8217;Europe pour pratiquer leur sport en toutes saisons &nbsp; GOLF CLUB DEGLI ULIVI SANREMO Ouvert en d\u00e9cembre 1931, le\u00a0Golf Club degli Ulivi est un des parcours historiques des golfs italiens et, durant ses [&hellip;]\" \/>\n<meta property=\"og:url\" content=\"https:\/\/nyala.info\/fr\/golf-a-sanremo\/\" \/>\n<meta property=\"og:site_name\" content=\"Nyala Suite Hotel\" \/>\n<meta property=\"article:modified_time\" content=\"2016-10-04T16:38:55+00:00\" \/>\n<meta property=\"og:image\" content=\"https:\/\/nyala.info\/wp-content\/uploads\/2015\/04\/golfulivisanremo.jpg\" \/>\n\t<meta property=\"og:image:width\" content=\"1350\" \/>\n\t<meta property=\"og:image:height\" content=\"900\" \/>\n\t<meta property=\"og:image:type\" content=\"image\/jpeg\" \/>\n<meta name=\"twitter:card\" content=\"summary_large_image\" \/>\n<meta name=\"twitter:label1\" content=\"Est. reading time\" \/>\n\t<meta name=\"twitter:data1\" content=\"1 minute\" \/>\n<script type=\"application\/ld+json\" class=\"yoast-schema-graph\">{\"@context\":\"https:\/\/schema.org\",\"@graph\":[{\"@type\":\"WebPage\",\"@id\":\"https:\/\/nyala.info\/fr\/golf-a-sanremo\/\",\"url\":\"https:\/\/nyala.info\/fr\/golf-a-sanremo\/\",\"name\":\"Golf a Sanremo | Nyala Suite Hotel Hotel 4 \u00e9toiles \u00e0 San Remo\",\"isPartOf\":{\"@id\":\"https:\/\/nyala.info\/fr\/#website\"},\"primaryImageOfPage\":{\"@id\":\"https:\/\/nyala.info\/fr\/golf-a-sanremo\/#primaryimage\"},\"image\":{\"@id\":\"https:\/\/nyala.info\/fr\/golf-a-sanremo\/#primaryimage\"},\"thumbnailUrl\":\"https:\/\/nyala.info\/wp-content\/uploads\/2015\/04\/golfulivisanremo.jpg\",\"datePublished\":\"2016-10-02T12:11:23+00:00\",\"dateModified\":\"2016-10-04T16:38:55+00:00\",\"breadcrumb\":{\"@id\":\"https:\/\/nyala.info\/fr\/golf-a-sanremo\/#breadcrumb\"},\"inLanguage\":\"fr-FR\",\"potentialAction\":[{\"@type\":\"ReadAction\",\"target\":[\"https:\/\/nyala.info\/fr\/golf-a-sanremo\/\"]}]},{\"@type\":\"ImageObject\",\"inLanguage\":\"fr-FR\",\"@id\":\"https:\/\/nyala.info\/fr\/golf-a-sanremo\/#primaryimage\",\"url\":\"https:\/\/nyala.info\/wp-content\/uploads\/2015\/04\/golfulivisanremo.jpg\",\"contentUrl\":\"https:\/\/nyala.info\/wp-content\/uploads\/2015\/04\/golfulivisanremo.jpg\",\"width\":1350,\"height\":900,\"caption\":\"ulivi sanremo, Blumenriviera Golf, \u0413\u041e\u041b\u042c\u0424\"},{\"@type\":\"BreadcrumbList\",\"@id\":\"https:\/\/nyala.info\/fr\/golf-a-sanremo\/#breadcrumb\",\"itemListElement\":[{\"@type\":\"ListItem\",\"position\":1,\"name\":\"Home\",\"item\":\"https:\/\/nyala.info\/fr\/\"},{\"@type\":\"ListItem\",\"position\":2,\"name\":\"Golf a Sanremo\"}]},{\"@type\":\"WebSite\",\"@id\":\"https:\/\/nyala.info\/fr\/#website\",\"url\":\"https:\/\/nyala.info\/fr\/\",\"name\":\"Nyala Suite Hotel\",\"description\":\"Hotel 4 \u00e9toiles \u00e0 San Remo\",\"potentialAction\":[{\"@type\":\"SearchAction\",\"target\":{\"@type\":\"EntryPoint\",\"urlTemplate\":\"https:\/\/nyala.info\/fr\/?s={search_term_string}\"},\"query-input\":{\"@type\":\"PropertyValueSpecification\",\"valueRequired\":true,\"valueName\":\"search_term_string\"}}],\"inLanguage\":\"fr-FR\"}]}<\/script>\n<!-- \/ Yoast SEO plugin. -->","yoast_head_json":{"title":"Golf a Sanremo | Nyala Suite Hotel Hotel 4 \u00e9toiles \u00e0 San Remo","robots":{"index":"noindex","follow":"follow","max-snippet":"max-snippet:-1","max-image-preview":"max-image-preview:large","max-video-preview":"max-video-preview:-1"},"og_locale":"fr_FR","og_type":"article","og_title":"Golf a Sanremo | Nyala Suite Hotel Hotel 4 \u00e9toiles \u00e0 San Remo","og_description":"TOURISME GOLFIQUE A SANREMO ET EN LIGURIE Le climat doux de Sanremo en fait un des lieux pr\u00e9f\u00e9r\u00e9s des golfeurs de toute l&#8217;Europe pour pratiquer leur sport en toutes saisons &nbsp; GOLF CLUB DEGLI ULIVI SANREMO Ouvert en d\u00e9cembre 1931, le\u00a0Golf Club degli Ulivi est un des parcours historiques des golfs italiens et, durant ses [&hellip;]","og_url":"https:\/\/nyala.info\/fr\/golf-a-sanremo\/","og_site_name":"Nyala Suite Hotel","article_modified_time":"2016-10-04T16:38:55+00:00","og_image":[{"width":1350,"height":900,"url":"https:\/\/nyala.info\/wp-content\/uploads\/2015\/04\/golfulivisanremo.jpg","type":"image\/jpeg"}],"twitter_card":"summary_large_image","twitter_misc":{"Est. reading time":"1 minute"},"schema":{"@context":"https:\/\/schema.org","@graph":[{"@type":"WebPage","@id":"https:\/\/nyala.info\/fr\/golf-a-sanremo\/","url":"https:\/\/nyala.info\/fr\/golf-a-sanremo\/","name":"Golf a Sanremo | Nyala Suite Hotel Hotel 4 \u00e9toiles \u00e0 San Remo","isPartOf":{"@id":"https:\/\/nyala.info\/fr\/#website"},"primaryImageOfPage":{"@id":"https:\/\/nyala.info\/fr\/golf-a-sanremo\/#primaryimage"},"image":{"@id":"https:\/\/nyala.info\/fr\/golf-a-sanremo\/#primaryimage"},"thumbnailUrl":"https:\/\/nyala.info\/wp-content\/uploads\/2015\/04\/golfulivisanremo.jpg","datePublished":"2016-10-02T12:11:23+00:00","dateModified":"2016-10-04T16:38:55+00:00","breadcrumb":{"@id":"https:\/\/nyala.info\/fr\/golf-a-sanremo\/#breadcrumb"},"inLanguage":"fr-FR","potentialAction":[{"@type":"ReadAction","target":["https:\/\/nyala.info\/fr\/golf-a-sanremo\/"]}]},{"@type":"ImageObject","inLanguage":"fr-FR","@id":"https:\/\/nyala.info\/fr\/golf-a-sanremo\/#primaryimage","url":"https:\/\/nyala.info\/wp-content\/uploads\/2015\/04\/golfulivisanremo.jpg","contentUrl":"https:\/\/nyala.info\/wp-content\/uploads\/2015\/04\/golfulivisanremo.jpg","width":1350,"height":900,"caption":"ulivi sanremo, Blumenriviera Golf, \u0413\u041e\u041b\u042c\u0424"},{"@type":"BreadcrumbList","@id":"https:\/\/nyala.info\/fr\/golf-a-sanremo\/#breadcrumb","itemListElement":[{"@type":"ListItem","position":1,"name":"Home","item":"https:\/\/nyala.info\/fr\/"},{"@type":"ListItem","position":2,"name":"Golf a Sanremo"}]},{"@type":"WebSite","@id":"https:\/\/nyala.info\/fr\/#website","url":"https:\/\/nyala.info\/fr\/","name":"Nyala Suite Hotel","description":"Hotel 4 \u00e9toiles \u00e0 San Remo","potentialAction":[{"@type":"SearchAction","target":{"@type":"EntryPoint","urlTemplate":"https:\/\/nyala.info\/fr\/?s={search_term_string}"},"query-input":{"@type":"PropertyValueSpecification","valueRequired":true,"valueName":"search_term_string"}}],"inLanguage":"fr-FR"}]}},"_links":{"self":[{"href":"https:\/\/nyala.info\/fr\/wp-json\/wp\/v2\/pages\/1921"}],"collection":[{"href":"https:\/\/nyala.info\/fr\/wp-json\/wp\/v2\/pages"}],"about":[{"href":"https:\/\/nyala.info\/fr\/wp-json\/wp\/v2\/types\/page"}],"author":[{"embeddable":true,"href":"https:\/\/nyala.info\/fr\/wp-json\/wp\/v2\/users\/3"}],"replies":[{"embeddable":true,"href":"https:\/\/nyala.info\/fr\/wp-json\/wp\/v2\/comments?post=1921"}],"version-history":[{"count":3,"href":"https:\/\/nyala.info\/fr\/wp-json\/wp\/v2\/pages\/1921\/revisions"}],"predecessor-version":[{"id":1944,"href":"https:\/\/nyala.info\/fr\/wp-json\/wp\/v2\/pages\/1921\/revisions\/1944"}],"wp:featuredmedia":[{"embeddable":true,"href":"https:\/\/nyala.info\/fr\/wp-json\/wp\/v2\/media\/1137"}],"wp:attachment":[{"href":"https:\/\/nyala.info\/fr\/wp-json\/wp\/v2\/media?parent=1921"}],"curies":[{"name":"wp","href":"https:\/\/api.w.org\/{rel}","templated":true}]}}