{"id":1913,"date":"2016-10-02T13:59:58","date_gmt":"2016-10-02T11:59:58","guid":{"rendered":"http:\/\/www.nyalahotel.biz\/fr\/?page_id=1913"},"modified":"2016-10-07T14:58:03","modified_gmt":"2016-10-07T12:58:03","slug":"equitation-sanremo","status":"publish","type":"page","link":"https:\/\/nyala.info\/fr\/offres-speciales-pour-vos-vacances\/sport-in-riviera\/equitation-sanremo\/","title":{"rendered":"Equitation \u00e0 Sanremo"},"content":{"rendered":"<h2 class=\"western\">Equitation au Centre hippique de Sanremo pour vos vacances sportives \u00e0 Sanremo<\/h2>\n<p><strong>Centre hippique du Solaro<\/strong><\/p>\n<p>Appel\u00e9 ainsi en l\u2019honneur du Colonel Solaro de la c\u00e9l\u00e8bre \u00e9cole d\u2019\u00e9quitation de Pinerolo, inventeur de l\u2019hippisme moderne, le centre est constitu\u00e9 d&#8217;\u00e9quipement d\u2019un niveau exceptionnel qui accueille chaque ann\u00e9e d\u2019importantes courses de niveau international et national.<\/p>\n<p><strong>Distance depuis l&#8217;h\u00f4tel:<\/strong>\u00a0400 m.<\/p>\n","protected":false},"excerpt":{"rendered":"<p>Equitation au Centre hippique de Sanremo pour vos vacances sportives \u00e0 Sanremo Centre hippique du Solaro Appel\u00e9 ainsi en l\u2019honneur du Colonel Solaro de la c\u00e9l\u00e8bre \u00e9cole d\u2019\u00e9quitation de Pinerolo, inventeur de l\u2019hippisme moderne, le centre est constitu\u00e9 d&#8217;\u00e9quipement d\u2019un niveau exceptionnel qui accueille chaque ann\u00e9e d\u2019importantes courses de niveau international et national. Distance depuis [&hellip;]<\/p>\n","protected":false},"author":3,"featured_media":1133,"parent":4743,"menu_order":23,"comment_status":"open","ping_status":"closed","template":"","meta":{"_acf_changed":false,"footnotes":""},"class_list":["post-1913","page","type-page","status-publish","has-post-thumbnail","hentry"],"acf":[],"yoast_head":"<!-- This site is optimized with the Yoast SEO plugin v25.6 - https:\/\/yoast.com\/wordpress\/plugins\/seo\/ -->\n<title>Equitation \u00e0 Sanremo | Nyala Suite Hotel Hotel 4 \u00e9toiles \u00e0 San Remo<\/title>\n<meta name=\"description\" content=\"Equitation au Centre hippique de Sanremo pour vos vacances sportives \u00e0 Sanremo. Appel\u00e9 ainsi en l\u2019honneur du Colonel Solaro de la c\u00e9l\u00e8bre \u00e9cole d\u2019\u00e9quitation\" \/>\n<meta name=\"robots\" content=\"noindex, follow, max-snippet:-1, max-image-preview:large, max-video-preview:-1\" \/>\n<meta property=\"og:locale\" content=\"fr_FR\" \/>\n<meta property=\"og:type\" content=\"article\" \/>\n<meta property=\"og:title\" content=\"Equitation \u00e0 Sanremo | Nyala Suite Hotel Hotel 4 \u00e9toiles \u00e0 San Remo\" \/>\n<meta property=\"og:description\" content=\"Equitation au Centre hippique de Sanremo pour vos vacances sportives \u00e0 Sanremo. Appel\u00e9 ainsi en l\u2019honneur du Colonel Solaro de la c\u00e9l\u00e8bre \u00e9cole d\u2019\u00e9quitation\" \/>\n<meta property=\"og:url\" content=\"https:\/\/nyala.info\/fr\/offres-speciales-pour-vos-vacances\/sport-in-riviera\/equitation-sanremo\/\" \/>\n<meta property=\"og:site_name\" content=\"Nyala Suite Hotel\" \/>\n<meta property=\"article:modified_time\" content=\"2016-10-07T12:58:03+00:00\" \/>\n<meta property=\"og:image\" content=\"https:\/\/nyala.info\/wp-content\/uploads\/2015\/04\/horseriding.jpg\" \/>\n\t<meta property=\"og:image:width\" content=\"1620\" \/>\n\t<meta property=\"og:image:height\" content=\"1080\" \/>\n\t<meta property=\"og:image:type\" content=\"image\/jpeg\" \/>\n<meta name=\"twitter:card\" content=\"summary_large_image\" \/>\n<script type=\"application\/ld+json\" class=\"yoast-schema-graph\">{\"@context\":\"https:\/\/schema.org\",\"@graph\":[{\"@type\":\"WebPage\",\"@id\":\"https:\/\/nyala.info\/fr\/offres-speciales-pour-vos-vacances\/sport-in-riviera\/equitation-sanremo\/\",\"url\":\"https:\/\/nyala.info\/fr\/offres-speciales-pour-vos-vacances\/sport-in-riviera\/equitation-sanremo\/\",\"name\":\"Equitation \u00e0 Sanremo | Nyala Suite Hotel Hotel 4 \u00e9toiles \u00e0 San Remo\",\"isPartOf\":{\"@id\":\"https:\/\/nyala.info\/fr\/#website\"},\"primaryImageOfPage\":{\"@id\":\"https:\/\/nyala.info\/fr\/offres-speciales-pour-vos-vacances\/sport-in-riviera\/equitation-sanremo\/#primaryimage\"},\"image\":{\"@id\":\"https:\/\/nyala.info\/fr\/offres-speciales-pour-vos-vacances\/sport-in-riviera\/equitation-sanremo\/#primaryimage\"},\"thumbnailUrl\":\"https:\/\/nyala.info\/wp-content\/uploads\/2015\/04\/horseriding.jpg\",\"datePublished\":\"2016-10-02T11:59:58+00:00\",\"dateModified\":\"2016-10-07T12:58:03+00:00\",\"description\":\"Equitation au Centre hippique de Sanremo pour vos vacances sportives \u00e0 Sanremo. Appel\u00e9 ainsi en l\u2019honneur du Colonel Solaro de la c\u00e9l\u00e8bre \u00e9cole d\u2019\u00e9quitation\",\"breadcrumb\":{\"@id\":\"https:\/\/nyala.info\/fr\/offres-speciales-pour-vos-vacances\/sport-in-riviera\/equitation-sanremo\/#breadcrumb\"},\"inLanguage\":\"fr-FR\",\"potentialAction\":[{\"@type\":\"ReadAction\",\"target\":[\"https:\/\/nyala.info\/fr\/offres-speciales-pour-vos-vacances\/sport-in-riviera\/equitation-sanremo\/\"]}]},{\"@type\":\"ImageObject\",\"inLanguage\":\"fr-FR\",\"@id\":\"https:\/\/nyala.info\/fr\/offres-speciales-pour-vos-vacances\/sport-in-riviera\/equitation-sanremo\/#primaryimage\",\"url\":\"https:\/\/nyala.info\/wp-content\/uploads\/2015\/04\/horseriding.jpg\",\"contentUrl\":\"https:\/\/nyala.info\/wp-content\/uploads\/2015\/04\/horseriding.jpg\",\"width\":1620,\"height\":1080,\"caption\":\"Campo di equitazione, reiten, \u0412\u0435\u0440\u0445\u043e\u0432\u0430\u044f \u0435\u0437\u0434\u0430\"},{\"@type\":\"BreadcrumbList\",\"@id\":\"https:\/\/nyala.info\/fr\/offres-speciales-pour-vos-vacances\/sport-in-riviera\/equitation-sanremo\/#breadcrumb\",\"itemListElement\":[{\"@type\":\"ListItem\",\"position\":1,\"name\":\"Home\",\"item\":\"https:\/\/nyala.info\/fr\/\"},{\"@type\":\"ListItem\",\"position\":2,\"name\":\"Offres sp\u00e9ciales pour vos vacances\",\"item\":\"https:\/\/nyala.info\/fr\/offres-speciales-pour-vos-vacances\/\"},{\"@type\":\"ListItem\",\"position\":3,\"name\":\"Sport in Riviera\",\"item\":\"https:\/\/nyala.info\/fr\/offres-speciales-pour-vos-vacances\/sport-in-riviera\/\"},{\"@type\":\"ListItem\",\"position\":4,\"name\":\"Equitation \u00e0 Sanremo\"}]},{\"@type\":\"WebSite\",\"@id\":\"https:\/\/nyala.info\/fr\/#website\",\"url\":\"https:\/\/nyala.info\/fr\/\",\"name\":\"Nyala Suite Hotel\",\"description\":\"Hotel 4 \u00e9toiles \u00e0 San Remo\",\"potentialAction\":[{\"@type\":\"SearchAction\",\"target\":{\"@type\":\"EntryPoint\",\"urlTemplate\":\"https:\/\/nyala.info\/fr\/?s={search_term_string}\"},\"query-input\":{\"@type\":\"PropertyValueSpecification\",\"valueRequired\":true,\"valueName\":\"search_term_string\"}}],\"inLanguage\":\"fr-FR\"}]}<\/script>\n<!-- \/ Yoast SEO plugin. -->","yoast_head_json":{"title":"Equitation \u00e0 Sanremo | Nyala Suite Hotel Hotel 4 \u00e9toiles \u00e0 San Remo","description":"Equitation au Centre hippique de Sanremo pour vos vacances sportives \u00e0 Sanremo. Appel\u00e9 ainsi en l\u2019honneur du Colonel Solaro de la c\u00e9l\u00e8bre \u00e9cole d\u2019\u00e9quitation","robots":{"index":"noindex","follow":"follow","max-snippet":"max-snippet:-1","max-image-preview":"max-image-preview:large","max-video-preview":"max-video-preview:-1"},"og_locale":"fr_FR","og_type":"article","og_title":"Equitation \u00e0 Sanremo | Nyala Suite Hotel Hotel 4 \u00e9toiles \u00e0 San Remo","og_description":"Equitation au Centre hippique de Sanremo pour vos vacances sportives \u00e0 Sanremo. Appel\u00e9 ainsi en l\u2019honneur du Colonel Solaro de la c\u00e9l\u00e8bre \u00e9cole d\u2019\u00e9quitation","og_url":"https:\/\/nyala.info\/fr\/offres-speciales-pour-vos-vacances\/sport-in-riviera\/equitation-sanremo\/","og_site_name":"Nyala Suite Hotel","article_modified_time":"2016-10-07T12:58:03+00:00","og_image":[{"width":1620,"height":1080,"url":"https:\/\/nyala.info\/wp-content\/uploads\/2015\/04\/horseriding.jpg","type":"image\/jpeg"}],"twitter_card":"summary_large_image","schema":{"@context":"https:\/\/schema.org","@graph":[{"@type":"WebPage","@id":"https:\/\/nyala.info\/fr\/offres-speciales-pour-vos-vacances\/sport-in-riviera\/equitation-sanremo\/","url":"https:\/\/nyala.info\/fr\/offres-speciales-pour-vos-vacances\/sport-in-riviera\/equitation-sanremo\/","name":"Equitation \u00e0 Sanremo | Nyala Suite Hotel Hotel 4 \u00e9toiles \u00e0 San Remo","isPartOf":{"@id":"https:\/\/nyala.info\/fr\/#website"},"primaryImageOfPage":{"@id":"https:\/\/nyala.info\/fr\/offres-speciales-pour-vos-vacances\/sport-in-riviera\/equitation-sanremo\/#primaryimage"},"image":{"@id":"https:\/\/nyala.info\/fr\/offres-speciales-pour-vos-vacances\/sport-in-riviera\/equitation-sanremo\/#primaryimage"},"thumbnailUrl":"https:\/\/nyala.info\/wp-content\/uploads\/2015\/04\/horseriding.jpg","datePublished":"2016-10-02T11:59:58+00:00","dateModified":"2016-10-07T12:58:03+00:00","description":"Equitation au Centre hippique de Sanremo pour vos vacances sportives \u00e0 Sanremo. Appel\u00e9 ainsi en l\u2019honneur du Colonel Solaro de la c\u00e9l\u00e8bre \u00e9cole d\u2019\u00e9quitation","breadcrumb":{"@id":"https:\/\/nyala.info\/fr\/offres-speciales-pour-vos-vacances\/sport-in-riviera\/equitation-sanremo\/#breadcrumb"},"inLanguage":"fr-FR","potentialAction":[{"@type":"ReadAction","target":["https:\/\/nyala.info\/fr\/offres-speciales-pour-vos-vacances\/sport-in-riviera\/equitation-sanremo\/"]}]},{"@type":"ImageObject","inLanguage":"fr-FR","@id":"https:\/\/nyala.info\/fr\/offres-speciales-pour-vos-vacances\/sport-in-riviera\/equitation-sanremo\/#primaryimage","url":"https:\/\/nyala.info\/wp-content\/uploads\/2015\/04\/horseriding.jpg","contentUrl":"https:\/\/nyala.info\/wp-content\/uploads\/2015\/04\/horseriding.jpg","width":1620,"height":1080,"caption":"Campo di equitazione, reiten, \u0412\u0435\u0440\u0445\u043e\u0432\u0430\u044f \u0435\u0437\u0434\u0430"},{"@type":"BreadcrumbList","@id":"https:\/\/nyala.info\/fr\/offres-speciales-pour-vos-vacances\/sport-in-riviera\/equitation-sanremo\/#breadcrumb","itemListElement":[{"@type":"ListItem","position":1,"name":"Home","item":"https:\/\/nyala.info\/fr\/"},{"@type":"ListItem","position":2,"name":"Offres sp\u00e9ciales pour vos vacances","item":"https:\/\/nyala.info\/fr\/offres-speciales-pour-vos-vacances\/"},{"@type":"ListItem","position":3,"name":"Sport in Riviera","item":"https:\/\/nyala.info\/fr\/offres-speciales-pour-vos-vacances\/sport-in-riviera\/"},{"@type":"ListItem","position":4,"name":"Equitation \u00e0 Sanremo"}]},{"@type":"WebSite","@id":"https:\/\/nyala.info\/fr\/#website","url":"https:\/\/nyala.info\/fr\/","name":"Nyala Suite Hotel","description":"Hotel 4 \u00e9toiles \u00e0 San Remo","potentialAction":[{"@type":"SearchAction","target":{"@type":"EntryPoint","urlTemplate":"https:\/\/nyala.info\/fr\/?s={search_term_string}"},"query-input":{"@type":"PropertyValueSpecification","valueRequired":true,"valueName":"search_term_string"}}],"inLanguage":"fr-FR"}]}},"_links":{"self":[{"href":"https:\/\/nyala.info\/fr\/wp-json\/wp\/v2\/pages\/1913"}],"collection":[{"href":"https:\/\/nyala.info\/fr\/wp-json\/wp\/v2\/pages"}],"about":[{"href":"https:\/\/nyala.info\/fr\/wp-json\/wp\/v2\/types\/page"}],"author":[{"embeddable":true,"href":"https:\/\/nyala.info\/fr\/wp-json\/wp\/v2\/users\/3"}],"replies":[{"embeddable":true,"href":"https:\/\/nyala.info\/fr\/wp-json\/wp\/v2\/comments?post=1913"}],"version-history":[{"count":5,"href":"https:\/\/nyala.info\/fr\/wp-json\/wp\/v2\/pages\/1913\/revisions"}],"predecessor-version":[{"id":2067,"href":"https:\/\/nyala.info\/fr\/wp-json\/wp\/v2\/pages\/1913\/revisions\/2067"}],"up":[{"embeddable":true,"href":"https:\/\/nyala.info\/fr\/wp-json\/wp\/v2\/pages\/4743"}],"wp:featuredmedia":[{"embeddable":true,"href":"https:\/\/nyala.info\/fr\/wp-json\/wp\/v2\/media\/1133"}],"wp:attachment":[{"href":"https:\/\/nyala.info\/fr\/wp-json\/wp\/v2\/media?parent=1913"}],"curies":[{"name":"wp","href":"https:\/\/api.w.org\/{rel}","templated":true}]}}