{"id":1906,"date":"2016-10-02T13:40:00","date_gmt":"2016-10-02T11:40:00","guid":{"rendered":"http:\/\/www.nyalahotel.biz\/fr\/?page_id=1906"},"modified":"2016-10-04T18:32:23","modified_gmt":"2016-10-04T16:32:23","slug":"climat-de-sanremo","status":"publish","type":"page","link":"https:\/\/nyala.info\/fr\/climat-de-sanremo\/","title":{"rendered":"Climat de Sanremo"},"content":{"rendered":"<h2>Chateaubriand a \u00e9crit, \u00abil ya danger pour la vertu des climats en raison de leur plaisir extr\u00eame\u00bb &#8230;<\/h2>\n<p>Sanremo est son parfait exemple. Dans cette bande de terre face au sud-est et abrit\u00e9 par les montagnes, la nature et le climat sont combin\u00e9es dans une harmonie lumineuse qui permet aux visiteurs de profiter toute l&#8217;ann\u00e9e de ses nombreux avantages.<\/p>\n<p>Pour les vacanciers qui se d\u00e9placent de la ville en \u00e9t\u00e9 et en hiver \u00e0 la recherche de quelques jours de d\u00e9tente comme le but de mieux? Il suffit de comparer les donn\u00e9es recueillies en Janvier (ann\u00e9e la plus froide) pendant laquelle la moyenne de + 2 degr\u00e9s de Paris &#8211; 1,5 Vienne &#8211; Berlin 0,8 \u00e0 1,2 + 6 Zurich et Rome est contrast\u00e9e un encourageant + 11.3 de la Ville des Fleurs.<\/p>\n<p>Mais pas assez, nous comparons les chiffres de l&#8217;indice du climat baln\u00e9aire. Ceci, identifi\u00e9 comme \u00e9tant l&#8217;instrument de mesure r\u00e9elle pour tous ceux qui recherchent des destinations ensoleill\u00e9es, pas trop humide, r\u00e9frig\u00e9r\u00e9s douces brises, est le ratio entre les jours de pluie pendant la saison baln\u00e9aire (Juin \u00e0 Septembre) et la temp\u00e9rature moyenne durant la m\u00eame p\u00e9riode. La station est id\u00e9ale pour le tourisme baln\u00e9aire, si le r\u00e9sultat est inf\u00e9rieur \u00e0 3. Sanremo bat tous avec un 0,4 exceptionnelle, surpassant Napoli (0,7) et litt\u00e9ralement surperformant la premi\u00e8re classe de proximit\u00e9 en France (Toulon, Montpellier 1.6 et 2.6).<\/p>\n<h2>La C\u00f4te d&#8217;Azur et \u00e0 San Remo, une capitale touristique r\u00e9el, appartiennent \u00e0 la zone subtropicale climatiques avec 2900 heures d&#8217;ensoleillement par \u00e9quivalent par an, m\u00eame \u00e0 60% de toutes les heures disponibles g\u00e9ographiquement.<\/h2>\n<p>Une source p\u00e9renne, en bref, ce qui assure un climat doux en hiver et fra\u00eeches en \u00e9t\u00e9, en raison de l&#8217;effet att\u00e9nuant de la mer.<\/p>\n<p>Le r\u00e9sultat le plus frappant: la flore luxuriante qui orne les nombreux jardins et parcs le long de la c\u00f4te. Non seulement les plantes locales, mais surtout d&#8217;Afrique et de l&#8217;Est, qui sont facilement cultiv\u00e9es sous notre soleil.<\/p>\n<p>Les raisons? Nous pensons tout d&#8217;abord les montagnes qui poussent tr\u00e8s pr\u00e8s de la c\u00f4te et avec leur impressionnante prot\u00e9ger la c\u00f4te des vents du nord. Le massif du mont Bignone, par exemple, a un pic de 1300, mais seulement 7 km de la mer, le Caggio 1050 m. a 4 km, le Ceppo 1660 m a 12 km le Saccarello 2000 m. a 25 km.<\/p>\n<p>En outre, les masses d&#8217;air froid se lever pour surmonter la barri\u00e8re des Alpes-Apennins r\u00e9chauffement et de d\u00e9chargement leur humidit\u00e9, alors soyez plus chaud et plus sec.<\/p>\n<p>Non seulement cela, la c\u00f4te Ouest est diff\u00e9rente dans le climat, la temp\u00e9rature et les pr\u00e9cipitations aussi grandement de la Riviera di Levante: les masses d&#8217;air, en fait, ont tendance \u00e0 les canaliser dans les vall\u00e9es perpendiculaires \u00e0 la c\u00f4te (typique de Savone et G\u00eanes r\u00e9gion) des vents de plus nord. Il n&#8217;ya qu&#8217;une seule vall\u00e9e de nell&#8217;imperiese de ce type est celle de la Roya, mais il est tellement mis parmi les hautes montagnes qui l&#8217;encadrent, m\u00eame pas \u00eatre abord\u00e9e par le froid.<\/p>\n<p>Pour distinguer les doux de s\u00e9v\u00e8res de la Riviera di Levante et \u00e0 proximit\u00e9 Riviera c\u00f4ti\u00e8re Toscane est \u00e9galement l&#8217;exposition de ce dernier, en direction nord-ouest au sud-ouest du vent et favorables, beaucoup plus violent et &#8220;Oriental&#8221; humidit\u00e9 &#8220;vent du sud.<\/p>\n<p>&nbsp;<\/p>\n<table border=\"0\" width=\"642\" cellspacing=\"0\" cellpadding=\"5\">\n<colgroup>\n<col width=\"183\" \/>\n<col width=\"208\" \/>\n<col width=\"221\" \/> <\/colgroup>\n<tbody>\n<tr>\n<td colspan=\"3\" bgcolor=\"#bfc4dc\" width=\"632\">\n<p align=\"CENTER\">Sanremo &#8211; temp\u00e9ratures et pr\u00e9cipitations<\/p>\n<\/td>\n<\/tr>\n<tr>\n<td bgcolor=\"#bfc4dc\" width=\"183\"><\/td>\n<td bgcolor=\"#bfc4dc\" width=\"208\">temp. moyennes (\u00b0C)<\/td>\n<td bgcolor=\"#bfc4dc\" width=\"221\">precipitations (mm)<\/td>\n<\/tr>\n<tr>\n<td bgcolor=\"#bfc4dc\" width=\"183\">Janvier<\/td>\n<td bgcolor=\"#e1e4eb\" width=\"208\">\n<p align=\"CENTER\">9.7<\/p>\n<\/td>\n<td bgcolor=\"#e1e4eb\" width=\"221\">\n<p align=\"CENTER\">67<\/p>\n<\/td>\n<\/tr>\n<tr>\n<td bgcolor=\"#bfc4dc\" width=\"183\">Fevrier<\/td>\n<td bgcolor=\"#e1e4eb\" width=\"208\">\n<p align=\"CENTER\">10.0<\/p>\n<\/td>\n<td bgcolor=\"#e1e4eb\" width=\"221\">\n<p align=\"CENTER\">56<\/p>\n<\/td>\n<\/tr>\n<tr>\n<td bgcolor=\"#bfc4dc\" width=\"183\">Mars<\/td>\n<td bgcolor=\"#e1e4eb\" width=\"208\">\n<p align=\"CENTER\">12.1<\/p>\n<\/td>\n<td bgcolor=\"#e1e4eb\" width=\"221\">\n<p align=\"CENTER\">61<\/p>\n<\/td>\n<\/tr>\n<tr>\n<td bgcolor=\"#bfc4dc\" width=\"183\">Avril<\/td>\n<td bgcolor=\"#e1e4eb\" width=\"208\">\n<p align=\"CENTER\">14.4<\/p>\n<\/td>\n<td bgcolor=\"#e1e4eb\" width=\"221\">\n<p align=\"CENTER\">56<\/p>\n<\/td>\n<\/tr>\n<tr>\n<td bgcolor=\"#bfc4dc\" width=\"183\">Mai<\/td>\n<td bgcolor=\"#e1e4eb\" width=\"208\">\n<p align=\"CENTER\">17.6<\/p>\n<\/td>\n<td bgcolor=\"#e1e4eb\" width=\"221\">\n<p align=\"CENTER\">46<\/p>\n<\/td>\n<\/tr>\n<tr>\n<td bgcolor=\"#bfc4dc\" width=\"183\">Juin<\/td>\n<td bgcolor=\"#e1e4eb\" width=\"208\">\n<p align=\"CENTER\">21.2<\/p>\n<\/td>\n<td bgcolor=\"#e1e4eb\" width=\"221\">\n<p align=\"CENTER\">22<\/p>\n<\/td>\n<\/tr>\n<tr>\n<td bgcolor=\"#bfc4dc\" width=\"183\">Juillet<\/td>\n<td bgcolor=\"#e1e4eb\" width=\"208\">\n<p align=\"CENTER\">23.4<\/p>\n<\/td>\n<td bgcolor=\"#e1e4eb\" width=\"221\">\n<p align=\"CENTER\">14<\/p>\n<\/td>\n<\/tr>\n<tr>\n<td bgcolor=\"#bfc4dc\" width=\"183\">Aout<\/td>\n<td bgcolor=\"#e1e4eb\" width=\"208\">\n<p align=\"CENTER\">23.7<\/p>\n<\/td>\n<td bgcolor=\"#e1e4eb\" width=\"221\">\n<p align=\"CENTER\">27<\/p>\n<\/td>\n<\/tr>\n<tr>\n<td bgcolor=\"#bfc4dc\" width=\"183\">Septembre<\/td>\n<td bgcolor=\"#e1e4eb\" width=\"208\">\n<p align=\"CENTER\">21.8<\/p>\n<\/td>\n<td bgcolor=\"#e1e4eb\" width=\"221\">\n<p align=\"CENTER\">47<\/p>\n<\/td>\n<\/tr>\n<tr>\n<td bgcolor=\"#bfc4dc\" width=\"183\">Octobre<\/td>\n<td bgcolor=\"#e1e4eb\" width=\"208\">\n<p align=\"CENTER\">17.9<\/p>\n<\/td>\n<td bgcolor=\"#e1e4eb\" width=\"221\">\n<p align=\"CENTER\">88<\/p>\n<\/td>\n<\/tr>\n<tr>\n<td bgcolor=\"#bfc4dc\" width=\"183\">Novembre<\/td>\n<td bgcolor=\"#e1e4eb\" width=\"208\">\n<p align=\"CENTER\">14.1<\/p>\n<\/td>\n<td bgcolor=\"#e1e4eb\" width=\"221\">\n<p align=\"CENTER\">93<\/p>\n<\/td>\n<\/tr>\n<tr>\n<td bgcolor=\"#bfc4dc\" width=\"183\">Decembre<\/td>\n<td bgcolor=\"#e1e4eb\" width=\"208\">\n<p align=\"CENTER\">11.0<\/p>\n<\/td>\n<td bgcolor=\"#e1e4eb\" width=\"221\">\n<p align=\"CENTER\">101<\/p>\n<\/td>\n<\/tr>\n<tr>\n<td bgcolor=\"#bfc4dc\" width=\"183\">Annuelle<\/td>\n<td bgcolor=\"#e1e4eb\" width=\"208\">\n<p align=\"CENTER\">16.4<\/p>\n<\/td>\n<td bgcolor=\"#e1e4eb\" width=\"221\">\n<p align=\"CENTER\">678<\/p>\n<\/td>\n<\/tr>\n<tr>\n<td colspan=\"3\" bgcolor=\"#bfc4dc\" width=\"632\">\n<p style=\"text-align: center;\" align=\"CENTER\"><i>Temperature moyenne annuelle:<\/i> 16.4 \u00b0C<br \/>\n<i>Escursione termica<\/i>: 14.0 \u00b0C<br \/>\nLes pr\u00e9cipitations annuelles: 678 mm<br \/>\nJours de pluies: 60.5<br \/>\nMoyenne annuelle jours de gel: 1<br \/>\nHeures de soleil par an: 2.900<\/p>\n<\/td>\n<\/tr>\n<\/tbody>\n<\/table>\n","protected":false},"excerpt":{"rendered":"<p>Chateaubriand a \u00e9crit, \u00abil ya danger pour la vertu des climats en raison de leur plaisir extr\u00eame\u00bb &#8230; Sanremo est son parfait exemple. Dans cette bande de terre face au sud-est et abrit\u00e9 par les montagnes, la nature et le climat sont combin\u00e9es dans une harmonie lumineuse qui permet aux visiteurs de profiter toute l&#8217;ann\u00e9e [&hellip;]<\/p>\n","protected":false},"author":3,"featured_media":1095,"parent":0,"menu_order":30,"comment_status":"open","ping_status":"open","template":"","meta":{"_acf_changed":false,"footnotes":""},"class_list":["post-1906","page","type-page","status-publish","has-post-thumbnail","hentry"],"acf":[],"yoast_head":"<!-- This site is optimized with the Yoast SEO plugin v25.6 - https:\/\/yoast.com\/wordpress\/plugins\/seo\/ -->\n<title>Climat de Sanremo | Nyala Suite Hotel Hotel 4 \u00e9toiles \u00e0 San Remo<\/title>\n<meta name=\"robots\" content=\"noindex, follow, max-snippet:-1, max-image-preview:large, max-video-preview:-1\" \/>\n<meta property=\"og:locale\" content=\"fr_FR\" \/>\n<meta property=\"og:type\" content=\"article\" \/>\n<meta property=\"og:title\" content=\"Climat de Sanremo | Nyala Suite Hotel Hotel 4 \u00e9toiles \u00e0 San Remo\" \/>\n<meta property=\"og:description\" content=\"Chateaubriand a \u00e9crit, \u00abil ya danger pour la vertu des climats en raison de leur plaisir extr\u00eame\u00bb &#8230; Sanremo est son parfait exemple. Dans cette bande de terre face au sud-est et abrit\u00e9 par les montagnes, la nature et le climat sont combin\u00e9es dans une harmonie lumineuse qui permet aux visiteurs de profiter toute l&#8217;ann\u00e9e [&hellip;]\" \/>\n<meta property=\"og:url\" content=\"https:\/\/nyala.info\/fr\/climat-de-sanremo\/\" \/>\n<meta property=\"og:site_name\" content=\"Nyala Suite Hotel\" \/>\n<meta property=\"article:modified_time\" content=\"2016-10-04T16:32:23+00:00\" \/>\n<meta property=\"og:image\" content=\"https:\/\/nyala.info\/wp-content\/uploads\/2015\/04\/sanremoimperatrice.jpg\" \/>\n\t<meta property=\"og:image:width\" content=\"992\" \/>\n\t<meta property=\"og:image:height\" content=\"661\" \/>\n\t<meta property=\"og:image:type\" content=\"image\/jpeg\" \/>\n<meta name=\"twitter:card\" content=\"summary_large_image\" \/>\n<meta name=\"twitter:label1\" content=\"Est. reading time\" \/>\n\t<meta name=\"twitter:data1\" content=\"3 minutes\" \/>\n<script type=\"application\/ld+json\" class=\"yoast-schema-graph\">{\"@context\":\"https:\/\/schema.org\",\"@graph\":[{\"@type\":\"WebPage\",\"@id\":\"https:\/\/nyala.info\/fr\/climat-de-sanremo\/\",\"url\":\"https:\/\/nyala.info\/fr\/climat-de-sanremo\/\",\"name\":\"Climat de Sanremo | Nyala Suite Hotel Hotel 4 \u00e9toiles \u00e0 San Remo\",\"isPartOf\":{\"@id\":\"https:\/\/nyala.info\/fr\/#website\"},\"primaryImageOfPage\":{\"@id\":\"https:\/\/nyala.info\/fr\/climat-de-sanremo\/#primaryimage\"},\"image\":{\"@id\":\"https:\/\/nyala.info\/fr\/climat-de-sanremo\/#primaryimage\"},\"thumbnailUrl\":\"https:\/\/nyala.info\/wp-content\/uploads\/2015\/04\/sanremoimperatrice.jpg\",\"datePublished\":\"2016-10-02T11:40:00+00:00\",\"dateModified\":\"2016-10-04T16:32:23+00:00\",\"breadcrumb\":{\"@id\":\"https:\/\/nyala.info\/fr\/climat-de-sanremo\/#breadcrumb\"},\"inLanguage\":\"fr-FR\",\"potentialAction\":[{\"@type\":\"ReadAction\",\"target\":[\"https:\/\/nyala.info\/fr\/climat-de-sanremo\/\"]}]},{\"@type\":\"ImageObject\",\"inLanguage\":\"fr-FR\",\"@id\":\"https:\/\/nyala.info\/fr\/climat-de-sanremo\/#primaryimage\",\"url\":\"https:\/\/nyala.info\/wp-content\/uploads\/2015\/04\/sanremoimperatrice.jpg\",\"contentUrl\":\"https:\/\/nyala.info\/wp-content\/uploads\/2015\/04\/sanremoimperatrice.jpg\",\"width\":992,\"height\":661,\"caption\":\"Vacanza a Sanremo, clima sanremo, klima und wetter in sanremo\"},{\"@type\":\"BreadcrumbList\",\"@id\":\"https:\/\/nyala.info\/fr\/climat-de-sanremo\/#breadcrumb\",\"itemListElement\":[{\"@type\":\"ListItem\",\"position\":1,\"name\":\"Home\",\"item\":\"https:\/\/nyala.info\/fr\/\"},{\"@type\":\"ListItem\",\"position\":2,\"name\":\"Climat de Sanremo\"}]},{\"@type\":\"WebSite\",\"@id\":\"https:\/\/nyala.info\/fr\/#website\",\"url\":\"https:\/\/nyala.info\/fr\/\",\"name\":\"Nyala Suite Hotel\",\"description\":\"Hotel 4 \u00e9toiles \u00e0 San Remo\",\"potentialAction\":[{\"@type\":\"SearchAction\",\"target\":{\"@type\":\"EntryPoint\",\"urlTemplate\":\"https:\/\/nyala.info\/fr\/?s={search_term_string}\"},\"query-input\":{\"@type\":\"PropertyValueSpecification\",\"valueRequired\":true,\"valueName\":\"search_term_string\"}}],\"inLanguage\":\"fr-FR\"}]}<\/script>\n<!-- \/ Yoast SEO plugin. -->","yoast_head_json":{"title":"Climat de Sanremo | Nyala Suite Hotel Hotel 4 \u00e9toiles \u00e0 San Remo","robots":{"index":"noindex","follow":"follow","max-snippet":"max-snippet:-1","max-image-preview":"max-image-preview:large","max-video-preview":"max-video-preview:-1"},"og_locale":"fr_FR","og_type":"article","og_title":"Climat de Sanremo | Nyala Suite Hotel Hotel 4 \u00e9toiles \u00e0 San Remo","og_description":"Chateaubriand a \u00e9crit, \u00abil ya danger pour la vertu des climats en raison de leur plaisir extr\u00eame\u00bb &#8230; Sanremo est son parfait exemple. Dans cette bande de terre face au sud-est et abrit\u00e9 par les montagnes, la nature et le climat sont combin\u00e9es dans une harmonie lumineuse qui permet aux visiteurs de profiter toute l&#8217;ann\u00e9e [&hellip;]","og_url":"https:\/\/nyala.info\/fr\/climat-de-sanremo\/","og_site_name":"Nyala Suite Hotel","article_modified_time":"2016-10-04T16:32:23+00:00","og_image":[{"width":992,"height":661,"url":"https:\/\/nyala.info\/wp-content\/uploads\/2015\/04\/sanremoimperatrice.jpg","type":"image\/jpeg"}],"twitter_card":"summary_large_image","twitter_misc":{"Est. reading time":"3 minutes"},"schema":{"@context":"https:\/\/schema.org","@graph":[{"@type":"WebPage","@id":"https:\/\/nyala.info\/fr\/climat-de-sanremo\/","url":"https:\/\/nyala.info\/fr\/climat-de-sanremo\/","name":"Climat de Sanremo | Nyala Suite Hotel Hotel 4 \u00e9toiles \u00e0 San Remo","isPartOf":{"@id":"https:\/\/nyala.info\/fr\/#website"},"primaryImageOfPage":{"@id":"https:\/\/nyala.info\/fr\/climat-de-sanremo\/#primaryimage"},"image":{"@id":"https:\/\/nyala.info\/fr\/climat-de-sanremo\/#primaryimage"},"thumbnailUrl":"https:\/\/nyala.info\/wp-content\/uploads\/2015\/04\/sanremoimperatrice.jpg","datePublished":"2016-10-02T11:40:00+00:00","dateModified":"2016-10-04T16:32:23+00:00","breadcrumb":{"@id":"https:\/\/nyala.info\/fr\/climat-de-sanremo\/#breadcrumb"},"inLanguage":"fr-FR","potentialAction":[{"@type":"ReadAction","target":["https:\/\/nyala.info\/fr\/climat-de-sanremo\/"]}]},{"@type":"ImageObject","inLanguage":"fr-FR","@id":"https:\/\/nyala.info\/fr\/climat-de-sanremo\/#primaryimage","url":"https:\/\/nyala.info\/wp-content\/uploads\/2015\/04\/sanremoimperatrice.jpg","contentUrl":"https:\/\/nyala.info\/wp-content\/uploads\/2015\/04\/sanremoimperatrice.jpg","width":992,"height":661,"caption":"Vacanza a Sanremo, clima sanremo, klima und wetter in sanremo"},{"@type":"BreadcrumbList","@id":"https:\/\/nyala.info\/fr\/climat-de-sanremo\/#breadcrumb","itemListElement":[{"@type":"ListItem","position":1,"name":"Home","item":"https:\/\/nyala.info\/fr\/"},{"@type":"ListItem","position":2,"name":"Climat de Sanremo"}]},{"@type":"WebSite","@id":"https:\/\/nyala.info\/fr\/#website","url":"https:\/\/nyala.info\/fr\/","name":"Nyala Suite Hotel","description":"Hotel 4 \u00e9toiles \u00e0 San Remo","potentialAction":[{"@type":"SearchAction","target":{"@type":"EntryPoint","urlTemplate":"https:\/\/nyala.info\/fr\/?s={search_term_string}"},"query-input":{"@type":"PropertyValueSpecification","valueRequired":true,"valueName":"search_term_string"}}],"inLanguage":"fr-FR"}]}},"_links":{"self":[{"href":"https:\/\/nyala.info\/fr\/wp-json\/wp\/v2\/pages\/1906"}],"collection":[{"href":"https:\/\/nyala.info\/fr\/wp-json\/wp\/v2\/pages"}],"about":[{"href":"https:\/\/nyala.info\/fr\/wp-json\/wp\/v2\/types\/page"}],"author":[{"embeddable":true,"href":"https:\/\/nyala.info\/fr\/wp-json\/wp\/v2\/users\/3"}],"replies":[{"embeddable":true,"href":"https:\/\/nyala.info\/fr\/wp-json\/wp\/v2\/comments?post=1906"}],"version-history":[{"count":4,"href":"https:\/\/nyala.info\/fr\/wp-json\/wp\/v2\/pages\/1906\/revisions"}],"predecessor-version":[{"id":1952,"href":"https:\/\/nyala.info\/fr\/wp-json\/wp\/v2\/pages\/1906\/revisions\/1952"}],"wp:featuredmedia":[{"embeddable":true,"href":"https:\/\/nyala.info\/fr\/wp-json\/wp\/v2\/media\/1095"}],"wp:attachment":[{"href":"https:\/\/nyala.info\/fr\/wp-json\/wp\/v2\/media?parent=1906"}],"curies":[{"name":"wp","href":"https:\/\/api.w.org\/{rel}","templated":true}]}}