{"id":1886,"date":"2016-10-02T13:07:33","date_gmt":"2016-10-02T11:07:33","guid":{"rendered":"http:\/\/www.nyalahotel.biz\/fr\/?page_id=1886"},"modified":"2017-10-03T19:08:07","modified_gmt":"2017-10-03T17:08:07","slug":"anniversaire-sanremo","status":"publish","type":"page","link":"https:\/\/nyala.info\/fr\/offres-speciales-pour-vos-vacances\/vacances-couples\/anniversaire-sanremo\/","title":{"rendered":"Anniversaire Sanremo"},"content":{"rendered":"<h2 style=\"text-align: center;\">Offre pour anniversaire a Sanremo<\/h2>\n<p style=\"text-align: center;\">En choisissant la Ligurie, vous pourrez f\u00eater votre anniversaire de mariage \u00e0 Sanremo, dans notre h\u00f4tel, gr\u00e2ce \u00e0 notre offre sp\u00e9ciale.<\/p>\n<p style=\"text-align: center;\">Existe-t&#8217;il un choix plus romantique que de passer des moments magiques dans la Riviera, l\u00e0 o\u00f9 les Alpes se jettent dans la M\u00e9diterran\u00e9e ?<\/p>\n<ul class=\"tabs\">\n<li class=\"tab-link current\" data-tab=\"tab-1\">L&#8217;offre comprend<\/li>\n<li class=\"tab-link\" data-tab=\"tab-2\">Conditions de reservation<\/li>\n<\/ul>\n<p>&nbsp;<\/p>\n<div id=\"tab-1\" class=\"tab-content current\">\n<p>L&#8217;offre comprend:<\/p>\n<ul>\n<li>Un <b>d\u00eener romantique<\/b> dans un c\u00e9l\u00e8bre restaurant de la ville en fonction du menu d\u00e9gustation propos\u00e9 par le chef.<\/li>\n<li>Un <b>d\u00eener aux chandelles<\/b> dans notre restaurant l&#8217;Asmara en fonction du menu du jour.<\/li>\n<li>Un <b>upgrade gratuite en suite junior<\/b> avec une magnifique vue sur la mer et un jacuzzi.<\/li>\n<li>Un cadeau de bienvenue exclusif: \u00e0 votre arriv\u00e9e, une bouteille de p\u00e9tillant et un bouquet compos\u00e9s des plus belles fleurs de Sanremo vous attendront dans votre chambre.<\/li>\n<li>Le parking priv\u00e9 en fonction des disponiblit\u00e9.<\/li>\n<li>Un bon \u00e0 transformer en fiches pour tenter votre chance au Casino de Sanremo.<\/li>\n<\/ul>\n<p style=\"text-align: center;\"><a class=\"maxbutton-3 maxbutton maxbutton-reserver\" target=\"_blank\" rel=\"noopener\" href=\"http:\/\/www.nyalahotel.com\/fr\/reserver\/\"><span class='mb-text'>Reserver<\/span><\/a><\/p>\n<\/div>\n<div id=\"tab-2\" class=\"tab-content\">\n<p><strong> Conditions de reservations<\/strong><\/p>\n<p>Dur\u00e9e minimale du s\u00e9jour: 3 nuits.<br \/>\nDur\u00e9e maximale du s\u00e9jour: indiff\u00e9rent.<br \/>\nCette offre est disponible uniquement pour les r\u00e9servations en ligne et pour un nombre de places limit\u00e9.<br \/>\nL&#8217;offre est valable toute l&#8217;ann\u00e9e sauf en p\u00e9riode de grande affluence.<br \/>\nToutes les r\u00e9ductions propos\u00e9es sont calcul\u00e9es automatiquement par notre logiciel de r\u00e9servation.<br \/>\nL&#8217;offre peut subir quelques modifications au cours de l&#8217;ann\u00e9e et ce sans pr\u00e9avis.<br \/>\nEn cas de r\u00e9clamation, les tarifs propos\u00e9s par notre logiciel de r\u00e9servation feront foi.<br \/>\nCaution: 25% (min. 1 nuit).<br \/>\nAnnulation gratuite jusqu&#8217;\u00e0 7 jours avant votre arriv\u00e9e.<br \/>\nP\u00e9nalit\u00e9 en cas d&#8217;annulation tardive, de non-pr\u00e9sentation ou de d\u00e9part anticip\u00e9: 100%.<\/p>\n<\/div>\n<p><!-- container --><br \/>\n<script type=\"text\/javascript\">\n\tjQuery(document).ready(function(){\t\n\tjQuery('ul.tabs li').click(function(){\n\t\tvar tab_id = jQuery(this).attr('data-tab');\n\t\tjQuery('ul.tabs li').removeClass('current');\n\t\tjQuery('.tab-content').removeClass('current');\n\t\tjQuery(this).addClass('current');\n\t\tjQuery(\"#\"+tab_id).addClass('current');\n\t})\n})\n<\/script><\/p>\n","protected":false},"excerpt":{"rendered":"<p>Offre pour anniversaire a Sanremo En choisissant la Ligurie, vous pourrez f\u00eater votre anniversaire de mariage \u00e0 Sanremo, dans notre h\u00f4tel, gr\u00e2ce \u00e0 notre offre sp\u00e9ciale. Existe-t&#8217;il un choix plus romantique que de passer des moments magiques dans la Riviera, l\u00e0 o\u00f9 les Alpes se jettent dans la M\u00e9diterran\u00e9e ? L&#8217;offre comprend Conditions de reservation [&hellip;]<\/p>\n","protected":false},"author":3,"featured_media":1165,"parent":4772,"menu_order":23,"comment_status":"open","ping_status":"open","template":"","meta":{"_acf_changed":false,"footnotes":""},"class_list":["post-1886","page","type-page","status-publish","has-post-thumbnail","hentry"],"acf":[],"yoast_head":"<!-- This site is optimized with the Yoast SEO plugin v25.6 - https:\/\/yoast.com\/wordpress\/plugins\/seo\/ -->\n<title>Anniversaire Sanremo | Nyala Suite Hotel Hotel 4 \u00e9toiles \u00e0 San Remo<\/title>\n<meta name=\"robots\" content=\"noindex, follow, max-snippet:-1, max-image-preview:large, max-video-preview:-1\" \/>\n<meta property=\"og:locale\" content=\"fr_FR\" \/>\n<meta property=\"og:type\" content=\"article\" \/>\n<meta property=\"og:title\" content=\"Anniversaire Sanremo | Nyala Suite Hotel Hotel 4 \u00e9toiles \u00e0 San Remo\" \/>\n<meta property=\"og:description\" content=\"Offre pour anniversaire a Sanremo En choisissant la Ligurie, vous pourrez f\u00eater votre anniversaire de mariage \u00e0 Sanremo, dans notre h\u00f4tel, gr\u00e2ce \u00e0 notre offre sp\u00e9ciale. Existe-t&#8217;il un choix plus romantique que de passer des moments magiques dans la Riviera, l\u00e0 o\u00f9 les Alpes se jettent dans la M\u00e9diterran\u00e9e ? L&#8217;offre comprend Conditions de reservation [&hellip;]\" \/>\n<meta property=\"og:url\" content=\"https:\/\/nyala.info\/fr\/offres-speciales-pour-vos-vacances\/vacances-couples\/anniversaire-sanremo\/\" \/>\n<meta property=\"og:site_name\" content=\"Nyala Suite Hotel\" \/>\n<meta property=\"article:modified_time\" content=\"2017-10-03T17:08:07+00:00\" \/>\n<meta property=\"og:image\" content=\"https:\/\/nyala.info\/wp-content\/uploads\/2015\/04\/cenalumedicandela.jpg\" \/>\n\t<meta property=\"og:image:width\" content=\"875\" \/>\n\t<meta property=\"og:image:height\" content=\"583\" \/>\n\t<meta property=\"og:image:type\" content=\"image\/jpeg\" \/>\n<meta name=\"twitter:card\" content=\"summary_large_image\" \/>\n<meta name=\"twitter:label1\" content=\"Est. reading time\" \/>\n\t<meta name=\"twitter:data1\" content=\"1 minute\" \/>\n<script type=\"application\/ld+json\" class=\"yoast-schema-graph\">{\"@context\":\"https:\/\/schema.org\",\"@graph\":[{\"@type\":\"WebPage\",\"@id\":\"https:\/\/nyala.info\/fr\/offres-speciales-pour-vos-vacances\/vacances-couples\/anniversaire-sanremo\/\",\"url\":\"https:\/\/nyala.info\/fr\/offres-speciales-pour-vos-vacances\/vacances-couples\/anniversaire-sanremo\/\",\"name\":\"Anniversaire Sanremo | Nyala Suite Hotel Hotel 4 \u00e9toiles \u00e0 San Remo\",\"isPartOf\":{\"@id\":\"https:\/\/nyala.info\/fr\/#website\"},\"primaryImageOfPage\":{\"@id\":\"https:\/\/nyala.info\/fr\/offres-speciales-pour-vos-vacances\/vacances-couples\/anniversaire-sanremo\/#primaryimage\"},\"image\":{\"@id\":\"https:\/\/nyala.info\/fr\/offres-speciales-pour-vos-vacances\/vacances-couples\/anniversaire-sanremo\/#primaryimage\"},\"thumbnailUrl\":\"https:\/\/nyala.info\/wp-content\/uploads\/2015\/04\/cenalumedicandela.jpg\",\"datePublished\":\"2016-10-02T11:07:33+00:00\",\"dateModified\":\"2017-10-03T17:08:07+00:00\",\"breadcrumb\":{\"@id\":\"https:\/\/nyala.info\/fr\/offres-speciales-pour-vos-vacances\/vacances-couples\/anniversaire-sanremo\/#breadcrumb\"},\"inLanguage\":\"fr-FR\",\"potentialAction\":[{\"@type\":\"ReadAction\",\"target\":[\"https:\/\/nyala.info\/fr\/offres-speciales-pour-vos-vacances\/vacances-couples\/anniversaire-sanremo\/\"]}]},{\"@type\":\"ImageObject\",\"inLanguage\":\"fr-FR\",\"@id\":\"https:\/\/nyala.info\/fr\/offres-speciales-pour-vos-vacances\/vacances-couples\/anniversaire-sanremo\/#primaryimage\",\"url\":\"https:\/\/nyala.info\/wp-content\/uploads\/2015\/04\/cenalumedicandela.jpg\",\"contentUrl\":\"https:\/\/nyala.info\/wp-content\/uploads\/2015\/04\/cenalumedicandela.jpg\",\"width\":875,\"height\":583,\"caption\":\"cena a lume di candela\"},{\"@type\":\"BreadcrumbList\",\"@id\":\"https:\/\/nyala.info\/fr\/offres-speciales-pour-vos-vacances\/vacances-couples\/anniversaire-sanremo\/#breadcrumb\",\"itemListElement\":[{\"@type\":\"ListItem\",\"position\":1,\"name\":\"Home\",\"item\":\"https:\/\/nyala.info\/fr\/\"},{\"@type\":\"ListItem\",\"position\":2,\"name\":\"Offres sp\u00e9ciales pour vos vacances\",\"item\":\"https:\/\/nyala.info\/fr\/offres-speciales-pour-vos-vacances\/\"},{\"@type\":\"ListItem\",\"position\":3,\"name\":\"Vacances pour couples\",\"item\":\"https:\/\/nyala.info\/fr\/offres-speciales-pour-vos-vacances\/vacances-couples\/\"},{\"@type\":\"ListItem\",\"position\":4,\"name\":\"Anniversaire Sanremo\"}]},{\"@type\":\"WebSite\",\"@id\":\"https:\/\/nyala.info\/fr\/#website\",\"url\":\"https:\/\/nyala.info\/fr\/\",\"name\":\"Nyala Suite Hotel\",\"description\":\"Hotel 4 \u00e9toiles \u00e0 San Remo\",\"potentialAction\":[{\"@type\":\"SearchAction\",\"target\":{\"@type\":\"EntryPoint\",\"urlTemplate\":\"https:\/\/nyala.info\/fr\/?s={search_term_string}\"},\"query-input\":{\"@type\":\"PropertyValueSpecification\",\"valueRequired\":true,\"valueName\":\"search_term_string\"}}],\"inLanguage\":\"fr-FR\"}]}<\/script>\n<!-- \/ Yoast SEO plugin. -->","yoast_head_json":{"title":"Anniversaire Sanremo | Nyala Suite Hotel Hotel 4 \u00e9toiles \u00e0 San Remo","robots":{"index":"noindex","follow":"follow","max-snippet":"max-snippet:-1","max-image-preview":"max-image-preview:large","max-video-preview":"max-video-preview:-1"},"og_locale":"fr_FR","og_type":"article","og_title":"Anniversaire Sanremo | Nyala Suite Hotel Hotel 4 \u00e9toiles \u00e0 San Remo","og_description":"Offre pour anniversaire a Sanremo En choisissant la Ligurie, vous pourrez f\u00eater votre anniversaire de mariage \u00e0 Sanremo, dans notre h\u00f4tel, gr\u00e2ce \u00e0 notre offre sp\u00e9ciale. Existe-t&#8217;il un choix plus romantique que de passer des moments magiques dans la Riviera, l\u00e0 o\u00f9 les Alpes se jettent dans la M\u00e9diterran\u00e9e ? L&#8217;offre comprend Conditions de reservation [&hellip;]","og_url":"https:\/\/nyala.info\/fr\/offres-speciales-pour-vos-vacances\/vacances-couples\/anniversaire-sanremo\/","og_site_name":"Nyala Suite Hotel","article_modified_time":"2017-10-03T17:08:07+00:00","og_image":[{"width":875,"height":583,"url":"https:\/\/nyala.info\/wp-content\/uploads\/2015\/04\/cenalumedicandela.jpg","type":"image\/jpeg"}],"twitter_card":"summary_large_image","twitter_misc":{"Est. reading time":"1 minute"},"schema":{"@context":"https:\/\/schema.org","@graph":[{"@type":"WebPage","@id":"https:\/\/nyala.info\/fr\/offres-speciales-pour-vos-vacances\/vacances-couples\/anniversaire-sanremo\/","url":"https:\/\/nyala.info\/fr\/offres-speciales-pour-vos-vacances\/vacances-couples\/anniversaire-sanremo\/","name":"Anniversaire Sanremo | Nyala Suite Hotel Hotel 4 \u00e9toiles \u00e0 San Remo","isPartOf":{"@id":"https:\/\/nyala.info\/fr\/#website"},"primaryImageOfPage":{"@id":"https:\/\/nyala.info\/fr\/offres-speciales-pour-vos-vacances\/vacances-couples\/anniversaire-sanremo\/#primaryimage"},"image":{"@id":"https:\/\/nyala.info\/fr\/offres-speciales-pour-vos-vacances\/vacances-couples\/anniversaire-sanremo\/#primaryimage"},"thumbnailUrl":"https:\/\/nyala.info\/wp-content\/uploads\/2015\/04\/cenalumedicandela.jpg","datePublished":"2016-10-02T11:07:33+00:00","dateModified":"2017-10-03T17:08:07+00:00","breadcrumb":{"@id":"https:\/\/nyala.info\/fr\/offres-speciales-pour-vos-vacances\/vacances-couples\/anniversaire-sanremo\/#breadcrumb"},"inLanguage":"fr-FR","potentialAction":[{"@type":"ReadAction","target":["https:\/\/nyala.info\/fr\/offres-speciales-pour-vos-vacances\/vacances-couples\/anniversaire-sanremo\/"]}]},{"@type":"ImageObject","inLanguage":"fr-FR","@id":"https:\/\/nyala.info\/fr\/offres-speciales-pour-vos-vacances\/vacances-couples\/anniversaire-sanremo\/#primaryimage","url":"https:\/\/nyala.info\/wp-content\/uploads\/2015\/04\/cenalumedicandela.jpg","contentUrl":"https:\/\/nyala.info\/wp-content\/uploads\/2015\/04\/cenalumedicandela.jpg","width":875,"height":583,"caption":"cena a lume di candela"},{"@type":"BreadcrumbList","@id":"https:\/\/nyala.info\/fr\/offres-speciales-pour-vos-vacances\/vacances-couples\/anniversaire-sanremo\/#breadcrumb","itemListElement":[{"@type":"ListItem","position":1,"name":"Home","item":"https:\/\/nyala.info\/fr\/"},{"@type":"ListItem","position":2,"name":"Offres sp\u00e9ciales pour vos vacances","item":"https:\/\/nyala.info\/fr\/offres-speciales-pour-vos-vacances\/"},{"@type":"ListItem","position":3,"name":"Vacances pour couples","item":"https:\/\/nyala.info\/fr\/offres-speciales-pour-vos-vacances\/vacances-couples\/"},{"@type":"ListItem","position":4,"name":"Anniversaire Sanremo"}]},{"@type":"WebSite","@id":"https:\/\/nyala.info\/fr\/#website","url":"https:\/\/nyala.info\/fr\/","name":"Nyala Suite Hotel","description":"Hotel 4 \u00e9toiles \u00e0 San Remo","potentialAction":[{"@type":"SearchAction","target":{"@type":"EntryPoint","urlTemplate":"https:\/\/nyala.info\/fr\/?s={search_term_string}"},"query-input":{"@type":"PropertyValueSpecification","valueRequired":true,"valueName":"search_term_string"}}],"inLanguage":"fr-FR"}]}},"_links":{"self":[{"href":"https:\/\/nyala.info\/fr\/wp-json\/wp\/v2\/pages\/1886"}],"collection":[{"href":"https:\/\/nyala.info\/fr\/wp-json\/wp\/v2\/pages"}],"about":[{"href":"https:\/\/nyala.info\/fr\/wp-json\/wp\/v2\/types\/page"}],"author":[{"embeddable":true,"href":"https:\/\/nyala.info\/fr\/wp-json\/wp\/v2\/users\/3"}],"replies":[{"embeddable":true,"href":"https:\/\/nyala.info\/fr\/wp-json\/wp\/v2\/comments?post=1886"}],"version-history":[{"count":13,"href":"https:\/\/nyala.info\/fr\/wp-json\/wp\/v2\/pages\/1886\/revisions"}],"predecessor-version":[{"id":6231,"href":"https:\/\/nyala.info\/fr\/wp-json\/wp\/v2\/pages\/1886\/revisions\/6231"}],"up":[{"embeddable":true,"href":"https:\/\/nyala.info\/fr\/wp-json\/wp\/v2\/pages\/4772"}],"wp:featuredmedia":[{"embeddable":true,"href":"https:\/\/nyala.info\/fr\/wp-json\/wp\/v2\/media\/1165"}],"wp:attachment":[{"href":"https:\/\/nyala.info\/fr\/wp-json\/wp\/v2\/media?parent=1886"}],"curies":[{"name":"wp","href":"https:\/\/api.w.org\/{rel}","templated":true}]}}